{"id":153,"date":"2021-09-02T15:31:20","date_gmt":"2021-09-02T20:31:20","guid":{"rendered":"http:\/\/forvalour.ca\/?page_id=153"},"modified":"2021-11-24T18:29:33","modified_gmt":"2021-11-25T00:29:33","slug":"generique","status":"publish","type":"page","link":"https:\/\/forvalour.ca\/fr\/generique\/","title":{"rendered":"G\u00e9n\u00e9rique"},"content":{"rendered":"\n<div id=\"credit-page\" class=\"wp-block-group\"><div class=\"wp-block-group__inner-container is-layout-flow wp-block-group-is-layout-flow\">\n<h3 class=\"wp-block-heading\">Site Web<\/h3>\n\n\n\n<p>Pattern Interactive<br>712-70, rue Arthur<br>Winnipeg (Manitoba) R3B 1G7<br>204-414-0530<\/p>\n\n\n\n<p><strong>Chef de production<\/strong>&nbsp;&#8211; John Jameson<br><strong>Producteur<\/strong>&nbsp;&#8211; Dan Choy<br><strong>Direction artistique<\/strong>&nbsp;&#8211; Oliver Oike<br><strong>Webmestre<\/strong>&nbsp;&#8211; Jeremy Choy<br><strong>Assemblage Web<\/strong>&nbsp;&#8211; Ryan Burgess, Aaron Hildebrandt, Ryan Hill, Curtis Wachs<br><strong>R\u00e9daction<\/strong>&nbsp;&#8211; Ben MacPhee-Sigurdson<br><strong>Photographie<\/strong>&nbsp;&#8211; Jeremy Choy, Ryan Burgess, J Jameson<br><strong>Illustrations<\/strong>&nbsp;&#8211; Meghan Athavale<\/p>\n\n\n\n<p><strong>Le Mus\u00e9e du patrimoine de la Force a\u00e9rienne et le parc a\u00e9rien<\/strong>&nbsp;remercient chaleureusement le minist\u00e8re du Patrimoine canadien de l&rsquo;investissement financier qu&rsquo;il a consenti dans la cr\u00e9ation de cette pr\u00e9sentation en direct pour le Mus\u00e9e virtuel du Canada.<\/p>\n\n\n\n<p>Pattern remercie sinc\u00e8rement le Major Brendan Bond, le Sgt Patricia McNorgan, le Sous-lieutenant Ken Jacobsen, le Sous-lieutenant Nabil Omri, Richard Smith, Dave Birrell, Stephen Quick, Don McNeil, Ernie Cable, Shawn Lamb Archives, Nelson, BC, James Lawrence, Dave et Chris Elias, Ruth Heggtveit et l&rsquo;\u00e9cole Governor Semple pour leur soutien et leurs conseils d&rsquo;expert pendant la r\u00e9alisation du projet.<\/p>\n\n\n\n<p>Anciens combattants : Jim McCombe, Frank Rowan, Dusty Titheridge, John Enns, Marvin Seale, Don Deacon et Alen Hansen<\/p>\n\n\n\n<p>Histoire et patrimoine de l\u2019Aviation royale canadienne<br>1<sup>re<\/sup>&nbsp;Division a\u00e9rienne du Canada\/R\u00e9gion canadienne de NORAD<br>D\u00e9fense nationale<br>CP 17000, succ. Forces<br>Winnipeg, Canada R3J 3Y5<\/p>\n\n\n\n<div id=\"credits-table\" class=\"wp-block-group\"><div class=\"wp-block-group__inner-container is-layout-flow wp-block-group-is-layout-flow\">\n<h4 class=\"wp-block-heading\">Mynarski &#8211; Bonne nuit, M. Brophy<\/h4>\n\n\n\n<hr class=\"wp-block-separator\"\/>\n\n\n\n<figure class=\"wp-block-table\"><table><tbody><tr><td>Artiste<\/td><td>Nicholas Burns<\/td><\/tr><tr><td>Concepteur, enregistreur et m\u00e9langeur de son<\/td><td>Scott Enns<\/td><\/tr><tr><td>Superviseur de son<\/td><td>Scott Enns<\/td><\/tr><tr><td>Sc\u00e9nariste<\/td><td>Ryan FitzGerald<\/td><\/tr><\/tbody><\/table><\/figure>\n\n\n\n<h4 class=\"wp-block-heading\">Barker &#8211; Un h\u00e9ros modeste<\/h4>\n\n\n\n<hr class=\"wp-block-separator\"\/>\n\n\n\n<p>Cet \u00e9pisode a \u00e9t\u00e9 produit enti\u00e8rement par des \u00e9tudiants du&nbsp;Assiniboine Community College Web Design Program (2008-2009)<\/p>\n\n\n\n<figure class=\"wp-block-table\"><table><tbody><tr><td>Artiste et r\u00e9alisateur<\/td><td>Curt Shoultz<\/td><\/tr><tr><td>Producteur<\/td><td>Derek Ford<\/td><\/tr><tr><td>Mod\u00e9liseur 3D en chef<\/td><td>Stacey Rose<\/td><\/tr><tr><td>Unit\u00e9 de mod\u00e9lisation 3D<\/td><td>Katelyne Boille<br>Andrea McDougald<br>Stanley Leung<\/td><\/tr><tr><td>Unit\u00e9 de texturation<\/td><td>Cassy Little<br>Stacey Rose<br>Katelyne Boille<\/td><\/tr><tr><td>Technicien d&rsquo;animatique en chef<\/td><td>Stan Leung<\/td><\/tr><tr><td>Unit\u00e9 de composition d&rsquo;images et d&rsquo;animation<\/td><td>Katelyne Boille<br>Rhett Borton<br>Mindy Brown<br>Christian Bull<br>Tyler Cameron<br>Stanley Leung<br>Cassy Little<br>Kaila MacDonald<br>Tyler Magee<br>Andrea McDougald<br>Kulani Nkuna<br>Keith Otto<br>Stacey Rose<br>Cali Saban<br>Robert Tardiff<br>Stacy Yeomans<\/td><\/tr><tr><td>Conceptrice de couleurs en chef<\/td><td>Mindy Brown<\/td><\/tr><tr><td>Aquarelle<\/td><td>Kaila MacDonald<br>Katelyne Boille<br>Christian Bull<\/td><\/tr><tr><td>Directrice des corrections num\u00e9riques<\/td><td>Tyler Magee<\/td><\/tr><tr><td>Unit\u00e9 de corrections num\u00e9riques<\/td><td>Tyler Cameron<br>Kaila MacDonald<br>Andrea McDougald<br>Stacy Yeomans<br>Mindy Brown<\/td><\/tr><tr><td>Assistance \u00e0 l&rsquo;encrage<\/td><td>Samantha Routhier<br>Jeff Joye<br>Brady Penner<\/td><\/tr><tr><td>Recherche<\/td><td>Stacy Yeomans<br>Kaila MacDonald<br>Tyler Magee<br>Katelyne Boille<br>Mindy Brown<\/td><\/tr><tr><td>Photographe<\/td><td>Greg Sherris<\/td><\/tr><tr><td>Concepteur, enregistreur et m\u00e9langeur de son<\/td><td>Scott Enns<\/td><\/tr><tr><td>Superviseur de son<\/td><td>Scott Enns<\/td><\/tr><tr><td>Sc\u00e9nariste<\/td><td>Ryan Fitzgerald<\/td><\/tr><tr><td>Remerciements sp\u00e9ciaux \u00e0<\/td><td>Health &amp; Human Services<br>Damon Roth<br>Dan Choy<br>John Jameson<\/td><\/tr><\/tbody><\/table><\/figure>\n\n\n\n<h4 class=\"wp-block-heading\">Bishop &#8211; L&rsquo;\u00e9pervier solitaire<\/h4>\n\n\n\n<hr class=\"wp-block-separator\"\/>\n\n\n\n<figure class=\"wp-block-table\"><table><tbody><tr><td>Artiste<\/td><td>Scott Henderson<\/td><\/tr><tr><td>Concepteur, enregistreur et m\u00e9langeur de son<\/td><td>Scott Enns<\/td><\/tr><tr><td>Superviseur de son<\/td><td>Scott Enns<\/td><\/tr><tr><td>Sc\u00e9nariste<\/td><td>Timo Puolitaipale<\/td><\/tr><\/tbody><\/table><\/figure>\n\n\n\n<h4 class=\"wp-block-heading\">Bazalgette &#8211; Il n&rsquo;y a pas de plus grand amour&#8230;<\/h4>\n\n\n\n<hr class=\"wp-block-separator\"\/>\n\n\n\n<figure class=\"wp-block-table\"><table><tbody><tr><td>R\u00e9alisateur et artiste<\/td><td>Curt Shoultz<\/td><\/tr><tr><td>Animateur<\/td><td>Derek Ford<\/td><\/tr><tr><td>Concepteur, enregistreur et m\u00e9langeur de son<\/td><td>Scott Enns<\/td><\/tr><tr><td>Superviseur de son<\/td><td>Scott Enns<\/td><\/tr><tr><td>Assistance \u00e0 la production<\/td><td>Nikki Gislason<br>Inukshuk Tagalik<\/td><\/tr><tr><td>Sc\u00e9nariste<\/td><td>Ryan Fitzgerald<\/td><\/tr><\/tbody><\/table><\/figure>\n\n\n\n<p>Nous adressons nos remerciements et notre reconnaissance \u00e0 l&rsquo;\u00e9quipe du Coll\u00e8ge communautaire Assiniboine pour son soutien.<br>Inspiration visuelle provenant de&nbsp;Virtual Lancaster,&nbsp;The Lancaster Museum,&nbsp;Nanton Lancaster Museum&#8230; et de nombreux vid\u00e9oclips sur YouTube&#8230;<br>Merci \u00e0 Dan Choy et John Jameson pour leurs conseils et leur encouragement.<\/p>\n\n\n\n<h4 class=\"wp-block-heading\">Gray &#8211; Hammy<\/h4>\n\n\n\n<hr class=\"wp-block-separator\"\/>\n\n\n\n<figure class=\"wp-block-table\"><table><tbody><tr><td>R\u00e9alisateur et artiste<\/td><td>Scott Henderson<\/td><\/tr><tr><td>Animateur et concepteur de mouvement<\/td><td>Aaron Scott Hildebrandt<\/td><\/tr><tr><td>Concepteur, enregistreur et m\u00e9langeur de son<\/td><td>Scott Enns<\/td><\/tr><tr><td>Superviseur de son<\/td><td>Scott Enns<\/td><\/tr><tr><td>Sc\u00e9nariste<\/td><td>Timo Puolitaipale<\/td><\/tr><\/tbody><\/table><\/figure>\n\n\n\n<h4 class=\"wp-block-heading\">Hornell &#8211; \u00c9preuve du feu, \u00e9preuve de l&rsquo;eau<\/h4>\n\n\n\n<hr class=\"wp-block-separator\"\/>\n\n\n\n<p>R\u00e9alis\u00e9 par&nbsp;Complex Games Inc.<\/p>\n\n\n\n<figure class=\"wp-block-table\"><table><tbody><tr><td>Artiste, concepteur, \u00e9talonneur, effets<\/td><td>Jonas Van Niekerk<\/td><\/tr><tr><td>Producteur<\/td><td>Noah Decter-Jackson<\/td><\/tr><tr><td>Concepteur, enregistreur et m\u00e9langeur de son<\/td><td>Scott Enns<\/td><\/tr><tr><td>Superviseur de son<\/td><td>Scott Enns<\/td><\/tr><tr><td>Sc\u00e9nariste<\/td><td>Ryan Fitzgerald<\/td><\/tr><\/tbody><\/table><\/figure>\n\n\n\n<h4 class=\"wp-block-heading\">McLeod &#8211; Un gar\u00e7on intr\u00e9pide<\/h4>\n\n\n\n<hr class=\"wp-block-separator\"\/>\n\n\n\n<p>R\u00e9alis\u00e9 par&nbsp;Complex Games Inc.<\/p>\n\n\n\n<figure class=\"wp-block-table\"><table><tbody><tr><td>Artiste, concepteur, \u00e9talonneur, effets<\/td><td>Jonas Van Niekerk<\/td><\/tr><tr><td>Producteur<\/td><td>Noah Decter-Jackson<\/td><\/tr><tr><td>Concepteur, enregistreur et m\u00e9langeur de son<\/td><td>Scott Enns<\/td><\/tr><tr><td>Superviseur de son<\/td><td>Scott Enns<\/td><\/tr><tr><td>Sc\u00e9nariste<\/td><td>Timo Puolitaipale<\/td><\/tr><\/tbody><\/table><\/figure>\n\n\n\n<h4 class=\"wp-block-heading\">Army News<\/h4>\n\n\n\n<hr class=\"wp-block-separator\"\/>\n\n\n\n<figure class=\"wp-block-table\"><table><tbody><tr><td><a href=\"http:\/\/www.army.gc.ca\">www.army.gc.ca<\/a><\/td><td>Sgt Marco Comisso<\/td><\/tr><\/tbody><\/table><\/figure>\n\n\n\n<h4 class=\"wp-block-heading\">50 Ponts<\/h4>\n\n\n\n<p>Vid\u00e9o fournie gracieusement par<br>MacKinnon and Bowes LTD.<br><a href=\"http:\/\/www.mackinnonbowes.com\">www.mackinnonbowes.com<\/a><\/p>\n\n\n\n<p>\u00ab C&rsquo;est si peu de temps \u00bb<br>Compos\u00e9e et interpr\u00e9t\u00e9e par Terry Kelly<br><a href=\"http:\/\/www.terry-kelly.com\">www.Terry-Kelly.com<\/a><\/p>\n<\/div><\/div>\n<\/div><\/div>\n","protected":false},"excerpt":{"rendered":"<p>Site Web Pattern Interactive712-70, rue ArthurWinnipeg (Manitoba) R3B 1G7204-414-0530 Chef de production&nbsp;&#8211; John JamesonProducteur&nbsp;&#8211; Dan ChoyDirection artistique&nbsp;&#8211; Oliver OikeWebmestre&nbsp;&#8211; Jeremy ChoyAssemblage Web&nbsp;&#8211; Ryan Burgess, Aaron Hildebrandt, Ryan Hill, Curtis WachsR\u00e9daction&nbsp;&#8211; Ben MacPhee-SigurdsonPhotographie&nbsp;&#8211; Jeremy Choy, Ryan Burgess, J JamesonIllustrations&nbsp;&#8211; Meghan Athavale Le Mus\u00e9e du patrimoine de la Force a\u00e9rienne et le parc a\u00e9rien&nbsp;remercient chaleureusement le minist\u00e8re [&hellip;]<\/p>\n","protected":false},"author":1,"featured_media":0,"parent":0,"menu_order":0,"comment_status":"closed","ping_status":"closed","template":"","meta":{"_acf_changed":false,"footnotes":""},"class_list":["post-153","page","type-page","status-publish","hentry"],"acf":[],"yoast_head":"<!-- This site is optimized with the Yoast SEO plugin v27.3 - https:\/\/yoast.com\/product\/yoast-seo-wordpress\/ -->\n<title>G\u00e9n\u00e9rique - Pour Bravoure - aviateurs canadiens et la Croix de Victoria<\/title>\n<meta name=\"robots\" content=\"index, follow, max-snippet:-1, max-image-preview:large, max-video-preview:-1\" \/>\n<link rel=\"canonical\" href=\"https:\/\/forvalour.ca\/fr\/generique\/\" \/>\n<meta property=\"og:locale\" content=\"fr_FR\" \/>\n<meta property=\"og:type\" content=\"article\" \/>\n<meta property=\"og:title\" content=\"G\u00e9n\u00e9rique - Pour Bravoure - aviateurs canadiens et la Croix de Victoria\" \/>\n<meta property=\"og:description\" content=\"Site Web Pattern Interactive712-70, rue ArthurWinnipeg (Manitoba) R3B 1G7204-414-0530 Chef de production&nbsp;&#8211; John JamesonProducteur&nbsp;&#8211; Dan ChoyDirection artistique&nbsp;&#8211; Oliver OikeWebmestre&nbsp;&#8211; Jeremy ChoyAssemblage Web&nbsp;&#8211; Ryan Burgess, Aaron Hildebrandt, Ryan Hill, Curtis WachsR\u00e9daction&nbsp;&#8211; Ben MacPhee-SigurdsonPhotographie&nbsp;&#8211; Jeremy Choy, Ryan Burgess, J JamesonIllustrations&nbsp;&#8211; Meghan Athavale Le Mus\u00e9e du patrimoine de la Force a\u00e9rienne et le parc a\u00e9rien&nbsp;remercient chaleureusement le minist\u00e8re [&hellip;]\" \/>\n<meta property=\"og:url\" content=\"https:\/\/forvalour.ca\/fr\/generique\/\" \/>\n<meta property=\"og:site_name\" content=\"Pour Bravoure - aviateurs canadiens et la Croix de Victoria\" \/>\n<meta property=\"article:modified_time\" content=\"2021-11-25T00:29:33+00:00\" \/>\n<meta name=\"twitter:card\" content=\"summary_large_image\" \/>\n<meta name=\"twitter:label1\" content=\"Dur\u00e9e de lecture estim\u00e9e\" \/>\n\t<meta name=\"twitter:data1\" content=\"3 minutes\" \/>\n<script type=\"application\/ld+json\" class=\"yoast-schema-graph\">{\"@context\":\"https:\\\/\\\/schema.org\",\"@graph\":[{\"@type\":\"WebPage\",\"@id\":\"https:\\\/\\\/forvalour.ca\\\/fr\\\/generique\\\/\",\"url\":\"https:\\\/\\\/forvalour.ca\\\/fr\\\/generique\\\/\",\"name\":\"G\u00e9n\u00e9rique - Pour Bravoure - aviateurs canadiens et la Croix de Victoria\",\"isPartOf\":{\"@id\":\"https:\\\/\\\/forvalour.ca\\\/fr\\\/#website\"},\"datePublished\":\"2021-09-02T20:31:20+00:00\",\"dateModified\":\"2021-11-25T00:29:33+00:00\",\"breadcrumb\":{\"@id\":\"https:\\\/\\\/forvalour.ca\\\/fr\\\/generique\\\/#breadcrumb\"},\"inLanguage\":\"fr-FR\",\"potentialAction\":[{\"@type\":\"ReadAction\",\"target\":[\"https:\\\/\\\/forvalour.ca\\\/fr\\\/generique\\\/\"]}]},{\"@type\":\"BreadcrumbList\",\"@id\":\"https:\\\/\\\/forvalour.ca\\\/fr\\\/generique\\\/#breadcrumb\",\"itemListElement\":[{\"@type\":\"ListItem\",\"position\":1,\"name\":\"Home\",\"item\":\"https:\\\/\\\/forvalour.ca\\\/fr\\\/\"},{\"@type\":\"ListItem\",\"position\":2,\"name\":\"G\u00e9n\u00e9rique\"}]},{\"@type\":\"WebSite\",\"@id\":\"https:\\\/\\\/forvalour.ca\\\/fr\\\/#website\",\"url\":\"https:\\\/\\\/forvalour.ca\\\/fr\\\/\",\"name\":\"For Valour\",\"description\":\"Canadian Airmen and the Victoria Cross\",\"publisher\":{\"@id\":\"https:\\\/\\\/forvalour.ca\\\/fr\\\/#organization\"},\"potentialAction\":[{\"@type\":\"SearchAction\",\"target\":{\"@type\":\"EntryPoint\",\"urlTemplate\":\"https:\\\/\\\/forvalour.ca\\\/fr\\\/?s={search_term_string}\"},\"query-input\":{\"@type\":\"PropertyValueSpecification\",\"valueRequired\":true,\"valueName\":\"search_term_string\"}}],\"inLanguage\":\"fr-FR\"},{\"@type\":\"Organization\",\"@id\":\"https:\\\/\\\/forvalour.ca\\\/fr\\\/#organization\",\"name\":\"For Valour\",\"url\":\"https:\\\/\\\/forvalour.ca\\\/fr\\\/\",\"logo\":{\"@type\":\"ImageObject\",\"inLanguage\":\"fr-FR\",\"@id\":\"https:\\\/\\\/forvalour.ca\\\/fr\\\/#\\\/schema\\\/logo\\\/image\\\/\",\"url\":\"https:\\\/\\\/forvalour.ca\\\/wp-content\\\/uploads\\\/2021\\\/09\\\/cropped-for-valour-medal-new.png\",\"contentUrl\":\"https:\\\/\\\/forvalour.ca\\\/wp-content\\\/uploads\\\/2021\\\/09\\\/cropped-for-valour-medal-new.png\",\"width\":512,\"height\":512,\"caption\":\"For Valour\"},\"image\":{\"@id\":\"https:\\\/\\\/forvalour.ca\\\/fr\\\/#\\\/schema\\\/logo\\\/image\\\/\"},\"sameAs\":[\"https:\\\/\\\/www.youtube.com\\\/channel\\\/UCRYVbXOUahuy0lj2UCo1Cag\"]}]}<\/script>\n<!-- \/ Yoast SEO plugin. -->","yoast_head_json":{"title":"G\u00e9n\u00e9rique - Pour Bravoure - aviateurs canadiens et la Croix de Victoria","robots":{"index":"index","follow":"follow","max-snippet":"max-snippet:-1","max-image-preview":"max-image-preview:large","max-video-preview":"max-video-preview:-1"},"canonical":"https:\/\/forvalour.ca\/fr\/generique\/","og_locale":"fr_FR","og_type":"article","og_title":"G\u00e9n\u00e9rique - Pour Bravoure - aviateurs canadiens et la Croix de Victoria","og_description":"Site Web Pattern Interactive712-70, rue ArthurWinnipeg (Manitoba) R3B 1G7204-414-0530 Chef de production&nbsp;&#8211; John JamesonProducteur&nbsp;&#8211; Dan ChoyDirection artistique&nbsp;&#8211; Oliver OikeWebmestre&nbsp;&#8211; Jeremy ChoyAssemblage Web&nbsp;&#8211; Ryan Burgess, Aaron Hildebrandt, Ryan Hill, Curtis WachsR\u00e9daction&nbsp;&#8211; Ben MacPhee-SigurdsonPhotographie&nbsp;&#8211; Jeremy Choy, Ryan Burgess, J JamesonIllustrations&nbsp;&#8211; Meghan Athavale Le Mus\u00e9e du patrimoine de la Force a\u00e9rienne et le parc a\u00e9rien&nbsp;remercient chaleureusement le minist\u00e8re [&hellip;]","og_url":"https:\/\/forvalour.ca\/fr\/generique\/","og_site_name":"Pour Bravoure - aviateurs canadiens et la Croix de Victoria","article_modified_time":"2021-11-25T00:29:33+00:00","twitter_card":"summary_large_image","twitter_misc":{"Dur\u00e9e de lecture estim\u00e9e":"3 minutes"},"schema":{"@context":"https:\/\/schema.org","@graph":[{"@type":"WebPage","@id":"https:\/\/forvalour.ca\/fr\/generique\/","url":"https:\/\/forvalour.ca\/fr\/generique\/","name":"G\u00e9n\u00e9rique - Pour Bravoure - aviateurs canadiens et la Croix de Victoria","isPartOf":{"@id":"https:\/\/forvalour.ca\/fr\/#website"},"datePublished":"2021-09-02T20:31:20+00:00","dateModified":"2021-11-25T00:29:33+00:00","breadcrumb":{"@id":"https:\/\/forvalour.ca\/fr\/generique\/#breadcrumb"},"inLanguage":"fr-FR","potentialAction":[{"@type":"ReadAction","target":["https:\/\/forvalour.ca\/fr\/generique\/"]}]},{"@type":"BreadcrumbList","@id":"https:\/\/forvalour.ca\/fr\/generique\/#breadcrumb","itemListElement":[{"@type":"ListItem","position":1,"name":"Home","item":"https:\/\/forvalour.ca\/fr\/"},{"@type":"ListItem","position":2,"name":"G\u00e9n\u00e9rique"}]},{"@type":"WebSite","@id":"https:\/\/forvalour.ca\/fr\/#website","url":"https:\/\/forvalour.ca\/fr\/","name":"For Valour","description":"Canadian Airmen and the Victoria Cross","publisher":{"@id":"https:\/\/forvalour.ca\/fr\/#organization"},"potentialAction":[{"@type":"SearchAction","target":{"@type":"EntryPoint","urlTemplate":"https:\/\/forvalour.ca\/fr\/?s={search_term_string}"},"query-input":{"@type":"PropertyValueSpecification","valueRequired":true,"valueName":"search_term_string"}}],"inLanguage":"fr-FR"},{"@type":"Organization","@id":"https:\/\/forvalour.ca\/fr\/#organization","name":"For Valour","url":"https:\/\/forvalour.ca\/fr\/","logo":{"@type":"ImageObject","inLanguage":"fr-FR","@id":"https:\/\/forvalour.ca\/fr\/#\/schema\/logo\/image\/","url":"https:\/\/forvalour.ca\/wp-content\/uploads\/2021\/09\/cropped-for-valour-medal-new.png","contentUrl":"https:\/\/forvalour.ca\/wp-content\/uploads\/2021\/09\/cropped-for-valour-medal-new.png","width":512,"height":512,"caption":"For Valour"},"image":{"@id":"https:\/\/forvalour.ca\/fr\/#\/schema\/logo\/image\/"},"sameAs":["https:\/\/www.youtube.com\/channel\/UCRYVbXOUahuy0lj2UCo1Cag"]}]}},"_links":{"self":[{"href":"https:\/\/forvalour.ca\/fr\/wp-json\/wp\/v2\/pages\/153","targetHints":{"allow":["GET"]}}],"collection":[{"href":"https:\/\/forvalour.ca\/fr\/wp-json\/wp\/v2\/pages"}],"about":[{"href":"https:\/\/forvalour.ca\/fr\/wp-json\/wp\/v2\/types\/page"}],"author":[{"embeddable":true,"href":"https:\/\/forvalour.ca\/fr\/wp-json\/wp\/v2\/users\/1"}],"replies":[{"embeddable":true,"href":"https:\/\/forvalour.ca\/fr\/wp-json\/wp\/v2\/comments?post=153"}],"version-history":[{"count":11,"href":"https:\/\/forvalour.ca\/fr\/wp-json\/wp\/v2\/pages\/153\/revisions"}],"predecessor-version":[{"id":3840,"href":"https:\/\/forvalour.ca\/fr\/wp-json\/wp\/v2\/pages\/153\/revisions\/3840"}],"wp:attachment":[{"href":"https:\/\/forvalour.ca\/fr\/wp-json\/wp\/v2\/media?parent=153"}],"curies":[{"name":"wp","href":"https:\/\/api.w.org\/{rel}","templated":true}]}}