{"id":1655,"date":"2021-09-21T16:59:47","date_gmt":"2021-09-21T21:59:47","guid":{"rendered":"https:\/\/forvalour.ca\/?page_id=1655"},"modified":"2021-09-30T20:39:41","modified_gmt":"2021-10-01T01:39:41","slug":"carte-du-site","status":"publish","type":"page","link":"https:\/\/forvalour.ca\/fr\/carte-du-site\/","title":{"rendered":"Carte du Site"},"content":{"rendered":"\n<ul class=\"wp-block-list\"><li><a href=\"\/fr\/accueil\">Accueil<\/a><\/li><li><a href=\"\/fr\/video-dintroduction\">Script du vid\u00e9o d&rsquo;introduction<\/a><\/li><li><a href=\"\/fr\/la-croix-de-victoria\">La Croix de Victoria<\/a><\/li><li><a href=\"\/fr\/ressources-pedagogiques\">Ressources p\u00e9dagogiques<\/a><ul><li><a href=\"\/fr\/ai-bishop\">Affiche de Bishop<\/a><\/li><li><a href=\"\/fr\/ai-mynarski\">Affiche de Mynarski<\/a><\/li><li><a href=\"\/fr\/schrage-musik\">Schr\u00e4ge Musik<\/a><\/li><li><a href=\"\/fr\/medailles-militaires\">M\u00e9dailles et d\u00e9corations militaires<\/a><ul><li><a href=\"\/fr\/medaille-de-george\">M\u00e9daille de George<\/a><\/li><li><a href=\"\/fr\/croix-de-george\">Croix de George<\/a><\/li><li><a href=\"\/fr\/medaille-de-laviation\">M\u00e9daille de l&rsquo;Aviation<\/a><\/li><li><a href=\"\/fr\/croix-de-laviation\">Croix de l&rsquo;Aviation<\/a><\/li><li><a href=\"\/fr\/ordre-du-service-distingue\">L&rsquo;Ordre du service distingu\u00e9<\/a><\/li><li><a href=\"\/fr\/medaille-service-distingue\">M\u00e9daille du service distingu\u00e9 dans l&rsquo;Aviation<\/a><\/li><li><a href=\"\/fr\/croix-distingue-aviation\">Croix du service distingu\u00e9 dans l&rsquo;Aviation<\/a><\/li><\/ul><\/li><li><a href=\"\/fr\/oeuvres-dart-militaires\">\u0152uvres d&rsquo;art militaires<\/a><ul><li><a href=\"\/fr\/stained-glass\">Stained Glass Window<\/a><\/li><li><a href=\"\/fr\/lets-roll\">Let&rsquo;s Roll<\/a><\/li><\/ul><\/li><li><a href=\"\/fr\/ressource-generales\">Ressources g\u00e9n\u00e9rales<\/a><\/li><li><a href=\"\/fr\/musees\">Mus\u00e9es<\/a><\/li><\/ul><\/li><li><a href=\"\/fr\/generique\">G\u00e9n\u00e9rique<\/a><\/li><li><a href=\"\/fr\/commentaires\">Commentaires<\/a><\/li><li><a href=\"\/fr\/50-ponts\">50 Ponts<\/a><ul><li><a href=\"\/fr\/50-ponts-script\">Script<\/a><\/li><\/ul><\/li><li><a href=\"\/fr\/mynarski\">Andrew Mynarski<\/a><ul><li><a href=\"\/fr\/mynarski\/script\">Script<\/a><\/li><li><a href=\"\/fr\/mynarski\/vie-de-famille\">Vie de famille<\/a><\/li><li><a href=\"\/fr\/mynarski\/carriere-militaire\">Carri\u00e8re militaire<\/a><\/li><li><a href=\"\/fr\/mynarski\/outils-de-guerre\">Outils de guerre<\/a><\/li><li><a href=\"\/fr\/mynarski\/citation\">Citation<\/a><\/li><li><a href=\"\/fr\/mynarski\/apres-la-guerre\">Apr\u00e8s la guerre<\/a><\/li><li><a href=\"\/fr\/mynarski\/phototheque\">Phototh\u00e8que<\/a><\/li><li><a href=\"\/fr\/mynarski\/reference\">Ouvrages de r\u00e9f\u00e9rence<\/a><\/li><\/ul><\/li><li><a href=\"\/fr\/barker\">William Barker<\/a><ul><li><a href=\"\/fr\/barker\/script\">Script<\/a><\/li><li><a href=\"\/fr\/barker\/vie-de-famille\">Vie de famille<\/a><\/li><li><a href=\"\/fr\/barker\/carriere-militaire\">Carri\u00e8re militaire<\/a><\/li><li><a href=\"\/fr\/barker\/outils-de-guerre\">Outils de guerre<\/a><\/li><li><a href=\"\/fr\/barker\/citation\">Citation<\/a><\/li><li><a href=\"\/fr\/barker\/apres-la-guerre\">Apr\u00e8s la guerre<\/a><\/li><li><a href=\"\/fr\/barker\/phototheque\">Phototh\u00e8que<\/a><\/li><li><a href=\"\/fr\/barker\/reference\">Ouvrages de r\u00e9f\u00e9rence<\/a><\/li><\/ul><\/li><li><a href=\"\/fr\/bishop\">William Bishop<\/a><ul><li><a href=\"\/fr\/bishop\/script\">Script<\/a><\/li><li><a href=\"\/fr\/bishop\/vie-de-famille\">Vie de famille<\/a><\/li><li><a href=\"\/fr\/bishop\/carriere-militaire\">Carri\u00e8re militaire<\/a><\/li><li><a href=\"\/fr\/bishop\/outils-de-guerre\/\">Outils de guerre<\/a><\/li><li><a href=\"\/fr\/bishop\/citation\/\">Citation<\/a><\/li><li><a href=\"\/fr\/bishop\/apres-la-guerre\/\">Apr\u00e8s la guerre<\/a><\/li><li><a href=\"\/fr\/bishop\/phototheque\">Phototh\u00e8que<\/a><\/li><li><a href=\"\/fr\/bishop\/reference\">Ouvrages de r\u00e9f\u00e9rence<\/a><\/li><\/ul><\/li><li><a href=\"\/fr\/bazalgette\">Ian Bazalgette<\/a><ul><li><a href=\"http:\/\/fr\/bazalgette\/script\">Script<\/a><\/li><li><a href=\"\/fr\/bazalgette\/vie-de-famille\">Vie de famille<\/a><\/li><li><a href=\"\/fr\/bazalgette\/carriere-militaire\">Carri\u00e8re militaire<\/a><\/li><li><a href=\"\/fr\/bazalgette\/outils-de-guerre\">Outils de guerre<\/a><\/li><li><a href=\"\/fr\/bazalgette\/citation\">Citation<\/a><\/li><li><a href=\"\/fr\/bazalgette\/apres-la-guerre\">Apr\u00e8s la guerre<\/a><\/li><li><a href=\"\/fr\/bazalgette\/phototheque\">Phototh\u00e8que<\/a><\/li><li><a href=\"\/fr\/bazalgette\/reference\">Ouvrages de r\u00e9f\u00e9rence<\/a><\/li><\/ul><\/li><li><a href=\"\/fr\/gray\">Robert Gray<\/a><ul><li><a href=\"\/fr\/gray\/script\">Script<\/a><\/li><li><a href=\"\/fr\/bishop\/vie-de-famille\">Vie de famille<\/a><\/li><li><a href=\"\/fr\/gray\/carriere-militaire\">Carri\u00e8re militaire<\/a><\/li><li><a href=\"\/fr\/gray\/outils-de-guerre\">Outils de guerre<\/a><\/li><li><a href=\"\/fr\/gray\/citation\">Citation<\/a><\/li><li><a href=\"\/fr\/gray\/apres-la-guerre\">Apr\u00e8s la guerre<\/a><\/li><li><a href=\"\/fr\/gray\/phototheque\">Phototh\u00e8que<\/a><\/li><li><a href=\"\/fr\/gray\/reference\">Ouvrages de r\u00e9f\u00e9rence<\/a><\/li><\/ul><\/li><li><a href=\"\/fr\/hornell\">David Hornell<\/a><ul><li><a href=\"\/fr\/hornell\/script\">Script<\/a><\/li><li><a href=\"\/fr\/hornell\/vie-de-famille\">Vie de famille<\/a><\/li><li><a href=\"\/fr\/hornell\/carriere-militaire\">Carri\u00e8re militaire<\/a><\/li><li><a href=\"\/fr\/hornell\/outils-de-guerre\">Outils de guerre<\/a><\/li><li><a href=\"\/fr\/hornell\/citation\">Citation<\/a><\/li><li><a href=\"\/fr\/hornell\/apres-la-guerre\">Apr\u00e8s la guerre<\/a><\/li><li><a href=\"\/fr\/hornell\/phototheque\">Phototh\u00e8que<\/a><\/li><li><a href=\"\/fr\/hornell\/reference\">Ouvrages de r\u00e9f\u00e9rence<\/a><\/li><\/ul><\/li><li><a href=\"\/fr\/mcleod\">Alan McLeod<\/a><ul><li><a href=\"\/fr\/mcleod\/script\">Script<\/a><\/li><li><a href=\"\/fr\/mcleod\/vie-de-famille\">Vie de famille<\/a><\/li><li><a href=\"\/fr\/mcleod\/carriere-militaire\">Carri\u00e8re militaire<\/a><\/li><li><a href=\"\/fr\/mcleod\/outils-de-guerre\">Outils de guerre<\/a><\/li><li><a href=\"\/fr\/mcleod\/citation\">Citation<\/a><\/li><li><a href=\"\/fr\/mcleod\/apres-la-guerre\">Apr\u00e8s la guerre<\/a><\/li><li><a href=\"\/fr\/mcleod\/phototheque\">Phototh\u00e8que<\/a><\/li><li><a href=\"\/fr\/mcleod\/reference\">Ouvrages de r\u00e9f\u00e9rence<\/a><\/li><\/ul><\/li><\/ul>\n","protected":false},"excerpt":{"rendered":"<p>Accueil Script du vid\u00e9o d&rsquo;introduction La Croix de Victoria Ressources p\u00e9dagogiques Affiche de Bishop Affiche de Mynarski Schr\u00e4ge Musik M\u00e9dailles et d\u00e9corations militaires M\u00e9daille de George Croix de George M\u00e9daille de l&rsquo;Aviation Croix de l&rsquo;Aviation L&rsquo;Ordre du service distingu\u00e9 M\u00e9daille du service distingu\u00e9 dans l&rsquo;Aviation Croix du service distingu\u00e9 dans l&rsquo;Aviation \u0152uvres d&rsquo;art militaires Stained [&hellip;]<\/p>\n","protected":false},"author":1,"featured_media":0,"parent":0,"menu_order":0,"comment_status":"closed","ping_status":"closed","template":"","meta":{"_acf_changed":false,"footnotes":""},"class_list":["post-1655","page","type-page","status-publish","hentry"],"acf":[],"yoast_head":"<!-- This site is optimized with the Yoast SEO plugin v27.3 - https:\/\/yoast.com\/product\/yoast-seo-wordpress\/ -->\n<title>Carte du Site - Pour Bravoure - aviateurs canadiens et la Croix de Victoria<\/title>\n<meta name=\"robots\" content=\"index, follow, max-snippet:-1, max-image-preview:large, max-video-preview:-1\" \/>\n<link rel=\"canonical\" href=\"https:\/\/forvalour.ca\/fr\/carte-du-site\/\" \/>\n<meta property=\"og:locale\" content=\"fr_FR\" \/>\n<meta property=\"og:type\" content=\"article\" \/>\n<meta property=\"og:title\" content=\"Carte du Site - Pour Bravoure - aviateurs canadiens et la Croix de Victoria\" \/>\n<meta property=\"og:description\" content=\"Accueil Script du vid\u00e9o d&rsquo;introduction La Croix de Victoria Ressources p\u00e9dagogiques Affiche de Bishop Affiche de Mynarski Schr\u00e4ge Musik M\u00e9dailles et d\u00e9corations militaires M\u00e9daille de George Croix de George M\u00e9daille de l&rsquo;Aviation Croix de l&rsquo;Aviation L&rsquo;Ordre du service distingu\u00e9 M\u00e9daille du service distingu\u00e9 dans l&rsquo;Aviation Croix du service distingu\u00e9 dans l&rsquo;Aviation \u0152uvres d&rsquo;art militaires Stained [&hellip;]\" \/>\n<meta property=\"og:url\" content=\"https:\/\/forvalour.ca\/fr\/carte-du-site\/\" \/>\n<meta property=\"og:site_name\" content=\"Pour Bravoure - aviateurs canadiens et la Croix de Victoria\" \/>\n<meta property=\"article:modified_time\" content=\"2021-10-01T01:39:41+00:00\" \/>\n<meta name=\"twitter:card\" content=\"summary_large_image\" \/>\n<meta name=\"twitter:label1\" content=\"Dur\u00e9e de lecture estim\u00e9e\" \/>\n\t<meta name=\"twitter:data1\" content=\"1 minute\" \/>\n<script type=\"application\/ld+json\" class=\"yoast-schema-graph\">{\"@context\":\"https:\\\/\\\/schema.org\",\"@graph\":[{\"@type\":\"WebPage\",\"@id\":\"https:\\\/\\\/forvalour.ca\\\/fr\\\/carte-du-site\\\/\",\"url\":\"https:\\\/\\\/forvalour.ca\\\/fr\\\/carte-du-site\\\/\",\"name\":\"Carte du Site - Pour Bravoure - aviateurs canadiens et la Croix de Victoria\",\"isPartOf\":{\"@id\":\"https:\\\/\\\/forvalour.ca\\\/fr\\\/#website\"},\"datePublished\":\"2021-09-21T21:59:47+00:00\",\"dateModified\":\"2021-10-01T01:39:41+00:00\",\"breadcrumb\":{\"@id\":\"https:\\\/\\\/forvalour.ca\\\/fr\\\/carte-du-site\\\/#breadcrumb\"},\"inLanguage\":\"fr-FR\",\"potentialAction\":[{\"@type\":\"ReadAction\",\"target\":[\"https:\\\/\\\/forvalour.ca\\\/fr\\\/carte-du-site\\\/\"]}]},{\"@type\":\"BreadcrumbList\",\"@id\":\"https:\\\/\\\/forvalour.ca\\\/fr\\\/carte-du-site\\\/#breadcrumb\",\"itemListElement\":[{\"@type\":\"ListItem\",\"position\":1,\"name\":\"Home\",\"item\":\"https:\\\/\\\/forvalour.ca\\\/fr\\\/\"},{\"@type\":\"ListItem\",\"position\":2,\"name\":\"Carte du Site\"}]},{\"@type\":\"WebSite\",\"@id\":\"https:\\\/\\\/forvalour.ca\\\/fr\\\/#website\",\"url\":\"https:\\\/\\\/forvalour.ca\\\/fr\\\/\",\"name\":\"For Valour\",\"description\":\"Canadian Airmen and the Victoria Cross\",\"publisher\":{\"@id\":\"https:\\\/\\\/forvalour.ca\\\/fr\\\/#organization\"},\"potentialAction\":[{\"@type\":\"SearchAction\",\"target\":{\"@type\":\"EntryPoint\",\"urlTemplate\":\"https:\\\/\\\/forvalour.ca\\\/fr\\\/?s={search_term_string}\"},\"query-input\":{\"@type\":\"PropertyValueSpecification\",\"valueRequired\":true,\"valueName\":\"search_term_string\"}}],\"inLanguage\":\"fr-FR\"},{\"@type\":\"Organization\",\"@id\":\"https:\\\/\\\/forvalour.ca\\\/fr\\\/#organization\",\"name\":\"For Valour\",\"url\":\"https:\\\/\\\/forvalour.ca\\\/fr\\\/\",\"logo\":{\"@type\":\"ImageObject\",\"inLanguage\":\"fr-FR\",\"@id\":\"https:\\\/\\\/forvalour.ca\\\/fr\\\/#\\\/schema\\\/logo\\\/image\\\/\",\"url\":\"https:\\\/\\\/forvalour.ca\\\/wp-content\\\/uploads\\\/2021\\\/09\\\/cropped-for-valour-medal-new.png\",\"contentUrl\":\"https:\\\/\\\/forvalour.ca\\\/wp-content\\\/uploads\\\/2021\\\/09\\\/cropped-for-valour-medal-new.png\",\"width\":512,\"height\":512,\"caption\":\"For Valour\"},\"image\":{\"@id\":\"https:\\\/\\\/forvalour.ca\\\/fr\\\/#\\\/schema\\\/logo\\\/image\\\/\"},\"sameAs\":[\"https:\\\/\\\/www.youtube.com\\\/channel\\\/UCRYVbXOUahuy0lj2UCo1Cag\"]}]}<\/script>\n<!-- \/ Yoast SEO plugin. -->","yoast_head_json":{"title":"Carte du Site - Pour Bravoure - aviateurs canadiens et la Croix de Victoria","robots":{"index":"index","follow":"follow","max-snippet":"max-snippet:-1","max-image-preview":"max-image-preview:large","max-video-preview":"max-video-preview:-1"},"canonical":"https:\/\/forvalour.ca\/fr\/carte-du-site\/","og_locale":"fr_FR","og_type":"article","og_title":"Carte du Site - Pour Bravoure - aviateurs canadiens et la Croix de Victoria","og_description":"Accueil Script du vid\u00e9o d&rsquo;introduction La Croix de Victoria Ressources p\u00e9dagogiques Affiche de Bishop Affiche de Mynarski Schr\u00e4ge Musik M\u00e9dailles et d\u00e9corations militaires M\u00e9daille de George Croix de George M\u00e9daille de l&rsquo;Aviation Croix de l&rsquo;Aviation L&rsquo;Ordre du service distingu\u00e9 M\u00e9daille du service distingu\u00e9 dans l&rsquo;Aviation Croix du service distingu\u00e9 dans l&rsquo;Aviation \u0152uvres d&rsquo;art militaires Stained [&hellip;]","og_url":"https:\/\/forvalour.ca\/fr\/carte-du-site\/","og_site_name":"Pour Bravoure - aviateurs canadiens et la Croix de Victoria","article_modified_time":"2021-10-01T01:39:41+00:00","twitter_card":"summary_large_image","twitter_misc":{"Dur\u00e9e de lecture estim\u00e9e":"1 minute"},"schema":{"@context":"https:\/\/schema.org","@graph":[{"@type":"WebPage","@id":"https:\/\/forvalour.ca\/fr\/carte-du-site\/","url":"https:\/\/forvalour.ca\/fr\/carte-du-site\/","name":"Carte du Site - Pour Bravoure - aviateurs canadiens et la Croix de Victoria","isPartOf":{"@id":"https:\/\/forvalour.ca\/fr\/#website"},"datePublished":"2021-09-21T21:59:47+00:00","dateModified":"2021-10-01T01:39:41+00:00","breadcrumb":{"@id":"https:\/\/forvalour.ca\/fr\/carte-du-site\/#breadcrumb"},"inLanguage":"fr-FR","potentialAction":[{"@type":"ReadAction","target":["https:\/\/forvalour.ca\/fr\/carte-du-site\/"]}]},{"@type":"BreadcrumbList","@id":"https:\/\/forvalour.ca\/fr\/carte-du-site\/#breadcrumb","itemListElement":[{"@type":"ListItem","position":1,"name":"Home","item":"https:\/\/forvalour.ca\/fr\/"},{"@type":"ListItem","position":2,"name":"Carte du Site"}]},{"@type":"WebSite","@id":"https:\/\/forvalour.ca\/fr\/#website","url":"https:\/\/forvalour.ca\/fr\/","name":"For Valour","description":"Canadian Airmen and the Victoria Cross","publisher":{"@id":"https:\/\/forvalour.ca\/fr\/#organization"},"potentialAction":[{"@type":"SearchAction","target":{"@type":"EntryPoint","urlTemplate":"https:\/\/forvalour.ca\/fr\/?s={search_term_string}"},"query-input":{"@type":"PropertyValueSpecification","valueRequired":true,"valueName":"search_term_string"}}],"inLanguage":"fr-FR"},{"@type":"Organization","@id":"https:\/\/forvalour.ca\/fr\/#organization","name":"For Valour","url":"https:\/\/forvalour.ca\/fr\/","logo":{"@type":"ImageObject","inLanguage":"fr-FR","@id":"https:\/\/forvalour.ca\/fr\/#\/schema\/logo\/image\/","url":"https:\/\/forvalour.ca\/wp-content\/uploads\/2021\/09\/cropped-for-valour-medal-new.png","contentUrl":"https:\/\/forvalour.ca\/wp-content\/uploads\/2021\/09\/cropped-for-valour-medal-new.png","width":512,"height":512,"caption":"For Valour"},"image":{"@id":"https:\/\/forvalour.ca\/fr\/#\/schema\/logo\/image\/"},"sameAs":["https:\/\/www.youtube.com\/channel\/UCRYVbXOUahuy0lj2UCo1Cag"]}]}},"_links":{"self":[{"href":"https:\/\/forvalour.ca\/fr\/wp-json\/wp\/v2\/pages\/1655","targetHints":{"allow":["GET"]}}],"collection":[{"href":"https:\/\/forvalour.ca\/fr\/wp-json\/wp\/v2\/pages"}],"about":[{"href":"https:\/\/forvalour.ca\/fr\/wp-json\/wp\/v2\/types\/page"}],"author":[{"embeddable":true,"href":"https:\/\/forvalour.ca\/fr\/wp-json\/wp\/v2\/users\/1"}],"replies":[{"embeddable":true,"href":"https:\/\/forvalour.ca\/fr\/wp-json\/wp\/v2\/comments?post=1655"}],"version-history":[{"count":11,"href":"https:\/\/forvalour.ca\/fr\/wp-json\/wp\/v2\/pages\/1655\/revisions"}],"predecessor-version":[{"id":3196,"href":"https:\/\/forvalour.ca\/fr\/wp-json\/wp\/v2\/pages\/1655\/revisions\/3196"}],"wp:attachment":[{"href":"https:\/\/forvalour.ca\/fr\/wp-json\/wp\/v2\/media?parent=1655"}],"curies":[{"name":"wp","href":"https:\/\/api.w.org\/{rel}","templated":true}]}}