{"id":1681,"date":"2021-09-21T17:17:36","date_gmt":"2021-09-21T22:17:36","guid":{"rendered":"https:\/\/forvalour.ca\/?page_id=1681"},"modified":"2021-09-22T11:02:49","modified_gmt":"2021-09-22T16:02:49","slug":"script","status":"publish","type":"page","link":"https:\/\/forvalour.ca\/fr\/mcleod\/script\/","title":{"rendered":"Script"},"content":{"rendered":"\n<h4 class=\"wp-block-heading\">Alan McLeod \u00ab Un gar\u00e7on intr\u00e9pide \u00bb<\/h4>\n\n\n\n<h5 class=\"wp-block-heading\">SOMMAIRE<\/h5>\n\n\n\n<p>Alors qu\u2019il \u00e9tait enfant en campagne manitobaine, Alan McLeod ex\u00e9cuta son premier acte de bravoure et montra sa g\u00e9n\u00e9reuse personnalit\u00e9 quand il lib\u00e9ra un chien de son pi\u00e8ge. Quelques ann\u00e9es plus tard, au cours la Premi\u00e8re Guerre mondiale, il fit preuve de la m\u00eame abn\u00e9gation lorsqu\u2019il tira son observateur, A.W. Hammond, de la carcasse en feu de leur avion Armstrong Whitworth F.K.8.<\/p>\n\n\n\n<p>De l\u2019altruisme provient le courage face au danger. D\u2019ailleurs, le jour o\u00f9 il sauva la vie de Hammond (ce qui lui valut la Croix de Victoria), le jeune McLeod pilotait son avion en flammes \u00e0 partir d\u2019une aile. Cependant, il continua \u00e0 attaquer l\u2019ennemi m\u00eame alors que son avion piquait vers le sol.<\/p>\n\n\n\n<h4 class=\"wp-block-heading\">PAGE UN<\/h4>\n\n\n\n<figure class=\"wp-block-image size-full\"><img loading=\"lazy\" decoding=\"async\" width=\"560\" height=\"315\" src=\"http:\/\/forvalour.ca\/wp-content\/uploads\/2021\/09\/mcleod-sc-fra-001.jpg\" alt=\"Le bombardier Armstrong Whitworth F.K.8 traverse le ciel\" class=\"wp-image-1682\" srcset=\"https:\/\/forvalour.ca\/wp-content\/uploads\/2021\/09\/mcleod-sc-fra-001.jpg 560w, https:\/\/forvalour.ca\/wp-content\/uploads\/2021\/09\/mcleod-sc-fra-001-300x169.jpg 300w\" sizes=\"auto, (max-width: 560px) 100vw, 560px\" \/><\/figure>\n\n\n\n<p>Brouillard et nuages bas dans le ciel de France. Un bombardier Armstrong Whitworth F.K.8 traverse le ciel au-dessus de la bataille. En dessous, dans les trou\u00e9es de la couverture nuageuse, des vagues de fantassins allemands lancent l&rsquo;assaut contre les positions alli\u00e9es.<\/p>\n\n\n\n<p>L\u00c9GENDE : FRANCE. LE 27 MARS 1918.<\/p>\n\n\n\n<p><a href=\"#content-area\">Haut de la page<\/a><\/p>\n\n\n\n<h4 class=\"wp-block-heading\">PAGE DEUX<\/h4>\n\n\n\n<figure class=\"wp-block-image size-full\"><img loading=\"lazy\" decoding=\"async\" width=\"560\" height=\"315\" src=\"http:\/\/forvalour.ca\/wp-content\/uploads\/2021\/09\/mcleod-sc-fra-002.jpg\" alt=\"Le Sous-lieutenant Alan McLeod et le lieutenant Arthur Hammond \u00e0 bord de leur bombardier Armstrong Whitworth F.K.8\" class=\"wp-image-1684\" srcset=\"https:\/\/forvalour.ca\/wp-content\/uploads\/2021\/09\/mcleod-sc-fra-002.jpg 560w, https:\/\/forvalour.ca\/wp-content\/uploads\/2021\/09\/mcleod-sc-fra-002-300x169.jpg 300w\" sizes=\"auto, (max-width: 560px) 100vw, 560px\" \/><\/figure>\n\n\n\n<p>Dans le bombardier, le Sous-lieutenant Alan McLeod, 18 ans, pilote l&rsquo;avion. Il semble beaucoup trop jeune pour occuper ce poste. Le Lieutenant Arthur Hammond, son observateur et v\u00e9t\u00e9ran aviateur, pointe vers le sol en avant d&rsquo;eux : une batterie d&rsquo;artillerie allemande.<\/p>\n\n\n\n<p>MCLEOD: HAMMOND! \u00c0 DEUX HEURES.<\/p>\n\n\n\n<p>HAMMOND : C&rsquo;EST CE DONT NOUS AVONS BESOIN. ALLONS-Y.<\/p>\n\n\n\n<p>L\u00c9GENDE : LE SOUS-LIEUTENANT ALAN MCLEOD ET LE LIEUTENANT ARTHUR HAMMOND SONT \u00c0 LA RECHERCHE DE CIBLES \u00c0 BOMBARDER.<\/p>\n\n\n\n<p>Pendant que McLeod et Hammond pr\u00e9parent le bombardier pour une sortie, un Fokker triplan \u00e9merge des nuages \u00e0 environ 200 m\u00e8tres, l\u00e9g\u00e8rement au-dessous de l&rsquo;Armstrong.<\/p>\n\n\n\n<p>HAMMOND : NOUS AVONS DE LA COMPAGNIE.<\/p>\n\n\n\n<figure class=\"wp-block-image size-full\"><img loading=\"lazy\" decoding=\"async\" width=\"560\" height=\"315\" src=\"http:\/\/forvalour.ca\/wp-content\/uploads\/2021\/09\/mcleod-sc-fra-003.jpg\" alt=\"McLeod pousse son manche \u00e0 balai pour placer son bombardier en position\" class=\"wp-image-1686\" srcset=\"https:\/\/forvalour.ca\/wp-content\/uploads\/2021\/09\/mcleod-sc-fra-003.jpg 560w, https:\/\/forvalour.ca\/wp-content\/uploads\/2021\/09\/mcleod-sc-fra-003-300x169.jpg 300w\" sizes=\"auto, (max-width: 560px) 100vw, 560px\" \/><\/figure>\n\n\n\n<p>McLeod, arborant un sourire juv\u00e9nile, pousse son manche \u00e0 balai pour placer son bombardier en position.<\/p>\n\n\n\n<p>MCLEOD : ALLONS LUI SOUHAITER LA BIENVENUE!<\/p>\n\n\n\n<p>McLeod a positionn\u00e9 le bombardier et Hammond fait feu sur le Fokker, le criblant de trous pendant qu&rsquo;il se retourne sur le dos.<\/p>\n\n\n\n<p>SFX: ACK &#8211; ACK &#8211; ACK!<\/p>\n\n\n\n<p>McLeod et Hammond se f\u00e9licitent mutuellement pendant que le Fokker triplan plonge vers le sol.<\/p>\n\n\n\n<p>Gros plan sur Hammond, qui regarde vers le haut l&rsquo;air pr\u00e9occup\u00e9.<\/p>\n\n\n\n<p>Le ciel s&rsquo;\u00e9tant soudainement un peu d\u00e9gag\u00e9, sept Fokker triplans plongent sur le bombardier de McLeod.<\/p>\n\n\n\n<p>HAMMOND : OH! OH!<\/p>\n\n\n\n<p>HAMMOND : MCLEOD&#8230;<\/p>\n\n\n\n<p>SFX: ACK &#8211; ACK! ACK &#8211; ACK!<\/p>\n\n\n\n<p>Les sept Fokker allemands se jettent sur le bombardier, plongeant, faisant feu et redressant. Hammond et McLeod &#8211; qui sourit comme s&rsquo;il \u00e9tait \u00e0 une f\u00eate foraine &#8211; retournent le tir des Fokker avec les deux mitrailleuses.<\/p>\n\n\n\n<p><a href=\"#content-area\">Haut de la page<\/a><\/p>\n\n\n\n<p>Le Lieutenant Hans Kirschstein, dirigeant de l&rsquo;escadrille allemande, fait une chandelle vers le ventre du bombardier pendant qu&rsquo;une paire de Fokker se croisent \u00e0 plus haute altitude.<\/p>\n\n\n\n<p>Kirschtein vise et fait feu.<\/p>\n\n\n\n<p>SFX: ACK &#8211; ACK &#8211; ACK!<\/p>\n\n\n\n<p>Le bombardier de McLeod est en plein centre du collimateur de Kirschtein pendant que les projectiles d\u00e9chiquettent le fuselage du bombardier.<\/p>\n\n\n\n<p>Trois des balles de Kirschtein frappent McLeod au c\u00f4t\u00e9. Il hurle de douleur et porte la main \u00e0 son c\u00f4t\u00e9.<\/p>\n\n\n\n<p>MCLEOD : AAH!<\/p>\n\n\n\n<figure class=\"wp-block-image size-full\"><img loading=\"lazy\" decoding=\"async\" width=\"560\" height=\"315\" src=\"http:\/\/forvalour.ca\/wp-content\/uploads\/2021\/09\/mcleod-sc-fra-004.jpg\" alt=\"McLeod est bless\u00e9\" class=\"wp-image-1688\" srcset=\"https:\/\/forvalour.ca\/wp-content\/uploads\/2021\/09\/mcleod-sc-fra-004.jpg 560w, https:\/\/forvalour.ca\/wp-content\/uploads\/2021\/09\/mcleod-sc-fra-004-300x169.jpg 300w\" sizes=\"auto, (max-width: 560px) 100vw, 560px\" \/><\/figure>\n\n\n\n<p>Au milieu de la bande de Fokker, McLeod reprend le contr\u00f4le pendant que le bombardier prend feu.<\/p>\n\n\n\n<p>MCLEOD : ALLEZ MA BELLE. CE N&rsquo;EST PAS LE MOMENT DE TOMBER EN MORCEAUX.<\/p>\n\n\n\n<p>SFX : WHOOMPH!<\/p>\n\n\n\n<p>Le bombardier perd du carburant de son r\u00e9servoir cribl\u00e9 de balles pendant que Hammond s&rsquo;affaisse dans son si\u00e8ge, touch\u00e9 par six projectiles.<\/p>\n\n\n\n<p><a href=\"#content-area\">Haut de la page<\/a><\/p>\n\n\n\n<h4 class=\"wp-block-heading\">PAGE SIX<\/h4>\n\n\n\n<figure class=\"wp-block-image size-full\"><img loading=\"lazy\" decoding=\"async\" width=\"560\" height=\"315\" src=\"http:\/\/forvalour.ca\/wp-content\/uploads\/2021\/09\/mcleod-sc-fra-005.jpg\" alt=\"McLeod serre les dents pendant qu'il man\u0153uvre le bombardier\" class=\"wp-image-1690\" srcset=\"https:\/\/forvalour.ca\/wp-content\/uploads\/2021\/09\/mcleod-sc-fra-005.jpg 560w, https:\/\/forvalour.ca\/wp-content\/uploads\/2021\/09\/mcleod-sc-fra-005-300x169.jpg 300w\" sizes=\"auto, (max-width: 560px) 100vw, 560px\" \/><\/figure>\n\n\n\n<p>McLeod serre les dents pendant qu&rsquo;il man\u0153uvre le bombardier.<\/p>\n\n\n\n<p>MCLEOD : ALLEZ HAM! TU NE VAS TOUT DE M\u00caME PAS ME LAISSER NETTOYER CE G\u00c2CHIS TOUT SEUL.<\/p>\n\n\n\n<p>Hammond r\u00e9ussit tant bien que mal \u00e0 se relever, avec son seul bras valide.<\/p>\n\n\n\n<p>HAMMOND : ET RATER LA PARTIE DE PLAISIR? JAMAIS!<\/p>\n\n\n\n<p>Hammond tire une rafale dans un Fokker qui s&rsquo;approche, l&rsquo;abattant facilement.<\/p>\n\n\n\n<p>SFX: ACK &#8211; ACK! ACK &#8211; ACK!<\/p>\n\n\n\n<p>Le Fokker atteint par Hammond est mis hors combat.<a href=\"http:\/\/for-valour-live\/francais\/mcleod\/mcleod-script-fra.html#haut\">Haut de la page<\/a><\/p>\n\n\n\n<h4 class=\"wp-block-heading\">PAGE SEPT<\/h4>\n\n\n\n<p>McLeod effectue un d\u00e9rapage lat\u00e9ral pour garder les flammes du c\u00f4t\u00e9 droit de l\u2019avion, tout en aidant Hammond \u00e0 tirer sur un Fokker qui s\u2019approche. Pendant que le bombardier br\u00fble, pris en chasse et encercl\u00e9 par les cinq autres Fokker triplans, McLeod sort du poste de pilotage de son cockpit et s&rsquo;installe sur l&rsquo;aile gauche inf\u00e9rieure pour \u00e9viter les flammes. Il effectue un d\u00e9rapage lat\u00e9ral pour garder les flammes du c\u00f4t\u00e9 droit de l&rsquo;avion, tout en aidant Hammond \u00e0 tirer sur un Fokker qui s\u2019approche.<\/p>\n\n\n\n<p><strong>L\u00c9GENDE<\/strong><br>LE SOUS-LIEUTENANT MCLEOD TENTE DE GLISSER SUR L\u2019AILE POUR GARDER LES FLAMMES \u00c9LOIGN\u00c9ES DE SON MITRAILLEUR.<\/p>\n\n\n\n<p>SFX : ACK &#8211; ACK! ACK &#8211; ACK!<\/p>\n\n\n\n<p>Le bombardier de McLeod, en flammes, amorce une trajectoire descendante graduelle, son \u00e9quipage s&rsquo;accrochant \u00e0 l&rsquo;appareil, pendant que les derniers Fokker s&rsquo;\u00e9loignent de l&rsquo;avion condamn\u00e9.<\/p>\n\n\n\n<p>MCLEOD : ALORS, TU T&rsquo;AMUSES?<\/p>\n\n\n\n<p>HAMMOND : \u00c7A N&rsquo;ARR\u00caTE JAMAIS, MON VIEUX, \u00c7A N&rsquo;ARR\u00caTE JAMAIS.<\/p>\n\n\n\n<p>Hammond voit des flammes sur le fuselage sous lui et se tire vers le haut, hors de la port\u00e9e des flammes.<\/p>\n\n\n\n<p>L\u00c9GENDE : LE LT HAMMOND SE HISSE HORS DE LA PORT\u00c9E DES FLAMMES.<\/p>\n\n\n\n<p><a href=\"#content-area\">Haut de la page<\/a><\/p>\n\n\n\n<p>McLeod positionne l&rsquo;avion en flammes de mani\u00e8re \u00e0 ce que Hammond puisse tirer une rafale vers l&rsquo;avion ennemi.<\/p>\n\n\n\n<p>L\u00c9GENDE : MCLEOD POSITIONNE SON AVION POUR QUE HAMMOND PUISSE TIRER UNE RAFALE.<\/p>\n\n\n\n<p>Pendant qu&rsquo;un Fokker fait un piqu\u00e9 trop pr\u00e8s du bombardier, Hammond tire une courte rafale sur lui. La force des projectiles de Hammond fracasse le Fokker qui se brise au si\u00e8ge du pilote. Les d\u00e9bris en feu tombent vers le sol.<\/p>\n\n\n\n<p>SFX : KER &#8211; RACK!<\/p>\n\n\n\n<p>McLeod continue \u00e0 faire glisser le bombardier sur l&rsquo;aile et est tout juste parvenu \u00e0 redresser le vol plan\u00e9, quelques moments avant qu&rsquo;ils ne s&rsquo;\u00e9crasent en plein no man&rsquo;s land.<\/p>\n\n\n\n<figure class=\"wp-block-image size-full\"><img loading=\"lazy\" decoding=\"async\" width=\"560\" height=\"315\" src=\"http:\/\/forvalour.ca\/wp-content\/uploads\/2021\/09\/mcleod-sc-fra-006.jpg\" alt=\"McLeod continue \u00e0 faire glisser le bombardier sur l'aile\" class=\"wp-image-1692\" srcset=\"https:\/\/forvalour.ca\/wp-content\/uploads\/2021\/09\/mcleod-sc-fra-006.jpg 560w, https:\/\/forvalour.ca\/wp-content\/uploads\/2021\/09\/mcleod-sc-fra-006-300x169.jpg 300w\" sizes=\"auto, (max-width: 560px) 100vw, 560px\" \/><\/figure>\n\n\n\n<p>Gros plan sur McLeod pendant qu&rsquo;il serre les dents, un p\u00e9tillement dans les yeux.<\/p>\n\n\n\n<p>L\u2019image p\u00e2le d\u2019un chien qui jappe appara\u00eet devant McLeod.<\/p>\n\n\n\n<p>MCLEOD : DOUCEMENT, MA BELLE.<\/p>\n\n\n\n<p>Un incendie br\u00fble autour du bombardier \u00e9cras\u00e9, avec ses huit bombes et son chargement de munitions. McLeod tire Hammond vers les lignes alli\u00e9es.<\/p>\n\n\n\n<p>MCLEOD : NOUS DEVONS SORTIR D\u2019ICI!<\/p>\n\n\n\n<p>Les bombes du bombardier de McLeod provoquent des explosions spectaculaires, du shrapnel gr\u00e9sillant frappe McLeod dans le dos pendant que des d\u00e9bris en feu se dispersent tout autour de lui et de Hammond. La force de l&rsquo;explosion les propulse en avant pendant que les d\u00e9bris et le shrapnel s&rsquo;abattent tout autour.<\/p>\n\n\n\n<p>SFX : BOOM!<\/p>\n\n\n\n<p><a href=\"#content-area\">Haut de la page<\/a><\/p>\n\n\n\n<h5 class=\"wp-block-heading\">IMAGE SUIVANTE<\/h5>\n\n\n\n<figure class=\"wp-block-image size-full\"><img loading=\"lazy\" decoding=\"async\" width=\"560\" height=\"315\" src=\"http:\/\/forvalour.ca\/wp-content\/uploads\/2021\/09\/mcleod-sc-fra-007.jpg\" alt=\"Des soldats du r\u00e9giment South African Scottish les examinent\" class=\"wp-image-1694\" srcset=\"https:\/\/forvalour.ca\/wp-content\/uploads\/2021\/09\/mcleod-sc-fra-007.jpg 560w, https:\/\/forvalour.ca\/wp-content\/uploads\/2021\/09\/mcleod-sc-fra-007-300x169.jpg 300w\" sizes=\"auto, (max-width: 560px) 100vw, 560px\" \/><\/figure>\n\n\n\n<p>En pleine nuit. McLeod et Hammond sont couch\u00e9s dans une tranch\u00e9e, gravement br\u00fbl\u00e9s, tous deux atteints de plusieurs balles. Ils semblent morts. Des soldats du R\u00e9giment \u00e9cossais sud-africain les inspectent.<\/p>\n\n\n\n<p>SOLDAT SUD-AFRICAIN : ILS SONT TOUS LES DEUX EN VIE!<\/p>\n\n\n\n<p>McLeod et un soldat du R\u00e9giment \u00e9cossais sud-africain, pr\u00e8s de McLeod, rigolent un peu ensemble.<\/p>\n\n\n\n<p>SOLDAT SUD-AFRICAIN N\u00b0 2 : VOUS \u00caTES EN S\u00c9CURIT\u00c9. VOUS REVERREZ L&rsquo;ANGLETERRE DANS QUELQUES JOURS.<\/p>\n\n\n\n<p>MCLEOD : MERCI.<\/p>\n\n\n\n<p>SOLDAT SUD-AFRICAIN N\u00b0 2 : BONNE FUSILLADE, MONSIEUR.<\/p>\n\n\n\n<p>MCLEOD : OUI&#8230; MAIS J&rsquo;AIMERAIS BIEN M&rsquo;EN PRENDRE \u00c0 NOUVEAU \u00c0 CET \u00c9NERGUM\u00c8NE QUI M&rsquo;A ABATTU.<\/p>\n\n\n\n<p>McLeod, sur le point d&rsquo;\u00eatre emport\u00e9 sur une civi\u00e8re pour \u00eatre transport\u00e9 vers les lignes alli\u00e9es, serre une poign\u00e9e de terre dans son poing.<\/p>\n\n\n\n<p><a href=\"#content-area\">Haut de la page<\/a><\/p>\n\n\n\n<h5 class=\"wp-block-heading\">IMAGE SUIVANTE<\/h5>\n\n\n\n<figure class=\"wp-block-image size-full\"><img loading=\"lazy\" decoding=\"async\" width=\"560\" height=\"315\" src=\"http:\/\/forvalour.ca\/wp-content\/uploads\/2021\/09\/mcleod-sc-fra-008.jpg\" alt=\"Stonewall, Manitoba\" class=\"wp-image-1696\" srcset=\"https:\/\/forvalour.ca\/wp-content\/uploads\/2021\/09\/mcleod-sc-fra-008.jpg 560w, https:\/\/forvalour.ca\/wp-content\/uploads\/2021\/09\/mcleod-sc-fra-008-300x169.jpg 300w\" sizes=\"auto, (max-width: 560px) 100vw, 560px\" \/><\/figure>\n\n\n\n<p>McLeod, pas tout \u00e0 fait un adolescent encore, \u00e9crase une poign\u00e9e de terre durcie dans sa main pendant qu&rsquo;il fixe &#8211; avec ce m\u00eame p\u00e9tillement juv\u00e9nile dans le regard &#8211; la chienne bless\u00e9e. Un ami observe, inquiet.<\/p>\n\n\n\n<p>L\u00c9GENDE : STONEWALL (MANITOBA). HUIT ANS PLUS T\u00d4T.<\/p>\n\n\n\n<p>AMI : NE LE FAIS PAS, ALAN!<\/p>\n\n\n\n<p>McLeod s&rsquo;\u00e9loigne un peu de la chienne qui lui montre les dents, en pleine rue. McLeod appr\u00e9cie le moment. Ses deux amis observent en arri\u00e8re-plan, leurs visages r\u00e9v\u00e9lant un m\u00e9lange d&rsquo;appr\u00e9hension et d&rsquo;excitation.<\/p>\n\n\n\n<p>MCLEOD : DOUCEMENT, MA BELLE.<\/p>\n\n\n\n<p>AMI N\u00b0 2 : ALLONS MCLEOD, NE FAIS PAS L&rsquo;IMB\u00c9CILE!<\/p>\n\n\n\n<p>McLeod, maintenant plus proche de la chienne, adopte une d\u00e9marche moins dominante et une attitude plus douce. La chienne est fatigu\u00e9e mais m\u00e9fiante.<\/p>\n\n\n\n<p>MCLEOD : DOUCEMENT, MA BELLE. LAISSE-MOI TE SORTIR DE CE PI\u00c8GE.<\/p>\n\n\n\n<p>McLeod enl\u00e8ve le pi\u00e8ge pendant que la chienne, \u00e9tendue, le laisse faire.<\/p>\n\n\n\n<p>La chienne s&rsquo;\u00e9loigne en boitillant pendant qu&rsquo;un agent de police tient le pi\u00e8ge. McLeod, un sourire juv\u00e9nile aux l\u00e8vres, regarde la chienne avec admiration, inconscient des regards admiratifs que les citadins jettent sur lui.<\/p>\n\n\n\n<p><a href=\"#content-area\">Haut de la page<\/a><\/p>\n\n\n\n<h3 class=\"wp-block-heading\">G\u00e9n\u00e9rique<\/h3>\n\n\n\n<figure class=\"wp-block-table\"><table><tbody><tr><td>R\u00e9alis\u00e9 par&nbsp;Complex Games Inc.<\/td><td><\/td><\/tr><tr><td>Artiste, concepteur, \u00e9talonneur, effets<\/td><td>Jonas Van Niekerk<\/td><\/tr><tr><td>Producteur<\/td><td>Noah Decter-Jackson<\/td><\/tr><tr><td>Concepteur, enregistreur et m\u00e9langeur de son<\/td><td>Scott Enns<\/td><\/tr><tr><td>Superviseur de son<\/td><td>Scott Enns<\/td><\/tr><tr><td>Sc\u00e9nariste<\/td><td>Timo Puolitaipale<\/td><\/tr><tr><td>Sc\u00e9nariste<\/td><td>Timo Puolitaipale<\/td><\/tr><\/tbody><\/table><\/figure>\n\n\n\n<p> <a href=\"#content-area\">Haut de la page<\/a> <\/p>\n","protected":false},"excerpt":{"rendered":"<p>Alan McLeod \u00ab Un gar\u00e7on intr\u00e9pide \u00bb SOMMAIRE Alors qu\u2019il \u00e9tait enfant en campagne manitobaine, Alan McLeod ex\u00e9cuta son premier acte de bravoure et montra sa g\u00e9n\u00e9reuse personnalit\u00e9 quand il lib\u00e9ra un chien de son pi\u00e8ge. Quelques ann\u00e9es plus tard, au cours la Premi\u00e8re Guerre mondiale, il fit preuve de la m\u00eame abn\u00e9gation lorsqu\u2019il tira [&hellip;]<\/p>\n","protected":false},"author":1,"featured_media":0,"parent":615,"menu_order":0,"comment_status":"closed","ping_status":"closed","template":"","meta":{"_acf_changed":false,"footnotes":""},"class_list":["post-1681","page","type-page","status-publish","hentry"],"acf":[],"yoast_head":"<!-- This site is optimized with the Yoast SEO plugin v27.3 - https:\/\/yoast.com\/product\/yoast-seo-wordpress\/ -->\n<title>Script - Pour Bravoure - aviateurs canadiens et la Croix de Victoria<\/title>\n<meta name=\"robots\" content=\"index, follow, max-snippet:-1, max-image-preview:large, max-video-preview:-1\" \/>\n<link rel=\"canonical\" href=\"https:\/\/forvalour.ca\/fr\/mcleod\/script\/\" \/>\n<meta property=\"og:locale\" content=\"fr_FR\" \/>\n<meta property=\"og:type\" content=\"article\" \/>\n<meta property=\"og:title\" content=\"Script - Pour Bravoure - aviateurs canadiens et la Croix de Victoria\" \/>\n<meta property=\"og:description\" content=\"Alan McLeod \u00ab Un gar\u00e7on intr\u00e9pide \u00bb SOMMAIRE Alors qu\u2019il \u00e9tait enfant en campagne manitobaine, Alan McLeod ex\u00e9cuta son premier acte de bravoure et montra sa g\u00e9n\u00e9reuse personnalit\u00e9 quand il lib\u00e9ra un chien de son pi\u00e8ge. Quelques ann\u00e9es plus tard, au cours la Premi\u00e8re Guerre mondiale, il fit preuve de la m\u00eame abn\u00e9gation lorsqu\u2019il tira [&hellip;]\" \/>\n<meta property=\"og:url\" content=\"https:\/\/forvalour.ca\/fr\/mcleod\/script\/\" \/>\n<meta property=\"og:site_name\" content=\"Pour Bravoure - aviateurs canadiens et la Croix de Victoria\" \/>\n<meta property=\"article:modified_time\" content=\"2021-09-22T16:02:49+00:00\" \/>\n<meta property=\"og:image\" content=\"http:\/\/forvalour.ca\/wp-content\/uploads\/2021\/09\/mcleod-sc-fra-001.jpg\" \/>\n<meta name=\"twitter:card\" content=\"summary_large_image\" \/>\n<meta name=\"twitter:label1\" content=\"Dur\u00e9e de lecture estim\u00e9e\" \/>\n\t<meta name=\"twitter:data1\" content=\"8 minutes\" \/>\n<script type=\"application\/ld+json\" class=\"yoast-schema-graph\">{\"@context\":\"https:\\\/\\\/schema.org\",\"@graph\":[{\"@type\":\"WebPage\",\"@id\":\"https:\\\/\\\/forvalour.ca\\\/fr\\\/mcleod\\\/script\\\/\",\"url\":\"https:\\\/\\\/forvalour.ca\\\/fr\\\/mcleod\\\/script\\\/\",\"name\":\"Script - Pour Bravoure - aviateurs canadiens et la Croix de Victoria\",\"isPartOf\":{\"@id\":\"https:\\\/\\\/forvalour.ca\\\/fr\\\/#website\"},\"primaryImageOfPage\":{\"@id\":\"https:\\\/\\\/forvalour.ca\\\/fr\\\/mcleod\\\/script\\\/#primaryimage\"},\"image\":{\"@id\":\"https:\\\/\\\/forvalour.ca\\\/fr\\\/mcleod\\\/script\\\/#primaryimage\"},\"thumbnailUrl\":\"http:\\\/\\\/forvalour.ca\\\/wp-content\\\/uploads\\\/2021\\\/09\\\/mcleod-sc-fra-001.jpg\",\"datePublished\":\"2021-09-21T22:17:36+00:00\",\"dateModified\":\"2021-09-22T16:02:49+00:00\",\"breadcrumb\":{\"@id\":\"https:\\\/\\\/forvalour.ca\\\/fr\\\/mcleod\\\/script\\\/#breadcrumb\"},\"inLanguage\":\"fr-FR\",\"potentialAction\":[{\"@type\":\"ReadAction\",\"target\":[\"https:\\\/\\\/forvalour.ca\\\/fr\\\/mcleod\\\/script\\\/\"]}]},{\"@type\":\"ImageObject\",\"inLanguage\":\"fr-FR\",\"@id\":\"https:\\\/\\\/forvalour.ca\\\/fr\\\/mcleod\\\/script\\\/#primaryimage\",\"url\":\"http:\\\/\\\/forvalour.ca\\\/wp-content\\\/uploads\\\/2021\\\/09\\\/mcleod-sc-fra-001.jpg\",\"contentUrl\":\"http:\\\/\\\/forvalour.ca\\\/wp-content\\\/uploads\\\/2021\\\/09\\\/mcleod-sc-fra-001.jpg\"},{\"@type\":\"BreadcrumbList\",\"@id\":\"https:\\\/\\\/forvalour.ca\\\/fr\\\/mcleod\\\/script\\\/#breadcrumb\",\"itemListElement\":[{\"@type\":\"ListItem\",\"position\":1,\"name\":\"Home\",\"item\":\"https:\\\/\\\/www.forvalour.ca\\\/fr\\\/\"},{\"@type\":\"ListItem\",\"position\":2,\"name\":\"Alan Mcleod\",\"item\":\"https:\\\/\\\/www.forvalour.ca\\\/fr\\\/mcleod\\\/\"},{\"@type\":\"ListItem\",\"position\":3,\"name\":\"Script\"}]},{\"@type\":\"WebSite\",\"@id\":\"https:\\\/\\\/forvalour.ca\\\/fr\\\/#website\",\"url\":\"https:\\\/\\\/forvalour.ca\\\/fr\\\/\",\"name\":\"For Valour\",\"description\":\"Canadian Airmen and the Victoria Cross\",\"publisher\":{\"@id\":\"https:\\\/\\\/forvalour.ca\\\/fr\\\/#organization\"},\"potentialAction\":[{\"@type\":\"SearchAction\",\"target\":{\"@type\":\"EntryPoint\",\"urlTemplate\":\"https:\\\/\\\/forvalour.ca\\\/fr\\\/?s={search_term_string}\"},\"query-input\":{\"@type\":\"PropertyValueSpecification\",\"valueRequired\":true,\"valueName\":\"search_term_string\"}}],\"inLanguage\":\"fr-FR\"},{\"@type\":\"Organization\",\"@id\":\"https:\\\/\\\/forvalour.ca\\\/fr\\\/#organization\",\"name\":\"For Valour\",\"url\":\"https:\\\/\\\/forvalour.ca\\\/fr\\\/\",\"logo\":{\"@type\":\"ImageObject\",\"inLanguage\":\"fr-FR\",\"@id\":\"https:\\\/\\\/forvalour.ca\\\/fr\\\/#\\\/schema\\\/logo\\\/image\\\/\",\"url\":\"https:\\\/\\\/forvalour.ca\\\/wp-content\\\/uploads\\\/2021\\\/09\\\/cropped-for-valour-medal-new.png\",\"contentUrl\":\"https:\\\/\\\/forvalour.ca\\\/wp-content\\\/uploads\\\/2021\\\/09\\\/cropped-for-valour-medal-new.png\",\"width\":512,\"height\":512,\"caption\":\"For Valour\"},\"image\":{\"@id\":\"https:\\\/\\\/forvalour.ca\\\/fr\\\/#\\\/schema\\\/logo\\\/image\\\/\"},\"sameAs\":[\"https:\\\/\\\/www.youtube.com\\\/channel\\\/UCRYVbXOUahuy0lj2UCo1Cag\"]}]}<\/script>\n<!-- \/ Yoast SEO plugin. -->","yoast_head_json":{"title":"Script - Pour Bravoure - aviateurs canadiens et la Croix de Victoria","robots":{"index":"index","follow":"follow","max-snippet":"max-snippet:-1","max-image-preview":"max-image-preview:large","max-video-preview":"max-video-preview:-1"},"canonical":"https:\/\/forvalour.ca\/fr\/mcleod\/script\/","og_locale":"fr_FR","og_type":"article","og_title":"Script - Pour Bravoure - aviateurs canadiens et la Croix de Victoria","og_description":"Alan McLeod \u00ab Un gar\u00e7on intr\u00e9pide \u00bb SOMMAIRE Alors qu\u2019il \u00e9tait enfant en campagne manitobaine, Alan McLeod ex\u00e9cuta son premier acte de bravoure et montra sa g\u00e9n\u00e9reuse personnalit\u00e9 quand il lib\u00e9ra un chien de son pi\u00e8ge. Quelques ann\u00e9es plus tard, au cours la Premi\u00e8re Guerre mondiale, il fit preuve de la m\u00eame abn\u00e9gation lorsqu\u2019il tira [&hellip;]","og_url":"https:\/\/forvalour.ca\/fr\/mcleod\/script\/","og_site_name":"Pour Bravoure - aviateurs canadiens et la Croix de Victoria","article_modified_time":"2021-09-22T16:02:49+00:00","og_image":[{"url":"http:\/\/forvalour.ca\/wp-content\/uploads\/2021\/09\/mcleod-sc-fra-001.jpg","type":"","width":"","height":""}],"twitter_card":"summary_large_image","twitter_misc":{"Dur\u00e9e de lecture estim\u00e9e":"8 minutes"},"schema":{"@context":"https:\/\/schema.org","@graph":[{"@type":"WebPage","@id":"https:\/\/forvalour.ca\/fr\/mcleod\/script\/","url":"https:\/\/forvalour.ca\/fr\/mcleod\/script\/","name":"Script - Pour Bravoure - aviateurs canadiens et la Croix de Victoria","isPartOf":{"@id":"https:\/\/forvalour.ca\/fr\/#website"},"primaryImageOfPage":{"@id":"https:\/\/forvalour.ca\/fr\/mcleod\/script\/#primaryimage"},"image":{"@id":"https:\/\/forvalour.ca\/fr\/mcleod\/script\/#primaryimage"},"thumbnailUrl":"http:\/\/forvalour.ca\/wp-content\/uploads\/2021\/09\/mcleod-sc-fra-001.jpg","datePublished":"2021-09-21T22:17:36+00:00","dateModified":"2021-09-22T16:02:49+00:00","breadcrumb":{"@id":"https:\/\/forvalour.ca\/fr\/mcleod\/script\/#breadcrumb"},"inLanguage":"fr-FR","potentialAction":[{"@type":"ReadAction","target":["https:\/\/forvalour.ca\/fr\/mcleod\/script\/"]}]},{"@type":"ImageObject","inLanguage":"fr-FR","@id":"https:\/\/forvalour.ca\/fr\/mcleod\/script\/#primaryimage","url":"http:\/\/forvalour.ca\/wp-content\/uploads\/2021\/09\/mcleod-sc-fra-001.jpg","contentUrl":"http:\/\/forvalour.ca\/wp-content\/uploads\/2021\/09\/mcleod-sc-fra-001.jpg"},{"@type":"BreadcrumbList","@id":"https:\/\/forvalour.ca\/fr\/mcleod\/script\/#breadcrumb","itemListElement":[{"@type":"ListItem","position":1,"name":"Home","item":"https:\/\/www.forvalour.ca\/fr\/"},{"@type":"ListItem","position":2,"name":"Alan Mcleod","item":"https:\/\/www.forvalour.ca\/fr\/mcleod\/"},{"@type":"ListItem","position":3,"name":"Script"}]},{"@type":"WebSite","@id":"https:\/\/forvalour.ca\/fr\/#website","url":"https:\/\/forvalour.ca\/fr\/","name":"For Valour","description":"Canadian Airmen and the Victoria Cross","publisher":{"@id":"https:\/\/forvalour.ca\/fr\/#organization"},"potentialAction":[{"@type":"SearchAction","target":{"@type":"EntryPoint","urlTemplate":"https:\/\/forvalour.ca\/fr\/?s={search_term_string}"},"query-input":{"@type":"PropertyValueSpecification","valueRequired":true,"valueName":"search_term_string"}}],"inLanguage":"fr-FR"},{"@type":"Organization","@id":"https:\/\/forvalour.ca\/fr\/#organization","name":"For Valour","url":"https:\/\/forvalour.ca\/fr\/","logo":{"@type":"ImageObject","inLanguage":"fr-FR","@id":"https:\/\/forvalour.ca\/fr\/#\/schema\/logo\/image\/","url":"https:\/\/forvalour.ca\/wp-content\/uploads\/2021\/09\/cropped-for-valour-medal-new.png","contentUrl":"https:\/\/forvalour.ca\/wp-content\/uploads\/2021\/09\/cropped-for-valour-medal-new.png","width":512,"height":512,"caption":"For Valour"},"image":{"@id":"https:\/\/forvalour.ca\/fr\/#\/schema\/logo\/image\/"},"sameAs":["https:\/\/www.youtube.com\/channel\/UCRYVbXOUahuy0lj2UCo1Cag"]}]}},"_links":{"self":[{"href":"https:\/\/forvalour.ca\/fr\/wp-json\/wp\/v2\/pages\/1681","targetHints":{"allow":["GET"]}}],"collection":[{"href":"https:\/\/forvalour.ca\/fr\/wp-json\/wp\/v2\/pages"}],"about":[{"href":"https:\/\/forvalour.ca\/fr\/wp-json\/wp\/v2\/types\/page"}],"author":[{"embeddable":true,"href":"https:\/\/forvalour.ca\/fr\/wp-json\/wp\/v2\/users\/1"}],"replies":[{"embeddable":true,"href":"https:\/\/forvalour.ca\/fr\/wp-json\/wp\/v2\/comments?post=1681"}],"version-history":[{"count":3,"href":"https:\/\/forvalour.ca\/fr\/wp-json\/wp\/v2\/pages\/1681\/revisions"}],"predecessor-version":[{"id":1918,"href":"https:\/\/forvalour.ca\/fr\/wp-json\/wp\/v2\/pages\/1681\/revisions\/1918"}],"up":[{"embeddable":true,"href":"https:\/\/forvalour.ca\/fr\/wp-json\/wp\/v2\/pages\/615"}],"wp:attachment":[{"href":"https:\/\/forvalour.ca\/fr\/wp-json\/wp\/v2\/media?parent=1681"}],"curies":[{"name":"wp","href":"https:\/\/api.w.org\/{rel}","templated":true}]}}