{"id":2767,"date":"2021-09-24T10:13:27","date_gmt":"2021-09-24T15:13:27","guid":{"rendered":"https:\/\/forvalour.ca\/?page_id=2767"},"modified":"2021-09-24T10:13:28","modified_gmt":"2021-09-24T15:13:28","slug":"outils-de-guerre","status":"publish","type":"page","link":"https:\/\/forvalour.ca\/fr\/outils-de-guerre\/","title":{"rendered":"Outils de Guerre"},"content":{"rendered":"\n<div class=\"wp-block-columns is-layout-flex wp-container-core-columns-is-layout-9d6595d7 wp-block-columns-is-layout-flex\">\n<div class=\"wp-block-column is-layout-flow wp-block-column-is-layout-flow\">\n<h4 class=\"wp-block-heading\">Sopwith Snipe<\/h4>\n\n\n\n<p>Le Snipe entra en action vers la fin de la Premi\u00e8re Guerre mondiale. Il \u00e9tait plus gros, plus lourd et plus durable que le Sopwith Camel (qu&rsquo;il rempla\u00e7a) et il \u00e9tait plus facile \u00e0 manoeuvrer. Le Snipe portait deux mitrailleuses Vickers de 0,303 pouce et pouvait \u00e9galement emporter 100 livres (45 kg) de bombes. L&rsquo;exploit qui valut la Croix de Victoria \u00e0 William Barker est l&rsquo;histoire la plus connue impliquant le Snipe.<\/p>\n<\/div>\n\n\n\n<div class=\"wp-block-column is-layout-flow wp-block-column-is-layout-flow\" style=\"flex-basis:213px\">\n<figure class=\"wp-block-image size-full is-resized image-right\"><img loading=\"lazy\" decoding=\"async\" src=\"http:\/\/forvalour.ca\/wp-content\/uploads\/2021\/09\/sopwith-snipe-002.jpg\" alt=\"Sopwith Snipe\" class=\"wp-image-836\" width=\"213\" height=\"125\"\/><\/figure>\n<\/div>\n<\/div>\n\n\n\n<div class=\"wp-block-columns is-layout-flex wp-container-core-columns-is-layout-9d6595d7 wp-block-columns-is-layout-flex\">\n<div class=\"wp-block-column is-layout-flow wp-block-column-is-layout-flow\">\n<h4 class=\"wp-block-heading\">Armstrong Whitworth FK8<\/h4>\n\n\n\n<p>Surnomm\u00e9 \u00ab Ack-W \u00bb ou \u00ab Big Ack \u00bb, the F.K.8 \u00e9tait un biplan biplace fiable mais lourdaud qui \u00e9tait populaire parmi les pilotes de la Premi\u00e8re Guerre mondiale. En plus de son pilote et de l&rsquo;observateur ou d&rsquo;un mitrailleur, l&rsquo;Ack-W pouvait transporter 70 kilogrammes de bombes. Il \u00e9tait souvent utilis\u00e9 pour la reconnaissance, le rep\u00e9rage de l&rsquo;artillerie et le bombardement l\u00e9ger. Le Big Ack pouvait atteindre des vitesses allant jusqu&rsquo;\u00e0 140 km\/h et une altitude de 13 000 pi (4 000 m). Il avait une autonomie de vol de 380 km.<\/p>\n<\/div>\n\n\n\n<div class=\"wp-block-column is-layout-flow wp-block-column-is-layout-flow\" style=\"flex-basis:213px\">\n<figure class=\"wp-block-image size-full image-right\"><img loading=\"lazy\" decoding=\"async\" width=\"213\" height=\"125\" src=\"http:\/\/forvalour.ca\/wp-content\/uploads\/2021\/09\/armstrong-whitworth-002.jpg\" alt=\"Armstrong Whitworth FK8\" class=\"wp-image-838\"\/><\/figure>\n<\/div>\n<\/div>\n\n\n\n<div class=\"wp-block-columns is-layout-flex wp-container-core-columns-is-layout-9d6595d7 wp-block-columns-is-layout-flex\">\n<div class=\"wp-block-column is-layout-flow wp-block-column-is-layout-flow\">\n<h4 class=\"wp-block-heading\">Consolidated Canso<\/h4>\n\n\n\n<p>Cet appareil de la Deuxi\u00e8me Guerre mondiale \u00e9tait un hydravion, appareil qui pouvait d\u00e9coller et atterrir sur l&rsquo;eau. Ces avions pouvaient demeurer dans les airs pendant de longues p\u00e9riodes et pouvaient parcourir de grandes distances. Un Canso pouvait \u00eatre arm\u00e9 de diverses torpilles, grenades sous-marines et bombes, de bonnes armes pour combattre les U-boot et les sous-marins. Par cons\u00e9quent, on l&rsquo;utilisait surtout pour les patrouilles c\u00f4ti\u00e8res au cours de la guerre.<\/p>\n<\/div>\n\n\n\n<div class=\"wp-block-column is-layout-flow wp-block-column-is-layout-flow\" style=\"flex-basis:213px\">\n<figure class=\"wp-block-image size-full is-resized image-right\"><img loading=\"lazy\" decoding=\"async\" src=\"http:\/\/forvalour.ca\/wp-content\/uploads\/2021\/09\/consolidated-canso-002.jpg\" alt=\"Consolidated Canso\" class=\"wp-image-840\" width=\"213\" height=\"125\"\/><\/figure>\n<\/div>\n<\/div>\n\n\n\n<div class=\"wp-block-columns is-layout-flex wp-container-core-columns-is-layout-9d6595d7 wp-block-columns-is-layout-flex\">\n<div class=\"wp-block-column is-layout-flow wp-block-column-is-layout-flow\">\n<h4 class=\"wp-block-heading\">Avro Lancaster<\/h4>\n\n\n\n<p>Les bombardiers Avro Lancaster (surnomm\u00e9s \u00ab Lanc \u00bb ou \u00ab Lankie \u00bb) \u00e9taient de gros avions utilis\u00e9s par la RAF et le CARC au cours des quatre derni\u00e8res ann\u00e9es de la Deuxi\u00e8me Guerre mondiale. Entra\u00een\u00e9 par quatre moteurs Merlin, le Lanc pouvait voler \u00e0 une vitesse sup\u00e9rieure \u00e0 400 km\/h et pouvait \u00eatre charg\u00e9 de pr\u00e8s de 10 000 kilogrammes de bombes. Des mitrailleuses Browning Mark II \u00e9taient situ\u00e9es dans des tourelles avant, centrales et arri\u00e8re pour combattre les avions ennemis. Il fallait sept membres d&rsquo;\u00e9quipage pour faire voler le Lancaster lors d&rsquo;une mission de bombardement type.<\/p>\n<\/div>\n\n\n\n<div class=\"wp-block-column is-layout-flow wp-block-column-is-layout-flow\" style=\"flex-basis:213px\">\n<figure class=\"wp-block-image size-full image-right\"><img loading=\"lazy\" decoding=\"async\" width=\"213\" height=\"125\" src=\"http:\/\/forvalour.ca\/wp-content\/uploads\/2021\/09\/lancaster-003.jpg\" alt=\"Avro Lancaster\" class=\"wp-image-842\"\/><\/figure>\n<\/div>\n<\/div>\n\n\n\n<div class=\"wp-block-columns is-layout-flex wp-container-core-columns-is-layout-9d6595d7 wp-block-columns-is-layout-flex\">\n<div class=\"wp-block-column is-layout-flow wp-block-column-is-layout-flow\">\n<h4 class=\"wp-block-heading\">Nieuport 17<\/h4>\n\n\n\n<p>Le Nieuport 17 avait un moteur plus gros et de plus grandes ailes que le Nieuport 11 qui l&rsquo;avait pr\u00e9c\u00e9d\u00e9. M\u00eame s&rsquo;il \u00e9tait plus gros, il se manoeuvrait et prenait de l&rsquo;altitude tr\u00e8s ais\u00e9ment. Beaucoup des victoires de William Bishop ont \u00e9t\u00e9 remport\u00e9es dans le cockpit de ce Nieuport. Son avion se distinguait des autres en raison de son nez, que Bishop avait peint en bleu.<\/p>\n<\/div>\n\n\n\n<div class=\"wp-block-column is-layout-flow wp-block-column-is-layout-flow\" style=\"flex-basis:213px\">\n<figure class=\"wp-block-image size-full image-right\"><img loading=\"lazy\" decoding=\"async\" width=\"213\" height=\"125\" src=\"http:\/\/forvalour.ca\/wp-content\/uploads\/2021\/09\/nieuport-17-002.jpg\" alt=\"Nieuport 17\" class=\"wp-image-845\"\/><\/figure>\n<\/div>\n<\/div>\n\n\n\n<div class=\"wp-block-columns is-layout-flex wp-container-core-columns-is-layout-9d6595d7 wp-block-columns-is-layout-flex\">\n<div class=\"wp-block-column is-layout-flow wp-block-column-is-layout-flow\">\n<h4 class=\"wp-block-heading\">Junkers Ju 88<\/h4>\n\n\n\n<p>Le Ju 88 \u00e9tait utilis\u00e9 par la Luftwaffe allemande au cours de la Deuxi\u00e8me Guerre mondiale. C&rsquo;\u00e9tait un avion bimoteur utilis\u00e9 pour diverses missions : espionnage, bombardement, combats en r\u00e8gle et plus. Il y en avait 600 versions diff\u00e9rentes en op\u00e9ration. Au total, pr\u00e8s de 15 000 furent fabriqu\u00e9s au cours de la guerre. La plupart d&rsquo;entre eux pouvaient emporter environ 3 000 kilogrammes de bombes, ainsi que quatre membres d&rsquo;\u00e9quipage et des mitrailleuses.<\/p>\n<\/div>\n\n\n\n<div class=\"wp-block-column is-layout-flow wp-block-column-is-layout-flow\" style=\"flex-basis:213px\">\n<figure class=\"wp-block-image size-full image-right\"><img loading=\"lazy\" decoding=\"async\" width=\"213\" height=\"125\" src=\"http:\/\/forvalour.ca\/wp-content\/uploads\/2021\/09\/junkers-ju-88-001.jpg\" alt=\"Junkers Ju 88\" class=\"wp-image-848\"\/><\/figure>\n<\/div>\n<\/div>\n","protected":false},"excerpt":{"rendered":"<p>Sopwith Snipe Le Snipe entra en action vers la fin de la Premi\u00e8re Guerre mondiale. Il \u00e9tait plus gros, plus lourd et plus durable que le Sopwith Camel (qu&rsquo;il rempla\u00e7a) et il \u00e9tait plus facile \u00e0 manoeuvrer. Le Snipe portait deux mitrailleuses Vickers de 0,303 pouce et pouvait \u00e9galement emporter 100 livres (45 kg) de [&hellip;]<\/p>\n","protected":false},"author":1,"featured_media":0,"parent":0,"menu_order":0,"comment_status":"closed","ping_status":"closed","template":"","meta":{"_acf_changed":false,"footnotes":""},"class_list":["post-2767","page","type-page","status-publish","hentry"],"acf":[],"yoast_head":"<!-- This site is optimized with the Yoast SEO plugin v27.3 - https:\/\/yoast.com\/product\/yoast-seo-wordpress\/ -->\n<title>Outils de Guerre - Pour Bravoure - aviateurs canadiens et la Croix de Victoria<\/title>\n<meta name=\"robots\" content=\"index, follow, max-snippet:-1, max-image-preview:large, max-video-preview:-1\" \/>\n<link rel=\"canonical\" href=\"https:\/\/forvalour.ca\/fr\/outils-de-guerre\/\" \/>\n<meta property=\"og:locale\" content=\"fr_FR\" \/>\n<meta property=\"og:type\" content=\"article\" \/>\n<meta property=\"og:title\" content=\"Outils de Guerre - Pour Bravoure - aviateurs canadiens et la Croix de Victoria\" \/>\n<meta property=\"og:description\" content=\"Sopwith Snipe Le Snipe entra en action vers la fin de la Premi\u00e8re Guerre mondiale. Il \u00e9tait plus gros, plus lourd et plus durable que le Sopwith Camel (qu&rsquo;il rempla\u00e7a) et il \u00e9tait plus facile \u00e0 manoeuvrer. Le Snipe portait deux mitrailleuses Vickers de 0,303 pouce et pouvait \u00e9galement emporter 100 livres (45 kg) de [&hellip;]\" \/>\n<meta property=\"og:url\" content=\"https:\/\/forvalour.ca\/fr\/outils-de-guerre\/\" \/>\n<meta property=\"og:site_name\" content=\"Pour Bravoure - aviateurs canadiens et la Croix de Victoria\" \/>\n<meta property=\"article:modified_time\" content=\"2021-09-24T15:13:28+00:00\" \/>\n<meta property=\"og:image\" content=\"http:\/\/forvalour.ca\/wp-content\/uploads\/2021\/09\/sopwith-snipe-002.jpg\" \/>\n<meta name=\"twitter:card\" content=\"summary_large_image\" \/>\n<meta name=\"twitter:label1\" content=\"Dur\u00e9e de lecture estim\u00e9e\" \/>\n\t<meta name=\"twitter:data1\" content=\"4 minutes\" \/>\n<script type=\"application\/ld+json\" class=\"yoast-schema-graph\">{\"@context\":\"https:\\\/\\\/schema.org\",\"@graph\":[{\"@type\":\"WebPage\",\"@id\":\"https:\\\/\\\/forvalour.ca\\\/fr\\\/outils-de-guerre\\\/\",\"url\":\"https:\\\/\\\/forvalour.ca\\\/fr\\\/outils-de-guerre\\\/\",\"name\":\"Outils de Guerre - Pour Bravoure - aviateurs canadiens et la Croix de Victoria\",\"isPartOf\":{\"@id\":\"https:\\\/\\\/forvalour.ca\\\/fr\\\/#website\"},\"primaryImageOfPage\":{\"@id\":\"https:\\\/\\\/forvalour.ca\\\/fr\\\/outils-de-guerre\\\/#primaryimage\"},\"image\":{\"@id\":\"https:\\\/\\\/forvalour.ca\\\/fr\\\/outils-de-guerre\\\/#primaryimage\"},\"thumbnailUrl\":\"http:\\\/\\\/forvalour.ca\\\/wp-content\\\/uploads\\\/2021\\\/09\\\/sopwith-snipe-002.jpg\",\"datePublished\":\"2021-09-24T15:13:27+00:00\",\"dateModified\":\"2021-09-24T15:13:28+00:00\",\"breadcrumb\":{\"@id\":\"https:\\\/\\\/forvalour.ca\\\/fr\\\/outils-de-guerre\\\/#breadcrumb\"},\"inLanguage\":\"fr-FR\",\"potentialAction\":[{\"@type\":\"ReadAction\",\"target\":[\"https:\\\/\\\/forvalour.ca\\\/fr\\\/outils-de-guerre\\\/\"]}]},{\"@type\":\"ImageObject\",\"inLanguage\":\"fr-FR\",\"@id\":\"https:\\\/\\\/forvalour.ca\\\/fr\\\/outils-de-guerre\\\/#primaryimage\",\"url\":\"http:\\\/\\\/forvalour.ca\\\/wp-content\\\/uploads\\\/2021\\\/09\\\/sopwith-snipe-002.jpg\",\"contentUrl\":\"http:\\\/\\\/forvalour.ca\\\/wp-content\\\/uploads\\\/2021\\\/09\\\/sopwith-snipe-002.jpg\"},{\"@type\":\"BreadcrumbList\",\"@id\":\"https:\\\/\\\/forvalour.ca\\\/fr\\\/outils-de-guerre\\\/#breadcrumb\",\"itemListElement\":[{\"@type\":\"ListItem\",\"position\":1,\"name\":\"Home\",\"item\":\"https:\\\/\\\/forvalour.ca\\\/fr\\\/\"},{\"@type\":\"ListItem\",\"position\":2,\"name\":\"Outils de Guerre\"}]},{\"@type\":\"WebSite\",\"@id\":\"https:\\\/\\\/forvalour.ca\\\/fr\\\/#website\",\"url\":\"https:\\\/\\\/forvalour.ca\\\/fr\\\/\",\"name\":\"For Valour\",\"description\":\"Canadian Airmen and the Victoria Cross\",\"publisher\":{\"@id\":\"https:\\\/\\\/forvalour.ca\\\/fr\\\/#organization\"},\"potentialAction\":[{\"@type\":\"SearchAction\",\"target\":{\"@type\":\"EntryPoint\",\"urlTemplate\":\"https:\\\/\\\/forvalour.ca\\\/fr\\\/?s={search_term_string}\"},\"query-input\":{\"@type\":\"PropertyValueSpecification\",\"valueRequired\":true,\"valueName\":\"search_term_string\"}}],\"inLanguage\":\"fr-FR\"},{\"@type\":\"Organization\",\"@id\":\"https:\\\/\\\/forvalour.ca\\\/fr\\\/#organization\",\"name\":\"For Valour\",\"url\":\"https:\\\/\\\/forvalour.ca\\\/fr\\\/\",\"logo\":{\"@type\":\"ImageObject\",\"inLanguage\":\"fr-FR\",\"@id\":\"https:\\\/\\\/forvalour.ca\\\/fr\\\/#\\\/schema\\\/logo\\\/image\\\/\",\"url\":\"https:\\\/\\\/forvalour.ca\\\/wp-content\\\/uploads\\\/2021\\\/09\\\/cropped-for-valour-medal-new.png\",\"contentUrl\":\"https:\\\/\\\/forvalour.ca\\\/wp-content\\\/uploads\\\/2021\\\/09\\\/cropped-for-valour-medal-new.png\",\"width\":512,\"height\":512,\"caption\":\"For Valour\"},\"image\":{\"@id\":\"https:\\\/\\\/forvalour.ca\\\/fr\\\/#\\\/schema\\\/logo\\\/image\\\/\"},\"sameAs\":[\"https:\\\/\\\/www.youtube.com\\\/channel\\\/UCRYVbXOUahuy0lj2UCo1Cag\"]}]}<\/script>\n<!-- \/ Yoast SEO plugin. -->","yoast_head_json":{"title":"Outils de Guerre - Pour Bravoure - aviateurs canadiens et la Croix de Victoria","robots":{"index":"index","follow":"follow","max-snippet":"max-snippet:-1","max-image-preview":"max-image-preview:large","max-video-preview":"max-video-preview:-1"},"canonical":"https:\/\/forvalour.ca\/fr\/outils-de-guerre\/","og_locale":"fr_FR","og_type":"article","og_title":"Outils de Guerre - Pour Bravoure - aviateurs canadiens et la Croix de Victoria","og_description":"Sopwith Snipe Le Snipe entra en action vers la fin de la Premi\u00e8re Guerre mondiale. Il \u00e9tait plus gros, plus lourd et plus durable que le Sopwith Camel (qu&rsquo;il rempla\u00e7a) et il \u00e9tait plus facile \u00e0 manoeuvrer. Le Snipe portait deux mitrailleuses Vickers de 0,303 pouce et pouvait \u00e9galement emporter 100 livres (45 kg) de [&hellip;]","og_url":"https:\/\/forvalour.ca\/fr\/outils-de-guerre\/","og_site_name":"Pour Bravoure - aviateurs canadiens et la Croix de Victoria","article_modified_time":"2021-09-24T15:13:28+00:00","og_image":[{"url":"http:\/\/forvalour.ca\/wp-content\/uploads\/2021\/09\/sopwith-snipe-002.jpg","type":"","width":"","height":""}],"twitter_card":"summary_large_image","twitter_misc":{"Dur\u00e9e de lecture estim\u00e9e":"4 minutes"},"schema":{"@context":"https:\/\/schema.org","@graph":[{"@type":"WebPage","@id":"https:\/\/forvalour.ca\/fr\/outils-de-guerre\/","url":"https:\/\/forvalour.ca\/fr\/outils-de-guerre\/","name":"Outils de Guerre - Pour Bravoure - aviateurs canadiens et la Croix de Victoria","isPartOf":{"@id":"https:\/\/forvalour.ca\/fr\/#website"},"primaryImageOfPage":{"@id":"https:\/\/forvalour.ca\/fr\/outils-de-guerre\/#primaryimage"},"image":{"@id":"https:\/\/forvalour.ca\/fr\/outils-de-guerre\/#primaryimage"},"thumbnailUrl":"http:\/\/forvalour.ca\/wp-content\/uploads\/2021\/09\/sopwith-snipe-002.jpg","datePublished":"2021-09-24T15:13:27+00:00","dateModified":"2021-09-24T15:13:28+00:00","breadcrumb":{"@id":"https:\/\/forvalour.ca\/fr\/outils-de-guerre\/#breadcrumb"},"inLanguage":"fr-FR","potentialAction":[{"@type":"ReadAction","target":["https:\/\/forvalour.ca\/fr\/outils-de-guerre\/"]}]},{"@type":"ImageObject","inLanguage":"fr-FR","@id":"https:\/\/forvalour.ca\/fr\/outils-de-guerre\/#primaryimage","url":"http:\/\/forvalour.ca\/wp-content\/uploads\/2021\/09\/sopwith-snipe-002.jpg","contentUrl":"http:\/\/forvalour.ca\/wp-content\/uploads\/2021\/09\/sopwith-snipe-002.jpg"},{"@type":"BreadcrumbList","@id":"https:\/\/forvalour.ca\/fr\/outils-de-guerre\/#breadcrumb","itemListElement":[{"@type":"ListItem","position":1,"name":"Home","item":"https:\/\/forvalour.ca\/fr\/"},{"@type":"ListItem","position":2,"name":"Outils de Guerre"}]},{"@type":"WebSite","@id":"https:\/\/forvalour.ca\/fr\/#website","url":"https:\/\/forvalour.ca\/fr\/","name":"For Valour","description":"Canadian Airmen and the Victoria Cross","publisher":{"@id":"https:\/\/forvalour.ca\/fr\/#organization"},"potentialAction":[{"@type":"SearchAction","target":{"@type":"EntryPoint","urlTemplate":"https:\/\/forvalour.ca\/fr\/?s={search_term_string}"},"query-input":{"@type":"PropertyValueSpecification","valueRequired":true,"valueName":"search_term_string"}}],"inLanguage":"fr-FR"},{"@type":"Organization","@id":"https:\/\/forvalour.ca\/fr\/#organization","name":"For Valour","url":"https:\/\/forvalour.ca\/fr\/","logo":{"@type":"ImageObject","inLanguage":"fr-FR","@id":"https:\/\/forvalour.ca\/fr\/#\/schema\/logo\/image\/","url":"https:\/\/forvalour.ca\/wp-content\/uploads\/2021\/09\/cropped-for-valour-medal-new.png","contentUrl":"https:\/\/forvalour.ca\/wp-content\/uploads\/2021\/09\/cropped-for-valour-medal-new.png","width":512,"height":512,"caption":"For Valour"},"image":{"@id":"https:\/\/forvalour.ca\/fr\/#\/schema\/logo\/image\/"},"sameAs":["https:\/\/www.youtube.com\/channel\/UCRYVbXOUahuy0lj2UCo1Cag"]}]}},"_links":{"self":[{"href":"https:\/\/forvalour.ca\/fr\/wp-json\/wp\/v2\/pages\/2767","targetHints":{"allow":["GET"]}}],"collection":[{"href":"https:\/\/forvalour.ca\/fr\/wp-json\/wp\/v2\/pages"}],"about":[{"href":"https:\/\/forvalour.ca\/fr\/wp-json\/wp\/v2\/types\/page"}],"author":[{"embeddable":true,"href":"https:\/\/forvalour.ca\/fr\/wp-json\/wp\/v2\/users\/1"}],"replies":[{"embeddable":true,"href":"https:\/\/forvalour.ca\/fr\/wp-json\/wp\/v2\/comments?post=2767"}],"version-history":[{"count":1,"href":"https:\/\/forvalour.ca\/fr\/wp-json\/wp\/v2\/pages\/2767\/revisions"}],"predecessor-version":[{"id":2768,"href":"https:\/\/forvalour.ca\/fr\/wp-json\/wp\/v2\/pages\/2767\/revisions\/2768"}],"wp:attachment":[{"href":"https:\/\/forvalour.ca\/fr\/wp-json\/wp\/v2\/media?parent=2767"}],"curies":[{"name":"wp","href":"https:\/\/api.w.org\/{rel}","templated":true}]}}