{"id":2789,"date":"2021-09-24T11:20:17","date_gmt":"2021-09-24T16:20:17","guid":{"rendered":"https:\/\/forvalour.ca\/?page_id=2789"},"modified":"2021-10-06T20:42:06","modified_gmt":"2021-10-07T01:42:06","slug":"schrage-musik","status":"publish","type":"page","link":"https:\/\/forvalour.ca\/fr\/schrage-musik\/","title":{"rendered":"Schr\u00e4ge Musik"},"content":{"rendered":"\n<div class=\"wp-block-columns is-layout-flex wp-container-core-columns-is-layout-9d6595d7 wp-block-columns-is-layout-flex\">\n<div class=\"wp-block-column is-layout-flow wp-block-column-is-layout-flow\">\n<h4 class=\"wp-block-heading\">Image 1<\/h4>\n\n\n\n<p>Le Ju88 \u00e9tait l&rsquo;un des chasseurs de nuit allemands les plus efficaces. On a attribu\u00e9 son succ\u00e8s contre le&nbsp;Bomber Command&nbsp;au fait qu&rsquo;il \u00e9tait \u00e9quip\u00e9 de mitrailleuses orient\u00e9es vers le haut qui lui permettaient d&rsquo;attaquer d&rsquo;en dessous.<\/p>\n<\/div>\n\n\n\n<div class=\"wp-block-column is-layout-flow wp-block-column-is-layout-flow\" style=\"flex-basis:360px\">\n<figure class=\"wp-block-image size-full image-right\"><img loading=\"lazy\" decoding=\"async\" width=\"720\" height=\"480\" src=\"https:\/\/forvalour.ca\/wp-content\/uploads\/2021\/09\/schrage-001.jpg\" alt=\"Mod\u00e8le de Ju88 avec mitrailleuses indiqu\u00e9es\" class=\"wp-image-1637\" srcset=\"https:\/\/forvalour.ca\/wp-content\/uploads\/2021\/09\/schrage-001.jpg 720w, https:\/\/forvalour.ca\/wp-content\/uploads\/2021\/09\/schrage-001-300x200.jpg 300w, https:\/\/forvalour.ca\/wp-content\/uploads\/2021\/09\/schrage-001-150x100.jpg 150w\" sizes=\"auto, (max-width: 720px) 100vw, 720px\" \/><\/figure>\n<\/div>\n<\/div>\n\n\n\n<div class=\"wp-block-columns is-layout-flex wp-container-core-columns-is-layout-9d6595d7 wp-block-columns-is-layout-flex\">\n<div class=\"wp-block-column is-layout-flow wp-block-column-is-layout-flow\">\n<h4 class=\"wp-block-heading\">Image 2<\/h4>\n\n\n\n<p>Surnomm\u00e9&nbsp;<em>Schr\u00e4ge Musik<\/em>, expression famili\u00e8re qui signifie \u00ab jazz \u00bb en allemand, le syst\u00e8me permettant l&rsquo;attaque par en dessous pr\u00e9sentait l&rsquo;avantage que l&rsquo;\u00e9quipage du Ju88 pouvait observer et identifier la silhouette de l&rsquo;avion se d\u00e9tachant sur le ciel avant d&rsquo;attaquer.<\/p>\n<\/div>\n\n\n\n<div class=\"wp-block-column is-layout-flow wp-block-column-is-layout-flow\" style=\"flex-basis:300px\">\n<figure class=\"wp-block-image size-full image-right\"><img loading=\"lazy\" decoding=\"async\" width=\"300\" height=\"200\" src=\"https:\/\/forvalour.ca\/wp-content\/uploads\/2021\/09\/schrage-002.jpg\" alt=\"Silhouette d'un avion vue d'en bas\" class=\"wp-image-1639\" srcset=\"https:\/\/forvalour.ca\/wp-content\/uploads\/2021\/09\/schrage-002.jpg 300w, https:\/\/forvalour.ca\/wp-content\/uploads\/2021\/09\/schrage-002-150x100.jpg 150w\" sizes=\"auto, (max-width: 300px) 100vw, 300px\" \/><\/figure>\n<\/div>\n<\/div>\n\n\n\n<div class=\"wp-block-columns is-layout-flex wp-container-core-columns-is-layout-9d6595d7 wp-block-columns-is-layout-flex\">\n<div class=\"wp-block-column is-layout-flow wp-block-column-is-layout-flow\">\n<h4 class=\"wp-block-heading\">Image 3<\/h4>\n\n\n\n<p>La plupart des bombardiers britanniques ne comportaient pas de tourelles ventrales et l&rsquo;\u00e9quipage ne pouvait pas voir le chasseur de nuit sur l&rsquo;arri\u00e8re-plan obscur de sol, ni se d\u00e9fendre d&rsquo;en dessous.<\/p>\n<\/div>\n\n\n\n<div class=\"wp-block-column is-layout-flow wp-block-column-is-layout-flow\" style=\"flex-basis:300px\">\n<figure class=\"wp-block-image size-full image-right\"><img loading=\"lazy\" decoding=\"async\" width=\"300\" height=\"200\" src=\"https:\/\/forvalour.ca\/wp-content\/uploads\/2021\/09\/schrage-003-fra.jpg\" alt=\"Sch\u00e9ma montrant l'arc de tir de bombardiers britanniques\" class=\"wp-image-2808\" srcset=\"https:\/\/forvalour.ca\/wp-content\/uploads\/2021\/09\/schrage-003-fra.jpg 300w, https:\/\/forvalour.ca\/wp-content\/uploads\/2021\/09\/schrage-003-fra-150x100.jpg 150w\" sizes=\"auto, (max-width: 300px) 100vw, 300px\" \/><\/figure>\n<\/div>\n<\/div>\n\n\n\n<div class=\"wp-block-columns is-layout-flex wp-container-core-columns-is-layout-9d6595d7 wp-block-columns-is-layout-flex\">\n<div class=\"wp-block-column is-layout-flow wp-block-column-is-layout-flow\">\n<h4 class=\"wp-block-heading\">Image 4<\/h4>\n\n\n\n<p>Les chasseurs de nuit prenaient soin de viser les r\u00e9servoirs de carburant. S&rsquo;ils atteignaient le fuselage, l&rsquo;explosion des bombes pouvait endommager l&rsquo;attaquant.<\/p>\n<\/div>\n\n\n\n<div class=\"wp-block-column is-layout-flow wp-block-column-is-layout-flow\" style=\"flex-basis:300px\">\n<figure class=\"wp-block-image size-full image-right\"><img loading=\"lazy\" decoding=\"async\" width=\"300\" height=\"200\" src=\"https:\/\/forvalour.ca\/wp-content\/uploads\/2021\/09\/schrage-004.jpg\" alt=\"Silhouette d'un avion vue d'en bas avec ailes mises en relief comme cibles privil\u00e9gi\u00e9es\" class=\"wp-image-1644\" srcset=\"https:\/\/forvalour.ca\/wp-content\/uploads\/2021\/09\/schrage-004.jpg 300w, https:\/\/forvalour.ca\/wp-content\/uploads\/2021\/09\/schrage-004-150x100.jpg 150w\" sizes=\"auto, (max-width: 300px) 100vw, 300px\" \/><\/figure>\n<\/div>\n<\/div>\n\n\n\n<div class=\"wp-block-columns is-layout-flex wp-container-core-columns-is-layout-9d6595d7 wp-block-columns-is-layout-flex\">\n<div class=\"wp-block-column is-layout-flow wp-block-column-is-layout-flow\">\n<h4 class=\"wp-block-heading\">Image 5<\/h4>\n\n\n\n<p>Le syst\u00e8me&nbsp;<em>Schr\u00e4ge Musik<\/em>&nbsp;eut des r\u00e9sultats d\u00e9vastateurs \u00e0 l&rsquo;hiver 1943-1944. Le&nbsp;RAF Bomber Command&nbsp;\u00e9tait incapable de combattre ce que les \u00e9quipages ne pouvaient pas voir. Ce n&rsquo;est qu&rsquo;apr\u00e8s avoir inspect\u00e9 plusieurs bombardiers endommag\u00e9s qu&rsquo;on a compris que les attaques venaient d&rsquo;en dessous.<\/p>\n<\/div>\n\n\n\n<div class=\"wp-block-column is-layout-flow wp-block-column-is-layout-flow\" style=\"flex-basis:300px\">\n<div class=\"wp-block-image image-right\"><figure class=\"aligncenter size-full\"><img loading=\"lazy\" decoding=\"async\" width=\"732\" height=\"1156\" src=\"https:\/\/forvalour.ca\/wp-content\/uploads\/2021\/09\/schrage-006.jpg\" alt=\"Photo d'une mitrailleuse tirant sur un bombardier\" class=\"wp-image-1647\" srcset=\"https:\/\/forvalour.ca\/wp-content\/uploads\/2021\/09\/schrage-006.jpg 732w, https:\/\/forvalour.ca\/wp-content\/uploads\/2021\/09\/schrage-006-190x300.jpg 190w, https:\/\/forvalour.ca\/wp-content\/uploads\/2021\/09\/schrage-006-648x1024.jpg 648w\" sizes=\"auto, (max-width: 732px) 100vw, 732px\" \/><\/figure><\/div>\n<\/div>\n<\/div>\n\n\n\n<div class=\"wp-block-columns is-layout-flex wp-container-core-columns-is-layout-9d6595d7 wp-block-columns-is-layout-flex\">\n<div class=\"wp-block-column is-layout-flow wp-block-column-is-layout-flow\">\n<h4 class=\"wp-block-heading\">Image 6<\/h4>\n\n\n\n<p>Les chasseurs de nuit rep\u00e9raient leurs proies par radar. Le radar localise des objets en \u00e9mettant des impulsions radio et en mesurant le temps qu&rsquo;il faut pour que ces impulsions soient retourn\u00e9es \u00e0 la source.<\/p>\n<\/div>\n\n\n\n<div class=\"wp-block-column is-layout-flow wp-block-column-is-layout-flow\" style=\"flex-basis:300px\">\n<figure class=\"wp-block-image size-full image-right\"><img loading=\"lazy\" decoding=\"async\" width=\"300\" height=\"200\" src=\"https:\/\/forvalour.ca\/wp-content\/uploads\/2021\/09\/schrage-007.jpg\" alt=\"Sch\u00e9ma d'impulsions radar en direction d'un bombardier\" class=\"wp-image-1651\" srcset=\"https:\/\/forvalour.ca\/wp-content\/uploads\/2021\/09\/schrage-007.jpg 300w, https:\/\/forvalour.ca\/wp-content\/uploads\/2021\/09\/schrage-007-150x100.jpg 150w\" sizes=\"auto, (max-width: 300px) 100vw, 300px\" \/><\/figure>\n<\/div>\n<\/div>\n","protected":false},"excerpt":{"rendered":"<p>Image 1 Le Ju88 \u00e9tait l&rsquo;un des chasseurs de nuit allemands les plus efficaces. On a attribu\u00e9 son succ\u00e8s contre le&nbsp;Bomber Command&nbsp;au fait qu&rsquo;il \u00e9tait \u00e9quip\u00e9 de mitrailleuses orient\u00e9es vers le haut qui lui permettaient d&rsquo;attaquer d&rsquo;en dessous. Image 2 Surnomm\u00e9&nbsp;Schr\u00e4ge Musik, expression famili\u00e8re qui signifie \u00ab jazz \u00bb en allemand, le syst\u00e8me permettant l&rsquo;attaque [&hellip;]<\/p>\n","protected":false},"author":1,"featured_media":0,"parent":0,"menu_order":0,"comment_status":"closed","ping_status":"closed","template":"","meta":{"_acf_changed":false,"footnotes":""},"class_list":["post-2789","page","type-page","status-publish","hentry"],"acf":[],"yoast_head":"<!-- This site is optimized with the Yoast SEO plugin v27.3 - https:\/\/yoast.com\/product\/yoast-seo-wordpress\/ -->\n<title>Schr\u00e4ge Musik - Pour Bravoure - aviateurs canadiens et la Croix de Victoria<\/title>\n<meta name=\"robots\" content=\"index, follow, max-snippet:-1, max-image-preview:large, max-video-preview:-1\" \/>\n<link rel=\"canonical\" href=\"https:\/\/forvalour.ca\/fr\/schrage-musik\/\" \/>\n<meta property=\"og:locale\" content=\"fr_FR\" \/>\n<meta property=\"og:type\" content=\"article\" \/>\n<meta property=\"og:title\" content=\"Schr\u00e4ge Musik - Pour Bravoure - aviateurs canadiens et la Croix de Victoria\" \/>\n<meta property=\"og:description\" content=\"Image 1 Le Ju88 \u00e9tait l&rsquo;un des chasseurs de nuit allemands les plus efficaces. On a attribu\u00e9 son succ\u00e8s contre le&nbsp;Bomber Command&nbsp;au fait qu&rsquo;il \u00e9tait \u00e9quip\u00e9 de mitrailleuses orient\u00e9es vers le haut qui lui permettaient d&rsquo;attaquer d&rsquo;en dessous. Image 2 Surnomm\u00e9&nbsp;Schr\u00e4ge Musik, expression famili\u00e8re qui signifie \u00ab jazz \u00bb en allemand, le syst\u00e8me permettant l&rsquo;attaque [&hellip;]\" \/>\n<meta property=\"og:url\" content=\"https:\/\/forvalour.ca\/fr\/schrage-musik\/\" \/>\n<meta property=\"og:site_name\" content=\"Pour Bravoure - aviateurs canadiens et la Croix de Victoria\" \/>\n<meta property=\"article:modified_time\" content=\"2021-10-07T01:42:06+00:00\" \/>\n<meta property=\"og:image\" content=\"https:\/\/forvalour.ca\/wp-content\/uploads\/2021\/09\/schrage-001.jpg\" \/>\n<meta name=\"twitter:card\" content=\"summary_large_image\" \/>\n<meta name=\"twitter:label1\" content=\"Dur\u00e9e de lecture estim\u00e9e\" \/>\n\t<meta name=\"twitter:data1\" content=\"3 minutes\" \/>\n<script type=\"application\/ld+json\" class=\"yoast-schema-graph\">{\"@context\":\"https:\\\/\\\/schema.org\",\"@graph\":[{\"@type\":\"WebPage\",\"@id\":\"https:\\\/\\\/forvalour.ca\\\/fr\\\/schrage-musik\\\/\",\"url\":\"https:\\\/\\\/forvalour.ca\\\/fr\\\/schrage-musik\\\/\",\"name\":\"Schr\u00e4ge Musik - Pour Bravoure - aviateurs canadiens et la Croix de Victoria\",\"isPartOf\":{\"@id\":\"https:\\\/\\\/forvalour.ca\\\/fr\\\/#website\"},\"primaryImageOfPage\":{\"@id\":\"https:\\\/\\\/forvalour.ca\\\/fr\\\/schrage-musik\\\/#primaryimage\"},\"image\":{\"@id\":\"https:\\\/\\\/forvalour.ca\\\/fr\\\/schrage-musik\\\/#primaryimage\"},\"thumbnailUrl\":\"https:\\\/\\\/forvalour.ca\\\/wp-content\\\/uploads\\\/2021\\\/09\\\/schrage-001.jpg\",\"datePublished\":\"2021-09-24T16:20:17+00:00\",\"dateModified\":\"2021-10-07T01:42:06+00:00\",\"breadcrumb\":{\"@id\":\"https:\\\/\\\/forvalour.ca\\\/fr\\\/schrage-musik\\\/#breadcrumb\"},\"inLanguage\":\"fr-FR\",\"potentialAction\":[{\"@type\":\"ReadAction\",\"target\":[\"https:\\\/\\\/forvalour.ca\\\/fr\\\/schrage-musik\\\/\"]}]},{\"@type\":\"ImageObject\",\"inLanguage\":\"fr-FR\",\"@id\":\"https:\\\/\\\/forvalour.ca\\\/fr\\\/schrage-musik\\\/#primaryimage\",\"url\":\"https:\\\/\\\/forvalour.ca\\\/wp-content\\\/uploads\\\/2021\\\/09\\\/schrage-001.jpg\",\"contentUrl\":\"https:\\\/\\\/forvalour.ca\\\/wp-content\\\/uploads\\\/2021\\\/09\\\/schrage-001.jpg\"},{\"@type\":\"BreadcrumbList\",\"@id\":\"https:\\\/\\\/forvalour.ca\\\/fr\\\/schrage-musik\\\/#breadcrumb\",\"itemListElement\":[{\"@type\":\"ListItem\",\"position\":1,\"name\":\"Home\",\"item\":\"https:\\\/\\\/forvalour.ca\\\/fr\\\/\"},{\"@type\":\"ListItem\",\"position\":2,\"name\":\"Schr\u00e4ge Musik\"}]},{\"@type\":\"WebSite\",\"@id\":\"https:\\\/\\\/forvalour.ca\\\/fr\\\/#website\",\"url\":\"https:\\\/\\\/forvalour.ca\\\/fr\\\/\",\"name\":\"For Valour\",\"description\":\"Canadian Airmen and the Victoria Cross\",\"publisher\":{\"@id\":\"https:\\\/\\\/forvalour.ca\\\/fr\\\/#organization\"},\"potentialAction\":[{\"@type\":\"SearchAction\",\"target\":{\"@type\":\"EntryPoint\",\"urlTemplate\":\"https:\\\/\\\/forvalour.ca\\\/fr\\\/?s={search_term_string}\"},\"query-input\":{\"@type\":\"PropertyValueSpecification\",\"valueRequired\":true,\"valueName\":\"search_term_string\"}}],\"inLanguage\":\"fr-FR\"},{\"@type\":\"Organization\",\"@id\":\"https:\\\/\\\/forvalour.ca\\\/fr\\\/#organization\",\"name\":\"For Valour\",\"url\":\"https:\\\/\\\/forvalour.ca\\\/fr\\\/\",\"logo\":{\"@type\":\"ImageObject\",\"inLanguage\":\"fr-FR\",\"@id\":\"https:\\\/\\\/forvalour.ca\\\/fr\\\/#\\\/schema\\\/logo\\\/image\\\/\",\"url\":\"https:\\\/\\\/forvalour.ca\\\/wp-content\\\/uploads\\\/2021\\\/09\\\/cropped-for-valour-medal-new.png\",\"contentUrl\":\"https:\\\/\\\/forvalour.ca\\\/wp-content\\\/uploads\\\/2021\\\/09\\\/cropped-for-valour-medal-new.png\",\"width\":512,\"height\":512,\"caption\":\"For Valour\"},\"image\":{\"@id\":\"https:\\\/\\\/forvalour.ca\\\/fr\\\/#\\\/schema\\\/logo\\\/image\\\/\"},\"sameAs\":[\"https:\\\/\\\/www.youtube.com\\\/channel\\\/UCRYVbXOUahuy0lj2UCo1Cag\"]}]}<\/script>\n<!-- \/ Yoast SEO plugin. -->","yoast_head_json":{"title":"Schr\u00e4ge Musik - Pour Bravoure - aviateurs canadiens et la Croix de Victoria","robots":{"index":"index","follow":"follow","max-snippet":"max-snippet:-1","max-image-preview":"max-image-preview:large","max-video-preview":"max-video-preview:-1"},"canonical":"https:\/\/forvalour.ca\/fr\/schrage-musik\/","og_locale":"fr_FR","og_type":"article","og_title":"Schr\u00e4ge Musik - Pour Bravoure - aviateurs canadiens et la Croix de Victoria","og_description":"Image 1 Le Ju88 \u00e9tait l&rsquo;un des chasseurs de nuit allemands les plus efficaces. On a attribu\u00e9 son succ\u00e8s contre le&nbsp;Bomber Command&nbsp;au fait qu&rsquo;il \u00e9tait \u00e9quip\u00e9 de mitrailleuses orient\u00e9es vers le haut qui lui permettaient d&rsquo;attaquer d&rsquo;en dessous. Image 2 Surnomm\u00e9&nbsp;Schr\u00e4ge Musik, expression famili\u00e8re qui signifie \u00ab jazz \u00bb en allemand, le syst\u00e8me permettant l&rsquo;attaque [&hellip;]","og_url":"https:\/\/forvalour.ca\/fr\/schrage-musik\/","og_site_name":"Pour Bravoure - aviateurs canadiens et la Croix de Victoria","article_modified_time":"2021-10-07T01:42:06+00:00","og_image":[{"url":"https:\/\/forvalour.ca\/wp-content\/uploads\/2021\/09\/schrage-001.jpg","type":"","width":"","height":""}],"twitter_card":"summary_large_image","twitter_misc":{"Dur\u00e9e de lecture estim\u00e9e":"3 minutes"},"schema":{"@context":"https:\/\/schema.org","@graph":[{"@type":"WebPage","@id":"https:\/\/forvalour.ca\/fr\/schrage-musik\/","url":"https:\/\/forvalour.ca\/fr\/schrage-musik\/","name":"Schr\u00e4ge Musik - Pour Bravoure - aviateurs canadiens et la Croix de Victoria","isPartOf":{"@id":"https:\/\/forvalour.ca\/fr\/#website"},"primaryImageOfPage":{"@id":"https:\/\/forvalour.ca\/fr\/schrage-musik\/#primaryimage"},"image":{"@id":"https:\/\/forvalour.ca\/fr\/schrage-musik\/#primaryimage"},"thumbnailUrl":"https:\/\/forvalour.ca\/wp-content\/uploads\/2021\/09\/schrage-001.jpg","datePublished":"2021-09-24T16:20:17+00:00","dateModified":"2021-10-07T01:42:06+00:00","breadcrumb":{"@id":"https:\/\/forvalour.ca\/fr\/schrage-musik\/#breadcrumb"},"inLanguage":"fr-FR","potentialAction":[{"@type":"ReadAction","target":["https:\/\/forvalour.ca\/fr\/schrage-musik\/"]}]},{"@type":"ImageObject","inLanguage":"fr-FR","@id":"https:\/\/forvalour.ca\/fr\/schrage-musik\/#primaryimage","url":"https:\/\/forvalour.ca\/wp-content\/uploads\/2021\/09\/schrage-001.jpg","contentUrl":"https:\/\/forvalour.ca\/wp-content\/uploads\/2021\/09\/schrage-001.jpg"},{"@type":"BreadcrumbList","@id":"https:\/\/forvalour.ca\/fr\/schrage-musik\/#breadcrumb","itemListElement":[{"@type":"ListItem","position":1,"name":"Home","item":"https:\/\/forvalour.ca\/fr\/"},{"@type":"ListItem","position":2,"name":"Schr\u00e4ge Musik"}]},{"@type":"WebSite","@id":"https:\/\/forvalour.ca\/fr\/#website","url":"https:\/\/forvalour.ca\/fr\/","name":"For Valour","description":"Canadian Airmen and the Victoria Cross","publisher":{"@id":"https:\/\/forvalour.ca\/fr\/#organization"},"potentialAction":[{"@type":"SearchAction","target":{"@type":"EntryPoint","urlTemplate":"https:\/\/forvalour.ca\/fr\/?s={search_term_string}"},"query-input":{"@type":"PropertyValueSpecification","valueRequired":true,"valueName":"search_term_string"}}],"inLanguage":"fr-FR"},{"@type":"Organization","@id":"https:\/\/forvalour.ca\/fr\/#organization","name":"For Valour","url":"https:\/\/forvalour.ca\/fr\/","logo":{"@type":"ImageObject","inLanguage":"fr-FR","@id":"https:\/\/forvalour.ca\/fr\/#\/schema\/logo\/image\/","url":"https:\/\/forvalour.ca\/wp-content\/uploads\/2021\/09\/cropped-for-valour-medal-new.png","contentUrl":"https:\/\/forvalour.ca\/wp-content\/uploads\/2021\/09\/cropped-for-valour-medal-new.png","width":512,"height":512,"caption":"For Valour"},"image":{"@id":"https:\/\/forvalour.ca\/fr\/#\/schema\/logo\/image\/"},"sameAs":["https:\/\/www.youtube.com\/channel\/UCRYVbXOUahuy0lj2UCo1Cag"]}]}},"_links":{"self":[{"href":"https:\/\/forvalour.ca\/fr\/wp-json\/wp\/v2\/pages\/2789","targetHints":{"allow":["GET"]}}],"collection":[{"href":"https:\/\/forvalour.ca\/fr\/wp-json\/wp\/v2\/pages"}],"about":[{"href":"https:\/\/forvalour.ca\/fr\/wp-json\/wp\/v2\/types\/page"}],"author":[{"embeddable":true,"href":"https:\/\/forvalour.ca\/fr\/wp-json\/wp\/v2\/users\/1"}],"replies":[{"embeddable":true,"href":"https:\/\/forvalour.ca\/fr\/wp-json\/wp\/v2\/comments?post=2789"}],"version-history":[{"count":3,"href":"https:\/\/forvalour.ca\/fr\/wp-json\/wp\/v2\/pages\/2789\/revisions"}],"predecessor-version":[{"id":3383,"href":"https:\/\/forvalour.ca\/fr\/wp-json\/wp\/v2\/pages\/2789\/revisions\/3383"}],"wp:attachment":[{"href":"https:\/\/forvalour.ca\/fr\/wp-json\/wp\/v2\/media?parent=2789"}],"curies":[{"name":"wp","href":"https:\/\/api.w.org\/{rel}","templated":true}]}}