{"id":2848,"date":"2021-09-27T16:04:30","date_gmt":"2021-09-27T21:04:30","guid":{"rendered":"https:\/\/forvalour.ca\/?page_id=2848"},"modified":"2021-09-27T16:04:31","modified_gmt":"2021-09-27T21:04:31","slug":"50-ponts-script","status":"publish","type":"page","link":"https:\/\/forvalour.ca\/fr\/50-ponts-script\/","title":{"rendered":"50 Ponts Script"},"content":{"rendered":"\n<p>Sur un arri\u00e8re-plan montrant un drapeau canadien flottant au vent, on peut lire le titre\u00a0\u00ab\u00a0On September 7, 2007, The 401 from Trenton to Toronto was renamed The Highway of Heroes\u00a0\u00bb\u00a0(Le 7\u00a0septembre 2007, l\u2019autoroute 401 de Trenton \u00e0 Toronto a \u00e9t\u00e9 renomm\u00e9e l\u2019autoroute des H\u00e9ros). Transition \u00e0 une image o\u00f9 on voit un avion militaire \u00e0 passagers et cinq corbillards, chacun arborant un petit drapeau canadien. On voit ensuite les corbillards sur l\u2019aire de trafic, flanqu\u00e9s de soldats, et une petite foule \u00e0 c\u00f4t\u00e9. Puis on entend la voix d\u2019un homme (comme s\u2019il se trouvait dans une filiale de la L\u00e9gion ou une salle communautaire) qui dit\u00a0: \u00ab\u00a0En ce 11<sup>\u00e8me<\/sup>\u00a0jour de novembre, \u00e0 11\u00a0h, nous vous invitons \u00e0 partager deux minutes de silence en l\u2019honneur des anciens combattants\u00a0\u00bb.<\/p>\n\n\n\n<figure class=\"wp-block-image size-full\"><img loading=\"lazy\" decoding=\"async\" width=\"560\" height=\"309\" src=\"http:\/\/forvalour.ca\/wp-content\/uploads\/2021\/09\/ponts_bridges-001.jpg\" alt=\"Avion et cercueil\" class=\"wp-image-1671\" srcset=\"https:\/\/forvalour.ca\/wp-content\/uploads\/2021\/09\/ponts_bridges-001.jpg 560w, https:\/\/forvalour.ca\/wp-content\/uploads\/2021\/09\/ponts_bridges-001-300x166.jpg 300w\" sizes=\"auto, (max-width: 560px) 100vw, 560px\" \/><\/figure>\n\n\n\n<p>La chanson commence alors qu\u2019on voit \u00e0 nouveau les corbillards et, en arri\u00e8re-plan, l\u2019avion \u00e0 passagers de la Force a\u00e9rienne. La perspective change et on voit un cercueil, envelopp\u00e9 d\u2019un drapeau canadien, que l\u2019on descend de l\u2019avion. La foule est \u00e0 l\u2019avant-plan lorsque la chanson commence : \u00ab\u00a0Pour leur patrie, ils ont perdu la vie\u00a0\u00bb. Des soldats portent le cercueil jusqu\u2019\u00e0 un corbillard. La chanson continue\u00a0: \u00ab\u00a0Pour leur patrie, ils ont pay\u00e9 le prix\u00a0\u00bb. L\u2019image des cercueils et de l\u2019avion est remplac\u00e9e par l\u2019image d\u2019une foule derri\u00e8re une cl\u00f4ture qui regarde la sc\u00e8ne; plusieurs personnes sont habill\u00e9es de rouge et on aper\u00e7oit des drapeaux canadiens. Le chanteur poursuit\u00a0: \u00ab\u00a0Maintenant nos enfants ont des yeux qui sourient \/ Du respect s\u2019il vous pla\u00eet car des p\u00e8res l\u2019ont permis\u00a0\u00bb.<\/p>\n\n\n\n<figure class=\"wp-block-image size-full\"><img loading=\"lazy\" decoding=\"async\" width=\"560\" height=\"306\" src=\"http:\/\/forvalour.ca\/wp-content\/uploads\/2021\/09\/ponts_bridges-002.jpg\" alt=\"Des gens avec des drapeaux canadiens le long de l'autoroute\" class=\"wp-image-1673\" srcset=\"https:\/\/forvalour.ca\/wp-content\/uploads\/2021\/09\/ponts_bridges-002.jpg 560w, https:\/\/forvalour.ca\/wp-content\/uploads\/2021\/09\/ponts_bridges-002-300x164.jpg 300w\" sizes=\"auto, (max-width: 560px) 100vw, 560px\" \/><\/figure>\n\n\n\n<p>L\u2019image de drapeaux canadiens dans un champ appara\u00eet lorsque le refrain commence&nbsp;: \u00ab&nbsp;Deux minutes, je vous prie \/ C\u2019est si peu de temps \u00bb. L\u2019image est remplac\u00e9e par une photographie d\u2019anciens combattants en uniforme faisant un salut. La chanson continue&nbsp;: \u00ab&nbsp;Pour les filles et gar\u00e7ons, qui sont partis au loin&nbsp;\u00bb. L\u2019autoroute des H\u00e9ros est bord\u00e9e d\u2019une grande foule alors qu\u2019une voiture blanche y passe; beaucoup de gens sont habill\u00e9s de rouge et tiennent un drapeau canadien. Le refrain se poursuit&nbsp;: \u00ab&nbsp; Qu\u2019ils reposent en paix \/ Qu\u2019on n\u2019oublie jamais leur mort \/ C\u2019est si peu de temps \u00bb.<\/p>\n\n\n\n<p>Plus loin, le long de l\u2019autoroute des H\u00e9ros, on voit des camions de pompiers arborant des drapeaux canadiens, sur la route de la voiture blanche. Le deuxi\u00e8me couplet commence\u00a0: \u00ab\u00a0Que Dieu me pardonne, de vouloir me venger\u00a0\u00bb. On voit des motocyclettes de police stationn\u00e9es \u00e0 c\u00f4t\u00e9 de l\u2019autoroute et des gendarmes qui saluent. La chanson continue\u00a0: \u00ab\u00a0Qu\u2019il me donne le courage, car je ne veux pas blesser\u00a0\u00bb. La voiture blanche passe sous un passage sup\u00e9rieur d\u00e9cor\u00e9 de drapeaux canadiens. Des citoyens, debout sur le passage, regardent passer la voiture. La chanson se poursuit\u00a0: \u00ab\u00a0Mon c\u0153ur bat sans cesse, mes l\u00e8vres je les serre\u00a0\u00bb. On voit d\u2019autres passages sup\u00e9rieurs semblables et La chanson continue\u00a0: \u00ab\u00a0Ma gorge veut crier, mes cris sont \u00e9touff\u00e9s\u00a0\u00bb.<\/p>\n\n\n\n<figure class=\"wp-block-image size-full\"><img loading=\"lazy\" decoding=\"async\" width=\"560\" height=\"308\" src=\"http:\/\/forvalour.ca\/wp-content\/uploads\/2021\/09\/ponts_bridges-003.jpg\" alt=\"Un camion de pompiers sur un pont\" class=\"wp-image-1675\" srcset=\"https:\/\/forvalour.ca\/wp-content\/uploads\/2021\/09\/ponts_bridges-003.jpg 560w, https:\/\/forvalour.ca\/wp-content\/uploads\/2021\/09\/ponts_bridges-003-300x165.jpg 300w\" sizes=\"auto, (max-width: 560px) 100vw, 560px\" \/><\/figure>\n\n\n\n<p>Le refrain commence&nbsp;: \u00ab&nbsp;Deux minutes, je vous prie \/ C\u2019est si peu de temps \u00bb. Transition \u00e0 une image de militaires tenant des drapeaux le long de l\u2019autoroute des H\u00e9ros. La chanson se poursuit&nbsp;: \u00ab&nbsp;Pour les filles et gar\u00e7ons, qui sont partis au loin&nbsp;\u00bb. On voit un autre passage sup\u00e9rieur bord\u00e9 de gens, d\u2019un camion de pompiers, de drapeaux et de banni\u00e8res, l\u2019une d\u2019elles montrant des rang\u00e9es de croix et un coquelicot. La chanson continue pendant cette sc\u00e8ne et deux autres montrant des passages sup\u00e9rieurs&nbsp;: \u00ab&nbsp; Qu\u2019ils reposent en paix \/ Qu\u2019on n\u2019oublie jamais leur mort \/ C\u2019est si peu de temps \u00bb. On voit encore des passages sup\u00e9rieurs o\u00f9 se trouvent des civils, habill\u00e9s de rouge, qui agitent la main et portent des drapeaux, ainsi que des officiers de divers services qui saluent.<\/p>\n\n\n\n<p>Au bord d\u2019un passage sup\u00e9rieur, on voit un homme,\u00a0la main sur le c\u0153ur, alors que des v\u00e9hicules passent \u00e0 toute vitesse. Le troisi\u00e8me couplet commence\u00a0: \u00ab\u00a0Dans les lettres et po\u00e8mes, des h\u00e9ros revenus\u00a0\u00bb. Sur un autre passage sup\u00e9rieur, des pompiers saluent, debout sur leur camion; ils sont entour\u00e9s de civils. La chanson continue\u00a0: \u00ab\u00a0Sont d\u00e9crits des combats, des victimes et des peurs \/ M\u00eame ceux qui sont rest\u00e9s, m\u00eame ceux qui n\u2019ont pas vu \/ Ont pay\u00e9 leur libert\u00e9 du prix de la frayeur\u00a0\u00bb.<\/p>\n\n\n\n<figure class=\"wp-block-image size-full\"><img loading=\"lazy\" decoding=\"async\" width=\"560\" height=\"316\" src=\"http:\/\/forvalour.ca\/wp-content\/uploads\/2021\/09\/ponts_bridges-004.jpg\" alt=\"Des pompiers debout sur le camion qui saluent\" class=\"wp-image-1677\" srcset=\"https:\/\/forvalour.ca\/wp-content\/uploads\/2021\/09\/ponts_bridges-004.jpg 560w, https:\/\/forvalour.ca\/wp-content\/uploads\/2021\/09\/ponts_bridges-004-300x169.jpg 300w\" sizes=\"auto, (max-width: 560px) 100vw, 560px\" \/><\/figure>\n\n\n\n<p>Au d\u00e9but du refrain suivant, on voit des gens le long de l\u2019autoroute des H\u00e9ros qui agitent la main et des drapeaux canadiens, ainsi que des passages sup\u00e9rieurs d\u00e9cor\u00e9s de drapeaux canadiens et bord\u00e9s de civils et d\u2019officiers. Le chanteur poursuit&nbsp;: \u00ab&nbsp;Deux minutes, je vous prie \/ C\u2019est si peu de temps \/ \u00c0 travers le pays, pour les filles et gar\u00e7ons&nbsp; \/ Ceux qui s\u2019engageront \/ N\u2019oublions jamais seront des v\u00e9t\u00e9rans \/ C\u2019est si peu de temps&nbsp;\u00bb.<\/p>\n\n\n\n<p>Deux policiers saluent, debout \u00e0 c\u00f4t\u00e9 de leur voiture, alors que le chanteur entame le quatri\u00e8me couplet&nbsp;: \u00ab&nbsp;Il faut qu\u2019on soit brave, pour s\u2019en aller en guerre&nbsp;\u00bb. On aper\u00e7oit un passage sup\u00e9rieur bond\u00e9 de gens qui regardent le cort\u00e8ge passer sur l\u2019autoroute des H\u00e9ros. La chanson continue&nbsp;: \u00ab&nbsp;Il faut qu\u2019on soit brave, pour d\u00e9fendre la terre&nbsp;\u00bb. On voit des officiers saluant du haut d\u2019un camion de pompiers sur un passage sup\u00e9rieur; le couplet se poursuit&nbsp;: \u00ab&nbsp;Nos gardiens de paix, racontent leur propre mis\u00e8re \/ Ils donnent de l\u2019espoir contre les marchands de guerre&nbsp;\u00bb.<\/p>\n\n\n\n<p>On voit divers passages sup\u00e9rieurs o\u00f9 se tiennent des officiers qui saluent et des civils qui agitent la main et portent des drapeaux canadiens. La chanson continue\u00a0: \u00ab\u00a0Deux minutes, je vous prie \/ C\u2019est si peu de temps \/ Pour les filles et gar\u00e7ons, qui vont partir au loin \/ Dans le temps de paix \/ Ils se tiennent toujours pr\u00e8s de la bataille\u00a0\u00bb. Transition \u00e0 un gros plan sur des pompiers qui tiennent des drapeaux et des civils; fin du refrain\u00a0: \u00ab\u00a0C\u2019est si peu de temps\u00a0\u00bb.<\/p>\n\n\n\n<figure class=\"wp-block-image size-full\"><img loading=\"lazy\" decoding=\"async\" width=\"560\" height=\"314\" src=\"http:\/\/forvalour.ca\/wp-content\/uploads\/2021\/09\/ponts_bridges-005.jpg\" alt=\"Des agents de police en rang se tiennent au garde-\u00e0-vous au passage des cercueils\" class=\"wp-image-1679\" srcset=\"https:\/\/forvalour.ca\/wp-content\/uploads\/2021\/09\/ponts_bridges-005.jpg 560w, https:\/\/forvalour.ca\/wp-content\/uploads\/2021\/09\/ponts_bridges-005-300x168.jpg 300w\" sizes=\"auto, (max-width: 560px) 100vw, 560px\" \/><\/figure>\n\n\n\n<p>Une rang\u00e9e de travailleurs d\u2019urgence et d\u2019ambulances&nbsp;se tient en file alors que la chanson s\u2019ach\u00e8ve&nbsp;: \u00ab&nbsp;Qu\u2019ils reposent en paix \/ Qu\u2019on n\u2019oublie jamais, leur mort \/ C\u2019est si peu de temps&nbsp;\u00bb. Des pompiers saluent et se tiennent au garde\u2011\u00e0\u2011vous alors que le cort\u00e8ge passe dans les rues de la ville. On aper\u00e7oit un gar\u00e7on tenant une pancarte de sa fabrication qui dit&nbsp;\u00ab&nbsp;Thank You Soldiers&nbsp;\u00bb&nbsp;(Merci les soldats) au moment o\u00f9 la chanson se termine. Une image de croix en rang\u00e9e est remplac\u00e9e par un drapeau canadien flottant au vent. En superposition au drapeau, on peut lire&nbsp;\u00ab&nbsp;We Stand On Guard For Thee&nbsp;\u00bb&nbsp;(Nous restons sur nos gardes pour Toi).<\/p>\n\n\n\n<p>\u00c0 la fin du film, le g\u00e9n\u00e9rique indique\u00a0: \u00ab\u00a0C\u2019est si peu de temps; \u00c9crite et jou\u00e9e par\u00a0<a href=\"http:\/\/www.Terry-Kelly.com\">www.Terry-Kelly.com<\/a>\u00a0\u00bb. \u00c0 l\u2019\u00e9cran suivant, on peut lire\u00a0: \u00ab\u00a0Vid\u00e9o fournie gracieusement par MacKinnon and Bowes;\u00a0<a href=\"http:\/\/www.mackinnonbowes.com\">www.mackinnonbowes.com<\/a>\u00a0\u00bb.<\/p>\n","protected":false},"excerpt":{"rendered":"<p>Sur un arri\u00e8re-plan montrant un drapeau canadien flottant au vent, on peut lire le titre\u00a0\u00ab\u00a0On September 7, 2007, The 401 from Trenton to Toronto was renamed The Highway of Heroes\u00a0\u00bb\u00a0(Le 7\u00a0septembre 2007, l\u2019autoroute 401 de Trenton \u00e0 Toronto a \u00e9t\u00e9 renomm\u00e9e l\u2019autoroute des H\u00e9ros). Transition \u00e0 une image o\u00f9 on voit un avion militaire \u00e0 [&hellip;]<\/p>\n","protected":false},"author":1,"featured_media":0,"parent":0,"menu_order":0,"comment_status":"closed","ping_status":"closed","template":"","meta":{"_acf_changed":false,"footnotes":""},"class_list":["post-2848","page","type-page","status-publish","hentry"],"acf":[],"yoast_head":"<!-- This site is optimized with the Yoast SEO plugin v27.3 - https:\/\/yoast.com\/product\/yoast-seo-wordpress\/ -->\n<title>50 Ponts Script - Pour Bravoure - aviateurs canadiens et la Croix de Victoria<\/title>\n<meta name=\"robots\" content=\"index, follow, max-snippet:-1, max-image-preview:large, max-video-preview:-1\" \/>\n<link rel=\"canonical\" href=\"https:\/\/forvalour.ca\/fr\/50-ponts-script\/\" \/>\n<meta property=\"og:locale\" content=\"fr_FR\" \/>\n<meta property=\"og:type\" content=\"article\" \/>\n<meta property=\"og:title\" content=\"50 Ponts Script - Pour Bravoure - aviateurs canadiens et la Croix de Victoria\" \/>\n<meta property=\"og:description\" content=\"Sur un arri\u00e8re-plan montrant un drapeau canadien flottant au vent, on peut lire le titre\u00a0\u00ab\u00a0On September 7, 2007, The 401 from Trenton to Toronto was renamed The Highway of Heroes\u00a0\u00bb\u00a0(Le 7\u00a0septembre 2007, l\u2019autoroute 401 de Trenton \u00e0 Toronto a \u00e9t\u00e9 renomm\u00e9e l\u2019autoroute des H\u00e9ros). Transition \u00e0 une image o\u00f9 on voit un avion militaire \u00e0 [&hellip;]\" \/>\n<meta property=\"og:url\" content=\"https:\/\/forvalour.ca\/fr\/50-ponts-script\/\" \/>\n<meta property=\"og:site_name\" content=\"Pour Bravoure - aviateurs canadiens et la Croix de Victoria\" \/>\n<meta property=\"article:modified_time\" content=\"2021-09-27T21:04:31+00:00\" \/>\n<meta property=\"og:image\" content=\"http:\/\/forvalour.ca\/wp-content\/uploads\/2021\/09\/ponts_bridges-001.jpg\" \/>\n<meta name=\"twitter:card\" content=\"summary_large_image\" \/>\n<meta name=\"twitter:label1\" content=\"Dur\u00e9e de lecture estim\u00e9e\" \/>\n\t<meta name=\"twitter:data1\" content=\"6 minutes\" \/>\n<script type=\"application\/ld+json\" class=\"yoast-schema-graph\">{\"@context\":\"https:\\\/\\\/schema.org\",\"@graph\":[{\"@type\":\"WebPage\",\"@id\":\"https:\\\/\\\/forvalour.ca\\\/fr\\\/50-ponts-script\\\/\",\"url\":\"https:\\\/\\\/forvalour.ca\\\/fr\\\/50-ponts-script\\\/\",\"name\":\"50 Ponts Script - Pour Bravoure - aviateurs canadiens et la Croix de Victoria\",\"isPartOf\":{\"@id\":\"https:\\\/\\\/forvalour.ca\\\/fr\\\/#website\"},\"primaryImageOfPage\":{\"@id\":\"https:\\\/\\\/forvalour.ca\\\/fr\\\/50-ponts-script\\\/#primaryimage\"},\"image\":{\"@id\":\"https:\\\/\\\/forvalour.ca\\\/fr\\\/50-ponts-script\\\/#primaryimage\"},\"thumbnailUrl\":\"http:\\\/\\\/forvalour.ca\\\/wp-content\\\/uploads\\\/2021\\\/09\\\/ponts_bridges-001.jpg\",\"datePublished\":\"2021-09-27T21:04:30+00:00\",\"dateModified\":\"2021-09-27T21:04:31+00:00\",\"breadcrumb\":{\"@id\":\"https:\\\/\\\/forvalour.ca\\\/fr\\\/50-ponts-script\\\/#breadcrumb\"},\"inLanguage\":\"fr-FR\",\"potentialAction\":[{\"@type\":\"ReadAction\",\"target\":[\"https:\\\/\\\/forvalour.ca\\\/fr\\\/50-ponts-script\\\/\"]}]},{\"@type\":\"ImageObject\",\"inLanguage\":\"fr-FR\",\"@id\":\"https:\\\/\\\/forvalour.ca\\\/fr\\\/50-ponts-script\\\/#primaryimage\",\"url\":\"http:\\\/\\\/forvalour.ca\\\/wp-content\\\/uploads\\\/2021\\\/09\\\/ponts_bridges-001.jpg\",\"contentUrl\":\"http:\\\/\\\/forvalour.ca\\\/wp-content\\\/uploads\\\/2021\\\/09\\\/ponts_bridges-001.jpg\"},{\"@type\":\"BreadcrumbList\",\"@id\":\"https:\\\/\\\/forvalour.ca\\\/fr\\\/50-ponts-script\\\/#breadcrumb\",\"itemListElement\":[{\"@type\":\"ListItem\",\"position\":1,\"name\":\"Home\",\"item\":\"https:\\\/\\\/forvalour.ca\\\/fr\\\/\"},{\"@type\":\"ListItem\",\"position\":2,\"name\":\"50 Ponts Script\"}]},{\"@type\":\"WebSite\",\"@id\":\"https:\\\/\\\/forvalour.ca\\\/fr\\\/#website\",\"url\":\"https:\\\/\\\/forvalour.ca\\\/fr\\\/\",\"name\":\"For Valour\",\"description\":\"Canadian Airmen and the Victoria Cross\",\"publisher\":{\"@id\":\"https:\\\/\\\/forvalour.ca\\\/fr\\\/#organization\"},\"potentialAction\":[{\"@type\":\"SearchAction\",\"target\":{\"@type\":\"EntryPoint\",\"urlTemplate\":\"https:\\\/\\\/forvalour.ca\\\/fr\\\/?s={search_term_string}\"},\"query-input\":{\"@type\":\"PropertyValueSpecification\",\"valueRequired\":true,\"valueName\":\"search_term_string\"}}],\"inLanguage\":\"fr-FR\"},{\"@type\":\"Organization\",\"@id\":\"https:\\\/\\\/forvalour.ca\\\/fr\\\/#organization\",\"name\":\"For Valour\",\"url\":\"https:\\\/\\\/forvalour.ca\\\/fr\\\/\",\"logo\":{\"@type\":\"ImageObject\",\"inLanguage\":\"fr-FR\",\"@id\":\"https:\\\/\\\/forvalour.ca\\\/fr\\\/#\\\/schema\\\/logo\\\/image\\\/\",\"url\":\"https:\\\/\\\/forvalour.ca\\\/wp-content\\\/uploads\\\/2021\\\/09\\\/cropped-for-valour-medal-new.png\",\"contentUrl\":\"https:\\\/\\\/forvalour.ca\\\/wp-content\\\/uploads\\\/2021\\\/09\\\/cropped-for-valour-medal-new.png\",\"width\":512,\"height\":512,\"caption\":\"For Valour\"},\"image\":{\"@id\":\"https:\\\/\\\/forvalour.ca\\\/fr\\\/#\\\/schema\\\/logo\\\/image\\\/\"},\"sameAs\":[\"https:\\\/\\\/www.youtube.com\\\/channel\\\/UCRYVbXOUahuy0lj2UCo1Cag\"]}]}<\/script>\n<!-- \/ Yoast SEO plugin. -->","yoast_head_json":{"title":"50 Ponts Script - Pour Bravoure - aviateurs canadiens et la Croix de Victoria","robots":{"index":"index","follow":"follow","max-snippet":"max-snippet:-1","max-image-preview":"max-image-preview:large","max-video-preview":"max-video-preview:-1"},"canonical":"https:\/\/forvalour.ca\/fr\/50-ponts-script\/","og_locale":"fr_FR","og_type":"article","og_title":"50 Ponts Script - Pour Bravoure - aviateurs canadiens et la Croix de Victoria","og_description":"Sur un arri\u00e8re-plan montrant un drapeau canadien flottant au vent, on peut lire le titre\u00a0\u00ab\u00a0On September 7, 2007, The 401 from Trenton to Toronto was renamed The Highway of Heroes\u00a0\u00bb\u00a0(Le 7\u00a0septembre 2007, l\u2019autoroute 401 de Trenton \u00e0 Toronto a \u00e9t\u00e9 renomm\u00e9e l\u2019autoroute des H\u00e9ros). Transition \u00e0 une image o\u00f9 on voit un avion militaire \u00e0 [&hellip;]","og_url":"https:\/\/forvalour.ca\/fr\/50-ponts-script\/","og_site_name":"Pour Bravoure - aviateurs canadiens et la Croix de Victoria","article_modified_time":"2021-09-27T21:04:31+00:00","og_image":[{"url":"http:\/\/forvalour.ca\/wp-content\/uploads\/2021\/09\/ponts_bridges-001.jpg","type":"","width":"","height":""}],"twitter_card":"summary_large_image","twitter_misc":{"Dur\u00e9e de lecture estim\u00e9e":"6 minutes"},"schema":{"@context":"https:\/\/schema.org","@graph":[{"@type":"WebPage","@id":"https:\/\/forvalour.ca\/fr\/50-ponts-script\/","url":"https:\/\/forvalour.ca\/fr\/50-ponts-script\/","name":"50 Ponts Script - Pour Bravoure - aviateurs canadiens et la Croix de Victoria","isPartOf":{"@id":"https:\/\/forvalour.ca\/fr\/#website"},"primaryImageOfPage":{"@id":"https:\/\/forvalour.ca\/fr\/50-ponts-script\/#primaryimage"},"image":{"@id":"https:\/\/forvalour.ca\/fr\/50-ponts-script\/#primaryimage"},"thumbnailUrl":"http:\/\/forvalour.ca\/wp-content\/uploads\/2021\/09\/ponts_bridges-001.jpg","datePublished":"2021-09-27T21:04:30+00:00","dateModified":"2021-09-27T21:04:31+00:00","breadcrumb":{"@id":"https:\/\/forvalour.ca\/fr\/50-ponts-script\/#breadcrumb"},"inLanguage":"fr-FR","potentialAction":[{"@type":"ReadAction","target":["https:\/\/forvalour.ca\/fr\/50-ponts-script\/"]}]},{"@type":"ImageObject","inLanguage":"fr-FR","@id":"https:\/\/forvalour.ca\/fr\/50-ponts-script\/#primaryimage","url":"http:\/\/forvalour.ca\/wp-content\/uploads\/2021\/09\/ponts_bridges-001.jpg","contentUrl":"http:\/\/forvalour.ca\/wp-content\/uploads\/2021\/09\/ponts_bridges-001.jpg"},{"@type":"BreadcrumbList","@id":"https:\/\/forvalour.ca\/fr\/50-ponts-script\/#breadcrumb","itemListElement":[{"@type":"ListItem","position":1,"name":"Home","item":"https:\/\/forvalour.ca\/fr\/"},{"@type":"ListItem","position":2,"name":"50 Ponts Script"}]},{"@type":"WebSite","@id":"https:\/\/forvalour.ca\/fr\/#website","url":"https:\/\/forvalour.ca\/fr\/","name":"For Valour","description":"Canadian Airmen and the Victoria Cross","publisher":{"@id":"https:\/\/forvalour.ca\/fr\/#organization"},"potentialAction":[{"@type":"SearchAction","target":{"@type":"EntryPoint","urlTemplate":"https:\/\/forvalour.ca\/fr\/?s={search_term_string}"},"query-input":{"@type":"PropertyValueSpecification","valueRequired":true,"valueName":"search_term_string"}}],"inLanguage":"fr-FR"},{"@type":"Organization","@id":"https:\/\/forvalour.ca\/fr\/#organization","name":"For Valour","url":"https:\/\/forvalour.ca\/fr\/","logo":{"@type":"ImageObject","inLanguage":"fr-FR","@id":"https:\/\/forvalour.ca\/fr\/#\/schema\/logo\/image\/","url":"https:\/\/forvalour.ca\/wp-content\/uploads\/2021\/09\/cropped-for-valour-medal-new.png","contentUrl":"https:\/\/forvalour.ca\/wp-content\/uploads\/2021\/09\/cropped-for-valour-medal-new.png","width":512,"height":512,"caption":"For Valour"},"image":{"@id":"https:\/\/forvalour.ca\/fr\/#\/schema\/logo\/image\/"},"sameAs":["https:\/\/www.youtube.com\/channel\/UCRYVbXOUahuy0lj2UCo1Cag"]}]}},"_links":{"self":[{"href":"https:\/\/forvalour.ca\/fr\/wp-json\/wp\/v2\/pages\/2848","targetHints":{"allow":["GET"]}}],"collection":[{"href":"https:\/\/forvalour.ca\/fr\/wp-json\/wp\/v2\/pages"}],"about":[{"href":"https:\/\/forvalour.ca\/fr\/wp-json\/wp\/v2\/types\/page"}],"author":[{"embeddable":true,"href":"https:\/\/forvalour.ca\/fr\/wp-json\/wp\/v2\/users\/1"}],"replies":[{"embeddable":true,"href":"https:\/\/forvalour.ca\/fr\/wp-json\/wp\/v2\/comments?post=2848"}],"version-history":[{"count":1,"href":"https:\/\/forvalour.ca\/fr\/wp-json\/wp\/v2\/pages\/2848\/revisions"}],"predecessor-version":[{"id":2849,"href":"https:\/\/forvalour.ca\/fr\/wp-json\/wp\/v2\/pages\/2848\/revisions\/2849"}],"wp:attachment":[{"href":"https:\/\/forvalour.ca\/fr\/wp-json\/wp\/v2\/media?parent=2848"}],"curies":[{"name":"wp","href":"https:\/\/api.w.org\/{rel}","templated":true}]}}