{"id":2850,"date":"2021-09-27T16:07:30","date_gmt":"2021-09-27T21:07:30","guid":{"rendered":"https:\/\/forvalour.ca\/?page_id=2850"},"modified":"2021-09-27T16:07:30","modified_gmt":"2021-09-27T21:07:30","slug":"video-dintroduction","status":"publish","type":"page","link":"https:\/\/forvalour.ca\/fr\/video-dintroduction\/","title":{"rendered":"Vid\u00e9o d\u2019Introduction"},"content":{"rendered":"\n<p>Gros plan sur le titre d&rsquo;un journal qui dit :&nbsp;\u00ab&nbsp;TALE OF COURAGE: Mynarski Crew Reunited&nbsp;\u00bb&nbsp;(Histoire de courage, l&rsquo;\u00e9quipe de Mynarski r\u00e9unie). Puis un autre titre de journal appara\u00eet :&nbsp;\u00ab&nbsp;He Could Have Saved Himself&nbsp;\u00bb&nbsp;(Il aurait pu sauver sa vie). Gros plan sur un journal \u00e9crit \u00e0 la main o\u00f9 on voit les mots&nbsp;\u00ab&nbsp;PFF Mission, Bombing Mission, Air Firing, Bombing Mission, Dortmund&nbsp;\u00bb. Le mot \u00ab&nbsp;Dortmund&nbsp;\u00bb est \u00e9crit \u00e0 l&rsquo;encre rouge, alors que les autres mots sont en noir. On voit ensuite de vieilles photographies, un livre de pri\u00e8res et des lunettes d&rsquo;aviateur en cuir; le titre \u00ab&nbsp;CERTAINS ONT SURV\u00c9CU&nbsp;\u00bb appara\u00eet, puis se change \u00e0 \u00ab&nbsp;BEAUCOUP SONT MORTS&nbsp;\u00bb. On aper\u00e7oit l&rsquo;ombre d&rsquo;un pinceau qui bouge tout pr\u00e8s.<\/p>\n\n\n\n<p>Suit ensuite un gros plan sur l&rsquo;encrier et le pinceau de l&rsquo;artiste, avec le titre \u00ab&nbsp;MAIS LEUR HISTOIRE&nbsp;\u00bb. L&rsquo;artiste ajoute des d\u00e9tails aux cheveux d&rsquo;un homme sur son dessin. La suite du titre appara\u00eet : \u00ab&nbsp;NE SERA PAS OUBLI\u00c9E&nbsp;\u00bb.<\/p>\n\n\n\n<p>On voit une coupure de journal montrant une photographie d&rsquo;Andrew Mynarski et sa Croix de Victoria. Le titre dit&nbsp;\u00ab&nbsp;FLAMING AERIAL DRAMA ENDS IN DEATH OF HERO&nbsp;\u00bb&nbsp;(L&rsquo;incroyable aventure a\u00e9rienne finit avec la mort du h\u00e9ros). Au-dessus de la m\u00e9daille, on lit&nbsp;\u00ab&nbsp;FOR VALOUR&nbsp;\u00bb&nbsp;(Pour bravoure). Gros plan sur un \u00e9cusson de la Force a\u00e9rienne o\u00f9 on peut lire \u00ab&nbsp;AG RCAF&nbsp;\u00bb. Le titre \u00ab&nbsp;HISTOIRES DE COURAGE&nbsp;\u00bb appara\u00eet, suivi d&rsquo;une peinture d&rsquo;Andrew Mynarski et du titre \u00ab&nbsp;ET DE BRAVOURE&nbsp;\u00bb.<\/p>\n\n\n\n<p>On voit un pinceau m\u00e9langeant de la peinture rouge sur une palette; le titre se lit \u00ab&nbsp;EN PR\u00c9SENCE DE L&rsquo;ENNEMI&nbsp;\u00bb. De la peinture rouge est appliqu\u00e9e sur une toile o\u00f9 on voit de la peinture rouge, jaune et noire. \u00c9crits \u00e0 la main, les noms des aviateurs r\u00e9cipiendaires de la Croix de Victoria d\u00e9filent \u00e0 l&rsquo;\u00e9cran de bas en haut, et on peut lire le titre \u00ab&nbsp;VIVRE LEUR INCROYABLE EXP\u00c9RIENCE&nbsp;\u00bb. L&rsquo;artiste continue \u00e0 ajouter des d\u00e9tails \u00e0 la peinture \u00e0 mesure que les noms d\u00e9filent \u00e0 l&rsquo;\u00e9cran; le titre \u00ab&nbsp;RACONT\u00c9E DE NOUVEAU POUR LA G\u00c9N\u00c9RATION SUIVANTE&nbsp;\u00bb.<\/p>\n\n\n\n<p>Une s\u00e9rie de dessins, tir\u00e9s des vid\u00e9os d&rsquo;animation au sujet des h\u00e9ros, s&rsquo;affichent les uns apr\u00e8s les autres \u00e0 l&rsquo;\u00e9cran, se terminant avec une animation d&rsquo;un bombardier Lancaster dont les h\u00e9lices tournent. Fondu encha\u00een\u00e9 en gros plan sur la Croix de Victoria, puis \u00e0 l&rsquo;image de la m\u00e9daille dans la coupure de journal au sujet d&rsquo;Andrew Mynarski. Le titre de la photo, \u00e9crit en caract\u00e8res d&rsquo;imprimerie au-dessus de la m\u00e9daille, est : \u00ab&nbsp;FOR VALOUR&nbsp;\u00bb (Pour bravoure), suivi de \u00ab&nbsp;AVIATEURS CANADIENS ET LA CROIX DE VICTORIA&nbsp;\u00bb.<\/p>\n","protected":false},"excerpt":{"rendered":"<p>Gros plan sur le titre d&rsquo;un journal qui dit :&nbsp;\u00ab&nbsp;TALE OF COURAGE: Mynarski Crew Reunited&nbsp;\u00bb&nbsp;(Histoire de courage, l&rsquo;\u00e9quipe de Mynarski r\u00e9unie). Puis un autre titre de journal appara\u00eet :&nbsp;\u00ab&nbsp;He Could Have Saved Himself&nbsp;\u00bb&nbsp;(Il aurait pu sauver sa vie). Gros plan sur un journal \u00e9crit \u00e0 la main o\u00f9 on voit les mots&nbsp;\u00ab&nbsp;PFF Mission, Bombing Mission, [&hellip;]<\/p>\n","protected":false},"author":1,"featured_media":0,"parent":0,"menu_order":0,"comment_status":"closed","ping_status":"closed","template":"","meta":{"_acf_changed":false,"footnotes":""},"class_list":["post-2850","page","type-page","status-publish","hentry"],"acf":[],"yoast_head":"<!-- This site is optimized with the Yoast SEO plugin v27.3 - https:\/\/yoast.com\/product\/yoast-seo-wordpress\/ -->\n<title>Vid\u00e9o d\u2019Introduction - Pour Bravoure - aviateurs canadiens et la Croix de Victoria<\/title>\n<meta name=\"robots\" content=\"index, follow, max-snippet:-1, max-image-preview:large, max-video-preview:-1\" \/>\n<link rel=\"canonical\" href=\"https:\/\/forvalour.ca\/fr\/video-dintroduction\/\" \/>\n<meta property=\"og:locale\" content=\"fr_FR\" \/>\n<meta property=\"og:type\" content=\"article\" \/>\n<meta property=\"og:title\" content=\"Vid\u00e9o d\u2019Introduction - Pour Bravoure - aviateurs canadiens et la Croix de Victoria\" \/>\n<meta property=\"og:description\" content=\"Gros plan sur le titre d&rsquo;un journal qui dit :&nbsp;\u00ab&nbsp;TALE OF COURAGE: Mynarski Crew Reunited&nbsp;\u00bb&nbsp;(Histoire de courage, l&rsquo;\u00e9quipe de Mynarski r\u00e9unie). Puis un autre titre de journal appara\u00eet :&nbsp;\u00ab&nbsp;He Could Have Saved Himself&nbsp;\u00bb&nbsp;(Il aurait pu sauver sa vie). Gros plan sur un journal \u00e9crit \u00e0 la main o\u00f9 on voit les mots&nbsp;\u00ab&nbsp;PFF Mission, Bombing Mission, [&hellip;]\" \/>\n<meta property=\"og:url\" content=\"https:\/\/forvalour.ca\/fr\/video-dintroduction\/\" \/>\n<meta property=\"og:site_name\" content=\"Pour Bravoure - aviateurs canadiens et la Croix de Victoria\" \/>\n<meta name=\"twitter:card\" content=\"summary_large_image\" \/>\n<meta name=\"twitter:label1\" content=\"Dur\u00e9e de lecture estim\u00e9e\" \/>\n\t<meta name=\"twitter:data1\" content=\"2 minutes\" \/>\n<script type=\"application\/ld+json\" class=\"yoast-schema-graph\">{\"@context\":\"https:\\\/\\\/schema.org\",\"@graph\":[{\"@type\":\"WebPage\",\"@id\":\"https:\\\/\\\/forvalour.ca\\\/fr\\\/video-dintroduction\\\/\",\"url\":\"https:\\\/\\\/forvalour.ca\\\/fr\\\/video-dintroduction\\\/\",\"name\":\"Vid\u00e9o d\u2019Introduction - Pour Bravoure - aviateurs canadiens et la Croix de Victoria\",\"isPartOf\":{\"@id\":\"https:\\\/\\\/forvalour.ca\\\/fr\\\/#website\"},\"datePublished\":\"2021-09-27T21:07:30+00:00\",\"breadcrumb\":{\"@id\":\"https:\\\/\\\/forvalour.ca\\\/fr\\\/video-dintroduction\\\/#breadcrumb\"},\"inLanguage\":\"fr-FR\",\"potentialAction\":[{\"@type\":\"ReadAction\",\"target\":[\"https:\\\/\\\/forvalour.ca\\\/fr\\\/video-dintroduction\\\/\"]}]},{\"@type\":\"BreadcrumbList\",\"@id\":\"https:\\\/\\\/forvalour.ca\\\/fr\\\/video-dintroduction\\\/#breadcrumb\",\"itemListElement\":[{\"@type\":\"ListItem\",\"position\":1,\"name\":\"Home\",\"item\":\"https:\\\/\\\/forvalour.ca\\\/fr\\\/\"},{\"@type\":\"ListItem\",\"position\":2,\"name\":\"Vid\u00e9o d\u2019Introduction\"}]},{\"@type\":\"WebSite\",\"@id\":\"https:\\\/\\\/forvalour.ca\\\/fr\\\/#website\",\"url\":\"https:\\\/\\\/forvalour.ca\\\/fr\\\/\",\"name\":\"For Valour\",\"description\":\"Canadian Airmen and the Victoria Cross\",\"publisher\":{\"@id\":\"https:\\\/\\\/forvalour.ca\\\/fr\\\/#organization\"},\"potentialAction\":[{\"@type\":\"SearchAction\",\"target\":{\"@type\":\"EntryPoint\",\"urlTemplate\":\"https:\\\/\\\/forvalour.ca\\\/fr\\\/?s={search_term_string}\"},\"query-input\":{\"@type\":\"PropertyValueSpecification\",\"valueRequired\":true,\"valueName\":\"search_term_string\"}}],\"inLanguage\":\"fr-FR\"},{\"@type\":\"Organization\",\"@id\":\"https:\\\/\\\/forvalour.ca\\\/fr\\\/#organization\",\"name\":\"For Valour\",\"url\":\"https:\\\/\\\/forvalour.ca\\\/fr\\\/\",\"logo\":{\"@type\":\"ImageObject\",\"inLanguage\":\"fr-FR\",\"@id\":\"https:\\\/\\\/forvalour.ca\\\/fr\\\/#\\\/schema\\\/logo\\\/image\\\/\",\"url\":\"https:\\\/\\\/forvalour.ca\\\/wp-content\\\/uploads\\\/2021\\\/09\\\/cropped-for-valour-medal-new.png\",\"contentUrl\":\"https:\\\/\\\/forvalour.ca\\\/wp-content\\\/uploads\\\/2021\\\/09\\\/cropped-for-valour-medal-new.png\",\"width\":512,\"height\":512,\"caption\":\"For Valour\"},\"image\":{\"@id\":\"https:\\\/\\\/forvalour.ca\\\/fr\\\/#\\\/schema\\\/logo\\\/image\\\/\"},\"sameAs\":[\"https:\\\/\\\/www.youtube.com\\\/channel\\\/UCRYVbXOUahuy0lj2UCo1Cag\"]}]}<\/script>\n<!-- \/ Yoast SEO plugin. -->","yoast_head_json":{"title":"Vid\u00e9o d\u2019Introduction - Pour Bravoure - aviateurs canadiens et la Croix de Victoria","robots":{"index":"index","follow":"follow","max-snippet":"max-snippet:-1","max-image-preview":"max-image-preview:large","max-video-preview":"max-video-preview:-1"},"canonical":"https:\/\/forvalour.ca\/fr\/video-dintroduction\/","og_locale":"fr_FR","og_type":"article","og_title":"Vid\u00e9o d\u2019Introduction - Pour Bravoure - aviateurs canadiens et la Croix de Victoria","og_description":"Gros plan sur le titre d&rsquo;un journal qui dit :&nbsp;\u00ab&nbsp;TALE OF COURAGE: Mynarski Crew Reunited&nbsp;\u00bb&nbsp;(Histoire de courage, l&rsquo;\u00e9quipe de Mynarski r\u00e9unie). Puis un autre titre de journal appara\u00eet :&nbsp;\u00ab&nbsp;He Could Have Saved Himself&nbsp;\u00bb&nbsp;(Il aurait pu sauver sa vie). Gros plan sur un journal \u00e9crit \u00e0 la main o\u00f9 on voit les mots&nbsp;\u00ab&nbsp;PFF Mission, Bombing Mission, [&hellip;]","og_url":"https:\/\/forvalour.ca\/fr\/video-dintroduction\/","og_site_name":"Pour Bravoure - aviateurs canadiens et la Croix de Victoria","twitter_card":"summary_large_image","twitter_misc":{"Dur\u00e9e de lecture estim\u00e9e":"2 minutes"},"schema":{"@context":"https:\/\/schema.org","@graph":[{"@type":"WebPage","@id":"https:\/\/forvalour.ca\/fr\/video-dintroduction\/","url":"https:\/\/forvalour.ca\/fr\/video-dintroduction\/","name":"Vid\u00e9o d\u2019Introduction - Pour Bravoure - aviateurs canadiens et la Croix de Victoria","isPartOf":{"@id":"https:\/\/forvalour.ca\/fr\/#website"},"datePublished":"2021-09-27T21:07:30+00:00","breadcrumb":{"@id":"https:\/\/forvalour.ca\/fr\/video-dintroduction\/#breadcrumb"},"inLanguage":"fr-FR","potentialAction":[{"@type":"ReadAction","target":["https:\/\/forvalour.ca\/fr\/video-dintroduction\/"]}]},{"@type":"BreadcrumbList","@id":"https:\/\/forvalour.ca\/fr\/video-dintroduction\/#breadcrumb","itemListElement":[{"@type":"ListItem","position":1,"name":"Home","item":"https:\/\/forvalour.ca\/fr\/"},{"@type":"ListItem","position":2,"name":"Vid\u00e9o d\u2019Introduction"}]},{"@type":"WebSite","@id":"https:\/\/forvalour.ca\/fr\/#website","url":"https:\/\/forvalour.ca\/fr\/","name":"For Valour","description":"Canadian Airmen and the Victoria Cross","publisher":{"@id":"https:\/\/forvalour.ca\/fr\/#organization"},"potentialAction":[{"@type":"SearchAction","target":{"@type":"EntryPoint","urlTemplate":"https:\/\/forvalour.ca\/fr\/?s={search_term_string}"},"query-input":{"@type":"PropertyValueSpecification","valueRequired":true,"valueName":"search_term_string"}}],"inLanguage":"fr-FR"},{"@type":"Organization","@id":"https:\/\/forvalour.ca\/fr\/#organization","name":"For Valour","url":"https:\/\/forvalour.ca\/fr\/","logo":{"@type":"ImageObject","inLanguage":"fr-FR","@id":"https:\/\/forvalour.ca\/fr\/#\/schema\/logo\/image\/","url":"https:\/\/forvalour.ca\/wp-content\/uploads\/2021\/09\/cropped-for-valour-medal-new.png","contentUrl":"https:\/\/forvalour.ca\/wp-content\/uploads\/2021\/09\/cropped-for-valour-medal-new.png","width":512,"height":512,"caption":"For Valour"},"image":{"@id":"https:\/\/forvalour.ca\/fr\/#\/schema\/logo\/image\/"},"sameAs":["https:\/\/www.youtube.com\/channel\/UCRYVbXOUahuy0lj2UCo1Cag"]}]}},"_links":{"self":[{"href":"https:\/\/forvalour.ca\/fr\/wp-json\/wp\/v2\/pages\/2850","targetHints":{"allow":["GET"]}}],"collection":[{"href":"https:\/\/forvalour.ca\/fr\/wp-json\/wp\/v2\/pages"}],"about":[{"href":"https:\/\/forvalour.ca\/fr\/wp-json\/wp\/v2\/types\/page"}],"author":[{"embeddable":true,"href":"https:\/\/forvalour.ca\/fr\/wp-json\/wp\/v2\/users\/1"}],"replies":[{"embeddable":true,"href":"https:\/\/forvalour.ca\/fr\/wp-json\/wp\/v2\/comments?post=2850"}],"version-history":[{"count":1,"href":"https:\/\/forvalour.ca\/fr\/wp-json\/wp\/v2\/pages\/2850\/revisions"}],"predecessor-version":[{"id":2851,"href":"https:\/\/forvalour.ca\/fr\/wp-json\/wp\/v2\/pages\/2850\/revisions\/2851"}],"wp:attachment":[{"href":"https:\/\/forvalour.ca\/fr\/wp-json\/wp\/v2\/media?parent=2850"}],"curies":[{"name":"wp","href":"https:\/\/api.w.org\/{rel}","templated":true}]}}