{"id":449,"date":"2021-09-13T10:33:38","date_gmt":"2021-09-13T15:33:38","guid":{"rendered":"http:\/\/forvalour.ca\/?page_id=449"},"modified":"2021-10-01T09:56:57","modified_gmt":"2021-10-01T14:56:57","slug":"barker","status":"publish","type":"page","link":"https:\/\/forvalour.ca\/fr\/barker\/","title":{"rendered":"William Barker"},"content":{"rendered":"\n<p>Nom :&nbsp;William George \u00ab\u00a0Will\/Slippery Bill\u00a0\u00bb Barker<br>Date de naissance :&nbsp;3 novembre 1894<br>D\u00e9c\u00e8s :&nbsp;12 mars 1930<br>Ville natale :&nbsp;Dauphin (Manitoba)<br>Grade :&nbsp;Lieutenant colonel<br>P\u00e9riodes de service :&nbsp;de 1914 \u00e0 1918 et de 1920 \u00e0 1924<br>Num\u00e9ro matricule :&nbsp;106074<br>Force :&nbsp;Force a\u00e9rienne<br>Unit\u00e9 :&nbsp;Royal Air Force<br>Division :&nbsp;divers escadrons<br>D\u00e9corations :&nbsp;Croix de Victoria (VC), Ordre du service distingu\u00e9 (DSO) et barrette, Croix militaire (MC) et deux barrettes, M\u00e9daille d&rsquo;argent pour bravoure (Italie) et Croix de guerre (France)<\/p>\n\n\n\n<p>Le Lieutenant-colonel William Barker est le membre le plus d\u00e9cor\u00e9 des forces arm\u00e9es canadiennes. Avec 50 victoires \u00e0 son actif, William Barker et son avion Sopwith Camel sont devenus des l\u00e9gendes de la guerre a\u00e9rienne. Il a surv\u00e9cu \u00e0 de nombreuses batailles au cours desquelles il \u00e9tait nettement en inf\u00e9riorit\u00e9 num\u00e9rique et il a ex\u00e9cut\u00e9 toute une gamme de missions : d\u00e9poser clandestinement des agents derri\u00e8re les lignes ennemies; prendre des photos de reconnaissance et attaquer l&rsquo;ennemi dans des combats a\u00e9riens rapproch\u00e9s. William Barker et ses compagnons d&rsquo;armes ont jou\u00e9 des r\u00f4les cl\u00e9s au moment d&rsquo;enrayer l&rsquo;avance ennemie en Italie.<\/p>\n","protected":false},"excerpt":{"rendered":"<p>Nom :&nbsp;William George \u00ab\u00a0Will\/Slippery Bill\u00a0\u00bb BarkerDate de naissance :&nbsp;3 novembre 1894D\u00e9c\u00e8s :&nbsp;12 mars 1930Ville natale :&nbsp;Dauphin (Manitoba)Grade :&nbsp;Lieutenant colonelP\u00e9riodes de service :&nbsp;de 1914 \u00e0 1918 et de 1920 \u00e0 1924Num\u00e9ro matricule :&nbsp;106074Force :&nbsp;Force a\u00e9rienneUnit\u00e9 :&nbsp;Royal Air ForceDivision :&nbsp;divers escadronsD\u00e9corations :&nbsp;Croix de Victoria (VC), Ordre du service distingu\u00e9 (DSO) et barrette, Croix militaire (MC) et deux [&hellip;]<\/p>\n","protected":false},"author":1,"featured_media":0,"parent":0,"menu_order":0,"comment_status":"closed","ping_status":"closed","template":"","meta":{"_acf_changed":false,"footnotes":""},"class_list":["post-449","page","type-page","status-publish","hentry"],"acf":[],"yoast_head":"<!-- This site is optimized with the Yoast SEO plugin v27.3 - https:\/\/yoast.com\/product\/yoast-seo-wordpress\/ -->\n<title>William Barker - Pour Bravoure - aviateurs canadiens et la Croix de Victoria<\/title>\n<meta name=\"robots\" content=\"index, follow, max-snippet:-1, max-image-preview:large, max-video-preview:-1\" \/>\n<link rel=\"canonical\" href=\"https:\/\/forvalour.ca\/fr\/barker\/\" \/>\n<meta property=\"og:locale\" content=\"fr_FR\" \/>\n<meta property=\"og:type\" content=\"article\" \/>\n<meta property=\"og:title\" content=\"William Barker - Pour Bravoure - aviateurs canadiens et la Croix de Victoria\" \/>\n<meta property=\"og:description\" content=\"Nom :&nbsp;William George \u00ab\u00a0Will\/Slippery Bill\u00a0\u00bb BarkerDate de naissance :&nbsp;3 novembre 1894D\u00e9c\u00e8s :&nbsp;12 mars 1930Ville natale :&nbsp;Dauphin (Manitoba)Grade :&nbsp;Lieutenant colonelP\u00e9riodes de service :&nbsp;de 1914 \u00e0 1918 et de 1920 \u00e0 1924Num\u00e9ro matricule :&nbsp;106074Force :&nbsp;Force a\u00e9rienneUnit\u00e9 :&nbsp;Royal Air ForceDivision :&nbsp;divers escadronsD\u00e9corations :&nbsp;Croix de Victoria (VC), Ordre du service distingu\u00e9 (DSO) et barrette, Croix militaire (MC) et deux [&hellip;]\" \/>\n<meta property=\"og:url\" content=\"https:\/\/forvalour.ca\/fr\/barker\/\" \/>\n<meta property=\"og:site_name\" content=\"Pour Bravoure - aviateurs canadiens et la Croix de Victoria\" \/>\n<meta property=\"article:modified_time\" content=\"2021-10-01T14:56:57+00:00\" \/>\n<meta name=\"twitter:card\" content=\"summary_large_image\" \/>\n<meta name=\"twitter:label1\" content=\"Dur\u00e9e de lecture estim\u00e9e\" \/>\n\t<meta name=\"twitter:data1\" content=\"1 minute\" \/>\n<script type=\"application\/ld+json\" class=\"yoast-schema-graph\">{\"@context\":\"https:\\\/\\\/schema.org\",\"@graph\":[{\"@type\":\"WebPage\",\"@id\":\"https:\\\/\\\/forvalour.ca\\\/fr\\\/barker\\\/\",\"url\":\"https:\\\/\\\/forvalour.ca\\\/fr\\\/barker\\\/\",\"name\":\"William Barker - Pour Bravoure - aviateurs canadiens et la Croix de Victoria\",\"isPartOf\":{\"@id\":\"https:\\\/\\\/forvalour.ca\\\/fr\\\/#website\"},\"datePublished\":\"2021-09-13T15:33:38+00:00\",\"dateModified\":\"2021-10-01T14:56:57+00:00\",\"breadcrumb\":{\"@id\":\"https:\\\/\\\/forvalour.ca\\\/fr\\\/barker\\\/#breadcrumb\"},\"inLanguage\":\"fr-FR\",\"potentialAction\":[{\"@type\":\"ReadAction\",\"target\":[\"https:\\\/\\\/forvalour.ca\\\/fr\\\/barker\\\/\"]}]},{\"@type\":\"BreadcrumbList\",\"@id\":\"https:\\\/\\\/forvalour.ca\\\/fr\\\/barker\\\/#breadcrumb\",\"itemListElement\":[{\"@type\":\"ListItem\",\"position\":1,\"name\":\"Home\",\"item\":\"https:\\\/\\\/forvalour.ca\\\/fr\\\/\"},{\"@type\":\"ListItem\",\"position\":2,\"name\":\"William Barker\"}]},{\"@type\":\"WebSite\",\"@id\":\"https:\\\/\\\/forvalour.ca\\\/fr\\\/#website\",\"url\":\"https:\\\/\\\/forvalour.ca\\\/fr\\\/\",\"name\":\"For Valour\",\"description\":\"Canadian Airmen and the Victoria Cross\",\"publisher\":{\"@id\":\"https:\\\/\\\/forvalour.ca\\\/fr\\\/#organization\"},\"potentialAction\":[{\"@type\":\"SearchAction\",\"target\":{\"@type\":\"EntryPoint\",\"urlTemplate\":\"https:\\\/\\\/forvalour.ca\\\/fr\\\/?s={search_term_string}\"},\"query-input\":{\"@type\":\"PropertyValueSpecification\",\"valueRequired\":true,\"valueName\":\"search_term_string\"}}],\"inLanguage\":\"fr-FR\"},{\"@type\":\"Organization\",\"@id\":\"https:\\\/\\\/forvalour.ca\\\/fr\\\/#organization\",\"name\":\"For Valour\",\"url\":\"https:\\\/\\\/forvalour.ca\\\/fr\\\/\",\"logo\":{\"@type\":\"ImageObject\",\"inLanguage\":\"fr-FR\",\"@id\":\"https:\\\/\\\/forvalour.ca\\\/fr\\\/#\\\/schema\\\/logo\\\/image\\\/\",\"url\":\"https:\\\/\\\/forvalour.ca\\\/wp-content\\\/uploads\\\/2021\\\/09\\\/cropped-for-valour-medal-new.png\",\"contentUrl\":\"https:\\\/\\\/forvalour.ca\\\/wp-content\\\/uploads\\\/2021\\\/09\\\/cropped-for-valour-medal-new.png\",\"width\":512,\"height\":512,\"caption\":\"For Valour\"},\"image\":{\"@id\":\"https:\\\/\\\/forvalour.ca\\\/fr\\\/#\\\/schema\\\/logo\\\/image\\\/\"},\"sameAs\":[\"https:\\\/\\\/www.youtube.com\\\/channel\\\/UCRYVbXOUahuy0lj2UCo1Cag\"]}]}<\/script>\n<!-- \/ Yoast SEO plugin. -->","yoast_head_json":{"title":"William Barker - Pour Bravoure - aviateurs canadiens et la Croix de Victoria","robots":{"index":"index","follow":"follow","max-snippet":"max-snippet:-1","max-image-preview":"max-image-preview:large","max-video-preview":"max-video-preview:-1"},"canonical":"https:\/\/forvalour.ca\/fr\/barker\/","og_locale":"fr_FR","og_type":"article","og_title":"William Barker - Pour Bravoure - aviateurs canadiens et la Croix de Victoria","og_description":"Nom :&nbsp;William George \u00ab\u00a0Will\/Slippery Bill\u00a0\u00bb BarkerDate de naissance :&nbsp;3 novembre 1894D\u00e9c\u00e8s :&nbsp;12 mars 1930Ville natale :&nbsp;Dauphin (Manitoba)Grade :&nbsp;Lieutenant colonelP\u00e9riodes de service :&nbsp;de 1914 \u00e0 1918 et de 1920 \u00e0 1924Num\u00e9ro matricule :&nbsp;106074Force :&nbsp;Force a\u00e9rienneUnit\u00e9 :&nbsp;Royal Air ForceDivision :&nbsp;divers escadronsD\u00e9corations :&nbsp;Croix de Victoria (VC), Ordre du service distingu\u00e9 (DSO) et barrette, Croix militaire (MC) et deux [&hellip;]","og_url":"https:\/\/forvalour.ca\/fr\/barker\/","og_site_name":"Pour Bravoure - aviateurs canadiens et la Croix de Victoria","article_modified_time":"2021-10-01T14:56:57+00:00","twitter_card":"summary_large_image","twitter_misc":{"Dur\u00e9e de lecture estim\u00e9e":"1 minute"},"schema":{"@context":"https:\/\/schema.org","@graph":[{"@type":"WebPage","@id":"https:\/\/forvalour.ca\/fr\/barker\/","url":"https:\/\/forvalour.ca\/fr\/barker\/","name":"William Barker - Pour Bravoure - aviateurs canadiens et la Croix de Victoria","isPartOf":{"@id":"https:\/\/forvalour.ca\/fr\/#website"},"datePublished":"2021-09-13T15:33:38+00:00","dateModified":"2021-10-01T14:56:57+00:00","breadcrumb":{"@id":"https:\/\/forvalour.ca\/fr\/barker\/#breadcrumb"},"inLanguage":"fr-FR","potentialAction":[{"@type":"ReadAction","target":["https:\/\/forvalour.ca\/fr\/barker\/"]}]},{"@type":"BreadcrumbList","@id":"https:\/\/forvalour.ca\/fr\/barker\/#breadcrumb","itemListElement":[{"@type":"ListItem","position":1,"name":"Home","item":"https:\/\/forvalour.ca\/fr\/"},{"@type":"ListItem","position":2,"name":"William Barker"}]},{"@type":"WebSite","@id":"https:\/\/forvalour.ca\/fr\/#website","url":"https:\/\/forvalour.ca\/fr\/","name":"For Valour","description":"Canadian Airmen and the Victoria Cross","publisher":{"@id":"https:\/\/forvalour.ca\/fr\/#organization"},"potentialAction":[{"@type":"SearchAction","target":{"@type":"EntryPoint","urlTemplate":"https:\/\/forvalour.ca\/fr\/?s={search_term_string}"},"query-input":{"@type":"PropertyValueSpecification","valueRequired":true,"valueName":"search_term_string"}}],"inLanguage":"fr-FR"},{"@type":"Organization","@id":"https:\/\/forvalour.ca\/fr\/#organization","name":"For Valour","url":"https:\/\/forvalour.ca\/fr\/","logo":{"@type":"ImageObject","inLanguage":"fr-FR","@id":"https:\/\/forvalour.ca\/fr\/#\/schema\/logo\/image\/","url":"https:\/\/forvalour.ca\/wp-content\/uploads\/2021\/09\/cropped-for-valour-medal-new.png","contentUrl":"https:\/\/forvalour.ca\/wp-content\/uploads\/2021\/09\/cropped-for-valour-medal-new.png","width":512,"height":512,"caption":"For Valour"},"image":{"@id":"https:\/\/forvalour.ca\/fr\/#\/schema\/logo\/image\/"},"sameAs":["https:\/\/www.youtube.com\/channel\/UCRYVbXOUahuy0lj2UCo1Cag"]}]}},"_links":{"self":[{"href":"https:\/\/forvalour.ca\/fr\/wp-json\/wp\/v2\/pages\/449","targetHints":{"allow":["GET"]}}],"collection":[{"href":"https:\/\/forvalour.ca\/fr\/wp-json\/wp\/v2\/pages"}],"about":[{"href":"https:\/\/forvalour.ca\/fr\/wp-json\/wp\/v2\/types\/page"}],"author":[{"embeddable":true,"href":"https:\/\/forvalour.ca\/fr\/wp-json\/wp\/v2\/users\/1"}],"replies":[{"embeddable":true,"href":"https:\/\/forvalour.ca\/fr\/wp-json\/wp\/v2\/comments?post=449"}],"version-history":[{"count":3,"href":"https:\/\/forvalour.ca\/fr\/wp-json\/wp\/v2\/pages\/449\/revisions"}],"predecessor-version":[{"id":2893,"href":"https:\/\/forvalour.ca\/fr\/wp-json\/wp\/v2\/pages\/449\/revisions\/2893"}],"wp:attachment":[{"href":"https:\/\/forvalour.ca\/fr\/wp-json\/wp\/v2\/media?parent=449"}],"curies":[{"name":"wp","href":"https:\/\/api.w.org\/{rel}","templated":true}]}}