{"id":454,"date":"2021-09-13T16:13:15","date_gmt":"2021-09-13T21:13:15","guid":{"rendered":"http:\/\/forvalour.ca\/?page_id=454"},"modified":"2021-09-13T16:13:40","modified_gmt":"2021-09-13T21:13:40","slug":"vie-de-famille","status":"publish","type":"page","link":"https:\/\/forvalour.ca\/fr\/mynarski\/vie-de-famille\/","title":{"rendered":"Vie de Famille"},"content":{"rendered":"\n<p>Andrew Charles Mynarski est le deuxi\u00e8me fils d&rsquo;immigrants polonais r\u00e9cemment arriv\u00e9s au Canada; il na\u00eet le 14 octobre 1916 \u00e0 Winnipeg (Manitoba). Son p\u00e8re meurt alors qu&rsquo;Andrew a 16 ans, et ce dernier est oblig\u00e9 de quitter l&rsquo;\u00e9cole t\u00f4t. Il entre sur le march\u00e9 du travail en qualit\u00e9 de travailleur du cuir afin d&rsquo;aider \u00e0 subvenir aux besoins de sa m\u00e8re Anna, de ses deux fr\u00e8res et de ses trois s\u0153urs. Il s&rsquo;enr\u00f4le dans Aviation royale du Canada en 1941, ann\u00e9e o\u00f9 il c\u00e9l\u00e8bre son 25<sup>e<\/sup>&nbsp;anniversaire; il s&rsquo;entra\u00eene au Manitoba et en Alberta, avant d&rsquo;obtenir son brevet en 1942.<\/p>\n\n\n\n<p>Affectueusement connu sous le nom d&rsquo;Andy par ses amis et sa famille, il a un bon sens de l&rsquo;humour, mais il est consid\u00e9r\u00e9 comme \u00e9tant un homme relativement tranquille. Il aime bien les travaux manuels et il fabrique des meubles et d&rsquo;autres objets en bois pendant ses temps libres.<\/p>\n","protected":false},"excerpt":{"rendered":"<p>Andrew Charles Mynarski est le deuxi\u00e8me fils d&rsquo;immigrants polonais r\u00e9cemment arriv\u00e9s au Canada; il na\u00eet le 14 octobre 1916 \u00e0 Winnipeg (Manitoba). Son p\u00e8re meurt alors qu&rsquo;Andrew a 16 ans, et ce dernier est oblig\u00e9 de quitter l&rsquo;\u00e9cole t\u00f4t. Il entre sur le march\u00e9 du travail en qualit\u00e9 de travailleur du cuir afin d&rsquo;aider \u00e0 [&hellip;]<\/p>\n","protected":false},"author":1,"featured_media":0,"parent":446,"menu_order":1,"comment_status":"closed","ping_status":"closed","template":"","meta":{"_acf_changed":false,"footnotes":""},"class_list":["post-454","page","type-page","status-publish","hentry"],"acf":[],"yoast_head":"<!-- This site is optimized with the Yoast SEO plugin v27.3 - https:\/\/yoast.com\/product\/yoast-seo-wordpress\/ -->\n<title>Vie de Famille - Pour Bravoure - aviateurs canadiens et la Croix de Victoria<\/title>\n<meta name=\"robots\" content=\"index, follow, max-snippet:-1, max-image-preview:large, max-video-preview:-1\" \/>\n<link rel=\"canonical\" href=\"https:\/\/forvalour.ca\/fr\/mynarski\/vie-de-famille\/\" \/>\n<meta property=\"og:locale\" content=\"fr_FR\" \/>\n<meta property=\"og:type\" content=\"article\" \/>\n<meta property=\"og:title\" content=\"Vie de Famille - Pour Bravoure - aviateurs canadiens et la Croix de Victoria\" \/>\n<meta property=\"og:description\" content=\"Andrew Charles Mynarski est le deuxi\u00e8me fils d&rsquo;immigrants polonais r\u00e9cemment arriv\u00e9s au Canada; il na\u00eet le 14 octobre 1916 \u00e0 Winnipeg (Manitoba). Son p\u00e8re meurt alors qu&rsquo;Andrew a 16 ans, et ce dernier est oblig\u00e9 de quitter l&rsquo;\u00e9cole t\u00f4t. Il entre sur le march\u00e9 du travail en qualit\u00e9 de travailleur du cuir afin d&rsquo;aider \u00e0 [&hellip;]\" \/>\n<meta property=\"og:url\" content=\"https:\/\/forvalour.ca\/fr\/mynarski\/vie-de-famille\/\" \/>\n<meta property=\"og:site_name\" content=\"Pour Bravoure - aviateurs canadiens et la Croix de Victoria\" \/>\n<meta property=\"article:modified_time\" content=\"2021-09-13T21:13:40+00:00\" \/>\n<meta name=\"twitter:card\" content=\"summary_large_image\" \/>\n<meta name=\"twitter:label1\" content=\"Dur\u00e9e de lecture estim\u00e9e\" \/>\n\t<meta name=\"twitter:data1\" content=\"1 minute\" \/>\n<script type=\"application\/ld+json\" class=\"yoast-schema-graph\">{\"@context\":\"https:\\\/\\\/schema.org\",\"@graph\":[{\"@type\":\"WebPage\",\"@id\":\"https:\\\/\\\/forvalour.ca\\\/fr\\\/mynarski\\\/vie-de-famille\\\/\",\"url\":\"https:\\\/\\\/forvalour.ca\\\/fr\\\/mynarski\\\/vie-de-famille\\\/\",\"name\":\"Vie de Famille - Pour Bravoure - aviateurs canadiens et la Croix de Victoria\",\"isPartOf\":{\"@id\":\"https:\\\/\\\/www.forvalour.ca\\\/fr\\\/#website\"},\"datePublished\":\"2021-09-13T21:13:15+00:00\",\"dateModified\":\"2021-09-13T21:13:40+00:00\",\"breadcrumb\":{\"@id\":\"https:\\\/\\\/forvalour.ca\\\/fr\\\/mynarski\\\/vie-de-famille\\\/#breadcrumb\"},\"inLanguage\":\"fr-FR\",\"potentialAction\":[{\"@type\":\"ReadAction\",\"target\":[\"https:\\\/\\\/forvalour.ca\\\/fr\\\/mynarski\\\/vie-de-famille\\\/\"]}]},{\"@type\":\"BreadcrumbList\",\"@id\":\"https:\\\/\\\/forvalour.ca\\\/fr\\\/mynarski\\\/vie-de-famille\\\/#breadcrumb\",\"itemListElement\":[{\"@type\":\"ListItem\",\"position\":1,\"name\":\"Home\",\"item\":\"https:\\\/\\\/www.forvalour.ca\\\/fr\\\/\"},{\"@type\":\"ListItem\",\"position\":2,\"name\":\"Andrew Mynarski\",\"item\":\"https:\\\/\\\/forvalour.ca\\\/fr\\\/mynarski\\\/\"},{\"@type\":\"ListItem\",\"position\":3,\"name\":\"Vie de Famille\"}]},{\"@type\":\"WebSite\",\"@id\":\"https:\\\/\\\/www.forvalour.ca\\\/fr\\\/#website\",\"url\":\"https:\\\/\\\/www.forvalour.ca\\\/fr\\\/\",\"name\":\"For Valour\",\"description\":\"Canadian Airmen and the Victoria Cross\",\"publisher\":{\"@id\":\"https:\\\/\\\/www.forvalour.ca\\\/fr\\\/#organization\"},\"potentialAction\":[{\"@type\":\"SearchAction\",\"target\":{\"@type\":\"EntryPoint\",\"urlTemplate\":\"https:\\\/\\\/www.forvalour.ca\\\/fr\\\/?s={search_term_string}\"},\"query-input\":{\"@type\":\"PropertyValueSpecification\",\"valueRequired\":true,\"valueName\":\"search_term_string\"}}],\"inLanguage\":\"fr-FR\"},{\"@type\":\"Organization\",\"@id\":\"https:\\\/\\\/www.forvalour.ca\\\/fr\\\/#organization\",\"name\":\"For Valour\",\"url\":\"https:\\\/\\\/www.forvalour.ca\\\/fr\\\/\",\"logo\":{\"@type\":\"ImageObject\",\"inLanguage\":\"fr-FR\",\"@id\":\"https:\\\/\\\/www.forvalour.ca\\\/fr\\\/#\\\/schema\\\/logo\\\/image\\\/\",\"url\":\"https:\\\/\\\/forvalour.ca\\\/wp-content\\\/uploads\\\/2021\\\/09\\\/cropped-for-valour-medal-new.png\",\"contentUrl\":\"https:\\\/\\\/forvalour.ca\\\/wp-content\\\/uploads\\\/2021\\\/09\\\/cropped-for-valour-medal-new.png\",\"width\":512,\"height\":512,\"caption\":\"For Valour\"},\"image\":{\"@id\":\"https:\\\/\\\/www.forvalour.ca\\\/fr\\\/#\\\/schema\\\/logo\\\/image\\\/\"},\"sameAs\":[\"https:\\\/\\\/www.youtube.com\\\/channel\\\/UCRYVbXOUahuy0lj2UCo1Cag\"]}]}<\/script>\n<!-- \/ Yoast SEO plugin. -->","yoast_head_json":{"title":"Vie de Famille - Pour Bravoure - aviateurs canadiens et la Croix de Victoria","robots":{"index":"index","follow":"follow","max-snippet":"max-snippet:-1","max-image-preview":"max-image-preview:large","max-video-preview":"max-video-preview:-1"},"canonical":"https:\/\/forvalour.ca\/fr\/mynarski\/vie-de-famille\/","og_locale":"fr_FR","og_type":"article","og_title":"Vie de Famille - Pour Bravoure - aviateurs canadiens et la Croix de Victoria","og_description":"Andrew Charles Mynarski est le deuxi\u00e8me fils d&rsquo;immigrants polonais r\u00e9cemment arriv\u00e9s au Canada; il na\u00eet le 14 octobre 1916 \u00e0 Winnipeg (Manitoba). Son p\u00e8re meurt alors qu&rsquo;Andrew a 16 ans, et ce dernier est oblig\u00e9 de quitter l&rsquo;\u00e9cole t\u00f4t. Il entre sur le march\u00e9 du travail en qualit\u00e9 de travailleur du cuir afin d&rsquo;aider \u00e0 [&hellip;]","og_url":"https:\/\/forvalour.ca\/fr\/mynarski\/vie-de-famille\/","og_site_name":"Pour Bravoure - aviateurs canadiens et la Croix de Victoria","article_modified_time":"2021-09-13T21:13:40+00:00","twitter_card":"summary_large_image","twitter_misc":{"Dur\u00e9e de lecture estim\u00e9e":"1 minute"},"schema":{"@context":"https:\/\/schema.org","@graph":[{"@type":"WebPage","@id":"https:\/\/forvalour.ca\/fr\/mynarski\/vie-de-famille\/","url":"https:\/\/forvalour.ca\/fr\/mynarski\/vie-de-famille\/","name":"Vie de Famille - Pour Bravoure - aviateurs canadiens et la Croix de Victoria","isPartOf":{"@id":"https:\/\/www.forvalour.ca\/fr\/#website"},"datePublished":"2021-09-13T21:13:15+00:00","dateModified":"2021-09-13T21:13:40+00:00","breadcrumb":{"@id":"https:\/\/forvalour.ca\/fr\/mynarski\/vie-de-famille\/#breadcrumb"},"inLanguage":"fr-FR","potentialAction":[{"@type":"ReadAction","target":["https:\/\/forvalour.ca\/fr\/mynarski\/vie-de-famille\/"]}]},{"@type":"BreadcrumbList","@id":"https:\/\/forvalour.ca\/fr\/mynarski\/vie-de-famille\/#breadcrumb","itemListElement":[{"@type":"ListItem","position":1,"name":"Home","item":"https:\/\/www.forvalour.ca\/fr\/"},{"@type":"ListItem","position":2,"name":"Andrew Mynarski","item":"https:\/\/forvalour.ca\/fr\/mynarski\/"},{"@type":"ListItem","position":3,"name":"Vie de Famille"}]},{"@type":"WebSite","@id":"https:\/\/www.forvalour.ca\/fr\/#website","url":"https:\/\/www.forvalour.ca\/fr\/","name":"For Valour","description":"Canadian Airmen and the Victoria Cross","publisher":{"@id":"https:\/\/www.forvalour.ca\/fr\/#organization"},"potentialAction":[{"@type":"SearchAction","target":{"@type":"EntryPoint","urlTemplate":"https:\/\/www.forvalour.ca\/fr\/?s={search_term_string}"},"query-input":{"@type":"PropertyValueSpecification","valueRequired":true,"valueName":"search_term_string"}}],"inLanguage":"fr-FR"},{"@type":"Organization","@id":"https:\/\/www.forvalour.ca\/fr\/#organization","name":"For Valour","url":"https:\/\/www.forvalour.ca\/fr\/","logo":{"@type":"ImageObject","inLanguage":"fr-FR","@id":"https:\/\/www.forvalour.ca\/fr\/#\/schema\/logo\/image\/","url":"https:\/\/forvalour.ca\/wp-content\/uploads\/2021\/09\/cropped-for-valour-medal-new.png","contentUrl":"https:\/\/forvalour.ca\/wp-content\/uploads\/2021\/09\/cropped-for-valour-medal-new.png","width":512,"height":512,"caption":"For Valour"},"image":{"@id":"https:\/\/www.forvalour.ca\/fr\/#\/schema\/logo\/image\/"},"sameAs":["https:\/\/www.youtube.com\/channel\/UCRYVbXOUahuy0lj2UCo1Cag"]}]}},"_links":{"self":[{"href":"https:\/\/forvalour.ca\/fr\/wp-json\/wp\/v2\/pages\/454","targetHints":{"allow":["GET"]}}],"collection":[{"href":"https:\/\/forvalour.ca\/fr\/wp-json\/wp\/v2\/pages"}],"about":[{"href":"https:\/\/forvalour.ca\/fr\/wp-json\/wp\/v2\/types\/page"}],"author":[{"embeddable":true,"href":"https:\/\/forvalour.ca\/fr\/wp-json\/wp\/v2\/users\/1"}],"replies":[{"embeddable":true,"href":"https:\/\/forvalour.ca\/fr\/wp-json\/wp\/v2\/comments?post=454"}],"version-history":[{"count":3,"href":"https:\/\/forvalour.ca\/fr\/wp-json\/wp\/v2\/pages\/454\/revisions"}],"predecessor-version":[{"id":457,"href":"https:\/\/forvalour.ca\/fr\/wp-json\/wp\/v2\/pages\/454\/revisions\/457"}],"up":[{"embeddable":true,"href":"https:\/\/forvalour.ca\/fr\/wp-json\/wp\/v2\/pages\/446"}],"wp:attachment":[{"href":"https:\/\/forvalour.ca\/fr\/wp-json\/wp\/v2\/media?parent=454"}],"curies":[{"name":"wp","href":"https:\/\/api.w.org\/{rel}","templated":true}]}}