{"id":458,"date":"2021-09-13T16:25:25","date_gmt":"2021-09-13T21:25:25","guid":{"rendered":"http:\/\/forvalour.ca\/?page_id=458"},"modified":"2021-09-13T16:25:25","modified_gmt":"2021-09-13T21:25:25","slug":"carriere-militaire","status":"publish","type":"page","link":"https:\/\/forvalour.ca\/fr\/mynarski\/carriere-militaire\/","title":{"rendered":"Carri\u00e8re Militaire"},"content":{"rendered":"\n<p>Andrew Mynarski s&rsquo;enr\u00f4le dans l&rsquo;Aviation royale du Canada \u00e0 la fin de 1941; il s&rsquo;entra\u00eene en Alberta et au Manitoba avant de terminer avec succ\u00e8s l&rsquo;instruction de mitrailleur de tourelle dorsale et de m\u00e9riter son brevet de mitrailleur de bord, au d\u00e9but de 1942. Andrew Mynarski est sergent \u00e0 titre temporaire au Centre d&#8217;embarquement \u00e0 Halifax, en Nouvelle-\u00c9cosse, puis il est envoy\u00e9 en Angleterre pour parfaire son instruction, peu de temps apr\u00e8s.<\/p>\n\n\n\n<p>Andrew Mynarski est promu sergent de section en juin 1943 et est affect\u00e9 au 9<sup>e<\/sup>&nbsp;Escadron, en octobre de la m\u00eame ann\u00e9e. En mars 1944, il est envoy\u00e9 dans la 1664<sup>e<\/sup>&nbsp;unit\u00e9 de travaux lourds (No. 1664 HCU &#8211;&nbsp;Heavy Conversion Unit); les membres de l&rsquo;\u00e9quipage de sa derni\u00e8re sortie font leur premier vol ensemble plus tard ce mois-l\u00e0. Ils se joignent au 419<sup>e<\/sup>&nbsp;Escadron \u00ab&nbsp;Moose&nbsp;\u00bb plus tard au cours du m\u00eame mois, \u00e0 Middleton St.&nbsp;George. Les bombardiers Avro Lancaster Mark X arrivent au cours des mois qui suivent, et l&rsquo;appareil KB726, le 28 mai.<\/p>\n\n\n\n<p>Le 12 juin 1944, le 419<sup>e<\/sup>&nbsp;Escadron se pr\u00e9pare \u00e0 partir vers des objectifs en France, quand ses membres se rendent compte d&rsquo;un mauvais pr\u00e9sage : il s&rsquo;agit de la 13<sup>e<\/sup>&nbsp;sortie et elle se terminera aux premi\u00e8res heures du 13 juin. Pendant que l&rsquo;\u00e9quipage est assis dans l&rsquo;herbe et r\u00e9fl\u00e9chit \u00e0 ce sombre augure, Andrew Mynarski trouve un tr\u00e8fle \u00e0 quatre feuilles et le remet \u00e0 Pat Brophy en guise de porte-bonheur.<\/p>\n\n\n\n<p>Cette nuit-l\u00e0, le Lancaster KB726 est frapp\u00e9 par les balles d&rsquo;un chasseur de nuit Ju 88, qui l&rsquo;attaque de l&rsquo;arri\u00e8re et sous un angle ascendant. Les moteurs de gauche s&rsquo;arr\u00eatent, et un incendie se d\u00e9clare entre la tourelle dorsale et la tourelle arri\u00e8re, ainsi que sur l&rsquo;aile gauche m\u00eame. Le pilote, Lieutenant d&rsquo;aviation Art de Breyne, ordonne \u00e0 l&rsquo;\u00e9quipage de sauter en parachute, mais Andrew aper\u00e7oit Pat Brophy pris au pi\u00e8ge dans la tourelle arri\u00e8re. Il traverse le fuselage en flammes, dans la partie arri\u00e8re de l&rsquo;avion, en rampant sur une distance de sept m\u00e8tres (20 pieds) dans de l&rsquo;huile hydraulique en feu. Il tente d&rsquo;aller lib\u00e9rer Brophy, mais celui-ci lui fait finalement signe d&rsquo;abandonner, car il estime que les efforts de son compagnon sont vains.<\/p>\n\n\n\n<p>Andrew Mynarski revient \u00e0 la trappe d&rsquo;\u00e9vacuation arri\u00e8re et saute, alors que son parachute et son uniforme sont en feu. Comme les suspentes du parachute sont br\u00fbl\u00e9es, il descend trop vite vers la terre et il heurte le sol trop lourdement. Des fermiers fran\u00e7ais le trouvent et le transportent \u00e0 un h\u00f4pital de campagne allemand, mais il succombe \u00e0 ses br\u00fblures et aux blessures qu&rsquo;il a subies \u00e0 l&rsquo;atterrissage.<\/p>\n","protected":false},"excerpt":{"rendered":"<p>Andrew Mynarski s&rsquo;enr\u00f4le dans l&rsquo;Aviation royale du Canada \u00e0 la fin de 1941; il s&rsquo;entra\u00eene en Alberta et au Manitoba avant de terminer avec succ\u00e8s l&rsquo;instruction de mitrailleur de tourelle dorsale et de m\u00e9riter son brevet de mitrailleur de bord, au d\u00e9but de 1942. Andrew Mynarski est sergent \u00e0 titre temporaire au Centre d&#8217;embarquement \u00e0 [&hellip;]<\/p>\n","protected":false},"author":1,"featured_media":0,"parent":446,"menu_order":2,"comment_status":"closed","ping_status":"closed","template":"","meta":{"_acf_changed":false,"footnotes":""},"class_list":["post-458","page","type-page","status-publish","hentry"],"acf":[],"yoast_head":"<!-- This site is optimized with the Yoast SEO plugin v27.3 - https:\/\/yoast.com\/product\/yoast-seo-wordpress\/ -->\n<title>Carri\u00e8re Militaire - Pour Bravoure - aviateurs canadiens et la Croix de Victoria<\/title>\n<meta name=\"robots\" content=\"index, follow, max-snippet:-1, max-image-preview:large, max-video-preview:-1\" \/>\n<link rel=\"canonical\" href=\"https:\/\/forvalour.ca\/fr\/mynarski\/carriere-militaire\/\" \/>\n<meta property=\"og:locale\" content=\"fr_FR\" \/>\n<meta property=\"og:type\" content=\"article\" \/>\n<meta property=\"og:title\" content=\"Carri\u00e8re Militaire - Pour Bravoure - aviateurs canadiens et la Croix de Victoria\" \/>\n<meta property=\"og:description\" content=\"Andrew Mynarski s&rsquo;enr\u00f4le dans l&rsquo;Aviation royale du Canada \u00e0 la fin de 1941; il s&rsquo;entra\u00eene en Alberta et au Manitoba avant de terminer avec succ\u00e8s l&rsquo;instruction de mitrailleur de tourelle dorsale et de m\u00e9riter son brevet de mitrailleur de bord, au d\u00e9but de 1942. Andrew Mynarski est sergent \u00e0 titre temporaire au Centre d&#8217;embarquement \u00e0 [&hellip;]\" \/>\n<meta property=\"og:url\" content=\"https:\/\/forvalour.ca\/fr\/mynarski\/carriere-militaire\/\" \/>\n<meta property=\"og:site_name\" content=\"Pour Bravoure - aviateurs canadiens et la Croix de Victoria\" \/>\n<meta name=\"twitter:card\" content=\"summary_large_image\" \/>\n<meta name=\"twitter:label1\" content=\"Dur\u00e9e de lecture estim\u00e9e\" \/>\n\t<meta name=\"twitter:data1\" content=\"2 minutes\" \/>\n<script type=\"application\/ld+json\" class=\"yoast-schema-graph\">{\"@context\":\"https:\\\/\\\/schema.org\",\"@graph\":[{\"@type\":\"WebPage\",\"@id\":\"https:\\\/\\\/forvalour.ca\\\/fr\\\/mynarski\\\/carriere-militaire\\\/\",\"url\":\"https:\\\/\\\/forvalour.ca\\\/fr\\\/mynarski\\\/carriere-militaire\\\/\",\"name\":\"Carri\u00e8re Militaire - Pour Bravoure - aviateurs canadiens et la Croix de Victoria\",\"isPartOf\":{\"@id\":\"https:\\\/\\\/forvalour.ca\\\/fr\\\/#website\"},\"datePublished\":\"2021-09-13T21:25:25+00:00\",\"breadcrumb\":{\"@id\":\"https:\\\/\\\/forvalour.ca\\\/fr\\\/mynarski\\\/carriere-militaire\\\/#breadcrumb\"},\"inLanguage\":\"fr-FR\",\"potentialAction\":[{\"@type\":\"ReadAction\",\"target\":[\"https:\\\/\\\/forvalour.ca\\\/fr\\\/mynarski\\\/carriere-militaire\\\/\"]}]},{\"@type\":\"BreadcrumbList\",\"@id\":\"https:\\\/\\\/forvalour.ca\\\/fr\\\/mynarski\\\/carriere-militaire\\\/#breadcrumb\",\"itemListElement\":[{\"@type\":\"ListItem\",\"position\":1,\"name\":\"Home\",\"item\":\"https:\\\/\\\/forvalour.ca\\\/fr\\\/\"},{\"@type\":\"ListItem\",\"position\":2,\"name\":\"Andrew Mynarski\",\"item\":\"https:\\\/\\\/www.forvalour.ca\\\/fr\\\/mynarski\\\/\"},{\"@type\":\"ListItem\",\"position\":3,\"name\":\"Carri\u00e8re Militaire\"}]},{\"@type\":\"WebSite\",\"@id\":\"https:\\\/\\\/forvalour.ca\\\/fr\\\/#website\",\"url\":\"https:\\\/\\\/forvalour.ca\\\/fr\\\/\",\"name\":\"For Valour\",\"description\":\"Canadian Airmen and the Victoria Cross\",\"publisher\":{\"@id\":\"https:\\\/\\\/forvalour.ca\\\/fr\\\/#organization\"},\"potentialAction\":[{\"@type\":\"SearchAction\",\"target\":{\"@type\":\"EntryPoint\",\"urlTemplate\":\"https:\\\/\\\/forvalour.ca\\\/fr\\\/?s={search_term_string}\"},\"query-input\":{\"@type\":\"PropertyValueSpecification\",\"valueRequired\":true,\"valueName\":\"search_term_string\"}}],\"inLanguage\":\"fr-FR\"},{\"@type\":\"Organization\",\"@id\":\"https:\\\/\\\/forvalour.ca\\\/fr\\\/#organization\",\"name\":\"For Valour\",\"url\":\"https:\\\/\\\/forvalour.ca\\\/fr\\\/\",\"logo\":{\"@type\":\"ImageObject\",\"inLanguage\":\"fr-FR\",\"@id\":\"https:\\\/\\\/forvalour.ca\\\/fr\\\/#\\\/schema\\\/logo\\\/image\\\/\",\"url\":\"https:\\\/\\\/forvalour.ca\\\/wp-content\\\/uploads\\\/2021\\\/09\\\/cropped-for-valour-medal-new.png\",\"contentUrl\":\"https:\\\/\\\/forvalour.ca\\\/wp-content\\\/uploads\\\/2021\\\/09\\\/cropped-for-valour-medal-new.png\",\"width\":512,\"height\":512,\"caption\":\"For Valour\"},\"image\":{\"@id\":\"https:\\\/\\\/forvalour.ca\\\/fr\\\/#\\\/schema\\\/logo\\\/image\\\/\"},\"sameAs\":[\"https:\\\/\\\/www.youtube.com\\\/channel\\\/UCRYVbXOUahuy0lj2UCo1Cag\"]}]}<\/script>\n<!-- \/ Yoast SEO plugin. -->","yoast_head_json":{"title":"Carri\u00e8re Militaire - Pour Bravoure - aviateurs canadiens et la Croix de Victoria","robots":{"index":"index","follow":"follow","max-snippet":"max-snippet:-1","max-image-preview":"max-image-preview:large","max-video-preview":"max-video-preview:-1"},"canonical":"https:\/\/forvalour.ca\/fr\/mynarski\/carriere-militaire\/","og_locale":"fr_FR","og_type":"article","og_title":"Carri\u00e8re Militaire - Pour Bravoure - aviateurs canadiens et la Croix de Victoria","og_description":"Andrew Mynarski s&rsquo;enr\u00f4le dans l&rsquo;Aviation royale du Canada \u00e0 la fin de 1941; il s&rsquo;entra\u00eene en Alberta et au Manitoba avant de terminer avec succ\u00e8s l&rsquo;instruction de mitrailleur de tourelle dorsale et de m\u00e9riter son brevet de mitrailleur de bord, au d\u00e9but de 1942. Andrew Mynarski est sergent \u00e0 titre temporaire au Centre d&#8217;embarquement \u00e0 [&hellip;]","og_url":"https:\/\/forvalour.ca\/fr\/mynarski\/carriere-militaire\/","og_site_name":"Pour Bravoure - aviateurs canadiens et la Croix de Victoria","twitter_card":"summary_large_image","twitter_misc":{"Dur\u00e9e de lecture estim\u00e9e":"2 minutes"},"schema":{"@context":"https:\/\/schema.org","@graph":[{"@type":"WebPage","@id":"https:\/\/forvalour.ca\/fr\/mynarski\/carriere-militaire\/","url":"https:\/\/forvalour.ca\/fr\/mynarski\/carriere-militaire\/","name":"Carri\u00e8re Militaire - Pour Bravoure - aviateurs canadiens et la Croix de Victoria","isPartOf":{"@id":"https:\/\/forvalour.ca\/fr\/#website"},"datePublished":"2021-09-13T21:25:25+00:00","breadcrumb":{"@id":"https:\/\/forvalour.ca\/fr\/mynarski\/carriere-militaire\/#breadcrumb"},"inLanguage":"fr-FR","potentialAction":[{"@type":"ReadAction","target":["https:\/\/forvalour.ca\/fr\/mynarski\/carriere-militaire\/"]}]},{"@type":"BreadcrumbList","@id":"https:\/\/forvalour.ca\/fr\/mynarski\/carriere-militaire\/#breadcrumb","itemListElement":[{"@type":"ListItem","position":1,"name":"Home","item":"https:\/\/forvalour.ca\/fr\/"},{"@type":"ListItem","position":2,"name":"Andrew Mynarski","item":"https:\/\/www.forvalour.ca\/fr\/mynarski\/"},{"@type":"ListItem","position":3,"name":"Carri\u00e8re Militaire"}]},{"@type":"WebSite","@id":"https:\/\/forvalour.ca\/fr\/#website","url":"https:\/\/forvalour.ca\/fr\/","name":"For Valour","description":"Canadian Airmen and the Victoria Cross","publisher":{"@id":"https:\/\/forvalour.ca\/fr\/#organization"},"potentialAction":[{"@type":"SearchAction","target":{"@type":"EntryPoint","urlTemplate":"https:\/\/forvalour.ca\/fr\/?s={search_term_string}"},"query-input":{"@type":"PropertyValueSpecification","valueRequired":true,"valueName":"search_term_string"}}],"inLanguage":"fr-FR"},{"@type":"Organization","@id":"https:\/\/forvalour.ca\/fr\/#organization","name":"For Valour","url":"https:\/\/forvalour.ca\/fr\/","logo":{"@type":"ImageObject","inLanguage":"fr-FR","@id":"https:\/\/forvalour.ca\/fr\/#\/schema\/logo\/image\/","url":"https:\/\/forvalour.ca\/wp-content\/uploads\/2021\/09\/cropped-for-valour-medal-new.png","contentUrl":"https:\/\/forvalour.ca\/wp-content\/uploads\/2021\/09\/cropped-for-valour-medal-new.png","width":512,"height":512,"caption":"For Valour"},"image":{"@id":"https:\/\/forvalour.ca\/fr\/#\/schema\/logo\/image\/"},"sameAs":["https:\/\/www.youtube.com\/channel\/UCRYVbXOUahuy0lj2UCo1Cag"]}]}},"_links":{"self":[{"href":"https:\/\/forvalour.ca\/fr\/wp-json\/wp\/v2\/pages\/458","targetHints":{"allow":["GET"]}}],"collection":[{"href":"https:\/\/forvalour.ca\/fr\/wp-json\/wp\/v2\/pages"}],"about":[{"href":"https:\/\/forvalour.ca\/fr\/wp-json\/wp\/v2\/types\/page"}],"author":[{"embeddable":true,"href":"https:\/\/forvalour.ca\/fr\/wp-json\/wp\/v2\/users\/1"}],"replies":[{"embeddable":true,"href":"https:\/\/forvalour.ca\/fr\/wp-json\/wp\/v2\/comments?post=458"}],"version-history":[{"count":2,"href":"https:\/\/forvalour.ca\/fr\/wp-json\/wp\/v2\/pages\/458\/revisions"}],"predecessor-version":[{"id":460,"href":"https:\/\/forvalour.ca\/fr\/wp-json\/wp\/v2\/pages\/458\/revisions\/460"}],"up":[{"embeddable":true,"href":"https:\/\/forvalour.ca\/fr\/wp-json\/wp\/v2\/pages\/446"}],"wp:attachment":[{"href":"https:\/\/forvalour.ca\/fr\/wp-json\/wp\/v2\/media?parent=458"}],"curies":[{"name":"wp","href":"https:\/\/api.w.org\/{rel}","templated":true}]}}