{"id":601,"date":"2021-09-15T15:46:44","date_gmt":"2021-09-15T20:46:44","guid":{"rendered":"https:\/\/forvalour.ca\/?page_id=601"},"modified":"2021-10-06T17:41:38","modified_gmt":"2021-10-06T22:41:38","slug":"ressources-pedagogiques","status":"publish","type":"page","link":"https:\/\/forvalour.ca\/fr\/ressources-pedagogiques\/","title":{"rendered":"Ressources P\u00e9dagogiques"},"content":{"rendered":"\n<p><strong><strong>Les renseignements sur le site Web \u00ab Pour bravoure \u00bb s&rsquo;adressent aux \u00e9l\u00e8ves de la cinqui\u00e8me \u00e0 la huiti\u00e8me ann\u00e9e. Ainsi, nous avons t\u00e2ch\u00e9 d&rsquo;inclure de pr\u00e9cieux documents p\u00e9dagogiques qui seront utiles tant aux enseignants qu&rsquo;aux \u00e9l\u00e8ves.<\/strong><\/strong><\/p>\n\n\n\n<div class=\"wp-block-columns is-layout-flex wp-container-core-columns-is-layout-9d6595d7 wp-block-columns-is-layout-flex\">\n<div class=\"wp-block-column is-layout-flow wp-block-column-is-layout-flow\" style=\"flex-basis:174px\">\n<div class=\"wp-block-group image-group\"><div class=\"wp-block-group__inner-container is-layout-flow wp-block-group-is-layout-flow\">\n<figure class=\"wp-block-image size-full\"><a href=\"\/fr\/ai-bishop\"><img loading=\"lazy\" decoding=\"async\" width=\"83\" height=\"113\" src=\"https:\/\/forvalour.ca\/wp-content\/uploads\/2021\/09\/ip-003.jpg\" alt=\"Affiche sur William Bishop\" class=\"wp-image-729\"\/><\/a><\/figure>\n\n\n\n<figure class=\"wp-block-image size-full\"><a href=\"\/fr\/ai-mynarski\"><img loading=\"lazy\" decoding=\"async\" width=\"91\" height=\"113\" src=\"https:\/\/forvalour.ca\/wp-content\/uploads\/2021\/09\/ip-004.jpg\" alt=\"Affiche sur Andrew Mynarski\" class=\"wp-image-731\"\/><\/a><\/figure>\n<\/div><\/div>\n<\/div>\n\n\n\n<div class=\"wp-block-column is-layout-flow wp-block-column-is-layout-flow\">\n<p><strong><strong>AFFICHES SUR WILLIAM BISHOP ET ANDREW MYNARSKI<\/strong><br>Ces affiches vous permettent de d\u00e9couvrir des faits int\u00e9ressants sur l&rsquo;\u00e9quipement et la vie de ces deux h\u00e9ros canadiens, et de lire des articles sur eux.&nbsp;<em>Cliquez sur l&rsquo;affiche pour commencer<\/em>.<\/strong><\/p>\n<\/div>\n<\/div>\n\n\n\n<div class=\"wp-block-columns is-layout-flex wp-container-core-columns-is-layout-9d6595d7 wp-block-columns-is-layout-flex\">\n<div class=\"wp-block-column is-layout-flow wp-block-column-is-layout-flow\" style=\"flex-basis:84px\">\n<figure class=\"wp-block-image size-full\"><a href=\"\/fr\/schrage-musik\"><img loading=\"lazy\" decoding=\"async\" width=\"84\" height=\"112\" src=\"https:\/\/forvalour.ca\/wp-content\/uploads\/2021\/09\/sm-002.jpg\" alt=\"Schr\u00e4ge Musik\" class=\"wp-image-733\"\/><\/a><\/figure>\n<\/div>\n\n\n\n<div class=\"wp-block-column is-layout-flow wp-block-column-is-layout-flow\">\n<p><strong><strong>SCHR\u00c4GE MUSIK<\/strong><br><\/strong>Schr\u00e4ge Musik: Terreur dans la nuit<\/p>\n<\/div>\n<\/div>\n\n\n\n<div class=\"wp-block-columns is-layout-flex wp-container-core-columns-is-layout-9d6595d7 wp-block-columns-is-layout-flex\">\n<div class=\"wp-block-column is-layout-flow wp-block-column-is-layout-flow\" style=\"flex-basis:76px\">\n<figure class=\"wp-block-image size-full\"><a href=\"\/wp-content\/uploads\/2021\/09\/tools-of-war-eng.pdf\"><img loading=\"lazy\" decoding=\"async\" width=\"76\" height=\"114\" src=\"https:\/\/forvalour.ca\/wp-content\/uploads\/2021\/09\/tw-001.jpg\" alt=\"Outils de guerre\" class=\"wp-image-267\"\/><\/a><\/figure>\n<\/div>\n\n\n\n<div class=\"wp-block-column is-layout-flow wp-block-column-is-layout-flow\">\n<p><strong><strong>OUTILS DE GUERRE : AFFICHE IMPRIMABLE<\/strong><br><\/strong>L&rsquo;affiche illustr\u00e9e a des images et des descriptions sur les avions utilis\u00e9s durant les Premi\u00e8re et Deuxi\u00e8me Guerres mondiales.&nbsp;<a href=\"\/wp-content\/uploads\/2021\/09\/tools-of-war-fra.pdf\">T\u00e9l\u00e9charger l&rsquo;affiche Outils de guerre en format PDF<\/a>&nbsp;|&nbsp;<a href=\"\/fr\/outils-de-guerre\">HTML<\/a><\/p>\n<\/div>\n<\/div>\n\n\n\n<div class=\"wp-block-columns is-layout-flex wp-container-core-columns-is-layout-9d6595d7 wp-block-columns-is-layout-flex\">\n<div class=\"wp-block-column is-layout-flow wp-block-column-is-layout-flow\" style=\"flex-basis:76px\">\n<figure class=\"wp-block-image size-full\"><a href=\"\/wp-content\/uploads\/2021\/09\/1939-1945-BCATP-eng.pdf\"><img loading=\"lazy\" decoding=\"async\" width=\"76\" height=\"116\" src=\"https:\/\/forvalour.ca\/wp-content\/uploads\/2021\/09\/atp-001.jpg\" alt=\"Programme d'entra\u00eenement a\u00e9rien\" class=\"wp-image-269\"\/><\/a><\/figure>\n<\/div>\n\n\n\n<div class=\"wp-block-column is-layout-flow wp-block-column-is-layout-flow\">\n<p><strong><strong>LE PROGRAMME D&rsquo;ENTRA\u00ceNEMENT A\u00c9RIEN DU COMMONWEALTH BRITANNIQUE (PEACB)<\/strong><br><\/strong>Cet article donne les grandes lignes du r\u00f4le pr\u00e9pond\u00e9rant qu&rsquo;a jou\u00e9 le Canada dans l&rsquo;\u00e9laboration d&rsquo;un programme d&rsquo;entra\u00eenement normalis\u00e9 \u00e0 l&rsquo;intention du personnel navigant \u00e0 l&rsquo;\u00e9chelle du Commonwealth britannique.&nbsp;<a href=\"\/wp-content\/uploads\/2021\/09\/1939-1945-BCATP-fra.pdf\">T\u00e9l\u00e9chargez le plan d&rsquo;entra\u00eenement en format PDF<\/a>&nbsp;|&nbsp;<a data-type=\"URL\" data-id=\"\/fr\/peacb-1939-1945\" href=\"\/fr\/peacb-1939-1945\">HTML<\/a><\/p>\n<\/div>\n<\/div>\n\n\n\n<div class=\"wp-block-columns is-layout-flex wp-container-core-columns-is-layout-9d6595d7 wp-block-columns-is-layout-flex\">\n<div class=\"wp-block-column is-layout-flow wp-block-column-is-layout-flow\" style=\"flex-basis:76px\">\n<figure class=\"wp-block-image size-full\"><a href=\"\/wp-content\/uploads\/2021\/09\/BCATP-eng.pdf\"><img loading=\"lazy\" decoding=\"async\" width=\"76\" height=\"116\" src=\"https:\/\/forvalour.ca\/wp-content\/uploads\/2021\/09\/atp-002.jpg\" alt=\"Centres d'entra\u00eenement des pilotes de la Force a\u00e9rienne\" class=\"wp-image-271\"\/><\/a><\/figure>\n<\/div>\n\n\n\n<div class=\"wp-block-column is-layout-flow wp-block-column-is-layout-flow\">\n<p><strong><strong>CENTRES D&rsquo;ENTRA\u00ceNEMENT DES PILOTES DE LA FORCE A\u00c9RIENNE DU COMMONWEALTH BRITANNIQUE<\/strong><br><\/strong>Une carte des centres d&rsquo;entra\u00eenement des pilotes au Canada, de1940 \u00e0 1945.&nbsp;<a href=\"\/wp-content\/uploads\/2021\/09\/BCATP-fra.pdf\">T\u00e9l\u00e9chargez la liste des centres d&rsquo;entra\u00eenement des pilotes en format PDF<\/a>&nbsp;|&nbsp;<a data-type=\"URL\" data-id=\"\/fr\/ecole-de-pilotage\" href=\"\/fr\/ecole-de-pilotage\">HTML<\/a><\/p>\n<\/div>\n<\/div>\n\n\n\n<div id=\"more-resources\" class=\"wp-block-group\"><div class=\"wp-block-group__inner-container is-layout-flow wp-block-group-is-layout-flow\">\n<p><strong>Chronologies<\/strong><\/p>\n\n\n\n<ul class=\"wp-block-list\"><li><a href=\"https:\/\/www.canada.ca\/fr\/force-aerienne\/services\/histoire.html\">Histoire de l\u2019Aviation royale canadienne<\/a><\/li><li><a href=\"http:\/\/www.cmhg.gc.ca\/tl-tc-fra.aspx\">Passerelle pour l&rsquo;histoire militaire canadienne<\/a><\/li><\/ul>\n\n\n\n<p><strong>Autres ressources<\/strong><br>Cliquez sur les liens ci-dessous pour apprendre plus au sujet des mati\u00e8res suivantes :<\/p>\n\n\n\n<ul class=\"wp-block-list\"><li><a href=\"\/fr\/medailles-militaires\">M\u00e9dailles et d\u00e9corations militaires<\/a><\/li><li><a data-type=\"URL\" data-id=\"\/fr\/oeuvres-dart-militaires\" href=\"\/fr\/oeuvres-dart-militaires\">\u0152uvres d&rsquo;art militaires<\/a><\/li><li><a href=\"\/fr\/ressource-generales\">Ressources g\u00e9n\u00e9rales<\/a><\/li><li><a data-type=\"URL\" data-id=\"\/fr\/musees\" href=\"\/fr\/musees\">Mus\u00e9es<\/a><\/li><\/ul>\n<\/div><\/div>\n","protected":false},"excerpt":{"rendered":"<p>Les renseignements sur le site Web \u00ab Pour bravoure \u00bb s&rsquo;adressent aux \u00e9l\u00e8ves de la cinqui\u00e8me \u00e0 la huiti\u00e8me ann\u00e9e. Ainsi, nous avons t\u00e2ch\u00e9 d&rsquo;inclure de pr\u00e9cieux documents p\u00e9dagogiques qui seront utiles tant aux enseignants qu&rsquo;aux \u00e9l\u00e8ves. AFFICHES SUR WILLIAM BISHOP ET ANDREW MYNARSKICes affiches vous permettent de d\u00e9couvrir des faits int\u00e9ressants sur l&rsquo;\u00e9quipement et [&hellip;]<\/p>\n","protected":false},"author":1,"featured_media":0,"parent":0,"menu_order":0,"comment_status":"closed","ping_status":"closed","template":"","meta":{"_acf_changed":false,"footnotes":""},"class_list":["post-601","page","type-page","status-publish","hentry"],"acf":[],"yoast_head":"<!-- This site is optimized with the Yoast SEO plugin v27.3 - https:\/\/yoast.com\/product\/yoast-seo-wordpress\/ -->\n<title>Ressources P\u00e9dagogiques - Pour Bravoure - aviateurs canadiens et la Croix de Victoria<\/title>\n<meta name=\"robots\" content=\"index, follow, max-snippet:-1, max-image-preview:large, max-video-preview:-1\" \/>\n<link rel=\"canonical\" href=\"https:\/\/forvalour.ca\/fr\/ressources-pedagogiques\/\" \/>\n<meta property=\"og:locale\" content=\"fr_FR\" \/>\n<meta property=\"og:type\" content=\"article\" \/>\n<meta property=\"og:title\" content=\"Ressources P\u00e9dagogiques - Pour Bravoure - aviateurs canadiens et la Croix de Victoria\" \/>\n<meta property=\"og:description\" content=\"Les renseignements sur le site Web \u00ab Pour bravoure \u00bb s&rsquo;adressent aux \u00e9l\u00e8ves de la cinqui\u00e8me \u00e0 la huiti\u00e8me ann\u00e9e. Ainsi, nous avons t\u00e2ch\u00e9 d&rsquo;inclure de pr\u00e9cieux documents p\u00e9dagogiques qui seront utiles tant aux enseignants qu&rsquo;aux \u00e9l\u00e8ves. AFFICHES SUR WILLIAM BISHOP ET ANDREW MYNARSKICes affiches vous permettent de d\u00e9couvrir des faits int\u00e9ressants sur l&rsquo;\u00e9quipement et [&hellip;]\" \/>\n<meta property=\"og:url\" content=\"https:\/\/forvalour.ca\/fr\/ressources-pedagogiques\/\" \/>\n<meta property=\"og:site_name\" content=\"Pour Bravoure - aviateurs canadiens et la Croix de Victoria\" \/>\n<meta property=\"article:modified_time\" content=\"2021-10-06T22:41:38+00:00\" \/>\n<meta property=\"og:image\" content=\"https:\/\/forvalour.ca\/wp-content\/uploads\/2021\/09\/ip-003.jpg\" \/>\n<meta name=\"twitter:card\" content=\"summary_large_image\" \/>\n<meta name=\"twitter:label1\" content=\"Dur\u00e9e de lecture estim\u00e9e\" \/>\n\t<meta name=\"twitter:data1\" content=\"3 minutes\" \/>\n<script type=\"application\/ld+json\" class=\"yoast-schema-graph\">{\"@context\":\"https:\\\/\\\/schema.org\",\"@graph\":[{\"@type\":\"WebPage\",\"@id\":\"https:\\\/\\\/forvalour.ca\\\/fr\\\/ressources-pedagogiques\\\/\",\"url\":\"https:\\\/\\\/forvalour.ca\\\/fr\\\/ressources-pedagogiques\\\/\",\"name\":\"Ressources P\u00e9dagogiques - Pour Bravoure - aviateurs canadiens et la Croix de Victoria\",\"isPartOf\":{\"@id\":\"https:\\\/\\\/forvalour.ca\\\/fr\\\/#website\"},\"primaryImageOfPage\":{\"@id\":\"https:\\\/\\\/forvalour.ca\\\/fr\\\/ressources-pedagogiques\\\/#primaryimage\"},\"image\":{\"@id\":\"https:\\\/\\\/forvalour.ca\\\/fr\\\/ressources-pedagogiques\\\/#primaryimage\"},\"thumbnailUrl\":\"https:\\\/\\\/forvalour.ca\\\/wp-content\\\/uploads\\\/2021\\\/09\\\/ip-003.jpg\",\"datePublished\":\"2021-09-15T20:46:44+00:00\",\"dateModified\":\"2021-10-06T22:41:38+00:00\",\"breadcrumb\":{\"@id\":\"https:\\\/\\\/forvalour.ca\\\/fr\\\/ressources-pedagogiques\\\/#breadcrumb\"},\"inLanguage\":\"fr-FR\",\"potentialAction\":[{\"@type\":\"ReadAction\",\"target\":[\"https:\\\/\\\/forvalour.ca\\\/fr\\\/ressources-pedagogiques\\\/\"]}]},{\"@type\":\"ImageObject\",\"inLanguage\":\"fr-FR\",\"@id\":\"https:\\\/\\\/forvalour.ca\\\/fr\\\/ressources-pedagogiques\\\/#primaryimage\",\"url\":\"https:\\\/\\\/forvalour.ca\\\/wp-content\\\/uploads\\\/2021\\\/09\\\/ip-003.jpg\",\"contentUrl\":\"https:\\\/\\\/forvalour.ca\\\/wp-content\\\/uploads\\\/2021\\\/09\\\/ip-003.jpg\"},{\"@type\":\"BreadcrumbList\",\"@id\":\"https:\\\/\\\/forvalour.ca\\\/fr\\\/ressources-pedagogiques\\\/#breadcrumb\",\"itemListElement\":[{\"@type\":\"ListItem\",\"position\":1,\"name\":\"Home\",\"item\":\"https:\\\/\\\/forvalour.ca\\\/fr\\\/\"},{\"@type\":\"ListItem\",\"position\":2,\"name\":\"Ressources P\u00e9dagogiques\"}]},{\"@type\":\"WebSite\",\"@id\":\"https:\\\/\\\/forvalour.ca\\\/fr\\\/#website\",\"url\":\"https:\\\/\\\/forvalour.ca\\\/fr\\\/\",\"name\":\"For Valour\",\"description\":\"Canadian Airmen and the Victoria Cross\",\"publisher\":{\"@id\":\"https:\\\/\\\/forvalour.ca\\\/fr\\\/#organization\"},\"potentialAction\":[{\"@type\":\"SearchAction\",\"target\":{\"@type\":\"EntryPoint\",\"urlTemplate\":\"https:\\\/\\\/forvalour.ca\\\/fr\\\/?s={search_term_string}\"},\"query-input\":{\"@type\":\"PropertyValueSpecification\",\"valueRequired\":true,\"valueName\":\"search_term_string\"}}],\"inLanguage\":\"fr-FR\"},{\"@type\":\"Organization\",\"@id\":\"https:\\\/\\\/forvalour.ca\\\/fr\\\/#organization\",\"name\":\"For Valour\",\"url\":\"https:\\\/\\\/forvalour.ca\\\/fr\\\/\",\"logo\":{\"@type\":\"ImageObject\",\"inLanguage\":\"fr-FR\",\"@id\":\"https:\\\/\\\/forvalour.ca\\\/fr\\\/#\\\/schema\\\/logo\\\/image\\\/\",\"url\":\"https:\\\/\\\/forvalour.ca\\\/wp-content\\\/uploads\\\/2021\\\/09\\\/cropped-for-valour-medal-new.png\",\"contentUrl\":\"https:\\\/\\\/forvalour.ca\\\/wp-content\\\/uploads\\\/2021\\\/09\\\/cropped-for-valour-medal-new.png\",\"width\":512,\"height\":512,\"caption\":\"For Valour\"},\"image\":{\"@id\":\"https:\\\/\\\/forvalour.ca\\\/fr\\\/#\\\/schema\\\/logo\\\/image\\\/\"},\"sameAs\":[\"https:\\\/\\\/www.youtube.com\\\/channel\\\/UCRYVbXOUahuy0lj2UCo1Cag\"]}]}<\/script>\n<!-- \/ Yoast SEO plugin. -->","yoast_head_json":{"title":"Ressources P\u00e9dagogiques - Pour Bravoure - aviateurs canadiens et la Croix de Victoria","robots":{"index":"index","follow":"follow","max-snippet":"max-snippet:-1","max-image-preview":"max-image-preview:large","max-video-preview":"max-video-preview:-1"},"canonical":"https:\/\/forvalour.ca\/fr\/ressources-pedagogiques\/","og_locale":"fr_FR","og_type":"article","og_title":"Ressources P\u00e9dagogiques - Pour Bravoure - aviateurs canadiens et la Croix de Victoria","og_description":"Les renseignements sur le site Web \u00ab Pour bravoure \u00bb s&rsquo;adressent aux \u00e9l\u00e8ves de la cinqui\u00e8me \u00e0 la huiti\u00e8me ann\u00e9e. Ainsi, nous avons t\u00e2ch\u00e9 d&rsquo;inclure de pr\u00e9cieux documents p\u00e9dagogiques qui seront utiles tant aux enseignants qu&rsquo;aux \u00e9l\u00e8ves. AFFICHES SUR WILLIAM BISHOP ET ANDREW MYNARSKICes affiches vous permettent de d\u00e9couvrir des faits int\u00e9ressants sur l&rsquo;\u00e9quipement et [&hellip;]","og_url":"https:\/\/forvalour.ca\/fr\/ressources-pedagogiques\/","og_site_name":"Pour Bravoure - aviateurs canadiens et la Croix de Victoria","article_modified_time":"2021-10-06T22:41:38+00:00","og_image":[{"url":"https:\/\/forvalour.ca\/wp-content\/uploads\/2021\/09\/ip-003.jpg","type":"","width":"","height":""}],"twitter_card":"summary_large_image","twitter_misc":{"Dur\u00e9e de lecture estim\u00e9e":"3 minutes"},"schema":{"@context":"https:\/\/schema.org","@graph":[{"@type":"WebPage","@id":"https:\/\/forvalour.ca\/fr\/ressources-pedagogiques\/","url":"https:\/\/forvalour.ca\/fr\/ressources-pedagogiques\/","name":"Ressources P\u00e9dagogiques - Pour Bravoure - aviateurs canadiens et la Croix de Victoria","isPartOf":{"@id":"https:\/\/forvalour.ca\/fr\/#website"},"primaryImageOfPage":{"@id":"https:\/\/forvalour.ca\/fr\/ressources-pedagogiques\/#primaryimage"},"image":{"@id":"https:\/\/forvalour.ca\/fr\/ressources-pedagogiques\/#primaryimage"},"thumbnailUrl":"https:\/\/forvalour.ca\/wp-content\/uploads\/2021\/09\/ip-003.jpg","datePublished":"2021-09-15T20:46:44+00:00","dateModified":"2021-10-06T22:41:38+00:00","breadcrumb":{"@id":"https:\/\/forvalour.ca\/fr\/ressources-pedagogiques\/#breadcrumb"},"inLanguage":"fr-FR","potentialAction":[{"@type":"ReadAction","target":["https:\/\/forvalour.ca\/fr\/ressources-pedagogiques\/"]}]},{"@type":"ImageObject","inLanguage":"fr-FR","@id":"https:\/\/forvalour.ca\/fr\/ressources-pedagogiques\/#primaryimage","url":"https:\/\/forvalour.ca\/wp-content\/uploads\/2021\/09\/ip-003.jpg","contentUrl":"https:\/\/forvalour.ca\/wp-content\/uploads\/2021\/09\/ip-003.jpg"},{"@type":"BreadcrumbList","@id":"https:\/\/forvalour.ca\/fr\/ressources-pedagogiques\/#breadcrumb","itemListElement":[{"@type":"ListItem","position":1,"name":"Home","item":"https:\/\/forvalour.ca\/fr\/"},{"@type":"ListItem","position":2,"name":"Ressources P\u00e9dagogiques"}]},{"@type":"WebSite","@id":"https:\/\/forvalour.ca\/fr\/#website","url":"https:\/\/forvalour.ca\/fr\/","name":"For Valour","description":"Canadian Airmen and the Victoria Cross","publisher":{"@id":"https:\/\/forvalour.ca\/fr\/#organization"},"potentialAction":[{"@type":"SearchAction","target":{"@type":"EntryPoint","urlTemplate":"https:\/\/forvalour.ca\/fr\/?s={search_term_string}"},"query-input":{"@type":"PropertyValueSpecification","valueRequired":true,"valueName":"search_term_string"}}],"inLanguage":"fr-FR"},{"@type":"Organization","@id":"https:\/\/forvalour.ca\/fr\/#organization","name":"For Valour","url":"https:\/\/forvalour.ca\/fr\/","logo":{"@type":"ImageObject","inLanguage":"fr-FR","@id":"https:\/\/forvalour.ca\/fr\/#\/schema\/logo\/image\/","url":"https:\/\/forvalour.ca\/wp-content\/uploads\/2021\/09\/cropped-for-valour-medal-new.png","contentUrl":"https:\/\/forvalour.ca\/wp-content\/uploads\/2021\/09\/cropped-for-valour-medal-new.png","width":512,"height":512,"caption":"For Valour"},"image":{"@id":"https:\/\/forvalour.ca\/fr\/#\/schema\/logo\/image\/"},"sameAs":["https:\/\/www.youtube.com\/channel\/UCRYVbXOUahuy0lj2UCo1Cag"]}]}},"_links":{"self":[{"href":"https:\/\/forvalour.ca\/fr\/wp-json\/wp\/v2\/pages\/601","targetHints":{"allow":["GET"]}}],"collection":[{"href":"https:\/\/forvalour.ca\/fr\/wp-json\/wp\/v2\/pages"}],"about":[{"href":"https:\/\/forvalour.ca\/fr\/wp-json\/wp\/v2\/types\/page"}],"author":[{"embeddable":true,"href":"https:\/\/forvalour.ca\/fr\/wp-json\/wp\/v2\/users\/1"}],"replies":[{"embeddable":true,"href":"https:\/\/forvalour.ca\/fr\/wp-json\/wp\/v2\/comments?post=601"}],"version-history":[{"count":22,"href":"https:\/\/forvalour.ca\/fr\/wp-json\/wp\/v2\/pages\/601\/revisions"}],"predecessor-version":[{"id":3376,"href":"https:\/\/forvalour.ca\/fr\/wp-json\/wp\/v2\/pages\/601\/revisions\/3376"}],"wp:attachment":[{"href":"https:\/\/forvalour.ca\/fr\/wp-json\/wp\/v2\/media?parent=601"}],"curies":[{"name":"wp","href":"https:\/\/api.w.org\/{rel}","templated":true}]}}