{"id":615,"date":"2021-09-15T16:19:32","date_gmt":"2021-09-15T21:19:32","guid":{"rendered":"https:\/\/forvalour.ca\/?page_id=615"},"modified":"2021-10-01T10:37:57","modified_gmt":"2021-10-01T15:37:57","slug":"mcleod","status":"publish","type":"page","link":"https:\/\/forvalour.ca\/fr\/mcleod\/","title":{"rendered":"Alan Mcleod"},"content":{"rendered":"\n<p>Nom :&nbsp;Alan Arnett McLeod<br>Date de naissance :&nbsp;20 avril 1899<br>D\u00e9c\u00e8s :&nbsp;6 novembre 1918<br>Ville natale :&nbsp;Stonewall (Manitoba)<br>Grade :&nbsp;Sous-lieutenant<br>P\u00e9riode de service :&nbsp;de 1917 \u00e0 1918<br>Num\u00e9ro matricule :&nbsp;&nbsp;<br>Force :&nbsp;Royal Air Force<br>Unit\u00e9 :&nbsp;Royal Flying Corps<br>Division :&nbsp;2<sup>e<\/sup>&nbsp;Escadron<br>D\u00e9coration :&nbsp;Croix de Victoria<\/p>\n\n\n\n<p>Le Lieutenant Alan \u00ab&nbsp;Buster&nbsp;\u00bb McLeod a \u00e9t\u00e9 le plus jeune r\u00e9cipiendaire de la Croix de Victoria lorsqu&rsquo;il a re\u00e7u la d\u00e9coration \u00e0 l&rsquo;\u00e2ge de 18 ans, le 27 mars 1918. Alan McLeod a surv\u00e9cu \u00e0 une attaque brutale de triplans allemands&nbsp;Fokker. L&rsquo;avion s&rsquo;est enflamm\u00e9 avant de piquer vers le sol. Alan McLeod, bless\u00e9 cinq fois, a r\u00e9ussi \u00e0 piloter son avion Armstrong Whitworth F.K.8 en s&rsquo;installant sur l&rsquo;aile. Il a tra\u00een\u00e9 le Lieutenant A.W. Hammond hors des d\u00e9bris avant que les pi\u00e8ces d&rsquo;artillerie et les bombes que l&rsquo;avion transportait n&rsquo;explosent.<\/p>\n","protected":false},"excerpt":{"rendered":"<p>Nom :&nbsp;Alan Arnett McLeodDate de naissance :&nbsp;20 avril 1899D\u00e9c\u00e8s :&nbsp;6 novembre 1918Ville natale :&nbsp;Stonewall (Manitoba)Grade :&nbsp;Sous-lieutenantP\u00e9riode de service :&nbsp;de 1917 \u00e0 1918Num\u00e9ro matricule :&nbsp;&nbsp;Force :&nbsp;Royal Air ForceUnit\u00e9 :&nbsp;Royal Flying CorpsDivision :&nbsp;2e&nbsp;EscadronD\u00e9coration :&nbsp;Croix de Victoria Le Lieutenant Alan \u00ab&nbsp;Buster&nbsp;\u00bb McLeod a \u00e9t\u00e9 le plus jeune r\u00e9cipiendaire de la Croix de Victoria lorsqu&rsquo;il a re\u00e7u la d\u00e9coration [&hellip;]<\/p>\n","protected":false},"author":1,"featured_media":0,"parent":0,"menu_order":0,"comment_status":"closed","ping_status":"closed","template":"","meta":{"_acf_changed":false,"footnotes":""},"class_list":["post-615","page","type-page","status-publish","hentry"],"acf":[],"yoast_head":"<!-- This site is optimized with the Yoast SEO plugin v27.3 - https:\/\/yoast.com\/product\/yoast-seo-wordpress\/ -->\n<title>Alan Mcleod - Pour Bravoure - aviateurs canadiens et la Croix de Victoria<\/title>\n<meta name=\"robots\" content=\"index, follow, max-snippet:-1, max-image-preview:large, max-video-preview:-1\" \/>\n<link rel=\"canonical\" href=\"https:\/\/forvalour.ca\/fr\/mcleod\/\" \/>\n<meta property=\"og:locale\" content=\"fr_FR\" \/>\n<meta property=\"og:type\" content=\"article\" \/>\n<meta property=\"og:title\" content=\"Alan Mcleod - Pour Bravoure - aviateurs canadiens et la Croix de Victoria\" \/>\n<meta property=\"og:description\" content=\"Nom :&nbsp;Alan Arnett McLeodDate de naissance :&nbsp;20 avril 1899D\u00e9c\u00e8s :&nbsp;6 novembre 1918Ville natale :&nbsp;Stonewall (Manitoba)Grade :&nbsp;Sous-lieutenantP\u00e9riode de service :&nbsp;de 1917 \u00e0 1918Num\u00e9ro matricule :&nbsp;&nbsp;Force :&nbsp;Royal Air ForceUnit\u00e9 :&nbsp;Royal Flying CorpsDivision :&nbsp;2e&nbsp;EscadronD\u00e9coration :&nbsp;Croix de Victoria Le Lieutenant Alan \u00ab&nbsp;Buster&nbsp;\u00bb McLeod a \u00e9t\u00e9 le plus jeune r\u00e9cipiendaire de la Croix de Victoria lorsqu&rsquo;il a re\u00e7u la d\u00e9coration [&hellip;]\" \/>\n<meta property=\"og:url\" content=\"https:\/\/forvalour.ca\/fr\/mcleod\/\" \/>\n<meta property=\"og:site_name\" content=\"Pour Bravoure - aviateurs canadiens et la Croix de Victoria\" \/>\n<meta property=\"article:modified_time\" content=\"2021-10-01T15:37:57+00:00\" \/>\n<meta name=\"twitter:card\" content=\"summary_large_image\" \/>\n<meta name=\"twitter:label1\" content=\"Dur\u00e9e de lecture estim\u00e9e\" \/>\n\t<meta name=\"twitter:data1\" content=\"1 minute\" \/>\n<script type=\"application\/ld+json\" class=\"yoast-schema-graph\">{\"@context\":\"https:\\\/\\\/schema.org\",\"@graph\":[{\"@type\":\"WebPage\",\"@id\":\"https:\\\/\\\/forvalour.ca\\\/fr\\\/mcleod\\\/\",\"url\":\"https:\\\/\\\/forvalour.ca\\\/fr\\\/mcleod\\\/\",\"name\":\"Alan Mcleod - Pour Bravoure - aviateurs canadiens et la Croix de Victoria\",\"isPartOf\":{\"@id\":\"https:\\\/\\\/forvalour.ca\\\/fr\\\/#website\"},\"datePublished\":\"2021-09-15T21:19:32+00:00\",\"dateModified\":\"2021-10-01T15:37:57+00:00\",\"breadcrumb\":{\"@id\":\"https:\\\/\\\/forvalour.ca\\\/fr\\\/mcleod\\\/#breadcrumb\"},\"inLanguage\":\"fr-FR\",\"potentialAction\":[{\"@type\":\"ReadAction\",\"target\":[\"https:\\\/\\\/forvalour.ca\\\/fr\\\/mcleod\\\/\"]}]},{\"@type\":\"BreadcrumbList\",\"@id\":\"https:\\\/\\\/forvalour.ca\\\/fr\\\/mcleod\\\/#breadcrumb\",\"itemListElement\":[{\"@type\":\"ListItem\",\"position\":1,\"name\":\"Home\",\"item\":\"https:\\\/\\\/forvalour.ca\\\/fr\\\/\"},{\"@type\":\"ListItem\",\"position\":2,\"name\":\"Alan Mcleod\"}]},{\"@type\":\"WebSite\",\"@id\":\"https:\\\/\\\/forvalour.ca\\\/fr\\\/#website\",\"url\":\"https:\\\/\\\/forvalour.ca\\\/fr\\\/\",\"name\":\"For Valour\",\"description\":\"Canadian Airmen and the Victoria Cross\",\"publisher\":{\"@id\":\"https:\\\/\\\/forvalour.ca\\\/fr\\\/#organization\"},\"potentialAction\":[{\"@type\":\"SearchAction\",\"target\":{\"@type\":\"EntryPoint\",\"urlTemplate\":\"https:\\\/\\\/forvalour.ca\\\/fr\\\/?s={search_term_string}\"},\"query-input\":{\"@type\":\"PropertyValueSpecification\",\"valueRequired\":true,\"valueName\":\"search_term_string\"}}],\"inLanguage\":\"fr-FR\"},{\"@type\":\"Organization\",\"@id\":\"https:\\\/\\\/forvalour.ca\\\/fr\\\/#organization\",\"name\":\"For Valour\",\"url\":\"https:\\\/\\\/forvalour.ca\\\/fr\\\/\",\"logo\":{\"@type\":\"ImageObject\",\"inLanguage\":\"fr-FR\",\"@id\":\"https:\\\/\\\/forvalour.ca\\\/fr\\\/#\\\/schema\\\/logo\\\/image\\\/\",\"url\":\"https:\\\/\\\/forvalour.ca\\\/wp-content\\\/uploads\\\/2021\\\/09\\\/cropped-for-valour-medal-new.png\",\"contentUrl\":\"https:\\\/\\\/forvalour.ca\\\/wp-content\\\/uploads\\\/2021\\\/09\\\/cropped-for-valour-medal-new.png\",\"width\":512,\"height\":512,\"caption\":\"For Valour\"},\"image\":{\"@id\":\"https:\\\/\\\/forvalour.ca\\\/fr\\\/#\\\/schema\\\/logo\\\/image\\\/\"},\"sameAs\":[\"https:\\\/\\\/www.youtube.com\\\/channel\\\/UCRYVbXOUahuy0lj2UCo1Cag\"]}]}<\/script>\n<!-- \/ Yoast SEO plugin. -->","yoast_head_json":{"title":"Alan Mcleod - Pour Bravoure - aviateurs canadiens et la Croix de Victoria","robots":{"index":"index","follow":"follow","max-snippet":"max-snippet:-1","max-image-preview":"max-image-preview:large","max-video-preview":"max-video-preview:-1"},"canonical":"https:\/\/forvalour.ca\/fr\/mcleod\/","og_locale":"fr_FR","og_type":"article","og_title":"Alan Mcleod - Pour Bravoure - aviateurs canadiens et la Croix de Victoria","og_description":"Nom :&nbsp;Alan Arnett McLeodDate de naissance :&nbsp;20 avril 1899D\u00e9c\u00e8s :&nbsp;6 novembre 1918Ville natale :&nbsp;Stonewall (Manitoba)Grade :&nbsp;Sous-lieutenantP\u00e9riode de service :&nbsp;de 1917 \u00e0 1918Num\u00e9ro matricule :&nbsp;&nbsp;Force :&nbsp;Royal Air ForceUnit\u00e9 :&nbsp;Royal Flying CorpsDivision :&nbsp;2e&nbsp;EscadronD\u00e9coration :&nbsp;Croix de Victoria Le Lieutenant Alan \u00ab&nbsp;Buster&nbsp;\u00bb McLeod a \u00e9t\u00e9 le plus jeune r\u00e9cipiendaire de la Croix de Victoria lorsqu&rsquo;il a re\u00e7u la d\u00e9coration [&hellip;]","og_url":"https:\/\/forvalour.ca\/fr\/mcleod\/","og_site_name":"Pour Bravoure - aviateurs canadiens et la Croix de Victoria","article_modified_time":"2021-10-01T15:37:57+00:00","twitter_card":"summary_large_image","twitter_misc":{"Dur\u00e9e de lecture estim\u00e9e":"1 minute"},"schema":{"@context":"https:\/\/schema.org","@graph":[{"@type":"WebPage","@id":"https:\/\/forvalour.ca\/fr\/mcleod\/","url":"https:\/\/forvalour.ca\/fr\/mcleod\/","name":"Alan Mcleod - Pour Bravoure - aviateurs canadiens et la Croix de Victoria","isPartOf":{"@id":"https:\/\/forvalour.ca\/fr\/#website"},"datePublished":"2021-09-15T21:19:32+00:00","dateModified":"2021-10-01T15:37:57+00:00","breadcrumb":{"@id":"https:\/\/forvalour.ca\/fr\/mcleod\/#breadcrumb"},"inLanguage":"fr-FR","potentialAction":[{"@type":"ReadAction","target":["https:\/\/forvalour.ca\/fr\/mcleod\/"]}]},{"@type":"BreadcrumbList","@id":"https:\/\/forvalour.ca\/fr\/mcleod\/#breadcrumb","itemListElement":[{"@type":"ListItem","position":1,"name":"Home","item":"https:\/\/forvalour.ca\/fr\/"},{"@type":"ListItem","position":2,"name":"Alan Mcleod"}]},{"@type":"WebSite","@id":"https:\/\/forvalour.ca\/fr\/#website","url":"https:\/\/forvalour.ca\/fr\/","name":"For Valour","description":"Canadian Airmen and the Victoria Cross","publisher":{"@id":"https:\/\/forvalour.ca\/fr\/#organization"},"potentialAction":[{"@type":"SearchAction","target":{"@type":"EntryPoint","urlTemplate":"https:\/\/forvalour.ca\/fr\/?s={search_term_string}"},"query-input":{"@type":"PropertyValueSpecification","valueRequired":true,"valueName":"search_term_string"}}],"inLanguage":"fr-FR"},{"@type":"Organization","@id":"https:\/\/forvalour.ca\/fr\/#organization","name":"For Valour","url":"https:\/\/forvalour.ca\/fr\/","logo":{"@type":"ImageObject","inLanguage":"fr-FR","@id":"https:\/\/forvalour.ca\/fr\/#\/schema\/logo\/image\/","url":"https:\/\/forvalour.ca\/wp-content\/uploads\/2021\/09\/cropped-for-valour-medal-new.png","contentUrl":"https:\/\/forvalour.ca\/wp-content\/uploads\/2021\/09\/cropped-for-valour-medal-new.png","width":512,"height":512,"caption":"For Valour"},"image":{"@id":"https:\/\/forvalour.ca\/fr\/#\/schema\/logo\/image\/"},"sameAs":["https:\/\/www.youtube.com\/channel\/UCRYVbXOUahuy0lj2UCo1Cag"]}]}},"_links":{"self":[{"href":"https:\/\/forvalour.ca\/fr\/wp-json\/wp\/v2\/pages\/615","targetHints":{"allow":["GET"]}}],"collection":[{"href":"https:\/\/forvalour.ca\/fr\/wp-json\/wp\/v2\/pages"}],"about":[{"href":"https:\/\/forvalour.ca\/fr\/wp-json\/wp\/v2\/types\/page"}],"author":[{"embeddable":true,"href":"https:\/\/forvalour.ca\/fr\/wp-json\/wp\/v2\/users\/1"}],"replies":[{"embeddable":true,"href":"https:\/\/forvalour.ca\/fr\/wp-json\/wp\/v2\/comments?post=615"}],"version-history":[{"count":3,"href":"https:\/\/forvalour.ca\/fr\/wp-json\/wp\/v2\/pages\/615\/revisions"}],"predecessor-version":[{"id":2899,"href":"https:\/\/forvalour.ca\/fr\/wp-json\/wp\/v2\/pages\/615\/revisions\/2899"}],"wp:attachment":[{"href":"https:\/\/forvalour.ca\/fr\/wp-json\/wp\/v2\/media?parent=615"}],"curies":[{"name":"wp","href":"https:\/\/api.w.org\/{rel}","templated":true}]}}