{"id":618,"date":"2021-09-15T16:26:45","date_gmt":"2021-09-15T21:26:45","guid":{"rendered":"https:\/\/forvalour.ca\/?page_id=618"},"modified":"2021-09-15T16:26:45","modified_gmt":"2021-09-15T21:26:45","slug":"vie-de-famille","status":"publish","type":"page","link":"https:\/\/forvalour.ca\/fr\/mcleod\/vie-de-famille\/","title":{"rendered":"Vie de Famille"},"content":{"rendered":"\n<p>Alan Arnett McLeod est n\u00e9 le 20 avril 1899; ses parents sont le D<sup>r<\/sup>&nbsp;Alexander Neil McLeod et Margaret Lyllian Arnett. C&rsquo;est un enfant petit et tranquille, et il conna\u00eet une enfance normale. Il apprend \u00e0 conduire t\u00f4t, car son p\u00e8re (m\u00e9decin) s&rsquo;est muni d&rsquo;une des premi\u00e8res voitures Ford pour visiter les malades \u00e0 domicile.<\/p>\n\n\n\n<p>Alan r\u00eave t\u00f4t dans sa vie de faire une carri\u00e8re militaire et, en 1913, alors qu&rsquo;il n&rsquo;a encore que 14 ans, il est autoris\u00e9 \u00e0 participer au camp d&rsquo;\u00e9t\u00e9 de la milice du 34<sup>e<\/sup>&nbsp;R\u00e9giment (Fort Garry Horse). Son travail consiste \u00e0 enlever le fumier \u00e0 la pelle et \u00e0 s&rsquo;occuper des chevaux. Cependant, il est lib\u00e9r\u00e9 quand la Premi\u00e8re Guerre mondiale \u00e9clate en 1914.<\/p>\n\n\n\n<p>En janvier 1909, le journal&nbsp;<em>Stonewall Argus<\/em>&nbsp;\u00e9crit qu&rsquo;\u00e0 neuf ans, Alan McLeod poss\u00e8de du courage, de la bont\u00e9 et de la modestie, soit les m\u00eames qualit\u00e9s qu&rsquo;il afficherait plus tard comme pilote dans le&nbsp;Royal Flying Corps. Alan McLeod avait alors enlev\u00e9 \u00e0 un chien errant le pi\u00e8ge qui lui broyait la patte, tandis que les gens de la ville regardaient. Il ne comprend pas tout l&rsquo;\u00e9moi que suscite ce geste.<\/p>\n","protected":false},"excerpt":{"rendered":"<p>Alan Arnett McLeod est n\u00e9 le 20 avril 1899; ses parents sont le Dr&nbsp;Alexander Neil McLeod et Margaret Lyllian Arnett. C&rsquo;est un enfant petit et tranquille, et il conna\u00eet une enfance normale. Il apprend \u00e0 conduire t\u00f4t, car son p\u00e8re (m\u00e9decin) s&rsquo;est muni d&rsquo;une des premi\u00e8res voitures Ford pour visiter les malades \u00e0 domicile. Alan [&hellip;]<\/p>\n","protected":false},"author":1,"featured_media":0,"parent":615,"menu_order":1,"comment_status":"closed","ping_status":"closed","template":"","meta":{"_acf_changed":false,"footnotes":""},"class_list":["post-618","page","type-page","status-publish","hentry"],"acf":[],"yoast_head":"<!-- This site is optimized with the Yoast SEO plugin v27.3 - https:\/\/yoast.com\/product\/yoast-seo-wordpress\/ -->\n<title>Vie de Famille - Pour Bravoure - aviateurs canadiens et la Croix de Victoria<\/title>\n<meta name=\"robots\" content=\"index, follow, max-snippet:-1, max-image-preview:large, max-video-preview:-1\" \/>\n<link rel=\"canonical\" href=\"https:\/\/forvalour.ca\/fr\/mcleod\/vie-de-famille\/\" \/>\n<meta property=\"og:locale\" content=\"fr_FR\" \/>\n<meta property=\"og:type\" content=\"article\" \/>\n<meta property=\"og:title\" content=\"Vie de Famille - Pour Bravoure - aviateurs canadiens et la Croix de Victoria\" \/>\n<meta property=\"og:description\" content=\"Alan Arnett McLeod est n\u00e9 le 20 avril 1899; ses parents sont le Dr&nbsp;Alexander Neil McLeod et Margaret Lyllian Arnett. C&rsquo;est un enfant petit et tranquille, et il conna\u00eet une enfance normale. Il apprend \u00e0 conduire t\u00f4t, car son p\u00e8re (m\u00e9decin) s&rsquo;est muni d&rsquo;une des premi\u00e8res voitures Ford pour visiter les malades \u00e0 domicile. Alan [&hellip;]\" \/>\n<meta property=\"og:url\" content=\"https:\/\/forvalour.ca\/fr\/mcleod\/vie-de-famille\/\" \/>\n<meta property=\"og:site_name\" content=\"Pour Bravoure - aviateurs canadiens et la Croix de Victoria\" \/>\n<meta name=\"twitter:card\" content=\"summary_large_image\" \/>\n<meta name=\"twitter:label1\" content=\"Dur\u00e9e de lecture estim\u00e9e\" \/>\n\t<meta name=\"twitter:data1\" content=\"1 minute\" \/>\n<script type=\"application\/ld+json\" class=\"yoast-schema-graph\">{\"@context\":\"https:\\\/\\\/schema.org\",\"@graph\":[{\"@type\":\"WebPage\",\"@id\":\"https:\\\/\\\/forvalour.ca\\\/fr\\\/mcleod\\\/vie-de-famille\\\/\",\"url\":\"https:\\\/\\\/forvalour.ca\\\/fr\\\/mcleod\\\/vie-de-famille\\\/\",\"name\":\"Vie de Famille - Pour Bravoure - aviateurs canadiens et la Croix de Victoria\",\"isPartOf\":{\"@id\":\"https:\\\/\\\/forvalour.ca\\\/fr\\\/#website\"},\"datePublished\":\"2021-09-15T21:26:45+00:00\",\"breadcrumb\":{\"@id\":\"https:\\\/\\\/forvalour.ca\\\/fr\\\/mcleod\\\/vie-de-famille\\\/#breadcrumb\"},\"inLanguage\":\"fr-FR\",\"potentialAction\":[{\"@type\":\"ReadAction\",\"target\":[\"https:\\\/\\\/forvalour.ca\\\/fr\\\/mcleod\\\/vie-de-famille\\\/\"]}]},{\"@type\":\"BreadcrumbList\",\"@id\":\"https:\\\/\\\/forvalour.ca\\\/fr\\\/mcleod\\\/vie-de-famille\\\/#breadcrumb\",\"itemListElement\":[{\"@type\":\"ListItem\",\"position\":1,\"name\":\"Home\",\"item\":\"https:\\\/\\\/forvalour.ca\\\/fr\\\/\"},{\"@type\":\"ListItem\",\"position\":2,\"name\":\"Alan Mcleod\",\"item\":\"https:\\\/\\\/forvalour.ca\\\/fr\\\/mcleod\\\/\"},{\"@type\":\"ListItem\",\"position\":3,\"name\":\"Vie de Famille\"}]},{\"@type\":\"WebSite\",\"@id\":\"https:\\\/\\\/forvalour.ca\\\/fr\\\/#website\",\"url\":\"https:\\\/\\\/forvalour.ca\\\/fr\\\/\",\"name\":\"For Valour\",\"description\":\"Canadian Airmen and the Victoria Cross\",\"publisher\":{\"@id\":\"https:\\\/\\\/forvalour.ca\\\/fr\\\/#organization\"},\"potentialAction\":[{\"@type\":\"SearchAction\",\"target\":{\"@type\":\"EntryPoint\",\"urlTemplate\":\"https:\\\/\\\/forvalour.ca\\\/fr\\\/?s={search_term_string}\"},\"query-input\":{\"@type\":\"PropertyValueSpecification\",\"valueRequired\":true,\"valueName\":\"search_term_string\"}}],\"inLanguage\":\"fr-FR\"},{\"@type\":\"Organization\",\"@id\":\"https:\\\/\\\/forvalour.ca\\\/fr\\\/#organization\",\"name\":\"For Valour\",\"url\":\"https:\\\/\\\/forvalour.ca\\\/fr\\\/\",\"logo\":{\"@type\":\"ImageObject\",\"inLanguage\":\"fr-FR\",\"@id\":\"https:\\\/\\\/forvalour.ca\\\/fr\\\/#\\\/schema\\\/logo\\\/image\\\/\",\"url\":\"https:\\\/\\\/forvalour.ca\\\/wp-content\\\/uploads\\\/2021\\\/09\\\/cropped-for-valour-medal-new.png\",\"contentUrl\":\"https:\\\/\\\/forvalour.ca\\\/wp-content\\\/uploads\\\/2021\\\/09\\\/cropped-for-valour-medal-new.png\",\"width\":512,\"height\":512,\"caption\":\"For Valour\"},\"image\":{\"@id\":\"https:\\\/\\\/forvalour.ca\\\/fr\\\/#\\\/schema\\\/logo\\\/image\\\/\"},\"sameAs\":[\"https:\\\/\\\/www.youtube.com\\\/channel\\\/UCRYVbXOUahuy0lj2UCo1Cag\"]}]}<\/script>\n<!-- \/ Yoast SEO plugin. -->","yoast_head_json":{"title":"Vie de Famille - Pour Bravoure - aviateurs canadiens et la Croix de Victoria","robots":{"index":"index","follow":"follow","max-snippet":"max-snippet:-1","max-image-preview":"max-image-preview:large","max-video-preview":"max-video-preview:-1"},"canonical":"https:\/\/forvalour.ca\/fr\/mcleod\/vie-de-famille\/","og_locale":"fr_FR","og_type":"article","og_title":"Vie de Famille - Pour Bravoure - aviateurs canadiens et la Croix de Victoria","og_description":"Alan Arnett McLeod est n\u00e9 le 20 avril 1899; ses parents sont le Dr&nbsp;Alexander Neil McLeod et Margaret Lyllian Arnett. C&rsquo;est un enfant petit et tranquille, et il conna\u00eet une enfance normale. Il apprend \u00e0 conduire t\u00f4t, car son p\u00e8re (m\u00e9decin) s&rsquo;est muni d&rsquo;une des premi\u00e8res voitures Ford pour visiter les malades \u00e0 domicile. Alan [&hellip;]","og_url":"https:\/\/forvalour.ca\/fr\/mcleod\/vie-de-famille\/","og_site_name":"Pour Bravoure - aviateurs canadiens et la Croix de Victoria","twitter_card":"summary_large_image","twitter_misc":{"Dur\u00e9e de lecture estim\u00e9e":"1 minute"},"schema":{"@context":"https:\/\/schema.org","@graph":[{"@type":"WebPage","@id":"https:\/\/forvalour.ca\/fr\/mcleod\/vie-de-famille\/","url":"https:\/\/forvalour.ca\/fr\/mcleod\/vie-de-famille\/","name":"Vie de Famille - Pour Bravoure - aviateurs canadiens et la Croix de Victoria","isPartOf":{"@id":"https:\/\/forvalour.ca\/fr\/#website"},"datePublished":"2021-09-15T21:26:45+00:00","breadcrumb":{"@id":"https:\/\/forvalour.ca\/fr\/mcleod\/vie-de-famille\/#breadcrumb"},"inLanguage":"fr-FR","potentialAction":[{"@type":"ReadAction","target":["https:\/\/forvalour.ca\/fr\/mcleod\/vie-de-famille\/"]}]},{"@type":"BreadcrumbList","@id":"https:\/\/forvalour.ca\/fr\/mcleod\/vie-de-famille\/#breadcrumb","itemListElement":[{"@type":"ListItem","position":1,"name":"Home","item":"https:\/\/forvalour.ca\/fr\/"},{"@type":"ListItem","position":2,"name":"Alan Mcleod","item":"https:\/\/forvalour.ca\/fr\/mcleod\/"},{"@type":"ListItem","position":3,"name":"Vie de Famille"}]},{"@type":"WebSite","@id":"https:\/\/forvalour.ca\/fr\/#website","url":"https:\/\/forvalour.ca\/fr\/","name":"For Valour","description":"Canadian Airmen and the Victoria Cross","publisher":{"@id":"https:\/\/forvalour.ca\/fr\/#organization"},"potentialAction":[{"@type":"SearchAction","target":{"@type":"EntryPoint","urlTemplate":"https:\/\/forvalour.ca\/fr\/?s={search_term_string}"},"query-input":{"@type":"PropertyValueSpecification","valueRequired":true,"valueName":"search_term_string"}}],"inLanguage":"fr-FR"},{"@type":"Organization","@id":"https:\/\/forvalour.ca\/fr\/#organization","name":"For Valour","url":"https:\/\/forvalour.ca\/fr\/","logo":{"@type":"ImageObject","inLanguage":"fr-FR","@id":"https:\/\/forvalour.ca\/fr\/#\/schema\/logo\/image\/","url":"https:\/\/forvalour.ca\/wp-content\/uploads\/2021\/09\/cropped-for-valour-medal-new.png","contentUrl":"https:\/\/forvalour.ca\/wp-content\/uploads\/2021\/09\/cropped-for-valour-medal-new.png","width":512,"height":512,"caption":"For Valour"},"image":{"@id":"https:\/\/forvalour.ca\/fr\/#\/schema\/logo\/image\/"},"sameAs":["https:\/\/www.youtube.com\/channel\/UCRYVbXOUahuy0lj2UCo1Cag"]}]}},"_links":{"self":[{"href":"https:\/\/forvalour.ca\/fr\/wp-json\/wp\/v2\/pages\/618","targetHints":{"allow":["GET"]}}],"collection":[{"href":"https:\/\/forvalour.ca\/fr\/wp-json\/wp\/v2\/pages"}],"about":[{"href":"https:\/\/forvalour.ca\/fr\/wp-json\/wp\/v2\/types\/page"}],"author":[{"embeddable":true,"href":"https:\/\/forvalour.ca\/fr\/wp-json\/wp\/v2\/users\/1"}],"replies":[{"embeddable":true,"href":"https:\/\/forvalour.ca\/fr\/wp-json\/wp\/v2\/comments?post=618"}],"version-history":[{"count":2,"href":"https:\/\/forvalour.ca\/fr\/wp-json\/wp\/v2\/pages\/618\/revisions"}],"predecessor-version":[{"id":620,"href":"https:\/\/forvalour.ca\/fr\/wp-json\/wp\/v2\/pages\/618\/revisions\/620"}],"up":[{"embeddable":true,"href":"https:\/\/forvalour.ca\/fr\/wp-json\/wp\/v2\/pages\/615"}],"wp:attachment":[{"href":"https:\/\/forvalour.ca\/fr\/wp-json\/wp\/v2\/media?parent=618"}],"curies":[{"name":"wp","href":"https:\/\/api.w.org\/{rel}","templated":true}]}}