{"id":621,"date":"2021-09-15T16:27:53","date_gmt":"2021-09-15T21:27:53","guid":{"rendered":"https:\/\/forvalour.ca\/?page_id=621"},"modified":"2021-09-15T16:27:54","modified_gmt":"2021-09-15T21:27:54","slug":"carriere-militaire","status":"publish","type":"page","link":"https:\/\/forvalour.ca\/fr\/mcleod\/carriere-militaire\/","title":{"rendered":"Carri\u00e8re Militaire"},"content":{"rendered":"\n<p>Apr\u00e8s sa lib\u00e9ration, Alan McLeod ne r\u00e9ussit pas de nouveau \u00e0 s&rsquo;enr\u00f4ler : les recruteurs rejettent \u00e0 maintes reprises sa candidature, \u00e0 cause de son jeune \u00e2ge. \u00c0 17 ans, il tente de s&rsquo;enr\u00f4ler dans l&rsquo;escadre des cadets du&nbsp;Royal Flying Corps, \u00e0 Toronto, mais les recruteurs, voyant son \u00e2ge sur son certificat de naissance, le rejettent encore une fois. Finalement, quand il atteint l&rsquo;\u00e2ge de 18 ans, en avril 1917, le RFC l&rsquo;accueille en qualit\u00e9 de cadet.<\/p>\n\n\n\n<p>L&rsquo;entra\u00eenement au pilotage d&rsquo;Alan McLeod commence \u00e0 l&rsquo;ext\u00e9rieur de Toronto, \u00e0 Long Branch. Il apprend vite et manifeste une habilet\u00e9 peu commune aux commandes de l&rsquo;Avro 504. Il fait son premier vol solo apr\u00e8s seulement cinq jours d&rsquo;instruction et trois heures effectivement pass\u00e9es \u00e0 bord d&rsquo;un a\u00e9ronef.<\/p>\n\n\n\n<p>L&rsquo;entra\u00eenement interm\u00e9diaire d&rsquo;Alan McLeod a lieu \u00e0&nbsp;Camp Borden, o\u00f9 il se joint \u00e0 la 42<sup>e<\/sup>&nbsp;Escadre. Il lui faut tout juste deux mois pour terminer le cours et, le 31 juillet 1917, il re\u00e7oit son brevet du RFC, \u00e0&nbsp;Camp Borden, avec seulement 50 heures de vol \u00e0 son cr\u00e9dit. Il s&#8217;embarque ensuite pour l&rsquo;Angleterre, o\u00f9 il re\u00e7oit de l&rsquo;entra\u00eenement op\u00e9rationnel.<\/p>\n\n\n\n<p>Le Sous-lieutenant McLeod est affect\u00e9 au 2<sup>e<\/sup>&nbsp;Escadron \u00e0 la fin novembre et est envoy\u00e9 \u00e0 Saint-Omer, en France. En janvier 1918, Alan McLeod et le Lieutenant Reginald Key, son observateur, abattent un ballon d&rsquo;observation allemand et, quelques jours plus tard, ils d\u00e9truisent une batterie d&rsquo;artillerie antia\u00e9rienne.<\/p>\n\n\n\n<p>Peu apr\u00e8s, Alan McLeod est jumel\u00e9 au Lieutenant A.W. Hammond. Le 27 mars 1918, les deux officiers abattent un triplan Fokker ennemi au-dessus d&rsquo;Albert, en France, avant d&rsquo;\u00eatre attaqu\u00e9s par huit autres \u00e0 1 525 m\u00e8tres (5 000 pieds) d&rsquo;altitude. Ils r\u00e9ussissent \u00e0 abattre trois Fokker dans la bataille qui s&rsquo;ensuit. Alan McLeod est bless\u00e9 cinq fois et son avion est en feu, mais il r\u00e9ussit \u00e0 le piloter en s&rsquo;installant sur l&rsquo;aile gauche inf\u00e9rieure.<\/p>\n\n\n\n<p>Apr\u00e8s que l&rsquo;avion a atterri en catastrophe, Alan McLeod tra\u00eene le lieutenant Hammond, qui est bless\u00e9, pour l&rsquo;\u00e9loigner de l&rsquo;avion avant que les bombes et les munitions n&rsquo;explosent. Ils sont ensuite recueillis dans des tranch\u00e9es britanniques par des membres du&nbsp;South African Scottish Regiment. Apr\u00e8s avoir surv\u00e9cu un voyage de cinq kilom\u00e8tres (trois milles) sur des civi\u00e8res, les deux militaires subissent une chirurgie pour faire enlever les balles de leurs blessures, puis ils sont transport\u00e9s par ambulance jusqu&rsquo;\u00e0 Amiens.<\/p>\n\n\n\n<p>\u00ab Rien n&rsquo;arr\u00eatait Alan, et j&rsquo;\u00e9tais pr\u00eat \u00e0 le suivre n&rsquo;importe o\u00f9! J&rsquo;avais une confiance absolue en lui. Il \u00e9tait le meilleur pilote avec qui j&rsquo;ai vol\u00e9, il n&rsquo;avait jamais peur et il \u00e9tait toujours joyeux et optimiste. Nous avons connu de nombreuses \u00e9preuves ensemble et souvent, apr\u00e8s s&rsquo;en \u00eatre sorti gr\u00e2ce \u00e0 des man\u0153uvres de pilotage incroyables, parfois poursuivi par six ou sept Huns, il se tournait vers moi et riait tout fort. \u00bb<\/p>\n\n\n\n<p>Lt Reginald Key<\/p>\n","protected":false},"excerpt":{"rendered":"<p>Apr\u00e8s sa lib\u00e9ration, Alan McLeod ne r\u00e9ussit pas de nouveau \u00e0 s&rsquo;enr\u00f4ler : les recruteurs rejettent \u00e0 maintes reprises sa candidature, \u00e0 cause de son jeune \u00e2ge. \u00c0 17 ans, il tente de s&rsquo;enr\u00f4ler dans l&rsquo;escadre des cadets du&nbsp;Royal Flying Corps, \u00e0 Toronto, mais les recruteurs, voyant son \u00e2ge sur son certificat de naissance, le [&hellip;]<\/p>\n","protected":false},"author":1,"featured_media":0,"parent":615,"menu_order":2,"comment_status":"closed","ping_status":"closed","template":"","meta":{"_acf_changed":false,"footnotes":""},"class_list":["post-621","page","type-page","status-publish","hentry"],"acf":[],"yoast_head":"<!-- This site is optimized with the Yoast SEO plugin v27.3 - https:\/\/yoast.com\/product\/yoast-seo-wordpress\/ -->\n<title>Carri\u00e8re Militaire - Pour Bravoure - aviateurs canadiens et la Croix de Victoria<\/title>\n<meta name=\"robots\" content=\"index, follow, max-snippet:-1, max-image-preview:large, max-video-preview:-1\" \/>\n<link rel=\"canonical\" href=\"https:\/\/forvalour.ca\/fr\/mcleod\/carriere-militaire\/\" \/>\n<meta property=\"og:locale\" content=\"fr_FR\" \/>\n<meta property=\"og:type\" content=\"article\" \/>\n<meta property=\"og:title\" content=\"Carri\u00e8re Militaire - Pour Bravoure - aviateurs canadiens et la Croix de Victoria\" \/>\n<meta property=\"og:description\" content=\"Apr\u00e8s sa lib\u00e9ration, Alan McLeod ne r\u00e9ussit pas de nouveau \u00e0 s&rsquo;enr\u00f4ler : les recruteurs rejettent \u00e0 maintes reprises sa candidature, \u00e0 cause de son jeune \u00e2ge. \u00c0 17 ans, il tente de s&rsquo;enr\u00f4ler dans l&rsquo;escadre des cadets du&nbsp;Royal Flying Corps, \u00e0 Toronto, mais les recruteurs, voyant son \u00e2ge sur son certificat de naissance, le [&hellip;]\" \/>\n<meta property=\"og:url\" content=\"https:\/\/forvalour.ca\/fr\/mcleod\/carriere-militaire\/\" \/>\n<meta property=\"og:site_name\" content=\"Pour Bravoure - aviateurs canadiens et la Croix de Victoria\" \/>\n<meta property=\"article:modified_time\" content=\"2021-09-15T21:27:54+00:00\" \/>\n<meta name=\"twitter:card\" content=\"summary_large_image\" \/>\n<meta name=\"twitter:label1\" content=\"Dur\u00e9e de lecture estim\u00e9e\" \/>\n\t<meta name=\"twitter:data1\" content=\"2 minutes\" \/>\n<script type=\"application\/ld+json\" class=\"yoast-schema-graph\">{\"@context\":\"https:\\\/\\\/schema.org\",\"@graph\":[{\"@type\":\"WebPage\",\"@id\":\"https:\\\/\\\/forvalour.ca\\\/fr\\\/mcleod\\\/carriere-militaire\\\/\",\"url\":\"https:\\\/\\\/forvalour.ca\\\/fr\\\/mcleod\\\/carriere-militaire\\\/\",\"name\":\"Carri\u00e8re Militaire - Pour Bravoure - aviateurs canadiens et la Croix de Victoria\",\"isPartOf\":{\"@id\":\"https:\\\/\\\/forvalour.ca\\\/fr\\\/#website\"},\"datePublished\":\"2021-09-15T21:27:53+00:00\",\"dateModified\":\"2021-09-15T21:27:54+00:00\",\"breadcrumb\":{\"@id\":\"https:\\\/\\\/forvalour.ca\\\/fr\\\/mcleod\\\/carriere-militaire\\\/#breadcrumb\"},\"inLanguage\":\"fr-FR\",\"potentialAction\":[{\"@type\":\"ReadAction\",\"target\":[\"https:\\\/\\\/forvalour.ca\\\/fr\\\/mcleod\\\/carriere-militaire\\\/\"]}]},{\"@type\":\"BreadcrumbList\",\"@id\":\"https:\\\/\\\/forvalour.ca\\\/fr\\\/mcleod\\\/carriere-militaire\\\/#breadcrumb\",\"itemListElement\":[{\"@type\":\"ListItem\",\"position\":1,\"name\":\"Home\",\"item\":\"https:\\\/\\\/forvalour.ca\\\/fr\\\/\"},{\"@type\":\"ListItem\",\"position\":2,\"name\":\"Alan Mcleod\",\"item\":\"https:\\\/\\\/forvalour.ca\\\/fr\\\/mcleod\\\/\"},{\"@type\":\"ListItem\",\"position\":3,\"name\":\"Carri\u00e8re Militaire\"}]},{\"@type\":\"WebSite\",\"@id\":\"https:\\\/\\\/forvalour.ca\\\/fr\\\/#website\",\"url\":\"https:\\\/\\\/forvalour.ca\\\/fr\\\/\",\"name\":\"For Valour\",\"description\":\"Canadian Airmen and the Victoria Cross\",\"publisher\":{\"@id\":\"https:\\\/\\\/forvalour.ca\\\/fr\\\/#organization\"},\"potentialAction\":[{\"@type\":\"SearchAction\",\"target\":{\"@type\":\"EntryPoint\",\"urlTemplate\":\"https:\\\/\\\/forvalour.ca\\\/fr\\\/?s={search_term_string}\"},\"query-input\":{\"@type\":\"PropertyValueSpecification\",\"valueRequired\":true,\"valueName\":\"search_term_string\"}}],\"inLanguage\":\"fr-FR\"},{\"@type\":\"Organization\",\"@id\":\"https:\\\/\\\/forvalour.ca\\\/fr\\\/#organization\",\"name\":\"For Valour\",\"url\":\"https:\\\/\\\/forvalour.ca\\\/fr\\\/\",\"logo\":{\"@type\":\"ImageObject\",\"inLanguage\":\"fr-FR\",\"@id\":\"https:\\\/\\\/forvalour.ca\\\/fr\\\/#\\\/schema\\\/logo\\\/image\\\/\",\"url\":\"https:\\\/\\\/forvalour.ca\\\/wp-content\\\/uploads\\\/2021\\\/09\\\/cropped-for-valour-medal-new.png\",\"contentUrl\":\"https:\\\/\\\/forvalour.ca\\\/wp-content\\\/uploads\\\/2021\\\/09\\\/cropped-for-valour-medal-new.png\",\"width\":512,\"height\":512,\"caption\":\"For Valour\"},\"image\":{\"@id\":\"https:\\\/\\\/forvalour.ca\\\/fr\\\/#\\\/schema\\\/logo\\\/image\\\/\"},\"sameAs\":[\"https:\\\/\\\/www.youtube.com\\\/channel\\\/UCRYVbXOUahuy0lj2UCo1Cag\"]}]}<\/script>\n<!-- \/ Yoast SEO plugin. -->","yoast_head_json":{"title":"Carri\u00e8re Militaire - Pour Bravoure - aviateurs canadiens et la Croix de Victoria","robots":{"index":"index","follow":"follow","max-snippet":"max-snippet:-1","max-image-preview":"max-image-preview:large","max-video-preview":"max-video-preview:-1"},"canonical":"https:\/\/forvalour.ca\/fr\/mcleod\/carriere-militaire\/","og_locale":"fr_FR","og_type":"article","og_title":"Carri\u00e8re Militaire - Pour Bravoure - aviateurs canadiens et la Croix de Victoria","og_description":"Apr\u00e8s sa lib\u00e9ration, Alan McLeod ne r\u00e9ussit pas de nouveau \u00e0 s&rsquo;enr\u00f4ler : les recruteurs rejettent \u00e0 maintes reprises sa candidature, \u00e0 cause de son jeune \u00e2ge. \u00c0 17 ans, il tente de s&rsquo;enr\u00f4ler dans l&rsquo;escadre des cadets du&nbsp;Royal Flying Corps, \u00e0 Toronto, mais les recruteurs, voyant son \u00e2ge sur son certificat de naissance, le [&hellip;]","og_url":"https:\/\/forvalour.ca\/fr\/mcleod\/carriere-militaire\/","og_site_name":"Pour Bravoure - aviateurs canadiens et la Croix de Victoria","article_modified_time":"2021-09-15T21:27:54+00:00","twitter_card":"summary_large_image","twitter_misc":{"Dur\u00e9e de lecture estim\u00e9e":"2 minutes"},"schema":{"@context":"https:\/\/schema.org","@graph":[{"@type":"WebPage","@id":"https:\/\/forvalour.ca\/fr\/mcleod\/carriere-militaire\/","url":"https:\/\/forvalour.ca\/fr\/mcleod\/carriere-militaire\/","name":"Carri\u00e8re Militaire - Pour Bravoure - aviateurs canadiens et la Croix de Victoria","isPartOf":{"@id":"https:\/\/forvalour.ca\/fr\/#website"},"datePublished":"2021-09-15T21:27:53+00:00","dateModified":"2021-09-15T21:27:54+00:00","breadcrumb":{"@id":"https:\/\/forvalour.ca\/fr\/mcleod\/carriere-militaire\/#breadcrumb"},"inLanguage":"fr-FR","potentialAction":[{"@type":"ReadAction","target":["https:\/\/forvalour.ca\/fr\/mcleod\/carriere-militaire\/"]}]},{"@type":"BreadcrumbList","@id":"https:\/\/forvalour.ca\/fr\/mcleod\/carriere-militaire\/#breadcrumb","itemListElement":[{"@type":"ListItem","position":1,"name":"Home","item":"https:\/\/forvalour.ca\/fr\/"},{"@type":"ListItem","position":2,"name":"Alan Mcleod","item":"https:\/\/forvalour.ca\/fr\/mcleod\/"},{"@type":"ListItem","position":3,"name":"Carri\u00e8re Militaire"}]},{"@type":"WebSite","@id":"https:\/\/forvalour.ca\/fr\/#website","url":"https:\/\/forvalour.ca\/fr\/","name":"For Valour","description":"Canadian Airmen and the Victoria Cross","publisher":{"@id":"https:\/\/forvalour.ca\/fr\/#organization"},"potentialAction":[{"@type":"SearchAction","target":{"@type":"EntryPoint","urlTemplate":"https:\/\/forvalour.ca\/fr\/?s={search_term_string}"},"query-input":{"@type":"PropertyValueSpecification","valueRequired":true,"valueName":"search_term_string"}}],"inLanguage":"fr-FR"},{"@type":"Organization","@id":"https:\/\/forvalour.ca\/fr\/#organization","name":"For Valour","url":"https:\/\/forvalour.ca\/fr\/","logo":{"@type":"ImageObject","inLanguage":"fr-FR","@id":"https:\/\/forvalour.ca\/fr\/#\/schema\/logo\/image\/","url":"https:\/\/forvalour.ca\/wp-content\/uploads\/2021\/09\/cropped-for-valour-medal-new.png","contentUrl":"https:\/\/forvalour.ca\/wp-content\/uploads\/2021\/09\/cropped-for-valour-medal-new.png","width":512,"height":512,"caption":"For Valour"},"image":{"@id":"https:\/\/forvalour.ca\/fr\/#\/schema\/logo\/image\/"},"sameAs":["https:\/\/www.youtube.com\/channel\/UCRYVbXOUahuy0lj2UCo1Cag"]}]}},"_links":{"self":[{"href":"https:\/\/forvalour.ca\/fr\/wp-json\/wp\/v2\/pages\/621","targetHints":{"allow":["GET"]}}],"collection":[{"href":"https:\/\/forvalour.ca\/fr\/wp-json\/wp\/v2\/pages"}],"about":[{"href":"https:\/\/forvalour.ca\/fr\/wp-json\/wp\/v2\/types\/page"}],"author":[{"embeddable":true,"href":"https:\/\/forvalour.ca\/fr\/wp-json\/wp\/v2\/users\/1"}],"replies":[{"embeddable":true,"href":"https:\/\/forvalour.ca\/fr\/wp-json\/wp\/v2\/comments?post=621"}],"version-history":[{"count":2,"href":"https:\/\/forvalour.ca\/fr\/wp-json\/wp\/v2\/pages\/621\/revisions"}],"predecessor-version":[{"id":623,"href":"https:\/\/forvalour.ca\/fr\/wp-json\/wp\/v2\/pages\/621\/revisions\/623"}],"up":[{"embeddable":true,"href":"https:\/\/forvalour.ca\/fr\/wp-json\/wp\/v2\/pages\/615"}],"wp:attachment":[{"href":"https:\/\/forvalour.ca\/fr\/wp-json\/wp\/v2\/media?parent=621"}],"curies":[{"name":"wp","href":"https:\/\/api.w.org\/{rel}","templated":true}]}}