{"id":624,"date":"2021-09-15T16:29:01","date_gmt":"2021-09-15T21:29:01","guid":{"rendered":"https:\/\/forvalour.ca\/?page_id=624"},"modified":"2021-09-15T16:29:33","modified_gmt":"2021-09-15T21:29:33","slug":"outils-de-guerre","status":"publish","type":"page","link":"https:\/\/forvalour.ca\/fr\/mcleod\/outils-de-guerre\/","title":{"rendered":"Outils de Guerre"},"content":{"rendered":"\n<figure class=\"wp-block-image size-full\"><img loading=\"lazy\" decoding=\"async\" width=\"360\" height=\"215\" src=\"http:\/\/forvalour.ca\/wp-content\/uploads\/2021\/09\/armstrong-whitworth-001.jpg\" alt=\"Armstrong Whitworth\" class=\"wp-image-371\" srcset=\"https:\/\/forvalour.ca\/wp-content\/uploads\/2021\/09\/armstrong-whitworth-001.jpg 360w, https:\/\/forvalour.ca\/wp-content\/uploads\/2021\/09\/armstrong-whitworth-001-300x179.jpg 300w\" sizes=\"auto, (max-width: 360px) 100vw, 360px\" \/><\/figure>\n\n\n\n<h4 class=\"wp-block-heading\">Armstrong Whitworth F.K.8<\/h4>\n\n\n\n<p>L&rsquo;Armstrong Whitworth F.K.8 (surnomm\u00e9 \u00ab Ack W \u00bb ou \u00ab Big Ack \u00bb) \u00e9tait un a\u00e9ronef relativement gros d&rsquo;apr\u00e8s les normes de la Premi\u00e8re Guerre mondiale; c&rsquo;\u00e9tait un appareil robuste et fiable qui n&rsquo;\u00e9tait pas tr\u00e8s agile, mais que les pilotes affectionnaient. Le N\u00e9erlandais Frederick Koolhoven l&rsquo;avait con\u00e7u pour le constructeur d&rsquo;a\u00e9ronefs britannique Armstrong Whitworth. Il mesurait plus de 9 m\u00e8tres (30 pieds) de longueur et avait une envergure d&rsquo;un peu plus de 13 m\u00e8tres (43 pieds), de sorte qu&rsquo;on s&rsquo;en servait g\u00e9n\u00e9ralement pour les missions de reconnaissance, de rep\u00e9rage de l&rsquo;artillerie et des bombardements l\u00e9gers.<\/p>\n\n\n\n<p>L&rsquo;unique moteur du F.K.8 le propulsait \u00e0 une vitesse maximale de 140 kilom\u00e8tres \u00e0 l&rsquo;heure; l&rsquo;avion pouvait monter \u00e0 13 000 pieds et avait un rayon d&rsquo;action de 380 kilom\u00e8tres. Avec son pilote et un observateur ou mitrailleur, l&rsquo;Ack W ne pouvait emporter que 70 kilogrammes de bombes. Il \u00e9tait en g\u00e9n\u00e9ral muni d&rsquo;une mitrailleuse Vickers avant fixe et d&rsquo;une mitrailleuse Lewis mont\u00e9e sur un anneau Scarff. L&rsquo;avion d&rsquo;Alan McLeod et d&rsquo;Arthur Hammond portait le num\u00e9ro de s\u00e9rie B5773.<\/p>\n","protected":false},"excerpt":{"rendered":"<p>Armstrong Whitworth F.K.8 L&rsquo;Armstrong Whitworth F.K.8 (surnomm\u00e9 \u00ab Ack W \u00bb ou \u00ab Big Ack \u00bb) \u00e9tait un a\u00e9ronef relativement gros d&rsquo;apr\u00e8s les normes de la Premi\u00e8re Guerre mondiale; c&rsquo;\u00e9tait un appareil robuste et fiable qui n&rsquo;\u00e9tait pas tr\u00e8s agile, mais que les pilotes affectionnaient. Le N\u00e9erlandais Frederick Koolhoven l&rsquo;avait con\u00e7u pour le constructeur d&rsquo;a\u00e9ronefs [&hellip;]<\/p>\n","protected":false},"author":1,"featured_media":0,"parent":615,"menu_order":3,"comment_status":"closed","ping_status":"closed","template":"","meta":{"_acf_changed":false,"footnotes":""},"class_list":["post-624","page","type-page","status-publish","hentry"],"acf":[],"yoast_head":"<!-- This site is optimized with the Yoast SEO plugin v27.3 - https:\/\/yoast.com\/product\/yoast-seo-wordpress\/ -->\n<title>Outils de Guerre - Pour Bravoure - aviateurs canadiens et la Croix de Victoria<\/title>\n<meta name=\"robots\" content=\"index, follow, max-snippet:-1, max-image-preview:large, max-video-preview:-1\" \/>\n<link rel=\"canonical\" href=\"https:\/\/forvalour.ca\/fr\/mcleod\/outils-de-guerre\/\" \/>\n<meta property=\"og:locale\" content=\"fr_FR\" \/>\n<meta property=\"og:type\" content=\"article\" \/>\n<meta property=\"og:title\" content=\"Outils de Guerre - Pour Bravoure - aviateurs canadiens et la Croix de Victoria\" \/>\n<meta property=\"og:description\" content=\"Armstrong Whitworth F.K.8 L&rsquo;Armstrong Whitworth F.K.8 (surnomm\u00e9 \u00ab Ack W \u00bb ou \u00ab Big Ack \u00bb) \u00e9tait un a\u00e9ronef relativement gros d&rsquo;apr\u00e8s les normes de la Premi\u00e8re Guerre mondiale; c&rsquo;\u00e9tait un appareil robuste et fiable qui n&rsquo;\u00e9tait pas tr\u00e8s agile, mais que les pilotes affectionnaient. Le N\u00e9erlandais Frederick Koolhoven l&rsquo;avait con\u00e7u pour le constructeur d&rsquo;a\u00e9ronefs [&hellip;]\" \/>\n<meta property=\"og:url\" content=\"https:\/\/forvalour.ca\/fr\/mcleod\/outils-de-guerre\/\" \/>\n<meta property=\"og:site_name\" content=\"Pour Bravoure - aviateurs canadiens et la Croix de Victoria\" \/>\n<meta property=\"article:modified_time\" content=\"2021-09-15T21:29:33+00:00\" \/>\n<meta property=\"og:image\" content=\"http:\/\/forvalour.ca\/wp-content\/uploads\/2021\/09\/armstrong-whitworth-001.jpg\" \/>\n<meta name=\"twitter:card\" content=\"summary_large_image\" \/>\n<meta name=\"twitter:label1\" content=\"Dur\u00e9e de lecture estim\u00e9e\" \/>\n\t<meta name=\"twitter:data1\" content=\"1 minute\" \/>\n<script type=\"application\/ld+json\" class=\"yoast-schema-graph\">{\"@context\":\"https:\\\/\\\/schema.org\",\"@graph\":[{\"@type\":\"WebPage\",\"@id\":\"https:\\\/\\\/forvalour.ca\\\/fr\\\/mcleod\\\/outils-de-guerre\\\/\",\"url\":\"https:\\\/\\\/forvalour.ca\\\/fr\\\/mcleod\\\/outils-de-guerre\\\/\",\"name\":\"Outils de Guerre - Pour Bravoure - aviateurs canadiens et la Croix de Victoria\",\"isPartOf\":{\"@id\":\"https:\\\/\\\/forvalour.ca\\\/fr\\\/#website\"},\"primaryImageOfPage\":{\"@id\":\"https:\\\/\\\/forvalour.ca\\\/fr\\\/mcleod\\\/outils-de-guerre\\\/#primaryimage\"},\"image\":{\"@id\":\"https:\\\/\\\/forvalour.ca\\\/fr\\\/mcleod\\\/outils-de-guerre\\\/#primaryimage\"},\"thumbnailUrl\":\"http:\\\/\\\/forvalour.ca\\\/wp-content\\\/uploads\\\/2021\\\/09\\\/armstrong-whitworth-001.jpg\",\"datePublished\":\"2021-09-15T21:29:01+00:00\",\"dateModified\":\"2021-09-15T21:29:33+00:00\",\"breadcrumb\":{\"@id\":\"https:\\\/\\\/forvalour.ca\\\/fr\\\/mcleod\\\/outils-de-guerre\\\/#breadcrumb\"},\"inLanguage\":\"fr-FR\",\"potentialAction\":[{\"@type\":\"ReadAction\",\"target\":[\"https:\\\/\\\/forvalour.ca\\\/fr\\\/mcleod\\\/outils-de-guerre\\\/\"]}]},{\"@type\":\"ImageObject\",\"inLanguage\":\"fr-FR\",\"@id\":\"https:\\\/\\\/forvalour.ca\\\/fr\\\/mcleod\\\/outils-de-guerre\\\/#primaryimage\",\"url\":\"http:\\\/\\\/forvalour.ca\\\/wp-content\\\/uploads\\\/2021\\\/09\\\/armstrong-whitworth-001.jpg\",\"contentUrl\":\"http:\\\/\\\/forvalour.ca\\\/wp-content\\\/uploads\\\/2021\\\/09\\\/armstrong-whitworth-001.jpg\"},{\"@type\":\"BreadcrumbList\",\"@id\":\"https:\\\/\\\/forvalour.ca\\\/fr\\\/mcleod\\\/outils-de-guerre\\\/#breadcrumb\",\"itemListElement\":[{\"@type\":\"ListItem\",\"position\":1,\"name\":\"Home\",\"item\":\"https:\\\/\\\/forvalour.ca\\\/fr\\\/\"},{\"@type\":\"ListItem\",\"position\":2,\"name\":\"Alan Mcleod\",\"item\":\"https:\\\/\\\/forvalour.ca\\\/fr\\\/mcleod\\\/\"},{\"@type\":\"ListItem\",\"position\":3,\"name\":\"Outils de Guerre\"}]},{\"@type\":\"WebSite\",\"@id\":\"https:\\\/\\\/forvalour.ca\\\/fr\\\/#website\",\"url\":\"https:\\\/\\\/forvalour.ca\\\/fr\\\/\",\"name\":\"For Valour\",\"description\":\"Canadian Airmen and the Victoria Cross\",\"publisher\":{\"@id\":\"https:\\\/\\\/forvalour.ca\\\/fr\\\/#organization\"},\"potentialAction\":[{\"@type\":\"SearchAction\",\"target\":{\"@type\":\"EntryPoint\",\"urlTemplate\":\"https:\\\/\\\/forvalour.ca\\\/fr\\\/?s={search_term_string}\"},\"query-input\":{\"@type\":\"PropertyValueSpecification\",\"valueRequired\":true,\"valueName\":\"search_term_string\"}}],\"inLanguage\":\"fr-FR\"},{\"@type\":\"Organization\",\"@id\":\"https:\\\/\\\/forvalour.ca\\\/fr\\\/#organization\",\"name\":\"For Valour\",\"url\":\"https:\\\/\\\/forvalour.ca\\\/fr\\\/\",\"logo\":{\"@type\":\"ImageObject\",\"inLanguage\":\"fr-FR\",\"@id\":\"https:\\\/\\\/forvalour.ca\\\/fr\\\/#\\\/schema\\\/logo\\\/image\\\/\",\"url\":\"https:\\\/\\\/forvalour.ca\\\/wp-content\\\/uploads\\\/2021\\\/09\\\/cropped-for-valour-medal-new.png\",\"contentUrl\":\"https:\\\/\\\/forvalour.ca\\\/wp-content\\\/uploads\\\/2021\\\/09\\\/cropped-for-valour-medal-new.png\",\"width\":512,\"height\":512,\"caption\":\"For Valour\"},\"image\":{\"@id\":\"https:\\\/\\\/forvalour.ca\\\/fr\\\/#\\\/schema\\\/logo\\\/image\\\/\"},\"sameAs\":[\"https:\\\/\\\/www.youtube.com\\\/channel\\\/UCRYVbXOUahuy0lj2UCo1Cag\"]}]}<\/script>\n<!-- \/ Yoast SEO plugin. -->","yoast_head_json":{"title":"Outils de Guerre - Pour Bravoure - aviateurs canadiens et la Croix de Victoria","robots":{"index":"index","follow":"follow","max-snippet":"max-snippet:-1","max-image-preview":"max-image-preview:large","max-video-preview":"max-video-preview:-1"},"canonical":"https:\/\/forvalour.ca\/fr\/mcleod\/outils-de-guerre\/","og_locale":"fr_FR","og_type":"article","og_title":"Outils de Guerre - Pour Bravoure - aviateurs canadiens et la Croix de Victoria","og_description":"Armstrong Whitworth F.K.8 L&rsquo;Armstrong Whitworth F.K.8 (surnomm\u00e9 \u00ab Ack W \u00bb ou \u00ab Big Ack \u00bb) \u00e9tait un a\u00e9ronef relativement gros d&rsquo;apr\u00e8s les normes de la Premi\u00e8re Guerre mondiale; c&rsquo;\u00e9tait un appareil robuste et fiable qui n&rsquo;\u00e9tait pas tr\u00e8s agile, mais que les pilotes affectionnaient. Le N\u00e9erlandais Frederick Koolhoven l&rsquo;avait con\u00e7u pour le constructeur d&rsquo;a\u00e9ronefs [&hellip;]","og_url":"https:\/\/forvalour.ca\/fr\/mcleod\/outils-de-guerre\/","og_site_name":"Pour Bravoure - aviateurs canadiens et la Croix de Victoria","article_modified_time":"2021-09-15T21:29:33+00:00","og_image":[{"url":"http:\/\/forvalour.ca\/wp-content\/uploads\/2021\/09\/armstrong-whitworth-001.jpg","type":"","width":"","height":""}],"twitter_card":"summary_large_image","twitter_misc":{"Dur\u00e9e de lecture estim\u00e9e":"1 minute"},"schema":{"@context":"https:\/\/schema.org","@graph":[{"@type":"WebPage","@id":"https:\/\/forvalour.ca\/fr\/mcleod\/outils-de-guerre\/","url":"https:\/\/forvalour.ca\/fr\/mcleod\/outils-de-guerre\/","name":"Outils de Guerre - Pour Bravoure - aviateurs canadiens et la Croix de Victoria","isPartOf":{"@id":"https:\/\/forvalour.ca\/fr\/#website"},"primaryImageOfPage":{"@id":"https:\/\/forvalour.ca\/fr\/mcleod\/outils-de-guerre\/#primaryimage"},"image":{"@id":"https:\/\/forvalour.ca\/fr\/mcleod\/outils-de-guerre\/#primaryimage"},"thumbnailUrl":"http:\/\/forvalour.ca\/wp-content\/uploads\/2021\/09\/armstrong-whitworth-001.jpg","datePublished":"2021-09-15T21:29:01+00:00","dateModified":"2021-09-15T21:29:33+00:00","breadcrumb":{"@id":"https:\/\/forvalour.ca\/fr\/mcleod\/outils-de-guerre\/#breadcrumb"},"inLanguage":"fr-FR","potentialAction":[{"@type":"ReadAction","target":["https:\/\/forvalour.ca\/fr\/mcleod\/outils-de-guerre\/"]}]},{"@type":"ImageObject","inLanguage":"fr-FR","@id":"https:\/\/forvalour.ca\/fr\/mcleod\/outils-de-guerre\/#primaryimage","url":"http:\/\/forvalour.ca\/wp-content\/uploads\/2021\/09\/armstrong-whitworth-001.jpg","contentUrl":"http:\/\/forvalour.ca\/wp-content\/uploads\/2021\/09\/armstrong-whitworth-001.jpg"},{"@type":"BreadcrumbList","@id":"https:\/\/forvalour.ca\/fr\/mcleod\/outils-de-guerre\/#breadcrumb","itemListElement":[{"@type":"ListItem","position":1,"name":"Home","item":"https:\/\/forvalour.ca\/fr\/"},{"@type":"ListItem","position":2,"name":"Alan Mcleod","item":"https:\/\/forvalour.ca\/fr\/mcleod\/"},{"@type":"ListItem","position":3,"name":"Outils de Guerre"}]},{"@type":"WebSite","@id":"https:\/\/forvalour.ca\/fr\/#website","url":"https:\/\/forvalour.ca\/fr\/","name":"For Valour","description":"Canadian Airmen and the Victoria Cross","publisher":{"@id":"https:\/\/forvalour.ca\/fr\/#organization"},"potentialAction":[{"@type":"SearchAction","target":{"@type":"EntryPoint","urlTemplate":"https:\/\/forvalour.ca\/fr\/?s={search_term_string}"},"query-input":{"@type":"PropertyValueSpecification","valueRequired":true,"valueName":"search_term_string"}}],"inLanguage":"fr-FR"},{"@type":"Organization","@id":"https:\/\/forvalour.ca\/fr\/#organization","name":"For Valour","url":"https:\/\/forvalour.ca\/fr\/","logo":{"@type":"ImageObject","inLanguage":"fr-FR","@id":"https:\/\/forvalour.ca\/fr\/#\/schema\/logo\/image\/","url":"https:\/\/forvalour.ca\/wp-content\/uploads\/2021\/09\/cropped-for-valour-medal-new.png","contentUrl":"https:\/\/forvalour.ca\/wp-content\/uploads\/2021\/09\/cropped-for-valour-medal-new.png","width":512,"height":512,"caption":"For Valour"},"image":{"@id":"https:\/\/forvalour.ca\/fr\/#\/schema\/logo\/image\/"},"sameAs":["https:\/\/www.youtube.com\/channel\/UCRYVbXOUahuy0lj2UCo1Cag"]}]}},"_links":{"self":[{"href":"https:\/\/forvalour.ca\/fr\/wp-json\/wp\/v2\/pages\/624","targetHints":{"allow":["GET"]}}],"collection":[{"href":"https:\/\/forvalour.ca\/fr\/wp-json\/wp\/v2\/pages"}],"about":[{"href":"https:\/\/forvalour.ca\/fr\/wp-json\/wp\/v2\/types\/page"}],"author":[{"embeddable":true,"href":"https:\/\/forvalour.ca\/fr\/wp-json\/wp\/v2\/users\/1"}],"replies":[{"embeddable":true,"href":"https:\/\/forvalour.ca\/fr\/wp-json\/wp\/v2\/comments?post=624"}],"version-history":[{"count":4,"href":"https:\/\/forvalour.ca\/fr\/wp-json\/wp\/v2\/pages\/624\/revisions"}],"predecessor-version":[{"id":629,"href":"https:\/\/forvalour.ca\/fr\/wp-json\/wp\/v2\/pages\/624\/revisions\/629"}],"up":[{"embeddable":true,"href":"https:\/\/forvalour.ca\/fr\/wp-json\/wp\/v2\/pages\/615"}],"wp:attachment":[{"href":"https:\/\/forvalour.ca\/fr\/wp-json\/wp\/v2\/media?parent=624"}],"curies":[{"name":"wp","href":"https:\/\/api.w.org\/{rel}","templated":true}]}}