{"id":633,"date":"2021-09-15T16:30:39","date_gmt":"2021-09-15T21:30:39","guid":{"rendered":"https:\/\/forvalour.ca\/?page_id=633"},"modified":"2021-09-15T16:30:39","modified_gmt":"2021-09-15T21:30:39","slug":"apres-la-guerre","status":"publish","type":"page","link":"https:\/\/forvalour.ca\/fr\/mcleod\/apres-la-guerre\/","title":{"rendered":"Apr\u00e8s la Guerre"},"content":{"rendered":"\n<p>Alan McLeod est d\u00e9cor\u00e9 de la Croix de Victoria le 4 septembre 1918, et son p\u00e8re est alors \u00e0 ses c\u00f4t\u00e9s. Affaibli par ses blessures, Alan McLeod rentre au Manitoba, \u00e0 la fin de septembre. Son retour ne passe pas inaper\u00e7u : de nombreuses personnes vont l&rsquo;accueillir \u00e0 la gare du Canadien Pacifique, et des dignitaires locaux prononcent alors des discours de circonstance. Alan McLeod retourne dans sa ville natale de Stonewall le soir m\u00eame de son arriv\u00e9e.<\/p>\n\n\n\n<p>Affaibli comme il l&rsquo;est, Alan McLeod risque d&rsquo;attraper des maladies, et c&rsquo;est ainsi qu&rsquo;il est frapp\u00e9 par la grippe espagnole peu apr\u00e8s son retour chez lui. Apr\u00e8s avoir pass\u00e9 un certain temps \u00e0 l&rsquo;h\u00f4pital local, il est transf\u00e9r\u00e9 \u00e0 l&rsquo;H\u00f4pital g\u00e9n\u00e9ral de Winnipeg o\u00f9 il d\u00e9c\u00e8de le 6 novembre 1918, \u00e0 l&rsquo;\u00e2ge de 19 ans, soit cinq jours avant l&rsquo;armistice qui met fin \u00e0 la Premi\u00e8re Guerre mondiale.<\/p>\n\n\n\n<p>Alan McLeod a \u00e9t\u00e9 intronis\u00e9 au Panth\u00e9on de l&rsquo;Aviation du Canada en 1973. Le b\u00e2timent annexe de la Force a\u00e9rienne, au Mus\u00e9e de la Base des Forces canadiennes Borden, a \u00e9t\u00e9 d\u00e9di\u00e9 \u00e0 la m\u00e9moire du Lieutenant Alan McLeod, lors d&rsquo;une c\u00e9r\u00e9monie qui a eu lieu parall\u00e8lement aux f\u00eates du 80<sup>e<\/sup>&nbsp;anniversaire de l&rsquo;Aviation royale du Canada, en avril 2004. Le Mus\u00e9e du Quartier g\u00e9n\u00e9ral de la 1<sup>re<\/sup>&nbsp;Division a\u00e9rienne du Canada pr\u00e9sente une exposition consacr\u00e9e au Lieutenant Alan McLeod, et une salle de conf\u00e9rence porte son nom.<\/p>\n\n\n\n<p>M. David Christie, de l&rsquo;\u00e9glise Westminster \u00e0 Winnipeg, a \u00e9crit cet \u00e9loge dans le journal&nbsp;Winnipeg Free Press:<\/p>\n\n\n\n<p>\u00ab Alan McLeod \u00e9tait la plus fine des fleurs de la galanterie. Les jours anciens de la chevalerie sont bien termin\u00e9s, mais pour les plus beaux exemples de cet esprit de galanterie, le monde a d\u00fb attendre jusqu&rsquo;au 20<sup>e<\/sup>&nbsp;si\u00e8cle. Ce sont ces jeunes hommes intr\u00e9pides qui ont sauv\u00e9 la civilisation. L&rsquo;h\u00e9ro\u00efsme des croisades semble bien p\u00e2le devant le courage incroyable et tranquille de ces gar\u00e7ons qui nous ont offert une nouvelle interpr\u00e9tation du mot \u00ab\u00a0calvaire\u00a0\u00bb. J&rsquo;ai vu Alan quelques heures avant sa mort. Il a fait face \u00e0 ce dernier ennemi avec la m\u00eame confiance joyeuse qu&rsquo;il avait en commen\u00e7ant ce qu&rsquo;il appelait la partie la plus heureuse de sa vie. Pour les enfants de nos enfants, des noms comme celui d&rsquo;Alan McLeod seront \u00e9crits en lettres de splendeur dans les annales du Canada. \u00bb<\/p>\n","protected":false},"excerpt":{"rendered":"<p>Alan McLeod est d\u00e9cor\u00e9 de la Croix de Victoria le 4 septembre 1918, et son p\u00e8re est alors \u00e0 ses c\u00f4t\u00e9s. Affaibli par ses blessures, Alan McLeod rentre au Manitoba, \u00e0 la fin de septembre. Son retour ne passe pas inaper\u00e7u : de nombreuses personnes vont l&rsquo;accueillir \u00e0 la gare du Canadien Pacifique, et des [&hellip;]<\/p>\n","protected":false},"author":1,"featured_media":0,"parent":615,"menu_order":5,"comment_status":"closed","ping_status":"closed","template":"","meta":{"_acf_changed":false,"footnotes":""},"class_list":["post-633","page","type-page","status-publish","hentry"],"acf":[],"yoast_head":"<!-- This site is optimized with the Yoast SEO plugin v27.3 - https:\/\/yoast.com\/product\/yoast-seo-wordpress\/ -->\n<title>Apr\u00e8s la Guerre - Pour Bravoure - aviateurs canadiens et la Croix de Victoria<\/title>\n<meta name=\"robots\" content=\"index, follow, max-snippet:-1, max-image-preview:large, max-video-preview:-1\" \/>\n<link rel=\"canonical\" href=\"https:\/\/forvalour.ca\/fr\/mcleod\/apres-la-guerre\/\" \/>\n<meta property=\"og:locale\" content=\"fr_FR\" \/>\n<meta property=\"og:type\" content=\"article\" \/>\n<meta property=\"og:title\" content=\"Apr\u00e8s la Guerre - Pour Bravoure - aviateurs canadiens et la Croix de Victoria\" \/>\n<meta property=\"og:description\" content=\"Alan McLeod est d\u00e9cor\u00e9 de la Croix de Victoria le 4 septembre 1918, et son p\u00e8re est alors \u00e0 ses c\u00f4t\u00e9s. Affaibli par ses blessures, Alan McLeod rentre au Manitoba, \u00e0 la fin de septembre. Son retour ne passe pas inaper\u00e7u : de nombreuses personnes vont l&rsquo;accueillir \u00e0 la gare du Canadien Pacifique, et des [&hellip;]\" \/>\n<meta property=\"og:url\" content=\"https:\/\/forvalour.ca\/fr\/mcleod\/apres-la-guerre\/\" \/>\n<meta property=\"og:site_name\" content=\"Pour Bravoure - aviateurs canadiens et la Croix de Victoria\" \/>\n<meta name=\"twitter:card\" content=\"summary_large_image\" \/>\n<meta name=\"twitter:label1\" content=\"Dur\u00e9e de lecture estim\u00e9e\" \/>\n\t<meta name=\"twitter:data1\" content=\"2 minutes\" \/>\n<script type=\"application\/ld+json\" class=\"yoast-schema-graph\">{\"@context\":\"https:\\\/\\\/schema.org\",\"@graph\":[{\"@type\":\"WebPage\",\"@id\":\"https:\\\/\\\/forvalour.ca\\\/fr\\\/mcleod\\\/apres-la-guerre\\\/\",\"url\":\"https:\\\/\\\/forvalour.ca\\\/fr\\\/mcleod\\\/apres-la-guerre\\\/\",\"name\":\"Apr\u00e8s la Guerre - Pour Bravoure - aviateurs canadiens et la Croix de Victoria\",\"isPartOf\":{\"@id\":\"https:\\\/\\\/forvalour.ca\\\/fr\\\/#website\"},\"datePublished\":\"2021-09-15T21:30:39+00:00\",\"breadcrumb\":{\"@id\":\"https:\\\/\\\/forvalour.ca\\\/fr\\\/mcleod\\\/apres-la-guerre\\\/#breadcrumb\"},\"inLanguage\":\"fr-FR\",\"potentialAction\":[{\"@type\":\"ReadAction\",\"target\":[\"https:\\\/\\\/forvalour.ca\\\/fr\\\/mcleod\\\/apres-la-guerre\\\/\"]}]},{\"@type\":\"BreadcrumbList\",\"@id\":\"https:\\\/\\\/forvalour.ca\\\/fr\\\/mcleod\\\/apres-la-guerre\\\/#breadcrumb\",\"itemListElement\":[{\"@type\":\"ListItem\",\"position\":1,\"name\":\"Home\",\"item\":\"https:\\\/\\\/forvalour.ca\\\/fr\\\/\"},{\"@type\":\"ListItem\",\"position\":2,\"name\":\"Alan Mcleod\",\"item\":\"https:\\\/\\\/forvalour.ca\\\/fr\\\/mcleod\\\/\"},{\"@type\":\"ListItem\",\"position\":3,\"name\":\"Apr\u00e8s la Guerre\"}]},{\"@type\":\"WebSite\",\"@id\":\"https:\\\/\\\/forvalour.ca\\\/fr\\\/#website\",\"url\":\"https:\\\/\\\/forvalour.ca\\\/fr\\\/\",\"name\":\"For Valour\",\"description\":\"Canadian Airmen and the Victoria Cross\",\"publisher\":{\"@id\":\"https:\\\/\\\/forvalour.ca\\\/fr\\\/#organization\"},\"potentialAction\":[{\"@type\":\"SearchAction\",\"target\":{\"@type\":\"EntryPoint\",\"urlTemplate\":\"https:\\\/\\\/forvalour.ca\\\/fr\\\/?s={search_term_string}\"},\"query-input\":{\"@type\":\"PropertyValueSpecification\",\"valueRequired\":true,\"valueName\":\"search_term_string\"}}],\"inLanguage\":\"fr-FR\"},{\"@type\":\"Organization\",\"@id\":\"https:\\\/\\\/forvalour.ca\\\/fr\\\/#organization\",\"name\":\"For Valour\",\"url\":\"https:\\\/\\\/forvalour.ca\\\/fr\\\/\",\"logo\":{\"@type\":\"ImageObject\",\"inLanguage\":\"fr-FR\",\"@id\":\"https:\\\/\\\/forvalour.ca\\\/fr\\\/#\\\/schema\\\/logo\\\/image\\\/\",\"url\":\"https:\\\/\\\/forvalour.ca\\\/wp-content\\\/uploads\\\/2021\\\/09\\\/cropped-for-valour-medal-new.png\",\"contentUrl\":\"https:\\\/\\\/forvalour.ca\\\/wp-content\\\/uploads\\\/2021\\\/09\\\/cropped-for-valour-medal-new.png\",\"width\":512,\"height\":512,\"caption\":\"For Valour\"},\"image\":{\"@id\":\"https:\\\/\\\/forvalour.ca\\\/fr\\\/#\\\/schema\\\/logo\\\/image\\\/\"},\"sameAs\":[\"https:\\\/\\\/www.youtube.com\\\/channel\\\/UCRYVbXOUahuy0lj2UCo1Cag\"]}]}<\/script>\n<!-- \/ Yoast SEO plugin. -->","yoast_head_json":{"title":"Apr\u00e8s la Guerre - Pour Bravoure - aviateurs canadiens et la Croix de Victoria","robots":{"index":"index","follow":"follow","max-snippet":"max-snippet:-1","max-image-preview":"max-image-preview:large","max-video-preview":"max-video-preview:-1"},"canonical":"https:\/\/forvalour.ca\/fr\/mcleod\/apres-la-guerre\/","og_locale":"fr_FR","og_type":"article","og_title":"Apr\u00e8s la Guerre - Pour Bravoure - aviateurs canadiens et la Croix de Victoria","og_description":"Alan McLeod est d\u00e9cor\u00e9 de la Croix de Victoria le 4 septembre 1918, et son p\u00e8re est alors \u00e0 ses c\u00f4t\u00e9s. Affaibli par ses blessures, Alan McLeod rentre au Manitoba, \u00e0 la fin de septembre. Son retour ne passe pas inaper\u00e7u : de nombreuses personnes vont l&rsquo;accueillir \u00e0 la gare du Canadien Pacifique, et des [&hellip;]","og_url":"https:\/\/forvalour.ca\/fr\/mcleod\/apres-la-guerre\/","og_site_name":"Pour Bravoure - aviateurs canadiens et la Croix de Victoria","twitter_card":"summary_large_image","twitter_misc":{"Dur\u00e9e de lecture estim\u00e9e":"2 minutes"},"schema":{"@context":"https:\/\/schema.org","@graph":[{"@type":"WebPage","@id":"https:\/\/forvalour.ca\/fr\/mcleod\/apres-la-guerre\/","url":"https:\/\/forvalour.ca\/fr\/mcleod\/apres-la-guerre\/","name":"Apr\u00e8s la Guerre - Pour Bravoure - aviateurs canadiens et la Croix de Victoria","isPartOf":{"@id":"https:\/\/forvalour.ca\/fr\/#website"},"datePublished":"2021-09-15T21:30:39+00:00","breadcrumb":{"@id":"https:\/\/forvalour.ca\/fr\/mcleod\/apres-la-guerre\/#breadcrumb"},"inLanguage":"fr-FR","potentialAction":[{"@type":"ReadAction","target":["https:\/\/forvalour.ca\/fr\/mcleod\/apres-la-guerre\/"]}]},{"@type":"BreadcrumbList","@id":"https:\/\/forvalour.ca\/fr\/mcleod\/apres-la-guerre\/#breadcrumb","itemListElement":[{"@type":"ListItem","position":1,"name":"Home","item":"https:\/\/forvalour.ca\/fr\/"},{"@type":"ListItem","position":2,"name":"Alan Mcleod","item":"https:\/\/forvalour.ca\/fr\/mcleod\/"},{"@type":"ListItem","position":3,"name":"Apr\u00e8s la Guerre"}]},{"@type":"WebSite","@id":"https:\/\/forvalour.ca\/fr\/#website","url":"https:\/\/forvalour.ca\/fr\/","name":"For Valour","description":"Canadian Airmen and the Victoria Cross","publisher":{"@id":"https:\/\/forvalour.ca\/fr\/#organization"},"potentialAction":[{"@type":"SearchAction","target":{"@type":"EntryPoint","urlTemplate":"https:\/\/forvalour.ca\/fr\/?s={search_term_string}"},"query-input":{"@type":"PropertyValueSpecification","valueRequired":true,"valueName":"search_term_string"}}],"inLanguage":"fr-FR"},{"@type":"Organization","@id":"https:\/\/forvalour.ca\/fr\/#organization","name":"For Valour","url":"https:\/\/forvalour.ca\/fr\/","logo":{"@type":"ImageObject","inLanguage":"fr-FR","@id":"https:\/\/forvalour.ca\/fr\/#\/schema\/logo\/image\/","url":"https:\/\/forvalour.ca\/wp-content\/uploads\/2021\/09\/cropped-for-valour-medal-new.png","contentUrl":"https:\/\/forvalour.ca\/wp-content\/uploads\/2021\/09\/cropped-for-valour-medal-new.png","width":512,"height":512,"caption":"For Valour"},"image":{"@id":"https:\/\/forvalour.ca\/fr\/#\/schema\/logo\/image\/"},"sameAs":["https:\/\/www.youtube.com\/channel\/UCRYVbXOUahuy0lj2UCo1Cag"]}]}},"_links":{"self":[{"href":"https:\/\/forvalour.ca\/fr\/wp-json\/wp\/v2\/pages\/633","targetHints":{"allow":["GET"]}}],"collection":[{"href":"https:\/\/forvalour.ca\/fr\/wp-json\/wp\/v2\/pages"}],"about":[{"href":"https:\/\/forvalour.ca\/fr\/wp-json\/wp\/v2\/types\/page"}],"author":[{"embeddable":true,"href":"https:\/\/forvalour.ca\/fr\/wp-json\/wp\/v2\/users\/1"}],"replies":[{"embeddable":true,"href":"https:\/\/forvalour.ca\/fr\/wp-json\/wp\/v2\/comments?post=633"}],"version-history":[{"count":2,"href":"https:\/\/forvalour.ca\/fr\/wp-json\/wp\/v2\/pages\/633\/revisions"}],"predecessor-version":[{"id":635,"href":"https:\/\/forvalour.ca\/fr\/wp-json\/wp\/v2\/pages\/633\/revisions\/635"}],"up":[{"embeddable":true,"href":"https:\/\/forvalour.ca\/fr\/wp-json\/wp\/v2\/pages\/615"}],"wp:attachment":[{"href":"https:\/\/forvalour.ca\/fr\/wp-json\/wp\/v2\/media?parent=633"}],"curies":[{"name":"wp","href":"https:\/\/api.w.org\/{rel}","templated":true}]}}