{"id":636,"date":"2021-09-15T16:37:37","date_gmt":"2021-09-15T21:37:37","guid":{"rendered":"https:\/\/forvalour.ca\/?page_id=636"},"modified":"2021-10-01T10:32:10","modified_gmt":"2021-10-01T15:32:10","slug":"hornell","status":"publish","type":"page","link":"https:\/\/forvalour.ca\/fr\/hornell\/","title":{"rendered":"David Hornell"},"content":{"rendered":"\n<p>Nom :&nbsp;David Ernest Hornell<br>Date de naissance :&nbsp;26 janvier 1910, \u00e0 Mimico (Ontario)<br>D\u00e9c\u00e8s :&nbsp;24 juin 1944<br>Ville natale :&nbsp;Toronto (Ontario)<br>Grade :&nbsp;Capitaine d&rsquo;aviation<br>P\u00e9riode de service :&nbsp;de 1941 \u00e0 1944<br>Num\u00e9ro matricule :&nbsp;J7594<br>Force :&nbsp;Force a\u00e9rienne<br>Unit\u00e9 :&nbsp;Aviation royale du Canada<br>Division :&nbsp;162<sup>e<\/sup>&nbsp;Escadron de bombardement et de reconnaissance<br>D\u00e9coration :&nbsp;Croix de Victoria (\u00e0 titre posthume)<\/p>\n\n\n\n<p>Le Capitaine d&rsquo;aviation David Hornell avait un esprit d&rsquo;\u00e9quipe id\u00e9al, et c&rsquo;\u00e9tait aussi un chef courageux. Il avait accumul\u00e9 600 heures de vol et accompli avec succ\u00e8s 60 missions au sein du 162<sup>e<\/sup>&nbsp;Escadron, dans les environs de l&rsquo;Islande et de l&rsquo;\u00c9cosse et sur la c\u00f4te Est de l&rsquo;Am\u00e9rique du Nord. David Hornell a \u00e9t\u00e9 le seul membre du personnel relevant du commandement de l&rsquo;aviation c\u00f4ti\u00e8re de l&rsquo;ARC \u00e0 m\u00e9riter la Croix de Victoria. Avec son \u00e9quipage, il a r\u00e9ussi \u00e0 d\u00e9truire un U-boot allemand au large des c\u00f4tes \u00e9cossaises, avant d&rsquo;amerrir en catastrophe. Les survivants ont d\u00fb attendre les secours pendant pr\u00e8s d&rsquo;une journ\u00e9e compl\u00e8te, de sorte que David Hornell a succomb\u00e9 \u00e0 ses blessures peu apr\u00e8s avoir \u00e9t\u00e9 secouru.<\/p>\n","protected":false},"excerpt":{"rendered":"<p>Nom :&nbsp;David Ernest HornellDate de naissance :&nbsp;26 janvier 1910, \u00e0 Mimico (Ontario)D\u00e9c\u00e8s :&nbsp;24 juin 1944Ville natale :&nbsp;Toronto (Ontario)Grade :&nbsp;Capitaine d&rsquo;aviationP\u00e9riode de service :&nbsp;de 1941 \u00e0 1944Num\u00e9ro matricule :&nbsp;J7594Force :&nbsp;Force a\u00e9rienneUnit\u00e9 :&nbsp;Aviation royale du CanadaDivision :&nbsp;162e&nbsp;Escadron de bombardement et de reconnaissanceD\u00e9coration :&nbsp;Croix de Victoria (\u00e0 titre posthume) Le Capitaine d&rsquo;aviation David Hornell avait un esprit d&rsquo;\u00e9quipe [&hellip;]<\/p>\n","protected":false},"author":1,"featured_media":0,"parent":0,"menu_order":0,"comment_status":"closed","ping_status":"closed","template":"","meta":{"_acf_changed":false,"footnotes":""},"class_list":["post-636","page","type-page","status-publish","hentry"],"acf":[],"yoast_head":"<!-- This site is optimized with the Yoast SEO plugin v27.3 - https:\/\/yoast.com\/product\/yoast-seo-wordpress\/ -->\n<title>David Hornell - Pour Bravoure - aviateurs canadiens et la Croix de Victoria<\/title>\n<meta name=\"robots\" content=\"index, follow, max-snippet:-1, max-image-preview:large, max-video-preview:-1\" \/>\n<link rel=\"canonical\" href=\"https:\/\/forvalour.ca\/fr\/hornell\/\" \/>\n<meta property=\"og:locale\" content=\"fr_FR\" \/>\n<meta property=\"og:type\" content=\"article\" \/>\n<meta property=\"og:title\" content=\"David Hornell - Pour Bravoure - aviateurs canadiens et la Croix de Victoria\" \/>\n<meta property=\"og:description\" content=\"Nom :&nbsp;David Ernest HornellDate de naissance :&nbsp;26 janvier 1910, \u00e0 Mimico (Ontario)D\u00e9c\u00e8s :&nbsp;24 juin 1944Ville natale :&nbsp;Toronto (Ontario)Grade :&nbsp;Capitaine d&rsquo;aviationP\u00e9riode de service :&nbsp;de 1941 \u00e0 1944Num\u00e9ro matricule :&nbsp;J7594Force :&nbsp;Force a\u00e9rienneUnit\u00e9 :&nbsp;Aviation royale du CanadaDivision :&nbsp;162e&nbsp;Escadron de bombardement et de reconnaissanceD\u00e9coration :&nbsp;Croix de Victoria (\u00e0 titre posthume) Le Capitaine d&rsquo;aviation David Hornell avait un esprit d&rsquo;\u00e9quipe [&hellip;]\" \/>\n<meta property=\"og:url\" content=\"https:\/\/forvalour.ca\/fr\/hornell\/\" \/>\n<meta property=\"og:site_name\" content=\"Pour Bravoure - aviateurs canadiens et la Croix de Victoria\" \/>\n<meta property=\"article:modified_time\" content=\"2021-10-01T15:32:10+00:00\" \/>\n<meta name=\"twitter:card\" content=\"summary_large_image\" \/>\n<meta name=\"twitter:label1\" content=\"Dur\u00e9e de lecture estim\u00e9e\" \/>\n\t<meta name=\"twitter:data1\" content=\"1 minute\" \/>\n<script type=\"application\/ld+json\" class=\"yoast-schema-graph\">{\"@context\":\"https:\\\/\\\/schema.org\",\"@graph\":[{\"@type\":\"WebPage\",\"@id\":\"https:\\\/\\\/forvalour.ca\\\/fr\\\/hornell\\\/\",\"url\":\"https:\\\/\\\/forvalour.ca\\\/fr\\\/hornell\\\/\",\"name\":\"David Hornell - Pour Bravoure - aviateurs canadiens et la Croix de Victoria\",\"isPartOf\":{\"@id\":\"https:\\\/\\\/forvalour.ca\\\/fr\\\/#website\"},\"datePublished\":\"2021-09-15T21:37:37+00:00\",\"dateModified\":\"2021-10-01T15:32:10+00:00\",\"breadcrumb\":{\"@id\":\"https:\\\/\\\/forvalour.ca\\\/fr\\\/hornell\\\/#breadcrumb\"},\"inLanguage\":\"fr-FR\",\"potentialAction\":[{\"@type\":\"ReadAction\",\"target\":[\"https:\\\/\\\/forvalour.ca\\\/fr\\\/hornell\\\/\"]}]},{\"@type\":\"BreadcrumbList\",\"@id\":\"https:\\\/\\\/forvalour.ca\\\/fr\\\/hornell\\\/#breadcrumb\",\"itemListElement\":[{\"@type\":\"ListItem\",\"position\":1,\"name\":\"Home\",\"item\":\"https:\\\/\\\/forvalour.ca\\\/fr\\\/\"},{\"@type\":\"ListItem\",\"position\":2,\"name\":\"David Hornell\"}]},{\"@type\":\"WebSite\",\"@id\":\"https:\\\/\\\/forvalour.ca\\\/fr\\\/#website\",\"url\":\"https:\\\/\\\/forvalour.ca\\\/fr\\\/\",\"name\":\"For Valour\",\"description\":\"Canadian Airmen and the Victoria Cross\",\"publisher\":{\"@id\":\"https:\\\/\\\/forvalour.ca\\\/fr\\\/#organization\"},\"potentialAction\":[{\"@type\":\"SearchAction\",\"target\":{\"@type\":\"EntryPoint\",\"urlTemplate\":\"https:\\\/\\\/forvalour.ca\\\/fr\\\/?s={search_term_string}\"},\"query-input\":{\"@type\":\"PropertyValueSpecification\",\"valueRequired\":true,\"valueName\":\"search_term_string\"}}],\"inLanguage\":\"fr-FR\"},{\"@type\":\"Organization\",\"@id\":\"https:\\\/\\\/forvalour.ca\\\/fr\\\/#organization\",\"name\":\"For Valour\",\"url\":\"https:\\\/\\\/forvalour.ca\\\/fr\\\/\",\"logo\":{\"@type\":\"ImageObject\",\"inLanguage\":\"fr-FR\",\"@id\":\"https:\\\/\\\/forvalour.ca\\\/fr\\\/#\\\/schema\\\/logo\\\/image\\\/\",\"url\":\"https:\\\/\\\/forvalour.ca\\\/wp-content\\\/uploads\\\/2021\\\/09\\\/cropped-for-valour-medal-new.png\",\"contentUrl\":\"https:\\\/\\\/forvalour.ca\\\/wp-content\\\/uploads\\\/2021\\\/09\\\/cropped-for-valour-medal-new.png\",\"width\":512,\"height\":512,\"caption\":\"For Valour\"},\"image\":{\"@id\":\"https:\\\/\\\/forvalour.ca\\\/fr\\\/#\\\/schema\\\/logo\\\/image\\\/\"},\"sameAs\":[\"https:\\\/\\\/www.youtube.com\\\/channel\\\/UCRYVbXOUahuy0lj2UCo1Cag\"]}]}<\/script>\n<!-- \/ Yoast SEO plugin. -->","yoast_head_json":{"title":"David Hornell - Pour Bravoure - aviateurs canadiens et la Croix de Victoria","robots":{"index":"index","follow":"follow","max-snippet":"max-snippet:-1","max-image-preview":"max-image-preview:large","max-video-preview":"max-video-preview:-1"},"canonical":"https:\/\/forvalour.ca\/fr\/hornell\/","og_locale":"fr_FR","og_type":"article","og_title":"David Hornell - Pour Bravoure - aviateurs canadiens et la Croix de Victoria","og_description":"Nom :&nbsp;David Ernest HornellDate de naissance :&nbsp;26 janvier 1910, \u00e0 Mimico (Ontario)D\u00e9c\u00e8s :&nbsp;24 juin 1944Ville natale :&nbsp;Toronto (Ontario)Grade :&nbsp;Capitaine d&rsquo;aviationP\u00e9riode de service :&nbsp;de 1941 \u00e0 1944Num\u00e9ro matricule :&nbsp;J7594Force :&nbsp;Force a\u00e9rienneUnit\u00e9 :&nbsp;Aviation royale du CanadaDivision :&nbsp;162e&nbsp;Escadron de bombardement et de reconnaissanceD\u00e9coration :&nbsp;Croix de Victoria (\u00e0 titre posthume) Le Capitaine d&rsquo;aviation David Hornell avait un esprit d&rsquo;\u00e9quipe [&hellip;]","og_url":"https:\/\/forvalour.ca\/fr\/hornell\/","og_site_name":"Pour Bravoure - aviateurs canadiens et la Croix de Victoria","article_modified_time":"2021-10-01T15:32:10+00:00","twitter_card":"summary_large_image","twitter_misc":{"Dur\u00e9e de lecture estim\u00e9e":"1 minute"},"schema":{"@context":"https:\/\/schema.org","@graph":[{"@type":"WebPage","@id":"https:\/\/forvalour.ca\/fr\/hornell\/","url":"https:\/\/forvalour.ca\/fr\/hornell\/","name":"David Hornell - Pour Bravoure - aviateurs canadiens et la Croix de Victoria","isPartOf":{"@id":"https:\/\/forvalour.ca\/fr\/#website"},"datePublished":"2021-09-15T21:37:37+00:00","dateModified":"2021-10-01T15:32:10+00:00","breadcrumb":{"@id":"https:\/\/forvalour.ca\/fr\/hornell\/#breadcrumb"},"inLanguage":"fr-FR","potentialAction":[{"@type":"ReadAction","target":["https:\/\/forvalour.ca\/fr\/hornell\/"]}]},{"@type":"BreadcrumbList","@id":"https:\/\/forvalour.ca\/fr\/hornell\/#breadcrumb","itemListElement":[{"@type":"ListItem","position":1,"name":"Home","item":"https:\/\/forvalour.ca\/fr\/"},{"@type":"ListItem","position":2,"name":"David Hornell"}]},{"@type":"WebSite","@id":"https:\/\/forvalour.ca\/fr\/#website","url":"https:\/\/forvalour.ca\/fr\/","name":"For Valour","description":"Canadian Airmen and the Victoria Cross","publisher":{"@id":"https:\/\/forvalour.ca\/fr\/#organization"},"potentialAction":[{"@type":"SearchAction","target":{"@type":"EntryPoint","urlTemplate":"https:\/\/forvalour.ca\/fr\/?s={search_term_string}"},"query-input":{"@type":"PropertyValueSpecification","valueRequired":true,"valueName":"search_term_string"}}],"inLanguage":"fr-FR"},{"@type":"Organization","@id":"https:\/\/forvalour.ca\/fr\/#organization","name":"For Valour","url":"https:\/\/forvalour.ca\/fr\/","logo":{"@type":"ImageObject","inLanguage":"fr-FR","@id":"https:\/\/forvalour.ca\/fr\/#\/schema\/logo\/image\/","url":"https:\/\/forvalour.ca\/wp-content\/uploads\/2021\/09\/cropped-for-valour-medal-new.png","contentUrl":"https:\/\/forvalour.ca\/wp-content\/uploads\/2021\/09\/cropped-for-valour-medal-new.png","width":512,"height":512,"caption":"For Valour"},"image":{"@id":"https:\/\/forvalour.ca\/fr\/#\/schema\/logo\/image\/"},"sameAs":["https:\/\/www.youtube.com\/channel\/UCRYVbXOUahuy0lj2UCo1Cag"]}]}},"_links":{"self":[{"href":"https:\/\/forvalour.ca\/fr\/wp-json\/wp\/v2\/pages\/636","targetHints":{"allow":["GET"]}}],"collection":[{"href":"https:\/\/forvalour.ca\/fr\/wp-json\/wp\/v2\/pages"}],"about":[{"href":"https:\/\/forvalour.ca\/fr\/wp-json\/wp\/v2\/types\/page"}],"author":[{"embeddable":true,"href":"https:\/\/forvalour.ca\/fr\/wp-json\/wp\/v2\/users\/1"}],"replies":[{"embeddable":true,"href":"https:\/\/forvalour.ca\/fr\/wp-json\/wp\/v2\/comments?post=636"}],"version-history":[{"count":3,"href":"https:\/\/forvalour.ca\/fr\/wp-json\/wp\/v2\/pages\/636\/revisions"}],"predecessor-version":[{"id":2897,"href":"https:\/\/forvalour.ca\/fr\/wp-json\/wp\/v2\/pages\/636\/revisions\/2897"}],"wp:attachment":[{"href":"https:\/\/forvalour.ca\/fr\/wp-json\/wp\/v2\/media?parent=636"}],"curies":[{"name":"wp","href":"https:\/\/api.w.org\/{rel}","templated":true}]}}