{"id":642,"date":"2021-09-15T16:39:49","date_gmt":"2021-09-15T21:39:49","guid":{"rendered":"https:\/\/forvalour.ca\/?page_id=642"},"modified":"2021-09-15T16:39:49","modified_gmt":"2021-09-15T21:39:49","slug":"carriere-militaire","status":"publish","type":"page","link":"https:\/\/forvalour.ca\/fr\/hornell\/carriere-militaire\/","title":{"rendered":"Carri\u00e8re Militaire"},"content":{"rendered":"\n<p>En 1941, \u00e0 l&rsquo;\u00e2ge relativement avanc\u00e9 de 31 ans, David Hornell s&rsquo;enr\u00f4le dans l&rsquo;Aviation royale du Canada. Il obtient son brevet de pilote en juillet de cette ann\u00e9e-l\u00e0 et est affect\u00e9 au 120<sup>e<\/sup>&nbsp;Escadron, bas\u00e9 en Nouvelle-\u00c9cosse. Au cours des deux ann\u00e9es qui suivent, il effectue des patrouilles le long de la c\u00f4te Est de l&rsquo;Am\u00e9rique du Nord et il se tient aux aguets pour rep\u00e9rer les U-boot allemands qui, on le sait, s&rsquo;aventurent dans l&rsquo;Atlantique pour attaquer les convois se dirigeant vers l&rsquo;Europe.<\/p>\n\n\n\n<p>En septembre 1943, il est mut\u00e9 au 162<sup>e<\/sup>&nbsp;Escadron, qui est d\u00e9ploy\u00e9 \u00e0 Reykjavik, en Islande, la veille du Nouvel An 1943. De l\u00e0, David Hornell et son \u00e9quipage peuvent surveiller le passage entre l&rsquo;Am\u00e9rique du Nord et l&rsquo;Europe pour y rep\u00e9rer les navires ennemis. David Hornell commence son affectation \u00e0 titre de copilote, avant d&rsquo;\u00eatre promu pilote en mai 1944. \u00c0 peu pr\u00e8s \u00e0 ce moment l\u00e0, le 162<sup>e<\/sup>&nbsp;Escadron envoie trois avions Canso, dont celui de David Hornell, \u00e0 Wick, dans le nord de l&rsquo;\u00c9cosse, o\u00f9 ils se joignent \u00e0 tour de r\u00f4le \u00e0 des forces alli\u00e9es d\u00e9ploy\u00e9es qui surveillent la c\u00f4te europ\u00e9enne pour y d\u00e9celer l&rsquo;activit\u00e9 des sous-marins allemands.<\/p>\n","protected":false},"excerpt":{"rendered":"<p>En 1941, \u00e0 l&rsquo;\u00e2ge relativement avanc\u00e9 de 31 ans, David Hornell s&rsquo;enr\u00f4le dans l&rsquo;Aviation royale du Canada. Il obtient son brevet de pilote en juillet de cette ann\u00e9e-l\u00e0 et est affect\u00e9 au 120e&nbsp;Escadron, bas\u00e9 en Nouvelle-\u00c9cosse. Au cours des deux ann\u00e9es qui suivent, il effectue des patrouilles le long de la c\u00f4te Est de l&rsquo;Am\u00e9rique [&hellip;]<\/p>\n","protected":false},"author":1,"featured_media":0,"parent":636,"menu_order":2,"comment_status":"closed","ping_status":"closed","template":"","meta":{"_acf_changed":false,"footnotes":""},"class_list":["post-642","page","type-page","status-publish","hentry"],"acf":[],"yoast_head":"<!-- This site is optimized with the Yoast SEO plugin v27.3 - https:\/\/yoast.com\/product\/yoast-seo-wordpress\/ -->\n<title>Carri\u00e8re Militaire - Pour Bravoure - aviateurs canadiens et la Croix de Victoria<\/title>\n<meta name=\"robots\" content=\"index, follow, max-snippet:-1, max-image-preview:large, max-video-preview:-1\" \/>\n<link rel=\"canonical\" href=\"https:\/\/forvalour.ca\/fr\/hornell\/carriere-militaire\/\" \/>\n<meta property=\"og:locale\" content=\"fr_FR\" \/>\n<meta property=\"og:type\" content=\"article\" \/>\n<meta property=\"og:title\" content=\"Carri\u00e8re Militaire - Pour Bravoure - aviateurs canadiens et la Croix de Victoria\" \/>\n<meta property=\"og:description\" content=\"En 1941, \u00e0 l&rsquo;\u00e2ge relativement avanc\u00e9 de 31 ans, David Hornell s&rsquo;enr\u00f4le dans l&rsquo;Aviation royale du Canada. Il obtient son brevet de pilote en juillet de cette ann\u00e9e-l\u00e0 et est affect\u00e9 au 120e&nbsp;Escadron, bas\u00e9 en Nouvelle-\u00c9cosse. Au cours des deux ann\u00e9es qui suivent, il effectue des patrouilles le long de la c\u00f4te Est de l&rsquo;Am\u00e9rique [&hellip;]\" \/>\n<meta property=\"og:url\" content=\"https:\/\/forvalour.ca\/fr\/hornell\/carriere-militaire\/\" \/>\n<meta property=\"og:site_name\" content=\"Pour Bravoure - aviateurs canadiens et la Croix de Victoria\" \/>\n<meta name=\"twitter:card\" content=\"summary_large_image\" \/>\n<meta name=\"twitter:label1\" content=\"Dur\u00e9e de lecture estim\u00e9e\" \/>\n\t<meta name=\"twitter:data1\" content=\"1 minute\" \/>\n<script type=\"application\/ld+json\" class=\"yoast-schema-graph\">{\"@context\":\"https:\\\/\\\/schema.org\",\"@graph\":[{\"@type\":\"WebPage\",\"@id\":\"https:\\\/\\\/forvalour.ca\\\/fr\\\/hornell\\\/carriere-militaire\\\/\",\"url\":\"https:\\\/\\\/forvalour.ca\\\/fr\\\/hornell\\\/carriere-militaire\\\/\",\"name\":\"Carri\u00e8re Militaire - Pour Bravoure - aviateurs canadiens et la Croix de Victoria\",\"isPartOf\":{\"@id\":\"https:\\\/\\\/forvalour.ca\\\/fr\\\/#website\"},\"datePublished\":\"2021-09-15T21:39:49+00:00\",\"breadcrumb\":{\"@id\":\"https:\\\/\\\/forvalour.ca\\\/fr\\\/hornell\\\/carriere-militaire\\\/#breadcrumb\"},\"inLanguage\":\"fr-FR\",\"potentialAction\":[{\"@type\":\"ReadAction\",\"target\":[\"https:\\\/\\\/forvalour.ca\\\/fr\\\/hornell\\\/carriere-militaire\\\/\"]}]},{\"@type\":\"BreadcrumbList\",\"@id\":\"https:\\\/\\\/forvalour.ca\\\/fr\\\/hornell\\\/carriere-militaire\\\/#breadcrumb\",\"itemListElement\":[{\"@type\":\"ListItem\",\"position\":1,\"name\":\"Home\",\"item\":\"https:\\\/\\\/forvalour.ca\\\/fr\\\/\"},{\"@type\":\"ListItem\",\"position\":2,\"name\":\"David Hornell\",\"item\":\"https:\\\/\\\/forvalour.ca\\\/fr\\\/hornell\\\/\"},{\"@type\":\"ListItem\",\"position\":3,\"name\":\"Carri\u00e8re Militaire\"}]},{\"@type\":\"WebSite\",\"@id\":\"https:\\\/\\\/forvalour.ca\\\/fr\\\/#website\",\"url\":\"https:\\\/\\\/forvalour.ca\\\/fr\\\/\",\"name\":\"For Valour\",\"description\":\"Canadian Airmen and the Victoria Cross\",\"publisher\":{\"@id\":\"https:\\\/\\\/forvalour.ca\\\/fr\\\/#organization\"},\"potentialAction\":[{\"@type\":\"SearchAction\",\"target\":{\"@type\":\"EntryPoint\",\"urlTemplate\":\"https:\\\/\\\/forvalour.ca\\\/fr\\\/?s={search_term_string}\"},\"query-input\":{\"@type\":\"PropertyValueSpecification\",\"valueRequired\":true,\"valueName\":\"search_term_string\"}}],\"inLanguage\":\"fr-FR\"},{\"@type\":\"Organization\",\"@id\":\"https:\\\/\\\/forvalour.ca\\\/fr\\\/#organization\",\"name\":\"For Valour\",\"url\":\"https:\\\/\\\/forvalour.ca\\\/fr\\\/\",\"logo\":{\"@type\":\"ImageObject\",\"inLanguage\":\"fr-FR\",\"@id\":\"https:\\\/\\\/forvalour.ca\\\/fr\\\/#\\\/schema\\\/logo\\\/image\\\/\",\"url\":\"https:\\\/\\\/forvalour.ca\\\/wp-content\\\/uploads\\\/2021\\\/09\\\/cropped-for-valour-medal-new.png\",\"contentUrl\":\"https:\\\/\\\/forvalour.ca\\\/wp-content\\\/uploads\\\/2021\\\/09\\\/cropped-for-valour-medal-new.png\",\"width\":512,\"height\":512,\"caption\":\"For Valour\"},\"image\":{\"@id\":\"https:\\\/\\\/forvalour.ca\\\/fr\\\/#\\\/schema\\\/logo\\\/image\\\/\"},\"sameAs\":[\"https:\\\/\\\/www.youtube.com\\\/channel\\\/UCRYVbXOUahuy0lj2UCo1Cag\"]}]}<\/script>\n<!-- \/ Yoast SEO plugin. -->","yoast_head_json":{"title":"Carri\u00e8re Militaire - Pour Bravoure - aviateurs canadiens et la Croix de Victoria","robots":{"index":"index","follow":"follow","max-snippet":"max-snippet:-1","max-image-preview":"max-image-preview:large","max-video-preview":"max-video-preview:-1"},"canonical":"https:\/\/forvalour.ca\/fr\/hornell\/carriere-militaire\/","og_locale":"fr_FR","og_type":"article","og_title":"Carri\u00e8re Militaire - Pour Bravoure - aviateurs canadiens et la Croix de Victoria","og_description":"En 1941, \u00e0 l&rsquo;\u00e2ge relativement avanc\u00e9 de 31 ans, David Hornell s&rsquo;enr\u00f4le dans l&rsquo;Aviation royale du Canada. Il obtient son brevet de pilote en juillet de cette ann\u00e9e-l\u00e0 et est affect\u00e9 au 120e&nbsp;Escadron, bas\u00e9 en Nouvelle-\u00c9cosse. Au cours des deux ann\u00e9es qui suivent, il effectue des patrouilles le long de la c\u00f4te Est de l&rsquo;Am\u00e9rique [&hellip;]","og_url":"https:\/\/forvalour.ca\/fr\/hornell\/carriere-militaire\/","og_site_name":"Pour Bravoure - aviateurs canadiens et la Croix de Victoria","twitter_card":"summary_large_image","twitter_misc":{"Dur\u00e9e de lecture estim\u00e9e":"1 minute"},"schema":{"@context":"https:\/\/schema.org","@graph":[{"@type":"WebPage","@id":"https:\/\/forvalour.ca\/fr\/hornell\/carriere-militaire\/","url":"https:\/\/forvalour.ca\/fr\/hornell\/carriere-militaire\/","name":"Carri\u00e8re Militaire - Pour Bravoure - aviateurs canadiens et la Croix de Victoria","isPartOf":{"@id":"https:\/\/forvalour.ca\/fr\/#website"},"datePublished":"2021-09-15T21:39:49+00:00","breadcrumb":{"@id":"https:\/\/forvalour.ca\/fr\/hornell\/carriere-militaire\/#breadcrumb"},"inLanguage":"fr-FR","potentialAction":[{"@type":"ReadAction","target":["https:\/\/forvalour.ca\/fr\/hornell\/carriere-militaire\/"]}]},{"@type":"BreadcrumbList","@id":"https:\/\/forvalour.ca\/fr\/hornell\/carriere-militaire\/#breadcrumb","itemListElement":[{"@type":"ListItem","position":1,"name":"Home","item":"https:\/\/forvalour.ca\/fr\/"},{"@type":"ListItem","position":2,"name":"David Hornell","item":"https:\/\/forvalour.ca\/fr\/hornell\/"},{"@type":"ListItem","position":3,"name":"Carri\u00e8re Militaire"}]},{"@type":"WebSite","@id":"https:\/\/forvalour.ca\/fr\/#website","url":"https:\/\/forvalour.ca\/fr\/","name":"For Valour","description":"Canadian Airmen and the Victoria Cross","publisher":{"@id":"https:\/\/forvalour.ca\/fr\/#organization"},"potentialAction":[{"@type":"SearchAction","target":{"@type":"EntryPoint","urlTemplate":"https:\/\/forvalour.ca\/fr\/?s={search_term_string}"},"query-input":{"@type":"PropertyValueSpecification","valueRequired":true,"valueName":"search_term_string"}}],"inLanguage":"fr-FR"},{"@type":"Organization","@id":"https:\/\/forvalour.ca\/fr\/#organization","name":"For Valour","url":"https:\/\/forvalour.ca\/fr\/","logo":{"@type":"ImageObject","inLanguage":"fr-FR","@id":"https:\/\/forvalour.ca\/fr\/#\/schema\/logo\/image\/","url":"https:\/\/forvalour.ca\/wp-content\/uploads\/2021\/09\/cropped-for-valour-medal-new.png","contentUrl":"https:\/\/forvalour.ca\/wp-content\/uploads\/2021\/09\/cropped-for-valour-medal-new.png","width":512,"height":512,"caption":"For Valour"},"image":{"@id":"https:\/\/forvalour.ca\/fr\/#\/schema\/logo\/image\/"},"sameAs":["https:\/\/www.youtube.com\/channel\/UCRYVbXOUahuy0lj2UCo1Cag"]}]}},"_links":{"self":[{"href":"https:\/\/forvalour.ca\/fr\/wp-json\/wp\/v2\/pages\/642","targetHints":{"allow":["GET"]}}],"collection":[{"href":"https:\/\/forvalour.ca\/fr\/wp-json\/wp\/v2\/pages"}],"about":[{"href":"https:\/\/forvalour.ca\/fr\/wp-json\/wp\/v2\/types\/page"}],"author":[{"embeddable":true,"href":"https:\/\/forvalour.ca\/fr\/wp-json\/wp\/v2\/users\/1"}],"replies":[{"embeddable":true,"href":"https:\/\/forvalour.ca\/fr\/wp-json\/wp\/v2\/comments?post=642"}],"version-history":[{"count":2,"href":"https:\/\/forvalour.ca\/fr\/wp-json\/wp\/v2\/pages\/642\/revisions"}],"predecessor-version":[{"id":644,"href":"https:\/\/forvalour.ca\/fr\/wp-json\/wp\/v2\/pages\/642\/revisions\/644"}],"up":[{"embeddable":true,"href":"https:\/\/forvalour.ca\/fr\/wp-json\/wp\/v2\/pages\/636"}],"wp:attachment":[{"href":"https:\/\/forvalour.ca\/fr\/wp-json\/wp\/v2\/media?parent=642"}],"curies":[{"name":"wp","href":"https:\/\/api.w.org\/{rel}","templated":true}]}}