{"id":654,"date":"2021-09-15T17:01:31","date_gmt":"2021-09-15T22:01:31","guid":{"rendered":"https:\/\/forvalour.ca\/?page_id=654"},"modified":"2021-10-01T10:24:09","modified_gmt":"2021-10-01T15:24:09","slug":"bazalgette","status":"publish","type":"page","link":"https:\/\/forvalour.ca\/fr\/bazalgette\/","title":{"rendered":"Ian Bazalgette"},"content":{"rendered":"\n<p>Nom :&nbsp;Ian Willoughby \u00ab Baz \u00bb Bazalgette<br>Date de naissance :&nbsp;19 octobre 1918<br>D\u00e9c\u00e8s :&nbsp;4 ao\u00fbt 1944<br>Ville natale :&nbsp;Calgary (Alberta)<br>Grade :&nbsp;Commandant d&rsquo;aviation<br>P\u00e9riode de service :&nbsp;de 1940 \u00e0 1944<br>Num\u00e9ro matricule :&nbsp;11813<br>Force :&nbsp;Royal Air Force Volunteer Reserve&nbsp;(r\u00e9serve volontaire de la RAF)<br>Unit\u00e9 :&nbsp;635<sup>e<\/sup>&nbsp;Escadron<br>Division :&nbsp;8<sup>e<\/sup>&nbsp;(force d&rsquo;\u00e9claireurs)<br>D\u00e9corations :&nbsp;Croix de Victoria (\u00e0 titre posthume), Croix du service distingu\u00e9 dans l&rsquo;Aviation (DFC)<\/p>\n\n\n\n<p>Le Commandant d&rsquo;aviation Ian Bazalgette, seul r\u00e9cipiendaire albertain de la Croix de Victoria pendant la Seconde Guerre mondiale, \u00e9tait un pilote remarquable qui a ex\u00e9cut\u00e9 des dizaines de missions dans des contextes fort vari\u00e9s. \u00ab Baz \u00bb \u00e9tait un soldat courageux, tr\u00e8s appr\u00e9ci\u00e9 et respect\u00e9 qui a vite gravi les \u00e9chelons pour devenir commandant d&rsquo;aviation. Le 4 ao\u00fbt 1944, il est rest\u00e9 \u00e0 bord de son bombardier Lancaster tr\u00e8s endommag\u00e9, apr\u00e8s avoir accompli avec succ\u00e8s une mission de marquage d&rsquo;objectifs. Il a r\u00e9ussi \u00e0 poser l&rsquo;avion en flammes dans un champ, mais l&rsquo;appareil a ensuite explos\u00e9.<\/p>\n","protected":false},"excerpt":{"rendered":"<p>Nom :&nbsp;Ian Willoughby \u00ab Baz \u00bb BazalgetteDate de naissance :&nbsp;19 octobre 1918D\u00e9c\u00e8s :&nbsp;4 ao\u00fbt 1944Ville natale :&nbsp;Calgary (Alberta)Grade :&nbsp;Commandant d&rsquo;aviationP\u00e9riode de service :&nbsp;de 1940 \u00e0 1944Num\u00e9ro matricule :&nbsp;11813Force :&nbsp;Royal Air Force Volunteer Reserve&nbsp;(r\u00e9serve volontaire de la RAF)Unit\u00e9 :&nbsp;635e&nbsp;EscadronDivision :&nbsp;8e&nbsp;(force d&rsquo;\u00e9claireurs)D\u00e9corations :&nbsp;Croix de Victoria (\u00e0 titre posthume), Croix du service distingu\u00e9 dans l&rsquo;Aviation (DFC) Le Commandant [&hellip;]<\/p>\n","protected":false},"author":1,"featured_media":0,"parent":0,"menu_order":0,"comment_status":"closed","ping_status":"closed","template":"","meta":{"_acf_changed":false,"footnotes":""},"class_list":["post-654","page","type-page","status-publish","hentry"],"acf":[],"yoast_head":"<!-- This site is optimized with the Yoast SEO plugin v27.3 - https:\/\/yoast.com\/product\/yoast-seo-wordpress\/ -->\n<title>Ian Bazalgette - Pour Bravoure - aviateurs canadiens et la Croix de Victoria<\/title>\n<meta name=\"robots\" content=\"index, follow, max-snippet:-1, max-image-preview:large, max-video-preview:-1\" \/>\n<link rel=\"canonical\" href=\"https:\/\/forvalour.ca\/fr\/bazalgette\/\" \/>\n<meta property=\"og:locale\" content=\"fr_FR\" \/>\n<meta property=\"og:type\" content=\"article\" \/>\n<meta property=\"og:title\" content=\"Ian Bazalgette - Pour Bravoure - aviateurs canadiens et la Croix de Victoria\" \/>\n<meta property=\"og:description\" content=\"Nom :&nbsp;Ian Willoughby \u00ab Baz \u00bb BazalgetteDate de naissance :&nbsp;19 octobre 1918D\u00e9c\u00e8s :&nbsp;4 ao\u00fbt 1944Ville natale :&nbsp;Calgary (Alberta)Grade :&nbsp;Commandant d&rsquo;aviationP\u00e9riode de service :&nbsp;de 1940 \u00e0 1944Num\u00e9ro matricule :&nbsp;11813Force :&nbsp;Royal Air Force Volunteer Reserve&nbsp;(r\u00e9serve volontaire de la RAF)Unit\u00e9 :&nbsp;635e&nbsp;EscadronDivision :&nbsp;8e&nbsp;(force d&rsquo;\u00e9claireurs)D\u00e9corations :&nbsp;Croix de Victoria (\u00e0 titre posthume), Croix du service distingu\u00e9 dans l&rsquo;Aviation (DFC) Le Commandant [&hellip;]\" \/>\n<meta property=\"og:url\" content=\"https:\/\/forvalour.ca\/fr\/bazalgette\/\" \/>\n<meta property=\"og:site_name\" content=\"Pour Bravoure - aviateurs canadiens et la Croix de Victoria\" \/>\n<meta property=\"article:modified_time\" content=\"2021-10-01T15:24:09+00:00\" \/>\n<meta name=\"twitter:card\" content=\"summary_large_image\" \/>\n<meta name=\"twitter:label1\" content=\"Dur\u00e9e de lecture estim\u00e9e\" \/>\n\t<meta name=\"twitter:data1\" content=\"1 minute\" \/>\n<script type=\"application\/ld+json\" class=\"yoast-schema-graph\">{\"@context\":\"https:\\\/\\\/schema.org\",\"@graph\":[{\"@type\":\"WebPage\",\"@id\":\"https:\\\/\\\/forvalour.ca\\\/fr\\\/bazalgette\\\/\",\"url\":\"https:\\\/\\\/forvalour.ca\\\/fr\\\/bazalgette\\\/\",\"name\":\"Ian Bazalgette - Pour Bravoure - aviateurs canadiens et la Croix de Victoria\",\"isPartOf\":{\"@id\":\"https:\\\/\\\/forvalour.ca\\\/fr\\\/#website\"},\"datePublished\":\"2021-09-15T22:01:31+00:00\",\"dateModified\":\"2021-10-01T15:24:09+00:00\",\"breadcrumb\":{\"@id\":\"https:\\\/\\\/forvalour.ca\\\/fr\\\/bazalgette\\\/#breadcrumb\"},\"inLanguage\":\"fr-FR\",\"potentialAction\":[{\"@type\":\"ReadAction\",\"target\":[\"https:\\\/\\\/forvalour.ca\\\/fr\\\/bazalgette\\\/\"]}]},{\"@type\":\"BreadcrumbList\",\"@id\":\"https:\\\/\\\/forvalour.ca\\\/fr\\\/bazalgette\\\/#breadcrumb\",\"itemListElement\":[{\"@type\":\"ListItem\",\"position\":1,\"name\":\"Home\",\"item\":\"https:\\\/\\\/forvalour.ca\\\/fr\\\/\"},{\"@type\":\"ListItem\",\"position\":2,\"name\":\"Ian Bazalgette\"}]},{\"@type\":\"WebSite\",\"@id\":\"https:\\\/\\\/forvalour.ca\\\/fr\\\/#website\",\"url\":\"https:\\\/\\\/forvalour.ca\\\/fr\\\/\",\"name\":\"For Valour\",\"description\":\"Canadian Airmen and the Victoria Cross\",\"publisher\":{\"@id\":\"https:\\\/\\\/forvalour.ca\\\/fr\\\/#organization\"},\"potentialAction\":[{\"@type\":\"SearchAction\",\"target\":{\"@type\":\"EntryPoint\",\"urlTemplate\":\"https:\\\/\\\/forvalour.ca\\\/fr\\\/?s={search_term_string}\"},\"query-input\":{\"@type\":\"PropertyValueSpecification\",\"valueRequired\":true,\"valueName\":\"search_term_string\"}}],\"inLanguage\":\"fr-FR\"},{\"@type\":\"Organization\",\"@id\":\"https:\\\/\\\/forvalour.ca\\\/fr\\\/#organization\",\"name\":\"For Valour\",\"url\":\"https:\\\/\\\/forvalour.ca\\\/fr\\\/\",\"logo\":{\"@type\":\"ImageObject\",\"inLanguage\":\"fr-FR\",\"@id\":\"https:\\\/\\\/forvalour.ca\\\/fr\\\/#\\\/schema\\\/logo\\\/image\\\/\",\"url\":\"https:\\\/\\\/forvalour.ca\\\/wp-content\\\/uploads\\\/2021\\\/09\\\/cropped-for-valour-medal-new.png\",\"contentUrl\":\"https:\\\/\\\/forvalour.ca\\\/wp-content\\\/uploads\\\/2021\\\/09\\\/cropped-for-valour-medal-new.png\",\"width\":512,\"height\":512,\"caption\":\"For Valour\"},\"image\":{\"@id\":\"https:\\\/\\\/forvalour.ca\\\/fr\\\/#\\\/schema\\\/logo\\\/image\\\/\"},\"sameAs\":[\"https:\\\/\\\/www.youtube.com\\\/channel\\\/UCRYVbXOUahuy0lj2UCo1Cag\"]}]}<\/script>\n<!-- \/ Yoast SEO plugin. -->","yoast_head_json":{"title":"Ian Bazalgette - Pour Bravoure - aviateurs canadiens et la Croix de Victoria","robots":{"index":"index","follow":"follow","max-snippet":"max-snippet:-1","max-image-preview":"max-image-preview:large","max-video-preview":"max-video-preview:-1"},"canonical":"https:\/\/forvalour.ca\/fr\/bazalgette\/","og_locale":"fr_FR","og_type":"article","og_title":"Ian Bazalgette - Pour Bravoure - aviateurs canadiens et la Croix de Victoria","og_description":"Nom :&nbsp;Ian Willoughby \u00ab Baz \u00bb BazalgetteDate de naissance :&nbsp;19 octobre 1918D\u00e9c\u00e8s :&nbsp;4 ao\u00fbt 1944Ville natale :&nbsp;Calgary (Alberta)Grade :&nbsp;Commandant d&rsquo;aviationP\u00e9riode de service :&nbsp;de 1940 \u00e0 1944Num\u00e9ro matricule :&nbsp;11813Force :&nbsp;Royal Air Force Volunteer Reserve&nbsp;(r\u00e9serve volontaire de la RAF)Unit\u00e9 :&nbsp;635e&nbsp;EscadronDivision :&nbsp;8e&nbsp;(force d&rsquo;\u00e9claireurs)D\u00e9corations :&nbsp;Croix de Victoria (\u00e0 titre posthume), Croix du service distingu\u00e9 dans l&rsquo;Aviation (DFC) Le Commandant [&hellip;]","og_url":"https:\/\/forvalour.ca\/fr\/bazalgette\/","og_site_name":"Pour Bravoure - aviateurs canadiens et la Croix de Victoria","article_modified_time":"2021-10-01T15:24:09+00:00","twitter_card":"summary_large_image","twitter_misc":{"Dur\u00e9e de lecture estim\u00e9e":"1 minute"},"schema":{"@context":"https:\/\/schema.org","@graph":[{"@type":"WebPage","@id":"https:\/\/forvalour.ca\/fr\/bazalgette\/","url":"https:\/\/forvalour.ca\/fr\/bazalgette\/","name":"Ian Bazalgette - Pour Bravoure - aviateurs canadiens et la Croix de Victoria","isPartOf":{"@id":"https:\/\/forvalour.ca\/fr\/#website"},"datePublished":"2021-09-15T22:01:31+00:00","dateModified":"2021-10-01T15:24:09+00:00","breadcrumb":{"@id":"https:\/\/forvalour.ca\/fr\/bazalgette\/#breadcrumb"},"inLanguage":"fr-FR","potentialAction":[{"@type":"ReadAction","target":["https:\/\/forvalour.ca\/fr\/bazalgette\/"]}]},{"@type":"BreadcrumbList","@id":"https:\/\/forvalour.ca\/fr\/bazalgette\/#breadcrumb","itemListElement":[{"@type":"ListItem","position":1,"name":"Home","item":"https:\/\/forvalour.ca\/fr\/"},{"@type":"ListItem","position":2,"name":"Ian Bazalgette"}]},{"@type":"WebSite","@id":"https:\/\/forvalour.ca\/fr\/#website","url":"https:\/\/forvalour.ca\/fr\/","name":"For Valour","description":"Canadian Airmen and the Victoria Cross","publisher":{"@id":"https:\/\/forvalour.ca\/fr\/#organization"},"potentialAction":[{"@type":"SearchAction","target":{"@type":"EntryPoint","urlTemplate":"https:\/\/forvalour.ca\/fr\/?s={search_term_string}"},"query-input":{"@type":"PropertyValueSpecification","valueRequired":true,"valueName":"search_term_string"}}],"inLanguage":"fr-FR"},{"@type":"Organization","@id":"https:\/\/forvalour.ca\/fr\/#organization","name":"For Valour","url":"https:\/\/forvalour.ca\/fr\/","logo":{"@type":"ImageObject","inLanguage":"fr-FR","@id":"https:\/\/forvalour.ca\/fr\/#\/schema\/logo\/image\/","url":"https:\/\/forvalour.ca\/wp-content\/uploads\/2021\/09\/cropped-for-valour-medal-new.png","contentUrl":"https:\/\/forvalour.ca\/wp-content\/uploads\/2021\/09\/cropped-for-valour-medal-new.png","width":512,"height":512,"caption":"For Valour"},"image":{"@id":"https:\/\/forvalour.ca\/fr\/#\/schema\/logo\/image\/"},"sameAs":["https:\/\/www.youtube.com\/channel\/UCRYVbXOUahuy0lj2UCo1Cag"]}]}},"_links":{"self":[{"href":"https:\/\/forvalour.ca\/fr\/wp-json\/wp\/v2\/pages\/654","targetHints":{"allow":["GET"]}}],"collection":[{"href":"https:\/\/forvalour.ca\/fr\/wp-json\/wp\/v2\/pages"}],"about":[{"href":"https:\/\/forvalour.ca\/fr\/wp-json\/wp\/v2\/types\/page"}],"author":[{"embeddable":true,"href":"https:\/\/forvalour.ca\/fr\/wp-json\/wp\/v2\/users\/1"}],"replies":[{"embeddable":true,"href":"https:\/\/forvalour.ca\/fr\/wp-json\/wp\/v2\/comments?post=654"}],"version-history":[{"count":3,"href":"https:\/\/forvalour.ca\/fr\/wp-json\/wp\/v2\/pages\/654\/revisions"}],"predecessor-version":[{"id":2898,"href":"https:\/\/forvalour.ca\/fr\/wp-json\/wp\/v2\/pages\/654\/revisions\/2898"}],"wp:attachment":[{"href":"https:\/\/forvalour.ca\/fr\/wp-json\/wp\/v2\/media?parent=654"}],"curies":[{"name":"wp","href":"https:\/\/api.w.org\/{rel}","templated":true}]}}