{"id":657,"date":"2021-09-15T17:04:43","date_gmt":"2021-09-15T22:04:43","guid":{"rendered":"https:\/\/forvalour.ca\/?page_id=657"},"modified":"2021-10-01T10:29:22","modified_gmt":"2021-10-01T15:29:22","slug":"gray","status":"publish","type":"page","link":"https:\/\/forvalour.ca\/fr\/gray\/","title":{"rendered":"Robert Gray"},"content":{"rendered":"\n<p>Nom :&nbsp;Robert Hampton Gray<br>Date de naissance :&nbsp;2 novembre 1917, \u00e0 Trail (Colombie-Britannique)<br>D\u00e9c\u00e8s :&nbsp;9 ao\u00fbt 1945<br>Ville natale :&nbsp;Nelson (Colombie-Britannique)<br>Grade :&nbsp;Lieutenant de vaisseau<br>P\u00e9riode de service :&nbsp;de 1940 \u00e0 1945<br>Num\u00e9ro matricule :&nbsp;V13438<br>Force :&nbsp;R\u00e9serve de volontaires de la Marine royale du Canada<br>Unit\u00e9 :&nbsp;1841<sup>e<\/sup>&nbsp;Escadron<br>Division :&nbsp;HMS Formidable<br>D\u00e9corations :&nbsp;Croix de Victoria, Croix du service distingu\u00e9, citations \u00e0 l&rsquo;ordre du jour<\/p>\n\n\n\n<p>Robert Hampton Gray est n\u00e9 le 2 novembre 1917 \u00e0 Trail (Colombie-Britannique). Il grandit et fait ses \u00e9tudes \u00e0 Nelson (Colombie-Britannique). Il passe ensuite un an \u00e0 l&rsquo;Universit\u00e9 de l&rsquo;Alberta, \u00e0 Edmonton, puis deux ans \u00e0 l&rsquo;Universit\u00e9 de la Colombie-Britannique, \u00e0 Vancouver. En 1940, il fait partie de 75 candidats choisis pour occuper un poste d&rsquo;officier dans la Marine. Il est un des 13 officiers qui obtiennent un brevet de pilote dans l&rsquo;a\u00e9ronavale (Fleet Air Arm).<\/p>\n\n\n\n<p>En 1944, \u00e0 titre de lieutenant \u00e0 bord du&nbsp;HMS Formidable, il est cit\u00e9 \u00e0 l&rsquo;ordre du jour pour son travail admirable au cours de l&rsquo;attaque contre le cuirass\u00e9 allemand Tirpitz dans le fjord d&rsquo;Alta. En juillet 1945, il re\u00e7oit la Croix du service distingu\u00e9 pour sa contribution \u00e0 la destruction d&rsquo;un contre-torpilleur dans les environs de Tokyo, et il m\u00e9rite la Croix de Victoria \u00e0 titre posthume pour ses actions le 9 ao\u00fbt. Le lieu de s\u00e9pulture du Lieutenant Gray est inconnu, car ni lui ni son appareil n&rsquo;ont jamais \u00e9t\u00e9 retrouv\u00e9s, mais son nom est inscrit sur le Monument comm\u00e9moratif des marins, \u00e0 Halifax (Nouvelle-\u00c9cosse). Gray est le dernier Canadien \u00e0 avoir \u00e9t\u00e9 tu\u00e9 au combat au cours de la Seconde Guerre mondiale.<\/p>\n","protected":false},"excerpt":{"rendered":"<p>Nom :&nbsp;Robert Hampton GrayDate de naissance :&nbsp;2 novembre 1917, \u00e0 Trail (Colombie-Britannique)D\u00e9c\u00e8s :&nbsp;9 ao\u00fbt 1945Ville natale :&nbsp;Nelson (Colombie-Britannique)Grade :&nbsp;Lieutenant de vaisseauP\u00e9riode de service :&nbsp;de 1940 \u00e0 1945Num\u00e9ro matricule :&nbsp;V13438Force :&nbsp;R\u00e9serve de volontaires de la Marine royale du CanadaUnit\u00e9 :&nbsp;1841e&nbsp;EscadronDivision :&nbsp;HMS FormidableD\u00e9corations :&nbsp;Croix de Victoria, Croix du service distingu\u00e9, citations \u00e0 l&rsquo;ordre du jour Robert Hampton [&hellip;]<\/p>\n","protected":false},"author":1,"featured_media":0,"parent":0,"menu_order":0,"comment_status":"closed","ping_status":"closed","template":"","meta":{"_acf_changed":false,"footnotes":""},"class_list":["post-657","page","type-page","status-publish","hentry"],"acf":[],"yoast_head":"<!-- This site is optimized with the Yoast SEO plugin v27.3 - https:\/\/yoast.com\/product\/yoast-seo-wordpress\/ -->\n<title>Robert Gray - Pour Bravoure - aviateurs canadiens et la Croix de Victoria<\/title>\n<meta name=\"robots\" content=\"index, follow, max-snippet:-1, max-image-preview:large, max-video-preview:-1\" \/>\n<link rel=\"canonical\" href=\"https:\/\/forvalour.ca\/fr\/gray\/\" \/>\n<meta property=\"og:locale\" content=\"fr_FR\" \/>\n<meta property=\"og:type\" content=\"article\" \/>\n<meta property=\"og:title\" content=\"Robert Gray - Pour Bravoure - aviateurs canadiens et la Croix de Victoria\" \/>\n<meta property=\"og:description\" content=\"Nom :&nbsp;Robert Hampton GrayDate de naissance :&nbsp;2 novembre 1917, \u00e0 Trail (Colombie-Britannique)D\u00e9c\u00e8s :&nbsp;9 ao\u00fbt 1945Ville natale :&nbsp;Nelson (Colombie-Britannique)Grade :&nbsp;Lieutenant de vaisseauP\u00e9riode de service :&nbsp;de 1940 \u00e0 1945Num\u00e9ro matricule :&nbsp;V13438Force :&nbsp;R\u00e9serve de volontaires de la Marine royale du CanadaUnit\u00e9 :&nbsp;1841e&nbsp;EscadronDivision :&nbsp;HMS FormidableD\u00e9corations :&nbsp;Croix de Victoria, Croix du service distingu\u00e9, citations \u00e0 l&rsquo;ordre du jour Robert Hampton [&hellip;]\" \/>\n<meta property=\"og:url\" content=\"https:\/\/forvalour.ca\/fr\/gray\/\" \/>\n<meta property=\"og:site_name\" content=\"Pour Bravoure - aviateurs canadiens et la Croix de Victoria\" \/>\n<meta property=\"article:modified_time\" content=\"2021-10-01T15:29:22+00:00\" \/>\n<meta name=\"twitter:card\" content=\"summary_large_image\" \/>\n<meta name=\"twitter:label1\" content=\"Dur\u00e9e de lecture estim\u00e9e\" \/>\n\t<meta name=\"twitter:data1\" content=\"2 minutes\" \/>\n<script type=\"application\/ld+json\" class=\"yoast-schema-graph\">{\"@context\":\"https:\\\/\\\/schema.org\",\"@graph\":[{\"@type\":\"WebPage\",\"@id\":\"https:\\\/\\\/forvalour.ca\\\/fr\\\/gray\\\/\",\"url\":\"https:\\\/\\\/forvalour.ca\\\/fr\\\/gray\\\/\",\"name\":\"Robert Gray - Pour Bravoure - aviateurs canadiens et la Croix de Victoria\",\"isPartOf\":{\"@id\":\"https:\\\/\\\/forvalour.ca\\\/fr\\\/#website\"},\"datePublished\":\"2021-09-15T22:04:43+00:00\",\"dateModified\":\"2021-10-01T15:29:22+00:00\",\"breadcrumb\":{\"@id\":\"https:\\\/\\\/forvalour.ca\\\/fr\\\/gray\\\/#breadcrumb\"},\"inLanguage\":\"fr-FR\",\"potentialAction\":[{\"@type\":\"ReadAction\",\"target\":[\"https:\\\/\\\/forvalour.ca\\\/fr\\\/gray\\\/\"]}]},{\"@type\":\"BreadcrumbList\",\"@id\":\"https:\\\/\\\/forvalour.ca\\\/fr\\\/gray\\\/#breadcrumb\",\"itemListElement\":[{\"@type\":\"ListItem\",\"position\":1,\"name\":\"Home\",\"item\":\"https:\\\/\\\/forvalour.ca\\\/fr\\\/\"},{\"@type\":\"ListItem\",\"position\":2,\"name\":\"Robert Gray\"}]},{\"@type\":\"WebSite\",\"@id\":\"https:\\\/\\\/forvalour.ca\\\/fr\\\/#website\",\"url\":\"https:\\\/\\\/forvalour.ca\\\/fr\\\/\",\"name\":\"For Valour\",\"description\":\"Canadian Airmen and the Victoria Cross\",\"publisher\":{\"@id\":\"https:\\\/\\\/forvalour.ca\\\/fr\\\/#organization\"},\"potentialAction\":[{\"@type\":\"SearchAction\",\"target\":{\"@type\":\"EntryPoint\",\"urlTemplate\":\"https:\\\/\\\/forvalour.ca\\\/fr\\\/?s={search_term_string}\"},\"query-input\":{\"@type\":\"PropertyValueSpecification\",\"valueRequired\":true,\"valueName\":\"search_term_string\"}}],\"inLanguage\":\"fr-FR\"},{\"@type\":\"Organization\",\"@id\":\"https:\\\/\\\/forvalour.ca\\\/fr\\\/#organization\",\"name\":\"For Valour\",\"url\":\"https:\\\/\\\/forvalour.ca\\\/fr\\\/\",\"logo\":{\"@type\":\"ImageObject\",\"inLanguage\":\"fr-FR\",\"@id\":\"https:\\\/\\\/forvalour.ca\\\/fr\\\/#\\\/schema\\\/logo\\\/image\\\/\",\"url\":\"https:\\\/\\\/forvalour.ca\\\/wp-content\\\/uploads\\\/2021\\\/09\\\/cropped-for-valour-medal-new.png\",\"contentUrl\":\"https:\\\/\\\/forvalour.ca\\\/wp-content\\\/uploads\\\/2021\\\/09\\\/cropped-for-valour-medal-new.png\",\"width\":512,\"height\":512,\"caption\":\"For Valour\"},\"image\":{\"@id\":\"https:\\\/\\\/forvalour.ca\\\/fr\\\/#\\\/schema\\\/logo\\\/image\\\/\"},\"sameAs\":[\"https:\\\/\\\/www.youtube.com\\\/channel\\\/UCRYVbXOUahuy0lj2UCo1Cag\"]}]}<\/script>\n<!-- \/ Yoast SEO plugin. -->","yoast_head_json":{"title":"Robert Gray - Pour Bravoure - aviateurs canadiens et la Croix de Victoria","robots":{"index":"index","follow":"follow","max-snippet":"max-snippet:-1","max-image-preview":"max-image-preview:large","max-video-preview":"max-video-preview:-1"},"canonical":"https:\/\/forvalour.ca\/fr\/gray\/","og_locale":"fr_FR","og_type":"article","og_title":"Robert Gray - Pour Bravoure - aviateurs canadiens et la Croix de Victoria","og_description":"Nom :&nbsp;Robert Hampton GrayDate de naissance :&nbsp;2 novembre 1917, \u00e0 Trail (Colombie-Britannique)D\u00e9c\u00e8s :&nbsp;9 ao\u00fbt 1945Ville natale :&nbsp;Nelson (Colombie-Britannique)Grade :&nbsp;Lieutenant de vaisseauP\u00e9riode de service :&nbsp;de 1940 \u00e0 1945Num\u00e9ro matricule :&nbsp;V13438Force :&nbsp;R\u00e9serve de volontaires de la Marine royale du CanadaUnit\u00e9 :&nbsp;1841e&nbsp;EscadronDivision :&nbsp;HMS FormidableD\u00e9corations :&nbsp;Croix de Victoria, Croix du service distingu\u00e9, citations \u00e0 l&rsquo;ordre du jour Robert Hampton [&hellip;]","og_url":"https:\/\/forvalour.ca\/fr\/gray\/","og_site_name":"Pour Bravoure - aviateurs canadiens et la Croix de Victoria","article_modified_time":"2021-10-01T15:29:22+00:00","twitter_card":"summary_large_image","twitter_misc":{"Dur\u00e9e de lecture estim\u00e9e":"2 minutes"},"schema":{"@context":"https:\/\/schema.org","@graph":[{"@type":"WebPage","@id":"https:\/\/forvalour.ca\/fr\/gray\/","url":"https:\/\/forvalour.ca\/fr\/gray\/","name":"Robert Gray - Pour Bravoure - aviateurs canadiens et la Croix de Victoria","isPartOf":{"@id":"https:\/\/forvalour.ca\/fr\/#website"},"datePublished":"2021-09-15T22:04:43+00:00","dateModified":"2021-10-01T15:29:22+00:00","breadcrumb":{"@id":"https:\/\/forvalour.ca\/fr\/gray\/#breadcrumb"},"inLanguage":"fr-FR","potentialAction":[{"@type":"ReadAction","target":["https:\/\/forvalour.ca\/fr\/gray\/"]}]},{"@type":"BreadcrumbList","@id":"https:\/\/forvalour.ca\/fr\/gray\/#breadcrumb","itemListElement":[{"@type":"ListItem","position":1,"name":"Home","item":"https:\/\/forvalour.ca\/fr\/"},{"@type":"ListItem","position":2,"name":"Robert Gray"}]},{"@type":"WebSite","@id":"https:\/\/forvalour.ca\/fr\/#website","url":"https:\/\/forvalour.ca\/fr\/","name":"For Valour","description":"Canadian Airmen and the Victoria Cross","publisher":{"@id":"https:\/\/forvalour.ca\/fr\/#organization"},"potentialAction":[{"@type":"SearchAction","target":{"@type":"EntryPoint","urlTemplate":"https:\/\/forvalour.ca\/fr\/?s={search_term_string}"},"query-input":{"@type":"PropertyValueSpecification","valueRequired":true,"valueName":"search_term_string"}}],"inLanguage":"fr-FR"},{"@type":"Organization","@id":"https:\/\/forvalour.ca\/fr\/#organization","name":"For Valour","url":"https:\/\/forvalour.ca\/fr\/","logo":{"@type":"ImageObject","inLanguage":"fr-FR","@id":"https:\/\/forvalour.ca\/fr\/#\/schema\/logo\/image\/","url":"https:\/\/forvalour.ca\/wp-content\/uploads\/2021\/09\/cropped-for-valour-medal-new.png","contentUrl":"https:\/\/forvalour.ca\/wp-content\/uploads\/2021\/09\/cropped-for-valour-medal-new.png","width":512,"height":512,"caption":"For Valour"},"image":{"@id":"https:\/\/forvalour.ca\/fr\/#\/schema\/logo\/image\/"},"sameAs":["https:\/\/www.youtube.com\/channel\/UCRYVbXOUahuy0lj2UCo1Cag"]}]}},"_links":{"self":[{"href":"https:\/\/forvalour.ca\/fr\/wp-json\/wp\/v2\/pages\/657","targetHints":{"allow":["GET"]}}],"collection":[{"href":"https:\/\/forvalour.ca\/fr\/wp-json\/wp\/v2\/pages"}],"about":[{"href":"https:\/\/forvalour.ca\/fr\/wp-json\/wp\/v2\/types\/page"}],"author":[{"embeddable":true,"href":"https:\/\/forvalour.ca\/fr\/wp-json\/wp\/v2\/users\/1"}],"replies":[{"embeddable":true,"href":"https:\/\/forvalour.ca\/fr\/wp-json\/wp\/v2\/comments?post=657"}],"version-history":[{"count":4,"href":"https:\/\/forvalour.ca\/fr\/wp-json\/wp\/v2\/pages\/657\/revisions"}],"predecessor-version":[{"id":2900,"href":"https:\/\/forvalour.ca\/fr\/wp-json\/wp\/v2\/pages\/657\/revisions\/2900"}],"wp:attachment":[{"href":"https:\/\/forvalour.ca\/fr\/wp-json\/wp\/v2\/media?parent=657"}],"curies":[{"name":"wp","href":"https:\/\/api.w.org\/{rel}","templated":true}]}}