{"id":667,"date":"2021-09-16T10:16:39","date_gmt":"2021-09-16T15:16:39","guid":{"rendered":"https:\/\/forvalour.ca\/?page_id=667"},"modified":"2021-09-16T10:16:39","modified_gmt":"2021-09-16T15:16:39","slug":"carriere-militaire","status":"publish","type":"page","link":"https:\/\/forvalour.ca\/fr\/bazalgette\/carriere-militaire\/","title":{"rendered":"Carri\u00e8re Militaire"},"content":{"rendered":"\n<p>Ian Bazalgette s&rsquo;enr\u00f4le dans l&rsquo;Artillerie royale britannique le 16 juillet 1939 et est promu sous-lieutenant l&rsquo;ann\u00e9e suivante. Il est affect\u00e9 au 51st (Highland)&nbsp;Searchlight Regiment of Aberdonians, qui est bas\u00e9 au pavillon du l\u00e9gendaire terrain de golf de St. Andrews. Le Sous-lieutenant Bazalgette commande l&rsquo;unit\u00e9 de phares de recherche qui prot\u00e8ge la ville d&rsquo;\u00c9dimbourg.<\/p>\n\n\n\n<h4 class=\"wp-block-heading\">Cours de pilotage<\/h4>\n\n\n\n<p>En mars 1941, Ian Bazalgette se rend \u00e0 \u00c9dimbourg et r\u00e9ussit \u00e0 s&rsquo;enr\u00f4ler dans la&nbsp;Royal Air Force Volunteer Reserve&nbsp;(r\u00e9serve volontaire de la RAF). Quelques mois plus tard, il entre dans la RAF et est affect\u00e9 \u00e0 la 22<sup>e<\/sup>&nbsp;\u00c9cole \u00e9l\u00e9mentaire de pilotage, \u00e0 Cambridge. Apr\u00e8s un stage \u00e0 l&rsquo;\u00e9cole de formation au sol, il fait son premier vol le 24 juillet 1941 \u00e0 bord d&rsquo;un De Havilland Tiger Moth DH82. Dix jours plus tard, il effectue son premier vol solo. Il obtient son brevet de pilote de la RAF le 3 septembre et est envoy\u00e9 \u00e0 Cranwell pour apprendre \u00e0 piloter des appareils multimoteurs. Une fois cette instruction termin\u00e9e, le Sous-lieutenant d&rsquo;aviation Bazalgette r\u00e9cemment promu se joint \u00e0 la 25<sup>e<\/sup>&nbsp;Unit\u00e9 d&rsquo;entra\u00eenement op\u00e9rationnel, \u00e0 Finningley, o\u00f9 il entreprend son instruction de pilote de bombardier op\u00e9rationnel.<\/p>\n\n\n\n<p>\u00c0 compter du 18 septembre 1942, Ian Bazalgette ex\u00e9cute des missions au sein du commandement des forces de bombardement (Bomber Command) avec le 115<sup>e<\/sup>&nbsp;Escadron. Il effectue notamment des vols de \u00ab jardinage \u00bb, c&rsquo;est-\u00e0-dire qu&rsquo;il largue des mines anti-navires dans la mer du Nord \u00e0 partir d&rsquo;un bombardier Vickers Wellington. Baz, comme ses coll\u00e8gues aviateurs l&rsquo;appellent, m\u00e9rite la Croix du service distingu\u00e9 dans l&rsquo;Aviation (DFC) en mai 1943.<\/p>\n\n\n\n<h4 class=\"wp-block-heading\">Citation officielle accompagnant la DFC<\/h4>\n\n\n\n<p>Capitaine d&rsquo;aviation BAZALGETTE, Ian Willoughby (11831) &#8211; Croix du service distingu\u00e9 dans l&rsquo;Aviation, 115<sup>e<\/sup>&nbsp;Escadron. La d\u00e9coration est d\u00e9cern\u00e9e le 1<sup>er<\/sup>&nbsp;juillet 1943, d&rsquo;apr\u00e8s l&rsquo;\u00e9dition du 9 juillet 1943 de la&nbsp;London Gazette.<\/p>\n\n\n\n<p>Cet officier manifeste depuis les tout d\u00e9buts un enthousiasme sans pareil pour les vols op\u00e9rationnels. Il a particip\u00e9 \u00e0 de nombreuses missions et attaqu\u00e9 des objectifs fortement d\u00e9fendus tels que Duisbourg, Berlin, Essen et Turin. Sa bravoure et son d\u00e9vouement au devoir ont toujours \u00e9t\u00e9 exceptionnels, et ses \u00e9tats de service, notamment ses exploits de la fin de 1942, lui valent le respect de tous les membres de son escadron, lui qui a ex\u00e9cut\u00e9 de nombreuses missions et surv\u00e9cu \u00e0 un feu ennemi intense ainsi qu&rsquo;\u00e0 un atterrissage en catastrophe.<\/p>\n\n\n\n<h4 class=\"wp-block-heading\">Aux commandes d&rsquo;un Lancaster<\/h4>\n\n\n\n<p>Ian Bazalgette a pilot\u00e9 un bombardier&nbsp;Short Stirling&nbsp;pendant quelque temps \u00e0 la fin de 1942, mais il a d\u00fb attendre le d\u00e9but de 1943 pour commencer \u00e0 piloter r\u00e9guli\u00e8rement le l\u00e9gendaire bombardier Avro Lancaster. \u00c0 la mi-ao\u00fbt, apr\u00e8s avoir termin\u00e9 avec succ\u00e8s leur premi\u00e8re p\u00e9riode de service op\u00e9rationnel (une p\u00e9riode d&rsquo;affectation au commandement des forces de bombardement consistait en l&rsquo;ex\u00e9cution de 30 sorties op\u00e9rationnelles contre l&rsquo;ennemi; les membres d&rsquo;\u00e9quipage \u00e9taient souvent envoy\u00e9s ensuite dans des unit\u00e9s d&rsquo;instruction pour transmettre leur savoir aux nouveaux \u00e9quipages a\u00e9riens), Baz et les autres membres de son \u00e9quipage sont affect\u00e9s \u00e0 divers endroits. \u00c0 sa grande d\u00e9ception, Baz est envoy\u00e9 dans une unit\u00e9 d&rsquo;entra\u00eenement op\u00e9rationnel (UEO), \u00e0 la base de Lossiemouth de la RAF, en \u00c9cosse, \u00e0 titre de commandant d&rsquo;escadrille et d&rsquo;instructeur. Cependant, il ne restera pas l\u00e0 longtemps, car des officiers sup\u00e9rieurs, connaissant bien ses talents (en particulier, le Colonel d&rsquo;aviation Hamish Mahaddie \u00e0 qui Baz a \u00e9crit r\u00e9guli\u00e8rement pour lui demander son appui afin de retourner aux vols op\u00e9rationnels et \u00e0 la Force des \u00e9claireurs) aident \u00e0 le ramener au front.<\/p>\n\n\n\n<p>Le 27 avril 1944, Ian Bazalgette et son \u00e9quipage (Baz en a choisi les membres parmi les instructeurs sup\u00e9rieurs de la 20<sup>e<\/sup>&nbsp;Unit\u00e9 d&rsquo;entra\u00eenement op\u00e9rationnel) entreprennent leur cours de conversion pour \u00e9claireurs, \u00e0 la&nbsp;Station Warboys&nbsp;de la RAF. Apr\u00e8s l&rsquo;avoir termin\u00e9 avec succ\u00e8s, ils sont imm\u00e9diatement affect\u00e9s au 635<sup>e<\/sup>&nbsp;Escadron, en tant que membres du 8<sup>e<\/sup>&nbsp;Groupe de la Force d&rsquo;\u00e9claireurs de la RAF. La force rel\u00e8ve du commandement des forces de bombardement, qui a men\u00e9 une offensive \u00e0 la fois longue et difficile ayant dur\u00e9 plus de quatre ans et demi. Le Commandant d&rsquo;aviation Bazalgette et son \u00e9quipage se pr\u00e9sentent au 635<sup>e<\/sup>&nbsp;Escadron en mai et ex\u00e9cutent 25 missions entre leur arriv\u00e9e et le d\u00e9but d&rsquo;ao\u00fbt, y compris dans le cadre des op\u00e9rations du Jour J.<\/p>\n\n\n\n<h4 class=\"wp-block-heading\">La derni\u00e8re mission<\/h4>\n\n\n\n<p>Baz et son \u00e9quipage ne devaient pas participer au bombardement du 4 ao\u00fbt contre une rampe de lancement de fus\u00e9es V-1, \u00e0 Trossy Saint-Maximin, en France. Cependant, comme un autre pilote mettait du temps \u00e0 rentrer (\u00e0 cause de la brume), Baz et son \u00e9quipage ont \u00e9t\u00e9 d\u00e9sign\u00e9s pour participer \u00e0 la mission. Comme leur Lancaster habituel (le F2-M) \u00e9tait d\u00e9j\u00e0 au combat, on leur a pr\u00e9par\u00e9 l&rsquo;appareil ND-811, F2-T (\u00ab&nbsp;Tommy&nbsp;\u00bb). Le groupe de 10 Lancaster \u00e9claireurs devait marquer l&rsquo;objectif pour une vague plus consid\u00e9rable de Lancaster qui allait suivre plus tard.<\/p>\n\n\n\n<p>Le groupe a essuy\u00e9 un feu ennemi nourri, de sorte que le bombardier principal et le second ont rapidement \u00e9t\u00e9 mis hors de combat. Baz et son \u00e9quipage ont poursuivi la mission, et l&rsquo;aile droite de leur avion a \u00e9t\u00e9 touch\u00e9e par des obus qui en ont fait taire les deux moteurs; les r\u00e9servoirs \u00e9taient en feu, et l&rsquo;officier bombardier, le Capitaine d&rsquo;aviation Ivan Hibbert, a \u00e9t\u00e9 bless\u00e9. Baz ne pouvait plus utiliser que les deux moteurs de gauche, mais il est all\u00e9 de l&rsquo;avant et a r\u00e9ussi \u00e0 d\u00e9ployer ses marqueurs sur l&rsquo;objectif (il a d\u00fb le faire lui m\u00eame, car l&rsquo;officier bombardier \u00e9tait gravement bless\u00e9).<\/p>\n\n\n\n<p>Le Lancaster s&rsquo;est alors mis \u00e0 perdre de l&rsquo;altitude et a amorc\u00e9 une vrille, tandis que le carburant commen\u00e7ait \u00e0 remplir l&rsquo;arri\u00e8re de l&rsquo;avion. Baz tentait de diriger l&rsquo;avion vers un a\u00e9rodrome non loin de forces terrestres alli\u00e9es quand un des deux moteurs de gauche s&rsquo;est arr\u00eat\u00e9. Baz a alors donn\u00e9 l&rsquo;ordre aux membres d&rsquo;\u00e9quipage de sauter en parachute, mais il savait qu&rsquo;un de ses hommes \u00e9tait bless\u00e9 (il ignorait qu&rsquo;un autre s&rsquo;\u00e9tait \u00e9vanoui \u00e0 cause de la fum\u00e9e). Ian Bazalgette savait s\u00fbrement qu&rsquo;il avait tr\u00e8s peu de chances de r\u00e9ussir \u00e0 poser en catastrophe le Lancaster en flammes avec un seul moteur, sans subir de graves blessures ou sans que l&rsquo;avion explose.<\/p>\n\n\n\n<p>Pendant qu&rsquo;ils descendaient doucement au sol, les quatre membres d&rsquo;\u00e9quipage qui avaient saut\u00e9 en parachute ont vu le Commandant d&rsquo;aviation Ian Bazalgette lutter avec ardeur pour poser le Lancaster en flammes dans un champ voisin. Il a r\u00e9ussi \u00e0 le faire, mais l&rsquo;avion a heurt\u00e9 un foss\u00e9 et a explos\u00e9, tuant du coup le Commandant d&rsquo;aviation Ian Bazalgette et ses deux \u00e9quipiers bless\u00e9s.<\/p>\n","protected":false},"excerpt":{"rendered":"<p>Ian Bazalgette s&rsquo;enr\u00f4le dans l&rsquo;Artillerie royale britannique le 16 juillet 1939 et est promu sous-lieutenant l&rsquo;ann\u00e9e suivante. Il est affect\u00e9 au 51st (Highland)&nbsp;Searchlight Regiment of Aberdonians, qui est bas\u00e9 au pavillon du l\u00e9gendaire terrain de golf de St. Andrews. Le Sous-lieutenant Bazalgette commande l&rsquo;unit\u00e9 de phares de recherche qui prot\u00e8ge la ville d&rsquo;\u00c9dimbourg. Cours de [&hellip;]<\/p>\n","protected":false},"author":1,"featured_media":0,"parent":654,"menu_order":2,"comment_status":"closed","ping_status":"closed","template":"","meta":{"_acf_changed":false,"footnotes":""},"class_list":["post-667","page","type-page","status-publish","hentry"],"acf":[],"yoast_head":"<!-- This site is optimized with the Yoast SEO plugin v27.3 - https:\/\/yoast.com\/product\/yoast-seo-wordpress\/ -->\n<title>Carri\u00e8re Militaire - Pour Bravoure - aviateurs canadiens et la Croix de Victoria<\/title>\n<meta name=\"robots\" content=\"index, follow, max-snippet:-1, max-image-preview:large, max-video-preview:-1\" \/>\n<link rel=\"canonical\" href=\"https:\/\/forvalour.ca\/fr\/bazalgette\/carriere-militaire\/\" \/>\n<meta property=\"og:locale\" content=\"fr_FR\" \/>\n<meta property=\"og:type\" content=\"article\" \/>\n<meta property=\"og:title\" content=\"Carri\u00e8re Militaire - Pour Bravoure - aviateurs canadiens et la Croix de Victoria\" \/>\n<meta property=\"og:description\" content=\"Ian Bazalgette s&rsquo;enr\u00f4le dans l&rsquo;Artillerie royale britannique le 16 juillet 1939 et est promu sous-lieutenant l&rsquo;ann\u00e9e suivante. Il est affect\u00e9 au 51st (Highland)&nbsp;Searchlight Regiment of Aberdonians, qui est bas\u00e9 au pavillon du l\u00e9gendaire terrain de golf de St. Andrews. Le Sous-lieutenant Bazalgette commande l&rsquo;unit\u00e9 de phares de recherche qui prot\u00e8ge la ville d&rsquo;\u00c9dimbourg. Cours de [&hellip;]\" \/>\n<meta property=\"og:url\" content=\"https:\/\/forvalour.ca\/fr\/bazalgette\/carriere-militaire\/\" \/>\n<meta property=\"og:site_name\" content=\"Pour Bravoure - aviateurs canadiens et la Croix de Victoria\" \/>\n<meta name=\"twitter:card\" content=\"summary_large_image\" \/>\n<meta name=\"twitter:label1\" content=\"Dur\u00e9e de lecture estim\u00e9e\" \/>\n\t<meta name=\"twitter:data1\" content=\"6 minutes\" \/>\n<script type=\"application\/ld+json\" class=\"yoast-schema-graph\">{\"@context\":\"https:\\\/\\\/schema.org\",\"@graph\":[{\"@type\":\"WebPage\",\"@id\":\"https:\\\/\\\/forvalour.ca\\\/fr\\\/bazalgette\\\/carriere-militaire\\\/\",\"url\":\"https:\\\/\\\/forvalour.ca\\\/fr\\\/bazalgette\\\/carriere-militaire\\\/\",\"name\":\"Carri\u00e8re Militaire - Pour Bravoure - aviateurs canadiens et la Croix de Victoria\",\"isPartOf\":{\"@id\":\"https:\\\/\\\/forvalour.ca\\\/fr\\\/#website\"},\"datePublished\":\"2021-09-16T15:16:39+00:00\",\"breadcrumb\":{\"@id\":\"https:\\\/\\\/forvalour.ca\\\/fr\\\/bazalgette\\\/carriere-militaire\\\/#breadcrumb\"},\"inLanguage\":\"fr-FR\",\"potentialAction\":[{\"@type\":\"ReadAction\",\"target\":[\"https:\\\/\\\/forvalour.ca\\\/fr\\\/bazalgette\\\/carriere-militaire\\\/\"]}]},{\"@type\":\"BreadcrumbList\",\"@id\":\"https:\\\/\\\/forvalour.ca\\\/fr\\\/bazalgette\\\/carriere-militaire\\\/#breadcrumb\",\"itemListElement\":[{\"@type\":\"ListItem\",\"position\":1,\"name\":\"Home\",\"item\":\"https:\\\/\\\/forvalour.ca\\\/fr\\\/\"},{\"@type\":\"ListItem\",\"position\":2,\"name\":\"Ian Bazalgette\",\"item\":\"https:\\\/\\\/forvalour.ca\\\/fr\\\/bazalgette\\\/\"},{\"@type\":\"ListItem\",\"position\":3,\"name\":\"Carri\u00e8re Militaire\"}]},{\"@type\":\"WebSite\",\"@id\":\"https:\\\/\\\/forvalour.ca\\\/fr\\\/#website\",\"url\":\"https:\\\/\\\/forvalour.ca\\\/fr\\\/\",\"name\":\"For Valour\",\"description\":\"Canadian Airmen and the Victoria Cross\",\"publisher\":{\"@id\":\"https:\\\/\\\/forvalour.ca\\\/fr\\\/#organization\"},\"potentialAction\":[{\"@type\":\"SearchAction\",\"target\":{\"@type\":\"EntryPoint\",\"urlTemplate\":\"https:\\\/\\\/forvalour.ca\\\/fr\\\/?s={search_term_string}\"},\"query-input\":{\"@type\":\"PropertyValueSpecification\",\"valueRequired\":true,\"valueName\":\"search_term_string\"}}],\"inLanguage\":\"fr-FR\"},{\"@type\":\"Organization\",\"@id\":\"https:\\\/\\\/forvalour.ca\\\/fr\\\/#organization\",\"name\":\"For Valour\",\"url\":\"https:\\\/\\\/forvalour.ca\\\/fr\\\/\",\"logo\":{\"@type\":\"ImageObject\",\"inLanguage\":\"fr-FR\",\"@id\":\"https:\\\/\\\/forvalour.ca\\\/fr\\\/#\\\/schema\\\/logo\\\/image\\\/\",\"url\":\"https:\\\/\\\/forvalour.ca\\\/wp-content\\\/uploads\\\/2021\\\/09\\\/cropped-for-valour-medal-new.png\",\"contentUrl\":\"https:\\\/\\\/forvalour.ca\\\/wp-content\\\/uploads\\\/2021\\\/09\\\/cropped-for-valour-medal-new.png\",\"width\":512,\"height\":512,\"caption\":\"For Valour\"},\"image\":{\"@id\":\"https:\\\/\\\/forvalour.ca\\\/fr\\\/#\\\/schema\\\/logo\\\/image\\\/\"},\"sameAs\":[\"https:\\\/\\\/www.youtube.com\\\/channel\\\/UCRYVbXOUahuy0lj2UCo1Cag\"]}]}<\/script>\n<!-- \/ Yoast SEO plugin. -->","yoast_head_json":{"title":"Carri\u00e8re Militaire - Pour Bravoure - aviateurs canadiens et la Croix de Victoria","robots":{"index":"index","follow":"follow","max-snippet":"max-snippet:-1","max-image-preview":"max-image-preview:large","max-video-preview":"max-video-preview:-1"},"canonical":"https:\/\/forvalour.ca\/fr\/bazalgette\/carriere-militaire\/","og_locale":"fr_FR","og_type":"article","og_title":"Carri\u00e8re Militaire - Pour Bravoure - aviateurs canadiens et la Croix de Victoria","og_description":"Ian Bazalgette s&rsquo;enr\u00f4le dans l&rsquo;Artillerie royale britannique le 16 juillet 1939 et est promu sous-lieutenant l&rsquo;ann\u00e9e suivante. Il est affect\u00e9 au 51st (Highland)&nbsp;Searchlight Regiment of Aberdonians, qui est bas\u00e9 au pavillon du l\u00e9gendaire terrain de golf de St. Andrews. Le Sous-lieutenant Bazalgette commande l&rsquo;unit\u00e9 de phares de recherche qui prot\u00e8ge la ville d&rsquo;\u00c9dimbourg. Cours de [&hellip;]","og_url":"https:\/\/forvalour.ca\/fr\/bazalgette\/carriere-militaire\/","og_site_name":"Pour Bravoure - aviateurs canadiens et la Croix de Victoria","twitter_card":"summary_large_image","twitter_misc":{"Dur\u00e9e de lecture estim\u00e9e":"6 minutes"},"schema":{"@context":"https:\/\/schema.org","@graph":[{"@type":"WebPage","@id":"https:\/\/forvalour.ca\/fr\/bazalgette\/carriere-militaire\/","url":"https:\/\/forvalour.ca\/fr\/bazalgette\/carriere-militaire\/","name":"Carri\u00e8re Militaire - Pour Bravoure - aviateurs canadiens et la Croix de Victoria","isPartOf":{"@id":"https:\/\/forvalour.ca\/fr\/#website"},"datePublished":"2021-09-16T15:16:39+00:00","breadcrumb":{"@id":"https:\/\/forvalour.ca\/fr\/bazalgette\/carriere-militaire\/#breadcrumb"},"inLanguage":"fr-FR","potentialAction":[{"@type":"ReadAction","target":["https:\/\/forvalour.ca\/fr\/bazalgette\/carriere-militaire\/"]}]},{"@type":"BreadcrumbList","@id":"https:\/\/forvalour.ca\/fr\/bazalgette\/carriere-militaire\/#breadcrumb","itemListElement":[{"@type":"ListItem","position":1,"name":"Home","item":"https:\/\/forvalour.ca\/fr\/"},{"@type":"ListItem","position":2,"name":"Ian Bazalgette","item":"https:\/\/forvalour.ca\/fr\/bazalgette\/"},{"@type":"ListItem","position":3,"name":"Carri\u00e8re Militaire"}]},{"@type":"WebSite","@id":"https:\/\/forvalour.ca\/fr\/#website","url":"https:\/\/forvalour.ca\/fr\/","name":"For Valour","description":"Canadian Airmen and the Victoria Cross","publisher":{"@id":"https:\/\/forvalour.ca\/fr\/#organization"},"potentialAction":[{"@type":"SearchAction","target":{"@type":"EntryPoint","urlTemplate":"https:\/\/forvalour.ca\/fr\/?s={search_term_string}"},"query-input":{"@type":"PropertyValueSpecification","valueRequired":true,"valueName":"search_term_string"}}],"inLanguage":"fr-FR"},{"@type":"Organization","@id":"https:\/\/forvalour.ca\/fr\/#organization","name":"For Valour","url":"https:\/\/forvalour.ca\/fr\/","logo":{"@type":"ImageObject","inLanguage":"fr-FR","@id":"https:\/\/forvalour.ca\/fr\/#\/schema\/logo\/image\/","url":"https:\/\/forvalour.ca\/wp-content\/uploads\/2021\/09\/cropped-for-valour-medal-new.png","contentUrl":"https:\/\/forvalour.ca\/wp-content\/uploads\/2021\/09\/cropped-for-valour-medal-new.png","width":512,"height":512,"caption":"For Valour"},"image":{"@id":"https:\/\/forvalour.ca\/fr\/#\/schema\/logo\/image\/"},"sameAs":["https:\/\/www.youtube.com\/channel\/UCRYVbXOUahuy0lj2UCo1Cag"]}]}},"_links":{"self":[{"href":"https:\/\/forvalour.ca\/fr\/wp-json\/wp\/v2\/pages\/667","targetHints":{"allow":["GET"]}}],"collection":[{"href":"https:\/\/forvalour.ca\/fr\/wp-json\/wp\/v2\/pages"}],"about":[{"href":"https:\/\/forvalour.ca\/fr\/wp-json\/wp\/v2\/types\/page"}],"author":[{"embeddable":true,"href":"https:\/\/forvalour.ca\/fr\/wp-json\/wp\/v2\/users\/1"}],"replies":[{"embeddable":true,"href":"https:\/\/forvalour.ca\/fr\/wp-json\/wp\/v2\/comments?post=667"}],"version-history":[{"count":2,"href":"https:\/\/forvalour.ca\/fr\/wp-json\/wp\/v2\/pages\/667\/revisions"}],"predecessor-version":[{"id":669,"href":"https:\/\/forvalour.ca\/fr\/wp-json\/wp\/v2\/pages\/667\/revisions\/669"}],"up":[{"embeddable":true,"href":"https:\/\/forvalour.ca\/fr\/wp-json\/wp\/v2\/pages\/654"}],"wp:attachment":[{"href":"https:\/\/forvalour.ca\/fr\/wp-json\/wp\/v2\/media?parent=667"}],"curies":[{"name":"wp","href":"https:\/\/api.w.org\/{rel}","templated":true}]}}