{"id":670,"date":"2021-09-16T10:18:25","date_gmt":"2021-09-16T15:18:25","guid":{"rendered":"https:\/\/forvalour.ca\/?page_id=670"},"modified":"2021-09-16T10:18:25","modified_gmt":"2021-09-16T15:18:25","slug":"outils-de-guerre","status":"publish","type":"page","link":"https:\/\/forvalour.ca\/fr\/bazalgette\/outils-de-guerre\/","title":{"rendered":"Outils de Guerre"},"content":{"rendered":"\n<h4 class=\"wp-block-heading\">Le bombardier Vickers Wellington<\/h4>\n\n\n\n<p>Ces bombardiers bimoteurs britanniques comptaient parmi les plus robustes de la Seconde Guerre mondiale. Leur fuselage en treillis de structure g\u00e9od\u00e9sique (une structure en alliage d&rsquo;aluminium semblable \u00e0 une toile d&rsquo;araign\u00e9e) pouvait subir de lourds dommages sans que l&rsquo;avion soit d\u00e9truit. Le Wellington \u00e9tait plus l\u00e9ger que d&rsquo;autres bombardiers de m\u00eame taille, ce qui lui permettait d&#8217;emporter une charge de bombes plus lourde et lui conf\u00e9rait un meilleur rayon d&rsquo;action. Cependant, il fallait plus de temps pour le construire que les avions plus classiques.<\/p>\n\n\n\n<p>Quand les bombardiers quadrimoteurs Avro Lancaster et d&rsquo;autres appareils semblables ont pris la rel\u00e8ve au front, on a continu\u00e9 d&#8217;employer le Wellington pour les missions de \u00ab\u00a0jardinage\u00a0\u00bb (largage de mines en territoire ennemi) et pour la lutte anti-sous-marine. Il \u00e9tait arm\u00e9 de six \u00e0 huit mitrailleuses Browning de 7,7 mm (0,303 pouce), soit deux dans le nez, deux dans la queue et deux dans la coque de l&rsquo;appareil. Le Wellington pouvait emporter 2 040 kilogrammes (4 500 livres) de bombes, soit \u00e0 peu pr\u00e8s quatre fois moins que le Lancaster.<\/p>\n\n\n\n<figure class=\"wp-block-image size-full\"><img loading=\"lazy\" decoding=\"async\" width=\"360\" height=\"259\" src=\"http:\/\/forvalour.ca\/wp-content\/uploads\/2021\/09\/lancaster-002.jpg\" alt=\"Le bombardier Avro Lancaster\" class=\"wp-image-317\" srcset=\"https:\/\/forvalour.ca\/wp-content\/uploads\/2021\/09\/lancaster-002.jpg 360w, https:\/\/forvalour.ca\/wp-content\/uploads\/2021\/09\/lancaster-002-300x216.jpg 300w\" sizes=\"auto, (max-width: 360px) 100vw, 360px\" \/><\/figure>\n\n\n\n<h4 class=\"wp-block-heading\">Le bombardier Avro Lancaster<\/h4>\n\n\n\n<p>Les bombardiers Avro Lancaster Mark X construits au Canada \u00e9taient de formidables appareils dont la taille et la conception se comparaient \u00e0 celles du Boeing B-24 Liberator. La force a\u00e9rienne des \u00c9tats Unis (USAF) misait beaucoup sur le Liberator, mais l&rsquo;Avro Lancaster a \u00e9t\u00e9 le principal bombardier lourd employ\u00e9 par la RAF et l&rsquo;ARC \u00e0 partir de 1942.<\/p>\n\n\n\n<p>Le Lancaster Mark X \u00e9tait m\u00fb par quatre moteurs Merlin 224 de Rolls Royce et il pouvait atteindre des vitesses sup\u00e9rieures \u00e0 400 kilom\u00e8tres \u00e0 l&rsquo;heure. Ce fut un des meilleurs bombardiers de nuit de la Seconde Guerre mondiale; on pouvait le charger de bombes de diverses puissances, y compris le&nbsp;Grand Slam&nbsp;de 9 980 kilogrammes (22 000 livres). Pour se d\u00e9fendre contre les avions ennemis, le Lancaster \u00e9tait muni de mitrailleuses Browning Mark II de 7,7 mm (0,303 pouce), install\u00e9es dans des tourelles avant, arri\u00e8re et dorsale.<\/p>\n\n\n\n<p>Pendant qu&rsquo;il faisait partie du 115<sup>e<\/sup>&nbsp;Escadron, Ian Bazalgette a pilot\u00e9 des bombardiers Lancaster Mark II. Cet appareil \u00e9tait m\u00fb par quatre moteurs en \u00e9toile Bristol-Hercules VI (en raison d&rsquo;une p\u00e9nurie de moteurs Merlin, les Forces alli\u00e9es ont d\u00fb recourir \u00e0 des moteurs Bristol-Hercules). Contrairement \u00e0 la plupart des Lancaster, le Mark II avait une tourelle ventrale : les mitrailleuses de mi-section \u00e9taient install\u00e9es dans le ventre de l&rsquo;avion plut\u00f4t que dans une tourelle dorsale. Seulement 300 appareils de ce mod\u00e8le ont \u00e9t\u00e9 construits.<\/p>\n","protected":false},"excerpt":{"rendered":"<p>Le bombardier Vickers Wellington Ces bombardiers bimoteurs britanniques comptaient parmi les plus robustes de la Seconde Guerre mondiale. Leur fuselage en treillis de structure g\u00e9od\u00e9sique (une structure en alliage d&rsquo;aluminium semblable \u00e0 une toile d&rsquo;araign\u00e9e) pouvait subir de lourds dommages sans que l&rsquo;avion soit d\u00e9truit. Le Wellington \u00e9tait plus l\u00e9ger que d&rsquo;autres bombardiers de m\u00eame [&hellip;]<\/p>\n","protected":false},"author":1,"featured_media":0,"parent":654,"menu_order":3,"comment_status":"closed","ping_status":"closed","template":"","meta":{"_acf_changed":false,"footnotes":""},"class_list":["post-670","page","type-page","status-publish","hentry"],"acf":[],"yoast_head":"<!-- This site is optimized with the Yoast SEO plugin v27.3 - https:\/\/yoast.com\/product\/yoast-seo-wordpress\/ -->\n<title>Outils de Guerre - Pour Bravoure - aviateurs canadiens et la Croix de Victoria<\/title>\n<meta name=\"robots\" content=\"index, follow, max-snippet:-1, max-image-preview:large, max-video-preview:-1\" \/>\n<link rel=\"canonical\" href=\"https:\/\/forvalour.ca\/fr\/bazalgette\/outils-de-guerre\/\" \/>\n<meta property=\"og:locale\" content=\"fr_FR\" \/>\n<meta property=\"og:type\" content=\"article\" \/>\n<meta property=\"og:title\" content=\"Outils de Guerre - Pour Bravoure - aviateurs canadiens et la Croix de Victoria\" \/>\n<meta property=\"og:description\" content=\"Le bombardier Vickers Wellington Ces bombardiers bimoteurs britanniques comptaient parmi les plus robustes de la Seconde Guerre mondiale. Leur fuselage en treillis de structure g\u00e9od\u00e9sique (une structure en alliage d&rsquo;aluminium semblable \u00e0 une toile d&rsquo;araign\u00e9e) pouvait subir de lourds dommages sans que l&rsquo;avion soit d\u00e9truit. Le Wellington \u00e9tait plus l\u00e9ger que d&rsquo;autres bombardiers de m\u00eame [&hellip;]\" \/>\n<meta property=\"og:url\" content=\"https:\/\/forvalour.ca\/fr\/bazalgette\/outils-de-guerre\/\" \/>\n<meta property=\"og:site_name\" content=\"Pour Bravoure - aviateurs canadiens et la Croix de Victoria\" \/>\n<meta property=\"og:image\" content=\"http:\/\/forvalour.ca\/wp-content\/uploads\/2021\/09\/lancaster-002.jpg\" \/>\n<meta name=\"twitter:card\" content=\"summary_large_image\" \/>\n<meta name=\"twitter:label1\" content=\"Dur\u00e9e de lecture estim\u00e9e\" \/>\n\t<meta name=\"twitter:data1\" content=\"2 minutes\" \/>\n<script type=\"application\/ld+json\" class=\"yoast-schema-graph\">{\"@context\":\"https:\\\/\\\/schema.org\",\"@graph\":[{\"@type\":\"WebPage\",\"@id\":\"https:\\\/\\\/forvalour.ca\\\/fr\\\/bazalgette\\\/outils-de-guerre\\\/\",\"url\":\"https:\\\/\\\/forvalour.ca\\\/fr\\\/bazalgette\\\/outils-de-guerre\\\/\",\"name\":\"Outils de Guerre - Pour Bravoure - aviateurs canadiens et la Croix de Victoria\",\"isPartOf\":{\"@id\":\"https:\\\/\\\/forvalour.ca\\\/fr\\\/#website\"},\"primaryImageOfPage\":{\"@id\":\"https:\\\/\\\/forvalour.ca\\\/fr\\\/bazalgette\\\/outils-de-guerre\\\/#primaryimage\"},\"image\":{\"@id\":\"https:\\\/\\\/forvalour.ca\\\/fr\\\/bazalgette\\\/outils-de-guerre\\\/#primaryimage\"},\"thumbnailUrl\":\"http:\\\/\\\/forvalour.ca\\\/wp-content\\\/uploads\\\/2021\\\/09\\\/lancaster-002.jpg\",\"datePublished\":\"2021-09-16T15:18:25+00:00\",\"breadcrumb\":{\"@id\":\"https:\\\/\\\/forvalour.ca\\\/fr\\\/bazalgette\\\/outils-de-guerre\\\/#breadcrumb\"},\"inLanguage\":\"fr-FR\",\"potentialAction\":[{\"@type\":\"ReadAction\",\"target\":[\"https:\\\/\\\/forvalour.ca\\\/fr\\\/bazalgette\\\/outils-de-guerre\\\/\"]}]},{\"@type\":\"ImageObject\",\"inLanguage\":\"fr-FR\",\"@id\":\"https:\\\/\\\/forvalour.ca\\\/fr\\\/bazalgette\\\/outils-de-guerre\\\/#primaryimage\",\"url\":\"http:\\\/\\\/forvalour.ca\\\/wp-content\\\/uploads\\\/2021\\\/09\\\/lancaster-002.jpg\",\"contentUrl\":\"http:\\\/\\\/forvalour.ca\\\/wp-content\\\/uploads\\\/2021\\\/09\\\/lancaster-002.jpg\"},{\"@type\":\"BreadcrumbList\",\"@id\":\"https:\\\/\\\/forvalour.ca\\\/fr\\\/bazalgette\\\/outils-de-guerre\\\/#breadcrumb\",\"itemListElement\":[{\"@type\":\"ListItem\",\"position\":1,\"name\":\"Home\",\"item\":\"https:\\\/\\\/forvalour.ca\\\/fr\\\/\"},{\"@type\":\"ListItem\",\"position\":2,\"name\":\"Ian Bazalgette\",\"item\":\"https:\\\/\\\/forvalour.ca\\\/fr\\\/bazalgette\\\/\"},{\"@type\":\"ListItem\",\"position\":3,\"name\":\"Outils de Guerre\"}]},{\"@type\":\"WebSite\",\"@id\":\"https:\\\/\\\/forvalour.ca\\\/fr\\\/#website\",\"url\":\"https:\\\/\\\/forvalour.ca\\\/fr\\\/\",\"name\":\"For Valour\",\"description\":\"Canadian Airmen and the Victoria Cross\",\"publisher\":{\"@id\":\"https:\\\/\\\/forvalour.ca\\\/fr\\\/#organization\"},\"potentialAction\":[{\"@type\":\"SearchAction\",\"target\":{\"@type\":\"EntryPoint\",\"urlTemplate\":\"https:\\\/\\\/forvalour.ca\\\/fr\\\/?s={search_term_string}\"},\"query-input\":{\"@type\":\"PropertyValueSpecification\",\"valueRequired\":true,\"valueName\":\"search_term_string\"}}],\"inLanguage\":\"fr-FR\"},{\"@type\":\"Organization\",\"@id\":\"https:\\\/\\\/forvalour.ca\\\/fr\\\/#organization\",\"name\":\"For Valour\",\"url\":\"https:\\\/\\\/forvalour.ca\\\/fr\\\/\",\"logo\":{\"@type\":\"ImageObject\",\"inLanguage\":\"fr-FR\",\"@id\":\"https:\\\/\\\/forvalour.ca\\\/fr\\\/#\\\/schema\\\/logo\\\/image\\\/\",\"url\":\"https:\\\/\\\/forvalour.ca\\\/wp-content\\\/uploads\\\/2021\\\/09\\\/cropped-for-valour-medal-new.png\",\"contentUrl\":\"https:\\\/\\\/forvalour.ca\\\/wp-content\\\/uploads\\\/2021\\\/09\\\/cropped-for-valour-medal-new.png\",\"width\":512,\"height\":512,\"caption\":\"For Valour\"},\"image\":{\"@id\":\"https:\\\/\\\/forvalour.ca\\\/fr\\\/#\\\/schema\\\/logo\\\/image\\\/\"},\"sameAs\":[\"https:\\\/\\\/www.youtube.com\\\/channel\\\/UCRYVbXOUahuy0lj2UCo1Cag\"]}]}<\/script>\n<!-- \/ Yoast SEO plugin. -->","yoast_head_json":{"title":"Outils de Guerre - Pour Bravoure - aviateurs canadiens et la Croix de Victoria","robots":{"index":"index","follow":"follow","max-snippet":"max-snippet:-1","max-image-preview":"max-image-preview:large","max-video-preview":"max-video-preview:-1"},"canonical":"https:\/\/forvalour.ca\/fr\/bazalgette\/outils-de-guerre\/","og_locale":"fr_FR","og_type":"article","og_title":"Outils de Guerre - Pour Bravoure - aviateurs canadiens et la Croix de Victoria","og_description":"Le bombardier Vickers Wellington Ces bombardiers bimoteurs britanniques comptaient parmi les plus robustes de la Seconde Guerre mondiale. Leur fuselage en treillis de structure g\u00e9od\u00e9sique (une structure en alliage d&rsquo;aluminium semblable \u00e0 une toile d&rsquo;araign\u00e9e) pouvait subir de lourds dommages sans que l&rsquo;avion soit d\u00e9truit. Le Wellington \u00e9tait plus l\u00e9ger que d&rsquo;autres bombardiers de m\u00eame [&hellip;]","og_url":"https:\/\/forvalour.ca\/fr\/bazalgette\/outils-de-guerre\/","og_site_name":"Pour Bravoure - aviateurs canadiens et la Croix de Victoria","og_image":[{"url":"http:\/\/forvalour.ca\/wp-content\/uploads\/2021\/09\/lancaster-002.jpg","type":"","width":"","height":""}],"twitter_card":"summary_large_image","twitter_misc":{"Dur\u00e9e de lecture estim\u00e9e":"2 minutes"},"schema":{"@context":"https:\/\/schema.org","@graph":[{"@type":"WebPage","@id":"https:\/\/forvalour.ca\/fr\/bazalgette\/outils-de-guerre\/","url":"https:\/\/forvalour.ca\/fr\/bazalgette\/outils-de-guerre\/","name":"Outils de Guerre - Pour Bravoure - aviateurs canadiens et la Croix de Victoria","isPartOf":{"@id":"https:\/\/forvalour.ca\/fr\/#website"},"primaryImageOfPage":{"@id":"https:\/\/forvalour.ca\/fr\/bazalgette\/outils-de-guerre\/#primaryimage"},"image":{"@id":"https:\/\/forvalour.ca\/fr\/bazalgette\/outils-de-guerre\/#primaryimage"},"thumbnailUrl":"http:\/\/forvalour.ca\/wp-content\/uploads\/2021\/09\/lancaster-002.jpg","datePublished":"2021-09-16T15:18:25+00:00","breadcrumb":{"@id":"https:\/\/forvalour.ca\/fr\/bazalgette\/outils-de-guerre\/#breadcrumb"},"inLanguage":"fr-FR","potentialAction":[{"@type":"ReadAction","target":["https:\/\/forvalour.ca\/fr\/bazalgette\/outils-de-guerre\/"]}]},{"@type":"ImageObject","inLanguage":"fr-FR","@id":"https:\/\/forvalour.ca\/fr\/bazalgette\/outils-de-guerre\/#primaryimage","url":"http:\/\/forvalour.ca\/wp-content\/uploads\/2021\/09\/lancaster-002.jpg","contentUrl":"http:\/\/forvalour.ca\/wp-content\/uploads\/2021\/09\/lancaster-002.jpg"},{"@type":"BreadcrumbList","@id":"https:\/\/forvalour.ca\/fr\/bazalgette\/outils-de-guerre\/#breadcrumb","itemListElement":[{"@type":"ListItem","position":1,"name":"Home","item":"https:\/\/forvalour.ca\/fr\/"},{"@type":"ListItem","position":2,"name":"Ian Bazalgette","item":"https:\/\/forvalour.ca\/fr\/bazalgette\/"},{"@type":"ListItem","position":3,"name":"Outils de Guerre"}]},{"@type":"WebSite","@id":"https:\/\/forvalour.ca\/fr\/#website","url":"https:\/\/forvalour.ca\/fr\/","name":"For Valour","description":"Canadian Airmen and the Victoria Cross","publisher":{"@id":"https:\/\/forvalour.ca\/fr\/#organization"},"potentialAction":[{"@type":"SearchAction","target":{"@type":"EntryPoint","urlTemplate":"https:\/\/forvalour.ca\/fr\/?s={search_term_string}"},"query-input":{"@type":"PropertyValueSpecification","valueRequired":true,"valueName":"search_term_string"}}],"inLanguage":"fr-FR"},{"@type":"Organization","@id":"https:\/\/forvalour.ca\/fr\/#organization","name":"For Valour","url":"https:\/\/forvalour.ca\/fr\/","logo":{"@type":"ImageObject","inLanguage":"fr-FR","@id":"https:\/\/forvalour.ca\/fr\/#\/schema\/logo\/image\/","url":"https:\/\/forvalour.ca\/wp-content\/uploads\/2021\/09\/cropped-for-valour-medal-new.png","contentUrl":"https:\/\/forvalour.ca\/wp-content\/uploads\/2021\/09\/cropped-for-valour-medal-new.png","width":512,"height":512,"caption":"For Valour"},"image":{"@id":"https:\/\/forvalour.ca\/fr\/#\/schema\/logo\/image\/"},"sameAs":["https:\/\/www.youtube.com\/channel\/UCRYVbXOUahuy0lj2UCo1Cag"]}]}},"_links":{"self":[{"href":"https:\/\/forvalour.ca\/fr\/wp-json\/wp\/v2\/pages\/670","targetHints":{"allow":["GET"]}}],"collection":[{"href":"https:\/\/forvalour.ca\/fr\/wp-json\/wp\/v2\/pages"}],"about":[{"href":"https:\/\/forvalour.ca\/fr\/wp-json\/wp\/v2\/types\/page"}],"author":[{"embeddable":true,"href":"https:\/\/forvalour.ca\/fr\/wp-json\/wp\/v2\/users\/1"}],"replies":[{"embeddable":true,"href":"https:\/\/forvalour.ca\/fr\/wp-json\/wp\/v2\/comments?post=670"}],"version-history":[{"count":2,"href":"https:\/\/forvalour.ca\/fr\/wp-json\/wp\/v2\/pages\/670\/revisions"}],"predecessor-version":[{"id":672,"href":"https:\/\/forvalour.ca\/fr\/wp-json\/wp\/v2\/pages\/670\/revisions\/672"}],"up":[{"embeddable":true,"href":"https:\/\/forvalour.ca\/fr\/wp-json\/wp\/v2\/pages\/654"}],"wp:attachment":[{"href":"https:\/\/forvalour.ca\/fr\/wp-json\/wp\/v2\/media?parent=670"}],"curies":[{"name":"wp","href":"https:\/\/api.w.org\/{rel}","templated":true}]}}