{"id":673,"date":"2021-09-16T10:18:53","date_gmt":"2021-09-16T15:18:53","guid":{"rendered":"https:\/\/forvalour.ca\/?page_id=673"},"modified":"2021-09-16T10:18:54","modified_gmt":"2021-09-16T15:18:54","slug":"citation","status":"publish","type":"page","link":"https:\/\/forvalour.ca\/fr\/bazalgette\/citation\/","title":{"rendered":"Citation"},"content":{"rendered":"\n<p>Le 4 ao\u00fbt 1944, le Commandant d&rsquo;aviation Bazalgette pilotait le bombardier principal d&rsquo;une escadrille d&rsquo;\u00e9claireurs charg\u00e9 de marquer un objectif important, \u00e0 Trossy Saint-Maximin, pour la force de bombardement principal qui allait suivre.<\/p>\n\n\n\n<p>Rendu \u00e0 proximit\u00e9 de l&rsquo;objectif, son Lancaster a essuy\u00e9 des tirs antia\u00e9riens nourris qui ont fait taire les deux moteurs de droite et d\u00e9clench\u00e9 un incendie grave \u00e0 bord; l&rsquo;aile droite a aussi pris feu, et l&rsquo;officier bombardier a \u00e9t\u00e9 gravement bless\u00e9.<\/p>\n\n\n\n<p>Comme le deuxi\u00e8me bombardier principal avait d\u00e9j\u00e0 \u00e9t\u00e9 abattu, le succ\u00e8s de l&rsquo;attaque d\u00e9pendait du Commandant d&rsquo;aviation Bazalgette, et il le savait. Malgr\u00e9 les conditions affreuses existant dans son avion en flammes, il a continu\u00e9 avec bravoure \u00e0 se diriger vers l&rsquo;objectif, l&rsquo;a marqu\u00e9 et l&rsquo;a bombard\u00e9 avec pr\u00e9cision. La r\u00e9ussite de l&rsquo;attaque a \u00e9t\u00e9 due \u00e0 ses efforts insignes.<\/p>\n\n\n\n<p>Une fois les bombes largu\u00e9es, le Lancaster a amorc\u00e9 un piqu\u00e9 dangereux, mais gr\u00e2ce \u00e0 ses qualit\u00e9s d&rsquo;aviateur hors pair et \u00e0 un effort hors du commun, le Commandant d&rsquo;aviation Bazalgette en a repris la ma\u00eetrise. Cependant, le moteur int\u00e9rieur gauche a alors flanch\u00e9, et tout le c\u00f4t\u00e9 droit de l&rsquo;avion n&rsquo;\u00e9tait d\u00e9sormais plus qu&rsquo;une masse enflamm\u00e9e.<\/p>\n\n\n\n<p>Le Commandant d&rsquo;aviation Bazalgette a lutt\u00e9 bravement pour essayer de poser son avion et de sauver son \u00e9quipage. Le mitrailleur de la tourelle dorsale s&rsquo;\u00e9tait \u00e9vanoui \u00e0 cause des \u00e9manations. Le Commandant d&rsquo;aviation Bazalgette a alors ordonn\u00e9 aux membres d&rsquo;\u00e9quipage qui le pouvaient de sauter en parachute. Il est demeur\u00e9 aux commandes et a d\u00e9sesp\u00e9r\u00e9ment tent\u00e9 de poser son appareil en feu et gravement endommag\u00e9, dans un dernier effort pour sauver l&rsquo;officier bombardier bless\u00e9 et le mitrailleur inconscient. Avec une adresse remarquable et en se souciant d&rsquo;\u00e9viter les maisons d&rsquo;un petit village fran\u00e7ais voisin, il a atterri dans un champ. Malheureusement, l&rsquo;appareil a ensuite explos\u00e9, tuant du coup ce courageux officier et ses deux camarades.<\/p>\n\n\n\n<p>Son sacrifice h\u00e9ro\u00efque a \u00e9t\u00e9 le point culminant d&rsquo;une longue carri\u00e8re remplie d&rsquo;op\u00e9rations contre l&rsquo;ennemi. Il a toujours choisi les r\u00f4les les plus dangereux et les plus exigeants. On ne saurait trop louer son courage et son attachement au devoir.<\/p>\n\n\n\n<p>The London Gazette, 17 ao\u00fbt 1945<\/p>\n","protected":false},"excerpt":{"rendered":"<p>Le 4 ao\u00fbt 1944, le Commandant d&rsquo;aviation Bazalgette pilotait le bombardier principal d&rsquo;une escadrille d&rsquo;\u00e9claireurs charg\u00e9 de marquer un objectif important, \u00e0 Trossy Saint-Maximin, pour la force de bombardement principal qui allait suivre. Rendu \u00e0 proximit\u00e9 de l&rsquo;objectif, son Lancaster a essuy\u00e9 des tirs antia\u00e9riens nourris qui ont fait taire les deux moteurs de droite [&hellip;]<\/p>\n","protected":false},"author":1,"featured_media":0,"parent":654,"menu_order":4,"comment_status":"closed","ping_status":"closed","template":"","meta":{"_acf_changed":false,"footnotes":""},"class_list":["post-673","page","type-page","status-publish","hentry"],"acf":[],"yoast_head":"<!-- This site is optimized with the Yoast SEO plugin v27.3 - https:\/\/yoast.com\/product\/yoast-seo-wordpress\/ -->\n<title>Citation - Pour Bravoure - aviateurs canadiens et la Croix de Victoria<\/title>\n<meta name=\"robots\" content=\"index, follow, max-snippet:-1, max-image-preview:large, max-video-preview:-1\" \/>\n<link rel=\"canonical\" href=\"https:\/\/forvalour.ca\/fr\/bazalgette\/citation\/\" \/>\n<meta property=\"og:locale\" content=\"fr_FR\" \/>\n<meta property=\"og:type\" content=\"article\" \/>\n<meta property=\"og:title\" content=\"Citation - Pour Bravoure - aviateurs canadiens et la Croix de Victoria\" \/>\n<meta property=\"og:description\" content=\"Le 4 ao\u00fbt 1944, le Commandant d&rsquo;aviation Bazalgette pilotait le bombardier principal d&rsquo;une escadrille d&rsquo;\u00e9claireurs charg\u00e9 de marquer un objectif important, \u00e0 Trossy Saint-Maximin, pour la force de bombardement principal qui allait suivre. Rendu \u00e0 proximit\u00e9 de l&rsquo;objectif, son Lancaster a essuy\u00e9 des tirs antia\u00e9riens nourris qui ont fait taire les deux moteurs de droite [&hellip;]\" \/>\n<meta property=\"og:url\" content=\"https:\/\/forvalour.ca\/fr\/bazalgette\/citation\/\" \/>\n<meta property=\"og:site_name\" content=\"Pour Bravoure - aviateurs canadiens et la Croix de Victoria\" \/>\n<meta property=\"article:modified_time\" content=\"2021-09-16T15:18:54+00:00\" \/>\n<meta name=\"twitter:card\" content=\"summary_large_image\" \/>\n<meta name=\"twitter:label1\" content=\"Dur\u00e9e de lecture estim\u00e9e\" \/>\n\t<meta name=\"twitter:data1\" content=\"2 minutes\" \/>\n<script type=\"application\/ld+json\" class=\"yoast-schema-graph\">{\"@context\":\"https:\\\/\\\/schema.org\",\"@graph\":[{\"@type\":\"WebPage\",\"@id\":\"https:\\\/\\\/forvalour.ca\\\/fr\\\/bazalgette\\\/citation\\\/\",\"url\":\"https:\\\/\\\/forvalour.ca\\\/fr\\\/bazalgette\\\/citation\\\/\",\"name\":\"Citation - Pour Bravoure - aviateurs canadiens et la Croix de Victoria\",\"isPartOf\":{\"@id\":\"https:\\\/\\\/forvalour.ca\\\/fr\\\/#website\"},\"datePublished\":\"2021-09-16T15:18:53+00:00\",\"dateModified\":\"2021-09-16T15:18:54+00:00\",\"breadcrumb\":{\"@id\":\"https:\\\/\\\/forvalour.ca\\\/fr\\\/bazalgette\\\/citation\\\/#breadcrumb\"},\"inLanguage\":\"fr-FR\",\"potentialAction\":[{\"@type\":\"ReadAction\",\"target\":[\"https:\\\/\\\/forvalour.ca\\\/fr\\\/bazalgette\\\/citation\\\/\"]}]},{\"@type\":\"BreadcrumbList\",\"@id\":\"https:\\\/\\\/forvalour.ca\\\/fr\\\/bazalgette\\\/citation\\\/#breadcrumb\",\"itemListElement\":[{\"@type\":\"ListItem\",\"position\":1,\"name\":\"Home\",\"item\":\"https:\\\/\\\/forvalour.ca\\\/fr\\\/\"},{\"@type\":\"ListItem\",\"position\":2,\"name\":\"Ian Bazalgette\",\"item\":\"https:\\\/\\\/www.forvalour.ca\\\/fr\\\/bazalgette\\\/\"},{\"@type\":\"ListItem\",\"position\":3,\"name\":\"Citation\"}]},{\"@type\":\"WebSite\",\"@id\":\"https:\\\/\\\/forvalour.ca\\\/fr\\\/#website\",\"url\":\"https:\\\/\\\/forvalour.ca\\\/fr\\\/\",\"name\":\"For Valour\",\"description\":\"Canadian Airmen and the Victoria Cross\",\"publisher\":{\"@id\":\"https:\\\/\\\/forvalour.ca\\\/fr\\\/#organization\"},\"potentialAction\":[{\"@type\":\"SearchAction\",\"target\":{\"@type\":\"EntryPoint\",\"urlTemplate\":\"https:\\\/\\\/forvalour.ca\\\/fr\\\/?s={search_term_string}\"},\"query-input\":{\"@type\":\"PropertyValueSpecification\",\"valueRequired\":true,\"valueName\":\"search_term_string\"}}],\"inLanguage\":\"fr-FR\"},{\"@type\":\"Organization\",\"@id\":\"https:\\\/\\\/forvalour.ca\\\/fr\\\/#organization\",\"name\":\"For Valour\",\"url\":\"https:\\\/\\\/forvalour.ca\\\/fr\\\/\",\"logo\":{\"@type\":\"ImageObject\",\"inLanguage\":\"fr-FR\",\"@id\":\"https:\\\/\\\/forvalour.ca\\\/fr\\\/#\\\/schema\\\/logo\\\/image\\\/\",\"url\":\"https:\\\/\\\/forvalour.ca\\\/wp-content\\\/uploads\\\/2021\\\/09\\\/cropped-for-valour-medal-new.png\",\"contentUrl\":\"https:\\\/\\\/forvalour.ca\\\/wp-content\\\/uploads\\\/2021\\\/09\\\/cropped-for-valour-medal-new.png\",\"width\":512,\"height\":512,\"caption\":\"For Valour\"},\"image\":{\"@id\":\"https:\\\/\\\/forvalour.ca\\\/fr\\\/#\\\/schema\\\/logo\\\/image\\\/\"},\"sameAs\":[\"https:\\\/\\\/www.youtube.com\\\/channel\\\/UCRYVbXOUahuy0lj2UCo1Cag\"]}]}<\/script>\n<!-- \/ Yoast SEO plugin. -->","yoast_head_json":{"title":"Citation - Pour Bravoure - aviateurs canadiens et la Croix de Victoria","robots":{"index":"index","follow":"follow","max-snippet":"max-snippet:-1","max-image-preview":"max-image-preview:large","max-video-preview":"max-video-preview:-1"},"canonical":"https:\/\/forvalour.ca\/fr\/bazalgette\/citation\/","og_locale":"fr_FR","og_type":"article","og_title":"Citation - Pour Bravoure - aviateurs canadiens et la Croix de Victoria","og_description":"Le 4 ao\u00fbt 1944, le Commandant d&rsquo;aviation Bazalgette pilotait le bombardier principal d&rsquo;une escadrille d&rsquo;\u00e9claireurs charg\u00e9 de marquer un objectif important, \u00e0 Trossy Saint-Maximin, pour la force de bombardement principal qui allait suivre. Rendu \u00e0 proximit\u00e9 de l&rsquo;objectif, son Lancaster a essuy\u00e9 des tirs antia\u00e9riens nourris qui ont fait taire les deux moteurs de droite [&hellip;]","og_url":"https:\/\/forvalour.ca\/fr\/bazalgette\/citation\/","og_site_name":"Pour Bravoure - aviateurs canadiens et la Croix de Victoria","article_modified_time":"2021-09-16T15:18:54+00:00","twitter_card":"summary_large_image","twitter_misc":{"Dur\u00e9e de lecture estim\u00e9e":"2 minutes"},"schema":{"@context":"https:\/\/schema.org","@graph":[{"@type":"WebPage","@id":"https:\/\/forvalour.ca\/fr\/bazalgette\/citation\/","url":"https:\/\/forvalour.ca\/fr\/bazalgette\/citation\/","name":"Citation - Pour Bravoure - aviateurs canadiens et la Croix de Victoria","isPartOf":{"@id":"https:\/\/forvalour.ca\/fr\/#website"},"datePublished":"2021-09-16T15:18:53+00:00","dateModified":"2021-09-16T15:18:54+00:00","breadcrumb":{"@id":"https:\/\/forvalour.ca\/fr\/bazalgette\/citation\/#breadcrumb"},"inLanguage":"fr-FR","potentialAction":[{"@type":"ReadAction","target":["https:\/\/forvalour.ca\/fr\/bazalgette\/citation\/"]}]},{"@type":"BreadcrumbList","@id":"https:\/\/forvalour.ca\/fr\/bazalgette\/citation\/#breadcrumb","itemListElement":[{"@type":"ListItem","position":1,"name":"Home","item":"https:\/\/forvalour.ca\/fr\/"},{"@type":"ListItem","position":2,"name":"Ian Bazalgette","item":"https:\/\/www.forvalour.ca\/fr\/bazalgette\/"},{"@type":"ListItem","position":3,"name":"Citation"}]},{"@type":"WebSite","@id":"https:\/\/forvalour.ca\/fr\/#website","url":"https:\/\/forvalour.ca\/fr\/","name":"For Valour","description":"Canadian Airmen and the Victoria Cross","publisher":{"@id":"https:\/\/forvalour.ca\/fr\/#organization"},"potentialAction":[{"@type":"SearchAction","target":{"@type":"EntryPoint","urlTemplate":"https:\/\/forvalour.ca\/fr\/?s={search_term_string}"},"query-input":{"@type":"PropertyValueSpecification","valueRequired":true,"valueName":"search_term_string"}}],"inLanguage":"fr-FR"},{"@type":"Organization","@id":"https:\/\/forvalour.ca\/fr\/#organization","name":"For Valour","url":"https:\/\/forvalour.ca\/fr\/","logo":{"@type":"ImageObject","inLanguage":"fr-FR","@id":"https:\/\/forvalour.ca\/fr\/#\/schema\/logo\/image\/","url":"https:\/\/forvalour.ca\/wp-content\/uploads\/2021\/09\/cropped-for-valour-medal-new.png","contentUrl":"https:\/\/forvalour.ca\/wp-content\/uploads\/2021\/09\/cropped-for-valour-medal-new.png","width":512,"height":512,"caption":"For Valour"},"image":{"@id":"https:\/\/forvalour.ca\/fr\/#\/schema\/logo\/image\/"},"sameAs":["https:\/\/www.youtube.com\/channel\/UCRYVbXOUahuy0lj2UCo1Cag"]}]}},"_links":{"self":[{"href":"https:\/\/forvalour.ca\/fr\/wp-json\/wp\/v2\/pages\/673","targetHints":{"allow":["GET"]}}],"collection":[{"href":"https:\/\/forvalour.ca\/fr\/wp-json\/wp\/v2\/pages"}],"about":[{"href":"https:\/\/forvalour.ca\/fr\/wp-json\/wp\/v2\/types\/page"}],"author":[{"embeddable":true,"href":"https:\/\/forvalour.ca\/fr\/wp-json\/wp\/v2\/users\/1"}],"replies":[{"embeddable":true,"href":"https:\/\/forvalour.ca\/fr\/wp-json\/wp\/v2\/comments?post=673"}],"version-history":[{"count":2,"href":"https:\/\/forvalour.ca\/fr\/wp-json\/wp\/v2\/pages\/673\/revisions"}],"predecessor-version":[{"id":675,"href":"https:\/\/forvalour.ca\/fr\/wp-json\/wp\/v2\/pages\/673\/revisions\/675"}],"up":[{"embeddable":true,"href":"https:\/\/forvalour.ca\/fr\/wp-json\/wp\/v2\/pages\/654"}],"wp:attachment":[{"href":"https:\/\/forvalour.ca\/fr\/wp-json\/wp\/v2\/media?parent=673"}],"curies":[{"name":"wp","href":"https:\/\/api.w.org\/{rel}","templated":true}]}}