{"id":676,"date":"2021-09-16T10:21:07","date_gmt":"2021-09-16T15:21:07","guid":{"rendered":"https:\/\/forvalour.ca\/?page_id=676"},"modified":"2021-09-16T10:21:08","modified_gmt":"2021-09-16T15:21:08","slug":"apres-la-guerre","status":"publish","type":"page","link":"https:\/\/forvalour.ca\/fr\/bazalgette\/apres-la-guerre\/","title":{"rendered":"Apr\u00e8s la Guerre"},"content":{"rendered":"\n<p>Il existe de nombreux monuments, plaques et autres endroits portant le nom du Commandant d&rsquo;aviation Ian Bazalgette. En 1949, les autorit\u00e9s canadiennes ont baptis\u00e9 un sommet du parc national Jasper \u00ab mont Bazalgette \u00bb, en l&rsquo;honneur de l&rsquo;aviateur tomb\u00e9 au combat, qui \u00e9tait n\u00e9 \u00e0 Calgary et avait grandi au Canada. En 1970, on a rebaptis\u00e9 une \u00e9cole secondaire de Calgary, en lui donnant le nom de ce h\u00e9ros.<\/p>\n\n\n\n<p>Les m\u00e9dailles de Baz et d&rsquo;autres articles qui lui avaient appartenu pendant la guerre ont \u00e9t\u00e9 remis au mus\u00e9e de la RAF \u00e0 Hendon, en Angleterre, o\u00f9 ils sont expos\u00e9s aujourd&rsquo;hui.<\/p>\n\n\n\n<p>La&nbsp;Nanton Lancaster Society&nbsp;a \u00e9t\u00e9 cr\u00e9\u00e9e en 1986, \u00e0 Nanton (Alberta). Cherchant un aviateur canadien auquel elle pouvait s&rsquo;identifier, elle a entendu parler d&rsquo;Ian Bazalgette, r\u00e9cipiendaire de la Croix de Victoria, qui \u00e9tait n\u00e9 en Alberta et avait pilot\u00e9 des Lancaster, mais au sujet duquel on avait tr\u00e8s peu \u00e9crit. La Soci\u00e9t\u00e9 a ensuite collabor\u00e9 avec d&rsquo;anciens co\u00e9quipiers d&rsquo;Ian Bazalgette, avec des membres de son escadron et avec sa s\u0153ur Ethel (qui vivait encore) pour reconstituer l&rsquo;histoire de l&rsquo;aviateur.<\/p>\n\n\n\n<p>Le 27 juillet 1990, le bombardier Lancaster FM159 de Nanton a \u00e9t\u00e9 d\u00e9di\u00e9 au Cmdt avn Ian Bazalgette. Jusqu&rsquo;ici, l&rsquo;appareil a \u00e9t\u00e9 restaur\u00e9 au point qu&rsquo;il est partiellement en \u00e9tat de marche. Il porte les marques du F2-T qu&rsquo;arborait l&rsquo;avion ayant emport\u00e9 Baz et son \u00e9quipage lors de leur derni\u00e8re mission.<\/p>\n\n\n\n<p>L&rsquo;hommage sans doute le plus touchant qui ait \u00e9t\u00e9 rendu \u00e0 Baz est l&rsquo;\u0153uvre de ses co\u00e9quipiers qui lui ont surv\u00e9cu. Le navigateur Geoff Goddard a baptis\u00e9 son fils Ian en m\u00e9moire d&rsquo;Ian Bazalgette. Douglas Cameron a baptis\u00e9 sa fille unique Margaret Middleton Bazalgette Cameron; il avait aussi vol\u00e9 avec feu Ron Middleton, r\u00e9cipiendaire australien de la Croix de Victoria, et il a voulu rendre hommage aux deux hommes en baptisant ainsi sa fille.<\/p>\n","protected":false},"excerpt":{"rendered":"<p>Il existe de nombreux monuments, plaques et autres endroits portant le nom du Commandant d&rsquo;aviation Ian Bazalgette. En 1949, les autorit\u00e9s canadiennes ont baptis\u00e9 un sommet du parc national Jasper \u00ab mont Bazalgette \u00bb, en l&rsquo;honneur de l&rsquo;aviateur tomb\u00e9 au combat, qui \u00e9tait n\u00e9 \u00e0 Calgary et avait grandi au Canada. En 1970, on a [&hellip;]<\/p>\n","protected":false},"author":1,"featured_media":0,"parent":654,"menu_order":5,"comment_status":"closed","ping_status":"closed","template":"","meta":{"_acf_changed":false,"footnotes":""},"class_list":["post-676","page","type-page","status-publish","hentry"],"acf":[],"yoast_head":"<!-- This site is optimized with the Yoast SEO plugin v27.3 - https:\/\/yoast.com\/product\/yoast-seo-wordpress\/ -->\n<title>Apr\u00e8s la Guerre - Pour Bravoure - aviateurs canadiens et la Croix de Victoria<\/title>\n<meta name=\"robots\" content=\"index, follow, max-snippet:-1, max-image-preview:large, max-video-preview:-1\" \/>\n<link rel=\"canonical\" href=\"https:\/\/forvalour.ca\/fr\/bazalgette\/apres-la-guerre\/\" \/>\n<meta property=\"og:locale\" content=\"fr_FR\" \/>\n<meta property=\"og:type\" content=\"article\" \/>\n<meta property=\"og:title\" content=\"Apr\u00e8s la Guerre - Pour Bravoure - aviateurs canadiens et la Croix de Victoria\" \/>\n<meta property=\"og:description\" content=\"Il existe de nombreux monuments, plaques et autres endroits portant le nom du Commandant d&rsquo;aviation Ian Bazalgette. En 1949, les autorit\u00e9s canadiennes ont baptis\u00e9 un sommet du parc national Jasper \u00ab mont Bazalgette \u00bb, en l&rsquo;honneur de l&rsquo;aviateur tomb\u00e9 au combat, qui \u00e9tait n\u00e9 \u00e0 Calgary et avait grandi au Canada. En 1970, on a [&hellip;]\" \/>\n<meta property=\"og:url\" content=\"https:\/\/forvalour.ca\/fr\/bazalgette\/apres-la-guerre\/\" \/>\n<meta property=\"og:site_name\" content=\"Pour Bravoure - aviateurs canadiens et la Croix de Victoria\" \/>\n<meta property=\"article:modified_time\" content=\"2021-09-16T15:21:08+00:00\" \/>\n<meta name=\"twitter:card\" content=\"summary_large_image\" \/>\n<meta name=\"twitter:label1\" content=\"Dur\u00e9e de lecture estim\u00e9e\" \/>\n\t<meta name=\"twitter:data1\" content=\"2 minutes\" \/>\n<script type=\"application\/ld+json\" class=\"yoast-schema-graph\">{\"@context\":\"https:\\\/\\\/schema.org\",\"@graph\":[{\"@type\":\"WebPage\",\"@id\":\"https:\\\/\\\/forvalour.ca\\\/fr\\\/bazalgette\\\/apres-la-guerre\\\/\",\"url\":\"https:\\\/\\\/forvalour.ca\\\/fr\\\/bazalgette\\\/apres-la-guerre\\\/\",\"name\":\"Apr\u00e8s la Guerre - Pour Bravoure - aviateurs canadiens et la Croix de Victoria\",\"isPartOf\":{\"@id\":\"https:\\\/\\\/forvalour.ca\\\/fr\\\/#website\"},\"datePublished\":\"2021-09-16T15:21:07+00:00\",\"dateModified\":\"2021-09-16T15:21:08+00:00\",\"breadcrumb\":{\"@id\":\"https:\\\/\\\/forvalour.ca\\\/fr\\\/bazalgette\\\/apres-la-guerre\\\/#breadcrumb\"},\"inLanguage\":\"fr-FR\",\"potentialAction\":[{\"@type\":\"ReadAction\",\"target\":[\"https:\\\/\\\/forvalour.ca\\\/fr\\\/bazalgette\\\/apres-la-guerre\\\/\"]}]},{\"@type\":\"BreadcrumbList\",\"@id\":\"https:\\\/\\\/forvalour.ca\\\/fr\\\/bazalgette\\\/apres-la-guerre\\\/#breadcrumb\",\"itemListElement\":[{\"@type\":\"ListItem\",\"position\":1,\"name\":\"Home\",\"item\":\"https:\\\/\\\/forvalour.ca\\\/fr\\\/\"},{\"@type\":\"ListItem\",\"position\":2,\"name\":\"Ian Bazalgette\",\"item\":\"https:\\\/\\\/forvalour.ca\\\/fr\\\/bazalgette\\\/\"},{\"@type\":\"ListItem\",\"position\":3,\"name\":\"Apr\u00e8s la Guerre\"}]},{\"@type\":\"WebSite\",\"@id\":\"https:\\\/\\\/forvalour.ca\\\/fr\\\/#website\",\"url\":\"https:\\\/\\\/forvalour.ca\\\/fr\\\/\",\"name\":\"For Valour\",\"description\":\"Canadian Airmen and the Victoria Cross\",\"publisher\":{\"@id\":\"https:\\\/\\\/forvalour.ca\\\/fr\\\/#organization\"},\"potentialAction\":[{\"@type\":\"SearchAction\",\"target\":{\"@type\":\"EntryPoint\",\"urlTemplate\":\"https:\\\/\\\/forvalour.ca\\\/fr\\\/?s={search_term_string}\"},\"query-input\":{\"@type\":\"PropertyValueSpecification\",\"valueRequired\":true,\"valueName\":\"search_term_string\"}}],\"inLanguage\":\"fr-FR\"},{\"@type\":\"Organization\",\"@id\":\"https:\\\/\\\/forvalour.ca\\\/fr\\\/#organization\",\"name\":\"For Valour\",\"url\":\"https:\\\/\\\/forvalour.ca\\\/fr\\\/\",\"logo\":{\"@type\":\"ImageObject\",\"inLanguage\":\"fr-FR\",\"@id\":\"https:\\\/\\\/forvalour.ca\\\/fr\\\/#\\\/schema\\\/logo\\\/image\\\/\",\"url\":\"https:\\\/\\\/forvalour.ca\\\/wp-content\\\/uploads\\\/2021\\\/09\\\/cropped-for-valour-medal-new.png\",\"contentUrl\":\"https:\\\/\\\/forvalour.ca\\\/wp-content\\\/uploads\\\/2021\\\/09\\\/cropped-for-valour-medal-new.png\",\"width\":512,\"height\":512,\"caption\":\"For Valour\"},\"image\":{\"@id\":\"https:\\\/\\\/forvalour.ca\\\/fr\\\/#\\\/schema\\\/logo\\\/image\\\/\"},\"sameAs\":[\"https:\\\/\\\/www.youtube.com\\\/channel\\\/UCRYVbXOUahuy0lj2UCo1Cag\"]}]}<\/script>\n<!-- \/ Yoast SEO plugin. -->","yoast_head_json":{"title":"Apr\u00e8s la Guerre - Pour Bravoure - aviateurs canadiens et la Croix de Victoria","robots":{"index":"index","follow":"follow","max-snippet":"max-snippet:-1","max-image-preview":"max-image-preview:large","max-video-preview":"max-video-preview:-1"},"canonical":"https:\/\/forvalour.ca\/fr\/bazalgette\/apres-la-guerre\/","og_locale":"fr_FR","og_type":"article","og_title":"Apr\u00e8s la Guerre - Pour Bravoure - aviateurs canadiens et la Croix de Victoria","og_description":"Il existe de nombreux monuments, plaques et autres endroits portant le nom du Commandant d&rsquo;aviation Ian Bazalgette. En 1949, les autorit\u00e9s canadiennes ont baptis\u00e9 un sommet du parc national Jasper \u00ab mont Bazalgette \u00bb, en l&rsquo;honneur de l&rsquo;aviateur tomb\u00e9 au combat, qui \u00e9tait n\u00e9 \u00e0 Calgary et avait grandi au Canada. En 1970, on a [&hellip;]","og_url":"https:\/\/forvalour.ca\/fr\/bazalgette\/apres-la-guerre\/","og_site_name":"Pour Bravoure - aviateurs canadiens et la Croix de Victoria","article_modified_time":"2021-09-16T15:21:08+00:00","twitter_card":"summary_large_image","twitter_misc":{"Dur\u00e9e de lecture estim\u00e9e":"2 minutes"},"schema":{"@context":"https:\/\/schema.org","@graph":[{"@type":"WebPage","@id":"https:\/\/forvalour.ca\/fr\/bazalgette\/apres-la-guerre\/","url":"https:\/\/forvalour.ca\/fr\/bazalgette\/apres-la-guerre\/","name":"Apr\u00e8s la Guerre - Pour Bravoure - aviateurs canadiens et la Croix de Victoria","isPartOf":{"@id":"https:\/\/forvalour.ca\/fr\/#website"},"datePublished":"2021-09-16T15:21:07+00:00","dateModified":"2021-09-16T15:21:08+00:00","breadcrumb":{"@id":"https:\/\/forvalour.ca\/fr\/bazalgette\/apres-la-guerre\/#breadcrumb"},"inLanguage":"fr-FR","potentialAction":[{"@type":"ReadAction","target":["https:\/\/forvalour.ca\/fr\/bazalgette\/apres-la-guerre\/"]}]},{"@type":"BreadcrumbList","@id":"https:\/\/forvalour.ca\/fr\/bazalgette\/apres-la-guerre\/#breadcrumb","itemListElement":[{"@type":"ListItem","position":1,"name":"Home","item":"https:\/\/forvalour.ca\/fr\/"},{"@type":"ListItem","position":2,"name":"Ian Bazalgette","item":"https:\/\/forvalour.ca\/fr\/bazalgette\/"},{"@type":"ListItem","position":3,"name":"Apr\u00e8s la Guerre"}]},{"@type":"WebSite","@id":"https:\/\/forvalour.ca\/fr\/#website","url":"https:\/\/forvalour.ca\/fr\/","name":"For Valour","description":"Canadian Airmen and the Victoria Cross","publisher":{"@id":"https:\/\/forvalour.ca\/fr\/#organization"},"potentialAction":[{"@type":"SearchAction","target":{"@type":"EntryPoint","urlTemplate":"https:\/\/forvalour.ca\/fr\/?s={search_term_string}"},"query-input":{"@type":"PropertyValueSpecification","valueRequired":true,"valueName":"search_term_string"}}],"inLanguage":"fr-FR"},{"@type":"Organization","@id":"https:\/\/forvalour.ca\/fr\/#organization","name":"For Valour","url":"https:\/\/forvalour.ca\/fr\/","logo":{"@type":"ImageObject","inLanguage":"fr-FR","@id":"https:\/\/forvalour.ca\/fr\/#\/schema\/logo\/image\/","url":"https:\/\/forvalour.ca\/wp-content\/uploads\/2021\/09\/cropped-for-valour-medal-new.png","contentUrl":"https:\/\/forvalour.ca\/wp-content\/uploads\/2021\/09\/cropped-for-valour-medal-new.png","width":512,"height":512,"caption":"For Valour"},"image":{"@id":"https:\/\/forvalour.ca\/fr\/#\/schema\/logo\/image\/"},"sameAs":["https:\/\/www.youtube.com\/channel\/UCRYVbXOUahuy0lj2UCo1Cag"]}]}},"_links":{"self":[{"href":"https:\/\/forvalour.ca\/fr\/wp-json\/wp\/v2\/pages\/676","targetHints":{"allow":["GET"]}}],"collection":[{"href":"https:\/\/forvalour.ca\/fr\/wp-json\/wp\/v2\/pages"}],"about":[{"href":"https:\/\/forvalour.ca\/fr\/wp-json\/wp\/v2\/types\/page"}],"author":[{"embeddable":true,"href":"https:\/\/forvalour.ca\/fr\/wp-json\/wp\/v2\/users\/1"}],"replies":[{"embeddable":true,"href":"https:\/\/forvalour.ca\/fr\/wp-json\/wp\/v2\/comments?post=676"}],"version-history":[{"count":2,"href":"https:\/\/forvalour.ca\/fr\/wp-json\/wp\/v2\/pages\/676\/revisions"}],"predecessor-version":[{"id":678,"href":"https:\/\/forvalour.ca\/fr\/wp-json\/wp\/v2\/pages\/676\/revisions\/678"}],"up":[{"embeddable":true,"href":"https:\/\/forvalour.ca\/fr\/wp-json\/wp\/v2\/pages\/654"}],"wp:attachment":[{"href":"https:\/\/forvalour.ca\/fr\/wp-json\/wp\/v2\/media?parent=676"}],"curies":[{"name":"wp","href":"https:\/\/api.w.org\/{rel}","templated":true}]}}