{"id":682,"date":"2021-09-16T10:25:21","date_gmt":"2021-09-16T15:25:21","guid":{"rendered":"https:\/\/forvalour.ca\/?page_id=682"},"modified":"2021-09-16T10:25:21","modified_gmt":"2021-09-16T15:25:21","slug":"carriere-militaire","status":"publish","type":"page","link":"https:\/\/forvalour.ca\/fr\/gray\/carriere-militaire\/","title":{"rendered":"Carri\u00e8re Militaire"},"content":{"rendered":"\n<p>\u00c0 l&rsquo;\u00e9t\u00e9 de 1940, Hampton Gray s&rsquo;enr\u00f4le dans la R\u00e9serve de volontaires de la Marine royale du Canada (RVMRC), \u00e0 titre d&rsquo;aspirant-officier. Il se rend compte qu&rsquo;il lui faudra beaucoup de temps pour monter en grade dans la RVMRC, et il d\u00e9cide donc de demander une mutation dans l&rsquo;a\u00e9ronavale britannique (Royal Navy Fleet Air Arm).<\/p>\n\n\n\n<p>En 1941, Hammy est promu sous-lieutenant et, apr\u00e8s un entra\u00eenement plus pouss\u00e9, il est envoy\u00e9 en Afrique du Nord, en 1942. Il y passe deux ans et acquiert une pr\u00e9cieuse exp\u00e9rience aux commandes d&rsquo;avions Hawker Hurricane et d&rsquo;autres avions bas\u00e9s \u00e0 terre de la Marine.<\/p>\n\n\n\n<p>D\u00e9sormais lieutenant de vaisseau, Hammy souhaite \u00eatre mut\u00e9 dans un escadron embarqu\u00e9 op\u00e9rationnel, et son v\u0153u se r\u00e9alise quand il est envoy\u00e9, en ao\u00fbt 1944, \u00e0 bord du&nbsp;HMS Formidable, \u00e0 titre de pilote en chef. Plus tard le m\u00eame mois, Hammy participe aux combats contre le puissant cuirass\u00e9 allemand Tirpitz, navire jumeau du Bismarck qui a terroris\u00e9 l&rsquo;Atlantique Nord pendant une courte p\u00e9riode en mai 1941. Pendant tout le mois, Hampton Gray participera \u00e0 quatre attaques distinctes contre le Tirpitz, et il m\u00e9ritera une citation \u00e0 l&rsquo;ordre du jour pour le travail remarquable qu&rsquo;il aura accompli lors de la derni\u00e8re attaque contre le navire allemand d\u00e9clench\u00e9e le 29 ao\u00fbt 1944.<\/p>\n\n\n\n<p>En avril 1945, le&nbsp;HMS Formidable&nbsp;et Hammy vont se joindre \u00e0 la Flotte britannique du Pacifique, dans la lutte contre les Japonais. Le 6 ao\u00fbt 1945, les \u00c9tats-Unis larguent une bombe atomique sur la ville de Nagasaki; c&rsquo;est le premier des deux engins de ce genre qui seront lanc\u00e9s contre le territoire japonais. \u00c0 ce moment-l\u00e0, bon nombre des militaires qui participent au conflit savent que la guerre prendra sans doute fin bient\u00f4t. Le 9 ao\u00fbt 1945, le m\u00eame jour o\u00f9 les \u00c9tats-Unis l\u00e2chent la seconde bombe atomique sur le Japon, Hampton Gray perd la vie en dirigeant deux sections de Corsair contre des navires de guerre ennemis, dans la baie d&rsquo;Onagawa.<\/p>\n","protected":false},"excerpt":{"rendered":"<p>\u00c0 l&rsquo;\u00e9t\u00e9 de 1940, Hampton Gray s&rsquo;enr\u00f4le dans la R\u00e9serve de volontaires de la Marine royale du Canada (RVMRC), \u00e0 titre d&rsquo;aspirant-officier. Il se rend compte qu&rsquo;il lui faudra beaucoup de temps pour monter en grade dans la RVMRC, et il d\u00e9cide donc de demander une mutation dans l&rsquo;a\u00e9ronavale britannique (Royal Navy Fleet Air Arm). [&hellip;]<\/p>\n","protected":false},"author":1,"featured_media":0,"parent":657,"menu_order":2,"comment_status":"closed","ping_status":"closed","template":"","meta":{"_acf_changed":false,"footnotes":""},"class_list":["post-682","page","type-page","status-publish","hentry"],"acf":[],"yoast_head":"<!-- This site is optimized with the Yoast SEO plugin v27.3 - https:\/\/yoast.com\/product\/yoast-seo-wordpress\/ -->\n<title>Carri\u00e8re Militaire - Pour Bravoure - aviateurs canadiens et la Croix de Victoria<\/title>\n<meta name=\"robots\" content=\"index, follow, max-snippet:-1, max-image-preview:large, max-video-preview:-1\" \/>\n<link rel=\"canonical\" href=\"https:\/\/forvalour.ca\/fr\/gray\/carriere-militaire\/\" \/>\n<meta property=\"og:locale\" content=\"fr_FR\" \/>\n<meta property=\"og:type\" content=\"article\" \/>\n<meta property=\"og:title\" content=\"Carri\u00e8re Militaire - Pour Bravoure - aviateurs canadiens et la Croix de Victoria\" \/>\n<meta property=\"og:description\" content=\"\u00c0 l&rsquo;\u00e9t\u00e9 de 1940, Hampton Gray s&rsquo;enr\u00f4le dans la R\u00e9serve de volontaires de la Marine royale du Canada (RVMRC), \u00e0 titre d&rsquo;aspirant-officier. Il se rend compte qu&rsquo;il lui faudra beaucoup de temps pour monter en grade dans la RVMRC, et il d\u00e9cide donc de demander une mutation dans l&rsquo;a\u00e9ronavale britannique (Royal Navy Fleet Air Arm). [&hellip;]\" \/>\n<meta property=\"og:url\" content=\"https:\/\/forvalour.ca\/fr\/gray\/carriere-militaire\/\" \/>\n<meta property=\"og:site_name\" content=\"Pour Bravoure - aviateurs canadiens et la Croix de Victoria\" \/>\n<meta name=\"twitter:card\" content=\"summary_large_image\" \/>\n<meta name=\"twitter:label1\" content=\"Dur\u00e9e de lecture estim\u00e9e\" \/>\n\t<meta name=\"twitter:data1\" content=\"2 minutes\" \/>\n<script type=\"application\/ld+json\" class=\"yoast-schema-graph\">{\"@context\":\"https:\\\/\\\/schema.org\",\"@graph\":[{\"@type\":\"WebPage\",\"@id\":\"https:\\\/\\\/forvalour.ca\\\/fr\\\/gray\\\/carriere-militaire\\\/\",\"url\":\"https:\\\/\\\/forvalour.ca\\\/fr\\\/gray\\\/carriere-militaire\\\/\",\"name\":\"Carri\u00e8re Militaire - Pour Bravoure - aviateurs canadiens et la Croix de Victoria\",\"isPartOf\":{\"@id\":\"https:\\\/\\\/forvalour.ca\\\/fr\\\/#website\"},\"datePublished\":\"2021-09-16T15:25:21+00:00\",\"breadcrumb\":{\"@id\":\"https:\\\/\\\/forvalour.ca\\\/fr\\\/gray\\\/carriere-militaire\\\/#breadcrumb\"},\"inLanguage\":\"fr-FR\",\"potentialAction\":[{\"@type\":\"ReadAction\",\"target\":[\"https:\\\/\\\/forvalour.ca\\\/fr\\\/gray\\\/carriere-militaire\\\/\"]}]},{\"@type\":\"BreadcrumbList\",\"@id\":\"https:\\\/\\\/forvalour.ca\\\/fr\\\/gray\\\/carriere-militaire\\\/#breadcrumb\",\"itemListElement\":[{\"@type\":\"ListItem\",\"position\":1,\"name\":\"Home\",\"item\":\"https:\\\/\\\/forvalour.ca\\\/fr\\\/\"},{\"@type\":\"ListItem\",\"position\":2,\"name\":\"Robert Gray\",\"item\":\"https:\\\/\\\/forvalour.ca\\\/fr\\\/gray\\\/\"},{\"@type\":\"ListItem\",\"position\":3,\"name\":\"Carri\u00e8re Militaire\"}]},{\"@type\":\"WebSite\",\"@id\":\"https:\\\/\\\/forvalour.ca\\\/fr\\\/#website\",\"url\":\"https:\\\/\\\/forvalour.ca\\\/fr\\\/\",\"name\":\"For Valour\",\"description\":\"Canadian Airmen and the Victoria Cross\",\"publisher\":{\"@id\":\"https:\\\/\\\/forvalour.ca\\\/fr\\\/#organization\"},\"potentialAction\":[{\"@type\":\"SearchAction\",\"target\":{\"@type\":\"EntryPoint\",\"urlTemplate\":\"https:\\\/\\\/forvalour.ca\\\/fr\\\/?s={search_term_string}\"},\"query-input\":{\"@type\":\"PropertyValueSpecification\",\"valueRequired\":true,\"valueName\":\"search_term_string\"}}],\"inLanguage\":\"fr-FR\"},{\"@type\":\"Organization\",\"@id\":\"https:\\\/\\\/forvalour.ca\\\/fr\\\/#organization\",\"name\":\"For Valour\",\"url\":\"https:\\\/\\\/forvalour.ca\\\/fr\\\/\",\"logo\":{\"@type\":\"ImageObject\",\"inLanguage\":\"fr-FR\",\"@id\":\"https:\\\/\\\/forvalour.ca\\\/fr\\\/#\\\/schema\\\/logo\\\/image\\\/\",\"url\":\"https:\\\/\\\/forvalour.ca\\\/wp-content\\\/uploads\\\/2021\\\/09\\\/cropped-for-valour-medal-new.png\",\"contentUrl\":\"https:\\\/\\\/forvalour.ca\\\/wp-content\\\/uploads\\\/2021\\\/09\\\/cropped-for-valour-medal-new.png\",\"width\":512,\"height\":512,\"caption\":\"For Valour\"},\"image\":{\"@id\":\"https:\\\/\\\/forvalour.ca\\\/fr\\\/#\\\/schema\\\/logo\\\/image\\\/\"},\"sameAs\":[\"https:\\\/\\\/www.youtube.com\\\/channel\\\/UCRYVbXOUahuy0lj2UCo1Cag\"]}]}<\/script>\n<!-- \/ Yoast SEO plugin. -->","yoast_head_json":{"title":"Carri\u00e8re Militaire - Pour Bravoure - aviateurs canadiens et la Croix de Victoria","robots":{"index":"index","follow":"follow","max-snippet":"max-snippet:-1","max-image-preview":"max-image-preview:large","max-video-preview":"max-video-preview:-1"},"canonical":"https:\/\/forvalour.ca\/fr\/gray\/carriere-militaire\/","og_locale":"fr_FR","og_type":"article","og_title":"Carri\u00e8re Militaire - Pour Bravoure - aviateurs canadiens et la Croix de Victoria","og_description":"\u00c0 l&rsquo;\u00e9t\u00e9 de 1940, Hampton Gray s&rsquo;enr\u00f4le dans la R\u00e9serve de volontaires de la Marine royale du Canada (RVMRC), \u00e0 titre d&rsquo;aspirant-officier. Il se rend compte qu&rsquo;il lui faudra beaucoup de temps pour monter en grade dans la RVMRC, et il d\u00e9cide donc de demander une mutation dans l&rsquo;a\u00e9ronavale britannique (Royal Navy Fleet Air Arm). [&hellip;]","og_url":"https:\/\/forvalour.ca\/fr\/gray\/carriere-militaire\/","og_site_name":"Pour Bravoure - aviateurs canadiens et la Croix de Victoria","twitter_card":"summary_large_image","twitter_misc":{"Dur\u00e9e de lecture estim\u00e9e":"2 minutes"},"schema":{"@context":"https:\/\/schema.org","@graph":[{"@type":"WebPage","@id":"https:\/\/forvalour.ca\/fr\/gray\/carriere-militaire\/","url":"https:\/\/forvalour.ca\/fr\/gray\/carriere-militaire\/","name":"Carri\u00e8re Militaire - Pour Bravoure - aviateurs canadiens et la Croix de Victoria","isPartOf":{"@id":"https:\/\/forvalour.ca\/fr\/#website"},"datePublished":"2021-09-16T15:25:21+00:00","breadcrumb":{"@id":"https:\/\/forvalour.ca\/fr\/gray\/carriere-militaire\/#breadcrumb"},"inLanguage":"fr-FR","potentialAction":[{"@type":"ReadAction","target":["https:\/\/forvalour.ca\/fr\/gray\/carriere-militaire\/"]}]},{"@type":"BreadcrumbList","@id":"https:\/\/forvalour.ca\/fr\/gray\/carriere-militaire\/#breadcrumb","itemListElement":[{"@type":"ListItem","position":1,"name":"Home","item":"https:\/\/forvalour.ca\/fr\/"},{"@type":"ListItem","position":2,"name":"Robert Gray","item":"https:\/\/forvalour.ca\/fr\/gray\/"},{"@type":"ListItem","position":3,"name":"Carri\u00e8re Militaire"}]},{"@type":"WebSite","@id":"https:\/\/forvalour.ca\/fr\/#website","url":"https:\/\/forvalour.ca\/fr\/","name":"For Valour","description":"Canadian Airmen and the Victoria Cross","publisher":{"@id":"https:\/\/forvalour.ca\/fr\/#organization"},"potentialAction":[{"@type":"SearchAction","target":{"@type":"EntryPoint","urlTemplate":"https:\/\/forvalour.ca\/fr\/?s={search_term_string}"},"query-input":{"@type":"PropertyValueSpecification","valueRequired":true,"valueName":"search_term_string"}}],"inLanguage":"fr-FR"},{"@type":"Organization","@id":"https:\/\/forvalour.ca\/fr\/#organization","name":"For Valour","url":"https:\/\/forvalour.ca\/fr\/","logo":{"@type":"ImageObject","inLanguage":"fr-FR","@id":"https:\/\/forvalour.ca\/fr\/#\/schema\/logo\/image\/","url":"https:\/\/forvalour.ca\/wp-content\/uploads\/2021\/09\/cropped-for-valour-medal-new.png","contentUrl":"https:\/\/forvalour.ca\/wp-content\/uploads\/2021\/09\/cropped-for-valour-medal-new.png","width":512,"height":512,"caption":"For Valour"},"image":{"@id":"https:\/\/forvalour.ca\/fr\/#\/schema\/logo\/image\/"},"sameAs":["https:\/\/www.youtube.com\/channel\/UCRYVbXOUahuy0lj2UCo1Cag"]}]}},"_links":{"self":[{"href":"https:\/\/forvalour.ca\/fr\/wp-json\/wp\/v2\/pages\/682","targetHints":{"allow":["GET"]}}],"collection":[{"href":"https:\/\/forvalour.ca\/fr\/wp-json\/wp\/v2\/pages"}],"about":[{"href":"https:\/\/forvalour.ca\/fr\/wp-json\/wp\/v2\/types\/page"}],"author":[{"embeddable":true,"href":"https:\/\/forvalour.ca\/fr\/wp-json\/wp\/v2\/users\/1"}],"replies":[{"embeddable":true,"href":"https:\/\/forvalour.ca\/fr\/wp-json\/wp\/v2\/comments?post=682"}],"version-history":[{"count":2,"href":"https:\/\/forvalour.ca\/fr\/wp-json\/wp\/v2\/pages\/682\/revisions"}],"predecessor-version":[{"id":684,"href":"https:\/\/forvalour.ca\/fr\/wp-json\/wp\/v2\/pages\/682\/revisions\/684"}],"up":[{"embeddable":true,"href":"https:\/\/forvalour.ca\/fr\/wp-json\/wp\/v2\/pages\/657"}],"wp:attachment":[{"href":"https:\/\/forvalour.ca\/fr\/wp-json\/wp\/v2\/media?parent=682"}],"curies":[{"name":"wp","href":"https:\/\/api.w.org\/{rel}","templated":true}]}}