{"id":685,"date":"2021-09-16T10:27:45","date_gmt":"2021-09-16T15:27:45","guid":{"rendered":"https:\/\/forvalour.ca\/?page_id=685"},"modified":"2021-09-16T10:27:46","modified_gmt":"2021-09-16T15:27:46","slug":"outils-de-guerre","status":"publish","type":"page","link":"https:\/\/forvalour.ca\/fr\/gray\/outils-de-guerre\/","title":{"rendered":"Outils de Guerre"},"content":{"rendered":"\n<figure class=\"wp-block-image size-full\"><img loading=\"lazy\" decoding=\"async\" width=\"360\" height=\"253\" src=\"http:\/\/forvalour.ca\/wp-content\/uploads\/2021\/09\/corsair-001.jpg\" alt=\"Corsair\" class=\"wp-image-334\" srcset=\"https:\/\/forvalour.ca\/wp-content\/uploads\/2021\/09\/corsair-001.jpg 360w, https:\/\/forvalour.ca\/wp-content\/uploads\/2021\/09\/corsair-001-300x211.jpg 300w\" sizes=\"auto, (max-width: 360px) 100vw, 360px\" \/><\/figure>\n\n\n\n<h4 class=\"wp-block-heading\">Goodyear FG-1D Corsair<\/h4>\n\n\n\n<p>Le Corsair \u00e9tait consid\u00e9r\u00e9 comme l&rsquo;un des meilleurs chasseurs embarqu\u00e9s de la Deuxi\u00e8me Guerre mondiale. \u00c0 compter de 1940, on a produit plus de 12 000 Corsair pour plusieurs pays alli\u00e9s. Goodyear construisait l&rsquo;avion avec l&rsquo;autorisation de Chance Vought, qui l&rsquo;avait con\u00e7u \u00e0 l&rsquo;origine sous l&rsquo;appellation F4U. Au pic de la production, la demande pour cet appareil \u00e9tait \u00e9norme.<\/p>\n\n\n\n<p>L&rsquo;unique moteur Pratt &amp; Whitney R-2800 18&nbsp;cylindres de 2&nbsp;000 chevaux \u00e9tait incroyablement puissant. Combin\u00e9 avec l&rsquo;h\u00e9lice de plus de 3&nbsp;m\u00e8tres, ce moteur rendait le Corsair extr\u00eamement rapide et agile. Sa vitesse de pointe d\u00e9passait 600 kilom\u00e8tres \u00e0 l&rsquo;heure. Les ailes se repliaient vers le haut pour le transport sur porte-avions et, m\u00eame d\u00e9pli\u00e9es, pointaient vers le haut. Les Corsair construits plus tard pendant la Deuxi\u00e8me Guerre mondiale pouvaient transporter deux bombes de 450 kilogrammes et huit roquettes sous les ailes. Ils \u00e9taient \u00e9galement \u00e9quip\u00e9s de six mitrailleuses de calibre 0,50 int\u00e9gr\u00e9es dans les ailes.<\/p>\n\n\n\n<p>Certains Japonais surnommaient le Corsair \u00ab Fant\u00f4me chuchoteur \u00bb parce qu&rsquo;il approchait souvent si silencieusement qu&rsquo;on n&rsquo;\u00e9tait pas averti de son arriv\u00e9e. On le surnommait aussi parfois \u00ab La mort sifflante \u00bb en raison du sifflement provoqu\u00e9 par l&rsquo;admission d&rsquo;air.<\/p>\n\n\n\n<p>Tous ne sont pas d&rsquo;accord sur le num\u00e9ro d&rsquo;appel du Corsair de Hammy Gray. On a d\u00e9cid\u00e9 de peindre le num\u00e9ro 115 sur le Corsair comm\u00e9moratif, l&rsquo;un des avions que Gray pourrait avoir pilot\u00e9 lors de sa derni\u00e8re mission. Son avion ordinaire, qui portait le num\u00e9ro d&rsquo;appel 119, \u00e9tait bloqu\u00e9 entre deux avions endommag\u00e9s sur le pont de remisage.<\/p>\n","protected":false},"excerpt":{"rendered":"<p>Goodyear FG-1D Corsair Le Corsair \u00e9tait consid\u00e9r\u00e9 comme l&rsquo;un des meilleurs chasseurs embarqu\u00e9s de la Deuxi\u00e8me Guerre mondiale. \u00c0 compter de 1940, on a produit plus de 12 000 Corsair pour plusieurs pays alli\u00e9s. Goodyear construisait l&rsquo;avion avec l&rsquo;autorisation de Chance Vought, qui l&rsquo;avait con\u00e7u \u00e0 l&rsquo;origine sous l&rsquo;appellation F4U. Au pic de la production, [&hellip;]<\/p>\n","protected":false},"author":1,"featured_media":0,"parent":657,"menu_order":3,"comment_status":"closed","ping_status":"closed","template":"","meta":{"_acf_changed":false,"footnotes":""},"class_list":["post-685","page","type-page","status-publish","hentry"],"acf":[],"yoast_head":"<!-- This site is optimized with the Yoast SEO plugin v27.3 - https:\/\/yoast.com\/product\/yoast-seo-wordpress\/ -->\n<title>Outils de Guerre - Pour Bravoure - aviateurs canadiens et la Croix de Victoria<\/title>\n<meta name=\"robots\" content=\"index, follow, max-snippet:-1, max-image-preview:large, max-video-preview:-1\" \/>\n<link rel=\"canonical\" href=\"https:\/\/forvalour.ca\/fr\/gray\/outils-de-guerre\/\" \/>\n<meta property=\"og:locale\" content=\"fr_FR\" \/>\n<meta property=\"og:type\" content=\"article\" \/>\n<meta property=\"og:title\" content=\"Outils de Guerre - Pour Bravoure - aviateurs canadiens et la Croix de Victoria\" \/>\n<meta property=\"og:description\" content=\"Goodyear FG-1D Corsair Le Corsair \u00e9tait consid\u00e9r\u00e9 comme l&rsquo;un des meilleurs chasseurs embarqu\u00e9s de la Deuxi\u00e8me Guerre mondiale. \u00c0 compter de 1940, on a produit plus de 12 000 Corsair pour plusieurs pays alli\u00e9s. Goodyear construisait l&rsquo;avion avec l&rsquo;autorisation de Chance Vought, qui l&rsquo;avait con\u00e7u \u00e0 l&rsquo;origine sous l&rsquo;appellation F4U. Au pic de la production, [&hellip;]\" \/>\n<meta property=\"og:url\" content=\"https:\/\/forvalour.ca\/fr\/gray\/outils-de-guerre\/\" \/>\n<meta property=\"og:site_name\" content=\"Pour Bravoure - aviateurs canadiens et la Croix de Victoria\" \/>\n<meta property=\"article:modified_time\" content=\"2021-09-16T15:27:46+00:00\" \/>\n<meta property=\"og:image\" content=\"http:\/\/forvalour.ca\/wp-content\/uploads\/2021\/09\/corsair-001.jpg\" \/>\n<meta name=\"twitter:card\" content=\"summary_large_image\" \/>\n<meta name=\"twitter:label1\" content=\"Dur\u00e9e de lecture estim\u00e9e\" \/>\n\t<meta name=\"twitter:data1\" content=\"1 minute\" \/>\n<script type=\"application\/ld+json\" class=\"yoast-schema-graph\">{\"@context\":\"https:\\\/\\\/schema.org\",\"@graph\":[{\"@type\":\"WebPage\",\"@id\":\"https:\\\/\\\/forvalour.ca\\\/fr\\\/gray\\\/outils-de-guerre\\\/\",\"url\":\"https:\\\/\\\/forvalour.ca\\\/fr\\\/gray\\\/outils-de-guerre\\\/\",\"name\":\"Outils de Guerre - Pour Bravoure - aviateurs canadiens et la Croix de Victoria\",\"isPartOf\":{\"@id\":\"https:\\\/\\\/forvalour.ca\\\/fr\\\/#website\"},\"primaryImageOfPage\":{\"@id\":\"https:\\\/\\\/forvalour.ca\\\/fr\\\/gray\\\/outils-de-guerre\\\/#primaryimage\"},\"image\":{\"@id\":\"https:\\\/\\\/forvalour.ca\\\/fr\\\/gray\\\/outils-de-guerre\\\/#primaryimage\"},\"thumbnailUrl\":\"http:\\\/\\\/forvalour.ca\\\/wp-content\\\/uploads\\\/2021\\\/09\\\/corsair-001.jpg\",\"datePublished\":\"2021-09-16T15:27:45+00:00\",\"dateModified\":\"2021-09-16T15:27:46+00:00\",\"breadcrumb\":{\"@id\":\"https:\\\/\\\/forvalour.ca\\\/fr\\\/gray\\\/outils-de-guerre\\\/#breadcrumb\"},\"inLanguage\":\"fr-FR\",\"potentialAction\":[{\"@type\":\"ReadAction\",\"target\":[\"https:\\\/\\\/forvalour.ca\\\/fr\\\/gray\\\/outils-de-guerre\\\/\"]}]},{\"@type\":\"ImageObject\",\"inLanguage\":\"fr-FR\",\"@id\":\"https:\\\/\\\/forvalour.ca\\\/fr\\\/gray\\\/outils-de-guerre\\\/#primaryimage\",\"url\":\"http:\\\/\\\/forvalour.ca\\\/wp-content\\\/uploads\\\/2021\\\/09\\\/corsair-001.jpg\",\"contentUrl\":\"http:\\\/\\\/forvalour.ca\\\/wp-content\\\/uploads\\\/2021\\\/09\\\/corsair-001.jpg\"},{\"@type\":\"BreadcrumbList\",\"@id\":\"https:\\\/\\\/forvalour.ca\\\/fr\\\/gray\\\/outils-de-guerre\\\/#breadcrumb\",\"itemListElement\":[{\"@type\":\"ListItem\",\"position\":1,\"name\":\"Home\",\"item\":\"https:\\\/\\\/forvalour.ca\\\/fr\\\/\"},{\"@type\":\"ListItem\",\"position\":2,\"name\":\"Robert Gray\",\"item\":\"https:\\\/\\\/forvalour.ca\\\/fr\\\/gray\\\/\"},{\"@type\":\"ListItem\",\"position\":3,\"name\":\"Outils de Guerre\"}]},{\"@type\":\"WebSite\",\"@id\":\"https:\\\/\\\/forvalour.ca\\\/fr\\\/#website\",\"url\":\"https:\\\/\\\/forvalour.ca\\\/fr\\\/\",\"name\":\"For Valour\",\"description\":\"Canadian Airmen and the Victoria Cross\",\"publisher\":{\"@id\":\"https:\\\/\\\/forvalour.ca\\\/fr\\\/#organization\"},\"potentialAction\":[{\"@type\":\"SearchAction\",\"target\":{\"@type\":\"EntryPoint\",\"urlTemplate\":\"https:\\\/\\\/forvalour.ca\\\/fr\\\/?s={search_term_string}\"},\"query-input\":{\"@type\":\"PropertyValueSpecification\",\"valueRequired\":true,\"valueName\":\"search_term_string\"}}],\"inLanguage\":\"fr-FR\"},{\"@type\":\"Organization\",\"@id\":\"https:\\\/\\\/forvalour.ca\\\/fr\\\/#organization\",\"name\":\"For Valour\",\"url\":\"https:\\\/\\\/forvalour.ca\\\/fr\\\/\",\"logo\":{\"@type\":\"ImageObject\",\"inLanguage\":\"fr-FR\",\"@id\":\"https:\\\/\\\/forvalour.ca\\\/fr\\\/#\\\/schema\\\/logo\\\/image\\\/\",\"url\":\"https:\\\/\\\/forvalour.ca\\\/wp-content\\\/uploads\\\/2021\\\/09\\\/cropped-for-valour-medal-new.png\",\"contentUrl\":\"https:\\\/\\\/forvalour.ca\\\/wp-content\\\/uploads\\\/2021\\\/09\\\/cropped-for-valour-medal-new.png\",\"width\":512,\"height\":512,\"caption\":\"For Valour\"},\"image\":{\"@id\":\"https:\\\/\\\/forvalour.ca\\\/fr\\\/#\\\/schema\\\/logo\\\/image\\\/\"},\"sameAs\":[\"https:\\\/\\\/www.youtube.com\\\/channel\\\/UCRYVbXOUahuy0lj2UCo1Cag\"]}]}<\/script>\n<!-- \/ Yoast SEO plugin. -->","yoast_head_json":{"title":"Outils de Guerre - Pour Bravoure - aviateurs canadiens et la Croix de Victoria","robots":{"index":"index","follow":"follow","max-snippet":"max-snippet:-1","max-image-preview":"max-image-preview:large","max-video-preview":"max-video-preview:-1"},"canonical":"https:\/\/forvalour.ca\/fr\/gray\/outils-de-guerre\/","og_locale":"fr_FR","og_type":"article","og_title":"Outils de Guerre - Pour Bravoure - aviateurs canadiens et la Croix de Victoria","og_description":"Goodyear FG-1D Corsair Le Corsair \u00e9tait consid\u00e9r\u00e9 comme l&rsquo;un des meilleurs chasseurs embarqu\u00e9s de la Deuxi\u00e8me Guerre mondiale. \u00c0 compter de 1940, on a produit plus de 12 000 Corsair pour plusieurs pays alli\u00e9s. Goodyear construisait l&rsquo;avion avec l&rsquo;autorisation de Chance Vought, qui l&rsquo;avait con\u00e7u \u00e0 l&rsquo;origine sous l&rsquo;appellation F4U. Au pic de la production, [&hellip;]","og_url":"https:\/\/forvalour.ca\/fr\/gray\/outils-de-guerre\/","og_site_name":"Pour Bravoure - aviateurs canadiens et la Croix de Victoria","article_modified_time":"2021-09-16T15:27:46+00:00","og_image":[{"url":"http:\/\/forvalour.ca\/wp-content\/uploads\/2021\/09\/corsair-001.jpg","type":"","width":"","height":""}],"twitter_card":"summary_large_image","twitter_misc":{"Dur\u00e9e de lecture estim\u00e9e":"1 minute"},"schema":{"@context":"https:\/\/schema.org","@graph":[{"@type":"WebPage","@id":"https:\/\/forvalour.ca\/fr\/gray\/outils-de-guerre\/","url":"https:\/\/forvalour.ca\/fr\/gray\/outils-de-guerre\/","name":"Outils de Guerre - Pour Bravoure - aviateurs canadiens et la Croix de Victoria","isPartOf":{"@id":"https:\/\/forvalour.ca\/fr\/#website"},"primaryImageOfPage":{"@id":"https:\/\/forvalour.ca\/fr\/gray\/outils-de-guerre\/#primaryimage"},"image":{"@id":"https:\/\/forvalour.ca\/fr\/gray\/outils-de-guerre\/#primaryimage"},"thumbnailUrl":"http:\/\/forvalour.ca\/wp-content\/uploads\/2021\/09\/corsair-001.jpg","datePublished":"2021-09-16T15:27:45+00:00","dateModified":"2021-09-16T15:27:46+00:00","breadcrumb":{"@id":"https:\/\/forvalour.ca\/fr\/gray\/outils-de-guerre\/#breadcrumb"},"inLanguage":"fr-FR","potentialAction":[{"@type":"ReadAction","target":["https:\/\/forvalour.ca\/fr\/gray\/outils-de-guerre\/"]}]},{"@type":"ImageObject","inLanguage":"fr-FR","@id":"https:\/\/forvalour.ca\/fr\/gray\/outils-de-guerre\/#primaryimage","url":"http:\/\/forvalour.ca\/wp-content\/uploads\/2021\/09\/corsair-001.jpg","contentUrl":"http:\/\/forvalour.ca\/wp-content\/uploads\/2021\/09\/corsair-001.jpg"},{"@type":"BreadcrumbList","@id":"https:\/\/forvalour.ca\/fr\/gray\/outils-de-guerre\/#breadcrumb","itemListElement":[{"@type":"ListItem","position":1,"name":"Home","item":"https:\/\/forvalour.ca\/fr\/"},{"@type":"ListItem","position":2,"name":"Robert Gray","item":"https:\/\/forvalour.ca\/fr\/gray\/"},{"@type":"ListItem","position":3,"name":"Outils de Guerre"}]},{"@type":"WebSite","@id":"https:\/\/forvalour.ca\/fr\/#website","url":"https:\/\/forvalour.ca\/fr\/","name":"For Valour","description":"Canadian Airmen and the Victoria Cross","publisher":{"@id":"https:\/\/forvalour.ca\/fr\/#organization"},"potentialAction":[{"@type":"SearchAction","target":{"@type":"EntryPoint","urlTemplate":"https:\/\/forvalour.ca\/fr\/?s={search_term_string}"},"query-input":{"@type":"PropertyValueSpecification","valueRequired":true,"valueName":"search_term_string"}}],"inLanguage":"fr-FR"},{"@type":"Organization","@id":"https:\/\/forvalour.ca\/fr\/#organization","name":"For Valour","url":"https:\/\/forvalour.ca\/fr\/","logo":{"@type":"ImageObject","inLanguage":"fr-FR","@id":"https:\/\/forvalour.ca\/fr\/#\/schema\/logo\/image\/","url":"https:\/\/forvalour.ca\/wp-content\/uploads\/2021\/09\/cropped-for-valour-medal-new.png","contentUrl":"https:\/\/forvalour.ca\/wp-content\/uploads\/2021\/09\/cropped-for-valour-medal-new.png","width":512,"height":512,"caption":"For Valour"},"image":{"@id":"https:\/\/forvalour.ca\/fr\/#\/schema\/logo\/image\/"},"sameAs":["https:\/\/www.youtube.com\/channel\/UCRYVbXOUahuy0lj2UCo1Cag"]}]}},"_links":{"self":[{"href":"https:\/\/forvalour.ca\/fr\/wp-json\/wp\/v2\/pages\/685","targetHints":{"allow":["GET"]}}],"collection":[{"href":"https:\/\/forvalour.ca\/fr\/wp-json\/wp\/v2\/pages"}],"about":[{"href":"https:\/\/forvalour.ca\/fr\/wp-json\/wp\/v2\/types\/page"}],"author":[{"embeddable":true,"href":"https:\/\/forvalour.ca\/fr\/wp-json\/wp\/v2\/users\/1"}],"replies":[{"embeddable":true,"href":"https:\/\/forvalour.ca\/fr\/wp-json\/wp\/v2\/comments?post=685"}],"version-history":[{"count":2,"href":"https:\/\/forvalour.ca\/fr\/wp-json\/wp\/v2\/pages\/685\/revisions"}],"predecessor-version":[{"id":687,"href":"https:\/\/forvalour.ca\/fr\/wp-json\/wp\/v2\/pages\/685\/revisions\/687"}],"up":[{"embeddable":true,"href":"https:\/\/forvalour.ca\/fr\/wp-json\/wp\/v2\/pages\/657"}],"wp:attachment":[{"href":"https:\/\/forvalour.ca\/fr\/wp-json\/wp\/v2\/media?parent=685"}],"curies":[{"name":"wp","href":"https:\/\/api.w.org\/{rel}","templated":true}]}}