{"id":688,"date":"2021-09-16T10:28:15","date_gmt":"2021-09-16T15:28:15","guid":{"rendered":"https:\/\/forvalour.ca\/?page_id=688"},"modified":"2021-09-16T10:28:15","modified_gmt":"2021-09-16T15:28:15","slug":"citation","status":"publish","type":"page","link":"https:\/\/forvalour.ca\/fr\/gray\/citation\/","title":{"rendered":"Citation"},"content":{"rendered":"\n<p>Pour bravoure exceptionnelle alors qu&rsquo;il dirigeait une attaque en s&rsquo;approchant \u00e0 moins de 50 pieds d&rsquo;un contre-torpilleur japonais, sous un barrage d&rsquo;artillerie anti-a\u00e9rienne intense. Il a r\u00e9ussi \u00e0 couler le contre-torpilleur, bien que son appareil touch\u00e9 f\u00fbt en flammes et qu&rsquo;il ait finalement \u00e9t\u00e9 tu\u00e9 dans l&rsquo;attaque. Il faisait partie du groupe vaillant de pilotes de l&rsquo;a\u00e9ronavale qui, \u00e0 partir de d\u00e9cembre 1944, s&rsquo;\u00e9taient battus avec succ\u00e8s contre les Japonais de Palembang jusqu&rsquo;\u00e0 Tokyo. Le fait d&rsquo;armes relat\u00e9 ici a eu lieu le 9 ao\u00fbt 1945 dans la baie d&rsquo;Onagawa. Hampton Gray menait une attaque qu&rsquo;il n&rsquo;a pas abandonn\u00e9e malgr\u00e9 les tirs des batteries c\u00f4ti\u00e8res et d&rsquo;au moins huit navires de guerre. Son avion \u00e9tait en flammes, mais il a r\u00e9ussi \u00e0 atteindre l&rsquo;objectif au moins une fois, et ce coup au but a coul\u00e9 le b\u00e2timent ennemi.<\/p>\n\n\n\n<p>Le Lieutenant R.H. Gray, D.S.C., RVMRC, de Nelson (Colombie-Britannique), a d\u00e9coll\u00e9 du porte-avions&nbsp;HMS Formidable&nbsp;le 9 ao\u00fbt 1945 pour diriger une attaque contre des navires japonais dans la baie d&rsquo;Onagawa pr\u00e8s de l&rsquo;\u00eele de Honshu, au Japon. Les pilotes ont trouv\u00e9 des b\u00e2timents japonais dans la baie et ont d\u00e9clench\u00e9 leur attaque. Les batteries de l&rsquo;arm\u00e9e au sol ainsi que les navires de guerre pr\u00e9sents dans la baie ont dirig\u00e9 des tirs furieux sur les avions. La cible choisie par le Lieutenant Gray \u00e9tait un contre-torpilleur. Il a piqu\u00e9 sur son objectif en faisant fi des tirs dirig\u00e9s contre lui. Son avion a \u00e9t\u00e9 touch\u00e9 \u00e0 maintes reprises, mais il a pers\u00e9v\u00e9r\u00e9 dans son attaque. Alors qu&rsquo;il s&rsquo;approchait du contre-torpilleur, son avion a pris feu, mais il a poursuivi sa course jusqu&rsquo;\u00e0 une cinquantaine de pieds du navire japonais et a largu\u00e9 ses bombes, dont au moins une a touch\u00e9 l&rsquo;objectif. Le contre-torpilleur a sombr\u00e9 presque imm\u00e9diatement. Le Lieutenant Gray a p\u00e9ri. Il avait donn\u00e9 sa vie \u00e0 la toute fin de sa mission, caract\u00e9ris\u00e9e par un grand courage.<\/p>\n","protected":false},"excerpt":{"rendered":"<p>Pour bravoure exceptionnelle alors qu&rsquo;il dirigeait une attaque en s&rsquo;approchant \u00e0 moins de 50 pieds d&rsquo;un contre-torpilleur japonais, sous un barrage d&rsquo;artillerie anti-a\u00e9rienne intense. Il a r\u00e9ussi \u00e0 couler le contre-torpilleur, bien que son appareil touch\u00e9 f\u00fbt en flammes et qu&rsquo;il ait finalement \u00e9t\u00e9 tu\u00e9 dans l&rsquo;attaque. Il faisait partie du groupe vaillant de pilotes [&hellip;]<\/p>\n","protected":false},"author":1,"featured_media":0,"parent":657,"menu_order":4,"comment_status":"closed","ping_status":"closed","template":"","meta":{"_acf_changed":false,"footnotes":""},"class_list":["post-688","page","type-page","status-publish","hentry"],"acf":[],"yoast_head":"<!-- This site is optimized with the Yoast SEO plugin v27.3 - https:\/\/yoast.com\/product\/yoast-seo-wordpress\/ -->\n<title>Citation - Pour Bravoure - aviateurs canadiens et la Croix de Victoria<\/title>\n<meta name=\"robots\" content=\"index, follow, max-snippet:-1, max-image-preview:large, max-video-preview:-1\" \/>\n<link rel=\"canonical\" href=\"https:\/\/forvalour.ca\/fr\/gray\/citation\/\" \/>\n<meta property=\"og:locale\" content=\"fr_FR\" \/>\n<meta property=\"og:type\" content=\"article\" \/>\n<meta property=\"og:title\" content=\"Citation - Pour Bravoure - aviateurs canadiens et la Croix de Victoria\" \/>\n<meta property=\"og:description\" content=\"Pour bravoure exceptionnelle alors qu&rsquo;il dirigeait une attaque en s&rsquo;approchant \u00e0 moins de 50 pieds d&rsquo;un contre-torpilleur japonais, sous un barrage d&rsquo;artillerie anti-a\u00e9rienne intense. Il a r\u00e9ussi \u00e0 couler le contre-torpilleur, bien que son appareil touch\u00e9 f\u00fbt en flammes et qu&rsquo;il ait finalement \u00e9t\u00e9 tu\u00e9 dans l&rsquo;attaque. Il faisait partie du groupe vaillant de pilotes [&hellip;]\" \/>\n<meta property=\"og:url\" content=\"https:\/\/forvalour.ca\/fr\/gray\/citation\/\" \/>\n<meta property=\"og:site_name\" content=\"Pour Bravoure - aviateurs canadiens et la Croix de Victoria\" \/>\n<meta name=\"twitter:card\" content=\"summary_large_image\" \/>\n<meta name=\"twitter:label1\" content=\"Dur\u00e9e de lecture estim\u00e9e\" \/>\n\t<meta name=\"twitter:data1\" content=\"2 minutes\" \/>\n<script type=\"application\/ld+json\" class=\"yoast-schema-graph\">{\"@context\":\"https:\\\/\\\/schema.org\",\"@graph\":[{\"@type\":\"WebPage\",\"@id\":\"https:\\\/\\\/forvalour.ca\\\/fr\\\/gray\\\/citation\\\/\",\"url\":\"https:\\\/\\\/forvalour.ca\\\/fr\\\/gray\\\/citation\\\/\",\"name\":\"Citation - Pour Bravoure - aviateurs canadiens et la Croix de Victoria\",\"isPartOf\":{\"@id\":\"https:\\\/\\\/forvalour.ca\\\/fr\\\/#website\"},\"datePublished\":\"2021-09-16T15:28:15+00:00\",\"breadcrumb\":{\"@id\":\"https:\\\/\\\/forvalour.ca\\\/fr\\\/gray\\\/citation\\\/#breadcrumb\"},\"inLanguage\":\"fr-FR\",\"potentialAction\":[{\"@type\":\"ReadAction\",\"target\":[\"https:\\\/\\\/forvalour.ca\\\/fr\\\/gray\\\/citation\\\/\"]}]},{\"@type\":\"BreadcrumbList\",\"@id\":\"https:\\\/\\\/forvalour.ca\\\/fr\\\/gray\\\/citation\\\/#breadcrumb\",\"itemListElement\":[{\"@type\":\"ListItem\",\"position\":1,\"name\":\"Home\",\"item\":\"https:\\\/\\\/forvalour.ca\\\/fr\\\/\"},{\"@type\":\"ListItem\",\"position\":2,\"name\":\"Robert Gray\",\"item\":\"https:\\\/\\\/forvalour.ca\\\/fr\\\/gray\\\/\"},{\"@type\":\"ListItem\",\"position\":3,\"name\":\"Citation\"}]},{\"@type\":\"WebSite\",\"@id\":\"https:\\\/\\\/forvalour.ca\\\/fr\\\/#website\",\"url\":\"https:\\\/\\\/forvalour.ca\\\/fr\\\/\",\"name\":\"For Valour\",\"description\":\"Canadian Airmen and the Victoria Cross\",\"publisher\":{\"@id\":\"https:\\\/\\\/forvalour.ca\\\/fr\\\/#organization\"},\"potentialAction\":[{\"@type\":\"SearchAction\",\"target\":{\"@type\":\"EntryPoint\",\"urlTemplate\":\"https:\\\/\\\/forvalour.ca\\\/fr\\\/?s={search_term_string}\"},\"query-input\":{\"@type\":\"PropertyValueSpecification\",\"valueRequired\":true,\"valueName\":\"search_term_string\"}}],\"inLanguage\":\"fr-FR\"},{\"@type\":\"Organization\",\"@id\":\"https:\\\/\\\/forvalour.ca\\\/fr\\\/#organization\",\"name\":\"For Valour\",\"url\":\"https:\\\/\\\/forvalour.ca\\\/fr\\\/\",\"logo\":{\"@type\":\"ImageObject\",\"inLanguage\":\"fr-FR\",\"@id\":\"https:\\\/\\\/forvalour.ca\\\/fr\\\/#\\\/schema\\\/logo\\\/image\\\/\",\"url\":\"https:\\\/\\\/forvalour.ca\\\/wp-content\\\/uploads\\\/2021\\\/09\\\/cropped-for-valour-medal-new.png\",\"contentUrl\":\"https:\\\/\\\/forvalour.ca\\\/wp-content\\\/uploads\\\/2021\\\/09\\\/cropped-for-valour-medal-new.png\",\"width\":512,\"height\":512,\"caption\":\"For Valour\"},\"image\":{\"@id\":\"https:\\\/\\\/forvalour.ca\\\/fr\\\/#\\\/schema\\\/logo\\\/image\\\/\"},\"sameAs\":[\"https:\\\/\\\/www.youtube.com\\\/channel\\\/UCRYVbXOUahuy0lj2UCo1Cag\"]}]}<\/script>\n<!-- \/ Yoast SEO plugin. -->","yoast_head_json":{"title":"Citation - Pour Bravoure - aviateurs canadiens et la Croix de Victoria","robots":{"index":"index","follow":"follow","max-snippet":"max-snippet:-1","max-image-preview":"max-image-preview:large","max-video-preview":"max-video-preview:-1"},"canonical":"https:\/\/forvalour.ca\/fr\/gray\/citation\/","og_locale":"fr_FR","og_type":"article","og_title":"Citation - Pour Bravoure - aviateurs canadiens et la Croix de Victoria","og_description":"Pour bravoure exceptionnelle alors qu&rsquo;il dirigeait une attaque en s&rsquo;approchant \u00e0 moins de 50 pieds d&rsquo;un contre-torpilleur japonais, sous un barrage d&rsquo;artillerie anti-a\u00e9rienne intense. Il a r\u00e9ussi \u00e0 couler le contre-torpilleur, bien que son appareil touch\u00e9 f\u00fbt en flammes et qu&rsquo;il ait finalement \u00e9t\u00e9 tu\u00e9 dans l&rsquo;attaque. Il faisait partie du groupe vaillant de pilotes [&hellip;]","og_url":"https:\/\/forvalour.ca\/fr\/gray\/citation\/","og_site_name":"Pour Bravoure - aviateurs canadiens et la Croix de Victoria","twitter_card":"summary_large_image","twitter_misc":{"Dur\u00e9e de lecture estim\u00e9e":"2 minutes"},"schema":{"@context":"https:\/\/schema.org","@graph":[{"@type":"WebPage","@id":"https:\/\/forvalour.ca\/fr\/gray\/citation\/","url":"https:\/\/forvalour.ca\/fr\/gray\/citation\/","name":"Citation - Pour Bravoure - aviateurs canadiens et la Croix de Victoria","isPartOf":{"@id":"https:\/\/forvalour.ca\/fr\/#website"},"datePublished":"2021-09-16T15:28:15+00:00","breadcrumb":{"@id":"https:\/\/forvalour.ca\/fr\/gray\/citation\/#breadcrumb"},"inLanguage":"fr-FR","potentialAction":[{"@type":"ReadAction","target":["https:\/\/forvalour.ca\/fr\/gray\/citation\/"]}]},{"@type":"BreadcrumbList","@id":"https:\/\/forvalour.ca\/fr\/gray\/citation\/#breadcrumb","itemListElement":[{"@type":"ListItem","position":1,"name":"Home","item":"https:\/\/forvalour.ca\/fr\/"},{"@type":"ListItem","position":2,"name":"Robert Gray","item":"https:\/\/forvalour.ca\/fr\/gray\/"},{"@type":"ListItem","position":3,"name":"Citation"}]},{"@type":"WebSite","@id":"https:\/\/forvalour.ca\/fr\/#website","url":"https:\/\/forvalour.ca\/fr\/","name":"For Valour","description":"Canadian Airmen and the Victoria Cross","publisher":{"@id":"https:\/\/forvalour.ca\/fr\/#organization"},"potentialAction":[{"@type":"SearchAction","target":{"@type":"EntryPoint","urlTemplate":"https:\/\/forvalour.ca\/fr\/?s={search_term_string}"},"query-input":{"@type":"PropertyValueSpecification","valueRequired":true,"valueName":"search_term_string"}}],"inLanguage":"fr-FR"},{"@type":"Organization","@id":"https:\/\/forvalour.ca\/fr\/#organization","name":"For Valour","url":"https:\/\/forvalour.ca\/fr\/","logo":{"@type":"ImageObject","inLanguage":"fr-FR","@id":"https:\/\/forvalour.ca\/fr\/#\/schema\/logo\/image\/","url":"https:\/\/forvalour.ca\/wp-content\/uploads\/2021\/09\/cropped-for-valour-medal-new.png","contentUrl":"https:\/\/forvalour.ca\/wp-content\/uploads\/2021\/09\/cropped-for-valour-medal-new.png","width":512,"height":512,"caption":"For Valour"},"image":{"@id":"https:\/\/forvalour.ca\/fr\/#\/schema\/logo\/image\/"},"sameAs":["https:\/\/www.youtube.com\/channel\/UCRYVbXOUahuy0lj2UCo1Cag"]}]}},"_links":{"self":[{"href":"https:\/\/forvalour.ca\/fr\/wp-json\/wp\/v2\/pages\/688","targetHints":{"allow":["GET"]}}],"collection":[{"href":"https:\/\/forvalour.ca\/fr\/wp-json\/wp\/v2\/pages"}],"about":[{"href":"https:\/\/forvalour.ca\/fr\/wp-json\/wp\/v2\/types\/page"}],"author":[{"embeddable":true,"href":"https:\/\/forvalour.ca\/fr\/wp-json\/wp\/v2\/users\/1"}],"replies":[{"embeddable":true,"href":"https:\/\/forvalour.ca\/fr\/wp-json\/wp\/v2\/comments?post=688"}],"version-history":[{"count":2,"href":"https:\/\/forvalour.ca\/fr\/wp-json\/wp\/v2\/pages\/688\/revisions"}],"predecessor-version":[{"id":690,"href":"https:\/\/forvalour.ca\/fr\/wp-json\/wp\/v2\/pages\/688\/revisions\/690"}],"up":[{"embeddable":true,"href":"https:\/\/forvalour.ca\/fr\/wp-json\/wp\/v2\/pages\/657"}],"wp:attachment":[{"href":"https:\/\/forvalour.ca\/fr\/wp-json\/wp\/v2\/media?parent=688"}],"curies":[{"name":"wp","href":"https:\/\/api.w.org\/{rel}","templated":true}]}}