{"id":691,"date":"2021-09-16T10:29:01","date_gmt":"2021-09-16T15:29:01","guid":{"rendered":"https:\/\/forvalour.ca\/?page_id=691"},"modified":"2021-09-16T10:29:02","modified_gmt":"2021-09-16T15:29:02","slug":"apres-la-guerre","status":"publish","type":"page","link":"https:\/\/forvalour.ca\/fr\/gray\/apres-la-guerre\/","title":{"rendered":"Apr\u00e8s la Guerre"},"content":{"rendered":"\n<p>Il existe un certain nombre de monuments, de plaques et d&rsquo;autres objets souvenirs \u00e9tablis \u00e0 la m\u00e9moire du Lieutenant de vaisseau Robert Hampton Gray, dont les suivants :<\/p>\n\n\n\n<ul class=\"wp-block-list\"><li>Le Monument aux marins, \u00e0 Halifax (Nouvelle-\u00c9cosse)<\/li><li>L&rsquo;H\u00f4tel de ville, \u00e0 Nelson (Colombie-Britannique)<\/li><li>Le parc Gyro, \u00e0 Nelson (Colombie-Britannique)<\/li><\/ul>\n\n\n\n<p>L&rsquo;\u00e9cole Robert Hampton Gray Memorial (\u00e0 la 12<sup>e<\/sup>&nbsp;Escadre, Base des Forces canadiennes Shearwater) est une \u00e9cole \u00e9l\u00e9mentaire de briques qui a \u00e9t\u00e9 d\u00e9di\u00e9e en 1952 \u00e0 la m\u00e9moire de Robert Hampton Gray, VC, RVMRC, pilote de la Deuxi\u00e8me Guerre mondiale. Le b\u00e2timent abrite aujourd&rsquo;hui le Centre de ressources pour les familles des militaires (CRFM) des Forces canadiennes et l&rsquo;\u00e9cole d&rsquo;enseignement du fran\u00e7ais.<\/p>\n\n\n\n<p>Le Kokanee&nbsp;Provincial Glacier Park&nbsp;comprend deux montagnes nomm\u00e9e \u00e0 la m\u00e9moire de Hampton et de son fr\u00e8re Jack, tous deux tu\u00e9s pendant la Deuxi\u00e8me Guerre mondiale. Un lac \u00e0 165 kilom\u00e8tres au nord d&rsquo;Edmonton (Alberta) a \u00e9t\u00e9 renomm\u00e9 lac Gray en 1983 en honneur de Hampton.<\/p>\n\n\n\n<p>Un monument \u00e0 l&rsquo;a\u00e9roport de Kingston, \u00e0 Kingston (Ontario), est d\u00e9di\u00e9 au Lieutenant Gray et aux 23 hommes de l&rsquo;a\u00e9ronavale (Fleet Air Arm) de la Grande-Bretagne et du Commonwealth tu\u00e9s \u00e0 l&rsquo;entra\u00eenement. Il a \u00e9t\u00e9 \u00e9rig\u00e9 en mai 1992 par la section Hampton Gray VC, du Groupe canadien de l&rsquo;a\u00e9ronavale. La filiale n<sup>o<\/sup>&nbsp;51 de la L\u00e9gion royale canadienne, \u00e0 Nelson (Colombie-Britannique) est d\u00e9di\u00e9e \u00e0 la glorieuse m\u00e9moire du Lieutenant Robert Hampton Gray, VC, D.S.C., membre de la R\u00e9serve des Volontaires de la Marine royale du Canada.<\/p>\n\n\n\n<p>Un monument a \u00e9galement \u00e9t\u00e9 \u00e9rig\u00e9 \u00e0 la m\u00e9moire de Hampton Gray sur les rives de la baie d&rsquo;Onagawa, \u00e0 quelques m\u00e8tres de l&rsquo;endroit o\u00f9 son avion s&rsquo;est \u00e9cras\u00e9; c&rsquo;est le seul monument d\u00e9di\u00e9 \u00e0 la m\u00e9moire d&rsquo;un soldat \u00e9tranger en sol japonais.<\/p>\n\n\n\n<p>Sa Croix de Victoria a \u00e9t\u00e9 pr\u00eat\u00e9e au Mus\u00e9e canadien de la guerre, \u00e0 Ottawa.<\/p>\n","protected":false},"excerpt":{"rendered":"<p>Il existe un certain nombre de monuments, de plaques et d&rsquo;autres objets souvenirs \u00e9tablis \u00e0 la m\u00e9moire du Lieutenant de vaisseau Robert Hampton Gray, dont les suivants : Le Monument aux marins, \u00e0 Halifax (Nouvelle-\u00c9cosse) L&rsquo;H\u00f4tel de ville, \u00e0 Nelson (Colombie-Britannique) Le parc Gyro, \u00e0 Nelson (Colombie-Britannique) L&rsquo;\u00e9cole Robert Hampton Gray Memorial (\u00e0 la 12e&nbsp;Escadre, [&hellip;]<\/p>\n","protected":false},"author":1,"featured_media":0,"parent":657,"menu_order":5,"comment_status":"closed","ping_status":"closed","template":"","meta":{"_acf_changed":false,"footnotes":""},"class_list":["post-691","page","type-page","status-publish","hentry"],"acf":[],"yoast_head":"<!-- This site is optimized with the Yoast SEO plugin v27.3 - https:\/\/yoast.com\/product\/yoast-seo-wordpress\/ -->\n<title>Apr\u00e8s la Guerre - Pour Bravoure - aviateurs canadiens et la Croix de Victoria<\/title>\n<meta name=\"robots\" content=\"index, follow, max-snippet:-1, max-image-preview:large, max-video-preview:-1\" \/>\n<link rel=\"canonical\" href=\"https:\/\/forvalour.ca\/fr\/gray\/apres-la-guerre\/\" \/>\n<meta property=\"og:locale\" content=\"fr_FR\" \/>\n<meta property=\"og:type\" content=\"article\" \/>\n<meta property=\"og:title\" content=\"Apr\u00e8s la Guerre - Pour Bravoure - aviateurs canadiens et la Croix de Victoria\" \/>\n<meta property=\"og:description\" content=\"Il existe un certain nombre de monuments, de plaques et d&rsquo;autres objets souvenirs \u00e9tablis \u00e0 la m\u00e9moire du Lieutenant de vaisseau Robert Hampton Gray, dont les suivants : Le Monument aux marins, \u00e0 Halifax (Nouvelle-\u00c9cosse) L&rsquo;H\u00f4tel de ville, \u00e0 Nelson (Colombie-Britannique) Le parc Gyro, \u00e0 Nelson (Colombie-Britannique) L&rsquo;\u00e9cole Robert Hampton Gray Memorial (\u00e0 la 12e&nbsp;Escadre, [&hellip;]\" \/>\n<meta property=\"og:url\" content=\"https:\/\/forvalour.ca\/fr\/gray\/apres-la-guerre\/\" \/>\n<meta property=\"og:site_name\" content=\"Pour Bravoure - aviateurs canadiens et la Croix de Victoria\" \/>\n<meta property=\"article:modified_time\" content=\"2021-09-16T15:29:02+00:00\" \/>\n<meta name=\"twitter:card\" content=\"summary_large_image\" \/>\n<meta name=\"twitter:label1\" content=\"Dur\u00e9e de lecture estim\u00e9e\" \/>\n\t<meta name=\"twitter:data1\" content=\"2 minutes\" \/>\n<script type=\"application\/ld+json\" class=\"yoast-schema-graph\">{\"@context\":\"https:\\\/\\\/schema.org\",\"@graph\":[{\"@type\":\"WebPage\",\"@id\":\"https:\\\/\\\/forvalour.ca\\\/fr\\\/gray\\\/apres-la-guerre\\\/\",\"url\":\"https:\\\/\\\/forvalour.ca\\\/fr\\\/gray\\\/apres-la-guerre\\\/\",\"name\":\"Apr\u00e8s la Guerre - Pour Bravoure - aviateurs canadiens et la Croix de Victoria\",\"isPartOf\":{\"@id\":\"https:\\\/\\\/forvalour.ca\\\/fr\\\/#website\"},\"datePublished\":\"2021-09-16T15:29:01+00:00\",\"dateModified\":\"2021-09-16T15:29:02+00:00\",\"breadcrumb\":{\"@id\":\"https:\\\/\\\/forvalour.ca\\\/fr\\\/gray\\\/apres-la-guerre\\\/#breadcrumb\"},\"inLanguage\":\"fr-FR\",\"potentialAction\":[{\"@type\":\"ReadAction\",\"target\":[\"https:\\\/\\\/forvalour.ca\\\/fr\\\/gray\\\/apres-la-guerre\\\/\"]}]},{\"@type\":\"BreadcrumbList\",\"@id\":\"https:\\\/\\\/forvalour.ca\\\/fr\\\/gray\\\/apres-la-guerre\\\/#breadcrumb\",\"itemListElement\":[{\"@type\":\"ListItem\",\"position\":1,\"name\":\"Home\",\"item\":\"https:\\\/\\\/forvalour.ca\\\/fr\\\/\"},{\"@type\":\"ListItem\",\"position\":2,\"name\":\"Robert Gray\",\"item\":\"https:\\\/\\\/forvalour.ca\\\/fr\\\/gray\\\/\"},{\"@type\":\"ListItem\",\"position\":3,\"name\":\"Apr\u00e8s la Guerre\"}]},{\"@type\":\"WebSite\",\"@id\":\"https:\\\/\\\/forvalour.ca\\\/fr\\\/#website\",\"url\":\"https:\\\/\\\/forvalour.ca\\\/fr\\\/\",\"name\":\"For Valour\",\"description\":\"Canadian Airmen and the Victoria Cross\",\"publisher\":{\"@id\":\"https:\\\/\\\/forvalour.ca\\\/fr\\\/#organization\"},\"potentialAction\":[{\"@type\":\"SearchAction\",\"target\":{\"@type\":\"EntryPoint\",\"urlTemplate\":\"https:\\\/\\\/forvalour.ca\\\/fr\\\/?s={search_term_string}\"},\"query-input\":{\"@type\":\"PropertyValueSpecification\",\"valueRequired\":true,\"valueName\":\"search_term_string\"}}],\"inLanguage\":\"fr-FR\"},{\"@type\":\"Organization\",\"@id\":\"https:\\\/\\\/forvalour.ca\\\/fr\\\/#organization\",\"name\":\"For Valour\",\"url\":\"https:\\\/\\\/forvalour.ca\\\/fr\\\/\",\"logo\":{\"@type\":\"ImageObject\",\"inLanguage\":\"fr-FR\",\"@id\":\"https:\\\/\\\/forvalour.ca\\\/fr\\\/#\\\/schema\\\/logo\\\/image\\\/\",\"url\":\"https:\\\/\\\/forvalour.ca\\\/wp-content\\\/uploads\\\/2021\\\/09\\\/cropped-for-valour-medal-new.png\",\"contentUrl\":\"https:\\\/\\\/forvalour.ca\\\/wp-content\\\/uploads\\\/2021\\\/09\\\/cropped-for-valour-medal-new.png\",\"width\":512,\"height\":512,\"caption\":\"For Valour\"},\"image\":{\"@id\":\"https:\\\/\\\/forvalour.ca\\\/fr\\\/#\\\/schema\\\/logo\\\/image\\\/\"},\"sameAs\":[\"https:\\\/\\\/www.youtube.com\\\/channel\\\/UCRYVbXOUahuy0lj2UCo1Cag\"]}]}<\/script>\n<!-- \/ Yoast SEO plugin. -->","yoast_head_json":{"title":"Apr\u00e8s la Guerre - Pour Bravoure - aviateurs canadiens et la Croix de Victoria","robots":{"index":"index","follow":"follow","max-snippet":"max-snippet:-1","max-image-preview":"max-image-preview:large","max-video-preview":"max-video-preview:-1"},"canonical":"https:\/\/forvalour.ca\/fr\/gray\/apres-la-guerre\/","og_locale":"fr_FR","og_type":"article","og_title":"Apr\u00e8s la Guerre - Pour Bravoure - aviateurs canadiens et la Croix de Victoria","og_description":"Il existe un certain nombre de monuments, de plaques et d&rsquo;autres objets souvenirs \u00e9tablis \u00e0 la m\u00e9moire du Lieutenant de vaisseau Robert Hampton Gray, dont les suivants : Le Monument aux marins, \u00e0 Halifax (Nouvelle-\u00c9cosse) L&rsquo;H\u00f4tel de ville, \u00e0 Nelson (Colombie-Britannique) Le parc Gyro, \u00e0 Nelson (Colombie-Britannique) L&rsquo;\u00e9cole Robert Hampton Gray Memorial (\u00e0 la 12e&nbsp;Escadre, [&hellip;]","og_url":"https:\/\/forvalour.ca\/fr\/gray\/apres-la-guerre\/","og_site_name":"Pour Bravoure - aviateurs canadiens et la Croix de Victoria","article_modified_time":"2021-09-16T15:29:02+00:00","twitter_card":"summary_large_image","twitter_misc":{"Dur\u00e9e de lecture estim\u00e9e":"2 minutes"},"schema":{"@context":"https:\/\/schema.org","@graph":[{"@type":"WebPage","@id":"https:\/\/forvalour.ca\/fr\/gray\/apres-la-guerre\/","url":"https:\/\/forvalour.ca\/fr\/gray\/apres-la-guerre\/","name":"Apr\u00e8s la Guerre - Pour Bravoure - aviateurs canadiens et la Croix de Victoria","isPartOf":{"@id":"https:\/\/forvalour.ca\/fr\/#website"},"datePublished":"2021-09-16T15:29:01+00:00","dateModified":"2021-09-16T15:29:02+00:00","breadcrumb":{"@id":"https:\/\/forvalour.ca\/fr\/gray\/apres-la-guerre\/#breadcrumb"},"inLanguage":"fr-FR","potentialAction":[{"@type":"ReadAction","target":["https:\/\/forvalour.ca\/fr\/gray\/apres-la-guerre\/"]}]},{"@type":"BreadcrumbList","@id":"https:\/\/forvalour.ca\/fr\/gray\/apres-la-guerre\/#breadcrumb","itemListElement":[{"@type":"ListItem","position":1,"name":"Home","item":"https:\/\/forvalour.ca\/fr\/"},{"@type":"ListItem","position":2,"name":"Robert Gray","item":"https:\/\/forvalour.ca\/fr\/gray\/"},{"@type":"ListItem","position":3,"name":"Apr\u00e8s la Guerre"}]},{"@type":"WebSite","@id":"https:\/\/forvalour.ca\/fr\/#website","url":"https:\/\/forvalour.ca\/fr\/","name":"For Valour","description":"Canadian Airmen and the Victoria Cross","publisher":{"@id":"https:\/\/forvalour.ca\/fr\/#organization"},"potentialAction":[{"@type":"SearchAction","target":{"@type":"EntryPoint","urlTemplate":"https:\/\/forvalour.ca\/fr\/?s={search_term_string}"},"query-input":{"@type":"PropertyValueSpecification","valueRequired":true,"valueName":"search_term_string"}}],"inLanguage":"fr-FR"},{"@type":"Organization","@id":"https:\/\/forvalour.ca\/fr\/#organization","name":"For Valour","url":"https:\/\/forvalour.ca\/fr\/","logo":{"@type":"ImageObject","inLanguage":"fr-FR","@id":"https:\/\/forvalour.ca\/fr\/#\/schema\/logo\/image\/","url":"https:\/\/forvalour.ca\/wp-content\/uploads\/2021\/09\/cropped-for-valour-medal-new.png","contentUrl":"https:\/\/forvalour.ca\/wp-content\/uploads\/2021\/09\/cropped-for-valour-medal-new.png","width":512,"height":512,"caption":"For Valour"},"image":{"@id":"https:\/\/forvalour.ca\/fr\/#\/schema\/logo\/image\/"},"sameAs":["https:\/\/www.youtube.com\/channel\/UCRYVbXOUahuy0lj2UCo1Cag"]}]}},"_links":{"self":[{"href":"https:\/\/forvalour.ca\/fr\/wp-json\/wp\/v2\/pages\/691","targetHints":{"allow":["GET"]}}],"collection":[{"href":"https:\/\/forvalour.ca\/fr\/wp-json\/wp\/v2\/pages"}],"about":[{"href":"https:\/\/forvalour.ca\/fr\/wp-json\/wp\/v2\/types\/page"}],"author":[{"embeddable":true,"href":"https:\/\/forvalour.ca\/fr\/wp-json\/wp\/v2\/users\/1"}],"replies":[{"embeddable":true,"href":"https:\/\/forvalour.ca\/fr\/wp-json\/wp\/v2\/comments?post=691"}],"version-history":[{"count":2,"href":"https:\/\/forvalour.ca\/fr\/wp-json\/wp\/v2\/pages\/691\/revisions"}],"predecessor-version":[{"id":693,"href":"https:\/\/forvalour.ca\/fr\/wp-json\/wp\/v2\/pages\/691\/revisions\/693"}],"up":[{"embeddable":true,"href":"https:\/\/forvalour.ca\/fr\/wp-json\/wp\/v2\/pages\/657"}],"wp:attachment":[{"href":"https:\/\/forvalour.ca\/fr\/wp-json\/wp\/v2\/media?parent=691"}],"curies":[{"name":"wp","href":"https:\/\/api.w.org\/{rel}","templated":true}]}}