{"id":700,"date":"2021-09-16T10:49:12","date_gmt":"2021-09-16T15:49:12","guid":{"rendered":"https:\/\/forvalour.ca\/?page_id=700"},"modified":"2021-09-16T10:49:12","modified_gmt":"2021-09-16T15:49:12","slug":"outils-de-guerre","status":"publish","type":"page","link":"https:\/\/forvalour.ca\/fr\/barker\/outils-de-guerre\/","title":{"rendered":"Outils de Guerre"},"content":{"rendered":"\n<p>Le Lieutenant-colonel Barker a servi pendant longtemps dans la RAF, ce qui signifie qu&rsquo;il a pilot\u00e9 un certain nombre d&rsquo;appareils diff\u00e9rents. On sait qu&rsquo;il a pris les commandes des appareils d\u00e9crits ci-apr\u00e8s, qui sont pr\u00e9sent\u00e9s dans l&rsquo;ordre o\u00f9 il les aurait pilot\u00e9s :<\/p>\n\n\n\n<h4 class=\"wp-block-heading\">Royal Aircraft Factory R.E.8<\/h4>\n\n\n\n<p>Le Reconnaissance Experimental 8 (R.E.8) est entr\u00e9 en service en 1916 en tant qu&rsquo;appareil rempla\u00e7ant le B.E.2; la RAF s&rsquo;en est servi (avec l&rsquo;Armstrong Whitworth F.K.8) pendant le reste de la Premi\u00e8re Guerre mondiale. Il se caract\u00e9risait par un moteur plus puissant, ce qui a permis d&rsquo;accro\u00eetre la charge de bombes qu&rsquo;il pouvait emporter. Il \u00e9tait aussi dot\u00e9 d&rsquo;un armement plus lourd : une mitrailleuse avant Vickers de 7,7 mm (0,303 pouce) et des mitrailleuses Lewis mont\u00e9es sur un anneau Scarff pour l&rsquo;observateur.<\/p>\n\n\n\n<p>La pi\u00e8tre man\u0153uvrabilit\u00e9 du R.E.8 le rendait impopulaire aupr\u00e8s de nombreux pilotes, de sorte que les appareils de ce type qui \u00e9taient encore utilis\u00e9s au moment de l&rsquo;armistice ont \u00e9t\u00e9 mis au rancart.<\/p>\n\n\n\n<figure class=\"wp-block-image size-full\"><img loading=\"lazy\" decoding=\"async\" width=\"360\" height=\"273\" src=\"https:\/\/forvalour.ca\/wp-content\/uploads\/2021\/09\/sopwith-camel-001.jpg\" alt=\"Sopwith Camel\" class=\"wp-image-279\" srcset=\"https:\/\/forvalour.ca\/wp-content\/uploads\/2021\/09\/sopwith-camel-001.jpg 360w, https:\/\/forvalour.ca\/wp-content\/uploads\/2021\/09\/sopwith-camel-001-300x228.jpg 300w\" sizes=\"auto, (max-width: 360px) 100vw, 360px\" \/><\/figure>\n\n\n\n<h4 class=\"wp-block-heading\">Sopwith Camel<\/h4>\n\n\n\n<p>William Barker a remport\u00e9 bon nombre de ses incroyables victoires aux commandes du Sopwith Camel B6313. Il a pilot\u00e9 un chasseur Sopwith Camel pour la premi\u00e8re fois \u00e0 l&rsquo;automne de 1917, quand il est retourn\u00e9 en Angleterre pour former des pilotes. C&rsquo;est avec un Camel qu&rsquo;il a ex\u00e9cut\u00e9 sa premi\u00e8re mission \u00e0 titre de pilote de combat, le 20 octobre de cette ann\u00e9e-l\u00e0.<\/p>\n\n\n\n<p>L&rsquo;avion \u00e9tait beaucoup plus agile que le R.E.8, mais il \u00e9tait aussi assez difficile \u00e0 ma\u00eetriser. Malgr\u00e9 la pr\u00e9sence d&rsquo;un armement plus lourd que celui de son pr\u00e9d\u00e9cesseur, le Pup, les commandes du Camel \u00e9taient assez sensibles; l&rsquo;avion pouvait faire une boucle et virer \u00e0 droite rapidement (les virages \u00e0 gauche \u00e9taient plus difficiles, \u00e0 cause du moteur rotatif). La version populaire F.1 du Camel \u00e9tait munie de deux mitrailleuses Vickers synchronis\u00e9es qui faisaient feu \u00e0 travers le plan de l&rsquo;h\u00e9lice.<\/p>\n\n\n\n<p>Les Sopwith Camel ont \u00e9t\u00e9 les meilleurs chasseurs alli\u00e9s, et aucun autre pilote de toute l&rsquo;histoire de la RAF n&rsquo;a connu autant de succ\u00e8s que William Barker. Il a remport\u00e9 46 de ses 50 victoires aux commandes de l&rsquo;appareil B6313; en un an, il a accumul\u00e9 des dizaines de victoires \u00e0 bord de ce Camel, qui a ensuite \u00e9t\u00e9 d\u00e9mantel\u00e9 en octobre 1918.<\/p>\n\n\n\n<h4 class=\"wp-block-heading\">Chasseur Bristol F.2<\/h4>\n\n\n\n<p>Souvent appel\u00e9 \u00ab\u00a0Brisfit\u00a0\u00bb ou \u00ab\u00a0Briff\u00a0\u00bb, ce biplace maniable a \u00e9t\u00e9 utilis\u00e9 par la RAF \u00e0 partir du milieu de 1917 jusqu&rsquo;au d\u00e9but des ann\u00e9es 1930. Il \u00e9tait muni d&rsquo;une mitrailleuse Vickers avant synchronis\u00e9e de 7,7 mm (0,303 pouce) ainsi que de deux mitrailleuses Lewis de 7,7 mm (0,303 pouce) dans le compartiment de l&rsquo;observateur; il pouvait en outre emporter 90 kilogrammes (200 livres) de bombes. Le 139<sup>e<\/sup>\u00a0Escadron de William Barker a \u00e9t\u00e9 \u00e9quip\u00e9 de chasseurs Bristol F.2 et, bien que William ait lui m\u00eame accompli des missions \u00e0 bord d&rsquo;un F.2, il lui pr\u00e9f\u00e9rait le Sopwith Camel.<\/p>\n\n\n\n<figure class=\"wp-block-image size-full\"><img loading=\"lazy\" decoding=\"async\" width=\"360\" height=\"230\" src=\"https:\/\/forvalour.ca\/wp-content\/uploads\/2021\/09\/sopwith-snipe-001.jpg\" alt=\"Sopwith Snipe\" class=\"wp-image-281\" srcset=\"https:\/\/forvalour.ca\/wp-content\/uploads\/2021\/09\/sopwith-snipe-001.jpg 360w, https:\/\/forvalour.ca\/wp-content\/uploads\/2021\/09\/sopwith-snipe-001-300x192.jpg 300w\" sizes=\"auto, (max-width: 360px) 100vw, 360px\" \/><\/figure>\n\n\n\n<h4 class=\"wp-block-heading\">Sopwith Snipe<\/h4>\n\n\n\n<p>Le Snipe est entr\u00e9 en service en septembre 1918 et a \u00e9t\u00e9 utilis\u00e9 au combat bri\u00e8vement vers la fin de la Premi\u00e8re Guerre mondiale. Bien qu&rsquo;il f\u00fbt plus gros, plus lourd et plus r\u00e9sistant que le Camel, il \u00e9tait aussi plus man\u0153uvrable et offrait au pilote une meilleure visibilit\u00e9. Comme le Camel, le monoplace Snipe \u00e9tait muni de deux mitrailleuses Vickers de 7,7 mm (0,303 pouce), mais il pouvait aussi emporter 45 kilogrammes (100 livres) de bombes.<\/p>\n\n\n\n<p>C&rsquo;est aux commandes d&rsquo;un Sopwith Snipe que William Barker a livr\u00e9, le 27 octobre 1918, le combat qui lui a valu la Croix de Victoria.<\/p>\n","protected":false},"excerpt":{"rendered":"<p>Le Lieutenant-colonel Barker a servi pendant longtemps dans la RAF, ce qui signifie qu&rsquo;il a pilot\u00e9 un certain nombre d&rsquo;appareils diff\u00e9rents. On sait qu&rsquo;il a pris les commandes des appareils d\u00e9crits ci-apr\u00e8s, qui sont pr\u00e9sent\u00e9s dans l&rsquo;ordre o\u00f9 il les aurait pilot\u00e9s : Royal Aircraft Factory R.E.8 Le Reconnaissance Experimental 8 (R.E.8) est entr\u00e9 en [&hellip;]<\/p>\n","protected":false},"author":1,"featured_media":0,"parent":449,"menu_order":3,"comment_status":"closed","ping_status":"closed","template":"","meta":{"_acf_changed":false,"footnotes":""},"class_list":["post-700","page","type-page","status-publish","hentry"],"acf":[],"yoast_head":"<!-- This site is optimized with the Yoast SEO plugin v27.3 - https:\/\/yoast.com\/product\/yoast-seo-wordpress\/ -->\n<title>Outils de Guerre - Pour Bravoure - aviateurs canadiens et la Croix de Victoria<\/title>\n<meta name=\"robots\" content=\"index, follow, max-snippet:-1, max-image-preview:large, max-video-preview:-1\" \/>\n<link rel=\"canonical\" href=\"https:\/\/forvalour.ca\/fr\/barker\/outils-de-guerre\/\" \/>\n<meta property=\"og:locale\" content=\"fr_FR\" \/>\n<meta property=\"og:type\" content=\"article\" \/>\n<meta property=\"og:title\" content=\"Outils de Guerre - Pour Bravoure - aviateurs canadiens et la Croix de Victoria\" \/>\n<meta property=\"og:description\" content=\"Le Lieutenant-colonel Barker a servi pendant longtemps dans la RAF, ce qui signifie qu&rsquo;il a pilot\u00e9 un certain nombre d&rsquo;appareils diff\u00e9rents. On sait qu&rsquo;il a pris les commandes des appareils d\u00e9crits ci-apr\u00e8s, qui sont pr\u00e9sent\u00e9s dans l&rsquo;ordre o\u00f9 il les aurait pilot\u00e9s : Royal Aircraft Factory R.E.8 Le Reconnaissance Experimental 8 (R.E.8) est entr\u00e9 en [&hellip;]\" \/>\n<meta property=\"og:url\" content=\"https:\/\/forvalour.ca\/fr\/barker\/outils-de-guerre\/\" \/>\n<meta property=\"og:site_name\" content=\"Pour Bravoure - aviateurs canadiens et la Croix de Victoria\" \/>\n<meta property=\"og:image\" content=\"https:\/\/forvalour.ca\/wp-content\/uploads\/2021\/09\/sopwith-camel-001.jpg\" \/>\n<meta name=\"twitter:card\" content=\"summary_large_image\" \/>\n<meta name=\"twitter:label1\" content=\"Dur\u00e9e de lecture estim\u00e9e\" \/>\n\t<meta name=\"twitter:data1\" content=\"3 minutes\" \/>\n<script type=\"application\/ld+json\" class=\"yoast-schema-graph\">{\"@context\":\"https:\\\/\\\/schema.org\",\"@graph\":[{\"@type\":\"WebPage\",\"@id\":\"https:\\\/\\\/forvalour.ca\\\/fr\\\/barker\\\/outils-de-guerre\\\/\",\"url\":\"https:\\\/\\\/forvalour.ca\\\/fr\\\/barker\\\/outils-de-guerre\\\/\",\"name\":\"Outils de Guerre - Pour Bravoure - aviateurs canadiens et la Croix de Victoria\",\"isPartOf\":{\"@id\":\"https:\\\/\\\/forvalour.ca\\\/fr\\\/#website\"},\"primaryImageOfPage\":{\"@id\":\"https:\\\/\\\/forvalour.ca\\\/fr\\\/barker\\\/outils-de-guerre\\\/#primaryimage\"},\"image\":{\"@id\":\"https:\\\/\\\/forvalour.ca\\\/fr\\\/barker\\\/outils-de-guerre\\\/#primaryimage\"},\"thumbnailUrl\":\"https:\\\/\\\/forvalour.ca\\\/wp-content\\\/uploads\\\/2021\\\/09\\\/sopwith-camel-001.jpg\",\"datePublished\":\"2021-09-16T15:49:12+00:00\",\"breadcrumb\":{\"@id\":\"https:\\\/\\\/forvalour.ca\\\/fr\\\/barker\\\/outils-de-guerre\\\/#breadcrumb\"},\"inLanguage\":\"fr-FR\",\"potentialAction\":[{\"@type\":\"ReadAction\",\"target\":[\"https:\\\/\\\/forvalour.ca\\\/fr\\\/barker\\\/outils-de-guerre\\\/\"]}]},{\"@type\":\"ImageObject\",\"inLanguage\":\"fr-FR\",\"@id\":\"https:\\\/\\\/forvalour.ca\\\/fr\\\/barker\\\/outils-de-guerre\\\/#primaryimage\",\"url\":\"https:\\\/\\\/forvalour.ca\\\/wp-content\\\/uploads\\\/2021\\\/09\\\/sopwith-camel-001.jpg\",\"contentUrl\":\"https:\\\/\\\/forvalour.ca\\\/wp-content\\\/uploads\\\/2021\\\/09\\\/sopwith-camel-001.jpg\"},{\"@type\":\"BreadcrumbList\",\"@id\":\"https:\\\/\\\/forvalour.ca\\\/fr\\\/barker\\\/outils-de-guerre\\\/#breadcrumb\",\"itemListElement\":[{\"@type\":\"ListItem\",\"position\":1,\"name\":\"Home\",\"item\":\"https:\\\/\\\/forvalour.ca\\\/fr\\\/\"},{\"@type\":\"ListItem\",\"position\":2,\"name\":\"William Barker\",\"item\":\"https:\\\/\\\/forvalour.ca\\\/fr\\\/barker\\\/\"},{\"@type\":\"ListItem\",\"position\":3,\"name\":\"Outils de Guerre\"}]},{\"@type\":\"WebSite\",\"@id\":\"https:\\\/\\\/forvalour.ca\\\/fr\\\/#website\",\"url\":\"https:\\\/\\\/forvalour.ca\\\/fr\\\/\",\"name\":\"For Valour\",\"description\":\"Canadian Airmen and the Victoria Cross\",\"publisher\":{\"@id\":\"https:\\\/\\\/forvalour.ca\\\/fr\\\/#organization\"},\"potentialAction\":[{\"@type\":\"SearchAction\",\"target\":{\"@type\":\"EntryPoint\",\"urlTemplate\":\"https:\\\/\\\/forvalour.ca\\\/fr\\\/?s={search_term_string}\"},\"query-input\":{\"@type\":\"PropertyValueSpecification\",\"valueRequired\":true,\"valueName\":\"search_term_string\"}}],\"inLanguage\":\"fr-FR\"},{\"@type\":\"Organization\",\"@id\":\"https:\\\/\\\/forvalour.ca\\\/fr\\\/#organization\",\"name\":\"For Valour\",\"url\":\"https:\\\/\\\/forvalour.ca\\\/fr\\\/\",\"logo\":{\"@type\":\"ImageObject\",\"inLanguage\":\"fr-FR\",\"@id\":\"https:\\\/\\\/forvalour.ca\\\/fr\\\/#\\\/schema\\\/logo\\\/image\\\/\",\"url\":\"https:\\\/\\\/forvalour.ca\\\/wp-content\\\/uploads\\\/2021\\\/09\\\/cropped-for-valour-medal-new.png\",\"contentUrl\":\"https:\\\/\\\/forvalour.ca\\\/wp-content\\\/uploads\\\/2021\\\/09\\\/cropped-for-valour-medal-new.png\",\"width\":512,\"height\":512,\"caption\":\"For Valour\"},\"image\":{\"@id\":\"https:\\\/\\\/forvalour.ca\\\/fr\\\/#\\\/schema\\\/logo\\\/image\\\/\"},\"sameAs\":[\"https:\\\/\\\/www.youtube.com\\\/channel\\\/UCRYVbXOUahuy0lj2UCo1Cag\"]}]}<\/script>\n<!-- \/ Yoast SEO plugin. -->","yoast_head_json":{"title":"Outils de Guerre - Pour Bravoure - aviateurs canadiens et la Croix de Victoria","robots":{"index":"index","follow":"follow","max-snippet":"max-snippet:-1","max-image-preview":"max-image-preview:large","max-video-preview":"max-video-preview:-1"},"canonical":"https:\/\/forvalour.ca\/fr\/barker\/outils-de-guerre\/","og_locale":"fr_FR","og_type":"article","og_title":"Outils de Guerre - Pour Bravoure - aviateurs canadiens et la Croix de Victoria","og_description":"Le Lieutenant-colonel Barker a servi pendant longtemps dans la RAF, ce qui signifie qu&rsquo;il a pilot\u00e9 un certain nombre d&rsquo;appareils diff\u00e9rents. On sait qu&rsquo;il a pris les commandes des appareils d\u00e9crits ci-apr\u00e8s, qui sont pr\u00e9sent\u00e9s dans l&rsquo;ordre o\u00f9 il les aurait pilot\u00e9s : Royal Aircraft Factory R.E.8 Le Reconnaissance Experimental 8 (R.E.8) est entr\u00e9 en [&hellip;]","og_url":"https:\/\/forvalour.ca\/fr\/barker\/outils-de-guerre\/","og_site_name":"Pour Bravoure - aviateurs canadiens et la Croix de Victoria","og_image":[{"url":"https:\/\/forvalour.ca\/wp-content\/uploads\/2021\/09\/sopwith-camel-001.jpg","type":"","width":"","height":""}],"twitter_card":"summary_large_image","twitter_misc":{"Dur\u00e9e de lecture estim\u00e9e":"3 minutes"},"schema":{"@context":"https:\/\/schema.org","@graph":[{"@type":"WebPage","@id":"https:\/\/forvalour.ca\/fr\/barker\/outils-de-guerre\/","url":"https:\/\/forvalour.ca\/fr\/barker\/outils-de-guerre\/","name":"Outils de Guerre - Pour Bravoure - aviateurs canadiens et la Croix de Victoria","isPartOf":{"@id":"https:\/\/forvalour.ca\/fr\/#website"},"primaryImageOfPage":{"@id":"https:\/\/forvalour.ca\/fr\/barker\/outils-de-guerre\/#primaryimage"},"image":{"@id":"https:\/\/forvalour.ca\/fr\/barker\/outils-de-guerre\/#primaryimage"},"thumbnailUrl":"https:\/\/forvalour.ca\/wp-content\/uploads\/2021\/09\/sopwith-camel-001.jpg","datePublished":"2021-09-16T15:49:12+00:00","breadcrumb":{"@id":"https:\/\/forvalour.ca\/fr\/barker\/outils-de-guerre\/#breadcrumb"},"inLanguage":"fr-FR","potentialAction":[{"@type":"ReadAction","target":["https:\/\/forvalour.ca\/fr\/barker\/outils-de-guerre\/"]}]},{"@type":"ImageObject","inLanguage":"fr-FR","@id":"https:\/\/forvalour.ca\/fr\/barker\/outils-de-guerre\/#primaryimage","url":"https:\/\/forvalour.ca\/wp-content\/uploads\/2021\/09\/sopwith-camel-001.jpg","contentUrl":"https:\/\/forvalour.ca\/wp-content\/uploads\/2021\/09\/sopwith-camel-001.jpg"},{"@type":"BreadcrumbList","@id":"https:\/\/forvalour.ca\/fr\/barker\/outils-de-guerre\/#breadcrumb","itemListElement":[{"@type":"ListItem","position":1,"name":"Home","item":"https:\/\/forvalour.ca\/fr\/"},{"@type":"ListItem","position":2,"name":"William Barker","item":"https:\/\/forvalour.ca\/fr\/barker\/"},{"@type":"ListItem","position":3,"name":"Outils de Guerre"}]},{"@type":"WebSite","@id":"https:\/\/forvalour.ca\/fr\/#website","url":"https:\/\/forvalour.ca\/fr\/","name":"For Valour","description":"Canadian Airmen and the Victoria Cross","publisher":{"@id":"https:\/\/forvalour.ca\/fr\/#organization"},"potentialAction":[{"@type":"SearchAction","target":{"@type":"EntryPoint","urlTemplate":"https:\/\/forvalour.ca\/fr\/?s={search_term_string}"},"query-input":{"@type":"PropertyValueSpecification","valueRequired":true,"valueName":"search_term_string"}}],"inLanguage":"fr-FR"},{"@type":"Organization","@id":"https:\/\/forvalour.ca\/fr\/#organization","name":"For Valour","url":"https:\/\/forvalour.ca\/fr\/","logo":{"@type":"ImageObject","inLanguage":"fr-FR","@id":"https:\/\/forvalour.ca\/fr\/#\/schema\/logo\/image\/","url":"https:\/\/forvalour.ca\/wp-content\/uploads\/2021\/09\/cropped-for-valour-medal-new.png","contentUrl":"https:\/\/forvalour.ca\/wp-content\/uploads\/2021\/09\/cropped-for-valour-medal-new.png","width":512,"height":512,"caption":"For Valour"},"image":{"@id":"https:\/\/forvalour.ca\/fr\/#\/schema\/logo\/image\/"},"sameAs":["https:\/\/www.youtube.com\/channel\/UCRYVbXOUahuy0lj2UCo1Cag"]}]}},"_links":{"self":[{"href":"https:\/\/forvalour.ca\/fr\/wp-json\/wp\/v2\/pages\/700","targetHints":{"allow":["GET"]}}],"collection":[{"href":"https:\/\/forvalour.ca\/fr\/wp-json\/wp\/v2\/pages"}],"about":[{"href":"https:\/\/forvalour.ca\/fr\/wp-json\/wp\/v2\/types\/page"}],"author":[{"embeddable":true,"href":"https:\/\/forvalour.ca\/fr\/wp-json\/wp\/v2\/users\/1"}],"replies":[{"embeddable":true,"href":"https:\/\/forvalour.ca\/fr\/wp-json\/wp\/v2\/comments?post=700"}],"version-history":[{"count":2,"href":"https:\/\/forvalour.ca\/fr\/wp-json\/wp\/v2\/pages\/700\/revisions"}],"predecessor-version":[{"id":702,"href":"https:\/\/forvalour.ca\/fr\/wp-json\/wp\/v2\/pages\/700\/revisions\/702"}],"up":[{"embeddable":true,"href":"https:\/\/forvalour.ca\/fr\/wp-json\/wp\/v2\/pages\/449"}],"wp:attachment":[{"href":"https:\/\/forvalour.ca\/fr\/wp-json\/wp\/v2\/media?parent=700"}],"curies":[{"name":"wp","href":"https:\/\/api.w.org\/{rel}","templated":true}]}}