{"id":703,"date":"2021-09-16T10:51:36","date_gmt":"2021-09-16T15:51:36","guid":{"rendered":"https:\/\/forvalour.ca\/?page_id=703"},"modified":"2021-09-16T10:51:36","modified_gmt":"2021-09-16T15:51:36","slug":"citation","status":"publish","type":"page","link":"https:\/\/forvalour.ca\/fr\/barker\/citation\/","title":{"rendered":"Citation"},"content":{"rendered":"\n<p>Le matin du 27 octobre 1918, William Barker a rep\u00e9r\u00e9 un biplace ennemi au-dessus de la for\u00eat de Mormal. Il l&rsquo;a attaqu\u00e9; atteint par une courte salve, l&rsquo;appareil ennemi a explos\u00e9 dans les airs. En m\u00eame temps, il a \u00e9t\u00e9 attaqu\u00e9 par un biplan Fokker et a \u00e9t\u00e9 bless\u00e9 \u00e0 la cuisse droite, mais il a r\u00e9ussi malgr\u00e9 tout \u00e0 abattre l&rsquo;avion ennemi en flammes.<\/p>\n\n\n\n<p>Il s&rsquo;est alors trouv\u00e9 au milieu d&rsquo;une grande formation de Fokker qui l&rsquo;ont attaqu\u00e9 de toutes parts; il a \u00e9t\u00e9 de nouveau bless\u00e9 gravement, cette fois \u00e0 la cuisse gauche, mais il a tout de m\u00eame r\u00e9ussi \u00e0 faire tomber en vrille deux appareils ennemis.<\/p>\n\n\n\n<p>William Barker a perdu conscience apr\u00e8s cela, et son appareil s&rsquo;est mis \u00e0 tomber en chute libre. Quand il est revenu \u00e0 lui, il a de nouveau subi l&rsquo;attaque d&rsquo;une grande formation ennemie; il a jet\u00e9 son d\u00e9volu sur un appareil allemand et l&rsquo;a attaqu\u00e9 pour finalement l&rsquo;abattre en flammes.<\/p>\n\n\n\n<p>Au cours de ce combat, son coude gauche a \u00e9t\u00e9 fracass\u00e9, et William Barker s&rsquo;est de nouveau \u00e9vanoui. Revenant \u00e0 lui, il s&rsquo;est encore une fois trouv\u00e9 sous le feu ennemi, mais bien qu&rsquo;il f\u00fbt maintenant gravement bless\u00e9 aux deux jambes et au coude gauche, il a piqu\u00e9 sur l&rsquo;appareil ennemi le plus proche et l&rsquo;a abattu en flammes.<\/p>\n\n\n\n<p>\u00c0 bout de forces, William Barker s&rsquo;est \u00e9loign\u00e9 en piquant vers le sol pour regagner les lignes des Alli\u00e9s, mais une autre formation ennemie l&rsquo;a intercept\u00e9 et attaqu\u00e9. Malgr\u00e9 tout, apr\u00e8s un dur combat, il a r\u00e9ussi \u00e0 semer cette formation et \u00e0 rejoindre les lignes, o\u00f9 il s&rsquo;est \u00e9cras\u00e9 \u00e0 l&rsquo;atterrissage.<\/p>\n\n\n\n<p>Cet \u00e9pisode, au cours duquel le Major Barker a d\u00e9truit quatre appareils ennemis (dont trois abattus en flammes), a port\u00e9 le nombre total de ses victoires \u00e0 50. Cet officier fort courageux a donn\u00e9 un remarquable exemple de la bravoure exceptionnelle et du m\u00e9pris total du danger dont il a toujours fait preuve tout au long de son insigne carri\u00e8re.<\/p>\n","protected":false},"excerpt":{"rendered":"<p>Le matin du 27 octobre 1918, William Barker a rep\u00e9r\u00e9 un biplace ennemi au-dessus de la for\u00eat de Mormal. Il l&rsquo;a attaqu\u00e9; atteint par une courte salve, l&rsquo;appareil ennemi a explos\u00e9 dans les airs. En m\u00eame temps, il a \u00e9t\u00e9 attaqu\u00e9 par un biplan Fokker et a \u00e9t\u00e9 bless\u00e9 \u00e0 la cuisse droite, mais il [&hellip;]<\/p>\n","protected":false},"author":1,"featured_media":0,"parent":449,"menu_order":4,"comment_status":"closed","ping_status":"closed","template":"","meta":{"_acf_changed":false,"footnotes":""},"class_list":["post-703","page","type-page","status-publish","hentry"],"acf":[],"yoast_head":"<!-- This site is optimized with the Yoast SEO plugin v27.3 - https:\/\/yoast.com\/product\/yoast-seo-wordpress\/ -->\n<title>Citation - Pour Bravoure - aviateurs canadiens et la Croix de Victoria<\/title>\n<meta name=\"robots\" content=\"index, follow, max-snippet:-1, max-image-preview:large, max-video-preview:-1\" \/>\n<link rel=\"canonical\" href=\"https:\/\/forvalour.ca\/fr\/barker\/citation\/\" \/>\n<meta property=\"og:locale\" content=\"fr_FR\" \/>\n<meta property=\"og:type\" content=\"article\" \/>\n<meta property=\"og:title\" content=\"Citation - Pour Bravoure - aviateurs canadiens et la Croix de Victoria\" \/>\n<meta property=\"og:description\" content=\"Le matin du 27 octobre 1918, William Barker a rep\u00e9r\u00e9 un biplace ennemi au-dessus de la for\u00eat de Mormal. Il l&rsquo;a attaqu\u00e9; atteint par une courte salve, l&rsquo;appareil ennemi a explos\u00e9 dans les airs. En m\u00eame temps, il a \u00e9t\u00e9 attaqu\u00e9 par un biplan Fokker et a \u00e9t\u00e9 bless\u00e9 \u00e0 la cuisse droite, mais il [&hellip;]\" \/>\n<meta property=\"og:url\" content=\"https:\/\/forvalour.ca\/fr\/barker\/citation\/\" \/>\n<meta property=\"og:site_name\" content=\"Pour Bravoure - aviateurs canadiens et la Croix de Victoria\" \/>\n<meta name=\"twitter:card\" content=\"summary_large_image\" \/>\n<meta name=\"twitter:label1\" content=\"Dur\u00e9e de lecture estim\u00e9e\" \/>\n\t<meta name=\"twitter:data1\" content=\"2 minutes\" \/>\n<script type=\"application\/ld+json\" class=\"yoast-schema-graph\">{\"@context\":\"https:\\\/\\\/schema.org\",\"@graph\":[{\"@type\":\"WebPage\",\"@id\":\"https:\\\/\\\/forvalour.ca\\\/fr\\\/barker\\\/citation\\\/\",\"url\":\"https:\\\/\\\/forvalour.ca\\\/fr\\\/barker\\\/citation\\\/\",\"name\":\"Citation - Pour Bravoure - aviateurs canadiens et la Croix de Victoria\",\"isPartOf\":{\"@id\":\"https:\\\/\\\/www.forvalour.ca\\\/fr\\\/#website\"},\"datePublished\":\"2021-09-16T15:51:36+00:00\",\"breadcrumb\":{\"@id\":\"https:\\\/\\\/forvalour.ca\\\/fr\\\/barker\\\/citation\\\/#breadcrumb\"},\"inLanguage\":\"fr-FR\",\"potentialAction\":[{\"@type\":\"ReadAction\",\"target\":[\"https:\\\/\\\/forvalour.ca\\\/fr\\\/barker\\\/citation\\\/\"]}]},{\"@type\":\"BreadcrumbList\",\"@id\":\"https:\\\/\\\/forvalour.ca\\\/fr\\\/barker\\\/citation\\\/#breadcrumb\",\"itemListElement\":[{\"@type\":\"ListItem\",\"position\":1,\"name\":\"Home\",\"item\":\"https:\\\/\\\/www.forvalour.ca\\\/fr\\\/\"},{\"@type\":\"ListItem\",\"position\":2,\"name\":\"William Barker\",\"item\":\"https:\\\/\\\/www.forvalour.ca\\\/fr\\\/barker\\\/\"},{\"@type\":\"ListItem\",\"position\":3,\"name\":\"Citation\"}]},{\"@type\":\"WebSite\",\"@id\":\"https:\\\/\\\/www.forvalour.ca\\\/fr\\\/#website\",\"url\":\"https:\\\/\\\/www.forvalour.ca\\\/fr\\\/\",\"name\":\"For Valour\",\"description\":\"Canadian Airmen and the Victoria Cross\",\"publisher\":{\"@id\":\"https:\\\/\\\/www.forvalour.ca\\\/fr\\\/#organization\"},\"potentialAction\":[{\"@type\":\"SearchAction\",\"target\":{\"@type\":\"EntryPoint\",\"urlTemplate\":\"https:\\\/\\\/www.forvalour.ca\\\/fr\\\/?s={search_term_string}\"},\"query-input\":{\"@type\":\"PropertyValueSpecification\",\"valueRequired\":true,\"valueName\":\"search_term_string\"}}],\"inLanguage\":\"fr-FR\"},{\"@type\":\"Organization\",\"@id\":\"https:\\\/\\\/www.forvalour.ca\\\/fr\\\/#organization\",\"name\":\"For Valour\",\"url\":\"https:\\\/\\\/www.forvalour.ca\\\/fr\\\/\",\"logo\":{\"@type\":\"ImageObject\",\"inLanguage\":\"fr-FR\",\"@id\":\"https:\\\/\\\/www.forvalour.ca\\\/fr\\\/#\\\/schema\\\/logo\\\/image\\\/\",\"url\":\"https:\\\/\\\/forvalour.ca\\\/wp-content\\\/uploads\\\/2021\\\/09\\\/cropped-for-valour-medal-new.png\",\"contentUrl\":\"https:\\\/\\\/forvalour.ca\\\/wp-content\\\/uploads\\\/2021\\\/09\\\/cropped-for-valour-medal-new.png\",\"width\":512,\"height\":512,\"caption\":\"For Valour\"},\"image\":{\"@id\":\"https:\\\/\\\/www.forvalour.ca\\\/fr\\\/#\\\/schema\\\/logo\\\/image\\\/\"},\"sameAs\":[\"https:\\\/\\\/www.youtube.com\\\/channel\\\/UCRYVbXOUahuy0lj2UCo1Cag\"]}]}<\/script>\n<!-- \/ Yoast SEO plugin. -->","yoast_head_json":{"title":"Citation - Pour Bravoure - aviateurs canadiens et la Croix de Victoria","robots":{"index":"index","follow":"follow","max-snippet":"max-snippet:-1","max-image-preview":"max-image-preview:large","max-video-preview":"max-video-preview:-1"},"canonical":"https:\/\/forvalour.ca\/fr\/barker\/citation\/","og_locale":"fr_FR","og_type":"article","og_title":"Citation - Pour Bravoure - aviateurs canadiens et la Croix de Victoria","og_description":"Le matin du 27 octobre 1918, William Barker a rep\u00e9r\u00e9 un biplace ennemi au-dessus de la for\u00eat de Mormal. Il l&rsquo;a attaqu\u00e9; atteint par une courte salve, l&rsquo;appareil ennemi a explos\u00e9 dans les airs. En m\u00eame temps, il a \u00e9t\u00e9 attaqu\u00e9 par un biplan Fokker et a \u00e9t\u00e9 bless\u00e9 \u00e0 la cuisse droite, mais il [&hellip;]","og_url":"https:\/\/forvalour.ca\/fr\/barker\/citation\/","og_site_name":"Pour Bravoure - aviateurs canadiens et la Croix de Victoria","twitter_card":"summary_large_image","twitter_misc":{"Dur\u00e9e de lecture estim\u00e9e":"2 minutes"},"schema":{"@context":"https:\/\/schema.org","@graph":[{"@type":"WebPage","@id":"https:\/\/forvalour.ca\/fr\/barker\/citation\/","url":"https:\/\/forvalour.ca\/fr\/barker\/citation\/","name":"Citation - Pour Bravoure - aviateurs canadiens et la Croix de Victoria","isPartOf":{"@id":"https:\/\/www.forvalour.ca\/fr\/#website"},"datePublished":"2021-09-16T15:51:36+00:00","breadcrumb":{"@id":"https:\/\/forvalour.ca\/fr\/barker\/citation\/#breadcrumb"},"inLanguage":"fr-FR","potentialAction":[{"@type":"ReadAction","target":["https:\/\/forvalour.ca\/fr\/barker\/citation\/"]}]},{"@type":"BreadcrumbList","@id":"https:\/\/forvalour.ca\/fr\/barker\/citation\/#breadcrumb","itemListElement":[{"@type":"ListItem","position":1,"name":"Home","item":"https:\/\/www.forvalour.ca\/fr\/"},{"@type":"ListItem","position":2,"name":"William Barker","item":"https:\/\/www.forvalour.ca\/fr\/barker\/"},{"@type":"ListItem","position":3,"name":"Citation"}]},{"@type":"WebSite","@id":"https:\/\/www.forvalour.ca\/fr\/#website","url":"https:\/\/www.forvalour.ca\/fr\/","name":"For Valour","description":"Canadian Airmen and the Victoria Cross","publisher":{"@id":"https:\/\/www.forvalour.ca\/fr\/#organization"},"potentialAction":[{"@type":"SearchAction","target":{"@type":"EntryPoint","urlTemplate":"https:\/\/www.forvalour.ca\/fr\/?s={search_term_string}"},"query-input":{"@type":"PropertyValueSpecification","valueRequired":true,"valueName":"search_term_string"}}],"inLanguage":"fr-FR"},{"@type":"Organization","@id":"https:\/\/www.forvalour.ca\/fr\/#organization","name":"For Valour","url":"https:\/\/www.forvalour.ca\/fr\/","logo":{"@type":"ImageObject","inLanguage":"fr-FR","@id":"https:\/\/www.forvalour.ca\/fr\/#\/schema\/logo\/image\/","url":"https:\/\/forvalour.ca\/wp-content\/uploads\/2021\/09\/cropped-for-valour-medal-new.png","contentUrl":"https:\/\/forvalour.ca\/wp-content\/uploads\/2021\/09\/cropped-for-valour-medal-new.png","width":512,"height":512,"caption":"For Valour"},"image":{"@id":"https:\/\/www.forvalour.ca\/fr\/#\/schema\/logo\/image\/"},"sameAs":["https:\/\/www.youtube.com\/channel\/UCRYVbXOUahuy0lj2UCo1Cag"]}]}},"_links":{"self":[{"href":"https:\/\/forvalour.ca\/fr\/wp-json\/wp\/v2\/pages\/703","targetHints":{"allow":["GET"]}}],"collection":[{"href":"https:\/\/forvalour.ca\/fr\/wp-json\/wp\/v2\/pages"}],"about":[{"href":"https:\/\/forvalour.ca\/fr\/wp-json\/wp\/v2\/types\/page"}],"author":[{"embeddable":true,"href":"https:\/\/forvalour.ca\/fr\/wp-json\/wp\/v2\/users\/1"}],"replies":[{"embeddable":true,"href":"https:\/\/forvalour.ca\/fr\/wp-json\/wp\/v2\/comments?post=703"}],"version-history":[{"count":2,"href":"https:\/\/forvalour.ca\/fr\/wp-json\/wp\/v2\/pages\/703\/revisions"}],"predecessor-version":[{"id":705,"href":"https:\/\/forvalour.ca\/fr\/wp-json\/wp\/v2\/pages\/703\/revisions\/705"}],"up":[{"embeddable":true,"href":"https:\/\/forvalour.ca\/fr\/wp-json\/wp\/v2\/pages\/449"}],"wp:attachment":[{"href":"https:\/\/forvalour.ca\/fr\/wp-json\/wp\/v2\/media?parent=703"}],"curies":[{"name":"wp","href":"https:\/\/api.w.org\/{rel}","templated":true}]}}