{"id":706,"date":"2021-09-16T10:52:20","date_gmt":"2021-09-16T15:52:20","guid":{"rendered":"https:\/\/forvalour.ca\/?page_id=706"},"modified":"2021-09-16T10:52:21","modified_gmt":"2021-09-16T15:52:21","slug":"apres-la-guerre","status":"publish","type":"page","link":"https:\/\/forvalour.ca\/fr\/barker\/apres-la-guerre\/","title":{"rendered":"Apr\u00e8s la Guerre"},"content":{"rendered":"\n<p>Tout comme en ao\u00fbt 1918, William Barker a l&rsquo;honneur de prendre \u00e0 son bord le Prince de Galles au printemps de 1919, cette fois au-dessus de Londres et dans un biplace Sopwith Dove. Il retourne plus tard au Canada et fonde l&rsquo;entreprise&nbsp;Bishop and Barker Company&nbsp;avec son coll\u00e8gue de la Premi\u00e8re Guerre mondiale, l&rsquo;as Billy Bishop. Les deux hommes exploitent un service de passagers entre Toronto et Muskoka, mais l&rsquo;entreprise ne conna\u00eet pas un grand succ\u00e8s.<\/p>\n\n\n\n<p>En 1920, William Barker s&rsquo;enr\u00f4le dans l&rsquo;Aviation royale du Canada (ARC) \u00e0 titre d&rsquo;officier de liaison avec le minist\u00e8re de l&rsquo;Air en Angleterre. En 1924, il rentre au Canada et quitte l&rsquo;ARC pour retourner \u00e0 la vie civile. Apr\u00e8s avoir pass\u00e9 cinq ans dans l&rsquo;industrie du tabac et avoir \u00e9t\u00e9 bri\u00e8vement le premier pr\u00e9sident des&nbsp;Maple Leafs&nbsp;de Toronto, William Barker r\u00e9int\u00e8gre le milieu de l&rsquo;aviation en devenant pr\u00e9sident de la Fairchild&nbsp;Aviation Corporation of Canada,&nbsp;au d\u00e9but de 1930.<\/p>\n\n\n\n<p>En mars 1930, William Barker d\u00e9colle aux commandes d&rsquo;un biplan Fairchild KR 21 pour en d\u00e9montrer les capacit\u00e9s au minist\u00e8re de la D\u00e9fense nationale. Apr\u00e8s 10 minutes, il ex\u00e9cute une approche \u00e0 tr\u00e8s basse altitude avant de grimper de pr\u00e8s de 60 m\u00e8tres (200 pieds). Le moteur semble alors caler, et William Barker ne r\u00e9ussit pas \u00e0 redresser l&rsquo;avion avant qu&rsquo;il se retourne sur lui-m\u00eame et heurte le sol de plein fouet, en piqu\u00e9. Il est mort sur le coup.<\/p>\n\n\n\n<p>Ont assist\u00e9 aux fun\u00e9railles du Lieutenant-colonel William Barker, \u00e0 Toronto, une garde d&rsquo;honneur de 2 000 soldats, de nombreux dignitaires locaux et nationaux et des dizaines de milliers de spectateurs.<\/p>\n\n\n\n<p>William Barker a laiss\u00e9 un patrimoine qui rev\u00eat de nombreuses formes. On dit qu&rsquo;il aurait inspir\u00e9 \u00e0 Ernest Hemingway sa fameuse nouvelle intitul\u00e9e \u00ab Les neiges du Kilimandjaro \u00bb, par son attaque du jour de No\u00ebl de 1917 contre un a\u00e9rodrome autrichien, en Italie. L&rsquo;a\u00e9roport de Dauphin (Manitoba), sa ville natale, porte son nom, tout comme une \u00e9cole de la BFC Borden avant sa fermeture. En 1999, le gouvernement du Canada a \u00e9lev\u00e9 William George Barker au rang des personnes ayant une importance historique pour notre pays.<\/p>\n","protected":false},"excerpt":{"rendered":"<p>Tout comme en ao\u00fbt 1918, William Barker a l&rsquo;honneur de prendre \u00e0 son bord le Prince de Galles au printemps de 1919, cette fois au-dessus de Londres et dans un biplace Sopwith Dove. Il retourne plus tard au Canada et fonde l&rsquo;entreprise&nbsp;Bishop and Barker Company&nbsp;avec son coll\u00e8gue de la Premi\u00e8re Guerre mondiale, l&rsquo;as Billy Bishop. [&hellip;]<\/p>\n","protected":false},"author":1,"featured_media":0,"parent":449,"menu_order":5,"comment_status":"closed","ping_status":"closed","template":"","meta":{"_acf_changed":false,"footnotes":""},"class_list":["post-706","page","type-page","status-publish","hentry"],"acf":[],"yoast_head":"<!-- This site is optimized with the Yoast SEO plugin v27.3 - https:\/\/yoast.com\/product\/yoast-seo-wordpress\/ -->\n<title>Apr\u00e8s la Guerre - Pour Bravoure - aviateurs canadiens et la Croix de Victoria<\/title>\n<meta name=\"robots\" content=\"index, follow, max-snippet:-1, max-image-preview:large, max-video-preview:-1\" \/>\n<link rel=\"canonical\" href=\"https:\/\/forvalour.ca\/fr\/barker\/apres-la-guerre\/\" \/>\n<meta property=\"og:locale\" content=\"fr_FR\" \/>\n<meta property=\"og:type\" content=\"article\" \/>\n<meta property=\"og:title\" content=\"Apr\u00e8s la Guerre - Pour Bravoure - aviateurs canadiens et la Croix de Victoria\" \/>\n<meta property=\"og:description\" content=\"Tout comme en ao\u00fbt 1918, William Barker a l&rsquo;honneur de prendre \u00e0 son bord le Prince de Galles au printemps de 1919, cette fois au-dessus de Londres et dans un biplace Sopwith Dove. Il retourne plus tard au Canada et fonde l&rsquo;entreprise&nbsp;Bishop and Barker Company&nbsp;avec son coll\u00e8gue de la Premi\u00e8re Guerre mondiale, l&rsquo;as Billy Bishop. [&hellip;]\" \/>\n<meta property=\"og:url\" content=\"https:\/\/forvalour.ca\/fr\/barker\/apres-la-guerre\/\" \/>\n<meta property=\"og:site_name\" content=\"Pour Bravoure - aviateurs canadiens et la Croix de Victoria\" \/>\n<meta property=\"article:modified_time\" content=\"2021-09-16T15:52:21+00:00\" \/>\n<meta name=\"twitter:card\" content=\"summary_large_image\" \/>\n<meta name=\"twitter:label1\" content=\"Dur\u00e9e de lecture estim\u00e9e\" \/>\n\t<meta name=\"twitter:data1\" content=\"2 minutes\" \/>\n<script type=\"application\/ld+json\" class=\"yoast-schema-graph\">{\"@context\":\"https:\\\/\\\/schema.org\",\"@graph\":[{\"@type\":\"WebPage\",\"@id\":\"https:\\\/\\\/forvalour.ca\\\/fr\\\/barker\\\/apres-la-guerre\\\/\",\"url\":\"https:\\\/\\\/forvalour.ca\\\/fr\\\/barker\\\/apres-la-guerre\\\/\",\"name\":\"Apr\u00e8s la Guerre - Pour Bravoure - aviateurs canadiens et la Croix de Victoria\",\"isPartOf\":{\"@id\":\"https:\\\/\\\/forvalour.ca\\\/fr\\\/#website\"},\"datePublished\":\"2021-09-16T15:52:20+00:00\",\"dateModified\":\"2021-09-16T15:52:21+00:00\",\"breadcrumb\":{\"@id\":\"https:\\\/\\\/forvalour.ca\\\/fr\\\/barker\\\/apres-la-guerre\\\/#breadcrumb\"},\"inLanguage\":\"fr-FR\",\"potentialAction\":[{\"@type\":\"ReadAction\",\"target\":[\"https:\\\/\\\/forvalour.ca\\\/fr\\\/barker\\\/apres-la-guerre\\\/\"]}]},{\"@type\":\"BreadcrumbList\",\"@id\":\"https:\\\/\\\/forvalour.ca\\\/fr\\\/barker\\\/apres-la-guerre\\\/#breadcrumb\",\"itemListElement\":[{\"@type\":\"ListItem\",\"position\":1,\"name\":\"Home\",\"item\":\"https:\\\/\\\/forvalour.ca\\\/fr\\\/\"},{\"@type\":\"ListItem\",\"position\":2,\"name\":\"William Barker\",\"item\":\"https:\\\/\\\/forvalour.ca\\\/fr\\\/barker\\\/\"},{\"@type\":\"ListItem\",\"position\":3,\"name\":\"Apr\u00e8s la Guerre\"}]},{\"@type\":\"WebSite\",\"@id\":\"https:\\\/\\\/forvalour.ca\\\/fr\\\/#website\",\"url\":\"https:\\\/\\\/forvalour.ca\\\/fr\\\/\",\"name\":\"For Valour\",\"description\":\"Canadian Airmen and the Victoria Cross\",\"publisher\":{\"@id\":\"https:\\\/\\\/forvalour.ca\\\/fr\\\/#organization\"},\"potentialAction\":[{\"@type\":\"SearchAction\",\"target\":{\"@type\":\"EntryPoint\",\"urlTemplate\":\"https:\\\/\\\/forvalour.ca\\\/fr\\\/?s={search_term_string}\"},\"query-input\":{\"@type\":\"PropertyValueSpecification\",\"valueRequired\":true,\"valueName\":\"search_term_string\"}}],\"inLanguage\":\"fr-FR\"},{\"@type\":\"Organization\",\"@id\":\"https:\\\/\\\/forvalour.ca\\\/fr\\\/#organization\",\"name\":\"For Valour\",\"url\":\"https:\\\/\\\/forvalour.ca\\\/fr\\\/\",\"logo\":{\"@type\":\"ImageObject\",\"inLanguage\":\"fr-FR\",\"@id\":\"https:\\\/\\\/forvalour.ca\\\/fr\\\/#\\\/schema\\\/logo\\\/image\\\/\",\"url\":\"https:\\\/\\\/forvalour.ca\\\/wp-content\\\/uploads\\\/2021\\\/09\\\/cropped-for-valour-medal-new.png\",\"contentUrl\":\"https:\\\/\\\/forvalour.ca\\\/wp-content\\\/uploads\\\/2021\\\/09\\\/cropped-for-valour-medal-new.png\",\"width\":512,\"height\":512,\"caption\":\"For Valour\"},\"image\":{\"@id\":\"https:\\\/\\\/forvalour.ca\\\/fr\\\/#\\\/schema\\\/logo\\\/image\\\/\"},\"sameAs\":[\"https:\\\/\\\/www.youtube.com\\\/channel\\\/UCRYVbXOUahuy0lj2UCo1Cag\"]}]}<\/script>\n<!-- \/ Yoast SEO plugin. -->","yoast_head_json":{"title":"Apr\u00e8s la Guerre - Pour Bravoure - aviateurs canadiens et la Croix de Victoria","robots":{"index":"index","follow":"follow","max-snippet":"max-snippet:-1","max-image-preview":"max-image-preview:large","max-video-preview":"max-video-preview:-1"},"canonical":"https:\/\/forvalour.ca\/fr\/barker\/apres-la-guerre\/","og_locale":"fr_FR","og_type":"article","og_title":"Apr\u00e8s la Guerre - Pour Bravoure - aviateurs canadiens et la Croix de Victoria","og_description":"Tout comme en ao\u00fbt 1918, William Barker a l&rsquo;honneur de prendre \u00e0 son bord le Prince de Galles au printemps de 1919, cette fois au-dessus de Londres et dans un biplace Sopwith Dove. Il retourne plus tard au Canada et fonde l&rsquo;entreprise&nbsp;Bishop and Barker Company&nbsp;avec son coll\u00e8gue de la Premi\u00e8re Guerre mondiale, l&rsquo;as Billy Bishop. [&hellip;]","og_url":"https:\/\/forvalour.ca\/fr\/barker\/apres-la-guerre\/","og_site_name":"Pour Bravoure - aviateurs canadiens et la Croix de Victoria","article_modified_time":"2021-09-16T15:52:21+00:00","twitter_card":"summary_large_image","twitter_misc":{"Dur\u00e9e de lecture estim\u00e9e":"2 minutes"},"schema":{"@context":"https:\/\/schema.org","@graph":[{"@type":"WebPage","@id":"https:\/\/forvalour.ca\/fr\/barker\/apres-la-guerre\/","url":"https:\/\/forvalour.ca\/fr\/barker\/apres-la-guerre\/","name":"Apr\u00e8s la Guerre - Pour Bravoure - aviateurs canadiens et la Croix de Victoria","isPartOf":{"@id":"https:\/\/forvalour.ca\/fr\/#website"},"datePublished":"2021-09-16T15:52:20+00:00","dateModified":"2021-09-16T15:52:21+00:00","breadcrumb":{"@id":"https:\/\/forvalour.ca\/fr\/barker\/apres-la-guerre\/#breadcrumb"},"inLanguage":"fr-FR","potentialAction":[{"@type":"ReadAction","target":["https:\/\/forvalour.ca\/fr\/barker\/apres-la-guerre\/"]}]},{"@type":"BreadcrumbList","@id":"https:\/\/forvalour.ca\/fr\/barker\/apres-la-guerre\/#breadcrumb","itemListElement":[{"@type":"ListItem","position":1,"name":"Home","item":"https:\/\/forvalour.ca\/fr\/"},{"@type":"ListItem","position":2,"name":"William Barker","item":"https:\/\/forvalour.ca\/fr\/barker\/"},{"@type":"ListItem","position":3,"name":"Apr\u00e8s la Guerre"}]},{"@type":"WebSite","@id":"https:\/\/forvalour.ca\/fr\/#website","url":"https:\/\/forvalour.ca\/fr\/","name":"For Valour","description":"Canadian Airmen and the Victoria Cross","publisher":{"@id":"https:\/\/forvalour.ca\/fr\/#organization"},"potentialAction":[{"@type":"SearchAction","target":{"@type":"EntryPoint","urlTemplate":"https:\/\/forvalour.ca\/fr\/?s={search_term_string}"},"query-input":{"@type":"PropertyValueSpecification","valueRequired":true,"valueName":"search_term_string"}}],"inLanguage":"fr-FR"},{"@type":"Organization","@id":"https:\/\/forvalour.ca\/fr\/#organization","name":"For Valour","url":"https:\/\/forvalour.ca\/fr\/","logo":{"@type":"ImageObject","inLanguage":"fr-FR","@id":"https:\/\/forvalour.ca\/fr\/#\/schema\/logo\/image\/","url":"https:\/\/forvalour.ca\/wp-content\/uploads\/2021\/09\/cropped-for-valour-medal-new.png","contentUrl":"https:\/\/forvalour.ca\/wp-content\/uploads\/2021\/09\/cropped-for-valour-medal-new.png","width":512,"height":512,"caption":"For Valour"},"image":{"@id":"https:\/\/forvalour.ca\/fr\/#\/schema\/logo\/image\/"},"sameAs":["https:\/\/www.youtube.com\/channel\/UCRYVbXOUahuy0lj2UCo1Cag"]}]}},"_links":{"self":[{"href":"https:\/\/forvalour.ca\/fr\/wp-json\/wp\/v2\/pages\/706","targetHints":{"allow":["GET"]}}],"collection":[{"href":"https:\/\/forvalour.ca\/fr\/wp-json\/wp\/v2\/pages"}],"about":[{"href":"https:\/\/forvalour.ca\/fr\/wp-json\/wp\/v2\/types\/page"}],"author":[{"embeddable":true,"href":"https:\/\/forvalour.ca\/fr\/wp-json\/wp\/v2\/users\/1"}],"replies":[{"embeddable":true,"href":"https:\/\/forvalour.ca\/fr\/wp-json\/wp\/v2\/comments?post=706"}],"version-history":[{"count":2,"href":"https:\/\/forvalour.ca\/fr\/wp-json\/wp\/v2\/pages\/706\/revisions"}],"predecessor-version":[{"id":708,"href":"https:\/\/forvalour.ca\/fr\/wp-json\/wp\/v2\/pages\/706\/revisions\/708"}],"up":[{"embeddable":true,"href":"https:\/\/forvalour.ca\/fr\/wp-json\/wp\/v2\/pages\/449"}],"wp:attachment":[{"href":"https:\/\/forvalour.ca\/fr\/wp-json\/wp\/v2\/media?parent=706"}],"curies":[{"name":"wp","href":"https:\/\/api.w.org\/{rel}","templated":true}]}}