{"id":712,"date":"2021-09-16T11:01:30","date_gmt":"2021-09-16T16:01:30","guid":{"rendered":"https:\/\/forvalour.ca\/?page_id=712"},"modified":"2021-09-16T11:01:31","modified_gmt":"2021-09-16T16:01:31","slug":"carriere-militaire","status":"publish","type":"page","link":"https:\/\/forvalour.ca\/fr\/bishop\/carriere-militaire\/","title":{"rendered":"Carri\u00e8re Militaire"},"content":{"rendered":"\n<h4 class=\"wp-block-heading\">\u00c9chapper \u00e0 la mort<\/h4>\n\n\n\n<p>Billy Bishop \u00e9chappera \u00e0 une mort certaine \u00e0 de nombreuses reprises, souvent \u00e0 cause du hasard. \u00c0 l&rsquo;automne de 1914, Billy quitte le Coll\u00e8ge et est affect\u00e9 au r\u00e9giment&nbsp;Mississauga Horse&nbsp;de Toronto; il s&rsquo;agit d&rsquo;un d\u00e9tachement de cavalerie de la 2<sup>e<\/sup>&nbsp;Division canadienne. Il attrape alors une pneumonie, et son unit\u00e9 part pour l&rsquo;Angleterre sans lui. Sa division subira ensuite de lourdes pertes au front. Toujours au Canada, il est affect\u00e9 au 7<sup>e<\/sup>&nbsp;Bataillon canadien de fusiliers \u00e0 cheval, puis il se rend outre-mer avec cette unit\u00e9 en juin 1915. Pendant la travers\u00e9e de l&rsquo;Atlantique vers l&rsquo;Angleterre, deux des navires de son convoi sont coul\u00e9s, et de nombreuses personnes perdent la vie.<\/p>\n\n\n\n<p>Apr\u00e8s avoir pass\u00e9 un mois seulement dans les tranch\u00e9es, fatigu\u00e9 et exasp\u00e9r\u00e9 par la boue et la pluie, Billy Bishop demande d&rsquo;\u00eatre mut\u00e9 dans le&nbsp;Royal Flying Corps&nbsp;\u00e0 titre d&rsquo;observateur (la mutation dans le RFC en qualit\u00e9 d&rsquo;observateur se fait plus rapidement qu&rsquo;\u00e0 titre de pilote). Le 1<sup>er<\/sup>&nbsp;septembre 1915, il se pr\u00e9sente au 21<sup>e<\/sup>&nbsp;Escadron d&rsquo;instruction pour y recevoir son instruction de base en vol. En janvier 1916, muni d&rsquo;a\u00e9ronefs R.E.7, l&rsquo;escadron et Billy Bishop passent en France, o\u00f9 ils ex\u00e9cutent de longs vols de reconnaissance au-dessus du front. Vers la fin de sa premi\u00e8re p\u00e9riode de service op\u00e9rationnel, en mai, Billy Bishop est renvoy\u00e9 en Angleterre pour se remettre d&rsquo;une s\u00e9rie de blessures non li\u00e9es au combat. Pendant ce temps, il \u00e9chappe au cycle incessant de mort et de destruction qui est le sort des aviateurs militaires. Encore une fois, ses maux et ses infortunes l&rsquo;\u00e9loignent des griffes d&rsquo;une mort probable.<\/p>\n\n\n\n<h4 class=\"wp-block-heading\">Dans les airs<\/h4>\n\n\n\n<p>Apr\u00e8s sa convalescence et son cong\u00e9 au Canada, Billy Bishop revient en Angleterre en septembre 1916, r\u00e9solu \u00e0 devenir pilote. Bien que les services d&rsquo;entra\u00eenement le rejettent \u00e0 maintes reprises pour des raisons m\u00e9dicales, il r\u00e9alise enfin son r\u00eave quand, apr\u00e8s avoir \u00e9t\u00e9 admis \u00e0 l&rsquo;instruction, il obtient son brevet de pilote. Apr\u00e8s avoir termin\u00e9 son entra\u00eenement, il est affect\u00e9 au 37<sup>e<\/sup>&nbsp;Escadron de d\u00e9fense territoriale, \u00e0&nbsp;Sutton&rsquo;s Farm.&nbsp;Au cours des deux mois qui suivent, Billy Bishop s&rsquo;ennuie, car il ne s&rsquo;y passe pas grand-chose, et il demande bient\u00f4t \u00e0 \u00eatre mut\u00e9 sur le front occidental. En mars 1917, il est affect\u00e9 au 60<sup>e<\/sup>&nbsp;Escadron, en France, et prend les commandes d&rsquo;un avion Nieuport 17 au combat, en mars.<\/p>\n\n\n\n<p>Moins d&rsquo;un mois apr\u00e8s avoir accompli sa premi\u00e8re mission, Billy Bishop m\u00e9rite la Croix militaire et l&rsquo;Ordre du service distingu\u00e9, car il a abattu 17 avions ennemis avant la fin d&rsquo;avril. Toutefois, le 60<sup>e<\/sup>&nbsp;Escadron ne partage pas sa chance : en effet, il perd de nombreux hommes pendant cette p\u00e9riode, y compris Albert Ball, un mentor de Billy Bishop et un as ayant 44 victoires \u00e0 son actif.<\/p>\n\n\n\n<h4 class=\"wp-block-heading\">Le raid solitaire de Billy Bishop<\/h4>\n\n\n\n<p>Apr\u00e8s une pause bien m\u00e9rit\u00e9e qu&rsquo;il fait en Angleterre en mai 1917, Billy Bishop, repos\u00e9 et ragaillardi, retourne au front plus tard ce mois-l\u00e0. Bient\u00f4t, il songe \u00e0 ex\u00e9cuter une mission que Ball et lui avaient planifi\u00e9e avant la mort de ce dernier : attaquer un a\u00e9rodrome allemand t\u00f4t le matin. Le 2 juin, bien qu&rsquo;il ne trouve personne pour l&rsquo;accompagner dans sa mission, Billy Bishop d\u00e9colle et se dirige vers le territoire ennemi.<\/p>\n\n\n\n<h4 class=\"wp-block-heading\">Apr\u00e8s le raid<\/h4>\n\n\n\n<p>Billy Bishop rentre au Canada plus tard en 1917 et il \u00e9pouse Margaret Burden en octobre de la m\u00eame ann\u00e9e. Il est alors d\u00e9tach\u00e9 aupr\u00e8s de la Mission de guerre britannique \u00e0 Washington (D.C.), avant de retourner outre-mer. En avril 1918, il prend le commandement du 85<sup>e<\/sup>&nbsp;Escadron avec le grade de major et, le mois suivant, il se rend en France avec des pilotes qu&rsquo;il a lui-m\u00eame choisis. Entre la fin de mai et le d\u00e9but de juillet, Billy Bishop abat quatorze autres avions ennemis et reprend le titre de premier as parmi les Alli\u00e9s. Il est promu lieutenant-colonel quelques mois avant l&rsquo;armistice.<\/p>\n","protected":false},"excerpt":{"rendered":"<p>\u00c9chapper \u00e0 la mort Billy Bishop \u00e9chappera \u00e0 une mort certaine \u00e0 de nombreuses reprises, souvent \u00e0 cause du hasard. \u00c0 l&rsquo;automne de 1914, Billy quitte le Coll\u00e8ge et est affect\u00e9 au r\u00e9giment&nbsp;Mississauga Horse&nbsp;de Toronto; il s&rsquo;agit d&rsquo;un d\u00e9tachement de cavalerie de la 2e&nbsp;Division canadienne. Il attrape alors une pneumonie, et son unit\u00e9 part pour [&hellip;]<\/p>\n","protected":false},"author":1,"featured_media":0,"parent":660,"menu_order":2,"comment_status":"closed","ping_status":"closed","template":"","meta":{"_acf_changed":false,"footnotes":""},"class_list":["post-712","page","type-page","status-publish","hentry"],"acf":[],"yoast_head":"<!-- This site is optimized with the Yoast SEO plugin v27.3 - https:\/\/yoast.com\/product\/yoast-seo-wordpress\/ -->\n<title>Carri\u00e8re Militaire - Pour Bravoure - aviateurs canadiens et la Croix de Victoria<\/title>\n<meta name=\"robots\" content=\"index, follow, max-snippet:-1, max-image-preview:large, max-video-preview:-1\" \/>\n<link rel=\"canonical\" href=\"https:\/\/forvalour.ca\/fr\/bishop\/carriere-militaire\/\" \/>\n<meta property=\"og:locale\" content=\"fr_FR\" \/>\n<meta property=\"og:type\" content=\"article\" \/>\n<meta property=\"og:title\" content=\"Carri\u00e8re Militaire - Pour Bravoure - aviateurs canadiens et la Croix de Victoria\" \/>\n<meta property=\"og:description\" content=\"\u00c9chapper \u00e0 la mort Billy Bishop \u00e9chappera \u00e0 une mort certaine \u00e0 de nombreuses reprises, souvent \u00e0 cause du hasard. \u00c0 l&rsquo;automne de 1914, Billy quitte le Coll\u00e8ge et est affect\u00e9 au r\u00e9giment&nbsp;Mississauga Horse&nbsp;de Toronto; il s&rsquo;agit d&rsquo;un d\u00e9tachement de cavalerie de la 2e&nbsp;Division canadienne. Il attrape alors une pneumonie, et son unit\u00e9 part pour [&hellip;]\" \/>\n<meta property=\"og:url\" content=\"https:\/\/forvalour.ca\/fr\/bishop\/carriere-militaire\/\" \/>\n<meta property=\"og:site_name\" content=\"Pour Bravoure - aviateurs canadiens et la Croix de Victoria\" \/>\n<meta property=\"article:modified_time\" content=\"2021-09-16T16:01:31+00:00\" \/>\n<meta name=\"twitter:card\" content=\"summary_large_image\" \/>\n<meta name=\"twitter:label1\" content=\"Dur\u00e9e de lecture estim\u00e9e\" \/>\n\t<meta name=\"twitter:data1\" content=\"3 minutes\" \/>\n<script type=\"application\/ld+json\" class=\"yoast-schema-graph\">{\"@context\":\"https:\\\/\\\/schema.org\",\"@graph\":[{\"@type\":\"WebPage\",\"@id\":\"https:\\\/\\\/forvalour.ca\\\/fr\\\/bishop\\\/carriere-militaire\\\/\",\"url\":\"https:\\\/\\\/forvalour.ca\\\/fr\\\/bishop\\\/carriere-militaire\\\/\",\"name\":\"Carri\u00e8re Militaire - Pour Bravoure - aviateurs canadiens et la Croix de Victoria\",\"isPartOf\":{\"@id\":\"https:\\\/\\\/forvalour.ca\\\/fr\\\/#website\"},\"datePublished\":\"2021-09-16T16:01:30+00:00\",\"dateModified\":\"2021-09-16T16:01:31+00:00\",\"breadcrumb\":{\"@id\":\"https:\\\/\\\/forvalour.ca\\\/fr\\\/bishop\\\/carriere-militaire\\\/#breadcrumb\"},\"inLanguage\":\"fr-FR\",\"potentialAction\":[{\"@type\":\"ReadAction\",\"target\":[\"https:\\\/\\\/forvalour.ca\\\/fr\\\/bishop\\\/carriere-militaire\\\/\"]}]},{\"@type\":\"BreadcrumbList\",\"@id\":\"https:\\\/\\\/forvalour.ca\\\/fr\\\/bishop\\\/carriere-militaire\\\/#breadcrumb\",\"itemListElement\":[{\"@type\":\"ListItem\",\"position\":1,\"name\":\"Home\",\"item\":\"https:\\\/\\\/forvalour.ca\\\/fr\\\/\"},{\"@type\":\"ListItem\",\"position\":2,\"name\":\"William Bishop\",\"item\":\"https:\\\/\\\/www.forvalour.ca\\\/fr\\\/bishop\\\/\"},{\"@type\":\"ListItem\",\"position\":3,\"name\":\"Carri\u00e8re Militaire\"}]},{\"@type\":\"WebSite\",\"@id\":\"https:\\\/\\\/forvalour.ca\\\/fr\\\/#website\",\"url\":\"https:\\\/\\\/forvalour.ca\\\/fr\\\/\",\"name\":\"For Valour\",\"description\":\"Canadian Airmen and the Victoria Cross\",\"publisher\":{\"@id\":\"https:\\\/\\\/forvalour.ca\\\/fr\\\/#organization\"},\"potentialAction\":[{\"@type\":\"SearchAction\",\"target\":{\"@type\":\"EntryPoint\",\"urlTemplate\":\"https:\\\/\\\/forvalour.ca\\\/fr\\\/?s={search_term_string}\"},\"query-input\":{\"@type\":\"PropertyValueSpecification\",\"valueRequired\":true,\"valueName\":\"search_term_string\"}}],\"inLanguage\":\"fr-FR\"},{\"@type\":\"Organization\",\"@id\":\"https:\\\/\\\/forvalour.ca\\\/fr\\\/#organization\",\"name\":\"For Valour\",\"url\":\"https:\\\/\\\/forvalour.ca\\\/fr\\\/\",\"logo\":{\"@type\":\"ImageObject\",\"inLanguage\":\"fr-FR\",\"@id\":\"https:\\\/\\\/forvalour.ca\\\/fr\\\/#\\\/schema\\\/logo\\\/image\\\/\",\"url\":\"https:\\\/\\\/forvalour.ca\\\/wp-content\\\/uploads\\\/2021\\\/09\\\/cropped-for-valour-medal-new.png\",\"contentUrl\":\"https:\\\/\\\/forvalour.ca\\\/wp-content\\\/uploads\\\/2021\\\/09\\\/cropped-for-valour-medal-new.png\",\"width\":512,\"height\":512,\"caption\":\"For Valour\"},\"image\":{\"@id\":\"https:\\\/\\\/forvalour.ca\\\/fr\\\/#\\\/schema\\\/logo\\\/image\\\/\"},\"sameAs\":[\"https:\\\/\\\/www.youtube.com\\\/channel\\\/UCRYVbXOUahuy0lj2UCo1Cag\"]}]}<\/script>\n<!-- \/ Yoast SEO plugin. -->","yoast_head_json":{"title":"Carri\u00e8re Militaire - Pour Bravoure - aviateurs canadiens et la Croix de Victoria","robots":{"index":"index","follow":"follow","max-snippet":"max-snippet:-1","max-image-preview":"max-image-preview:large","max-video-preview":"max-video-preview:-1"},"canonical":"https:\/\/forvalour.ca\/fr\/bishop\/carriere-militaire\/","og_locale":"fr_FR","og_type":"article","og_title":"Carri\u00e8re Militaire - Pour Bravoure - aviateurs canadiens et la Croix de Victoria","og_description":"\u00c9chapper \u00e0 la mort Billy Bishop \u00e9chappera \u00e0 une mort certaine \u00e0 de nombreuses reprises, souvent \u00e0 cause du hasard. \u00c0 l&rsquo;automne de 1914, Billy quitte le Coll\u00e8ge et est affect\u00e9 au r\u00e9giment&nbsp;Mississauga Horse&nbsp;de Toronto; il s&rsquo;agit d&rsquo;un d\u00e9tachement de cavalerie de la 2e&nbsp;Division canadienne. Il attrape alors une pneumonie, et son unit\u00e9 part pour [&hellip;]","og_url":"https:\/\/forvalour.ca\/fr\/bishop\/carriere-militaire\/","og_site_name":"Pour Bravoure - aviateurs canadiens et la Croix de Victoria","article_modified_time":"2021-09-16T16:01:31+00:00","twitter_card":"summary_large_image","twitter_misc":{"Dur\u00e9e de lecture estim\u00e9e":"3 minutes"},"schema":{"@context":"https:\/\/schema.org","@graph":[{"@type":"WebPage","@id":"https:\/\/forvalour.ca\/fr\/bishop\/carriere-militaire\/","url":"https:\/\/forvalour.ca\/fr\/bishop\/carriere-militaire\/","name":"Carri\u00e8re Militaire - Pour Bravoure - aviateurs canadiens et la Croix de Victoria","isPartOf":{"@id":"https:\/\/forvalour.ca\/fr\/#website"},"datePublished":"2021-09-16T16:01:30+00:00","dateModified":"2021-09-16T16:01:31+00:00","breadcrumb":{"@id":"https:\/\/forvalour.ca\/fr\/bishop\/carriere-militaire\/#breadcrumb"},"inLanguage":"fr-FR","potentialAction":[{"@type":"ReadAction","target":["https:\/\/forvalour.ca\/fr\/bishop\/carriere-militaire\/"]}]},{"@type":"BreadcrumbList","@id":"https:\/\/forvalour.ca\/fr\/bishop\/carriere-militaire\/#breadcrumb","itemListElement":[{"@type":"ListItem","position":1,"name":"Home","item":"https:\/\/forvalour.ca\/fr\/"},{"@type":"ListItem","position":2,"name":"William Bishop","item":"https:\/\/www.forvalour.ca\/fr\/bishop\/"},{"@type":"ListItem","position":3,"name":"Carri\u00e8re Militaire"}]},{"@type":"WebSite","@id":"https:\/\/forvalour.ca\/fr\/#website","url":"https:\/\/forvalour.ca\/fr\/","name":"For Valour","description":"Canadian Airmen and the Victoria Cross","publisher":{"@id":"https:\/\/forvalour.ca\/fr\/#organization"},"potentialAction":[{"@type":"SearchAction","target":{"@type":"EntryPoint","urlTemplate":"https:\/\/forvalour.ca\/fr\/?s={search_term_string}"},"query-input":{"@type":"PropertyValueSpecification","valueRequired":true,"valueName":"search_term_string"}}],"inLanguage":"fr-FR"},{"@type":"Organization","@id":"https:\/\/forvalour.ca\/fr\/#organization","name":"For Valour","url":"https:\/\/forvalour.ca\/fr\/","logo":{"@type":"ImageObject","inLanguage":"fr-FR","@id":"https:\/\/forvalour.ca\/fr\/#\/schema\/logo\/image\/","url":"https:\/\/forvalour.ca\/wp-content\/uploads\/2021\/09\/cropped-for-valour-medal-new.png","contentUrl":"https:\/\/forvalour.ca\/wp-content\/uploads\/2021\/09\/cropped-for-valour-medal-new.png","width":512,"height":512,"caption":"For Valour"},"image":{"@id":"https:\/\/forvalour.ca\/fr\/#\/schema\/logo\/image\/"},"sameAs":["https:\/\/www.youtube.com\/channel\/UCRYVbXOUahuy0lj2UCo1Cag"]}]}},"_links":{"self":[{"href":"https:\/\/forvalour.ca\/fr\/wp-json\/wp\/v2\/pages\/712","targetHints":{"allow":["GET"]}}],"collection":[{"href":"https:\/\/forvalour.ca\/fr\/wp-json\/wp\/v2\/pages"}],"about":[{"href":"https:\/\/forvalour.ca\/fr\/wp-json\/wp\/v2\/types\/page"}],"author":[{"embeddable":true,"href":"https:\/\/forvalour.ca\/fr\/wp-json\/wp\/v2\/users\/1"}],"replies":[{"embeddable":true,"href":"https:\/\/forvalour.ca\/fr\/wp-json\/wp\/v2\/comments?post=712"}],"version-history":[{"count":2,"href":"https:\/\/forvalour.ca\/fr\/wp-json\/wp\/v2\/pages\/712\/revisions"}],"predecessor-version":[{"id":714,"href":"https:\/\/forvalour.ca\/fr\/wp-json\/wp\/v2\/pages\/712\/revisions\/714"}],"up":[{"embeddable":true,"href":"https:\/\/forvalour.ca\/fr\/wp-json\/wp\/v2\/pages\/660"}],"wp:attachment":[{"href":"https:\/\/forvalour.ca\/fr\/wp-json\/wp\/v2\/media?parent=712"}],"curies":[{"name":"wp","href":"https:\/\/api.w.org\/{rel}","templated":true}]}}