{"id":720,"date":"2021-09-16T11:18:11","date_gmt":"2021-09-16T16:18:11","guid":{"rendered":"https:\/\/forvalour.ca\/?page_id=720"},"modified":"2021-09-16T11:18:11","modified_gmt":"2021-09-16T16:18:11","slug":"apres-la-guerre","status":"publish","type":"page","link":"https:\/\/forvalour.ca\/fr\/bishop\/apres-la-guerre\/","title":{"rendered":"Apr\u00e8s la Guerre"},"content":{"rendered":"\n<p>Apr\u00e8s la fin de la Premi\u00e8re Guerre mondiale, Billy Bishop voyage et donne des conf\u00e9rences un peu partout aux \u00c9tats-Unis, avant qu&rsquo;un autre as canadien et r\u00e9cipiendaire de la Croix de Victoria, William Barker, lui offre de fonder avec lui la&nbsp;Bishop Barker Aeroplanes Limited&nbsp;\u00e0 Toronto, mais l&rsquo;entreprise de transport de passagers ne dure pas longtemps.<\/p>\n\n\n\n<p>Billy Bishop, accompagn\u00e9 de sa famille, d\u00e9m\u00e9nage en Grande-Bretagne peu de temps apr\u00e8s, et travaille comme vendeur de tuyaux d&rsquo;un nouveau genre. Il obtient de bons r\u00e9sultats et gagne bien sa vie, mais le crash boursier de 1929 porte un dur coup \u00e0 ses finances. Billy Bishop, accompagn\u00e9 de sa femme Margaret et de leurs trois enfants (n\u00e9s en Grande-Bretagne), retourne au Canada, o\u00f9 il est nomm\u00e9 vice-pr\u00e9sident de la soci\u00e9t\u00e9 p\u00e9troli\u00e8re McColl-Frontenac&nbsp;Oil Company.<\/p>\n\n\n\n<p>En 1931, les nuages de la guerre s&rsquo;accumulent de nouveau dans le ciel de l&rsquo;Europe. Billy Bishop est alors nomm\u00e9 colonel d&rsquo;aviation honoraire de l&rsquo;Aviation royale du Canada. En 1939, il est promu mar\u00e9chal de l&rsquo;Air honoraire de l&rsquo;ARC et il re\u00e7oit le titre de Directeur du recrutement. Les efforts infatigables qu&rsquo;il d\u00e9ploie pour promouvoir la cause alli\u00e9e et recruter des soldats lui valent d&rsquo;\u00eatre fait Commandeur de l&rsquo;Ordre du Bain; en outre, il re\u00e7oit la D\u00e9coration d&rsquo;efficacit\u00e9 du Canada.<\/p>\n\n\n\n<p>Quand la guerre de Cor\u00e9e \u00e9clate, Billy Bishop offre de reprendre son r\u00f4le de recruteur, mais une fois de plus, son mauvais \u00e9tat de sant\u00e9 lui fait obstacle, et l&rsquo;ARC refuse l&rsquo;offre de ce brave aviateur. William Avery Bishop est mort paisiblement dans son sommeil le 11 septembre 1956, alors qu&rsquo;il \u00e9tait en vacances en Floride. Il est enterr\u00e9 dans le cimeti\u00e8re Greenwood, \u00e0 Owen Sound (Ontario).<\/p>\n","protected":false},"excerpt":{"rendered":"<p>Apr\u00e8s la fin de la Premi\u00e8re Guerre mondiale, Billy Bishop voyage et donne des conf\u00e9rences un peu partout aux \u00c9tats-Unis, avant qu&rsquo;un autre as canadien et r\u00e9cipiendaire de la Croix de Victoria, William Barker, lui offre de fonder avec lui la&nbsp;Bishop Barker Aeroplanes Limited&nbsp;\u00e0 Toronto, mais l&rsquo;entreprise de transport de passagers ne dure pas longtemps. [&hellip;]<\/p>\n","protected":false},"author":1,"featured_media":0,"parent":660,"menu_order":5,"comment_status":"closed","ping_status":"closed","template":"","meta":{"_acf_changed":false,"footnotes":""},"class_list":["post-720","page","type-page","status-publish","hentry"],"acf":[],"yoast_head":"<!-- This site is optimized with the Yoast SEO plugin v27.3 - https:\/\/yoast.com\/product\/yoast-seo-wordpress\/ -->\n<title>Apr\u00e8s la Guerre - Pour Bravoure - aviateurs canadiens et la Croix de Victoria<\/title>\n<meta name=\"robots\" content=\"index, follow, max-snippet:-1, max-image-preview:large, max-video-preview:-1\" \/>\n<link rel=\"canonical\" href=\"https:\/\/forvalour.ca\/fr\/bishop\/apres-la-guerre\/\" \/>\n<meta property=\"og:locale\" content=\"fr_FR\" \/>\n<meta property=\"og:type\" content=\"article\" \/>\n<meta property=\"og:title\" content=\"Apr\u00e8s la Guerre - Pour Bravoure - aviateurs canadiens et la Croix de Victoria\" \/>\n<meta property=\"og:description\" content=\"Apr\u00e8s la fin de la Premi\u00e8re Guerre mondiale, Billy Bishop voyage et donne des conf\u00e9rences un peu partout aux \u00c9tats-Unis, avant qu&rsquo;un autre as canadien et r\u00e9cipiendaire de la Croix de Victoria, William Barker, lui offre de fonder avec lui la&nbsp;Bishop Barker Aeroplanes Limited&nbsp;\u00e0 Toronto, mais l&rsquo;entreprise de transport de passagers ne dure pas longtemps. [&hellip;]\" \/>\n<meta property=\"og:url\" content=\"https:\/\/forvalour.ca\/fr\/bishop\/apres-la-guerre\/\" \/>\n<meta property=\"og:site_name\" content=\"Pour Bravoure - aviateurs canadiens et la Croix de Victoria\" \/>\n<meta name=\"twitter:card\" content=\"summary_large_image\" \/>\n<meta name=\"twitter:label1\" content=\"Dur\u00e9e de lecture estim\u00e9e\" \/>\n\t<meta name=\"twitter:data1\" content=\"1 minute\" \/>\n<script type=\"application\/ld+json\" class=\"yoast-schema-graph\">{\"@context\":\"https:\\\/\\\/schema.org\",\"@graph\":[{\"@type\":\"WebPage\",\"@id\":\"https:\\\/\\\/forvalour.ca\\\/fr\\\/bishop\\\/apres-la-guerre\\\/\",\"url\":\"https:\\\/\\\/forvalour.ca\\\/fr\\\/bishop\\\/apres-la-guerre\\\/\",\"name\":\"Apr\u00e8s la Guerre - Pour Bravoure - aviateurs canadiens et la Croix de Victoria\",\"isPartOf\":{\"@id\":\"https:\\\/\\\/forvalour.ca\\\/fr\\\/#website\"},\"datePublished\":\"2021-09-16T16:18:11+00:00\",\"breadcrumb\":{\"@id\":\"https:\\\/\\\/forvalour.ca\\\/fr\\\/bishop\\\/apres-la-guerre\\\/#breadcrumb\"},\"inLanguage\":\"fr-FR\",\"potentialAction\":[{\"@type\":\"ReadAction\",\"target\":[\"https:\\\/\\\/forvalour.ca\\\/fr\\\/bishop\\\/apres-la-guerre\\\/\"]}]},{\"@type\":\"BreadcrumbList\",\"@id\":\"https:\\\/\\\/forvalour.ca\\\/fr\\\/bishop\\\/apres-la-guerre\\\/#breadcrumb\",\"itemListElement\":[{\"@type\":\"ListItem\",\"position\":1,\"name\":\"Home\",\"item\":\"https:\\\/\\\/forvalour.ca\\\/fr\\\/\"},{\"@type\":\"ListItem\",\"position\":2,\"name\":\"William Bishop\",\"item\":\"https:\\\/\\\/www.forvalour.ca\\\/fr\\\/bishop\\\/\"},{\"@type\":\"ListItem\",\"position\":3,\"name\":\"Apr\u00e8s la Guerre\"}]},{\"@type\":\"WebSite\",\"@id\":\"https:\\\/\\\/forvalour.ca\\\/fr\\\/#website\",\"url\":\"https:\\\/\\\/forvalour.ca\\\/fr\\\/\",\"name\":\"For Valour\",\"description\":\"Canadian Airmen and the Victoria Cross\",\"publisher\":{\"@id\":\"https:\\\/\\\/forvalour.ca\\\/fr\\\/#organization\"},\"potentialAction\":[{\"@type\":\"SearchAction\",\"target\":{\"@type\":\"EntryPoint\",\"urlTemplate\":\"https:\\\/\\\/forvalour.ca\\\/fr\\\/?s={search_term_string}\"},\"query-input\":{\"@type\":\"PropertyValueSpecification\",\"valueRequired\":true,\"valueName\":\"search_term_string\"}}],\"inLanguage\":\"fr-FR\"},{\"@type\":\"Organization\",\"@id\":\"https:\\\/\\\/forvalour.ca\\\/fr\\\/#organization\",\"name\":\"For Valour\",\"url\":\"https:\\\/\\\/forvalour.ca\\\/fr\\\/\",\"logo\":{\"@type\":\"ImageObject\",\"inLanguage\":\"fr-FR\",\"@id\":\"https:\\\/\\\/forvalour.ca\\\/fr\\\/#\\\/schema\\\/logo\\\/image\\\/\",\"url\":\"https:\\\/\\\/forvalour.ca\\\/wp-content\\\/uploads\\\/2021\\\/09\\\/cropped-for-valour-medal-new.png\",\"contentUrl\":\"https:\\\/\\\/forvalour.ca\\\/wp-content\\\/uploads\\\/2021\\\/09\\\/cropped-for-valour-medal-new.png\",\"width\":512,\"height\":512,\"caption\":\"For Valour\"},\"image\":{\"@id\":\"https:\\\/\\\/forvalour.ca\\\/fr\\\/#\\\/schema\\\/logo\\\/image\\\/\"},\"sameAs\":[\"https:\\\/\\\/www.youtube.com\\\/channel\\\/UCRYVbXOUahuy0lj2UCo1Cag\"]}]}<\/script>\n<!-- \/ Yoast SEO plugin. -->","yoast_head_json":{"title":"Apr\u00e8s la Guerre - Pour Bravoure - aviateurs canadiens et la Croix de Victoria","robots":{"index":"index","follow":"follow","max-snippet":"max-snippet:-1","max-image-preview":"max-image-preview:large","max-video-preview":"max-video-preview:-1"},"canonical":"https:\/\/forvalour.ca\/fr\/bishop\/apres-la-guerre\/","og_locale":"fr_FR","og_type":"article","og_title":"Apr\u00e8s la Guerre - Pour Bravoure - aviateurs canadiens et la Croix de Victoria","og_description":"Apr\u00e8s la fin de la Premi\u00e8re Guerre mondiale, Billy Bishop voyage et donne des conf\u00e9rences un peu partout aux \u00c9tats-Unis, avant qu&rsquo;un autre as canadien et r\u00e9cipiendaire de la Croix de Victoria, William Barker, lui offre de fonder avec lui la&nbsp;Bishop Barker Aeroplanes Limited&nbsp;\u00e0 Toronto, mais l&rsquo;entreprise de transport de passagers ne dure pas longtemps. [&hellip;]","og_url":"https:\/\/forvalour.ca\/fr\/bishop\/apres-la-guerre\/","og_site_name":"Pour Bravoure - aviateurs canadiens et la Croix de Victoria","twitter_card":"summary_large_image","twitter_misc":{"Dur\u00e9e de lecture estim\u00e9e":"1 minute"},"schema":{"@context":"https:\/\/schema.org","@graph":[{"@type":"WebPage","@id":"https:\/\/forvalour.ca\/fr\/bishop\/apres-la-guerre\/","url":"https:\/\/forvalour.ca\/fr\/bishop\/apres-la-guerre\/","name":"Apr\u00e8s la Guerre - Pour Bravoure - aviateurs canadiens et la Croix de Victoria","isPartOf":{"@id":"https:\/\/forvalour.ca\/fr\/#website"},"datePublished":"2021-09-16T16:18:11+00:00","breadcrumb":{"@id":"https:\/\/forvalour.ca\/fr\/bishop\/apres-la-guerre\/#breadcrumb"},"inLanguage":"fr-FR","potentialAction":[{"@type":"ReadAction","target":["https:\/\/forvalour.ca\/fr\/bishop\/apres-la-guerre\/"]}]},{"@type":"BreadcrumbList","@id":"https:\/\/forvalour.ca\/fr\/bishop\/apres-la-guerre\/#breadcrumb","itemListElement":[{"@type":"ListItem","position":1,"name":"Home","item":"https:\/\/forvalour.ca\/fr\/"},{"@type":"ListItem","position":2,"name":"William Bishop","item":"https:\/\/www.forvalour.ca\/fr\/bishop\/"},{"@type":"ListItem","position":3,"name":"Apr\u00e8s la Guerre"}]},{"@type":"WebSite","@id":"https:\/\/forvalour.ca\/fr\/#website","url":"https:\/\/forvalour.ca\/fr\/","name":"For Valour","description":"Canadian Airmen and the Victoria Cross","publisher":{"@id":"https:\/\/forvalour.ca\/fr\/#organization"},"potentialAction":[{"@type":"SearchAction","target":{"@type":"EntryPoint","urlTemplate":"https:\/\/forvalour.ca\/fr\/?s={search_term_string}"},"query-input":{"@type":"PropertyValueSpecification","valueRequired":true,"valueName":"search_term_string"}}],"inLanguage":"fr-FR"},{"@type":"Organization","@id":"https:\/\/forvalour.ca\/fr\/#organization","name":"For Valour","url":"https:\/\/forvalour.ca\/fr\/","logo":{"@type":"ImageObject","inLanguage":"fr-FR","@id":"https:\/\/forvalour.ca\/fr\/#\/schema\/logo\/image\/","url":"https:\/\/forvalour.ca\/wp-content\/uploads\/2021\/09\/cropped-for-valour-medal-new.png","contentUrl":"https:\/\/forvalour.ca\/wp-content\/uploads\/2021\/09\/cropped-for-valour-medal-new.png","width":512,"height":512,"caption":"For Valour"},"image":{"@id":"https:\/\/forvalour.ca\/fr\/#\/schema\/logo\/image\/"},"sameAs":["https:\/\/www.youtube.com\/channel\/UCRYVbXOUahuy0lj2UCo1Cag"]}]}},"_links":{"self":[{"href":"https:\/\/forvalour.ca\/fr\/wp-json\/wp\/v2\/pages\/720","targetHints":{"allow":["GET"]}}],"collection":[{"href":"https:\/\/forvalour.ca\/fr\/wp-json\/wp\/v2\/pages"}],"about":[{"href":"https:\/\/forvalour.ca\/fr\/wp-json\/wp\/v2\/types\/page"}],"author":[{"embeddable":true,"href":"https:\/\/forvalour.ca\/fr\/wp-json\/wp\/v2\/users\/1"}],"replies":[{"embeddable":true,"href":"https:\/\/forvalour.ca\/fr\/wp-json\/wp\/v2\/comments?post=720"}],"version-history":[{"count":2,"href":"https:\/\/forvalour.ca\/fr\/wp-json\/wp\/v2\/pages\/720\/revisions"}],"predecessor-version":[{"id":722,"href":"https:\/\/forvalour.ca\/fr\/wp-json\/wp\/v2\/pages\/720\/revisions\/722"}],"up":[{"embeddable":true,"href":"https:\/\/forvalour.ca\/fr\/wp-json\/wp\/v2\/pages\/660"}],"wp:attachment":[{"href":"https:\/\/forvalour.ca\/fr\/wp-json\/wp\/v2\/media?parent=720"}],"curies":[{"name":"wp","href":"https:\/\/api.w.org\/{rel}","templated":true}]}}