{"id":74,"date":"2021-08-30T11:32:41","date_gmt":"2021-08-30T16:32:41","guid":{"rendered":"http:\/\/forvalour.ca\/?page_id=74"},"modified":"2023-03-20T13:47:51","modified_gmt":"2023-03-20T18:47:51","slug":"la-croix-de-victoria","status":"publish","type":"page","link":"https:\/\/forvalour.ca\/fr\/la-croix-de-victoria\/","title":{"rendered":"La Croix de Victoria"},"content":{"rendered":"<div class=\"wp-block-image mobile-only\">\n<figure class=\"aligncenter size-full\"><img loading=\"lazy\" decoding=\"async\" width=\"161\" height=\"240\" src=\"https:\/\/forvalour.ca\/wp-content\/uploads\/2021\/10\/for-valour-medal-new.png\" alt=\"La Croix de Victoria\" class=\"wp-image-3241\"\/><\/figure>\n<\/div>\n\n\n<p>La Croix de Victoria porte le nom de la reine Victoria (1819-1901) qui a acc\u00e9d\u00e9 au tr\u00f4ne en 1837, alors qu&rsquo;elle \u00e9tait adolescente, et qui a r\u00e9gn\u00e9 pendant 64 ans jusqu&rsquo;\u00e0 sa mort, \u00e0 l&rsquo;\u00e2ge de 81 ans.<\/p>\n\n\n\n<p>En 1854, la Grande-Bretagne a pris part \u00e0 la guerre de Crim\u00e9e contre la Russie. En 1856, la reine Victoria et ses conseillers ont cr\u00e9\u00e9 une m\u00e9daille pour r\u00e9compenser d&rsquo;une fa\u00e7on sp\u00e9ciale les personnes qui avaient accompli des actes exceptionnels de bravoure et de courage au combat. C&rsquo;est cette m\u00e9daille qui est devenue la Croix de Victoria.<\/p>\n\n\n\n<p>Il fut d\u00e9cid\u00e9 que la Croix de Victoria pourrait \u00eatre d\u00e9cern\u00e9e aux militaires de tous les grades qui, dans les forces arm\u00e9es, auraient fait preuve d&rsquo;une bravoure insigne, d&rsquo;une vaillance empreinte d&rsquo;audace ou d&rsquo;\u00e9clat, d&rsquo;abn\u00e9gation ou d&rsquo;un attachement extr\u00eame au devoir face \u00e0 l&rsquo;ennemi. La reine a d\u00e9cern\u00e9 les premi\u00e8res Croix de Victoria en 1857 \u00e0 des militaires qui s&rsquo;\u00e9taient distingu\u00e9s par leur bravoure en 1854 pendant la guerre de Crim\u00e9e. La d\u00e9coration a la forme d&rsquo;une croix de Malte. Au centre se trouve la couronne royale sur laquelle un lion monte la garde. Sous la couronne sont inscrits deux mots simples : \u00ab&nbsp;FOR VALOUR&nbsp;\u00bb (Pour bravoure).<\/p>\n\n\n\n<p>La date o\u00f9 l&rsquo;acte de bravoure a \u00e9t\u00e9 accompli est grav\u00e9e au revers de la croix. Depuis 1857, ann\u00e9e o\u00f9 les premi\u00e8res croix ont \u00e9t\u00e9 d\u00e9cern\u00e9es, elles sont faites du bronze tir\u00e9 d&rsquo;un des canons pris aux Russes par les Britanniques pendant la guerre de Crim\u00e9e. La croix est fix\u00e9e au ruban par une barrette droite (orn\u00e9e de feuilles de laurier). Le grade, le nom et le r\u00e9giment du r\u00e9cipiendaire de la d\u00e9coration sont grav\u00e9s au dos de la barrette.<\/p>\n\n\n\n<p>Quand la reine Victoria a d\u00e9cern\u00e9 la d\u00e9coration pour la premi\u00e8re fois en 1857, certains rubans \u00e9taient bleu fonc\u00e9 (pour la Marine), et certains, rouge cramoisi (pour l&rsquo;Arm\u00e9e). Apr\u00e8s la Premi\u00e8re Guerre mondiale, on a adopt\u00e9 une seule et m\u00eame couleur pour tous les rubans : le rouge cramoisi. En tout, 1\u00a0351 Croix de Victoria ont \u00e9t\u00e9 d\u00e9cern\u00e9es, dont 99 \u00e0 des Canadiens et 13 \u00e0 des personnes qui avaient un lien avec le Canada. Parmi les 99 croix remises \u00e0 des Canadiens, 10 l&rsquo;ont \u00e9t\u00e9 avant la Premi\u00e8re Guerre mondiale, y compris cinq en Afrique du Sud; 73 ont \u00e9t\u00e9 d\u00e9cern\u00e9es pour des actes de vaillance accomplis pendant la Premi\u00e8re Guerre mondiale et 16 pour des actes de courage accomplis au cours de la Deuxi\u00e8me Guerre mondiale.<\/p>\n\n\n\n<h2 class=\"wp-block-heading\">Canadiens ayant re\u00e7u la Croix de Victoria<\/h2>\n\n\n\n<figure id=\"victoria-cross-recipients\" class=\"wp-block-table\"><table><tbody><tr><td><strong>Avant la guerre des Boers<\/strong><\/td><td>5<\/td><\/tr><tr><td><strong>Afrique du Sud (guerre des Boers)<\/strong><\/td><td>5<\/td><\/tr><tr><td><strong>Premi\u00e8re Guerre mondiale<\/strong><\/td><td>73<\/td><\/tr><tr><td><strong>Deuxi\u00e8me Guerre mondiale<\/strong><\/td><td>16<\/td><\/tr><\/tbody><\/table><\/figure>\n","protected":false},"excerpt":{"rendered":"<p>La Croix de Victoria porte le nom de la reine Victoria (1819-1901) qui a acc\u00e9d\u00e9 au tr\u00f4ne en 1837, alors qu&rsquo;elle \u00e9tait adolescente, et qui a r\u00e9gn\u00e9 pendant 64 ans jusqu&rsquo;\u00e0 sa mort, \u00e0 l&rsquo;\u00e2ge de 81 ans. En 1854, la Grande-Bretagne a pris part \u00e0 la guerre de Crim\u00e9e contre la Russie. En 1856, [&hellip;]<\/p>\n","protected":false},"author":1,"featured_media":0,"parent":0,"menu_order":0,"comment_status":"closed","ping_status":"closed","template":"","meta":{"_acf_changed":false,"footnotes":""},"class_list":["post-74","page","type-page","status-publish","hentry"],"acf":[],"yoast_head":"<!-- This site is optimized with the Yoast SEO plugin v27.3 - https:\/\/yoast.com\/product\/yoast-seo-wordpress\/ -->\n<title>La Croix de Victoria - Pour Bravoure - aviateurs canadiens et la Croix de Victoria<\/title>\n<meta name=\"robots\" content=\"index, follow, max-snippet:-1, max-image-preview:large, max-video-preview:-1\" \/>\n<link rel=\"canonical\" href=\"https:\/\/forvalour.ca\/fr\/la-croix-de-victoria\/\" \/>\n<meta property=\"og:locale\" content=\"fr_FR\" \/>\n<meta property=\"og:type\" content=\"article\" \/>\n<meta property=\"og:title\" content=\"La Croix de Victoria - Pour Bravoure - aviateurs canadiens et la Croix de Victoria\" \/>\n<meta property=\"og:description\" content=\"La Croix de Victoria porte le nom de la reine Victoria (1819-1901) qui a acc\u00e9d\u00e9 au tr\u00f4ne en 1837, alors qu&rsquo;elle \u00e9tait adolescente, et qui a r\u00e9gn\u00e9 pendant 64 ans jusqu&rsquo;\u00e0 sa mort, \u00e0 l&rsquo;\u00e2ge de 81 ans. En 1854, la Grande-Bretagne a pris part \u00e0 la guerre de Crim\u00e9e contre la Russie. En 1856, [&hellip;]\" \/>\n<meta property=\"og:url\" content=\"https:\/\/forvalour.ca\/fr\/la-croix-de-victoria\/\" \/>\n<meta property=\"og:site_name\" content=\"Pour Bravoure - aviateurs canadiens et la Croix de Victoria\" \/>\n<meta property=\"article:modified_time\" content=\"2023-03-20T18:47:51+00:00\" \/>\n<meta property=\"og:image\" content=\"https:\/\/forvalour.ca\/wp-content\/uploads\/2021\/10\/for-valour-medal-new.png\" \/>\n<meta name=\"twitter:card\" content=\"summary_large_image\" \/>\n<meta name=\"twitter:label1\" content=\"Dur\u00e9e de lecture estim\u00e9e\" \/>\n\t<meta name=\"twitter:data1\" content=\"3 minutes\" \/>\n<script type=\"application\/ld+json\" class=\"yoast-schema-graph\">{\"@context\":\"https:\\\/\\\/schema.org\",\"@graph\":[{\"@type\":\"WebPage\",\"@id\":\"https:\\\/\\\/forvalour.ca\\\/fr\\\/la-croix-de-victoria\\\/\",\"url\":\"https:\\\/\\\/forvalour.ca\\\/fr\\\/la-croix-de-victoria\\\/\",\"name\":\"La Croix de Victoria - Pour Bravoure - aviateurs canadiens et la Croix de Victoria\",\"isPartOf\":{\"@id\":\"https:\\\/\\\/forvalour.ca\\\/fr\\\/#website\"},\"primaryImageOfPage\":{\"@id\":\"https:\\\/\\\/forvalour.ca\\\/fr\\\/la-croix-de-victoria\\\/#primaryimage\"},\"image\":{\"@id\":\"https:\\\/\\\/forvalour.ca\\\/fr\\\/la-croix-de-victoria\\\/#primaryimage\"},\"thumbnailUrl\":\"https:\\\/\\\/forvalour.ca\\\/wp-content\\\/uploads\\\/2021\\\/10\\\/for-valour-medal-new.png\",\"datePublished\":\"2021-08-30T16:32:41+00:00\",\"dateModified\":\"2023-03-20T18:47:51+00:00\",\"breadcrumb\":{\"@id\":\"https:\\\/\\\/forvalour.ca\\\/fr\\\/la-croix-de-victoria\\\/#breadcrumb\"},\"inLanguage\":\"fr-FR\",\"potentialAction\":[{\"@type\":\"ReadAction\",\"target\":[\"https:\\\/\\\/forvalour.ca\\\/fr\\\/la-croix-de-victoria\\\/\"]}]},{\"@type\":\"ImageObject\",\"inLanguage\":\"fr-FR\",\"@id\":\"https:\\\/\\\/forvalour.ca\\\/fr\\\/la-croix-de-victoria\\\/#primaryimage\",\"url\":\"https:\\\/\\\/forvalour.ca\\\/wp-content\\\/uploads\\\/2021\\\/10\\\/for-valour-medal-new.png\",\"contentUrl\":\"https:\\\/\\\/forvalour.ca\\\/wp-content\\\/uploads\\\/2021\\\/10\\\/for-valour-medal-new.png\"},{\"@type\":\"BreadcrumbList\",\"@id\":\"https:\\\/\\\/forvalour.ca\\\/fr\\\/la-croix-de-victoria\\\/#breadcrumb\",\"itemListElement\":[{\"@type\":\"ListItem\",\"position\":1,\"name\":\"Home\",\"item\":\"https:\\\/\\\/forvalour.ca\\\/fr\\\/\"},{\"@type\":\"ListItem\",\"position\":2,\"name\":\"La Croix de Victoria\"}]},{\"@type\":\"WebSite\",\"@id\":\"https:\\\/\\\/forvalour.ca\\\/fr\\\/#website\",\"url\":\"https:\\\/\\\/forvalour.ca\\\/fr\\\/\",\"name\":\"For Valour\",\"description\":\"Canadian Airmen and the Victoria Cross\",\"publisher\":{\"@id\":\"https:\\\/\\\/forvalour.ca\\\/fr\\\/#organization\"},\"potentialAction\":[{\"@type\":\"SearchAction\",\"target\":{\"@type\":\"EntryPoint\",\"urlTemplate\":\"https:\\\/\\\/forvalour.ca\\\/fr\\\/?s={search_term_string}\"},\"query-input\":{\"@type\":\"PropertyValueSpecification\",\"valueRequired\":true,\"valueName\":\"search_term_string\"}}],\"inLanguage\":\"fr-FR\"},{\"@type\":\"Organization\",\"@id\":\"https:\\\/\\\/forvalour.ca\\\/fr\\\/#organization\",\"name\":\"For Valour\",\"url\":\"https:\\\/\\\/forvalour.ca\\\/fr\\\/\",\"logo\":{\"@type\":\"ImageObject\",\"inLanguage\":\"fr-FR\",\"@id\":\"https:\\\/\\\/forvalour.ca\\\/fr\\\/#\\\/schema\\\/logo\\\/image\\\/\",\"url\":\"https:\\\/\\\/forvalour.ca\\\/wp-content\\\/uploads\\\/2021\\\/09\\\/cropped-for-valour-medal-new.png\",\"contentUrl\":\"https:\\\/\\\/forvalour.ca\\\/wp-content\\\/uploads\\\/2021\\\/09\\\/cropped-for-valour-medal-new.png\",\"width\":512,\"height\":512,\"caption\":\"For Valour\"},\"image\":{\"@id\":\"https:\\\/\\\/forvalour.ca\\\/fr\\\/#\\\/schema\\\/logo\\\/image\\\/\"},\"sameAs\":[\"https:\\\/\\\/www.youtube.com\\\/channel\\\/UCRYVbXOUahuy0lj2UCo1Cag\"]}]}<\/script>\n<!-- \/ Yoast SEO plugin. -->","yoast_head_json":{"title":"La Croix de Victoria - Pour Bravoure - aviateurs canadiens et la Croix de Victoria","robots":{"index":"index","follow":"follow","max-snippet":"max-snippet:-1","max-image-preview":"max-image-preview:large","max-video-preview":"max-video-preview:-1"},"canonical":"https:\/\/forvalour.ca\/fr\/la-croix-de-victoria\/","og_locale":"fr_FR","og_type":"article","og_title":"La Croix de Victoria - Pour Bravoure - aviateurs canadiens et la Croix de Victoria","og_description":"La Croix de Victoria porte le nom de la reine Victoria (1819-1901) qui a acc\u00e9d\u00e9 au tr\u00f4ne en 1837, alors qu&rsquo;elle \u00e9tait adolescente, et qui a r\u00e9gn\u00e9 pendant 64 ans jusqu&rsquo;\u00e0 sa mort, \u00e0 l&rsquo;\u00e2ge de 81 ans. En 1854, la Grande-Bretagne a pris part \u00e0 la guerre de Crim\u00e9e contre la Russie. En 1856, [&hellip;]","og_url":"https:\/\/forvalour.ca\/fr\/la-croix-de-victoria\/","og_site_name":"Pour Bravoure - aviateurs canadiens et la Croix de Victoria","article_modified_time":"2023-03-20T18:47:51+00:00","og_image":[{"url":"https:\/\/forvalour.ca\/wp-content\/uploads\/2021\/10\/for-valour-medal-new.png","type":"","width":"","height":""}],"twitter_card":"summary_large_image","twitter_misc":{"Dur\u00e9e de lecture estim\u00e9e":"3 minutes"},"schema":{"@context":"https:\/\/schema.org","@graph":[{"@type":"WebPage","@id":"https:\/\/forvalour.ca\/fr\/la-croix-de-victoria\/","url":"https:\/\/forvalour.ca\/fr\/la-croix-de-victoria\/","name":"La Croix de Victoria - Pour Bravoure - aviateurs canadiens et la Croix de Victoria","isPartOf":{"@id":"https:\/\/forvalour.ca\/fr\/#website"},"primaryImageOfPage":{"@id":"https:\/\/forvalour.ca\/fr\/la-croix-de-victoria\/#primaryimage"},"image":{"@id":"https:\/\/forvalour.ca\/fr\/la-croix-de-victoria\/#primaryimage"},"thumbnailUrl":"https:\/\/forvalour.ca\/wp-content\/uploads\/2021\/10\/for-valour-medal-new.png","datePublished":"2021-08-30T16:32:41+00:00","dateModified":"2023-03-20T18:47:51+00:00","breadcrumb":{"@id":"https:\/\/forvalour.ca\/fr\/la-croix-de-victoria\/#breadcrumb"},"inLanguage":"fr-FR","potentialAction":[{"@type":"ReadAction","target":["https:\/\/forvalour.ca\/fr\/la-croix-de-victoria\/"]}]},{"@type":"ImageObject","inLanguage":"fr-FR","@id":"https:\/\/forvalour.ca\/fr\/la-croix-de-victoria\/#primaryimage","url":"https:\/\/forvalour.ca\/wp-content\/uploads\/2021\/10\/for-valour-medal-new.png","contentUrl":"https:\/\/forvalour.ca\/wp-content\/uploads\/2021\/10\/for-valour-medal-new.png"},{"@type":"BreadcrumbList","@id":"https:\/\/forvalour.ca\/fr\/la-croix-de-victoria\/#breadcrumb","itemListElement":[{"@type":"ListItem","position":1,"name":"Home","item":"https:\/\/forvalour.ca\/fr\/"},{"@type":"ListItem","position":2,"name":"La Croix de Victoria"}]},{"@type":"WebSite","@id":"https:\/\/forvalour.ca\/fr\/#website","url":"https:\/\/forvalour.ca\/fr\/","name":"For Valour","description":"Canadian Airmen and the Victoria Cross","publisher":{"@id":"https:\/\/forvalour.ca\/fr\/#organization"},"potentialAction":[{"@type":"SearchAction","target":{"@type":"EntryPoint","urlTemplate":"https:\/\/forvalour.ca\/fr\/?s={search_term_string}"},"query-input":{"@type":"PropertyValueSpecification","valueRequired":true,"valueName":"search_term_string"}}],"inLanguage":"fr-FR"},{"@type":"Organization","@id":"https:\/\/forvalour.ca\/fr\/#organization","name":"For Valour","url":"https:\/\/forvalour.ca\/fr\/","logo":{"@type":"ImageObject","inLanguage":"fr-FR","@id":"https:\/\/forvalour.ca\/fr\/#\/schema\/logo\/image\/","url":"https:\/\/forvalour.ca\/wp-content\/uploads\/2021\/09\/cropped-for-valour-medal-new.png","contentUrl":"https:\/\/forvalour.ca\/wp-content\/uploads\/2021\/09\/cropped-for-valour-medal-new.png","width":512,"height":512,"caption":"For Valour"},"image":{"@id":"https:\/\/forvalour.ca\/fr\/#\/schema\/logo\/image\/"},"sameAs":["https:\/\/www.youtube.com\/channel\/UCRYVbXOUahuy0lj2UCo1Cag"]}]}},"_links":{"self":[{"href":"https:\/\/forvalour.ca\/fr\/wp-json\/wp\/v2\/pages\/74","targetHints":{"allow":["GET"]}}],"collection":[{"href":"https:\/\/forvalour.ca\/fr\/wp-json\/wp\/v2\/pages"}],"about":[{"href":"https:\/\/forvalour.ca\/fr\/wp-json\/wp\/v2\/types\/page"}],"author":[{"embeddable":true,"href":"https:\/\/forvalour.ca\/fr\/wp-json\/wp\/v2\/users\/1"}],"replies":[{"embeddable":true,"href":"https:\/\/forvalour.ca\/fr\/wp-json\/wp\/v2\/comments?post=74"}],"version-history":[{"count":8,"href":"https:\/\/forvalour.ca\/fr\/wp-json\/wp\/v2\/pages\/74\/revisions"}],"predecessor-version":[{"id":3876,"href":"https:\/\/forvalour.ca\/fr\/wp-json\/wp\/v2\/pages\/74\/revisions\/3876"}],"wp:attachment":[{"href":"https:\/\/forvalour.ca\/fr\/wp-json\/wp\/v2\/media?parent=74"}],"curies":[{"name":"wp","href":"https:\/\/api.w.org\/{rel}","templated":true}]}}