{"id":746,"date":"2021-09-16T13:00:32","date_gmt":"2021-09-16T18:00:32","guid":{"rendered":"https:\/\/forvalour.ca\/?page_id=746"},"modified":"2021-09-30T18:44:08","modified_gmt":"2021-09-30T23:44:08","slug":"reference","status":"publish","type":"page","link":"https:\/\/forvalour.ca\/fr\/gray\/reference\/","title":{"rendered":"Ouvrages de R\u00e9f\u00e9rence"},"content":{"rendered":"\n<div class=\"wp-block-columns is-layout-flex wp-container-core-columns-is-layout-9d6595d7 wp-block-columns-is-layout-flex\">\n<div class=\"wp-block-column is-layout-flow wp-block-column-is-layout-flow\" style=\"flex-basis:60px\">\n<figure class=\"wp-block-image size-full\"><img loading=\"lazy\" decoding=\"async\" width=\"60\" height=\"32\" src=\"http:\/\/forvalour.ca\/wp-content\/uploads\/2021\/09\/r-006.jpg\" alt=\"livre\" class=\"wp-image-738\"\/><\/figure>\n<\/div>\n\n\n\n<div class=\"wp-block-column is-layout-flow wp-block-column-is-layout-flow\">\n<p>Soward, Stuart E.&nbsp;<strong>A Formidable Hero : Lt. R. H. Gray, VC, DSC, RCNVR<\/strong>. Canav, 1987.<\/p>\n<\/div>\n<\/div>\n\n\n\n<div class=\"wp-block-columns is-layout-flex wp-container-core-columns-is-layout-9d6595d7 wp-block-columns-is-layout-flex\">\n<div class=\"wp-block-column is-layout-flow wp-block-column-is-layout-flow\" style=\"flex-basis:60px\">\n<figure class=\"wp-block-image size-full\"><img loading=\"lazy\" decoding=\"async\" width=\"60\" height=\"32\" src=\"http:\/\/forvalour.ca\/wp-content\/uploads\/2021\/09\/r-006.jpg\" alt=\"livre\" class=\"wp-image-738\"\/><\/figure>\n<\/div>\n\n\n\n<div class=\"wp-block-column is-layout-flow wp-block-column-is-layout-flow\">\n<p>Shawn Lamb ;&nbsp;<strong>Shawn Lamb Archives<\/strong>, Nelson, British Columbia.<\/p>\n<\/div>\n<\/div>\n\n\n\n<div class=\"wp-block-columns is-layout-flex wp-container-core-columns-is-layout-9d6595d7 wp-block-columns-is-layout-flex\">\n<div class=\"wp-block-column is-layout-flow wp-block-column-is-layout-flow\" style=\"flex-basis:60px\">\n<figure class=\"wp-block-image size-full\"><img loading=\"lazy\" decoding=\"async\" width=\"60\" height=\"30\" src=\"http:\/\/forvalour.ca\/wp-content\/uploads\/2021\/09\/r-001.jpg\" alt=\"site Internet\" class=\"wp-image-386\"\/><\/figure>\n<\/div>\n\n\n\n<div class=\"wp-block-column is-layout-flow wp-block-column-is-layout-flow\">\n<p><a href=\"\/fr\/robert-gray-don-macneil\">\u00abCanada&rsquo;s Last Victoria Cross, Lt. (P) Robert Hampton Gray\u00bb<\/a>&nbsp;expos\u00e9 produit par Don MacNeil, historien chez&nbsp;Vintage Wings of Canada.<\/p>\n<\/div>\n<\/div>\n\n\n\n<div class=\"wp-block-columns is-layout-flex wp-container-core-columns-is-layout-9d6595d7 wp-block-columns-is-layout-flex\">\n<div class=\"wp-block-column is-layout-flow wp-block-column-is-layout-flow\" style=\"flex-basis:60px\">\n<figure class=\"wp-block-image size-full\"><img loading=\"lazy\" decoding=\"async\" width=\"60\" height=\"30\" src=\"http:\/\/forvalour.ca\/wp-content\/uploads\/2021\/09\/r-001.jpg\" alt=\"site Internet\" class=\"wp-image-386\"\/><\/figure>\n<\/div>\n\n\n\n<div class=\"wp-block-column is-layout-flow wp-block-column-is-layout-flow\">\n<p><a href=\"https:\/\/navalandmilitarymuseum.org\/archives\/articles\/local-heroes\/lieutenant-hampton-gray\/\">Naval and Military Museum<\/a>\u00a0: Biographie en ligne de Gray r\u00e9dig\u00e9e par le Capitaine de corvette Stuart E. Soward, son biographe.<\/p>\n<\/div>\n<\/div>\n\n\n\n<div class=\"wp-block-columns is-layout-flex wp-container-core-columns-is-layout-9d6595d7 wp-block-columns-is-layout-flex\">\n<div class=\"wp-block-column is-layout-flow wp-block-column-is-layout-flow\" style=\"flex-basis:60px\">\n<figure class=\"wp-block-image size-full\"><img loading=\"lazy\" decoding=\"async\" width=\"60\" height=\"30\" src=\"http:\/\/forvalour.ca\/wp-content\/uploads\/2021\/09\/r-001.jpg\" alt=\"site Internet\" class=\"wp-image-386\"\/><\/figure>\n<\/div>\n\n\n\n<div class=\"wp-block-column is-layout-flow wp-block-column-is-layout-flow\">\n<p><a href=\"http:\/\/100.ubc.ca\/ubc-impact\/ubc-remembers-our-history-of-military-service\/\">UBC Alumni Affairs<\/a>\u00a0: Un hommage en ligne aux \u00e9tudiants de l&rsquo;Universit\u00e9 de Colombie-Britannique (dont Gray) qui sont morts au cours de la Premi\u00e8re ou de la Deuxi\u00e8me Guerre mondiale.<\/p>\n<\/div>\n<\/div>\n\n\n\n<div class=\"wp-block-columns is-layout-flex wp-container-core-columns-is-layout-9d6595d7 wp-block-columns-is-layout-flex\">\n<div class=\"wp-block-column is-layout-flow wp-block-column-is-layout-flow\" style=\"flex-basis:60px\">\n<figure class=\"wp-block-image size-full\"><img loading=\"lazy\" decoding=\"async\" width=\"60\" height=\"30\" src=\"http:\/\/forvalour.ca\/wp-content\/uploads\/2021\/09\/r-001.jpg\" alt=\"site Internet\" class=\"wp-image-386\"\/><\/figure>\n<\/div>\n\n\n\n<div class=\"wp-block-column is-layout-flow wp-block-column-is-layout-flow\">\n<p><a href=\"http:\/\/www.maritimequest.com\/warship_directory\/great_britain\/pages\/aircraft_carriers\/hms_formidable_67.htm\">Maritime Quest<\/a>&nbsp;: Photos du&nbsp;HMS Formidable, qui servit dans les campagnes de l&rsquo;Atlantique et du Pacifique de la Deuxi\u00e8me Guerre mondiale (et sur lequel Robert Hampton Gray a servi).<\/p>\n<\/div>\n<\/div>\n\n\n\n<div class=\"wp-block-columns is-layout-flex wp-container-core-columns-is-layout-9d6595d7 wp-block-columns-is-layout-flex\">\n<div class=\"wp-block-column is-layout-flow wp-block-column-is-layout-flow\" style=\"flex-basis:60px\">\n<figure class=\"wp-block-image size-full\"><img loading=\"lazy\" decoding=\"async\" width=\"60\" height=\"30\" src=\"http:\/\/forvalour.ca\/wp-content\/uploads\/2021\/09\/r-001.jpg\" alt=\"site Internet\" class=\"wp-image-386\"\/><\/figure>\n<\/div>\n\n\n\n<div class=\"wp-block-column is-layout-flow wp-block-column-is-layout-flow\">\n<p><a href=\"http:\/\/en.wikipedia.org\/wiki\/Robert_Hampton_Gray\">Wikip\u00e9dia<\/a>&nbsp;: Article de Wikip\u00e9dia Robert Hampton Gray<\/p>\n<\/div>\n<\/div>\n","protected":false},"excerpt":{"rendered":"<p>Soward, Stuart E.&nbsp;A Formidable Hero : Lt. R. H. Gray, VC, DSC, RCNVR. Canav, 1987. Shawn Lamb ;&nbsp;Shawn Lamb Archives, Nelson, British Columbia. \u00abCanada&rsquo;s Last Victoria Cross, Lt. (P) Robert Hampton Gray\u00bb&nbsp;expos\u00e9 produit par Don MacNeil, historien chez&nbsp;Vintage Wings of Canada. Naval and Military Museum\u00a0: Biographie en ligne de Gray r\u00e9dig\u00e9e par le Capitaine de [&hellip;]<\/p>\n","protected":false},"author":1,"featured_media":0,"parent":657,"menu_order":7,"comment_status":"closed","ping_status":"closed","template":"","meta":{"_acf_changed":false,"footnotes":""},"class_list":["post-746","page","type-page","status-publish","hentry"],"acf":[],"yoast_head":"<!-- This site is optimized with the Yoast SEO plugin v27.3 - https:\/\/yoast.com\/product\/yoast-seo-wordpress\/ -->\n<title>Ouvrages de R\u00e9f\u00e9rence - Pour Bravoure - aviateurs canadiens et la Croix de Victoria<\/title>\n<meta name=\"robots\" content=\"index, follow, max-snippet:-1, max-image-preview:large, max-video-preview:-1\" \/>\n<link rel=\"canonical\" href=\"https:\/\/forvalour.ca\/fr\/gray\/reference\/\" \/>\n<meta property=\"og:locale\" content=\"fr_FR\" \/>\n<meta property=\"og:type\" content=\"article\" \/>\n<meta property=\"og:title\" content=\"Ouvrages de R\u00e9f\u00e9rence - Pour Bravoure - aviateurs canadiens et la Croix de Victoria\" \/>\n<meta property=\"og:description\" content=\"Soward, Stuart E.&nbsp;A Formidable Hero : Lt. R. H. Gray, VC, DSC, RCNVR. Canav, 1987. Shawn Lamb ;&nbsp;Shawn Lamb Archives, Nelson, British Columbia. \u00abCanada&rsquo;s Last Victoria Cross, Lt. (P) Robert Hampton Gray\u00bb&nbsp;expos\u00e9 produit par Don MacNeil, historien chez&nbsp;Vintage Wings of Canada. Naval and Military Museum\u00a0: Biographie en ligne de Gray r\u00e9dig\u00e9e par le Capitaine de [&hellip;]\" \/>\n<meta property=\"og:url\" content=\"https:\/\/forvalour.ca\/fr\/gray\/reference\/\" \/>\n<meta property=\"og:site_name\" content=\"Pour Bravoure - aviateurs canadiens et la Croix de Victoria\" \/>\n<meta property=\"article:modified_time\" content=\"2021-09-30T23:44:08+00:00\" \/>\n<meta property=\"og:image\" content=\"http:\/\/forvalour.ca\/wp-content\/uploads\/2021\/09\/r-006.jpg\" \/>\n<meta name=\"twitter:card\" content=\"summary_large_image\" \/>\n<meta name=\"twitter:label1\" content=\"Dur\u00e9e de lecture estim\u00e9e\" \/>\n\t<meta name=\"twitter:data1\" content=\"2 minutes\" \/>\n<script type=\"application\/ld+json\" class=\"yoast-schema-graph\">{\"@context\":\"https:\\\/\\\/schema.org\",\"@graph\":[{\"@type\":\"WebPage\",\"@id\":\"https:\\\/\\\/forvalour.ca\\\/fr\\\/gray\\\/reference\\\/\",\"url\":\"https:\\\/\\\/forvalour.ca\\\/fr\\\/gray\\\/reference\\\/\",\"name\":\"Ouvrages de R\u00e9f\u00e9rence - Pour Bravoure - aviateurs canadiens et la Croix de Victoria\",\"isPartOf\":{\"@id\":\"https:\\\/\\\/forvalour.ca\\\/fr\\\/#website\"},\"primaryImageOfPage\":{\"@id\":\"https:\\\/\\\/forvalour.ca\\\/fr\\\/gray\\\/reference\\\/#primaryimage\"},\"image\":{\"@id\":\"https:\\\/\\\/forvalour.ca\\\/fr\\\/gray\\\/reference\\\/#primaryimage\"},\"thumbnailUrl\":\"http:\\\/\\\/forvalour.ca\\\/wp-content\\\/uploads\\\/2021\\\/09\\\/r-006.jpg\",\"datePublished\":\"2021-09-16T18:00:32+00:00\",\"dateModified\":\"2021-09-30T23:44:08+00:00\",\"breadcrumb\":{\"@id\":\"https:\\\/\\\/forvalour.ca\\\/fr\\\/gray\\\/reference\\\/#breadcrumb\"},\"inLanguage\":\"fr-FR\",\"potentialAction\":[{\"@type\":\"ReadAction\",\"target\":[\"https:\\\/\\\/forvalour.ca\\\/fr\\\/gray\\\/reference\\\/\"]}]},{\"@type\":\"ImageObject\",\"inLanguage\":\"fr-FR\",\"@id\":\"https:\\\/\\\/forvalour.ca\\\/fr\\\/gray\\\/reference\\\/#primaryimage\",\"url\":\"http:\\\/\\\/forvalour.ca\\\/wp-content\\\/uploads\\\/2021\\\/09\\\/r-006.jpg\",\"contentUrl\":\"http:\\\/\\\/forvalour.ca\\\/wp-content\\\/uploads\\\/2021\\\/09\\\/r-006.jpg\"},{\"@type\":\"BreadcrumbList\",\"@id\":\"https:\\\/\\\/forvalour.ca\\\/fr\\\/gray\\\/reference\\\/#breadcrumb\",\"itemListElement\":[{\"@type\":\"ListItem\",\"position\":1,\"name\":\"Home\",\"item\":\"https:\\\/\\\/forvalour.ca\\\/fr\\\/\"},{\"@type\":\"ListItem\",\"position\":2,\"name\":\"Robert Gray\",\"item\":\"https:\\\/\\\/forvalour.ca\\\/fr\\\/gray\\\/\"},{\"@type\":\"ListItem\",\"position\":3,\"name\":\"Ouvrages de R\u00e9f\u00e9rence\"}]},{\"@type\":\"WebSite\",\"@id\":\"https:\\\/\\\/forvalour.ca\\\/fr\\\/#website\",\"url\":\"https:\\\/\\\/forvalour.ca\\\/fr\\\/\",\"name\":\"For Valour\",\"description\":\"Canadian Airmen and the Victoria Cross\",\"publisher\":{\"@id\":\"https:\\\/\\\/forvalour.ca\\\/fr\\\/#organization\"},\"potentialAction\":[{\"@type\":\"SearchAction\",\"target\":{\"@type\":\"EntryPoint\",\"urlTemplate\":\"https:\\\/\\\/forvalour.ca\\\/fr\\\/?s={search_term_string}\"},\"query-input\":{\"@type\":\"PropertyValueSpecification\",\"valueRequired\":true,\"valueName\":\"search_term_string\"}}],\"inLanguage\":\"fr-FR\"},{\"@type\":\"Organization\",\"@id\":\"https:\\\/\\\/forvalour.ca\\\/fr\\\/#organization\",\"name\":\"For Valour\",\"url\":\"https:\\\/\\\/forvalour.ca\\\/fr\\\/\",\"logo\":{\"@type\":\"ImageObject\",\"inLanguage\":\"fr-FR\",\"@id\":\"https:\\\/\\\/forvalour.ca\\\/fr\\\/#\\\/schema\\\/logo\\\/image\\\/\",\"url\":\"https:\\\/\\\/forvalour.ca\\\/wp-content\\\/uploads\\\/2021\\\/09\\\/cropped-for-valour-medal-new.png\",\"contentUrl\":\"https:\\\/\\\/forvalour.ca\\\/wp-content\\\/uploads\\\/2021\\\/09\\\/cropped-for-valour-medal-new.png\",\"width\":512,\"height\":512,\"caption\":\"For Valour\"},\"image\":{\"@id\":\"https:\\\/\\\/forvalour.ca\\\/fr\\\/#\\\/schema\\\/logo\\\/image\\\/\"},\"sameAs\":[\"https:\\\/\\\/www.youtube.com\\\/channel\\\/UCRYVbXOUahuy0lj2UCo1Cag\"]}]}<\/script>\n<!-- \/ Yoast SEO plugin. -->","yoast_head_json":{"title":"Ouvrages de R\u00e9f\u00e9rence - Pour Bravoure - aviateurs canadiens et la Croix de Victoria","robots":{"index":"index","follow":"follow","max-snippet":"max-snippet:-1","max-image-preview":"max-image-preview:large","max-video-preview":"max-video-preview:-1"},"canonical":"https:\/\/forvalour.ca\/fr\/gray\/reference\/","og_locale":"fr_FR","og_type":"article","og_title":"Ouvrages de R\u00e9f\u00e9rence - Pour Bravoure - aviateurs canadiens et la Croix de Victoria","og_description":"Soward, Stuart E.&nbsp;A Formidable Hero : Lt. R. H. Gray, VC, DSC, RCNVR. Canav, 1987. Shawn Lamb ;&nbsp;Shawn Lamb Archives, Nelson, British Columbia. \u00abCanada&rsquo;s Last Victoria Cross, Lt. (P) Robert Hampton Gray\u00bb&nbsp;expos\u00e9 produit par Don MacNeil, historien chez&nbsp;Vintage Wings of Canada. Naval and Military Museum\u00a0: Biographie en ligne de Gray r\u00e9dig\u00e9e par le Capitaine de [&hellip;]","og_url":"https:\/\/forvalour.ca\/fr\/gray\/reference\/","og_site_name":"Pour Bravoure - aviateurs canadiens et la Croix de Victoria","article_modified_time":"2021-09-30T23:44:08+00:00","og_image":[{"url":"http:\/\/forvalour.ca\/wp-content\/uploads\/2021\/09\/r-006.jpg","type":"","width":"","height":""}],"twitter_card":"summary_large_image","twitter_misc":{"Dur\u00e9e de lecture estim\u00e9e":"2 minutes"},"schema":{"@context":"https:\/\/schema.org","@graph":[{"@type":"WebPage","@id":"https:\/\/forvalour.ca\/fr\/gray\/reference\/","url":"https:\/\/forvalour.ca\/fr\/gray\/reference\/","name":"Ouvrages de R\u00e9f\u00e9rence - Pour Bravoure - aviateurs canadiens et la Croix de Victoria","isPartOf":{"@id":"https:\/\/forvalour.ca\/fr\/#website"},"primaryImageOfPage":{"@id":"https:\/\/forvalour.ca\/fr\/gray\/reference\/#primaryimage"},"image":{"@id":"https:\/\/forvalour.ca\/fr\/gray\/reference\/#primaryimage"},"thumbnailUrl":"http:\/\/forvalour.ca\/wp-content\/uploads\/2021\/09\/r-006.jpg","datePublished":"2021-09-16T18:00:32+00:00","dateModified":"2021-09-30T23:44:08+00:00","breadcrumb":{"@id":"https:\/\/forvalour.ca\/fr\/gray\/reference\/#breadcrumb"},"inLanguage":"fr-FR","potentialAction":[{"@type":"ReadAction","target":["https:\/\/forvalour.ca\/fr\/gray\/reference\/"]}]},{"@type":"ImageObject","inLanguage":"fr-FR","@id":"https:\/\/forvalour.ca\/fr\/gray\/reference\/#primaryimage","url":"http:\/\/forvalour.ca\/wp-content\/uploads\/2021\/09\/r-006.jpg","contentUrl":"http:\/\/forvalour.ca\/wp-content\/uploads\/2021\/09\/r-006.jpg"},{"@type":"BreadcrumbList","@id":"https:\/\/forvalour.ca\/fr\/gray\/reference\/#breadcrumb","itemListElement":[{"@type":"ListItem","position":1,"name":"Home","item":"https:\/\/forvalour.ca\/fr\/"},{"@type":"ListItem","position":2,"name":"Robert Gray","item":"https:\/\/forvalour.ca\/fr\/gray\/"},{"@type":"ListItem","position":3,"name":"Ouvrages de R\u00e9f\u00e9rence"}]},{"@type":"WebSite","@id":"https:\/\/forvalour.ca\/fr\/#website","url":"https:\/\/forvalour.ca\/fr\/","name":"For Valour","description":"Canadian Airmen and the Victoria Cross","publisher":{"@id":"https:\/\/forvalour.ca\/fr\/#organization"},"potentialAction":[{"@type":"SearchAction","target":{"@type":"EntryPoint","urlTemplate":"https:\/\/forvalour.ca\/fr\/?s={search_term_string}"},"query-input":{"@type":"PropertyValueSpecification","valueRequired":true,"valueName":"search_term_string"}}],"inLanguage":"fr-FR"},{"@type":"Organization","@id":"https:\/\/forvalour.ca\/fr\/#organization","name":"For Valour","url":"https:\/\/forvalour.ca\/fr\/","logo":{"@type":"ImageObject","inLanguage":"fr-FR","@id":"https:\/\/forvalour.ca\/fr\/#\/schema\/logo\/image\/","url":"https:\/\/forvalour.ca\/wp-content\/uploads\/2021\/09\/cropped-for-valour-medal-new.png","contentUrl":"https:\/\/forvalour.ca\/wp-content\/uploads\/2021\/09\/cropped-for-valour-medal-new.png","width":512,"height":512,"caption":"For Valour"},"image":{"@id":"https:\/\/forvalour.ca\/fr\/#\/schema\/logo\/image\/"},"sameAs":["https:\/\/www.youtube.com\/channel\/UCRYVbXOUahuy0lj2UCo1Cag"]}]}},"_links":{"self":[{"href":"https:\/\/forvalour.ca\/fr\/wp-json\/wp\/v2\/pages\/746","targetHints":{"allow":["GET"]}}],"collection":[{"href":"https:\/\/forvalour.ca\/fr\/wp-json\/wp\/v2\/pages"}],"about":[{"href":"https:\/\/forvalour.ca\/fr\/wp-json\/wp\/v2\/types\/page"}],"author":[{"embeddable":true,"href":"https:\/\/forvalour.ca\/fr\/wp-json\/wp\/v2\/users\/1"}],"replies":[{"embeddable":true,"href":"https:\/\/forvalour.ca\/fr\/wp-json\/wp\/v2\/comments?post=746"}],"version-history":[{"count":6,"href":"https:\/\/forvalour.ca\/fr\/wp-json\/wp\/v2\/pages\/746\/revisions"}],"predecessor-version":[{"id":3027,"href":"https:\/\/forvalour.ca\/fr\/wp-json\/wp\/v2\/pages\/746\/revisions\/3027"}],"up":[{"embeddable":true,"href":"https:\/\/forvalour.ca\/fr\/wp-json\/wp\/v2\/pages\/657"}],"wp:attachment":[{"href":"https:\/\/forvalour.ca\/fr\/wp-json\/wp\/v2\/media?parent=746"}],"curies":[{"name":"wp","href":"https:\/\/api.w.org\/{rel}","templated":true}]}}