{"id":752,"date":"2021-09-16T13:10:46","date_gmt":"2021-09-16T18:10:46","guid":{"rendered":"https:\/\/forvalour.ca\/?page_id=752"},"modified":"2023-03-20T14:56:42","modified_gmt":"2023-03-20T19:56:42","slug":"reference","status":"publish","type":"page","link":"https:\/\/forvalour.ca\/fr\/barker\/reference\/","title":{"rendered":"Ouvrages de R\u00e9f\u00e9rence"},"content":{"rendered":"\n<div class=\"wp-block-columns is-layout-flex wp-container-core-columns-is-layout-9d6595d7 wp-block-columns-is-layout-flex\">\n<div class=\"wp-block-column is-layout-flow wp-block-column-is-layout-flow\" style=\"flex-basis:60px\">\n<figure class=\"wp-block-image size-full\"><img loading=\"lazy\" decoding=\"async\" width=\"60\" height=\"32\" src=\"https:\/\/forvalour.ca\/wp-content\/uploads\/2021\/09\/r-006.jpg\" alt=\"livre\" class=\"wp-image-738\"\/><\/figure>\n<\/div>\n\n\n\n<div class=\"wp-block-column is-layout-flow wp-block-column-is-layout-flow\">\n<p>Ralph, Wayne.&nbsp;<strong>Barker VC<\/strong><br>Doubleday Canada Limited, 1998<\/p>\n<\/div>\n<\/div>\n\n\n\n<div class=\"wp-block-columns is-layout-flex wp-container-core-columns-is-layout-9d6595d7 wp-block-columns-is-layout-flex\">\n<div class=\"wp-block-column is-layout-flow wp-block-column-is-layout-flow\" style=\"flex-basis:60px\">\n<figure class=\"wp-block-image size-full\"><img loading=\"lazy\" decoding=\"async\" width=\"60\" height=\"32\" src=\"https:\/\/forvalour.ca\/wp-content\/uploads\/2021\/09\/r-006.jpg\" alt=\"livre\" class=\"wp-image-738\"\/><\/figure>\n<\/div>\n\n\n\n<div class=\"wp-block-column is-layout-flow wp-block-column-is-layout-flow\">\n<p>Ralph, Wayne.&nbsp;<strong>William Barker VC &#8211; The Life, Death &amp; Legend of Canada&rsquo;s Most Decorated War Hero<\/strong>&nbsp;(\u00c9dition du 10<sup>e<\/sup>&nbsp;anniversaire)<br>Wiley, 1<sup>re<\/sup>&nbsp;\u00e9dition (20 avril 2007)<\/p>\n<\/div>\n<\/div>\n\n\n\n<div class=\"wp-block-columns is-layout-flex wp-container-core-columns-is-layout-9d6595d7 wp-block-columns-is-layout-flex\">\n<div class=\"wp-block-column is-layout-flow wp-block-column-is-layout-flow\" style=\"flex-basis:60px\">\n<figure class=\"wp-block-image size-full\"><img loading=\"lazy\" decoding=\"async\" width=\"60\" height=\"30\" src=\"https:\/\/forvalour.ca\/wp-content\/uploads\/2021\/09\/r-001.jpg\" alt=\"site Internet\" class=\"wp-image-386\"\/><\/figure>\n<\/div>\n\n\n\n<div class=\"wp-block-column is-layout-flow wp-block-column-is-layout-flow\">\n<p><a href=\"http:\/\/fr.wikipedia.org\/wiki\/William_George_Barker\">Wikip\u00e9dia<\/a>&nbsp;: Article de Wikip\u00e9dia sur William George Barker<\/p>\n<\/div>\n<\/div>\n","protected":false},"excerpt":{"rendered":"<p>Ralph, Wayne.&nbsp;Barker VCDoubleday Canada Limited, 1998 Ralph, Wayne.&nbsp;William Barker VC &#8211; The Life, Death &amp; Legend of Canada&rsquo;s Most Decorated War Hero&nbsp;(\u00c9dition du 10e&nbsp;anniversaire)Wiley, 1re&nbsp;\u00e9dition (20 avril 2007) Wikip\u00e9dia&nbsp;: Article de Wikip\u00e9dia sur William George Barker<\/p>\n","protected":false},"author":1,"featured_media":0,"parent":449,"menu_order":7,"comment_status":"closed","ping_status":"closed","template":"","meta":{"_acf_changed":false,"footnotes":""},"class_list":["post-752","page","type-page","status-publish","hentry"],"acf":[],"yoast_head":"<!-- This site is optimized with the Yoast SEO plugin v27.3 - https:\/\/yoast.com\/product\/yoast-seo-wordpress\/ -->\n<title>Ouvrages de R\u00e9f\u00e9rence - Pour Bravoure - aviateurs canadiens et la Croix de Victoria<\/title>\n<meta name=\"robots\" content=\"index, follow, max-snippet:-1, max-image-preview:large, max-video-preview:-1\" \/>\n<link rel=\"canonical\" href=\"https:\/\/forvalour.ca\/fr\/barker\/reference\/\" \/>\n<meta property=\"og:locale\" content=\"fr_FR\" \/>\n<meta property=\"og:type\" content=\"article\" \/>\n<meta property=\"og:title\" content=\"Ouvrages de R\u00e9f\u00e9rence - Pour Bravoure - aviateurs canadiens et la Croix de Victoria\" \/>\n<meta property=\"og:description\" content=\"Ralph, Wayne.&nbsp;Barker VCDoubleday Canada Limited, 1998 Ralph, Wayne.&nbsp;William Barker VC &#8211; The Life, Death &amp; Legend of Canada&rsquo;s Most Decorated War Hero&nbsp;(\u00c9dition du 10e&nbsp;anniversaire)Wiley, 1re&nbsp;\u00e9dition (20 avril 2007) Wikip\u00e9dia&nbsp;: Article de Wikip\u00e9dia sur William George Barker\" \/>\n<meta property=\"og:url\" content=\"https:\/\/forvalour.ca\/fr\/barker\/reference\/\" \/>\n<meta property=\"og:site_name\" content=\"Pour Bravoure - aviateurs canadiens et la Croix de Victoria\" \/>\n<meta property=\"article:modified_time\" content=\"2023-03-20T19:56:42+00:00\" \/>\n<meta property=\"og:image\" content=\"https:\/\/forvalour.ca\/wp-content\/uploads\/2021\/09\/r-006.jpg\" \/>\n<meta name=\"twitter:card\" content=\"summary_large_image\" \/>\n<meta name=\"twitter:label1\" content=\"Dur\u00e9e de lecture estim\u00e9e\" \/>\n\t<meta name=\"twitter:data1\" content=\"1 minute\" \/>\n<script type=\"application\/ld+json\" class=\"yoast-schema-graph\">{\"@context\":\"https:\\\/\\\/schema.org\",\"@graph\":[{\"@type\":\"WebPage\",\"@id\":\"https:\\\/\\\/forvalour.ca\\\/fr\\\/barker\\\/reference\\\/\",\"url\":\"https:\\\/\\\/forvalour.ca\\\/fr\\\/barker\\\/reference\\\/\",\"name\":\"Ouvrages de R\u00e9f\u00e9rence - Pour Bravoure - aviateurs canadiens et la Croix de Victoria\",\"isPartOf\":{\"@id\":\"https:\\\/\\\/forvalour.ca\\\/fr\\\/#website\"},\"primaryImageOfPage\":{\"@id\":\"https:\\\/\\\/forvalour.ca\\\/fr\\\/barker\\\/reference\\\/#primaryimage\"},\"image\":{\"@id\":\"https:\\\/\\\/forvalour.ca\\\/fr\\\/barker\\\/reference\\\/#primaryimage\"},\"thumbnailUrl\":\"https:\\\/\\\/forvalour.ca\\\/wp-content\\\/uploads\\\/2021\\\/09\\\/r-006.jpg\",\"datePublished\":\"2021-09-16T18:10:46+00:00\",\"dateModified\":\"2023-03-20T19:56:42+00:00\",\"breadcrumb\":{\"@id\":\"https:\\\/\\\/forvalour.ca\\\/fr\\\/barker\\\/reference\\\/#breadcrumb\"},\"inLanguage\":\"fr-FR\",\"potentialAction\":[{\"@type\":\"ReadAction\",\"target\":[\"https:\\\/\\\/forvalour.ca\\\/fr\\\/barker\\\/reference\\\/\"]}]},{\"@type\":\"ImageObject\",\"inLanguage\":\"fr-FR\",\"@id\":\"https:\\\/\\\/forvalour.ca\\\/fr\\\/barker\\\/reference\\\/#primaryimage\",\"url\":\"https:\\\/\\\/forvalour.ca\\\/wp-content\\\/uploads\\\/2021\\\/09\\\/r-006.jpg\",\"contentUrl\":\"https:\\\/\\\/forvalour.ca\\\/wp-content\\\/uploads\\\/2021\\\/09\\\/r-006.jpg\"},{\"@type\":\"BreadcrumbList\",\"@id\":\"https:\\\/\\\/forvalour.ca\\\/fr\\\/barker\\\/reference\\\/#breadcrumb\",\"itemListElement\":[{\"@type\":\"ListItem\",\"position\":1,\"name\":\"Home\",\"item\":\"https:\\\/\\\/forvalour.ca\\\/fr\\\/\"},{\"@type\":\"ListItem\",\"position\":2,\"name\":\"William Barker\",\"item\":\"https:\\\/\\\/forvalour.ca\\\/fr\\\/barker\\\/\"},{\"@type\":\"ListItem\",\"position\":3,\"name\":\"Ouvrages de R\u00e9f\u00e9rence\"}]},{\"@type\":\"WebSite\",\"@id\":\"https:\\\/\\\/forvalour.ca\\\/fr\\\/#website\",\"url\":\"https:\\\/\\\/forvalour.ca\\\/fr\\\/\",\"name\":\"For Valour\",\"description\":\"Canadian Airmen and the Victoria Cross\",\"publisher\":{\"@id\":\"https:\\\/\\\/forvalour.ca\\\/fr\\\/#organization\"},\"potentialAction\":[{\"@type\":\"SearchAction\",\"target\":{\"@type\":\"EntryPoint\",\"urlTemplate\":\"https:\\\/\\\/forvalour.ca\\\/fr\\\/?s={search_term_string}\"},\"query-input\":{\"@type\":\"PropertyValueSpecification\",\"valueRequired\":true,\"valueName\":\"search_term_string\"}}],\"inLanguage\":\"fr-FR\"},{\"@type\":\"Organization\",\"@id\":\"https:\\\/\\\/forvalour.ca\\\/fr\\\/#organization\",\"name\":\"For Valour\",\"url\":\"https:\\\/\\\/forvalour.ca\\\/fr\\\/\",\"logo\":{\"@type\":\"ImageObject\",\"inLanguage\":\"fr-FR\",\"@id\":\"https:\\\/\\\/forvalour.ca\\\/fr\\\/#\\\/schema\\\/logo\\\/image\\\/\",\"url\":\"https:\\\/\\\/forvalour.ca\\\/wp-content\\\/uploads\\\/2021\\\/09\\\/cropped-for-valour-medal-new.png\",\"contentUrl\":\"https:\\\/\\\/forvalour.ca\\\/wp-content\\\/uploads\\\/2021\\\/09\\\/cropped-for-valour-medal-new.png\",\"width\":512,\"height\":512,\"caption\":\"For Valour\"},\"image\":{\"@id\":\"https:\\\/\\\/forvalour.ca\\\/fr\\\/#\\\/schema\\\/logo\\\/image\\\/\"},\"sameAs\":[\"https:\\\/\\\/www.youtube.com\\\/channel\\\/UCRYVbXOUahuy0lj2UCo1Cag\"]}]}<\/script>\n<!-- \/ Yoast SEO plugin. -->","yoast_head_json":{"title":"Ouvrages de R\u00e9f\u00e9rence - Pour Bravoure - aviateurs canadiens et la Croix de Victoria","robots":{"index":"index","follow":"follow","max-snippet":"max-snippet:-1","max-image-preview":"max-image-preview:large","max-video-preview":"max-video-preview:-1"},"canonical":"https:\/\/forvalour.ca\/fr\/barker\/reference\/","og_locale":"fr_FR","og_type":"article","og_title":"Ouvrages de R\u00e9f\u00e9rence - Pour Bravoure - aviateurs canadiens et la Croix de Victoria","og_description":"Ralph, Wayne.&nbsp;Barker VCDoubleday Canada Limited, 1998 Ralph, Wayne.&nbsp;William Barker VC &#8211; The Life, Death &amp; Legend of Canada&rsquo;s Most Decorated War Hero&nbsp;(\u00c9dition du 10e&nbsp;anniversaire)Wiley, 1re&nbsp;\u00e9dition (20 avril 2007) Wikip\u00e9dia&nbsp;: Article de Wikip\u00e9dia sur William George Barker","og_url":"https:\/\/forvalour.ca\/fr\/barker\/reference\/","og_site_name":"Pour Bravoure - aviateurs canadiens et la Croix de Victoria","article_modified_time":"2023-03-20T19:56:42+00:00","og_image":[{"url":"https:\/\/forvalour.ca\/wp-content\/uploads\/2021\/09\/r-006.jpg","type":"","width":"","height":""}],"twitter_card":"summary_large_image","twitter_misc":{"Dur\u00e9e de lecture estim\u00e9e":"1 minute"},"schema":{"@context":"https:\/\/schema.org","@graph":[{"@type":"WebPage","@id":"https:\/\/forvalour.ca\/fr\/barker\/reference\/","url":"https:\/\/forvalour.ca\/fr\/barker\/reference\/","name":"Ouvrages de R\u00e9f\u00e9rence - Pour Bravoure - aviateurs canadiens et la Croix de Victoria","isPartOf":{"@id":"https:\/\/forvalour.ca\/fr\/#website"},"primaryImageOfPage":{"@id":"https:\/\/forvalour.ca\/fr\/barker\/reference\/#primaryimage"},"image":{"@id":"https:\/\/forvalour.ca\/fr\/barker\/reference\/#primaryimage"},"thumbnailUrl":"https:\/\/forvalour.ca\/wp-content\/uploads\/2021\/09\/r-006.jpg","datePublished":"2021-09-16T18:10:46+00:00","dateModified":"2023-03-20T19:56:42+00:00","breadcrumb":{"@id":"https:\/\/forvalour.ca\/fr\/barker\/reference\/#breadcrumb"},"inLanguage":"fr-FR","potentialAction":[{"@type":"ReadAction","target":["https:\/\/forvalour.ca\/fr\/barker\/reference\/"]}]},{"@type":"ImageObject","inLanguage":"fr-FR","@id":"https:\/\/forvalour.ca\/fr\/barker\/reference\/#primaryimage","url":"https:\/\/forvalour.ca\/wp-content\/uploads\/2021\/09\/r-006.jpg","contentUrl":"https:\/\/forvalour.ca\/wp-content\/uploads\/2021\/09\/r-006.jpg"},{"@type":"BreadcrumbList","@id":"https:\/\/forvalour.ca\/fr\/barker\/reference\/#breadcrumb","itemListElement":[{"@type":"ListItem","position":1,"name":"Home","item":"https:\/\/forvalour.ca\/fr\/"},{"@type":"ListItem","position":2,"name":"William Barker","item":"https:\/\/forvalour.ca\/fr\/barker\/"},{"@type":"ListItem","position":3,"name":"Ouvrages de R\u00e9f\u00e9rence"}]},{"@type":"WebSite","@id":"https:\/\/forvalour.ca\/fr\/#website","url":"https:\/\/forvalour.ca\/fr\/","name":"For Valour","description":"Canadian Airmen and the Victoria Cross","publisher":{"@id":"https:\/\/forvalour.ca\/fr\/#organization"},"potentialAction":[{"@type":"SearchAction","target":{"@type":"EntryPoint","urlTemplate":"https:\/\/forvalour.ca\/fr\/?s={search_term_string}"},"query-input":{"@type":"PropertyValueSpecification","valueRequired":true,"valueName":"search_term_string"}}],"inLanguage":"fr-FR"},{"@type":"Organization","@id":"https:\/\/forvalour.ca\/fr\/#organization","name":"For Valour","url":"https:\/\/forvalour.ca\/fr\/","logo":{"@type":"ImageObject","inLanguage":"fr-FR","@id":"https:\/\/forvalour.ca\/fr\/#\/schema\/logo\/image\/","url":"https:\/\/forvalour.ca\/wp-content\/uploads\/2021\/09\/cropped-for-valour-medal-new.png","contentUrl":"https:\/\/forvalour.ca\/wp-content\/uploads\/2021\/09\/cropped-for-valour-medal-new.png","width":512,"height":512,"caption":"For Valour"},"image":{"@id":"https:\/\/forvalour.ca\/fr\/#\/schema\/logo\/image\/"},"sameAs":["https:\/\/www.youtube.com\/channel\/UCRYVbXOUahuy0lj2UCo1Cag"]}]}},"_links":{"self":[{"href":"https:\/\/forvalour.ca\/fr\/wp-json\/wp\/v2\/pages\/752","targetHints":{"allow":["GET"]}}],"collection":[{"href":"https:\/\/forvalour.ca\/fr\/wp-json\/wp\/v2\/pages"}],"about":[{"href":"https:\/\/forvalour.ca\/fr\/wp-json\/wp\/v2\/types\/page"}],"author":[{"embeddable":true,"href":"https:\/\/forvalour.ca\/fr\/wp-json\/wp\/v2\/users\/1"}],"replies":[{"embeddable":true,"href":"https:\/\/forvalour.ca\/fr\/wp-json\/wp\/v2\/comments?post=752"}],"version-history":[{"count":6,"href":"https:\/\/forvalour.ca\/fr\/wp-json\/wp\/v2\/pages\/752\/revisions"}],"predecessor-version":[{"id":3903,"href":"https:\/\/forvalour.ca\/fr\/wp-json\/wp\/v2\/pages\/752\/revisions\/3903"}],"up":[{"embeddable":true,"href":"https:\/\/forvalour.ca\/fr\/wp-json\/wp\/v2\/pages\/449"}],"wp:attachment":[{"href":"https:\/\/forvalour.ca\/fr\/wp-json\/wp\/v2\/media?parent=752"}],"curies":[{"name":"wp","href":"https:\/\/api.w.org\/{rel}","templated":true}]}}