{"id":761,"date":"2021-09-16T13:32:36","date_gmt":"2021-09-16T18:32:36","guid":{"rendered":"https:\/\/forvalour.ca\/?page_id=761"},"modified":"2021-09-16T13:32:36","modified_gmt":"2021-09-16T18:32:36","slug":"musees","status":"publish","type":"page","link":"https:\/\/forvalour.ca\/fr\/musees\/","title":{"rendered":"Mus\u00e9es"},"content":{"rendered":"\n<p><strong>Mus\u00e9e de la D\u00e9fense a\u00e9rienne de Bagotville<\/strong><br>C.P. 567<br>Alouette (Qu\u00e9bec)\u00a0\u00a0G0V 1A0<br>T\u00e9l\u00e9phone : 418-677-7159<br>T\u00e9l\u00e9copieur : 418-677-4104<br>Courriel :\u00a0<a href=\"mailto:museebagotville@forces.gc.ca\">museebagotville@forces.gc.ca<\/a><br><a href=\"http:\/\/www.bagotville.net\" data-type=\"URL\" data-id=\"http:\/\/www.bagotville.net\">www.bagotville.net<\/a><\/p>\n\n\n\n<p><strong>Mus\u00e9e de la Force a\u00e9rienne de Cold Lake<\/strong><br>C.P. 6550, succ. Forces\u00a0 Cold Lake (Alberta)\u00a0\u00a0T9M 2C6<br>T\u00e9l\u00e9phone : (780) 840-8000, poste . 8025<br>Courriel :\u00a0<a href=\"mailto:contact@coldlakeairforcemuseum.com\">contact@coldlakeairforcemuseum.com<\/a><br><a href=\"http:\/\/www.coldlakeairforcemuseum.com\/main\/\" data-type=\"URL\" data-id=\"http:\/\/www.coldlakeairforcemuseum.com\/main\/\">www.coldlakeairforcemuseum.com<\/a>\u00a0(en anglais seulement)<\/p>\n\n\n\n<p><strong>Mus\u00e9e national de la Force a\u00e9rienne du Canada<\/strong><br>8<sup>e<\/sup>\u00a0Escadre Trenton<br>C.P. 1000, succ. Forces<br>Astra (Ontario)\u00a0\u00a0K0K 3W0<br>T\u00e9l\u00e9phone : 1-866-701-7223<br><a href=\"http:\/\/www.airforcemuseum.ca\">www.airforcemuseum.ca<\/a>\u00a0(en anglais seulement)<\/p>\n\n\n\n<p><strong>Mus\u00e9e de l&rsquo;aviation de Shearwater<\/strong><br>12<sup>e<\/sup>\u00a0Escadre Shearwater<br>C.P. 5000, succ. Main<br>Shearwater (Nouvelle-\u00c9cosse)\u00a0\u00a0B0J 3A0<br>T\u00e9l\u00e9phone : 902-720-1083<br>Courriel :\u00a0<a href=\"mailto:info@shearwateraviationmuseum.ns.ca\">info@shearwateraviationmuseum.ns.ca<\/a><br><a href=\"http:\/\/www.shearwateraviationmuseum.ns.ca\" data-type=\"URL\" data-id=\"http:\/\/www.shearwateraviationmuseum.ns.ca\">www.shearwateraviationmuseum.ns.ca<\/a>\u00a0(en anglais seulement)<\/p>\n\n\n\n<p><strong>Mus\u00e9e de l&rsquo;aviation militaire de Greenwood<\/strong><br>14<sup>e<\/sup>\u00a0Escadre Greenwood<br>C.P. 786<br>Greenwood (Nouvelle-\u00c9cosse)\u00a0\u00a0B0P 1N0<br>T\u00e9l\u00e9phone : 902-765-1494, poste 5955<br>Courriel :\u00a0<a href=\"mailto:gmam001@hotmail.com\">gmam001@hotmail.com<\/a><br><a href=\"http:\/\/www.gmam.ca\" data-type=\"URL\" data-id=\"http:\/\/www.gmam.ca\">www.gmam.ca<\/a>\u00a0(en anglais seulement)<\/p>\n\n\n\n<p><strong>Mus\u00e9e de la Force a\u00e9rienne de Comox<\/strong><br>19<sup>e<\/sup>\u00a0Escadre Comox<br>C.P. 1000, succ. Forces<br>Lazo (Colombie-Britannique)\u00a0\u00a0V0R 2K0<br>T\u00e9l\u00e9phone : 250-339-8211, poste 8145 ou 8162<br>Courriel :\u00a0<a href=\"mailto:info@comoxairforcemuseum.ca\">info@comoxairforcemuseum.ca<\/a><br><a href=\"http:\/\/www.comoxairforcemuseum.ca\" data-type=\"URL\" data-id=\"http:\/\/www.comoxairforcemuseum.ca\">www.comoxairforcemuseum.ca<\/a>\u00a0(en anglais seulement)<\/p>\n\n\n\n<p><strong>Mus\u00e9e militaire et de la BFC Borden &#8211; Annexe de la Force a\u00e9rienne<\/strong><br>Quartier g\u00e9n\u00e9ral de la 16e Escadre<br>C.P. 1000, succursale Main<br>Borden (Ontario)&nbsp;&nbsp;L0M 1C0<br>T\u00e9l\u00e9phone : 705 424-1200, poste 3049\/2775<\/p>\n\n\n\n<p><strong>Mus\u00e9e d&rsquo;aviation militaire du Manitoba<\/strong><br>17<sup>e<\/sup>\u00a0Escadre\/BFC Winnipeg<br>C.P. 17000, succ. Forces<br>Winnipeg (Manitoba)\u00a0\u00a0R3J 3Y5<br>T\u00e9l\u00e9phone : 204-833-2500, poste 2429\/4098<br><a href=\"http:\/\/www.manitobamilitaryaviationmuseum.com\" data-type=\"URL\" data-id=\"http:\/\/www.manitobamilitaryaviationmuseum.com\">www.manitobamilitaryaviationmuseum.com<\/a>\u00a0(en anglais seulement)<\/p>\n\n\n\n<p><strong>Mus\u00e9e des Forces canadiennes de la d\u00e9fense a\u00e9rospatiale<\/strong><br>22<sup>e<\/sup>&nbsp;Escadre North Bay<br>Poste restante<br>Hornell Heights (Ontario)&nbsp;&nbsp;POH 1PO<br>T\u00e9l\u00e9phone : 705-494-2011, poste 2261<\/p>\n\n\n\n<p><strong>Mus\u00e9e de la Force a\u00e9rienne de l&rsquo;Alberta<\/strong><br>4520, sentier Crowchild Sud-Ouest<br>Calgary (Alberta)\u00a0\u00a0T2T 5J4<br>T\u00e9l\u00e9phone : 403-249-8818<br><a href=\"http:\/\/www.airforcemuseumalberta.ca\" data-type=\"URL\" data-id=\"http:\/\/www.airforcemuseumalberta.ca\">www.airforcemuseumalberta.ca<\/a>\u00a0(en anglais seulement)<\/p>\n\n\n\n<p><strong>Mus\u00e9e militaire du Labrador<\/strong><br>5<sup>e<\/sup>&nbsp;Escadre Goose Bay<br>C.P. 932, succ. A<br>Happy Valley (Goose Bay)<br>Labrador (Terre-Neuve)&nbsp;&nbsp;A0P 1S0<br>T\u00e9l\u00e9phone : 709-896-6900, poste 2177<br>T\u00e9l\u00e9copieur : 709-896-6948<\/p>\n","protected":false},"excerpt":{"rendered":"<p>Mus\u00e9e de la D\u00e9fense a\u00e9rienne de BagotvilleC.P. 567Alouette (Qu\u00e9bec)\u00a0\u00a0G0V 1A0T\u00e9l\u00e9phone : 418-677-7159T\u00e9l\u00e9copieur : 418-677-4104Courriel :\u00a0museebagotville@forces.gc.cawww.bagotville.net Mus\u00e9e de la Force a\u00e9rienne de Cold LakeC.P. 6550, succ. Forces\u00a0 Cold Lake (Alberta)\u00a0\u00a0T9M 2C6T\u00e9l\u00e9phone : (780) 840-8000, poste . 8025Courriel :\u00a0contact@coldlakeairforcemuseum.comwww.coldlakeairforcemuseum.com\u00a0(en anglais seulement) Mus\u00e9e national de la Force a\u00e9rienne du Canada8e\u00a0Escadre TrentonC.P. 1000, succ. ForcesAstra (Ontario)\u00a0\u00a0K0K 3W0T\u00e9l\u00e9phone : 1-866-701-7223www.airforcemuseum.ca\u00a0(en [&hellip;]<\/p>\n","protected":false},"author":1,"featured_media":0,"parent":0,"menu_order":0,"comment_status":"closed","ping_status":"closed","template":"","meta":{"_acf_changed":false,"footnotes":""},"class_list":["post-761","page","type-page","status-publish","hentry"],"acf":[],"yoast_head":"<!-- This site is optimized with the Yoast SEO plugin v27.3 - https:\/\/yoast.com\/product\/yoast-seo-wordpress\/ -->\n<title>Mus\u00e9es - Pour Bravoure - aviateurs canadiens et la Croix de Victoria<\/title>\n<meta name=\"robots\" content=\"index, follow, max-snippet:-1, max-image-preview:large, max-video-preview:-1\" \/>\n<link rel=\"canonical\" href=\"https:\/\/forvalour.ca\/fr\/musees\/\" \/>\n<meta property=\"og:locale\" content=\"fr_FR\" \/>\n<meta property=\"og:type\" content=\"article\" \/>\n<meta property=\"og:title\" content=\"Mus\u00e9es - Pour Bravoure - aviateurs canadiens et la Croix de Victoria\" \/>\n<meta property=\"og:description\" content=\"Mus\u00e9e de la D\u00e9fense a\u00e9rienne de BagotvilleC.P. 567Alouette (Qu\u00e9bec)\u00a0\u00a0G0V 1A0T\u00e9l\u00e9phone : 418-677-7159T\u00e9l\u00e9copieur : 418-677-4104Courriel :\u00a0museebagotville@forces.gc.cawww.bagotville.net Mus\u00e9e de la Force a\u00e9rienne de Cold LakeC.P. 6550, succ. Forces\u00a0 Cold Lake (Alberta)\u00a0\u00a0T9M 2C6T\u00e9l\u00e9phone : (780) 840-8000, poste . 8025Courriel :\u00a0contact@coldlakeairforcemuseum.comwww.coldlakeairforcemuseum.com\u00a0(en anglais seulement) Mus\u00e9e national de la Force a\u00e9rienne du Canada8e\u00a0Escadre TrentonC.P. 1000, succ. ForcesAstra (Ontario)\u00a0\u00a0K0K 3W0T\u00e9l\u00e9phone : 1-866-701-7223www.airforcemuseum.ca\u00a0(en [&hellip;]\" \/>\n<meta property=\"og:url\" content=\"https:\/\/forvalour.ca\/fr\/musees\/\" \/>\n<meta property=\"og:site_name\" content=\"Pour Bravoure - aviateurs canadiens et la Croix de Victoria\" \/>\n<meta name=\"twitter:card\" content=\"summary_large_image\" \/>\n<meta name=\"twitter:label1\" content=\"Dur\u00e9e de lecture estim\u00e9e\" \/>\n\t<meta name=\"twitter:data1\" content=\"2 minutes\" \/>\n<script type=\"application\/ld+json\" class=\"yoast-schema-graph\">{\"@context\":\"https:\\\/\\\/schema.org\",\"@graph\":[{\"@type\":\"WebPage\",\"@id\":\"https:\\\/\\\/forvalour.ca\\\/fr\\\/musees\\\/\",\"url\":\"https:\\\/\\\/forvalour.ca\\\/fr\\\/musees\\\/\",\"name\":\"Mus\u00e9es - Pour Bravoure - aviateurs canadiens et la Croix de Victoria\",\"isPartOf\":{\"@id\":\"https:\\\/\\\/forvalour.ca\\\/fr\\\/#website\"},\"datePublished\":\"2021-09-16T18:32:36+00:00\",\"breadcrumb\":{\"@id\":\"https:\\\/\\\/forvalour.ca\\\/fr\\\/musees\\\/#breadcrumb\"},\"inLanguage\":\"fr-FR\",\"potentialAction\":[{\"@type\":\"ReadAction\",\"target\":[\"https:\\\/\\\/forvalour.ca\\\/fr\\\/musees\\\/\"]}]},{\"@type\":\"BreadcrumbList\",\"@id\":\"https:\\\/\\\/forvalour.ca\\\/fr\\\/musees\\\/#breadcrumb\",\"itemListElement\":[{\"@type\":\"ListItem\",\"position\":1,\"name\":\"Home\",\"item\":\"https:\\\/\\\/forvalour.ca\\\/fr\\\/\"},{\"@type\":\"ListItem\",\"position\":2,\"name\":\"Mus\u00e9es\"}]},{\"@type\":\"WebSite\",\"@id\":\"https:\\\/\\\/forvalour.ca\\\/fr\\\/#website\",\"url\":\"https:\\\/\\\/forvalour.ca\\\/fr\\\/\",\"name\":\"For Valour\",\"description\":\"Canadian Airmen and the Victoria Cross\",\"publisher\":{\"@id\":\"https:\\\/\\\/forvalour.ca\\\/fr\\\/#organization\"},\"potentialAction\":[{\"@type\":\"SearchAction\",\"target\":{\"@type\":\"EntryPoint\",\"urlTemplate\":\"https:\\\/\\\/forvalour.ca\\\/fr\\\/?s={search_term_string}\"},\"query-input\":{\"@type\":\"PropertyValueSpecification\",\"valueRequired\":true,\"valueName\":\"search_term_string\"}}],\"inLanguage\":\"fr-FR\"},{\"@type\":\"Organization\",\"@id\":\"https:\\\/\\\/forvalour.ca\\\/fr\\\/#organization\",\"name\":\"For Valour\",\"url\":\"https:\\\/\\\/forvalour.ca\\\/fr\\\/\",\"logo\":{\"@type\":\"ImageObject\",\"inLanguage\":\"fr-FR\",\"@id\":\"https:\\\/\\\/forvalour.ca\\\/fr\\\/#\\\/schema\\\/logo\\\/image\\\/\",\"url\":\"https:\\\/\\\/forvalour.ca\\\/wp-content\\\/uploads\\\/2021\\\/09\\\/cropped-for-valour-medal-new.png\",\"contentUrl\":\"https:\\\/\\\/forvalour.ca\\\/wp-content\\\/uploads\\\/2021\\\/09\\\/cropped-for-valour-medal-new.png\",\"width\":512,\"height\":512,\"caption\":\"For Valour\"},\"image\":{\"@id\":\"https:\\\/\\\/forvalour.ca\\\/fr\\\/#\\\/schema\\\/logo\\\/image\\\/\"},\"sameAs\":[\"https:\\\/\\\/www.youtube.com\\\/channel\\\/UCRYVbXOUahuy0lj2UCo1Cag\"]}]}<\/script>\n<!-- \/ Yoast SEO plugin. -->","yoast_head_json":{"title":"Mus\u00e9es - Pour Bravoure - aviateurs canadiens et la Croix de Victoria","robots":{"index":"index","follow":"follow","max-snippet":"max-snippet:-1","max-image-preview":"max-image-preview:large","max-video-preview":"max-video-preview:-1"},"canonical":"https:\/\/forvalour.ca\/fr\/musees\/","og_locale":"fr_FR","og_type":"article","og_title":"Mus\u00e9es - Pour Bravoure - aviateurs canadiens et la Croix de Victoria","og_description":"Mus\u00e9e de la D\u00e9fense a\u00e9rienne de BagotvilleC.P. 567Alouette (Qu\u00e9bec)\u00a0\u00a0G0V 1A0T\u00e9l\u00e9phone : 418-677-7159T\u00e9l\u00e9copieur : 418-677-4104Courriel :\u00a0museebagotville@forces.gc.cawww.bagotville.net Mus\u00e9e de la Force a\u00e9rienne de Cold LakeC.P. 6550, succ. Forces\u00a0 Cold Lake (Alberta)\u00a0\u00a0T9M 2C6T\u00e9l\u00e9phone : (780) 840-8000, poste . 8025Courriel :\u00a0contact@coldlakeairforcemuseum.comwww.coldlakeairforcemuseum.com\u00a0(en anglais seulement) Mus\u00e9e national de la Force a\u00e9rienne du Canada8e\u00a0Escadre TrentonC.P. 1000, succ. ForcesAstra (Ontario)\u00a0\u00a0K0K 3W0T\u00e9l\u00e9phone : 1-866-701-7223www.airforcemuseum.ca\u00a0(en [&hellip;]","og_url":"https:\/\/forvalour.ca\/fr\/musees\/","og_site_name":"Pour Bravoure - aviateurs canadiens et la Croix de Victoria","twitter_card":"summary_large_image","twitter_misc":{"Dur\u00e9e de lecture estim\u00e9e":"2 minutes"},"schema":{"@context":"https:\/\/schema.org","@graph":[{"@type":"WebPage","@id":"https:\/\/forvalour.ca\/fr\/musees\/","url":"https:\/\/forvalour.ca\/fr\/musees\/","name":"Mus\u00e9es - Pour Bravoure - aviateurs canadiens et la Croix de Victoria","isPartOf":{"@id":"https:\/\/forvalour.ca\/fr\/#website"},"datePublished":"2021-09-16T18:32:36+00:00","breadcrumb":{"@id":"https:\/\/forvalour.ca\/fr\/musees\/#breadcrumb"},"inLanguage":"fr-FR","potentialAction":[{"@type":"ReadAction","target":["https:\/\/forvalour.ca\/fr\/musees\/"]}]},{"@type":"BreadcrumbList","@id":"https:\/\/forvalour.ca\/fr\/musees\/#breadcrumb","itemListElement":[{"@type":"ListItem","position":1,"name":"Home","item":"https:\/\/forvalour.ca\/fr\/"},{"@type":"ListItem","position":2,"name":"Mus\u00e9es"}]},{"@type":"WebSite","@id":"https:\/\/forvalour.ca\/fr\/#website","url":"https:\/\/forvalour.ca\/fr\/","name":"For Valour","description":"Canadian Airmen and the Victoria Cross","publisher":{"@id":"https:\/\/forvalour.ca\/fr\/#organization"},"potentialAction":[{"@type":"SearchAction","target":{"@type":"EntryPoint","urlTemplate":"https:\/\/forvalour.ca\/fr\/?s={search_term_string}"},"query-input":{"@type":"PropertyValueSpecification","valueRequired":true,"valueName":"search_term_string"}}],"inLanguage":"fr-FR"},{"@type":"Organization","@id":"https:\/\/forvalour.ca\/fr\/#organization","name":"For Valour","url":"https:\/\/forvalour.ca\/fr\/","logo":{"@type":"ImageObject","inLanguage":"fr-FR","@id":"https:\/\/forvalour.ca\/fr\/#\/schema\/logo\/image\/","url":"https:\/\/forvalour.ca\/wp-content\/uploads\/2021\/09\/cropped-for-valour-medal-new.png","contentUrl":"https:\/\/forvalour.ca\/wp-content\/uploads\/2021\/09\/cropped-for-valour-medal-new.png","width":512,"height":512,"caption":"For Valour"},"image":{"@id":"https:\/\/forvalour.ca\/fr\/#\/schema\/logo\/image\/"},"sameAs":["https:\/\/www.youtube.com\/channel\/UCRYVbXOUahuy0lj2UCo1Cag"]}]}},"_links":{"self":[{"href":"https:\/\/forvalour.ca\/fr\/wp-json\/wp\/v2\/pages\/761","targetHints":{"allow":["GET"]}}],"collection":[{"href":"https:\/\/forvalour.ca\/fr\/wp-json\/wp\/v2\/pages"}],"about":[{"href":"https:\/\/forvalour.ca\/fr\/wp-json\/wp\/v2\/types\/page"}],"author":[{"embeddable":true,"href":"https:\/\/forvalour.ca\/fr\/wp-json\/wp\/v2\/users\/1"}],"replies":[{"embeddable":true,"href":"https:\/\/forvalour.ca\/fr\/wp-json\/wp\/v2\/comments?post=761"}],"version-history":[{"count":1,"href":"https:\/\/forvalour.ca\/fr\/wp-json\/wp\/v2\/pages\/761\/revisions"}],"predecessor-version":[{"id":762,"href":"https:\/\/forvalour.ca\/fr\/wp-json\/wp\/v2\/pages\/761\/revisions\/762"}],"wp:attachment":[{"href":"https:\/\/forvalour.ca\/fr\/wp-json\/wp\/v2\/media?parent=761"}],"curies":[{"name":"wp","href":"https:\/\/api.w.org\/{rel}","templated":true}]}}