{"id":785,"date":"2021-09-16T14:22:56","date_gmt":"2021-09-16T19:22:56","guid":{"rendered":"https:\/\/forvalour.ca\/?page_id=785"},"modified":"2021-09-21T16:31:01","modified_gmt":"2021-09-21T21:31:01","slug":"oeuvres-dart-militaires","status":"publish","type":"page","link":"https:\/\/forvalour.ca\/fr\/oeuvres-dart-militaires\/","title":{"rendered":"\u0152uvres d\u2019Art Militaires"},"content":{"rendered":"\n<p>Bon nombre de films, d&rsquo;\u00e9missions de t\u00e9l\u00e9vision, de photographies, de jeux vid\u00e9o ou autres offrent des reconstructions historiques de la guerre et des repr\u00e9sentations des forces arm\u00e9es. Il est plus rare que ces questions soient abord\u00e9es dans l&rsquo;optique d&rsquo;un militaire. C&rsquo;est ce point de vue que l&rsquo;on d\u00e9couvre dans les peintures du Sgt Patricia McNorgan.<\/p>\n\n\n\n<ul class=\"wp-block-list\"><li><a href=\"\/fr\/stained-glass\">\u00ab\u00a0Stained Glass Window\u00a0\u00bb\u00a0<\/a>(Flash | SWF | 0:20 min | 1.1 MB)<\/li><li><a href=\"\/fr\/lets-roll\">\u00ab\u00a0Let&rsquo;s Roll\u00a0\u00bb\u00a0<\/a>(Flash | SWF | 0:15 min | 1 MB)<\/li><\/ul>\n","protected":false},"excerpt":{"rendered":"<p>Bon nombre de films, d&rsquo;\u00e9missions de t\u00e9l\u00e9vision, de photographies, de jeux vid\u00e9o ou autres offrent des reconstructions historiques de la guerre et des repr\u00e9sentations des forces arm\u00e9es. Il est plus rare que ces questions soient abord\u00e9es dans l&rsquo;optique d&rsquo;un militaire. C&rsquo;est ce point de vue que l&rsquo;on d\u00e9couvre dans les peintures du Sgt Patricia McNorgan. [&hellip;]<\/p>\n","protected":false},"author":1,"featured_media":0,"parent":0,"menu_order":0,"comment_status":"closed","ping_status":"closed","template":"","meta":{"_acf_changed":false,"footnotes":""},"class_list":["post-785","page","type-page","status-publish","hentry"],"acf":[],"yoast_head":"<!-- This site is optimized with the Yoast SEO plugin v27.3 - https:\/\/yoast.com\/product\/yoast-seo-wordpress\/ -->\n<title>\u0152uvres d\u2019Art Militaires - Pour Bravoure - aviateurs canadiens et la Croix de Victoria<\/title>\n<meta name=\"robots\" content=\"index, follow, max-snippet:-1, max-image-preview:large, max-video-preview:-1\" \/>\n<link rel=\"canonical\" href=\"https:\/\/forvalour.ca\/fr\/oeuvres-dart-militaires\/\" \/>\n<meta property=\"og:locale\" content=\"fr_FR\" \/>\n<meta property=\"og:type\" content=\"article\" \/>\n<meta property=\"og:title\" content=\"\u0152uvres d\u2019Art Militaires - Pour Bravoure - aviateurs canadiens et la Croix de Victoria\" \/>\n<meta property=\"og:description\" content=\"Bon nombre de films, d&rsquo;\u00e9missions de t\u00e9l\u00e9vision, de photographies, de jeux vid\u00e9o ou autres offrent des reconstructions historiques de la guerre et des repr\u00e9sentations des forces arm\u00e9es. Il est plus rare que ces questions soient abord\u00e9es dans l&rsquo;optique d&rsquo;un militaire. C&rsquo;est ce point de vue que l&rsquo;on d\u00e9couvre dans les peintures du Sgt Patricia McNorgan. [&hellip;]\" \/>\n<meta property=\"og:url\" content=\"https:\/\/forvalour.ca\/fr\/oeuvres-dart-militaires\/\" \/>\n<meta property=\"og:site_name\" content=\"Pour Bravoure - aviateurs canadiens et la Croix de Victoria\" \/>\n<meta property=\"article:modified_time\" content=\"2021-09-21T21:31:01+00:00\" \/>\n<meta name=\"twitter:card\" content=\"summary_large_image\" \/>\n<meta name=\"twitter:label1\" content=\"Dur\u00e9e de lecture estim\u00e9e\" \/>\n\t<meta name=\"twitter:data1\" content=\"1 minute\" \/>\n<script type=\"application\/ld+json\" class=\"yoast-schema-graph\">{\"@context\":\"https:\\\/\\\/schema.org\",\"@graph\":[{\"@type\":\"WebPage\",\"@id\":\"https:\\\/\\\/forvalour.ca\\\/fr\\\/oeuvres-dart-militaires\\\/\",\"url\":\"https:\\\/\\\/forvalour.ca\\\/fr\\\/oeuvres-dart-militaires\\\/\",\"name\":\"\u0152uvres d\u2019Art Militaires - Pour Bravoure - aviateurs canadiens et la Croix de Victoria\",\"isPartOf\":{\"@id\":\"https:\\\/\\\/forvalour.ca\\\/fr\\\/#website\"},\"datePublished\":\"2021-09-16T19:22:56+00:00\",\"dateModified\":\"2021-09-21T21:31:01+00:00\",\"breadcrumb\":{\"@id\":\"https:\\\/\\\/forvalour.ca\\\/fr\\\/oeuvres-dart-militaires\\\/#breadcrumb\"},\"inLanguage\":\"fr-FR\",\"potentialAction\":[{\"@type\":\"ReadAction\",\"target\":[\"https:\\\/\\\/forvalour.ca\\\/fr\\\/oeuvres-dart-militaires\\\/\"]}]},{\"@type\":\"BreadcrumbList\",\"@id\":\"https:\\\/\\\/forvalour.ca\\\/fr\\\/oeuvres-dart-militaires\\\/#breadcrumb\",\"itemListElement\":[{\"@type\":\"ListItem\",\"position\":1,\"name\":\"Home\",\"item\":\"https:\\\/\\\/www.forvalour.ca\\\/fr\\\/\"},{\"@type\":\"ListItem\",\"position\":2,\"name\":\"\u0152uvres d\u2019Art Militaires\"}]},{\"@type\":\"WebSite\",\"@id\":\"https:\\\/\\\/forvalour.ca\\\/fr\\\/#website\",\"url\":\"https:\\\/\\\/forvalour.ca\\\/fr\\\/\",\"name\":\"For Valour\",\"description\":\"Canadian Airmen and the Victoria Cross\",\"publisher\":{\"@id\":\"https:\\\/\\\/forvalour.ca\\\/fr\\\/#organization\"},\"potentialAction\":[{\"@type\":\"SearchAction\",\"target\":{\"@type\":\"EntryPoint\",\"urlTemplate\":\"https:\\\/\\\/forvalour.ca\\\/fr\\\/?s={search_term_string}\"},\"query-input\":{\"@type\":\"PropertyValueSpecification\",\"valueRequired\":true,\"valueName\":\"search_term_string\"}}],\"inLanguage\":\"fr-FR\"},{\"@type\":\"Organization\",\"@id\":\"https:\\\/\\\/forvalour.ca\\\/fr\\\/#organization\",\"name\":\"For Valour\",\"url\":\"https:\\\/\\\/forvalour.ca\\\/fr\\\/\",\"logo\":{\"@type\":\"ImageObject\",\"inLanguage\":\"fr-FR\",\"@id\":\"https:\\\/\\\/forvalour.ca\\\/fr\\\/#\\\/schema\\\/logo\\\/image\\\/\",\"url\":\"https:\\\/\\\/forvalour.ca\\\/wp-content\\\/uploads\\\/2021\\\/09\\\/cropped-for-valour-medal-new.png\",\"contentUrl\":\"https:\\\/\\\/forvalour.ca\\\/wp-content\\\/uploads\\\/2021\\\/09\\\/cropped-for-valour-medal-new.png\",\"width\":512,\"height\":512,\"caption\":\"For Valour\"},\"image\":{\"@id\":\"https:\\\/\\\/forvalour.ca\\\/fr\\\/#\\\/schema\\\/logo\\\/image\\\/\"},\"sameAs\":[\"https:\\\/\\\/www.youtube.com\\\/channel\\\/UCRYVbXOUahuy0lj2UCo1Cag\"]}]}<\/script>\n<!-- \/ Yoast SEO plugin. -->","yoast_head_json":{"title":"\u0152uvres d\u2019Art Militaires - Pour Bravoure - aviateurs canadiens et la Croix de Victoria","robots":{"index":"index","follow":"follow","max-snippet":"max-snippet:-1","max-image-preview":"max-image-preview:large","max-video-preview":"max-video-preview:-1"},"canonical":"https:\/\/forvalour.ca\/fr\/oeuvres-dart-militaires\/","og_locale":"fr_FR","og_type":"article","og_title":"\u0152uvres d\u2019Art Militaires - Pour Bravoure - aviateurs canadiens et la Croix de Victoria","og_description":"Bon nombre de films, d&rsquo;\u00e9missions de t\u00e9l\u00e9vision, de photographies, de jeux vid\u00e9o ou autres offrent des reconstructions historiques de la guerre et des repr\u00e9sentations des forces arm\u00e9es. Il est plus rare que ces questions soient abord\u00e9es dans l&rsquo;optique d&rsquo;un militaire. C&rsquo;est ce point de vue que l&rsquo;on d\u00e9couvre dans les peintures du Sgt Patricia McNorgan. [&hellip;]","og_url":"https:\/\/forvalour.ca\/fr\/oeuvres-dart-militaires\/","og_site_name":"Pour Bravoure - aviateurs canadiens et la Croix de Victoria","article_modified_time":"2021-09-21T21:31:01+00:00","twitter_card":"summary_large_image","twitter_misc":{"Dur\u00e9e de lecture estim\u00e9e":"1 minute"},"schema":{"@context":"https:\/\/schema.org","@graph":[{"@type":"WebPage","@id":"https:\/\/forvalour.ca\/fr\/oeuvres-dart-militaires\/","url":"https:\/\/forvalour.ca\/fr\/oeuvres-dart-militaires\/","name":"\u0152uvres d\u2019Art Militaires - Pour Bravoure - aviateurs canadiens et la Croix de Victoria","isPartOf":{"@id":"https:\/\/forvalour.ca\/fr\/#website"},"datePublished":"2021-09-16T19:22:56+00:00","dateModified":"2021-09-21T21:31:01+00:00","breadcrumb":{"@id":"https:\/\/forvalour.ca\/fr\/oeuvres-dart-militaires\/#breadcrumb"},"inLanguage":"fr-FR","potentialAction":[{"@type":"ReadAction","target":["https:\/\/forvalour.ca\/fr\/oeuvres-dart-militaires\/"]}]},{"@type":"BreadcrumbList","@id":"https:\/\/forvalour.ca\/fr\/oeuvres-dart-militaires\/#breadcrumb","itemListElement":[{"@type":"ListItem","position":1,"name":"Home","item":"https:\/\/www.forvalour.ca\/fr\/"},{"@type":"ListItem","position":2,"name":"\u0152uvres d\u2019Art Militaires"}]},{"@type":"WebSite","@id":"https:\/\/forvalour.ca\/fr\/#website","url":"https:\/\/forvalour.ca\/fr\/","name":"For Valour","description":"Canadian Airmen and the Victoria Cross","publisher":{"@id":"https:\/\/forvalour.ca\/fr\/#organization"},"potentialAction":[{"@type":"SearchAction","target":{"@type":"EntryPoint","urlTemplate":"https:\/\/forvalour.ca\/fr\/?s={search_term_string}"},"query-input":{"@type":"PropertyValueSpecification","valueRequired":true,"valueName":"search_term_string"}}],"inLanguage":"fr-FR"},{"@type":"Organization","@id":"https:\/\/forvalour.ca\/fr\/#organization","name":"For Valour","url":"https:\/\/forvalour.ca\/fr\/","logo":{"@type":"ImageObject","inLanguage":"fr-FR","@id":"https:\/\/forvalour.ca\/fr\/#\/schema\/logo\/image\/","url":"https:\/\/forvalour.ca\/wp-content\/uploads\/2021\/09\/cropped-for-valour-medal-new.png","contentUrl":"https:\/\/forvalour.ca\/wp-content\/uploads\/2021\/09\/cropped-for-valour-medal-new.png","width":512,"height":512,"caption":"For Valour"},"image":{"@id":"https:\/\/forvalour.ca\/fr\/#\/schema\/logo\/image\/"},"sameAs":["https:\/\/www.youtube.com\/channel\/UCRYVbXOUahuy0lj2UCo1Cag"]}]}},"_links":{"self":[{"href":"https:\/\/forvalour.ca\/fr\/wp-json\/wp\/v2\/pages\/785","targetHints":{"allow":["GET"]}}],"collection":[{"href":"https:\/\/forvalour.ca\/fr\/wp-json\/wp\/v2\/pages"}],"about":[{"href":"https:\/\/forvalour.ca\/fr\/wp-json\/wp\/v2\/types\/page"}],"author":[{"embeddable":true,"href":"https:\/\/forvalour.ca\/fr\/wp-json\/wp\/v2\/users\/1"}],"replies":[{"embeddable":true,"href":"https:\/\/forvalour.ca\/fr\/wp-json\/wp\/v2\/comments?post=785"}],"version-history":[{"count":3,"href":"https:\/\/forvalour.ca\/fr\/wp-json\/wp\/v2\/pages\/785\/revisions"}],"predecessor-version":[{"id":1659,"href":"https:\/\/forvalour.ca\/fr\/wp-json\/wp\/v2\/pages\/785\/revisions\/1659"}],"wp:attachment":[{"href":"https:\/\/forvalour.ca\/fr\/wp-json\/wp\/v2\/media?parent=785"}],"curies":[{"name":"wp","href":"https:\/\/api.w.org\/{rel}","templated":true}]}}