{"id":791,"date":"2021-09-16T15:19:58","date_gmt":"2021-09-16T20:19:58","guid":{"rendered":"https:\/\/forvalour.ca\/?page_id=791"},"modified":"2021-10-01T09:51:36","modified_gmt":"2021-10-01T14:51:36","slug":"accueil","status":"publish","type":"page","link":"https:\/\/forvalour.ca\/fr\/accueil\/","title":{"rendered":"Accueil"},"content":{"rendered":"\n<div class=\"wp-block-columns is-layout-flex wp-container-core-columns-is-layout-9d6595d7 wp-block-columns-is-layout-flex\">\n<div class=\"wp-block-column is-layout-flow wp-block-column-is-layout-flow\">\n<div class=\"wp-block-group text-title top-title desktop-view-only\"><div class=\"wp-block-group__inner-container is-layout-flow wp-block-group-is-layout-flow\">\n<h5 class=\"wp-block-heading\">EN L\u2019HONNEUR DES SEPT R\u00caCIPIENDAIRRES DE LA<\/h5>\n\n\n\n<h1 class=\"wp-block-heading\">CROIX DE VICTORIA<\/h1>\n<\/div><\/div>\n\n\n\n<div class=\"wp-block-group home-block\"><div class=\"wp-block-group__inner-container is-layout-flow wp-block-group-is-layout-flow\">\n<p>Les actes de courage exemplaires se multiplient en p\u00e9riode de guerre, mais bien souvent, ils \u00e9chappent \u00e0 l&rsquo;attention ou ne sont consign\u00e9s nulle part. Les actes dont on se souvient constituent la plupart du temps des exemples que tous peuvent admirer et honorer. Les Canadiens qui ont re\u00e7u la&nbsp;<a data-type=\"URL\" data-id=\"\/fr\/croix-de-victoria\" href=\"\/fr\/croix-de-victoria\">Croix de Victoria<\/a>, la d\u00e9coration militaire la plus prestigieuse du Commonwealth pour souligner la bravoure, ont affront\u00e9 des obstacles peu communs face au danger &#8211; certains de ces h\u00e9ros l&rsquo;ont m\u00eame pay\u00e9 de leur vie. Ces Canadiens d&rsquo;une trempe exceptionnelle se d\u00e9marquent par leur courage. On raconte ici l&rsquo;histoire de sept d&rsquo;entre eux.<\/p>\n\n\n\n<p>Le r\u00e9cit extraordinaire de ces sept hommes et de leurs actions &#8211; au cours de la Premi\u00e8re Guerre mondiale ou de la Seconde Guerre mondiale &#8211; nous rappelle le destin d&rsquo;hommes et de femmes qui ont accompli leur devoir bien au-del\u00e0 de ce que l&rsquo;on exigeait d&rsquo;eux pour servir leur pays.<\/p>\n<\/div><\/div>\n\n\n\n<div class=\"wp-block-group text-title desktop-only\"><div class=\"wp-block-group__inner-container is-layout-flow wp-block-group-is-layout-flow\">\n<h1 class=\"wp-block-heading\">BIENVENUE<\/h1>\n<\/div><\/div>\n\n\n\n<p class=\"desktop-only\">Bienvenue sur le site&nbsp;Pour bravoure.&nbsp;Ce site Web a \u00e9t\u00e9 r\u00e9alis\u00e9 par la section Patrimoine et histoire de la Force a\u00e9rienne en collaboration avec&nbsp;Manlab Resources Inc.&nbsp;et le R\u00e9seau canadien d&rsquo;information sur le patrimoine afin d&rsquo;\u00e9tablir des liens personnels entre les Canadiens, les Canadiennes et les militaires qui ont servi ou continuent de servir notre pays avec fiert\u00e9. Le site&nbsp;Pour bravoure&nbsp;pr\u00e9sente sept r\u00e9cipiendaires de la Croix de Victoria dans le domaine de l&rsquo;aviation et recr\u00e9e leur histoire dans le format d&rsquo;un roman graphique interactif. Entrez et prenez votre envol; votre voyage ne sera limit\u00e9 que par votre imagination!<\/p>\n\n\n\n<div class=\"wp-block-group home-block\"><div class=\"wp-block-group__inner-container is-layout-flow wp-block-group-is-layout-flow\">\n<div class=\"wp-block-group text-title mobile-only\"><div class=\"wp-block-group__inner-container is-layout-flow wp-block-group-is-layout-flow\">\n<h5 class=\"wp-block-heading\">VIVRE LEUR<\/h5>\n\n\n\n<h1 class=\"wp-block-heading\">HISTOIRE<\/h1>\n<\/div><\/div>\n\n\n\n<p class=\"mobile-only\">Le site&nbsp;Pour bravoure&nbsp;pr\u00e9sente sept r\u00e9cipiendaires de la Croix de Victoria dans le domaine de l&rsquo;aviation et recr\u00e9e leur histoire dans le format d&rsquo;un roman graphique interactif. Entrez et prenez votre envol; votre voyage ne sera limit\u00e9 que par votre imagination!<\/p>\n\n\n\n<div class=\"wp-block-group story-slideshow-container mobile-only\"><div class=\"wp-block-group__inner-container is-layout-flow wp-block-group-is-layout-flow\"><\/div><\/div>\n<\/div><\/div>\n\n\n\n<div class=\"wp-block-group home-block\"><div class=\"wp-block-group__inner-container is-layout-flow wp-block-group-is-layout-flow\">\n<div class=\"wp-block-group text-title\"><div class=\"wp-block-group__inner-container is-layout-flow wp-block-group-is-layout-flow\">\n<h5 class=\"wp-block-heading\">RESSOURCES P\u00c9DAGOGIQUES<\/h5>\n\n\n\n<h1 class=\"wp-block-heading\">POUR LES ENSEIGNANTS<\/h1>\n<\/div><\/div>\n\n\n\n<p>En plus des renseignements sur les sept r\u00e9cipiendaires de la Croix de Victoria, nous avons con\u00e7u du mat\u00e9riel didactique suppl\u00e9mentaire que les enseignants peuvent utiliser dans leurs cours. Ce mat\u00e9riel renseigne les \u00e9l\u00e8ves sur les m\u00e9dailles militaires et sur les repr\u00e9sentations de la guerre dans les arts.&nbsp;<a href=\"\/fr\/ressources-pedagogiques\">Cliquez ici<\/a>&nbsp;pour acc\u00e9der \u00e0 la page sur les ressources p\u00e9dagogiques.<\/p>\n<\/div><\/div>\n<\/div>\n\n\n\n<div class=\"wp-block-column desktop-only is-layout-flow wp-block-column-is-layout-flow\">\n<div class=\"wp-block-group text-title\"><div class=\"wp-block-group__inner-container is-layout-flow wp-block-group-is-layout-flow\">\n<h5 class=\"wp-block-heading\">VIVRE LEUR<\/h5>\n\n\n\n<h1 class=\"wp-block-heading\">HISTOIRE<\/h1>\n<\/div><\/div>\n\n\n\n<div class=\"wp-block-group video-thumbnail-block\"><div class=\"wp-block-group__inner-container is-layout-flow wp-block-group-is-layout-flow\">\n<h5 class=\"wp-block-heading\">\u00ab BONNE NUIT, M. BROPHY \u00bb<\/h5>\n\n\n\n<figure class=\"wp-block-image size-full\"><a href=\"\/fr\/mynarski\"><img loading=\"lazy\" decoding=\"async\" width=\"640\" height=\"360\" src=\"https:\/\/forvalour.ca\/wp-content\/uploads\/2021\/09\/mynarski-021.jpg\" alt=\"Aller \u00e0 vid\u00e9o : Bonne nuit, M. Brophy\" class=\"wp-image-960\" srcset=\"https:\/\/forvalour.ca\/wp-content\/uploads\/2021\/09\/mynarski-021.jpg 640w, https:\/\/forvalour.ca\/wp-content\/uploads\/2021\/09\/mynarski-021-300x169.jpg 300w\" sizes=\"auto, (max-width: 640px) 100vw, 640px\" \/><\/a><\/figure>\n<\/div><\/div>\n\n\n\n<div class=\"wp-block-group video-thumbnail-block\"><div class=\"wp-block-group__inner-container is-layout-flow wp-block-group-is-layout-flow\">\n<h5 class=\"wp-block-heading\">UN H\u00c9ROS MODESTE<\/h5>\n\n\n\n<figure class=\"wp-block-image size-full\"><a href=\"\/fr\/barker\"><img loading=\"lazy\" decoding=\"async\" width=\"640\" height=\"360\" src=\"https:\/\/forvalour.ca\/wp-content\/uploads\/2021\/09\/barker-018.jpg\" alt=\"Aller \u00e0 vid\u00e9o : Un h\u00e9ros modeste\" class=\"wp-image-2872\" srcset=\"https:\/\/forvalour.ca\/wp-content\/uploads\/2021\/09\/barker-018.jpg 640w, https:\/\/forvalour.ca\/wp-content\/uploads\/2021\/09\/barker-018-300x169.jpg 300w\" sizes=\"auto, (max-width: 640px) 100vw, 640px\" \/><\/a><\/figure>\n<\/div><\/div>\n\n\n\n<div class=\"wp-block-group video-thumbnail-block\"><div class=\"wp-block-group__inner-container is-layout-flow wp-block-group-is-layout-flow\">\n<h5 class=\"wp-block-heading\">L&rsquo;\u00c9PERVIER SOLITAIRE<\/h5>\n\n\n\n<figure class=\"wp-block-image size-full\"><a href=\"\/fr\/bishop\"><img loading=\"lazy\" decoding=\"async\" width=\"640\" height=\"360\" src=\"https:\/\/forvalour.ca\/wp-content\/uploads\/2021\/09\/bishop-016.jpg\" alt=\"Aller \u00e0 vid\u00e9o : L'\u00e9pervier solitaire\" class=\"wp-image-2876\" srcset=\"https:\/\/forvalour.ca\/wp-content\/uploads\/2021\/09\/bishop-016.jpg 640w, https:\/\/forvalour.ca\/wp-content\/uploads\/2021\/09\/bishop-016-300x169.jpg 300w\" sizes=\"auto, (max-width: 640px) 100vw, 640px\" \/><\/a><\/figure>\n<\/div><\/div>\n\n\n\n<div class=\"wp-block-group video-thumbnail-block\"><div class=\"wp-block-group__inner-container is-layout-flow wp-block-group-is-layout-flow\">\n<h5 class=\"wp-block-heading\">IL N&rsquo;Y A PAS DE PLUS GRAND AMOUR\u2026<\/h5>\n\n\n\n<figure class=\"wp-block-image size-full\"><a href=\"\/fr\/bazalgette\"><img loading=\"lazy\" decoding=\"async\" width=\"640\" height=\"360\" src=\"https:\/\/forvalour.ca\/wp-content\/uploads\/2021\/09\/bazalgette-016.jpg\" alt=\"Aller \u00e0 vid\u00e9o : Il n'y a pas de plus grand amour...\" class=\"wp-image-2880\" srcset=\"https:\/\/forvalour.ca\/wp-content\/uploads\/2021\/09\/bazalgette-016.jpg 640w, https:\/\/forvalour.ca\/wp-content\/uploads\/2021\/09\/bazalgette-016-300x169.jpg 300w\" sizes=\"auto, (max-width: 640px) 100vw, 640px\" \/><\/a><\/figure>\n<\/div><\/div>\n\n\n\n<div class=\"wp-block-group video-thumbnail-block\"><div class=\"wp-block-group__inner-container is-layout-flow wp-block-group-is-layout-flow\">\n<h5 class=\"wp-block-heading\">HAMMY<\/h5>\n\n\n\n<figure class=\"wp-block-image size-full\"><a href=\"\/fr\/gray\"><img loading=\"lazy\" decoding=\"async\" width=\"640\" height=\"360\" src=\"https:\/\/forvalour.ca\/wp-content\/uploads\/2021\/09\/gray-083.jpg\" alt=\"Aller \u00e0 vid\u00e9o : Hammy\" class=\"wp-image-2882\" srcset=\"https:\/\/forvalour.ca\/wp-content\/uploads\/2021\/09\/gray-083.jpg 640w, https:\/\/forvalour.ca\/wp-content\/uploads\/2021\/09\/gray-083-300x169.jpg 300w\" sizes=\"auto, (max-width: 640px) 100vw, 640px\" \/><\/a><\/figure>\n<\/div><\/div>\n\n\n\n<div class=\"wp-block-group video-thumbnail-block\"><div class=\"wp-block-group__inner-container is-layout-flow wp-block-group-is-layout-flow\">\n<h5 class=\"wp-block-heading\">\u00c9PREUVE DU FEU, \u00c9PREUVE DE L\u2019EAU<\/h5>\n\n\n\n<figure class=\"wp-block-image size-full\"><a href=\"\/fr\/hornell\"><img loading=\"lazy\" decoding=\"async\" width=\"640\" height=\"360\" src=\"https:\/\/forvalour.ca\/wp-content\/uploads\/2021\/09\/hornell-home-poster.jpg\" alt=\"Aller \u00e0 vid\u00e9o: \u00c9preuve du feu, \u00e9preuve de l\u2019eau\" class=\"wp-image-3201\" srcset=\"https:\/\/forvalour.ca\/wp-content\/uploads\/2021\/09\/hornell-home-poster.jpg 640w, https:\/\/forvalour.ca\/wp-content\/uploads\/2021\/09\/hornell-home-poster-300x169.jpg 300w\" sizes=\"auto, (max-width: 640px) 100vw, 640px\" \/><\/a><\/figure>\n<\/div><\/div>\n\n\n\n<div class=\"wp-block-group video-thumbnail-block\"><div class=\"wp-block-group__inner-container is-layout-flow wp-block-group-is-layout-flow\">\n<h5 class=\"wp-block-heading\">UN GAR\u00c7ON INTR\u00c9PIDE<\/h5>\n\n\n\n<figure class=\"wp-block-image size-full\"><a href=\"\/fr\/mcleod\"><img loading=\"lazy\" decoding=\"async\" width=\"640\" height=\"360\" src=\"https:\/\/forvalour.ca\/wp-content\/uploads\/2021\/09\/mcleod-home-poster.jpg\" alt=\"Aller \u00e0 vid\u00e9o: Un gar\u00e7on intr\u00e9pide\" class=\"wp-image-3203\" srcset=\"https:\/\/forvalour.ca\/wp-content\/uploads\/2021\/09\/mcleod-home-poster.jpg 640w, https:\/\/forvalour.ca\/wp-content\/uploads\/2021\/09\/mcleod-home-poster-300x169.jpg 300w\" sizes=\"auto, (max-width: 640px) 100vw, 640px\" \/><\/a><\/figure>\n<\/div><\/div>\n<\/div>\n<\/div>\n","protected":false},"excerpt":{"rendered":"<p>EN L\u2019HONNEUR DES SEPT R\u00caCIPIENDAIRRES DE LA CROIX DE VICTORIA Les actes de courage exemplaires se multiplient en p\u00e9riode de guerre, mais bien souvent, ils \u00e9chappent \u00e0 l&rsquo;attention ou ne sont consign\u00e9s nulle part. Les actes dont on se souvient constituent la plupart du temps des exemples que tous peuvent admirer et honorer. Les Canadiens [&hellip;]<\/p>\n","protected":false},"author":1,"featured_media":0,"parent":0,"menu_order":0,"comment_status":"closed","ping_status":"closed","template":"","meta":{"_acf_changed":false,"footnotes":""},"class_list":["post-791","page","type-page","status-publish","hentry"],"acf":[],"yoast_head":"<!-- This site is optimized with the Yoast SEO plugin v27.3 - https:\/\/yoast.com\/product\/yoast-seo-wordpress\/ -->\n<title>Accueil - Pour Bravoure - aviateurs canadiens et la Croix de Victoria<\/title>\n<meta name=\"robots\" content=\"index, follow, max-snippet:-1, max-image-preview:large, max-video-preview:-1\" \/>\n<link rel=\"canonical\" href=\"https:\/\/forvalour.ca\/fr\/accueil\/\" \/>\n<meta property=\"og:locale\" content=\"fr_FR\" \/>\n<meta property=\"og:type\" content=\"article\" \/>\n<meta property=\"og:title\" content=\"Accueil - Pour Bravoure - aviateurs canadiens et la Croix de Victoria\" \/>\n<meta property=\"og:description\" content=\"EN L\u2019HONNEUR DES SEPT R\u00caCIPIENDAIRRES DE LA CROIX DE VICTORIA Les actes de courage exemplaires se multiplient en p\u00e9riode de guerre, mais bien souvent, ils \u00e9chappent \u00e0 l&rsquo;attention ou ne sont consign\u00e9s nulle part. Les actes dont on se souvient constituent la plupart du temps des exemples que tous peuvent admirer et honorer. Les Canadiens [&hellip;]\" \/>\n<meta property=\"og:url\" content=\"https:\/\/forvalour.ca\/fr\/accueil\/\" \/>\n<meta property=\"og:site_name\" content=\"Pour Bravoure - aviateurs canadiens et la Croix de Victoria\" \/>\n<meta property=\"article:modified_time\" content=\"2021-10-01T14:51:36+00:00\" \/>\n<meta property=\"og:image\" content=\"https:\/\/forvalour.ca\/wp-content\/uploads\/2021\/09\/mynarski-021.jpg\" \/>\n<meta name=\"twitter:card\" content=\"summary_large_image\" \/>\n<meta name=\"twitter:label1\" content=\"Dur\u00e9e de lecture estim\u00e9e\" \/>\n\t<meta name=\"twitter:data1\" content=\"4 minutes\" \/>\n<script type=\"application\/ld+json\" class=\"yoast-schema-graph\">{\"@context\":\"https:\\\/\\\/schema.org\",\"@graph\":[{\"@type\":\"WebPage\",\"@id\":\"https:\\\/\\\/forvalour.ca\\\/fr\\\/accueil\\\/\",\"url\":\"https:\\\/\\\/forvalour.ca\\\/fr\\\/accueil\\\/\",\"name\":\"Accueil - Pour Bravoure - aviateurs canadiens et la Croix de Victoria\",\"isPartOf\":{\"@id\":\"https:\\\/\\\/forvalour.ca\\\/fr\\\/#website\"},\"primaryImageOfPage\":{\"@id\":\"https:\\\/\\\/forvalour.ca\\\/fr\\\/accueil\\\/#primaryimage\"},\"image\":{\"@id\":\"https:\\\/\\\/forvalour.ca\\\/fr\\\/accueil\\\/#primaryimage\"},\"thumbnailUrl\":\"https:\\\/\\\/forvalour.ca\\\/wp-content\\\/uploads\\\/2021\\\/09\\\/mynarski-021.jpg\",\"datePublished\":\"2021-09-16T20:19:58+00:00\",\"dateModified\":\"2021-10-01T14:51:36+00:00\",\"breadcrumb\":{\"@id\":\"https:\\\/\\\/forvalour.ca\\\/fr\\\/accueil\\\/#breadcrumb\"},\"inLanguage\":\"fr-FR\",\"potentialAction\":[{\"@type\":\"ReadAction\",\"target\":[\"https:\\\/\\\/forvalour.ca\\\/fr\\\/accueil\\\/\"]}]},{\"@type\":\"ImageObject\",\"inLanguage\":\"fr-FR\",\"@id\":\"https:\\\/\\\/forvalour.ca\\\/fr\\\/accueil\\\/#primaryimage\",\"url\":\"https:\\\/\\\/forvalour.ca\\\/wp-content\\\/uploads\\\/2021\\\/09\\\/mynarski-021.jpg\",\"contentUrl\":\"https:\\\/\\\/forvalour.ca\\\/wp-content\\\/uploads\\\/2021\\\/09\\\/mynarski-021.jpg\"},{\"@type\":\"BreadcrumbList\",\"@id\":\"https:\\\/\\\/forvalour.ca\\\/fr\\\/accueil\\\/#breadcrumb\",\"itemListElement\":[{\"@type\":\"ListItem\",\"position\":1,\"name\":\"Home\",\"item\":\"https:\\\/\\\/forvalour.ca\\\/fr\\\/\"},{\"@type\":\"ListItem\",\"position\":2,\"name\":\"Accueil\"}]},{\"@type\":\"WebSite\",\"@id\":\"https:\\\/\\\/forvalour.ca\\\/fr\\\/#website\",\"url\":\"https:\\\/\\\/forvalour.ca\\\/fr\\\/\",\"name\":\"For Valour\",\"description\":\"Canadian Airmen and the Victoria Cross\",\"publisher\":{\"@id\":\"https:\\\/\\\/forvalour.ca\\\/fr\\\/#organization\"},\"potentialAction\":[{\"@type\":\"SearchAction\",\"target\":{\"@type\":\"EntryPoint\",\"urlTemplate\":\"https:\\\/\\\/forvalour.ca\\\/fr\\\/?s={search_term_string}\"},\"query-input\":{\"@type\":\"PropertyValueSpecification\",\"valueRequired\":true,\"valueName\":\"search_term_string\"}}],\"inLanguage\":\"fr-FR\"},{\"@type\":\"Organization\",\"@id\":\"https:\\\/\\\/forvalour.ca\\\/fr\\\/#organization\",\"name\":\"For Valour\",\"url\":\"https:\\\/\\\/forvalour.ca\\\/fr\\\/\",\"logo\":{\"@type\":\"ImageObject\",\"inLanguage\":\"fr-FR\",\"@id\":\"https:\\\/\\\/forvalour.ca\\\/fr\\\/#\\\/schema\\\/logo\\\/image\\\/\",\"url\":\"https:\\\/\\\/forvalour.ca\\\/wp-content\\\/uploads\\\/2021\\\/09\\\/cropped-for-valour-medal-new.png\",\"contentUrl\":\"https:\\\/\\\/forvalour.ca\\\/wp-content\\\/uploads\\\/2021\\\/09\\\/cropped-for-valour-medal-new.png\",\"width\":512,\"height\":512,\"caption\":\"For Valour\"},\"image\":{\"@id\":\"https:\\\/\\\/forvalour.ca\\\/fr\\\/#\\\/schema\\\/logo\\\/image\\\/\"},\"sameAs\":[\"https:\\\/\\\/www.youtube.com\\\/channel\\\/UCRYVbXOUahuy0lj2UCo1Cag\"]}]}<\/script>\n<!-- \/ Yoast SEO plugin. -->","yoast_head_json":{"title":"Accueil - Pour Bravoure - aviateurs canadiens et la Croix de Victoria","robots":{"index":"index","follow":"follow","max-snippet":"max-snippet:-1","max-image-preview":"max-image-preview:large","max-video-preview":"max-video-preview:-1"},"canonical":"https:\/\/forvalour.ca\/fr\/accueil\/","og_locale":"fr_FR","og_type":"article","og_title":"Accueil - Pour Bravoure - aviateurs canadiens et la Croix de Victoria","og_description":"EN L\u2019HONNEUR DES SEPT R\u00caCIPIENDAIRRES DE LA CROIX DE VICTORIA Les actes de courage exemplaires se multiplient en p\u00e9riode de guerre, mais bien souvent, ils \u00e9chappent \u00e0 l&rsquo;attention ou ne sont consign\u00e9s nulle part. Les actes dont on se souvient constituent la plupart du temps des exemples que tous peuvent admirer et honorer. Les Canadiens [&hellip;]","og_url":"https:\/\/forvalour.ca\/fr\/accueil\/","og_site_name":"Pour Bravoure - aviateurs canadiens et la Croix de Victoria","article_modified_time":"2021-10-01T14:51:36+00:00","og_image":[{"url":"https:\/\/forvalour.ca\/wp-content\/uploads\/2021\/09\/mynarski-021.jpg","type":"","width":"","height":""}],"twitter_card":"summary_large_image","twitter_misc":{"Dur\u00e9e de lecture estim\u00e9e":"4 minutes"},"schema":{"@context":"https:\/\/schema.org","@graph":[{"@type":"WebPage","@id":"https:\/\/forvalour.ca\/fr\/accueil\/","url":"https:\/\/forvalour.ca\/fr\/accueil\/","name":"Accueil - Pour Bravoure - aviateurs canadiens et la Croix de Victoria","isPartOf":{"@id":"https:\/\/forvalour.ca\/fr\/#website"},"primaryImageOfPage":{"@id":"https:\/\/forvalour.ca\/fr\/accueil\/#primaryimage"},"image":{"@id":"https:\/\/forvalour.ca\/fr\/accueil\/#primaryimage"},"thumbnailUrl":"https:\/\/forvalour.ca\/wp-content\/uploads\/2021\/09\/mynarski-021.jpg","datePublished":"2021-09-16T20:19:58+00:00","dateModified":"2021-10-01T14:51:36+00:00","breadcrumb":{"@id":"https:\/\/forvalour.ca\/fr\/accueil\/#breadcrumb"},"inLanguage":"fr-FR","potentialAction":[{"@type":"ReadAction","target":["https:\/\/forvalour.ca\/fr\/accueil\/"]}]},{"@type":"ImageObject","inLanguage":"fr-FR","@id":"https:\/\/forvalour.ca\/fr\/accueil\/#primaryimage","url":"https:\/\/forvalour.ca\/wp-content\/uploads\/2021\/09\/mynarski-021.jpg","contentUrl":"https:\/\/forvalour.ca\/wp-content\/uploads\/2021\/09\/mynarski-021.jpg"},{"@type":"BreadcrumbList","@id":"https:\/\/forvalour.ca\/fr\/accueil\/#breadcrumb","itemListElement":[{"@type":"ListItem","position":1,"name":"Home","item":"https:\/\/forvalour.ca\/fr\/"},{"@type":"ListItem","position":2,"name":"Accueil"}]},{"@type":"WebSite","@id":"https:\/\/forvalour.ca\/fr\/#website","url":"https:\/\/forvalour.ca\/fr\/","name":"For Valour","description":"Canadian Airmen and the Victoria Cross","publisher":{"@id":"https:\/\/forvalour.ca\/fr\/#organization"},"potentialAction":[{"@type":"SearchAction","target":{"@type":"EntryPoint","urlTemplate":"https:\/\/forvalour.ca\/fr\/?s={search_term_string}"},"query-input":{"@type":"PropertyValueSpecification","valueRequired":true,"valueName":"search_term_string"}}],"inLanguage":"fr-FR"},{"@type":"Organization","@id":"https:\/\/forvalour.ca\/fr\/#organization","name":"For Valour","url":"https:\/\/forvalour.ca\/fr\/","logo":{"@type":"ImageObject","inLanguage":"fr-FR","@id":"https:\/\/forvalour.ca\/fr\/#\/schema\/logo\/image\/","url":"https:\/\/forvalour.ca\/wp-content\/uploads\/2021\/09\/cropped-for-valour-medal-new.png","contentUrl":"https:\/\/forvalour.ca\/wp-content\/uploads\/2021\/09\/cropped-for-valour-medal-new.png","width":512,"height":512,"caption":"For Valour"},"image":{"@id":"https:\/\/forvalour.ca\/fr\/#\/schema\/logo\/image\/"},"sameAs":["https:\/\/www.youtube.com\/channel\/UCRYVbXOUahuy0lj2UCo1Cag"]}]}},"_links":{"self":[{"href":"https:\/\/forvalour.ca\/fr\/wp-json\/wp\/v2\/pages\/791","targetHints":{"allow":["GET"]}}],"collection":[{"href":"https:\/\/forvalour.ca\/fr\/wp-json\/wp\/v2\/pages"}],"about":[{"href":"https:\/\/forvalour.ca\/fr\/wp-json\/wp\/v2\/types\/page"}],"author":[{"embeddable":true,"href":"https:\/\/forvalour.ca\/fr\/wp-json\/wp\/v2\/users\/1"}],"replies":[{"embeddable":true,"href":"https:\/\/forvalour.ca\/fr\/wp-json\/wp\/v2\/comments?post=791"}],"version-history":[{"count":18,"href":"https:\/\/forvalour.ca\/fr\/wp-json\/wp\/v2\/pages\/791\/revisions"}],"predecessor-version":[{"id":3216,"href":"https:\/\/forvalour.ca\/fr\/wp-json\/wp\/v2\/pages\/791\/revisions\/3216"}],"wp:attachment":[{"href":"https:\/\/forvalour.ca\/fr\/wp-json\/wp\/v2\/media?parent=791"}],"curies":[{"name":"wp","href":"https:\/\/api.w.org\/{rel}","templated":true}]}}