{"id":950,"date":"2021-09-17T10:58:57","date_gmt":"2021-09-17T15:58:57","guid":{"rendered":"https:\/\/forvalour.ca\/?page_id=950"},"modified":"2021-10-07T11:39:31","modified_gmt":"2021-10-07T16:39:31","slug":"stained-glass","status":"publish","type":"page","link":"https:\/\/forvalour.ca\/fr\/stained-glass\/","title":{"rendered":"Fen\u00eatre en Vitrail"},"content":{"rendered":"\n<figure class=\"wp-block-embed is-type-rich is-provider-prise-en-charge-des-contenus-embarques wp-block-embed-prise-en-charge-des-contenus-embarques wp-embed-aspect-16-9 wp-has-aspect-ratio\"><div class=\"wp-block-embed__wrapper\">\n<iframe loading=\"lazy\" title=\"Fen\u00eatre en Vitrail\" width=\"500\" height=\"281\" src=\"https:\/\/www.youtube.com\/embed\/2ZXlwpzuaPk?feature=oembed\" frameborder=\"0\" allow=\"accelerometer; autoplay; clipboard-write; encrypted-media; gyroscope; picture-in-picture; web-share\" referrerpolicy=\"strict-origin-when-cross-origin\" allowfullscreen><\/iframe>\n<\/div><\/figure>\n\n\n\n<p>Que voyez-vous dans&#8230;&nbsp;<strong>Stained Glass Window<\/strong>&nbsp;(Fen\u00eatre en Vitrail), par le Sergente Patricia MacNorgan?<\/p>\n\n\n\n<h4 class=\"wp-block-heading\">Inspiration<\/h4>\n\n\n\n<p>Le tableau fut inspir\u00e9 par le r\u00e9alisateur de films Alfred Hitchcock (Psychose, Fen\u00eatre sur cour, Les Oiseaux). Hitchcock a laiss\u00e9 plus de suspense et d&rsquo;horreur dans l&rsquo;imaginaire des spectateurs qu&rsquo;il n&rsquo;en montrait dans les sc\u00e8nes de ses films. On pense aux cons\u00e9quences plut\u00f4t qu&rsquo;aux faits, ce qui augmente le suspense. De m\u00eame cette peinture soul\u00e8ve plus de questions qu&rsquo;elle ne donne de r\u00e9ponses!<\/p>\n\n\n\n<h4 class=\"wp-block-heading\">But<\/h4>\n\n\n\n<p>Selon l&rsquo;artiste Sgt Patricia McNorgan, l&rsquo;objectif de ce tableau est de \u00ab nous rappeler le co\u00fbt terrible pour le commandement des forces de bombardement et les nombreux Canadiens qui ont fait l&rsquo;ultime sacrifice \u00bb.<\/p>\n\n\n\n<h4 class=\"wp-block-heading\">Trous de balles et \u00e9claboussures de sang<\/h4>\n\n\n\n<p>On peut voir deux trous de balles pr\u00e8s de la partie sup\u00e9rieure gauche de la fen\u00eatre en plexiglas. On peut \u00e9galement voir des \u00e9claboussures de sang, dont une ressemble \u00e0 un coquelicot rouge, symbole du souvenir du sacrifice militaire.<\/p>\n\n\n\n<h4 class=\"wp-block-heading\">Casques et lunettes<\/h4>\n\n\n\n<p>Le casque en cuir du canonnier arri\u00e8re et ses lunettes gisent sur le si\u00e8ge \u00e0 l&rsquo;entr\u00e9e de la tourelle. L&#8217;emplacement de ces objets rappelle une couronne plac\u00e9e au pied d&rsquo;un monument.<\/p>\n\n\n\n<h4 class=\"wp-block-heading\">L&rsquo;ambulance<\/h4>\n\n\n\n<p>En arri\u00e8re-plan, on distingue une personne sur une civi\u00e8re charg\u00e9e dans une ambulance; est-ce le canonnier arri\u00e8re? Est-il en vie ou mort? La mission fut-elle un succ\u00e8s? Quel fut le destin du reste de l&rsquo;\u00e9quipage?<\/p>\n","protected":false},"excerpt":{"rendered":"<p>Que voyez-vous dans&#8230;&nbsp;Stained Glass Window&nbsp;(Fen\u00eatre en Vitrail), par le Sergente Patricia MacNorgan? Inspiration Le tableau fut inspir\u00e9 par le r\u00e9alisateur de films Alfred Hitchcock (Psychose, Fen\u00eatre sur cour, Les Oiseaux). Hitchcock a laiss\u00e9 plus de suspense et d&rsquo;horreur dans l&rsquo;imaginaire des spectateurs qu&rsquo;il n&rsquo;en montrait dans les sc\u00e8nes de ses films. On pense aux cons\u00e9quences [&hellip;]<\/p>\n","protected":false},"author":1,"featured_media":0,"parent":0,"menu_order":0,"comment_status":"closed","ping_status":"closed","template":"","meta":{"_acf_changed":false,"footnotes":""},"class_list":["post-950","page","type-page","status-publish","hentry"],"acf":[],"yoast_head":"<!-- This site is optimized with the Yoast SEO plugin v27.3 - https:\/\/yoast.com\/product\/yoast-seo-wordpress\/ -->\n<title>Fen\u00eatre en Vitrail - Pour Bravoure - aviateurs canadiens et la Croix de Victoria<\/title>\n<meta name=\"robots\" content=\"index, follow, max-snippet:-1, max-image-preview:large, max-video-preview:-1\" \/>\n<link rel=\"canonical\" href=\"https:\/\/forvalour.ca\/fr\/stained-glass\/\" \/>\n<meta property=\"og:locale\" content=\"fr_FR\" \/>\n<meta property=\"og:type\" content=\"article\" \/>\n<meta property=\"og:title\" content=\"Fen\u00eatre en Vitrail - Pour Bravoure - aviateurs canadiens et la Croix de Victoria\" \/>\n<meta property=\"og:description\" content=\"Que voyez-vous dans&#8230;&nbsp;Stained Glass Window&nbsp;(Fen\u00eatre en Vitrail), par le Sergente Patricia MacNorgan? Inspiration Le tableau fut inspir\u00e9 par le r\u00e9alisateur de films Alfred Hitchcock (Psychose, Fen\u00eatre sur cour, Les Oiseaux). Hitchcock a laiss\u00e9 plus de suspense et d&rsquo;horreur dans l&rsquo;imaginaire des spectateurs qu&rsquo;il n&rsquo;en montrait dans les sc\u00e8nes de ses films. On pense aux cons\u00e9quences [&hellip;]\" \/>\n<meta property=\"og:url\" content=\"https:\/\/forvalour.ca\/fr\/stained-glass\/\" \/>\n<meta property=\"og:site_name\" content=\"Pour Bravoure - aviateurs canadiens et la Croix de Victoria\" \/>\n<meta property=\"article:modified_time\" content=\"2021-10-07T16:39:31+00:00\" \/>\n<meta name=\"twitter:card\" content=\"summary_large_image\" \/>\n<meta name=\"twitter:label1\" content=\"Dur\u00e9e de lecture estim\u00e9e\" \/>\n\t<meta name=\"twitter:data1\" content=\"1 minute\" \/>\n<script type=\"application\/ld+json\" class=\"yoast-schema-graph\">{\"@context\":\"https:\\\/\\\/schema.org\",\"@graph\":[{\"@type\":\"WebPage\",\"@id\":\"https:\\\/\\\/forvalour.ca\\\/fr\\\/stained-glass\\\/\",\"url\":\"https:\\\/\\\/forvalour.ca\\\/fr\\\/stained-glass\\\/\",\"name\":\"Fen\u00eatre en Vitrail - Pour Bravoure - aviateurs canadiens et la Croix de Victoria\",\"isPartOf\":{\"@id\":\"https:\\\/\\\/forvalour.ca\\\/fr\\\/#website\"},\"datePublished\":\"2021-09-17T15:58:57+00:00\",\"dateModified\":\"2021-10-07T16:39:31+00:00\",\"breadcrumb\":{\"@id\":\"https:\\\/\\\/forvalour.ca\\\/fr\\\/stained-glass\\\/#breadcrumb\"},\"inLanguage\":\"fr-FR\",\"potentialAction\":[{\"@type\":\"ReadAction\",\"target\":[\"https:\\\/\\\/forvalour.ca\\\/fr\\\/stained-glass\\\/\"]}]},{\"@type\":\"BreadcrumbList\",\"@id\":\"https:\\\/\\\/forvalour.ca\\\/fr\\\/stained-glass\\\/#breadcrumb\",\"itemListElement\":[{\"@type\":\"ListItem\",\"position\":1,\"name\":\"Home\",\"item\":\"https:\\\/\\\/forvalour.ca\\\/fr\\\/\"},{\"@type\":\"ListItem\",\"position\":2,\"name\":\"Fen\u00eatre en Vitrail\"}]},{\"@type\":\"WebSite\",\"@id\":\"https:\\\/\\\/forvalour.ca\\\/fr\\\/#website\",\"url\":\"https:\\\/\\\/forvalour.ca\\\/fr\\\/\",\"name\":\"For Valour\",\"description\":\"Canadian Airmen and the Victoria Cross\",\"publisher\":{\"@id\":\"https:\\\/\\\/forvalour.ca\\\/fr\\\/#organization\"},\"potentialAction\":[{\"@type\":\"SearchAction\",\"target\":{\"@type\":\"EntryPoint\",\"urlTemplate\":\"https:\\\/\\\/forvalour.ca\\\/fr\\\/?s={search_term_string}\"},\"query-input\":{\"@type\":\"PropertyValueSpecification\",\"valueRequired\":true,\"valueName\":\"search_term_string\"}}],\"inLanguage\":\"fr-FR\"},{\"@type\":\"Organization\",\"@id\":\"https:\\\/\\\/forvalour.ca\\\/fr\\\/#organization\",\"name\":\"For Valour\",\"url\":\"https:\\\/\\\/forvalour.ca\\\/fr\\\/\",\"logo\":{\"@type\":\"ImageObject\",\"inLanguage\":\"fr-FR\",\"@id\":\"https:\\\/\\\/forvalour.ca\\\/fr\\\/#\\\/schema\\\/logo\\\/image\\\/\",\"url\":\"https:\\\/\\\/forvalour.ca\\\/wp-content\\\/uploads\\\/2021\\\/09\\\/cropped-for-valour-medal-new.png\",\"contentUrl\":\"https:\\\/\\\/forvalour.ca\\\/wp-content\\\/uploads\\\/2021\\\/09\\\/cropped-for-valour-medal-new.png\",\"width\":512,\"height\":512,\"caption\":\"For Valour\"},\"image\":{\"@id\":\"https:\\\/\\\/forvalour.ca\\\/fr\\\/#\\\/schema\\\/logo\\\/image\\\/\"},\"sameAs\":[\"https:\\\/\\\/www.youtube.com\\\/channel\\\/UCRYVbXOUahuy0lj2UCo1Cag\"]}]}<\/script>\n<!-- \/ Yoast SEO plugin. -->","yoast_head_json":{"title":"Fen\u00eatre en Vitrail - Pour Bravoure - aviateurs canadiens et la Croix de Victoria","robots":{"index":"index","follow":"follow","max-snippet":"max-snippet:-1","max-image-preview":"max-image-preview:large","max-video-preview":"max-video-preview:-1"},"canonical":"https:\/\/forvalour.ca\/fr\/stained-glass\/","og_locale":"fr_FR","og_type":"article","og_title":"Fen\u00eatre en Vitrail - Pour Bravoure - aviateurs canadiens et la Croix de Victoria","og_description":"Que voyez-vous dans&#8230;&nbsp;Stained Glass Window&nbsp;(Fen\u00eatre en Vitrail), par le Sergente Patricia MacNorgan? Inspiration Le tableau fut inspir\u00e9 par le r\u00e9alisateur de films Alfred Hitchcock (Psychose, Fen\u00eatre sur cour, Les Oiseaux). Hitchcock a laiss\u00e9 plus de suspense et d&rsquo;horreur dans l&rsquo;imaginaire des spectateurs qu&rsquo;il n&rsquo;en montrait dans les sc\u00e8nes de ses films. On pense aux cons\u00e9quences [&hellip;]","og_url":"https:\/\/forvalour.ca\/fr\/stained-glass\/","og_site_name":"Pour Bravoure - aviateurs canadiens et la Croix de Victoria","article_modified_time":"2021-10-07T16:39:31+00:00","twitter_card":"summary_large_image","twitter_misc":{"Dur\u00e9e de lecture estim\u00e9e":"1 minute"},"schema":{"@context":"https:\/\/schema.org","@graph":[{"@type":"WebPage","@id":"https:\/\/forvalour.ca\/fr\/stained-glass\/","url":"https:\/\/forvalour.ca\/fr\/stained-glass\/","name":"Fen\u00eatre en Vitrail - Pour Bravoure - aviateurs canadiens et la Croix de Victoria","isPartOf":{"@id":"https:\/\/forvalour.ca\/fr\/#website"},"datePublished":"2021-09-17T15:58:57+00:00","dateModified":"2021-10-07T16:39:31+00:00","breadcrumb":{"@id":"https:\/\/forvalour.ca\/fr\/stained-glass\/#breadcrumb"},"inLanguage":"fr-FR","potentialAction":[{"@type":"ReadAction","target":["https:\/\/forvalour.ca\/fr\/stained-glass\/"]}]},{"@type":"BreadcrumbList","@id":"https:\/\/forvalour.ca\/fr\/stained-glass\/#breadcrumb","itemListElement":[{"@type":"ListItem","position":1,"name":"Home","item":"https:\/\/forvalour.ca\/fr\/"},{"@type":"ListItem","position":2,"name":"Fen\u00eatre en Vitrail"}]},{"@type":"WebSite","@id":"https:\/\/forvalour.ca\/fr\/#website","url":"https:\/\/forvalour.ca\/fr\/","name":"For Valour","description":"Canadian Airmen and the Victoria Cross","publisher":{"@id":"https:\/\/forvalour.ca\/fr\/#organization"},"potentialAction":[{"@type":"SearchAction","target":{"@type":"EntryPoint","urlTemplate":"https:\/\/forvalour.ca\/fr\/?s={search_term_string}"},"query-input":{"@type":"PropertyValueSpecification","valueRequired":true,"valueName":"search_term_string"}}],"inLanguage":"fr-FR"},{"@type":"Organization","@id":"https:\/\/forvalour.ca\/fr\/#organization","name":"For Valour","url":"https:\/\/forvalour.ca\/fr\/","logo":{"@type":"ImageObject","inLanguage":"fr-FR","@id":"https:\/\/forvalour.ca\/fr\/#\/schema\/logo\/image\/","url":"https:\/\/forvalour.ca\/wp-content\/uploads\/2021\/09\/cropped-for-valour-medal-new.png","contentUrl":"https:\/\/forvalour.ca\/wp-content\/uploads\/2021\/09\/cropped-for-valour-medal-new.png","width":512,"height":512,"caption":"For Valour"},"image":{"@id":"https:\/\/forvalour.ca\/fr\/#\/schema\/logo\/image\/"},"sameAs":["https:\/\/www.youtube.com\/channel\/UCRYVbXOUahuy0lj2UCo1Cag"]}]}},"_links":{"self":[{"href":"https:\/\/forvalour.ca\/fr\/wp-json\/wp\/v2\/pages\/950","targetHints":{"allow":["GET"]}}],"collection":[{"href":"https:\/\/forvalour.ca\/fr\/wp-json\/wp\/v2\/pages"}],"about":[{"href":"https:\/\/forvalour.ca\/fr\/wp-json\/wp\/v2\/types\/page"}],"author":[{"embeddable":true,"href":"https:\/\/forvalour.ca\/fr\/wp-json\/wp\/v2\/users\/1"}],"replies":[{"embeddable":true,"href":"https:\/\/forvalour.ca\/fr\/wp-json\/wp\/v2\/comments?post=950"}],"version-history":[{"count":3,"href":"https:\/\/forvalour.ca\/fr\/wp-json\/wp\/v2\/pages\/950\/revisions"}],"predecessor-version":[{"id":3413,"href":"https:\/\/forvalour.ca\/fr\/wp-json\/wp\/v2\/pages\/950\/revisions\/3413"}],"wp:attachment":[{"href":"https:\/\/forvalour.ca\/fr\/wp-json\/wp\/v2\/media?parent=950"}],"curies":[{"name":"wp","href":"https:\/\/api.w.org\/{rel}","templated":true}]}}