{"id":992,"date":"2021-09-17T17:08:57","date_gmt":"2021-09-17T22:08:57","guid":{"rendered":"https:\/\/forvalour.ca\/?page_id=992"},"modified":"2021-09-17T17:21:01","modified_gmt":"2021-09-17T22:21:01","slug":"croix-de-george","status":"publish","type":"page","link":"https:\/\/forvalour.ca\/fr\/croix-de-george\/","title":{"rendered":"Croix de George"},"content":{"rendered":"\n<h4 class=\"wp-block-heading\">Origine et histoire de la Croix de George<\/h4>\n\n\n\n<div class=\"wp-block-image\"><figure class=\"alignleft size-full\"><img loading=\"lazy\" decoding=\"async\" width=\"140\" height=\"140\" src=\"http:\/\/forvalour.ca\/wp-content\/uploads\/2021\/09\/gc-004.jpg\" alt=\"La Croix de George\" class=\"wp-image-857\"\/><\/figure><\/div>\n\n\n\n<p>La Croix de George (GC) a \u00e9t\u00e9 cr\u00e9\u00e9e le 24 septembre 1940, par le roi George VI. Elle \u00e9tait d\u00e9cern\u00e9e surtout \u00e0 des civils qui avaient accompli un acte d&rsquo;h\u00e9ro\u00efsme extr\u00eame ou manifest\u00e9 un courage insigne dans des situations tr\u00e8s p\u00e9rilleuses. Elle n&rsquo;\u00e9tait remise \u00e0 des militaires que pour des actes qui n&rsquo;\u00e9taient normalement pas r\u00e9compens\u00e9s par des distinctions honorifiques purement militaires, et ces actes ne devaient pas avoir \u00e9t\u00e9 accomplis devant l&rsquo;ennemi.<\/p>\n\n\n\n<p>La Croix de George est une croix d&rsquo;argent simple mesurant 1,8 pouce de largeur. Sur l&rsquo;avers, le centre de la croix est charg\u00e9 d&rsquo;un m\u00e9daillon circulaire qui montre saint Georges tuant un dragon; le m\u00e9daillon est cern\u00e9 par les mots \u00ab&nbsp;For Gallantry&nbsp;\u00bb (Pour acte de courage).<\/p>\n\n\n\n<p>Le ruban est pass\u00e9 dans une barrette droite en argent, orn\u00e9e de feuilles de laurier, d&rsquo;un seul tenant avec l&rsquo;\u0153illet du dessous, qui est fix\u00e9 \u00e0 la croix par un petit anneau d&rsquo;argent pass\u00e9 dans l&rsquo;\u0153illet du haut de la croix. Le ruban bleu mesure 1,5 pouce de largeur. En petite tenue, on y fixe une croix miniature. Les femmes peuvent pendre leur croix \u00e0 une broche.<\/p>\n\n\n\n<p>Le nom, le grade et l&rsquo;arm\u00e9e (num\u00e9ro matricule pour les non-officiers) ainsi que la date de notification dans la&nbsp;London Gazette&nbsp;sont inscrits au revers de la croix.<\/p>\n\n\n\n<p>En tout, dix Croix de George ont \u00e9t\u00e9 d\u00e9cern\u00e9es \u00e0 des Canadiens : huit \u00e0 des militaires, une \u00e0 un membre de la marine marchande, et une \u00e0 une femme (voir ci-dessous).<\/p>\n\n\n\n<h4 class=\"wp-block-heading\">Canadiens et Canadienne ayant re\u00e7u la Croix de George<\/h4>\n\n\n\n<p>Doreen ASHBURNHAM-RUFFNER (conversion de l&rsquo;A.M.)<br>George BASTIAN (conversion de l&rsquo;A.M.)<br>Ernest FROST (conversion de l&rsquo;E.G.M.)<br>Karl GRAVELL (ARC)<br>Roderick GRAY (ARC)<br>James HENDRY (Arm\u00e9e canadienne)<br>John PATTON (Arm\u00e9e canadienne)<br>John RENNIE (Arm\u00e9e canadienne)<br>Kenneth SPOONER (ARC)<\/p>\n","protected":false},"excerpt":{"rendered":"<p>Origine et histoire de la Croix de George La Croix de George (GC) a \u00e9t\u00e9 cr\u00e9\u00e9e le 24 septembre 1940, par le roi George VI. Elle \u00e9tait d\u00e9cern\u00e9e surtout \u00e0 des civils qui avaient accompli un acte d&rsquo;h\u00e9ro\u00efsme extr\u00eame ou manifest\u00e9 un courage insigne dans des situations tr\u00e8s p\u00e9rilleuses. Elle n&rsquo;\u00e9tait remise \u00e0 des militaires [&hellip;]<\/p>\n","protected":false},"author":1,"featured_media":0,"parent":0,"menu_order":0,"comment_status":"closed","ping_status":"closed","template":"","meta":{"_acf_changed":false,"footnotes":""},"class_list":["post-992","page","type-page","status-publish","hentry"],"acf":[],"yoast_head":"<!-- This site is optimized with the Yoast SEO plugin v27.3 - https:\/\/yoast.com\/product\/yoast-seo-wordpress\/ -->\n<title>Croix de George - Pour Bravoure - aviateurs canadiens et la Croix de Victoria<\/title>\n<meta name=\"robots\" content=\"index, follow, max-snippet:-1, max-image-preview:large, max-video-preview:-1\" \/>\n<link rel=\"canonical\" href=\"https:\/\/forvalour.ca\/fr\/croix-de-george\/\" \/>\n<meta property=\"og:locale\" content=\"fr_FR\" \/>\n<meta property=\"og:type\" content=\"article\" \/>\n<meta property=\"og:title\" content=\"Croix de George - Pour Bravoure - aviateurs canadiens et la Croix de Victoria\" \/>\n<meta property=\"og:description\" content=\"Origine et histoire de la Croix de George La Croix de George (GC) a \u00e9t\u00e9 cr\u00e9\u00e9e le 24 septembre 1940, par le roi George VI. Elle \u00e9tait d\u00e9cern\u00e9e surtout \u00e0 des civils qui avaient accompli un acte d&rsquo;h\u00e9ro\u00efsme extr\u00eame ou manifest\u00e9 un courage insigne dans des situations tr\u00e8s p\u00e9rilleuses. Elle n&rsquo;\u00e9tait remise \u00e0 des militaires [&hellip;]\" \/>\n<meta property=\"og:url\" content=\"https:\/\/forvalour.ca\/fr\/croix-de-george\/\" \/>\n<meta property=\"og:site_name\" content=\"Pour Bravoure - aviateurs canadiens et la Croix de Victoria\" \/>\n<meta property=\"article:modified_time\" content=\"2021-09-17T22:21:01+00:00\" \/>\n<meta property=\"og:image\" content=\"http:\/\/forvalour.ca\/wp-content\/uploads\/2021\/09\/gc-004.jpg\" \/>\n<meta name=\"twitter:card\" content=\"summary_large_image\" \/>\n<meta name=\"twitter:label1\" content=\"Dur\u00e9e de lecture estim\u00e9e\" \/>\n\t<meta name=\"twitter:data1\" content=\"2 minutes\" \/>\n<script type=\"application\/ld+json\" class=\"yoast-schema-graph\">{\"@context\":\"https:\\\/\\\/schema.org\",\"@graph\":[{\"@type\":\"WebPage\",\"@id\":\"https:\\\/\\\/forvalour.ca\\\/fr\\\/croix-de-george\\\/\",\"url\":\"https:\\\/\\\/forvalour.ca\\\/fr\\\/croix-de-george\\\/\",\"name\":\"Croix de George - Pour Bravoure - aviateurs canadiens et la Croix de Victoria\",\"isPartOf\":{\"@id\":\"https:\\\/\\\/forvalour.ca\\\/fr\\\/#website\"},\"primaryImageOfPage\":{\"@id\":\"https:\\\/\\\/forvalour.ca\\\/fr\\\/croix-de-george\\\/#primaryimage\"},\"image\":{\"@id\":\"https:\\\/\\\/forvalour.ca\\\/fr\\\/croix-de-george\\\/#primaryimage\"},\"thumbnailUrl\":\"http:\\\/\\\/forvalour.ca\\\/wp-content\\\/uploads\\\/2021\\\/09\\\/gc-004.jpg\",\"datePublished\":\"2021-09-17T22:08:57+00:00\",\"dateModified\":\"2021-09-17T22:21:01+00:00\",\"breadcrumb\":{\"@id\":\"https:\\\/\\\/forvalour.ca\\\/fr\\\/croix-de-george\\\/#breadcrumb\"},\"inLanguage\":\"fr-FR\",\"potentialAction\":[{\"@type\":\"ReadAction\",\"target\":[\"https:\\\/\\\/forvalour.ca\\\/fr\\\/croix-de-george\\\/\"]}]},{\"@type\":\"ImageObject\",\"inLanguage\":\"fr-FR\",\"@id\":\"https:\\\/\\\/forvalour.ca\\\/fr\\\/croix-de-george\\\/#primaryimage\",\"url\":\"http:\\\/\\\/forvalour.ca\\\/wp-content\\\/uploads\\\/2021\\\/09\\\/gc-004.jpg\",\"contentUrl\":\"http:\\\/\\\/forvalour.ca\\\/wp-content\\\/uploads\\\/2021\\\/09\\\/gc-004.jpg\"},{\"@type\":\"BreadcrumbList\",\"@id\":\"https:\\\/\\\/forvalour.ca\\\/fr\\\/croix-de-george\\\/#breadcrumb\",\"itemListElement\":[{\"@type\":\"ListItem\",\"position\":1,\"name\":\"Home\",\"item\":\"https:\\\/\\\/forvalour.ca\\\/fr\\\/\"},{\"@type\":\"ListItem\",\"position\":2,\"name\":\"Croix de George\"}]},{\"@type\":\"WebSite\",\"@id\":\"https:\\\/\\\/forvalour.ca\\\/fr\\\/#website\",\"url\":\"https:\\\/\\\/forvalour.ca\\\/fr\\\/\",\"name\":\"For Valour\",\"description\":\"Canadian Airmen and the Victoria Cross\",\"publisher\":{\"@id\":\"https:\\\/\\\/forvalour.ca\\\/fr\\\/#organization\"},\"potentialAction\":[{\"@type\":\"SearchAction\",\"target\":{\"@type\":\"EntryPoint\",\"urlTemplate\":\"https:\\\/\\\/forvalour.ca\\\/fr\\\/?s={search_term_string}\"},\"query-input\":{\"@type\":\"PropertyValueSpecification\",\"valueRequired\":true,\"valueName\":\"search_term_string\"}}],\"inLanguage\":\"fr-FR\"},{\"@type\":\"Organization\",\"@id\":\"https:\\\/\\\/forvalour.ca\\\/fr\\\/#organization\",\"name\":\"For Valour\",\"url\":\"https:\\\/\\\/forvalour.ca\\\/fr\\\/\",\"logo\":{\"@type\":\"ImageObject\",\"inLanguage\":\"fr-FR\",\"@id\":\"https:\\\/\\\/forvalour.ca\\\/fr\\\/#\\\/schema\\\/logo\\\/image\\\/\",\"url\":\"https:\\\/\\\/forvalour.ca\\\/wp-content\\\/uploads\\\/2021\\\/09\\\/cropped-for-valour-medal-new.png\",\"contentUrl\":\"https:\\\/\\\/forvalour.ca\\\/wp-content\\\/uploads\\\/2021\\\/09\\\/cropped-for-valour-medal-new.png\",\"width\":512,\"height\":512,\"caption\":\"For Valour\"},\"image\":{\"@id\":\"https:\\\/\\\/forvalour.ca\\\/fr\\\/#\\\/schema\\\/logo\\\/image\\\/\"},\"sameAs\":[\"https:\\\/\\\/www.youtube.com\\\/channel\\\/UCRYVbXOUahuy0lj2UCo1Cag\"]}]}<\/script>\n<!-- \/ Yoast SEO plugin. -->","yoast_head_json":{"title":"Croix de George - Pour Bravoure - aviateurs canadiens et la Croix de Victoria","robots":{"index":"index","follow":"follow","max-snippet":"max-snippet:-1","max-image-preview":"max-image-preview:large","max-video-preview":"max-video-preview:-1"},"canonical":"https:\/\/forvalour.ca\/fr\/croix-de-george\/","og_locale":"fr_FR","og_type":"article","og_title":"Croix de George - Pour Bravoure - aviateurs canadiens et la Croix de Victoria","og_description":"Origine et histoire de la Croix de George La Croix de George (GC) a \u00e9t\u00e9 cr\u00e9\u00e9e le 24 septembre 1940, par le roi George VI. Elle \u00e9tait d\u00e9cern\u00e9e surtout \u00e0 des civils qui avaient accompli un acte d&rsquo;h\u00e9ro\u00efsme extr\u00eame ou manifest\u00e9 un courage insigne dans des situations tr\u00e8s p\u00e9rilleuses. Elle n&rsquo;\u00e9tait remise \u00e0 des militaires [&hellip;]","og_url":"https:\/\/forvalour.ca\/fr\/croix-de-george\/","og_site_name":"Pour Bravoure - aviateurs canadiens et la Croix de Victoria","article_modified_time":"2021-09-17T22:21:01+00:00","og_image":[{"url":"http:\/\/forvalour.ca\/wp-content\/uploads\/2021\/09\/gc-004.jpg","type":"","width":"","height":""}],"twitter_card":"summary_large_image","twitter_misc":{"Dur\u00e9e de lecture estim\u00e9e":"2 minutes"},"schema":{"@context":"https:\/\/schema.org","@graph":[{"@type":"WebPage","@id":"https:\/\/forvalour.ca\/fr\/croix-de-george\/","url":"https:\/\/forvalour.ca\/fr\/croix-de-george\/","name":"Croix de George - Pour Bravoure - aviateurs canadiens et la Croix de Victoria","isPartOf":{"@id":"https:\/\/forvalour.ca\/fr\/#website"},"primaryImageOfPage":{"@id":"https:\/\/forvalour.ca\/fr\/croix-de-george\/#primaryimage"},"image":{"@id":"https:\/\/forvalour.ca\/fr\/croix-de-george\/#primaryimage"},"thumbnailUrl":"http:\/\/forvalour.ca\/wp-content\/uploads\/2021\/09\/gc-004.jpg","datePublished":"2021-09-17T22:08:57+00:00","dateModified":"2021-09-17T22:21:01+00:00","breadcrumb":{"@id":"https:\/\/forvalour.ca\/fr\/croix-de-george\/#breadcrumb"},"inLanguage":"fr-FR","potentialAction":[{"@type":"ReadAction","target":["https:\/\/forvalour.ca\/fr\/croix-de-george\/"]}]},{"@type":"ImageObject","inLanguage":"fr-FR","@id":"https:\/\/forvalour.ca\/fr\/croix-de-george\/#primaryimage","url":"http:\/\/forvalour.ca\/wp-content\/uploads\/2021\/09\/gc-004.jpg","contentUrl":"http:\/\/forvalour.ca\/wp-content\/uploads\/2021\/09\/gc-004.jpg"},{"@type":"BreadcrumbList","@id":"https:\/\/forvalour.ca\/fr\/croix-de-george\/#breadcrumb","itemListElement":[{"@type":"ListItem","position":1,"name":"Home","item":"https:\/\/forvalour.ca\/fr\/"},{"@type":"ListItem","position":2,"name":"Croix de George"}]},{"@type":"WebSite","@id":"https:\/\/forvalour.ca\/fr\/#website","url":"https:\/\/forvalour.ca\/fr\/","name":"For Valour","description":"Canadian Airmen and the Victoria Cross","publisher":{"@id":"https:\/\/forvalour.ca\/fr\/#organization"},"potentialAction":[{"@type":"SearchAction","target":{"@type":"EntryPoint","urlTemplate":"https:\/\/forvalour.ca\/fr\/?s={search_term_string}"},"query-input":{"@type":"PropertyValueSpecification","valueRequired":true,"valueName":"search_term_string"}}],"inLanguage":"fr-FR"},{"@type":"Organization","@id":"https:\/\/forvalour.ca\/fr\/#organization","name":"For Valour","url":"https:\/\/forvalour.ca\/fr\/","logo":{"@type":"ImageObject","inLanguage":"fr-FR","@id":"https:\/\/forvalour.ca\/fr\/#\/schema\/logo\/image\/","url":"https:\/\/forvalour.ca\/wp-content\/uploads\/2021\/09\/cropped-for-valour-medal-new.png","contentUrl":"https:\/\/forvalour.ca\/wp-content\/uploads\/2021\/09\/cropped-for-valour-medal-new.png","width":512,"height":512,"caption":"For Valour"},"image":{"@id":"https:\/\/forvalour.ca\/fr\/#\/schema\/logo\/image\/"},"sameAs":["https:\/\/www.youtube.com\/channel\/UCRYVbXOUahuy0lj2UCo1Cag"]}]}},"_links":{"self":[{"href":"https:\/\/forvalour.ca\/fr\/wp-json\/wp\/v2\/pages\/992","targetHints":{"allow":["GET"]}}],"collection":[{"href":"https:\/\/forvalour.ca\/fr\/wp-json\/wp\/v2\/pages"}],"about":[{"href":"https:\/\/forvalour.ca\/fr\/wp-json\/wp\/v2\/types\/page"}],"author":[{"embeddable":true,"href":"https:\/\/forvalour.ca\/fr\/wp-json\/wp\/v2\/users\/1"}],"replies":[{"embeddable":true,"href":"https:\/\/forvalour.ca\/fr\/wp-json\/wp\/v2\/comments?post=992"}],"version-history":[{"count":2,"href":"https:\/\/forvalour.ca\/fr\/wp-json\/wp\/v2\/pages\/992\/revisions"}],"predecessor-version":[{"id":1002,"href":"https:\/\/forvalour.ca\/fr\/wp-json\/wp\/v2\/pages\/992\/revisions\/1002"}],"wp:attachment":[{"href":"https:\/\/forvalour.ca\/fr\/wp-json\/wp\/v2\/media?parent=992"}],"curies":[{"name":"wp","href":"https:\/\/api.w.org\/{rel}","templated":true}]}}