{"id":996,"date":"2021-09-17T17:16:07","date_gmt":"2021-09-17T22:16:07","guid":{"rendered":"https:\/\/forvalour.ca\/?page_id=996"},"modified":"2021-09-17T17:20:11","modified_gmt":"2021-09-17T22:20:11","slug":"croix-de-laviation","status":"publish","type":"page","link":"https:\/\/forvalour.ca\/fr\/croix-de-laviation\/","title":{"rendered":"Croix de l&rsquo;Aviation"},"content":{"rendered":"\n<h4 class=\"wp-block-heading\">Origine et histoire de la Croix de l&rsquo;Aviation<\/h4>\n\n\n\n<div class=\"wp-block-image\"><figure class=\"alignleft size-full\"><img loading=\"lazy\" decoding=\"async\" width=\"140\" height=\"140\" src=\"http:\/\/forvalour.ca\/wp-content\/uploads\/2021\/09\/afc-003.jpg\" alt=\"La Croix de l'Aviation\" class=\"wp-image-862\"\/><\/figure><\/div>\n\n\n\n<p>La Croix de l&rsquo;Aviation (A.F.C.) a \u00e9t\u00e9 cr\u00e9\u00e9e par le roi George V \u00e0 l&rsquo;occasion de son anniversaire de naissance, le 3 juin 1918. Elle est d\u00e9cern\u00e9e aux officiers et aux adjudants pour un acte ou des actes de vaillance, de courage ou de d\u00e9vouement accomplis en vol, mais non au cours d&rsquo;op\u00e9rations actives contre l&rsquo;ennemi. Outre que l&rsquo;A.F.C. est d\u00e9cern\u00e9e \u00e0 des officiers et \u00e0 des adjudants de la&nbsp;Royal Air Force&nbsp;(R.A.F.), elle peut l&rsquo;\u00eatre \u00e0 des membres de la Marine ou des forces arm\u00e9es ou \u00e0 des civils qui accomplissent des actes semblables en vol.<\/p>\n\n\n\n<p>Une barrette est d\u00e9cern\u00e9e pour tout acte semblable subs\u00e9quent qui aurait valu l&rsquo;A.F.C. au militaire en question. La barrette droite d&rsquo;argent se glisse sur le ruban et est charg\u00e9e d&rsquo;un aigle en son centre. L&rsquo;ann\u00e9e o\u00f9 elle a \u00e9t\u00e9 d\u00e9cern\u00e9e est grav\u00e9e au revers.<\/p>\n\n\n\n<p>La m\u00e9daille est une croix d&rsquo;argent mesurant 1,625 pouce de largeur et affectant la forme d&rsquo;un \u00e9clair; la branche se termine par une bombe.<\/p>\n\n\n\n<p>La croix est charg\u00e9e d&rsquo;une autre croix en forme de pales d&rsquo;h\u00e9lice d&rsquo;avion; les extr\u00e9mit\u00e9s des pales sont frapp\u00e9es du chiffre royal. Pour les m\u00e9dailles d\u00e9cern\u00e9es pendant la Deuxi\u00e8me Guerre mondiale, les lettres inscrites sur les pales sont G (en haut), R (\u00e0 gauche), VI (au bas) et I (\u00e0 droite). Pour celles remises pendant la guerre de Cor\u00e9e, les lettres sont E (en haut), II (\u00e0 gauche) et R (\u00e0 droite), la pale du bas ne portant aucun chiffre. Le haut de la croix est somm\u00e9 de la couronne imp\u00e9riale.<\/p>\n\n\n\n<p>Le revers de la croix montre le chiffre royal de l&rsquo;\u00e9poque (GV, GVI, EIIR), \u00e0 l&rsquo;int\u00e9rieur d&rsquo;un cercle central, au-dessus de l&rsquo;ann\u00e9e 1918. L&rsquo;ann\u00e9e o\u00f9 la croix a \u00e9t\u00e9 d\u00e9cern\u00e9e figure sur la branche inf\u00e9rieure.<\/p>\n\n\n\n<p>Un petit cha\u00eenon fix\u00e9 au sommet de la croix s&rsquo;ins\u00e8re dans une fente entre deux branches de feuilles de laurier formant le bas d&rsquo;une agrafe droite. Le ruban mesure 1,25 pouce de largeur; il est compos\u00e9 de bandes rouges et blanches (de 0,125 po de largeur) altern\u00e9es, inclin\u00e9es de bas en haut vers la gauche, \u00e0 45 degr\u00e9s. Quand la d\u00e9coration est port\u00e9e sur la poitrine, on doit voir une bande rouge dans les coins inf\u00e9rieur gauche et sup\u00e9rieur droit du ruban. Jusqu&rsquo;en 1919, les bandes \u00e9taient horizontales.<\/p>\n\n\n\n<div class=\"wp-block-wpdatatables-wpdatatables-gutenberg-block\">\n    <h3 class=\"wpdt-c\"\n        id=\"wdt-table-title-8\">Canadiens ayant \u00e9t\u00e9 d\u00e9cor\u00e9s de la Croix de l&#039;Aviation<\/h3>\n<div class=\"wpdt-c row wpDataTableContainerSimpleTable wpDataTables wpDataTablesWrapper\n\"\n    >\n        <table id=\"wpdtSimpleTable-8\"\n           style=\"border-collapse:collapse;\n                   border-spacing:0px;\"\n           class=\"wpdtSimpleTable wpDataTable\"\n           data-column=\"5\"\n           data-rows=\"6\"\n           data-wpID=\"8\"\n           data-responsive=\"0\"\n           data-has-header=\"0\">\n\n                    <tbody>        <tr class=\"wpdt-cell-row \" >\n                                <td class=\"wpdt-cell  wpdt-empty-cell  wpdt-merged-cell \"\n                     colspan=\"1\"  rowspan=\"2\"                     data-cell-id=\"A1\"\n                    data-col-index=\"0\"\n                    data-row-index=\"0\"\n                    style=\" width:20%;                    padding:10px;\n                    \"\n                    >\n                                                            <\/td>\n                                                <td class=\"wpdt-cell  wpdt-merged-cell \"\n                     colspan=\"2\"  rowspan=\"1\"                     data-cell-id=\"B1\"\n                    data-col-index=\"1\"\n                    data-row-index=\"0\"\n                    style=\" width:40%;                    padding:10px;\n                    \"\n                    >\n                                        ARC                    <\/td>\n                                                            <td class=\"wpdt-cell  wpdt-merged-cell \"\n                     colspan=\"2\"  rowspan=\"1\"                     data-cell-id=\"D1\"\n                    data-col-index=\"3\"\n                    data-row-index=\"0\"\n                    style=\" width:40%;                    padding:10px;\n                    \"\n                    >\n                                        RAF                    <\/td>\n                                                    <\/tr>\n                            <tr class=\"wpdt-cell-row \" >\n                                            <td class=\"wpdt-cell \"\n                                            data-cell-id=\"B2\"\n                    data-col-index=\"1\"\n                    data-row-index=\"1\"\n                    style=\"                    padding:10px;\n                    \"\n                    >\n                                        M\u00e9daille                    <\/td>\n                                                <td class=\"wpdt-cell \"\n                                            data-cell-id=\"C2\"\n                    data-col-index=\"2\"\n                    data-row-index=\"1\"\n                    style=\"                    padding:10px;\n                    \"\n                    >\n                                        Barrette                    <\/td>\n                                                <td class=\"wpdt-cell \"\n                                            data-cell-id=\"D2\"\n                    data-col-index=\"3\"\n                    data-row-index=\"1\"\n                    style=\"                    padding:10px;\n                    \"\n                    >\n                                        M\u00e9daille                    <\/td>\n                                                <td class=\"wpdt-cell \"\n                                            data-cell-id=\"E2\"\n                    data-col-index=\"4\"\n                    data-row-index=\"1\"\n                    style=\"                    padding:10px;\n                    \"\n                    >\n                                        Barrette                    <\/td>\n                                        <\/tr>\n                            <tr class=\"wpdt-cell-row \" >\n                                <td class=\"wpdt-cell \"\n                                            data-cell-id=\"A3\"\n                    data-col-index=\"0\"\n                    data-row-index=\"2\"\n                    style=\"                    padding:10px;\n                    \"\n                    >\n                                        PGM                    <\/td>\n                                                <td class=\"wpdt-cell \"\n                                            data-cell-id=\"B3\"\n                    data-col-index=\"1\"\n                    data-row-index=\"2\"\n                    style=\"                    padding:10px;\n                    \"\n                    >\n                                        0                    <\/td>\n                                                <td class=\"wpdt-cell \"\n                                            data-cell-id=\"C3\"\n                    data-col-index=\"2\"\n                    data-row-index=\"2\"\n                    style=\"                    padding:10px;\n                    \"\n                    >\n                                        0                    <\/td>\n                                                <td class=\"wpdt-cell \"\n                                            data-cell-id=\"D3\"\n                    data-col-index=\"3\"\n                    data-row-index=\"2\"\n                    style=\"                    padding:10px;\n                    \"\n                    >\n                                        72                    <\/td>\n                                                <td class=\"wpdt-cell \"\n                                            data-cell-id=\"E3\"\n                    data-col-index=\"4\"\n                    data-row-index=\"2\"\n                    style=\"                    padding:10px;\n                    \"\n                    >\n                                        0                    <\/td>\n                                        <\/tr>\n                            <tr class=\"wpdt-cell-row \" >\n                                <td class=\"wpdt-cell \"\n                                            data-cell-id=\"A4\"\n                    data-col-index=\"0\"\n                    data-row-index=\"3\"\n                    style=\"                    padding:10px;\n                    \"\n                    >\n                                        DGM                    <\/td>\n                                                <td class=\"wpdt-cell \"\n                                            data-cell-id=\"B4\"\n                    data-col-index=\"1\"\n                    data-row-index=\"3\"\n                    style=\"                    padding:10px;\n                    \"\n                    >\n                                        427                    <\/td>\n                                                <td class=\"wpdt-cell \"\n                                            data-cell-id=\"C4\"\n                    data-col-index=\"2\"\n                    data-row-index=\"3\"\n                    style=\"                    padding:10px;\n                    \"\n                    >\n                                        1                    <\/td>\n                                                <td class=\"wpdt-cell \"\n                                            data-cell-id=\"D4\"\n                    data-col-index=\"3\"\n                    data-row-index=\"3\"\n                    style=\"                    padding:10px;\n                    \"\n                    >\n                                        61                    <\/td>\n                                                <td class=\"wpdt-cell \"\n                                            data-cell-id=\"E4\"\n                    data-col-index=\"4\"\n                    data-row-index=\"3\"\n                    style=\"                    padding:10px;\n                    \"\n                    >\n                                        1                    <\/td>\n                                        <\/tr>\n                            <tr class=\"wpdt-cell-row \" >\n                                <td class=\"wpdt-cell \"\n                                            data-cell-id=\"A5\"\n                    data-col-index=\"0\"\n                    data-row-index=\"4\"\n                    style=\"                    padding:10px;\n                    \"\n                    >\n                                        Cor\u00e9e                    <\/td>\n                                                <td class=\"wpdt-cell \"\n                                            data-cell-id=\"B5\"\n                    data-col-index=\"1\"\n                    data-row-index=\"4\"\n                    style=\"                    padding:10px;\n                    \"\n                    >\n                                        4                    <\/td>\n                                                <td class=\"wpdt-cell \"\n                                            data-cell-id=\"C5\"\n                    data-col-index=\"2\"\n                    data-row-index=\"4\"\n                    style=\"                    padding:10px;\n                    \"\n                    >\n                                        0                    <\/td>\n                                                <td class=\"wpdt-cell \"\n                                            data-cell-id=\"D5\"\n                    data-col-index=\"3\"\n                    data-row-index=\"4\"\n                    style=\"                    padding:10px;\n                    \"\n                    >\n                                        0                    <\/td>\n                                                <td class=\"wpdt-cell \"\n                                            data-cell-id=\"E5\"\n                    data-col-index=\"4\"\n                    data-row-index=\"4\"\n                    style=\"                    padding:10px;\n                    \"\n                    >\n                                        0                    <\/td>\n                                        <\/tr>\n                            <tr class=\"wpdt-cell-row \" >\n                                <td class=\"wpdt-cell \"\n                                            data-cell-id=\"A6\"\n                    data-col-index=\"0\"\n                    data-row-index=\"5\"\n                    style=\"                    padding:10px;\n                    \"\n                    >\n                                        Apr\u00e8s-Guerre                    <\/td>\n                                                <td class=\"wpdt-cell \"\n                                            data-cell-id=\"B6\"\n                    data-col-index=\"1\"\n                    data-row-index=\"5\"\n                    style=\"                    padding:10px;\n                    \"\n                    >\n                                        22                    <\/td>\n                                                <td class=\"wpdt-cell \"\n                                            data-cell-id=\"C6\"\n                    data-col-index=\"2\"\n                    data-row-index=\"5\"\n                    style=\"                    padding:10px;\n                    \"\n                    >\n                                        0                    <\/td>\n                                                <td class=\"wpdt-cell \"\n                                            data-cell-id=\"D6\"\n                    data-col-index=\"3\"\n                    data-row-index=\"5\"\n                    style=\"                    padding:10px;\n                    \"\n                    >\n                                        21                    <\/td>\n                                                <td class=\"wpdt-cell \"\n                                            data-cell-id=\"E6\"\n                    data-col-index=\"4\"\n                    data-row-index=\"5\"\n                    style=\"                    padding:10px;\n                    \"\n                    >\n                                        2                    <\/td>\n                                        <\/tr>\n                    <\/table>\n<\/div><style id='wpdt-custom-style-8'>\n<\/style>\n<\/div>\n","protected":false},"excerpt":{"rendered":"<p>Origine et histoire de la Croix de l&rsquo;Aviation La Croix de l&rsquo;Aviation (A.F.C.) a \u00e9t\u00e9 cr\u00e9\u00e9e par le roi George V \u00e0 l&rsquo;occasion de son anniversaire de naissance, le 3 juin 1918. Elle est d\u00e9cern\u00e9e aux officiers et aux adjudants pour un acte ou des actes de vaillance, de courage ou de d\u00e9vouement accomplis en [&hellip;]<\/p>\n","protected":false},"author":1,"featured_media":0,"parent":0,"menu_order":0,"comment_status":"closed","ping_status":"closed","template":"","meta":{"_acf_changed":false,"footnotes":""},"class_list":["post-996","page","type-page","status-publish","hentry"],"acf":[],"yoast_head":"<!-- This site is optimized with the Yoast SEO plugin v27.3 - https:\/\/yoast.com\/product\/yoast-seo-wordpress\/ -->\n<title>Croix de l&#039;Aviation - Pour Bravoure - aviateurs canadiens et la Croix de Victoria<\/title>\n<meta name=\"robots\" content=\"index, follow, max-snippet:-1, max-image-preview:large, max-video-preview:-1\" \/>\n<link rel=\"canonical\" href=\"https:\/\/forvalour.ca\/fr\/croix-de-laviation\/\" \/>\n<meta property=\"og:locale\" content=\"fr_FR\" \/>\n<meta property=\"og:type\" content=\"article\" \/>\n<meta property=\"og:title\" content=\"Croix de l&#039;Aviation - Pour Bravoure - aviateurs canadiens et la Croix de Victoria\" \/>\n<meta property=\"og:description\" content=\"Origine et histoire de la Croix de l&rsquo;Aviation La Croix de l&rsquo;Aviation (A.F.C.) a \u00e9t\u00e9 cr\u00e9\u00e9e par le roi George V \u00e0 l&rsquo;occasion de son anniversaire de naissance, le 3 juin 1918. Elle est d\u00e9cern\u00e9e aux officiers et aux adjudants pour un acte ou des actes de vaillance, de courage ou de d\u00e9vouement accomplis en [&hellip;]\" \/>\n<meta property=\"og:url\" content=\"https:\/\/forvalour.ca\/fr\/croix-de-laviation\/\" \/>\n<meta property=\"og:site_name\" content=\"Pour Bravoure - aviateurs canadiens et la Croix de Victoria\" \/>\n<meta property=\"article:modified_time\" content=\"2021-09-17T22:20:11+00:00\" \/>\n<meta property=\"og:image\" content=\"http:\/\/forvalour.ca\/wp-content\/uploads\/2021\/09\/afc-003.jpg\" \/>\n<meta name=\"twitter:card\" content=\"summary_large_image\" \/>\n<meta name=\"twitter:label1\" content=\"Dur\u00e9e de lecture estim\u00e9e\" \/>\n\t<meta name=\"twitter:data1\" content=\"2 minutes\" \/>\n<script type=\"application\/ld+json\" class=\"yoast-schema-graph\">{\"@context\":\"https:\\\/\\\/schema.org\",\"@graph\":[{\"@type\":\"WebPage\",\"@id\":\"https:\\\/\\\/forvalour.ca\\\/fr\\\/croix-de-laviation\\\/\",\"url\":\"https:\\\/\\\/forvalour.ca\\\/fr\\\/croix-de-laviation\\\/\",\"name\":\"Croix de l'Aviation - Pour Bravoure - aviateurs canadiens et la Croix de Victoria\",\"isPartOf\":{\"@id\":\"https:\\\/\\\/forvalour.ca\\\/fr\\\/#website\"},\"primaryImageOfPage\":{\"@id\":\"https:\\\/\\\/forvalour.ca\\\/fr\\\/croix-de-laviation\\\/#primaryimage\"},\"image\":{\"@id\":\"https:\\\/\\\/forvalour.ca\\\/fr\\\/croix-de-laviation\\\/#primaryimage\"},\"thumbnailUrl\":\"http:\\\/\\\/forvalour.ca\\\/wp-content\\\/uploads\\\/2021\\\/09\\\/afc-003.jpg\",\"datePublished\":\"2021-09-17T22:16:07+00:00\",\"dateModified\":\"2021-09-17T22:20:11+00:00\",\"breadcrumb\":{\"@id\":\"https:\\\/\\\/forvalour.ca\\\/fr\\\/croix-de-laviation\\\/#breadcrumb\"},\"inLanguage\":\"fr-FR\",\"potentialAction\":[{\"@type\":\"ReadAction\",\"target\":[\"https:\\\/\\\/forvalour.ca\\\/fr\\\/croix-de-laviation\\\/\"]}]},{\"@type\":\"ImageObject\",\"inLanguage\":\"fr-FR\",\"@id\":\"https:\\\/\\\/forvalour.ca\\\/fr\\\/croix-de-laviation\\\/#primaryimage\",\"url\":\"http:\\\/\\\/forvalour.ca\\\/wp-content\\\/uploads\\\/2021\\\/09\\\/afc-003.jpg\",\"contentUrl\":\"http:\\\/\\\/forvalour.ca\\\/wp-content\\\/uploads\\\/2021\\\/09\\\/afc-003.jpg\"},{\"@type\":\"BreadcrumbList\",\"@id\":\"https:\\\/\\\/forvalour.ca\\\/fr\\\/croix-de-laviation\\\/#breadcrumb\",\"itemListElement\":[{\"@type\":\"ListItem\",\"position\":1,\"name\":\"Home\",\"item\":\"https:\\\/\\\/forvalour.ca\\\/fr\\\/\"},{\"@type\":\"ListItem\",\"position\":2,\"name\":\"Croix de l&rsquo;Aviation\"}]},{\"@type\":\"WebSite\",\"@id\":\"https:\\\/\\\/forvalour.ca\\\/fr\\\/#website\",\"url\":\"https:\\\/\\\/forvalour.ca\\\/fr\\\/\",\"name\":\"For Valour\",\"description\":\"Canadian Airmen and the Victoria Cross\",\"publisher\":{\"@id\":\"https:\\\/\\\/forvalour.ca\\\/fr\\\/#organization\"},\"potentialAction\":[{\"@type\":\"SearchAction\",\"target\":{\"@type\":\"EntryPoint\",\"urlTemplate\":\"https:\\\/\\\/forvalour.ca\\\/fr\\\/?s={search_term_string}\"},\"query-input\":{\"@type\":\"PropertyValueSpecification\",\"valueRequired\":true,\"valueName\":\"search_term_string\"}}],\"inLanguage\":\"fr-FR\"},{\"@type\":\"Organization\",\"@id\":\"https:\\\/\\\/forvalour.ca\\\/fr\\\/#organization\",\"name\":\"For Valour\",\"url\":\"https:\\\/\\\/forvalour.ca\\\/fr\\\/\",\"logo\":{\"@type\":\"ImageObject\",\"inLanguage\":\"fr-FR\",\"@id\":\"https:\\\/\\\/forvalour.ca\\\/fr\\\/#\\\/schema\\\/logo\\\/image\\\/\",\"url\":\"https:\\\/\\\/forvalour.ca\\\/wp-content\\\/uploads\\\/2021\\\/09\\\/cropped-for-valour-medal-new.png\",\"contentUrl\":\"https:\\\/\\\/forvalour.ca\\\/wp-content\\\/uploads\\\/2021\\\/09\\\/cropped-for-valour-medal-new.png\",\"width\":512,\"height\":512,\"caption\":\"For Valour\"},\"image\":{\"@id\":\"https:\\\/\\\/forvalour.ca\\\/fr\\\/#\\\/schema\\\/logo\\\/image\\\/\"},\"sameAs\":[\"https:\\\/\\\/www.youtube.com\\\/channel\\\/UCRYVbXOUahuy0lj2UCo1Cag\"]}]}<\/script>\n<!-- \/ Yoast SEO plugin. -->","yoast_head_json":{"title":"Croix de l'Aviation - Pour Bravoure - aviateurs canadiens et la Croix de Victoria","robots":{"index":"index","follow":"follow","max-snippet":"max-snippet:-1","max-image-preview":"max-image-preview:large","max-video-preview":"max-video-preview:-1"},"canonical":"https:\/\/forvalour.ca\/fr\/croix-de-laviation\/","og_locale":"fr_FR","og_type":"article","og_title":"Croix de l'Aviation - Pour Bravoure - aviateurs canadiens et la Croix de Victoria","og_description":"Origine et histoire de la Croix de l&rsquo;Aviation La Croix de l&rsquo;Aviation (A.F.C.) a \u00e9t\u00e9 cr\u00e9\u00e9e par le roi George V \u00e0 l&rsquo;occasion de son anniversaire de naissance, le 3 juin 1918. Elle est d\u00e9cern\u00e9e aux officiers et aux adjudants pour un acte ou des actes de vaillance, de courage ou de d\u00e9vouement accomplis en [&hellip;]","og_url":"https:\/\/forvalour.ca\/fr\/croix-de-laviation\/","og_site_name":"Pour Bravoure - aviateurs canadiens et la Croix de Victoria","article_modified_time":"2021-09-17T22:20:11+00:00","og_image":[{"url":"http:\/\/forvalour.ca\/wp-content\/uploads\/2021\/09\/afc-003.jpg","type":"","width":"","height":""}],"twitter_card":"summary_large_image","twitter_misc":{"Dur\u00e9e de lecture estim\u00e9e":"2 minutes"},"schema":{"@context":"https:\/\/schema.org","@graph":[{"@type":"WebPage","@id":"https:\/\/forvalour.ca\/fr\/croix-de-laviation\/","url":"https:\/\/forvalour.ca\/fr\/croix-de-laviation\/","name":"Croix de l'Aviation - Pour Bravoure - aviateurs canadiens et la Croix de Victoria","isPartOf":{"@id":"https:\/\/forvalour.ca\/fr\/#website"},"primaryImageOfPage":{"@id":"https:\/\/forvalour.ca\/fr\/croix-de-laviation\/#primaryimage"},"image":{"@id":"https:\/\/forvalour.ca\/fr\/croix-de-laviation\/#primaryimage"},"thumbnailUrl":"http:\/\/forvalour.ca\/wp-content\/uploads\/2021\/09\/afc-003.jpg","datePublished":"2021-09-17T22:16:07+00:00","dateModified":"2021-09-17T22:20:11+00:00","breadcrumb":{"@id":"https:\/\/forvalour.ca\/fr\/croix-de-laviation\/#breadcrumb"},"inLanguage":"fr-FR","potentialAction":[{"@type":"ReadAction","target":["https:\/\/forvalour.ca\/fr\/croix-de-laviation\/"]}]},{"@type":"ImageObject","inLanguage":"fr-FR","@id":"https:\/\/forvalour.ca\/fr\/croix-de-laviation\/#primaryimage","url":"http:\/\/forvalour.ca\/wp-content\/uploads\/2021\/09\/afc-003.jpg","contentUrl":"http:\/\/forvalour.ca\/wp-content\/uploads\/2021\/09\/afc-003.jpg"},{"@type":"BreadcrumbList","@id":"https:\/\/forvalour.ca\/fr\/croix-de-laviation\/#breadcrumb","itemListElement":[{"@type":"ListItem","position":1,"name":"Home","item":"https:\/\/forvalour.ca\/fr\/"},{"@type":"ListItem","position":2,"name":"Croix de l&rsquo;Aviation"}]},{"@type":"WebSite","@id":"https:\/\/forvalour.ca\/fr\/#website","url":"https:\/\/forvalour.ca\/fr\/","name":"For Valour","description":"Canadian Airmen and the Victoria Cross","publisher":{"@id":"https:\/\/forvalour.ca\/fr\/#organization"},"potentialAction":[{"@type":"SearchAction","target":{"@type":"EntryPoint","urlTemplate":"https:\/\/forvalour.ca\/fr\/?s={search_term_string}"},"query-input":{"@type":"PropertyValueSpecification","valueRequired":true,"valueName":"search_term_string"}}],"inLanguage":"fr-FR"},{"@type":"Organization","@id":"https:\/\/forvalour.ca\/fr\/#organization","name":"For Valour","url":"https:\/\/forvalour.ca\/fr\/","logo":{"@type":"ImageObject","inLanguage":"fr-FR","@id":"https:\/\/forvalour.ca\/fr\/#\/schema\/logo\/image\/","url":"https:\/\/forvalour.ca\/wp-content\/uploads\/2021\/09\/cropped-for-valour-medal-new.png","contentUrl":"https:\/\/forvalour.ca\/wp-content\/uploads\/2021\/09\/cropped-for-valour-medal-new.png","width":512,"height":512,"caption":"For Valour"},"image":{"@id":"https:\/\/forvalour.ca\/fr\/#\/schema\/logo\/image\/"},"sameAs":["https:\/\/www.youtube.com\/channel\/UCRYVbXOUahuy0lj2UCo1Cag"]}]}},"_links":{"self":[{"href":"https:\/\/forvalour.ca\/fr\/wp-json\/wp\/v2\/pages\/996","targetHints":{"allow":["GET"]}}],"collection":[{"href":"https:\/\/forvalour.ca\/fr\/wp-json\/wp\/v2\/pages"}],"about":[{"href":"https:\/\/forvalour.ca\/fr\/wp-json\/wp\/v2\/types\/page"}],"author":[{"embeddable":true,"href":"https:\/\/forvalour.ca\/fr\/wp-json\/wp\/v2\/users\/1"}],"replies":[{"embeddable":true,"href":"https:\/\/forvalour.ca\/fr\/wp-json\/wp\/v2\/comments?post=996"}],"version-history":[{"count":2,"href":"https:\/\/forvalour.ca\/fr\/wp-json\/wp\/v2\/pages\/996\/revisions"}],"predecessor-version":[{"id":1000,"href":"https:\/\/forvalour.ca\/fr\/wp-json\/wp\/v2\/pages\/996\/revisions\/1000"}],"wp:attachment":[{"href":"https:\/\/forvalour.ca\/fr\/wp-json\/wp\/v2\/media?parent=996"}],"curies":[{"name":"wp","href":"https:\/\/api.w.org\/{rel}","templated":true}]}}