{"id":998,"date":"2021-09-17T17:19:47","date_gmt":"2021-09-17T22:19:47","guid":{"rendered":"https:\/\/forvalour.ca\/?page_id=998"},"modified":"2021-09-17T17:19:48","modified_gmt":"2021-09-17T22:19:48","slug":"ordre-du-service-distingue","status":"publish","type":"page","link":"https:\/\/forvalour.ca\/fr\/ordre-du-service-distingue\/","title":{"rendered":"Ordre du service distingu\u00e9"},"content":{"rendered":"\n<h4 class=\"wp-block-heading\">Origine et histoire de l&rsquo;Ordre du service distingu\u00e9<\/h4>\n\n\n\n<div class=\"wp-block-image\"><figure class=\"alignleft size-full\"><img loading=\"lazy\" decoding=\"async\" width=\"140\" height=\"140\" src=\"http:\/\/forvalour.ca\/wp-content\/uploads\/2021\/09\/dso-004.jpg\" alt=\"L'Ordre du service distingu\u00e9\" class=\"wp-image-864\"\/><\/figure><\/div>\n\n\n\n<p>L&rsquo;Ordre du service distingu\u00e9 (D.S.O.) a \u00e9t\u00e9 fond\u00e9 par la reine Victoria en 1886. Il a \u00e9t\u00e9 cr\u00e9\u00e9 pour r\u00e9compenser des actes individuels de courage ou des services distingu\u00e9s rendus en temps de guerre. La d\u00e9coration \u00e9tait r\u00e9serv\u00e9e aux officiers et elle \u00e9tait normalement d\u00e9cern\u00e9e pour des services rendus en situation de combat ou dans des circonstances \u00e9quivalentes, face \u00e0 l&rsquo;ennemi. Cependant, entre 1914 et 1916, le D.S.O. a \u00e9t\u00e9 d\u00e9cern\u00e9 dans des circonstances que l&rsquo;on ne pouvait assimiler au combat. Par cons\u00e9quent, apr\u00e8s le 1er janvier 1917, les commandants sur le terrain ont re\u00e7u l&rsquo;ordre de ne recommander cette distinction que pour les officiers servant au combat.<\/p>\n\n\n\n<p>Avant 1943, l&rsquo;Ordre ne pouvait \u00eatre remis qu&rsquo;aux officiers cit\u00e9s \u00e0 l&rsquo;ordre du jour et, en g\u00e9n\u00e9ral, qu&rsquo;\u00e0 des officiers commandants qui d\u00e9tenaient au moins le grade de lieutenant-colonel. Il a aussi \u00e9t\u00e9 d\u00e9cern\u00e9 \u00e0 des officiers d&rsquo;un grade inf\u00e9rieur qui avaient manifest\u00e9 une bravoure exceptionnelle, sans pour autant m\u00e9riter la Croix de Victoria.<\/p>\n\n\n\n<p>Une barrette unie en or est d\u00e9cern\u00e9e pour un acte subs\u00e9quent qui aurait justifi\u00e9 l&rsquo;attribution de l&rsquo;Ordre. Elle porte en son centre une couronne imp\u00e9riale, et l&rsquo;ann\u00e9e o\u00f9 l&rsquo;officier l&rsquo;a m\u00e9rit\u00e9e est grav\u00e9e au revers.<\/p>\n\n\n\n<p>La d\u00e9coration est une croix d&rsquo;or patt\u00e9e arrondie, \u00e9maill\u00e9e blanc et bord\u00e9e d&rsquo;or. L&rsquo;avers montre une couronne imp\u00e9riale en or sur fond rouge. La couronne est au centre, \u00e0 l&rsquo;int\u00e9rieur d&rsquo;une couronne de feuilles de laurier en \u00e9mail vert. Le revers de la croix contient le chiffre royal en or sur fond \u00e9maill\u00e9 rouge. Le chiffre est plac\u00e9 dans une couronne de feuilles de laurier en \u00e9mail vert.<\/p>\n\n\n\n<p>Un anneau fix\u00e9 au sommet de la m\u00e9daille est rattach\u00e9 \u00e0 un autre anneau assujetti au bas d&rsquo;une barrette d&rsquo;or orn\u00e9e de feuilles de laurier. Le haut du ruban est fix\u00e9 \u00e0 une deuxi\u00e8me barrette d&rsquo;or orn\u00e9e de feuilles de laurier. Le ruban rouge mesure 1,125 pouce de largeur et est bord\u00e9 de deux \u00e9troites bandes bleues. Quand le militaire est en petite tenue, la barrette est repr\u00e9sent\u00e9e par une rosette sur le ruban.<\/p>\n\n\n\n<p>En tout, 1 220 m\u00e9dailles de l&rsquo;Ordre du service distingu\u00e9 ont \u00e9t\u00e9 d\u00e9cern\u00e9es \u00e0 des Canadiens, en plus de 119 premi\u00e8res barrettes et de 20 deuxi\u00e8mes barrettes.<\/p>\n","protected":false},"excerpt":{"rendered":"<p>Origine et histoire de l&rsquo;Ordre du service distingu\u00e9 L&rsquo;Ordre du service distingu\u00e9 (D.S.O.) a \u00e9t\u00e9 fond\u00e9 par la reine Victoria en 1886. Il a \u00e9t\u00e9 cr\u00e9\u00e9 pour r\u00e9compenser des actes individuels de courage ou des services distingu\u00e9s rendus en temps de guerre. La d\u00e9coration \u00e9tait r\u00e9serv\u00e9e aux officiers et elle \u00e9tait normalement d\u00e9cern\u00e9e pour des [&hellip;]<\/p>\n","protected":false},"author":1,"featured_media":0,"parent":0,"menu_order":0,"comment_status":"closed","ping_status":"closed","template":"","meta":{"_acf_changed":false,"footnotes":""},"class_list":["post-998","page","type-page","status-publish","hentry"],"acf":[],"yoast_head":"<!-- This site is optimized with the Yoast SEO plugin v27.3 - https:\/\/yoast.com\/product\/yoast-seo-wordpress\/ -->\n<title>Ordre du service distingu\u00e9 - Pour Bravoure - aviateurs canadiens et la Croix de Victoria<\/title>\n<meta name=\"robots\" content=\"index, follow, max-snippet:-1, max-image-preview:large, max-video-preview:-1\" \/>\n<link rel=\"canonical\" href=\"https:\/\/forvalour.ca\/fr\/ordre-du-service-distingue\/\" \/>\n<meta property=\"og:locale\" content=\"fr_FR\" \/>\n<meta property=\"og:type\" content=\"article\" \/>\n<meta property=\"og:title\" content=\"Ordre du service distingu\u00e9 - Pour Bravoure - aviateurs canadiens et la Croix de Victoria\" \/>\n<meta property=\"og:description\" content=\"Origine et histoire de l&rsquo;Ordre du service distingu\u00e9 L&rsquo;Ordre du service distingu\u00e9 (D.S.O.) a \u00e9t\u00e9 fond\u00e9 par la reine Victoria en 1886. Il a \u00e9t\u00e9 cr\u00e9\u00e9 pour r\u00e9compenser des actes individuels de courage ou des services distingu\u00e9s rendus en temps de guerre. La d\u00e9coration \u00e9tait r\u00e9serv\u00e9e aux officiers et elle \u00e9tait normalement d\u00e9cern\u00e9e pour des [&hellip;]\" \/>\n<meta property=\"og:url\" content=\"https:\/\/forvalour.ca\/fr\/ordre-du-service-distingue\/\" \/>\n<meta property=\"og:site_name\" content=\"Pour Bravoure - aviateurs canadiens et la Croix de Victoria\" \/>\n<meta property=\"article:modified_time\" content=\"2021-09-17T22:19:48+00:00\" \/>\n<meta property=\"og:image\" content=\"http:\/\/forvalour.ca\/wp-content\/uploads\/2021\/09\/dso-004.jpg\" \/>\n<meta name=\"twitter:card\" content=\"summary_large_image\" \/>\n<meta name=\"twitter:label1\" content=\"Dur\u00e9e de lecture estim\u00e9e\" \/>\n\t<meta name=\"twitter:data1\" content=\"2 minutes\" \/>\n<script type=\"application\/ld+json\" class=\"yoast-schema-graph\">{\"@context\":\"https:\\\/\\\/schema.org\",\"@graph\":[{\"@type\":\"WebPage\",\"@id\":\"https:\\\/\\\/forvalour.ca\\\/fr\\\/ordre-du-service-distingue\\\/\",\"url\":\"https:\\\/\\\/forvalour.ca\\\/fr\\\/ordre-du-service-distingue\\\/\",\"name\":\"Ordre du service distingu\u00e9 - Pour Bravoure - aviateurs canadiens et la Croix de Victoria\",\"isPartOf\":{\"@id\":\"https:\\\/\\\/forvalour.ca\\\/fr\\\/#website\"},\"primaryImageOfPage\":{\"@id\":\"https:\\\/\\\/forvalour.ca\\\/fr\\\/ordre-du-service-distingue\\\/#primaryimage\"},\"image\":{\"@id\":\"https:\\\/\\\/forvalour.ca\\\/fr\\\/ordre-du-service-distingue\\\/#primaryimage\"},\"thumbnailUrl\":\"http:\\\/\\\/forvalour.ca\\\/wp-content\\\/uploads\\\/2021\\\/09\\\/dso-004.jpg\",\"datePublished\":\"2021-09-17T22:19:47+00:00\",\"dateModified\":\"2021-09-17T22:19:48+00:00\",\"breadcrumb\":{\"@id\":\"https:\\\/\\\/forvalour.ca\\\/fr\\\/ordre-du-service-distingue\\\/#breadcrumb\"},\"inLanguage\":\"fr-FR\",\"potentialAction\":[{\"@type\":\"ReadAction\",\"target\":[\"https:\\\/\\\/forvalour.ca\\\/fr\\\/ordre-du-service-distingue\\\/\"]}]},{\"@type\":\"ImageObject\",\"inLanguage\":\"fr-FR\",\"@id\":\"https:\\\/\\\/forvalour.ca\\\/fr\\\/ordre-du-service-distingue\\\/#primaryimage\",\"url\":\"http:\\\/\\\/forvalour.ca\\\/wp-content\\\/uploads\\\/2021\\\/09\\\/dso-004.jpg\",\"contentUrl\":\"http:\\\/\\\/forvalour.ca\\\/wp-content\\\/uploads\\\/2021\\\/09\\\/dso-004.jpg\"},{\"@type\":\"BreadcrumbList\",\"@id\":\"https:\\\/\\\/forvalour.ca\\\/fr\\\/ordre-du-service-distingue\\\/#breadcrumb\",\"itemListElement\":[{\"@type\":\"ListItem\",\"position\":1,\"name\":\"Home\",\"item\":\"https:\\\/\\\/forvalour.ca\\\/fr\\\/\"},{\"@type\":\"ListItem\",\"position\":2,\"name\":\"Ordre du service distingu\u00e9\"}]},{\"@type\":\"WebSite\",\"@id\":\"https:\\\/\\\/forvalour.ca\\\/fr\\\/#website\",\"url\":\"https:\\\/\\\/forvalour.ca\\\/fr\\\/\",\"name\":\"For Valour\",\"description\":\"Canadian Airmen and the Victoria Cross\",\"publisher\":{\"@id\":\"https:\\\/\\\/forvalour.ca\\\/fr\\\/#organization\"},\"potentialAction\":[{\"@type\":\"SearchAction\",\"target\":{\"@type\":\"EntryPoint\",\"urlTemplate\":\"https:\\\/\\\/forvalour.ca\\\/fr\\\/?s={search_term_string}\"},\"query-input\":{\"@type\":\"PropertyValueSpecification\",\"valueRequired\":true,\"valueName\":\"search_term_string\"}}],\"inLanguage\":\"fr-FR\"},{\"@type\":\"Organization\",\"@id\":\"https:\\\/\\\/forvalour.ca\\\/fr\\\/#organization\",\"name\":\"For Valour\",\"url\":\"https:\\\/\\\/forvalour.ca\\\/fr\\\/\",\"logo\":{\"@type\":\"ImageObject\",\"inLanguage\":\"fr-FR\",\"@id\":\"https:\\\/\\\/forvalour.ca\\\/fr\\\/#\\\/schema\\\/logo\\\/image\\\/\",\"url\":\"https:\\\/\\\/forvalour.ca\\\/wp-content\\\/uploads\\\/2021\\\/09\\\/cropped-for-valour-medal-new.png\",\"contentUrl\":\"https:\\\/\\\/forvalour.ca\\\/wp-content\\\/uploads\\\/2021\\\/09\\\/cropped-for-valour-medal-new.png\",\"width\":512,\"height\":512,\"caption\":\"For Valour\"},\"image\":{\"@id\":\"https:\\\/\\\/forvalour.ca\\\/fr\\\/#\\\/schema\\\/logo\\\/image\\\/\"},\"sameAs\":[\"https:\\\/\\\/www.youtube.com\\\/channel\\\/UCRYVbXOUahuy0lj2UCo1Cag\"]}]}<\/script>\n<!-- \/ Yoast SEO plugin. -->","yoast_head_json":{"title":"Ordre du service distingu\u00e9 - Pour Bravoure - aviateurs canadiens et la Croix de Victoria","robots":{"index":"index","follow":"follow","max-snippet":"max-snippet:-1","max-image-preview":"max-image-preview:large","max-video-preview":"max-video-preview:-1"},"canonical":"https:\/\/forvalour.ca\/fr\/ordre-du-service-distingue\/","og_locale":"fr_FR","og_type":"article","og_title":"Ordre du service distingu\u00e9 - Pour Bravoure - aviateurs canadiens et la Croix de Victoria","og_description":"Origine et histoire de l&rsquo;Ordre du service distingu\u00e9 L&rsquo;Ordre du service distingu\u00e9 (D.S.O.) a \u00e9t\u00e9 fond\u00e9 par la reine Victoria en 1886. Il a \u00e9t\u00e9 cr\u00e9\u00e9 pour r\u00e9compenser des actes individuels de courage ou des services distingu\u00e9s rendus en temps de guerre. La d\u00e9coration \u00e9tait r\u00e9serv\u00e9e aux officiers et elle \u00e9tait normalement d\u00e9cern\u00e9e pour des [&hellip;]","og_url":"https:\/\/forvalour.ca\/fr\/ordre-du-service-distingue\/","og_site_name":"Pour Bravoure - aviateurs canadiens et la Croix de Victoria","article_modified_time":"2021-09-17T22:19:48+00:00","og_image":[{"url":"http:\/\/forvalour.ca\/wp-content\/uploads\/2021\/09\/dso-004.jpg","type":"","width":"","height":""}],"twitter_card":"summary_large_image","twitter_misc":{"Dur\u00e9e de lecture estim\u00e9e":"2 minutes"},"schema":{"@context":"https:\/\/schema.org","@graph":[{"@type":"WebPage","@id":"https:\/\/forvalour.ca\/fr\/ordre-du-service-distingue\/","url":"https:\/\/forvalour.ca\/fr\/ordre-du-service-distingue\/","name":"Ordre du service distingu\u00e9 - Pour Bravoure - aviateurs canadiens et la Croix de Victoria","isPartOf":{"@id":"https:\/\/forvalour.ca\/fr\/#website"},"primaryImageOfPage":{"@id":"https:\/\/forvalour.ca\/fr\/ordre-du-service-distingue\/#primaryimage"},"image":{"@id":"https:\/\/forvalour.ca\/fr\/ordre-du-service-distingue\/#primaryimage"},"thumbnailUrl":"http:\/\/forvalour.ca\/wp-content\/uploads\/2021\/09\/dso-004.jpg","datePublished":"2021-09-17T22:19:47+00:00","dateModified":"2021-09-17T22:19:48+00:00","breadcrumb":{"@id":"https:\/\/forvalour.ca\/fr\/ordre-du-service-distingue\/#breadcrumb"},"inLanguage":"fr-FR","potentialAction":[{"@type":"ReadAction","target":["https:\/\/forvalour.ca\/fr\/ordre-du-service-distingue\/"]}]},{"@type":"ImageObject","inLanguage":"fr-FR","@id":"https:\/\/forvalour.ca\/fr\/ordre-du-service-distingue\/#primaryimage","url":"http:\/\/forvalour.ca\/wp-content\/uploads\/2021\/09\/dso-004.jpg","contentUrl":"http:\/\/forvalour.ca\/wp-content\/uploads\/2021\/09\/dso-004.jpg"},{"@type":"BreadcrumbList","@id":"https:\/\/forvalour.ca\/fr\/ordre-du-service-distingue\/#breadcrumb","itemListElement":[{"@type":"ListItem","position":1,"name":"Home","item":"https:\/\/forvalour.ca\/fr\/"},{"@type":"ListItem","position":2,"name":"Ordre du service distingu\u00e9"}]},{"@type":"WebSite","@id":"https:\/\/forvalour.ca\/fr\/#website","url":"https:\/\/forvalour.ca\/fr\/","name":"For Valour","description":"Canadian Airmen and the Victoria Cross","publisher":{"@id":"https:\/\/forvalour.ca\/fr\/#organization"},"potentialAction":[{"@type":"SearchAction","target":{"@type":"EntryPoint","urlTemplate":"https:\/\/forvalour.ca\/fr\/?s={search_term_string}"},"query-input":{"@type":"PropertyValueSpecification","valueRequired":true,"valueName":"search_term_string"}}],"inLanguage":"fr-FR"},{"@type":"Organization","@id":"https:\/\/forvalour.ca\/fr\/#organization","name":"For Valour","url":"https:\/\/forvalour.ca\/fr\/","logo":{"@type":"ImageObject","inLanguage":"fr-FR","@id":"https:\/\/forvalour.ca\/fr\/#\/schema\/logo\/image\/","url":"https:\/\/forvalour.ca\/wp-content\/uploads\/2021\/09\/cropped-for-valour-medal-new.png","contentUrl":"https:\/\/forvalour.ca\/wp-content\/uploads\/2021\/09\/cropped-for-valour-medal-new.png","width":512,"height":512,"caption":"For Valour"},"image":{"@id":"https:\/\/forvalour.ca\/fr\/#\/schema\/logo\/image\/"},"sameAs":["https:\/\/www.youtube.com\/channel\/UCRYVbXOUahuy0lj2UCo1Cag"]}]}},"_links":{"self":[{"href":"https:\/\/forvalour.ca\/fr\/wp-json\/wp\/v2\/pages\/998","targetHints":{"allow":["GET"]}}],"collection":[{"href":"https:\/\/forvalour.ca\/fr\/wp-json\/wp\/v2\/pages"}],"about":[{"href":"https:\/\/forvalour.ca\/fr\/wp-json\/wp\/v2\/types\/page"}],"author":[{"embeddable":true,"href":"https:\/\/forvalour.ca\/fr\/wp-json\/wp\/v2\/users\/1"}],"replies":[{"embeddable":true,"href":"https:\/\/forvalour.ca\/fr\/wp-json\/wp\/v2\/comments?post=998"}],"version-history":[{"count":1,"href":"https:\/\/forvalour.ca\/fr\/wp-json\/wp\/v2\/pages\/998\/revisions"}],"predecessor-version":[{"id":999,"href":"https:\/\/forvalour.ca\/fr\/wp-json\/wp\/v2\/pages\/998\/revisions\/999"}],"wp:attachment":[{"href":"https:\/\/forvalour.ca\/fr\/wp-json\/wp\/v2\/media?parent=998"}],"curies":[{"name":"wp","href":"https:\/\/api.w.org\/{rel}","templated":true}]}}